{"id":5160602,"date":"2025-09-14T17:25:30","date_gmt":"2025-09-14T15:25:30","guid":{"rendered":"https:\/\/www.dramfolks-whisky-auction.com\/?post_type=product&#038;p=5160602"},"modified":"2025-10-05T19:15:48","modified_gmt":"2025-10-05T17:15:48","slug":"glenrothes-select-reserve-2017-berry-bros-rudd-3","status":"publish","type":"product","link":"https:\/\/www.dramfolks-whisky-auction.com\/en\/product\/glenrothes-select-reserve-2017-berry-bros-rudd-3\/","title":{"rendered":"Glenrothes &#8211; Select Reserve 2017 (Berry Bros. &#038; Rudd)"},"content":{"rendered":"<p><strong>Destille: Glenrothes<br \/>\n<\/strong>Die Glenrothes Distillery liegt in Rothes im Herzen der Speyside. Sie kann auf eine turbulente Geschichte zur\u00fcckblicken. Glenrothes wurde von einigen Feuern heimgesucht und brannte einmal auch ganz ab, doch die <span class=\"tx-datamintslossaryextension-no-replacement\">Brennerei<\/span> stieg sprichw\u00f6rtlich wie der Ph\u00f6nix aus der Asche wieder empor und ist heute wieder dick im Whiskygesch\u00e4ft. 1999 kaufte die Edrington Group Highland Distillers inklusive Glenrothes. 2010 verkauften sie die Rechte an der Whiskymarke an Berry Bros &amp; Rudd. Die j\u00e4hrliche <span class=\"tx-datamintslossaryextension-no-replacement\">Produktionsmenge liegt bei<\/span> 5,6 Mio. Liter.<\/p>\n<p><strong>Fun Fakt: <\/strong>Zum ersten Mal wurde bei Glenrothes am 28. Dezember 1879 gebrannt. Das k\u00f6nnte ein schlechtes Omen gewesen sein, denn am selben Tag st\u00fcrzte die Tay Bridge in Dundee ein.<\/p>\n<p><strong>Whisky\/Whiskey: Select Reserve 2017 (Berry Bros. &amp; Rudd)<br \/>\n<\/strong><span data-v-46783aec=\"\" data-v-162be419=\"\">Mehr als zehn Jahre lang wurden bei Glenrothes ausschlie\u00dflich Jahrgangswhiskies hergestellt. Es bestand jedoch die Nachfrage nach einem \u201eStandard\u201c, der den Destillerie-Stil verk\u00f6rpert. Aus diesem Grund wurde der Select Reserve geschaffen. Malt Master John Ramsey w\u00e4hlt sorgf\u00e4ltig verschiedene F\u00e4sser aus verschiedenen Jahrg\u00e4ngen aus, um den Select Reserve zu komponieren und den einzigartigen Destillerie-Charakter herauszuarbeiten. Er stellt damit das Herz und die Essenz des Glenrothes dar.The Glenrothes Select Reserve wird auf dem gleichen Qualit\u00e4tsniveau produziert wie der Vintage Glenrothes. Dieser Glenrothes ist voller reifer Fr\u00fcchte, Zitrus, Vanille und Hinweisen auf verschiedene Kr\u00e4uter.<\/span><\/p>\n<p><strong>Sidenote zum Abf\u00fcller:<\/strong> Bereits 1698 gegr\u00fcndet, blickt Berry Bros. &amp; Rudd auf eine erstaunliche Firmengeschichte zur\u00fcck. Die Londoner Institution steht f\u00fcr mehr als 300 Jahre Expertise auf dem Gebiet der Premium-Spirituosen und ist Lieferant des britischen K\u00f6nigshauses. Sie hat ihren Sitz in der No. 3 St James\u2019s Street in London, unweit des Buckingham Palace. Berry Bros. &amp; Rudd ist in der Whiskywelt f\u00fcr die hochkar\u00e4tigen Einzelfassabf\u00fcllungen bekannt.<\/p>\n<div class=\"description-long\"><strong>Info Qualit\u00e4t der Flasche:<\/strong> Exzellent &#8211; ohne Besch\u00e4digungen \/ <strong>F\u00fcllstand: <\/strong>Upper mid shoulder<br \/>\n<strong>Info Qualit\u00e4t der Box: <\/strong>Exzellent &#8211; ohne Besch\u00e4digungen<\/div>\n<p><strong>Wichtiger Hinweis:<\/strong> Die Bewertung der Flaschen und Boxen erfolgt nach \u201ebesten Wissen und Gewissen\u201c. dramfolks kann keine Gew\u00e4hrleistung f\u00fcr den Inhalt der Flaschen \u00fcbernehmen. Weitere Infos &amp; Hinweise finden Sie in unseren AGBs. Wir empfehlen Ihnen, vor der Abgabe von Geboten \u00fcber die Zoomfunktion eine Besichtigung \/ genaue Pr\u00fcfung des angebotenen Whiskys vorzunehmen. Bitte kontaktieren sie uns bei Fragen direkt unter info@dramfolks.com<\/p>\n","protected":false},"excerpt":{"rendered":"<p>Destille: Glenrothes Die Glenrothes Distillery liegt in Rothes im Herzen der Speyside. Sie kann auf eine turbulente Geschichte zur\u00fcckblicken. Glenrothes wurde von einigen Feuern heimgesucht und brannte einmal auch ganz ab, doch die Brennerei stieg sprichw\u00f6rtlich wie der Ph\u00f6nix aus der Asche wieder empor und ist heute wieder dick im Whiskygesch\u00e4ft. 1999 kaufte die Edrington[&#8230;]\n","protected":false},"featured_media":1310959,"comment_status":"closed","ping_status":"closed","template":"","meta":[],"product_brand":[],"product_cat":[1233],"product_tag":[],"class_list":{"0":"post-5160602","1":"product","2":"type-product","3":"status-publish","4":"has-post-thumbnail","6":"product_cat-no-20","8":"first","9":"instock","10":"shipping-taxable","11":"purchasable","12":"product-type-auction"},"yoast_head":"<!-- This site is optimized with the Yoast SEO plugin v27.0 - https:\/\/yoast.com\/product\/yoast-seo-wordpress\/ -->\n<title>Glenrothes - Select Reserve 2017 (Berry Bros. &amp; Rudd) - Dramfolks Whisky Auction<\/title>\n<meta name=\"robots\" content=\"index, follow, max-snippet:-1, max-image-preview:large, max-video-preview:-1\" \/>\n<link rel=\"canonical\" href=\"https:\/\/www.dramfolks-whisky-auction.com\/en\/product\/glenrothes-select-reserve-2017-berry-bros-rudd-3\/\" \/>\n<meta property=\"og:locale\" content=\"en_US\" \/>\n<meta property=\"og:type\" content=\"article\" \/>\n<meta property=\"og:title\" content=\"Glenrothes - Select Reserve 2017 (Berry Bros. &amp; Rudd) - Dramfolks Whisky Auction\" \/>\n<meta property=\"og:description\" content=\"Destille: Glenrothes Die Glenrothes Distillery liegt in Rothes im Herzen der Speyside. Sie kann auf eine turbulente Geschichte zur\u00fcckblicken. Glenrothes wurde von einigen Feuern heimgesucht und brannte einmal auch ganz ab, doch die Brennerei stieg sprichw\u00f6rtlich wie der Ph\u00f6nix aus der Asche wieder empor und ist heute wieder dick im Whiskygesch\u00e4ft. 1999 kaufte die Edrington[...]\" \/>\n<meta property=\"og:url\" content=\"https:\/\/www.dramfolks-whisky-auction.com\/en\/product\/glenrothes-select-reserve-2017-berry-bros-rudd-3\/\" \/>\n<meta property=\"og:site_name\" content=\"Dramfolks Whisky Auction\" \/>\n<meta property=\"article:modified_time\" content=\"2025-10-05T17:15:48+00:00\" \/>\n<meta property=\"og:image\" content=\"https:\/\/www.dramfolks-whisky-auction.com\/wp-content\/uploads\/2024\/12\/Glenrothes-vorne-scaled.jpg\" \/>\n\t<meta property=\"og:image:width\" content=\"2560\" \/>\n\t<meta property=\"og:image:height\" content=\"2560\" \/>\n\t<meta property=\"og:image:type\" content=\"image\/jpeg\" \/>\n<meta name=\"twitter:card\" content=\"summary_large_image\" \/>\n<meta name=\"twitter:label1\" content=\"Est. reading time\" \/>\n\t<meta name=\"twitter:data1\" content=\"3 minutes\" \/>\n<script type=\"application\/ld+json\" class=\"yoast-schema-graph\">{\"@context\":\"https:\/\/schema.org\",\"@graph\":[{\"@type\":\"WebPage\",\"@id\":\"https:\/\/www.dramfolks-whisky-auction.com\/en\/product\/glenrothes-select-reserve-2017-berry-bros-rudd-3\/\",\"url\":\"https:\/\/www.dramfolks-whisky-auction.com\/en\/product\/glenrothes-select-reserve-2017-berry-bros-rudd-3\/\",\"name\":\"Glenrothes - Select Reserve 2017 (Berry Bros. & Rudd) - Dramfolks Whisky Auction\",\"isPartOf\":{\"@id\":\"https:\/\/www.dramfolks-whisky-auction.com\/en\/#website\"},\"primaryImageOfPage\":{\"@id\":\"https:\/\/www.dramfolks-whisky-auction.com\/en\/product\/glenrothes-select-reserve-2017-berry-bros-rudd-3\/#primaryimage\"},\"image\":{\"@id\":\"https:\/\/www.dramfolks-whisky-auction.com\/en\/product\/glenrothes-select-reserve-2017-berry-bros-rudd-3\/#primaryimage\"},\"thumbnailUrl\":\"https:\/\/www.dramfolks-whisky-auction.com\/wp-content\/uploads\/2024\/12\/Glenrothes-vorne-scaled.jpg\",\"datePublished\":\"2025-09-14T15:25:30+00:00\",\"dateModified\":\"2025-10-05T17:15:48+00:00\",\"breadcrumb\":{\"@id\":\"https:\/\/www.dramfolks-whisky-auction.com\/en\/product\/glenrothes-select-reserve-2017-berry-bros-rudd-3\/#breadcrumb\"},\"inLanguage\":\"en-US\",\"potentialAction\":[{\"@type\":\"ReadAction\",\"target\":[\"https:\/\/www.dramfolks-whisky-auction.com\/en\/product\/glenrothes-select-reserve-2017-berry-bros-rudd-3\/\"]}]},{\"@type\":\"ImageObject\",\"inLanguage\":\"en-US\",\"@id\":\"https:\/\/www.dramfolks-whisky-auction.com\/en\/product\/glenrothes-select-reserve-2017-berry-bros-rudd-3\/#primaryimage\",\"url\":\"https:\/\/www.dramfolks-whisky-auction.com\/wp-content\/uploads\/2024\/12\/Glenrothes-vorne-scaled.jpg\",\"contentUrl\":\"https:\/\/www.dramfolks-whisky-auction.com\/wp-content\/uploads\/2024\/12\/Glenrothes-vorne-scaled.jpg\",\"width\":2560,\"height\":2560},{\"@type\":\"BreadcrumbList\",\"@id\":\"https:\/\/www.dramfolks-whisky-auction.com\/en\/product\/glenrothes-select-reserve-2017-berry-bros-rudd-3\/#breadcrumb\",\"itemListElement\":[{\"@type\":\"ListItem\",\"position\":1,\"name\":\"Startseite\",\"item\":\"https:\/\/www.dramfolks-whisky-auction.com\/en\/\"},{\"@type\":\"ListItem\",\"position\":2,\"name\":\"Shop\",\"item\":\"https:\/\/www.dramfolks-whisky-auction.com\/en\/shop\/\"},{\"@type\":\"ListItem\",\"position\":3,\"name\":\"Glenrothes &#8211; Select Reserve 2017 (Berry Bros. &#038; Rudd)\"}]},{\"@type\":\"WebSite\",\"@id\":\"https:\/\/www.dramfolks-whisky-auction.com\/en\/#website\",\"url\":\"https:\/\/www.dramfolks-whisky-auction.com\/en\/\",\"name\":\"Dramfolks Whisky Auction\",\"description\":\"\",\"potentialAction\":[{\"@type\":\"SearchAction\",\"target\":{\"@type\":\"EntryPoint\",\"urlTemplate\":\"https:\/\/www.dramfolks-whisky-auction.com\/en\/?s={search_term_string}\"},\"query-input\":{\"@type\":\"PropertyValueSpecification\",\"valueRequired\":true,\"valueName\":\"search_term_string\"}}],\"inLanguage\":\"en-US\"}]}<\/script>\n<!-- \/ Yoast SEO plugin. -->","yoast_head_json":{"title":"Glenrothes - Select Reserve 2017 (Berry Bros. & Rudd) - Dramfolks Whisky Auction","robots":{"index":"index","follow":"follow","max-snippet":"max-snippet:-1","max-image-preview":"max-image-preview:large","max-video-preview":"max-video-preview:-1"},"canonical":"https:\/\/www.dramfolks-whisky-auction.com\/en\/product\/glenrothes-select-reserve-2017-berry-bros-rudd-3\/","og_locale":"en_US","og_type":"article","og_title":"Glenrothes - Select Reserve 2017 (Berry Bros. & Rudd) - Dramfolks Whisky Auction","og_description":"Destille: Glenrothes Die Glenrothes Distillery liegt in Rothes im Herzen der Speyside. Sie kann auf eine turbulente Geschichte zur\u00fcckblicken. Glenrothes wurde von einigen Feuern heimgesucht und brannte einmal auch ganz ab, doch die Brennerei stieg sprichw\u00f6rtlich wie der Ph\u00f6nix aus der Asche wieder empor und ist heute wieder dick im Whiskygesch\u00e4ft. 1999 kaufte die Edrington[...]","og_url":"https:\/\/www.dramfolks-whisky-auction.com\/en\/product\/glenrothes-select-reserve-2017-berry-bros-rudd-3\/","og_site_name":"Dramfolks Whisky Auction","article_modified_time":"2025-10-05T17:15:48+00:00","og_image":[{"width":2560,"height":2560,"url":"https:\/\/www.dramfolks-whisky-auction.com\/wp-content\/uploads\/2024\/12\/Glenrothes-vorne-scaled.jpg","type":"image\/jpeg"}],"twitter_card":"summary_large_image","twitter_misc":{"Est. reading time":"3 minutes"},"schema":{"@context":"https:\/\/schema.org","@graph":[{"@type":"WebPage","@id":"https:\/\/www.dramfolks-whisky-auction.com\/en\/product\/glenrothes-select-reserve-2017-berry-bros-rudd-3\/","url":"https:\/\/www.dramfolks-whisky-auction.com\/en\/product\/glenrothes-select-reserve-2017-berry-bros-rudd-3\/","name":"Glenrothes - Select Reserve 2017 (Berry Bros. & Rudd) - Dramfolks Whisky Auction","isPartOf":{"@id":"https:\/\/www.dramfolks-whisky-auction.com\/en\/#website"},"primaryImageOfPage":{"@id":"https:\/\/www.dramfolks-whisky-auction.com\/en\/product\/glenrothes-select-reserve-2017-berry-bros-rudd-3\/#primaryimage"},"image":{"@id":"https:\/\/www.dramfolks-whisky-auction.com\/en\/product\/glenrothes-select-reserve-2017-berry-bros-rudd-3\/#primaryimage"},"thumbnailUrl":"https:\/\/www.dramfolks-whisky-auction.com\/wp-content\/uploads\/2024\/12\/Glenrothes-vorne-scaled.jpg","datePublished":"2025-09-14T15:25:30+00:00","dateModified":"2025-10-05T17:15:48+00:00","breadcrumb":{"@id":"https:\/\/www.dramfolks-whisky-auction.com\/en\/product\/glenrothes-select-reserve-2017-berry-bros-rudd-3\/#breadcrumb"},"inLanguage":"en-US","potentialAction":[{"@type":"ReadAction","target":["https:\/\/www.dramfolks-whisky-auction.com\/en\/product\/glenrothes-select-reserve-2017-berry-bros-rudd-3\/"]}]},{"@type":"ImageObject","inLanguage":"en-US","@id":"https:\/\/www.dramfolks-whisky-auction.com\/en\/product\/glenrothes-select-reserve-2017-berry-bros-rudd-3\/#primaryimage","url":"https:\/\/www.dramfolks-whisky-auction.com\/wp-content\/uploads\/2024\/12\/Glenrothes-vorne-scaled.jpg","contentUrl":"https:\/\/www.dramfolks-whisky-auction.com\/wp-content\/uploads\/2024\/12\/Glenrothes-vorne-scaled.jpg","width":2560,"height":2560},{"@type":"BreadcrumbList","@id":"https:\/\/www.dramfolks-whisky-auction.com\/en\/product\/glenrothes-select-reserve-2017-berry-bros-rudd-3\/#breadcrumb","itemListElement":[{"@type":"ListItem","position":1,"name":"Startseite","item":"https:\/\/www.dramfolks-whisky-auction.com\/en\/"},{"@type":"ListItem","position":2,"name":"Shop","item":"https:\/\/www.dramfolks-whisky-auction.com\/en\/shop\/"},{"@type":"ListItem","position":3,"name":"Glenrothes &#8211; Select Reserve 2017 (Berry Bros. &#038; Rudd)"}]},{"@type":"WebSite","@id":"https:\/\/www.dramfolks-whisky-auction.com\/en\/#website","url":"https:\/\/www.dramfolks-whisky-auction.com\/en\/","name":"Dramfolks Whisky Auction","description":"","potentialAction":[{"@type":"SearchAction","target":{"@type":"EntryPoint","urlTemplate":"https:\/\/www.dramfolks-whisky-auction.com\/en\/?s={search_term_string}"},"query-input":{"@type":"PropertyValueSpecification","valueRequired":true,"valueName":"search_term_string"}}],"inLanguage":"en-US"}]}},"_links":{"self":[{"href":"https:\/\/www.dramfolks-whisky-auction.com\/en\/wp-json\/wp\/v2\/product\/5160602","targetHints":{"allow":["GET"]}}],"collection":[{"href":"https:\/\/www.dramfolks-whisky-auction.com\/en\/wp-json\/wp\/v2\/product"}],"about":[{"href":"https:\/\/www.dramfolks-whisky-auction.com\/en\/wp-json\/wp\/v2\/types\/product"}],"replies":[{"embeddable":true,"href":"https:\/\/www.dramfolks-whisky-auction.com\/en\/wp-json\/wp\/v2\/comments?post=5160602"}],"wp:featuredmedia":[{"embeddable":true,"href":"https:\/\/www.dramfolks-whisky-auction.com\/en\/wp-json\/wp\/v2\/media\/1310959"}],"wp:attachment":[{"href":"https:\/\/www.dramfolks-whisky-auction.com\/en\/wp-json\/wp\/v2\/media?parent=5160602"}],"wp:term":[{"taxonomy":"product_brand","embeddable":true,"href":"https:\/\/www.dramfolks-whisky-auction.com\/en\/wp-json\/wp\/v2\/product_brand?post=5160602"},{"taxonomy":"product_cat","embeddable":true,"href":"https:\/\/www.dramfolks-whisky-auction.com\/en\/wp-json\/wp\/v2\/product_cat?post=5160602"},{"taxonomy":"product_tag","embeddable":true,"href":"https:\/\/www.dramfolks-whisky-auction.com\/en\/wp-json\/wp\/v2\/product_tag?post=5160602"}],"curies":[{"name":"wp","href":"https:\/\/api.w.org\/{rel}","templated":true}]}}