{"id":5132872,"date":"2025-09-14T09:21:43","date_gmt":"2025-09-14T07:21:43","guid":{"rendered":"https:\/\/www.dramfolks-whisky-auction.com\/?post_type=product&#038;p=5132872"},"modified":"2025-10-05T19:45:02","modified_gmt":"2025-10-05T17:45:02","slug":"glasgow-distillery-1770-glasgow-cask-strength-limited-edition-release-7","status":"publish","type":"product","link":"https:\/\/www.dramfolks-whisky-auction.com\/en\/product\/glasgow-distillery-1770-glasgow-cask-strength-limited-edition-release-7\/","title":{"rendered":"Glasgow Distillery &#8211; 1770 Glasgow Cask Strength Limited Edition Release"},"content":{"rendered":"<p><strong>Destille: Glasgow Distillery<br \/>\n<\/strong>Die Glasgow Distillery ist die erste neue Single Malt Destillerie in der Stadt seit 1902. Sie will die gro\u00dfst\u00e4dtische Scotch Malt Whisky Tradition wieder in Glasgow etablieren. Im Jahr 1770 wurde die urspr\u00fcngliche Glasgow <span class=\"tx-datamintslossaryextension-no-replacement\">Brennerei<\/span> in Dundashill erbaut und 1825 durch die Glasgow Distillery Company \u00fcbernommen. Die <span class=\"tx-datamintslossaryextension-no-replacement\">Brennerei<\/span> konnte auf dem Markt aber nicht bestehen und musste 1903 geschlossen werden. 2013 wird die Glasgow Distillery Company neu gegr\u00fcndet und ist damit die erste neue <span class=\"tx-datamintslossaryextension-no-replacement\">Brennerei<\/span> innerhalb der Stadt seit \u00fcber 100 Jahren. Die Stills wurden 2014 eingebaut und der Produktionsstart des Glasgow <span class=\"tx-datamintslossaryextension-no-replacement\">Whiskys<\/span> begann noch im selben Jahr. Die j\u00e4hrliche Produktionsmenge betr\u00e4gt 440.000 Liter.<\/p>\n<p><strong>Fun Fakt: <\/strong>Das erste Produkt nach dem Start 2014 war der Makar Glasgow Gin. Bis der erste eigene <span class=\"tx-datamintslossaryextension-no-replacement\">Whisky<\/span> abgef\u00fcllt wird, verkauft die Glasgow <span class=\"tx-datamintslossaryextension-no-replacement\">Destillerie<\/span> den preisgekr\u00f6nten Prometheus <span class=\"tx-datamintslossaryextension-no-replacement\">Whisky<\/span>, einen 26-j\u00e4hrigen, 27-j\u00e4hrigen und 28-j\u00e4hrigen Speyside Single Malt. Dieser wird von einer anderen <span class=\"tx-datamintslossaryextension-no-replacement\">Brennerei<\/span> eingekauft, aber durch die Glasgow <span class=\"tx-datamintslossaryextension-no-replacement\">Destillerie<\/span> abgef\u00fcllt und verkauft.<\/p>\n<p><strong>Whisky\/Whiskey: 1770 Glasgow Cask Strength Limited Edition Release<br \/>\n<\/strong>Exklusiv f\u00fcr Kirsch Import haben die Glaswegians den ersten eigenen Single Cask der Brennerei abgef\u00fcllt. Mit kr\u00e4ftigen 62,1% vol. floss der bernsteinfarbene Scotch aus dem Sherry Butt in nur 708 Flaschen! Eine Cask Strength Abf\u00fcllung aus dem Sherry Butt exklusiv f\u00fcr den Importeur Kirsch. Es handelt sich hier um Bottle No. 182 von 708! Der limitierte Single Malt begr\u00fc\u00dft in der Nase mit Noten von Karamell-M\u00fcrbegeb\u00e4ck, intensiven Kirschen, Rosinen und s\u00fc\u00dfer Vanille. Kandierte Orange, dunkle Beeren und Bitterschokolade sind am Gaumen pr\u00e4sent, gefolgt von frischer Holzigkeit und erdiger Zimtw\u00fcrze. Die Single-Cask-Abf\u00fcllung hat einen herrlichen Abgang, gepr\u00e4gt von weichem Toffee und einer anhaltenden W\u00fcrze.<\/p>\n<div class=\"description-long\"><strong>Info Qualit\u00e4t der Flasche:<\/strong> Exzellent &#8211; ohne Besch\u00e4digungen \/ <strong>F\u00fcllstand: <\/strong>Top shoulder<br \/>\n<strong>Info Qualit\u00e4t der Box: <\/strong>Exzellent &#8211; ohne Besch\u00e4digungen<\/div>\n<p><strong>Wichtiger Hinweis:<\/strong> Die Bewertung der Flaschen und Boxen erfolgt nach \u201ebesten Wissen und Gewissen\u201c. dramfolks kann keine Gew\u00e4hrleistung f\u00fcr den Inhalt der Flaschen \u00fcbernehmen. Weitere Infos &amp; Hinweise finden Sie in unseren AGBs. Wir empfehlen Ihnen, vor der Abgabe von Geboten \u00fcber die Zoomfunktion eine Besichtigung \/ genaue Pr\u00fcfung des angebotenen Whiskys vorzunehmen. Bitte kontaktieren sie uns bei Fragen direkt unter info@dramfolks.com<\/p>\n","protected":false},"excerpt":{"rendered":"<p>Destille: Glasgow Distillery Die Glasgow Distillery ist die erste neue Single Malt Destillerie in der Stadt seit 1902. Sie will die gro\u00dfst\u00e4dtische Scotch Malt Whisky Tradition wieder in Glasgow etablieren. Im Jahr 1770 wurde die urspr\u00fcngliche Glasgow Brennerei in Dundashill erbaut und 1825 durch die Glasgow Distillery Company \u00fcbernommen. Die Brennerei konnte auf dem Markt[&#8230;]\n","protected":false},"featured_media":1310908,"comment_status":"closed","ping_status":"closed","template":"","meta":[],"product_brand":[],"product_cat":[1233],"product_tag":[],"class_list":{"0":"post-5132872","1":"product","2":"type-product","3":"status-publish","4":"has-post-thumbnail","6":"product_cat-no-20","8":"first","9":"instock","10":"shipping-taxable","11":"purchasable","12":"product-type-auction"},"yoast_head":"<!-- This site is optimized with the Yoast SEO plugin v27.0 - https:\/\/yoast.com\/product\/yoast-seo-wordpress\/ -->\n<title>Glasgow Distillery - 1770 Glasgow Cask Strength Limited Edition Release - Dramfolks Whisky Auction<\/title>\n<meta name=\"robots\" content=\"index, follow, max-snippet:-1, max-image-preview:large, max-video-preview:-1\" \/>\n<link rel=\"canonical\" href=\"https:\/\/www.dramfolks-whisky-auction.com\/en\/product\/glasgow-distillery-1770-glasgow-cask-strength-limited-edition-release-7\/\" \/>\n<meta property=\"og:locale\" content=\"en_US\" \/>\n<meta property=\"og:type\" content=\"article\" \/>\n<meta property=\"og:title\" content=\"Glasgow Distillery - 1770 Glasgow Cask Strength Limited Edition Release - Dramfolks Whisky Auction\" \/>\n<meta property=\"og:description\" content=\"Destille: Glasgow Distillery Die Glasgow Distillery ist die erste neue Single Malt Destillerie in der Stadt seit 1902. Sie will die gro\u00dfst\u00e4dtische Scotch Malt Whisky Tradition wieder in Glasgow etablieren. Im Jahr 1770 wurde die urspr\u00fcngliche Glasgow Brennerei in Dundashill erbaut und 1825 durch die Glasgow Distillery Company \u00fcbernommen. Die Brennerei konnte auf dem Markt[...]\" \/>\n<meta property=\"og:url\" content=\"https:\/\/www.dramfolks-whisky-auction.com\/en\/product\/glasgow-distillery-1770-glasgow-cask-strength-limited-edition-release-7\/\" \/>\n<meta property=\"og:site_name\" content=\"Dramfolks Whisky Auction\" \/>\n<meta property=\"article:modified_time\" content=\"2025-10-05T17:45:02+00:00\" \/>\n<meta property=\"og:image\" content=\"https:\/\/www.dramfolks-whisky-auction.com\/wp-content\/uploads\/2024\/12\/Glasgow-1770-vorne-scaled.jpg\" \/>\n\t<meta property=\"og:image:width\" content=\"2560\" \/>\n\t<meta property=\"og:image:height\" content=\"2560\" \/>\n\t<meta property=\"og:image:type\" content=\"image\/jpeg\" \/>\n<meta name=\"twitter:card\" content=\"summary_large_image\" \/>\n<meta name=\"twitter:label1\" content=\"Est. reading time\" \/>\n\t<meta name=\"twitter:data1\" content=\"3 minutes\" \/>\n<script type=\"application\/ld+json\" class=\"yoast-schema-graph\">{\"@context\":\"https:\/\/schema.org\",\"@graph\":[{\"@type\":\"WebPage\",\"@id\":\"https:\/\/www.dramfolks-whisky-auction.com\/en\/product\/glasgow-distillery-1770-glasgow-cask-strength-limited-edition-release-7\/\",\"url\":\"https:\/\/www.dramfolks-whisky-auction.com\/en\/product\/glasgow-distillery-1770-glasgow-cask-strength-limited-edition-release-7\/\",\"name\":\"Glasgow Distillery - 1770 Glasgow Cask Strength Limited Edition Release - Dramfolks Whisky Auction\",\"isPartOf\":{\"@id\":\"https:\/\/www.dramfolks-whisky-auction.com\/en\/#website\"},\"primaryImageOfPage\":{\"@id\":\"https:\/\/www.dramfolks-whisky-auction.com\/en\/product\/glasgow-distillery-1770-glasgow-cask-strength-limited-edition-release-7\/#primaryimage\"},\"image\":{\"@id\":\"https:\/\/www.dramfolks-whisky-auction.com\/en\/product\/glasgow-distillery-1770-glasgow-cask-strength-limited-edition-release-7\/#primaryimage\"},\"thumbnailUrl\":\"https:\/\/www.dramfolks-whisky-auction.com\/wp-content\/uploads\/2024\/12\/Glasgow-1770-vorne-scaled.jpg\",\"datePublished\":\"2025-09-14T07:21:43+00:00\",\"dateModified\":\"2025-10-05T17:45:02+00:00\",\"breadcrumb\":{\"@id\":\"https:\/\/www.dramfolks-whisky-auction.com\/en\/product\/glasgow-distillery-1770-glasgow-cask-strength-limited-edition-release-7\/#breadcrumb\"},\"inLanguage\":\"en-US\",\"potentialAction\":[{\"@type\":\"ReadAction\",\"target\":[\"https:\/\/www.dramfolks-whisky-auction.com\/en\/product\/glasgow-distillery-1770-glasgow-cask-strength-limited-edition-release-7\/\"]}]},{\"@type\":\"ImageObject\",\"inLanguage\":\"en-US\",\"@id\":\"https:\/\/www.dramfolks-whisky-auction.com\/en\/product\/glasgow-distillery-1770-glasgow-cask-strength-limited-edition-release-7\/#primaryimage\",\"url\":\"https:\/\/www.dramfolks-whisky-auction.com\/wp-content\/uploads\/2024\/12\/Glasgow-1770-vorne-scaled.jpg\",\"contentUrl\":\"https:\/\/www.dramfolks-whisky-auction.com\/wp-content\/uploads\/2024\/12\/Glasgow-1770-vorne-scaled.jpg\",\"width\":2560,\"height\":2560},{\"@type\":\"BreadcrumbList\",\"@id\":\"https:\/\/www.dramfolks-whisky-auction.com\/en\/product\/glasgow-distillery-1770-glasgow-cask-strength-limited-edition-release-7\/#breadcrumb\",\"itemListElement\":[{\"@type\":\"ListItem\",\"position\":1,\"name\":\"Startseite\",\"item\":\"https:\/\/www.dramfolks-whisky-auction.com\/en\/\"},{\"@type\":\"ListItem\",\"position\":2,\"name\":\"Shop\",\"item\":\"https:\/\/www.dramfolks-whisky-auction.com\/en\/shop\/\"},{\"@type\":\"ListItem\",\"position\":3,\"name\":\"Glasgow Distillery &#8211; 1770 Glasgow Cask Strength Limited Edition Release\"}]},{\"@type\":\"WebSite\",\"@id\":\"https:\/\/www.dramfolks-whisky-auction.com\/en\/#website\",\"url\":\"https:\/\/www.dramfolks-whisky-auction.com\/en\/\",\"name\":\"Dramfolks Whisky Auction\",\"description\":\"\",\"potentialAction\":[{\"@type\":\"SearchAction\",\"target\":{\"@type\":\"EntryPoint\",\"urlTemplate\":\"https:\/\/www.dramfolks-whisky-auction.com\/en\/?s={search_term_string}\"},\"query-input\":{\"@type\":\"PropertyValueSpecification\",\"valueRequired\":true,\"valueName\":\"search_term_string\"}}],\"inLanguage\":\"en-US\"}]}<\/script>\n<!-- \/ Yoast SEO plugin. -->","yoast_head_json":{"title":"Glasgow Distillery - 1770 Glasgow Cask Strength Limited Edition Release - Dramfolks Whisky Auction","robots":{"index":"index","follow":"follow","max-snippet":"max-snippet:-1","max-image-preview":"max-image-preview:large","max-video-preview":"max-video-preview:-1"},"canonical":"https:\/\/www.dramfolks-whisky-auction.com\/en\/product\/glasgow-distillery-1770-glasgow-cask-strength-limited-edition-release-7\/","og_locale":"en_US","og_type":"article","og_title":"Glasgow Distillery - 1770 Glasgow Cask Strength Limited Edition Release - Dramfolks Whisky Auction","og_description":"Destille: Glasgow Distillery Die Glasgow Distillery ist die erste neue Single Malt Destillerie in der Stadt seit 1902. Sie will die gro\u00dfst\u00e4dtische Scotch Malt Whisky Tradition wieder in Glasgow etablieren. Im Jahr 1770 wurde die urspr\u00fcngliche Glasgow Brennerei in Dundashill erbaut und 1825 durch die Glasgow Distillery Company \u00fcbernommen. Die Brennerei konnte auf dem Markt[...]","og_url":"https:\/\/www.dramfolks-whisky-auction.com\/en\/product\/glasgow-distillery-1770-glasgow-cask-strength-limited-edition-release-7\/","og_site_name":"Dramfolks Whisky Auction","article_modified_time":"2025-10-05T17:45:02+00:00","og_image":[{"width":2560,"height":2560,"url":"https:\/\/www.dramfolks-whisky-auction.com\/wp-content\/uploads\/2024\/12\/Glasgow-1770-vorne-scaled.jpg","type":"image\/jpeg"}],"twitter_card":"summary_large_image","twitter_misc":{"Est. reading time":"3 minutes"},"schema":{"@context":"https:\/\/schema.org","@graph":[{"@type":"WebPage","@id":"https:\/\/www.dramfolks-whisky-auction.com\/en\/product\/glasgow-distillery-1770-glasgow-cask-strength-limited-edition-release-7\/","url":"https:\/\/www.dramfolks-whisky-auction.com\/en\/product\/glasgow-distillery-1770-glasgow-cask-strength-limited-edition-release-7\/","name":"Glasgow Distillery - 1770 Glasgow Cask Strength Limited Edition Release - Dramfolks Whisky Auction","isPartOf":{"@id":"https:\/\/www.dramfolks-whisky-auction.com\/en\/#website"},"primaryImageOfPage":{"@id":"https:\/\/www.dramfolks-whisky-auction.com\/en\/product\/glasgow-distillery-1770-glasgow-cask-strength-limited-edition-release-7\/#primaryimage"},"image":{"@id":"https:\/\/www.dramfolks-whisky-auction.com\/en\/product\/glasgow-distillery-1770-glasgow-cask-strength-limited-edition-release-7\/#primaryimage"},"thumbnailUrl":"https:\/\/www.dramfolks-whisky-auction.com\/wp-content\/uploads\/2024\/12\/Glasgow-1770-vorne-scaled.jpg","datePublished":"2025-09-14T07:21:43+00:00","dateModified":"2025-10-05T17:45:02+00:00","breadcrumb":{"@id":"https:\/\/www.dramfolks-whisky-auction.com\/en\/product\/glasgow-distillery-1770-glasgow-cask-strength-limited-edition-release-7\/#breadcrumb"},"inLanguage":"en-US","potentialAction":[{"@type":"ReadAction","target":["https:\/\/www.dramfolks-whisky-auction.com\/en\/product\/glasgow-distillery-1770-glasgow-cask-strength-limited-edition-release-7\/"]}]},{"@type":"ImageObject","inLanguage":"en-US","@id":"https:\/\/www.dramfolks-whisky-auction.com\/en\/product\/glasgow-distillery-1770-glasgow-cask-strength-limited-edition-release-7\/#primaryimage","url":"https:\/\/www.dramfolks-whisky-auction.com\/wp-content\/uploads\/2024\/12\/Glasgow-1770-vorne-scaled.jpg","contentUrl":"https:\/\/www.dramfolks-whisky-auction.com\/wp-content\/uploads\/2024\/12\/Glasgow-1770-vorne-scaled.jpg","width":2560,"height":2560},{"@type":"BreadcrumbList","@id":"https:\/\/www.dramfolks-whisky-auction.com\/en\/product\/glasgow-distillery-1770-glasgow-cask-strength-limited-edition-release-7\/#breadcrumb","itemListElement":[{"@type":"ListItem","position":1,"name":"Startseite","item":"https:\/\/www.dramfolks-whisky-auction.com\/en\/"},{"@type":"ListItem","position":2,"name":"Shop","item":"https:\/\/www.dramfolks-whisky-auction.com\/en\/shop\/"},{"@type":"ListItem","position":3,"name":"Glasgow Distillery &#8211; 1770 Glasgow Cask Strength Limited Edition Release"}]},{"@type":"WebSite","@id":"https:\/\/www.dramfolks-whisky-auction.com\/en\/#website","url":"https:\/\/www.dramfolks-whisky-auction.com\/en\/","name":"Dramfolks Whisky Auction","description":"","potentialAction":[{"@type":"SearchAction","target":{"@type":"EntryPoint","urlTemplate":"https:\/\/www.dramfolks-whisky-auction.com\/en\/?s={search_term_string}"},"query-input":{"@type":"PropertyValueSpecification","valueRequired":true,"valueName":"search_term_string"}}],"inLanguage":"en-US"}]}},"_links":{"self":[{"href":"https:\/\/www.dramfolks-whisky-auction.com\/en\/wp-json\/wp\/v2\/product\/5132872","targetHints":{"allow":["GET"]}}],"collection":[{"href":"https:\/\/www.dramfolks-whisky-auction.com\/en\/wp-json\/wp\/v2\/product"}],"about":[{"href":"https:\/\/www.dramfolks-whisky-auction.com\/en\/wp-json\/wp\/v2\/types\/product"}],"replies":[{"embeddable":true,"href":"https:\/\/www.dramfolks-whisky-auction.com\/en\/wp-json\/wp\/v2\/comments?post=5132872"}],"wp:featuredmedia":[{"embeddable":true,"href":"https:\/\/www.dramfolks-whisky-auction.com\/en\/wp-json\/wp\/v2\/media\/1310908"}],"wp:attachment":[{"href":"https:\/\/www.dramfolks-whisky-auction.com\/en\/wp-json\/wp\/v2\/media?parent=5132872"}],"wp:term":[{"taxonomy":"product_brand","embeddable":true,"href":"https:\/\/www.dramfolks-whisky-auction.com\/en\/wp-json\/wp\/v2\/product_brand?post=5132872"},{"taxonomy":"product_cat","embeddable":true,"href":"https:\/\/www.dramfolks-whisky-auction.com\/en\/wp-json\/wp\/v2\/product_cat?post=5132872"},{"taxonomy":"product_tag","embeddable":true,"href":"https:\/\/www.dramfolks-whisky-auction.com\/en\/wp-json\/wp\/v2\/product_tag?post=5132872"}],"curies":[{"name":"wp","href":"https:\/\/api.w.org\/{rel}","templated":true}]}}