{"id":5115,"date":"2023-12-22T16:31:39","date_gmt":"2023-12-22T15:31:39","guid":{"rendered":"https:\/\/www.dramfolks-whisky-auction.com\/?post_type=product&#038;p=5115"},"modified":"2024-01-09T21:40:09","modified_gmt":"2024-01-09T20:40:09","slug":"glenmorangie-a-tale-of-winter","status":"publish","type":"product","link":"https:\/\/www.dramfolks-whisky-auction.com\/en\/product\/glenmorangie-a-tale-of-winter\/","title":{"rendered":"Glenmorangie &#8211; A Tale of Winter"},"content":{"rendered":"<p><strong>Destille: Glenmorangie<\/strong><br \/>\nGlenmorangie ist eine Whiskybrennerei in Tain in den Northern Highlands von Schottland.<br \/>\n1843 von der Br\u00fcdern Matheson gegr\u00fcndet und heute einer der gr\u00f6\u00dften und bekanntesten Destillerien in den Highlands. Seit Oktober 2004 geh\u00f6rt das Unternehmen zur Gruppe Mo\u00ebt Hennessy Louis Vuitton (LVMH). Die wohl auff\u00e4lligste Besonderheit der Brennerei sind die au\u00dfergew\u00f6hnlich hohen Brennblasen. Mit acht Metern Gesamth\u00f6he und 5,14 Metern H\u00f6he oberhalb der Brennblase sind sie die h\u00f6chsten Brennblasen aller schottischen Brennereien. Dadurch wird der Glenmorangie Whisky in der Regel besonders mild.<\/p>\n<p><strong>Fun Fakt:<\/strong> Bekannt wurde Glenmorangie auch wegen der &#8220;16 Men of Tain&#8221; Regel, was so viel bedeutet, dass immer genau 16 Mitarbeiter in der Destille besch\u00e4ftigt sein sollten. Heute durch das j\u00e4hrliche Produktionsvolumen von bis zu 10 Mio. Liter wohl nur noch eine Legende&#8230;<\/p>\n<p><strong>Whisky\/Whiskey: A Tale of Winter<\/strong><br \/>\nDer Glenmorangie A Tale of Winter ist der perfekte Begleiter f\u00fcr die k\u00e4lter werdenden Tage. Die Idee f\u00fcr diesen Whisky war, speziell eine Abf\u00fcllung f\u00fcr die kalte Jahreszeit abzuf\u00fcllen. Es handelt sich bei dieser Limited Edition um einen zu Beginn in Ex-Bourbon F\u00e4ssern gereiften Scotch, der jedoch in Marsala S\u00fc\u00dfweinf\u00e4ssern nachreifen durfte. Insgesamt kommt dieser k\u00f6stliche Highland Whisky auf eine Reifezeit von \u00fcber 13 Jahren. In seiner Charakteristik weist er eine wunderbar komplexe, vollmundige Aromatik auf, die mit harmonischer W\u00fcrze, aber ausdrucksstarker Balance am Gaumen auftritt.<\/p>\n<p><strong>Info Qualit\u00e4t der Flasche:<\/strong> Exzellent ohne Besch\u00e4digungen \/ <strong>F\u00fcllstand:<\/strong> Top shoulder<br \/>\n<strong>Info Qualit\u00e4t der Box:<\/strong> Exzellent ohne Besch\u00e4digungen<\/p>\n<p><strong>Wichtiger Hinweis:<\/strong> Die Bewertung der Flaschen und Boxen erfolgt nach &#8220;besten Wissen und Gewissen&#8221;. dramfolks kann keine Gew\u00e4hrleistung f\u00fcr den Inhalt der Flaschen \u00fcbernehmen. Weitere Infos &amp; Hinweise finden Sie in unseren AGBs. Wir empfehlen Ihnen, vor der Abgabe von Geboten \u00fcber die Zoomfunktion eine Besichtigung \/ genaue Pr\u00fcfung des angebotenen Whiskys vorzunehmen. Bitte kontaktieren sie uns bei Fragen direkt unter info@dramfolks.com<\/p>\n","protected":false},"excerpt":{"rendered":"<p>Destille: Glenmorangie Glenmorangie ist eine Whiskybrennerei in Tain in den Northern Highlands von Schottland. 1843 von der Br\u00fcdern Matheson gegr\u00fcndet und heute einer der gr\u00f6\u00dften und bekanntesten Destillerien in den Highlands. Seit Oktober 2004 geh\u00f6rt das Unternehmen zur Gruppe Mo\u00ebt Hennessy Louis Vuitton (LVMH). Die wohl auff\u00e4lligste Besonderheit der Brennerei sind die au\u00dfergew\u00f6hnlich hohen Brennblasen.[&#8230;]\n","protected":false},"featured_media":5116,"comment_status":"closed","ping_status":"closed","template":"","meta":[],"product_brand":[],"product_cat":[688],"product_tag":[],"class_list":{"0":"post-5115","1":"product","2":"type-product","3":"status-publish","4":"has-post-thumbnail","6":"product_cat-no-8","8":"first","9":"instock","10":"shipping-taxable","11":"purchasable","12":"product-type-auction"},"yoast_head":"<!-- This site is optimized with the Yoast SEO plugin v27.4 - https:\/\/yoast.com\/product\/yoast-seo-wordpress\/ -->\n<title>Glenmorangie - A Tale of Winter - Dramfolks Whisky Auction<\/title>\n<meta name=\"robots\" content=\"index, follow, max-snippet:-1, max-image-preview:large, max-video-preview:-1\" \/>\n<link rel=\"canonical\" href=\"https:\/\/www.dramfolks-whisky-auction.com\/en\/product\/glenmorangie-a-tale-of-winter\/\" \/>\n<meta property=\"og:locale\" content=\"en_US\" \/>\n<meta property=\"og:type\" content=\"article\" \/>\n<meta property=\"og:title\" content=\"Glenmorangie - A Tale of Winter - Dramfolks Whisky Auction\" \/>\n<meta property=\"og:description\" content=\"Destille: Glenmorangie Glenmorangie ist eine Whiskybrennerei in Tain in den Northern Highlands von Schottland. 1843 von der Br\u00fcdern Matheson gegr\u00fcndet und heute einer der gr\u00f6\u00dften und bekanntesten Destillerien in den Highlands. Seit Oktober 2004 geh\u00f6rt das Unternehmen zur Gruppe Mo\u00ebt Hennessy Louis Vuitton (LVMH). Die wohl auff\u00e4lligste Besonderheit der Brennerei sind die au\u00dfergew\u00f6hnlich hohen Brennblasen.[...]\" \/>\n<meta property=\"og:url\" content=\"https:\/\/www.dramfolks-whisky-auction.com\/en\/product\/glenmorangie-a-tale-of-winter\/\" \/>\n<meta property=\"og:site_name\" content=\"Dramfolks Whisky Auction\" \/>\n<meta property=\"article:modified_time\" content=\"2024-01-09T20:40:09+00:00\" \/>\n<meta property=\"og:image\" content=\"https:\/\/www.dramfolks-whisky-auction.com\/wp-content\/uploads\/2023\/12\/Glenmorangie-Winter-vorne-scaled.jpg\" \/>\n\t<meta property=\"og:image:width\" content=\"2560\" \/>\n\t<meta property=\"og:image:height\" content=\"2048\" \/>\n\t<meta property=\"og:image:type\" content=\"image\/jpeg\" \/>\n<meta name=\"twitter:card\" content=\"summary_large_image\" \/>\n<meta name=\"twitter:label1\" content=\"Est. reading time\" \/>\n\t<meta name=\"twitter:data1\" content=\"2 minutes\" \/>\n<script type=\"application\/ld+json\" class=\"yoast-schema-graph\">{\"@context\":\"https:\\\/\\\/schema.org\",\"@graph\":[{\"@type\":\"WebPage\",\"@id\":\"https:\\\/\\\/www.dramfolks-whisky-auction.com\\\/en\\\/product\\\/glenmorangie-a-tale-of-winter\\\/\",\"url\":\"https:\\\/\\\/www.dramfolks-whisky-auction.com\\\/en\\\/product\\\/glenmorangie-a-tale-of-winter\\\/\",\"name\":\"Glenmorangie - A Tale of Winter - Dramfolks Whisky Auction\",\"isPartOf\":{\"@id\":\"https:\\\/\\\/www.dramfolks-whisky-auction.com\\\/en\\\/#website\"},\"primaryImageOfPage\":{\"@id\":\"https:\\\/\\\/www.dramfolks-whisky-auction.com\\\/en\\\/product\\\/glenmorangie-a-tale-of-winter\\\/#primaryimage\"},\"image\":{\"@id\":\"https:\\\/\\\/www.dramfolks-whisky-auction.com\\\/en\\\/product\\\/glenmorangie-a-tale-of-winter\\\/#primaryimage\"},\"thumbnailUrl\":\"https:\\\/\\\/www.dramfolks-whisky-auction.com\\\/wp-content\\\/uploads\\\/2023\\\/12\\\/Glenmorangie-Winter-vorne-scaled.jpg\",\"datePublished\":\"2023-12-22T15:31:39+00:00\",\"dateModified\":\"2024-01-09T20:40:09+00:00\",\"breadcrumb\":{\"@id\":\"https:\\\/\\\/www.dramfolks-whisky-auction.com\\\/en\\\/product\\\/glenmorangie-a-tale-of-winter\\\/#breadcrumb\"},\"inLanguage\":\"en-US\",\"potentialAction\":[{\"@type\":\"ReadAction\",\"target\":[\"https:\\\/\\\/www.dramfolks-whisky-auction.com\\\/en\\\/product\\\/glenmorangie-a-tale-of-winter\\\/\"]}]},{\"@type\":\"ImageObject\",\"inLanguage\":\"en-US\",\"@id\":\"https:\\\/\\\/www.dramfolks-whisky-auction.com\\\/en\\\/product\\\/glenmorangie-a-tale-of-winter\\\/#primaryimage\",\"url\":\"https:\\\/\\\/www.dramfolks-whisky-auction.com\\\/wp-content\\\/uploads\\\/2023\\\/12\\\/Glenmorangie-Winter-vorne-scaled.jpg\",\"contentUrl\":\"https:\\\/\\\/www.dramfolks-whisky-auction.com\\\/wp-content\\\/uploads\\\/2023\\\/12\\\/Glenmorangie-Winter-vorne-scaled.jpg\",\"width\":2560,\"height\":2048},{\"@type\":\"BreadcrumbList\",\"@id\":\"https:\\\/\\\/www.dramfolks-whisky-auction.com\\\/en\\\/product\\\/glenmorangie-a-tale-of-winter\\\/#breadcrumb\",\"itemListElement\":[{\"@type\":\"ListItem\",\"position\":1,\"name\":\"Startseite\",\"item\":\"https:\\\/\\\/www.dramfolks-whisky-auction.com\\\/en\\\/\"},{\"@type\":\"ListItem\",\"position\":2,\"name\":\"Shop\",\"item\":\"https:\\\/\\\/www.dramfolks-whisky-auction.com\\\/en\\\/shop\\\/\"},{\"@type\":\"ListItem\",\"position\":3,\"name\":\"Glenmorangie &#8211; A Tale of Winter\"}]},{\"@type\":\"WebSite\",\"@id\":\"https:\\\/\\\/www.dramfolks-whisky-auction.com\\\/en\\\/#website\",\"url\":\"https:\\\/\\\/www.dramfolks-whisky-auction.com\\\/en\\\/\",\"name\":\"Dramfolks Whisky Auction\",\"description\":\"\",\"potentialAction\":[{\"@type\":\"SearchAction\",\"target\":{\"@type\":\"EntryPoint\",\"urlTemplate\":\"https:\\\/\\\/www.dramfolks-whisky-auction.com\\\/en\\\/?s={search_term_string}\"},\"query-input\":{\"@type\":\"PropertyValueSpecification\",\"valueRequired\":true,\"valueName\":\"search_term_string\"}}],\"inLanguage\":\"en-US\"}]}<\/script>\n<!-- \/ Yoast SEO plugin. -->","yoast_head_json":{"title":"Glenmorangie - A Tale of Winter - Dramfolks Whisky Auction","robots":{"index":"index","follow":"follow","max-snippet":"max-snippet:-1","max-image-preview":"max-image-preview:large","max-video-preview":"max-video-preview:-1"},"canonical":"https:\/\/www.dramfolks-whisky-auction.com\/en\/product\/glenmorangie-a-tale-of-winter\/","og_locale":"en_US","og_type":"article","og_title":"Glenmorangie - A Tale of Winter - Dramfolks Whisky Auction","og_description":"Destille: Glenmorangie Glenmorangie ist eine Whiskybrennerei in Tain in den Northern Highlands von Schottland. 1843 von der Br\u00fcdern Matheson gegr\u00fcndet und heute einer der gr\u00f6\u00dften und bekanntesten Destillerien in den Highlands. Seit Oktober 2004 geh\u00f6rt das Unternehmen zur Gruppe Mo\u00ebt Hennessy Louis Vuitton (LVMH). Die wohl auff\u00e4lligste Besonderheit der Brennerei sind die au\u00dfergew\u00f6hnlich hohen Brennblasen.[...]","og_url":"https:\/\/www.dramfolks-whisky-auction.com\/en\/product\/glenmorangie-a-tale-of-winter\/","og_site_name":"Dramfolks Whisky Auction","article_modified_time":"2024-01-09T20:40:09+00:00","og_image":[{"width":2560,"height":2048,"url":"https:\/\/www.dramfolks-whisky-auction.com\/wp-content\/uploads\/2023\/12\/Glenmorangie-Winter-vorne-scaled.jpg","type":"image\/jpeg"}],"twitter_card":"summary_large_image","twitter_misc":{"Est. reading time":"2 minutes"},"schema":{"@context":"https:\/\/schema.org","@graph":[{"@type":"WebPage","@id":"https:\/\/www.dramfolks-whisky-auction.com\/en\/product\/glenmorangie-a-tale-of-winter\/","url":"https:\/\/www.dramfolks-whisky-auction.com\/en\/product\/glenmorangie-a-tale-of-winter\/","name":"Glenmorangie - A Tale of Winter - Dramfolks Whisky Auction","isPartOf":{"@id":"https:\/\/www.dramfolks-whisky-auction.com\/en\/#website"},"primaryImageOfPage":{"@id":"https:\/\/www.dramfolks-whisky-auction.com\/en\/product\/glenmorangie-a-tale-of-winter\/#primaryimage"},"image":{"@id":"https:\/\/www.dramfolks-whisky-auction.com\/en\/product\/glenmorangie-a-tale-of-winter\/#primaryimage"},"thumbnailUrl":"https:\/\/www.dramfolks-whisky-auction.com\/wp-content\/uploads\/2023\/12\/Glenmorangie-Winter-vorne-scaled.jpg","datePublished":"2023-12-22T15:31:39+00:00","dateModified":"2024-01-09T20:40:09+00:00","breadcrumb":{"@id":"https:\/\/www.dramfolks-whisky-auction.com\/en\/product\/glenmorangie-a-tale-of-winter\/#breadcrumb"},"inLanguage":"en-US","potentialAction":[{"@type":"ReadAction","target":["https:\/\/www.dramfolks-whisky-auction.com\/en\/product\/glenmorangie-a-tale-of-winter\/"]}]},{"@type":"ImageObject","inLanguage":"en-US","@id":"https:\/\/www.dramfolks-whisky-auction.com\/en\/product\/glenmorangie-a-tale-of-winter\/#primaryimage","url":"https:\/\/www.dramfolks-whisky-auction.com\/wp-content\/uploads\/2023\/12\/Glenmorangie-Winter-vorne-scaled.jpg","contentUrl":"https:\/\/www.dramfolks-whisky-auction.com\/wp-content\/uploads\/2023\/12\/Glenmorangie-Winter-vorne-scaled.jpg","width":2560,"height":2048},{"@type":"BreadcrumbList","@id":"https:\/\/www.dramfolks-whisky-auction.com\/en\/product\/glenmorangie-a-tale-of-winter\/#breadcrumb","itemListElement":[{"@type":"ListItem","position":1,"name":"Startseite","item":"https:\/\/www.dramfolks-whisky-auction.com\/en\/"},{"@type":"ListItem","position":2,"name":"Shop","item":"https:\/\/www.dramfolks-whisky-auction.com\/en\/shop\/"},{"@type":"ListItem","position":3,"name":"Glenmorangie &#8211; A Tale of Winter"}]},{"@type":"WebSite","@id":"https:\/\/www.dramfolks-whisky-auction.com\/en\/#website","url":"https:\/\/www.dramfolks-whisky-auction.com\/en\/","name":"Dramfolks Whisky Auction","description":"","potentialAction":[{"@type":"SearchAction","target":{"@type":"EntryPoint","urlTemplate":"https:\/\/www.dramfolks-whisky-auction.com\/en\/?s={search_term_string}"},"query-input":{"@type":"PropertyValueSpecification","valueRequired":true,"valueName":"search_term_string"}}],"inLanguage":"en-US"}]}},"_links":{"self":[{"href":"https:\/\/www.dramfolks-whisky-auction.com\/en\/wp-json\/wp\/v2\/product\/5115","targetHints":{"allow":["GET"]}}],"collection":[{"href":"https:\/\/www.dramfolks-whisky-auction.com\/en\/wp-json\/wp\/v2\/product"}],"about":[{"href":"https:\/\/www.dramfolks-whisky-auction.com\/en\/wp-json\/wp\/v2\/types\/product"}],"replies":[{"embeddable":true,"href":"https:\/\/www.dramfolks-whisky-auction.com\/en\/wp-json\/wp\/v2\/comments?post=5115"}],"wp:featuredmedia":[{"embeddable":true,"href":"https:\/\/www.dramfolks-whisky-auction.com\/en\/wp-json\/wp\/v2\/media\/5116"}],"wp:attachment":[{"href":"https:\/\/www.dramfolks-whisky-auction.com\/en\/wp-json\/wp\/v2\/media?parent=5115"}],"wp:term":[{"taxonomy":"product_brand","embeddable":true,"href":"https:\/\/www.dramfolks-whisky-auction.com\/en\/wp-json\/wp\/v2\/product_brand?post=5115"},{"taxonomy":"product_cat","embeddable":true,"href":"https:\/\/www.dramfolks-whisky-auction.com\/en\/wp-json\/wp\/v2\/product_cat?post=5115"},{"taxonomy":"product_tag","embeddable":true,"href":"https:\/\/www.dramfolks-whisky-auction.com\/en\/wp-json\/wp\/v2\/product_tag?post=5115"}],"curies":[{"name":"wp","href":"https:\/\/api.w.org\/{rel}","templated":true}]}}