{"id":48947,"date":"2024-06-01T18:24:25","date_gmt":"2024-06-01T16:24:25","guid":{"rendered":"https:\/\/www.dramfolks-whisky-auction.com\/?post_type=product&#038;p=48947"},"modified":"2024-06-16T19:45:19","modified_gmt":"2024-06-16T17:45:19","slug":"mackinlays-shackletons-journey-rare-old-highland-malt","status":"publish","type":"product","link":"https:\/\/www.dramfolks-whisky-auction.com\/en\/product\/mackinlays-shackletons-journey-rare-old-highland-malt\/","title":{"rendered":"Mackinlay&#8217;s Shackleton&#8217;s Journey Rare Old Highland Malt"},"content":{"rendered":"<p><strong>Destille: unbekannt<br \/>\n<\/strong>Dieser Blend wurde aus Malts der Destillerien Glenfarclas, Mannochmore, Tamnavulin, Ben Nevis, Aultmore, Fettercairn, Pulteney und Jura abgef\u00fcllt.<br \/>\n&#8220;Blender&#8221; war in diesem Fall die Whyte und Mackay Group. Mackinlay&#8217;s wurde in den letzten zwei Jahrhunderten in zahlreichen Formen abgef\u00fcllt, wobei Blended Scotch, Vatted Malt und Single Malt unter der Marke abgef\u00fcllt wurden.<br \/>\n\u00dcber 140 Jahre lang blieb Charles Mackinlay &amp; Company ein Familienunternehmen, in dem f\u00fcnf Generationen im Bereich des Mischens und Destillierens t\u00e4tig waren. 1847 wurde The Original Mackinlay registriert und wurde zur Grundmarke des Unternehmens. Der Familienbesitz von Charles Mackinlay &amp; Co endete schlie\u00dflich 1961, als das Unternehmen an die Scottish Newcastle Breweries Ltd verkauft wurde und anschlie\u00dfend Teil von Waverley Vintners Ltd. wurde. Das Unternehmen wurde sp\u00e4ter von Invergordon Distillers \u00fcbernommen und ist heute Teil von Whyte &amp; Mackay.<\/p>\n<p><strong>Fun Fakt:\u00a0\u00a0<\/strong>Die Marke Mackinlay ist vor allem daf\u00fcr bekannt, dass sie der Whisky der Wahl von Sir Ernest Shackleton war, um seine Expedition zum S\u00fcdpol im Jahr 1907 zu begleiten. Die 25 Kisten Mackinlay&#8217;s Rare Old Highland Malt wurden auf Bestellung mit einem bestimmten Alkoholgehalt von 47,3 Vol.-% hergestellt, der stark genug ist, um Minustemperaturen standzuhalten.<br \/>\nIm Jahr 2007 wurden mehrere Flaschen von Mackinlay&#8217;s Rare Old Highland Malt im antarktischen Basislager von Shackleton gefunden. Die Analyse ergab, dass der Whisky in Sherryf\u00e4ssern aus amerikanischer Eiche gereift war und im M\u00e4lzungsprozess unter Verwendung von Orkney-Torf hergestellt worden war.<\/p>\n<p><strong>Whisky\/Whiskey:<\/strong> <strong>Mackinlay&#8217;s Shackleton&#8217;s Journey Rare Old Highland Malt<br \/>\n<\/strong>\u00dcber 140 Jahre lang blieb Charles Mackinlay &amp; Company ein Familienunternehmen, in dem f\u00fcnf Generationen im Bereich des Mischens und Destillierens t\u00e4tig waren. Im Jahr 1907 begann Sir Ernest Shackleton seine ber\u00fchmte Expedition in die Antarktis. Er brachte 25 Kisten Mackinlay&#8217;s Rare Old Highland Malt Whisky mit auf die Reise. Im Jahr 2010 wurden mehrere dieser hundert Jahre alten Flaschen im Eis unter der H\u00fctte des Entdeckers vergraben gefunden und zur Analyse durch Richard Paterson, den Master Blender von Whyte &amp; Mackay, geschickt.<br \/>\nMackinlay&#8217;s Shackleton&#8217;s Journey Rare Old Highland Malt (die zweite Nachbildung.. 1st Edition erschien 2013 anl\u00e4sslich der Epic Expedition, der ersten Shackletons Transantarktis-Expedition 1914-17) ist eine Nachbildung dieses Whiskys und seiner urspr\u00fcnglichen Pr\u00e4sentation, eingewickelt in Stroh. Der Blend umfasst ein seltenes Fass Glen Mhor aus dem Jahr 1980 sowie einige stark getorfte Dalmore und Malts aus den Destillerien Glenfarclas, Mannochmore, Tamnavulin, Ben Nevis, Aultmore, Fettercairn, Pulteney und Jura.<\/p>\n<p><strong>Info Qualit\u00e4t der Flasche:<\/strong> Exzellent &#8211; ohne Besch\u00e4digungen \/ <strong>F\u00fcllstand: &#8211;<\/strong><br \/>\n<strong>Info Qualit\u00e4t der Box: <\/strong>Exzellent &#8211; ohne Besch\u00e4digungen<\/p>\n<p><strong>Wichtiger Hinweis:<\/strong> Die Bewertung der Flaschen und Boxen erfolgt nach \u201ebesten Wissen und Gewissen\u201c. dramfolks kann keine Gew\u00e4hrleistung f\u00fcr den Inhalt der Flaschen \u00fcbernehmen. Weitere Infos &amp; Hinweise finden Sie in unseren AGBs. Wir empfehlen Ihnen, vor der Abgabe von Geboten \u00fcber die Zoomfunktion eine Besichtigung \/ genaue Pr\u00fcfung des angebotenen Whiskys vorzunehmen. Bitte kontaktieren sie uns bei Fragen direkt unter info@dramfolks.com<\/p>\n","protected":false},"excerpt":{"rendered":"<p>Destille: unbekannt Dieser Blend wurde aus Malts der Destillerien Glenfarclas, Mannochmore, Tamnavulin, Ben Nevis, Aultmore, Fettercairn, Pulteney und Jura abgef\u00fcllt. &#8220;Blender&#8221; war in diesem Fall die Whyte und Mackay Group. Mackinlay&#8217;s wurde in den letzten zwei Jahrhunderten in zahlreichen Formen abgef\u00fcllt, wobei Blended Scotch, Vatted Malt und Single Malt unter der Marke abgef\u00fcllt wurden. \u00dcber[&#8230;]\n","protected":false},"featured_media":48948,"comment_status":"closed","ping_status":"closed","template":"","meta":[],"product_brand":[],"product_cat":[848],"product_tag":[],"class_list":{"0":"post-48947","1":"product","2":"type-product","3":"status-publish","4":"has-post-thumbnail","6":"product_cat-no-11","8":"first","9":"instock","10":"shipping-taxable","11":"purchasable","12":"product-type-auction"},"yoast_head":"<!-- This site is optimized with the Yoast SEO plugin v27.4 - https:\/\/yoast.com\/product\/yoast-seo-wordpress\/ -->\n<title>Mackinlay&#039;s Shackleton&#039;s Journey Rare Old Highland Malt - Dramfolks Whisky Auction<\/title>\n<meta name=\"robots\" content=\"index, follow, max-snippet:-1, max-image-preview:large, max-video-preview:-1\" \/>\n<link rel=\"canonical\" href=\"https:\/\/www.dramfolks-whisky-auction.com\/en\/product\/mackinlays-shackletons-journey-rare-old-highland-malt\/\" \/>\n<meta property=\"og:locale\" content=\"en_US\" \/>\n<meta property=\"og:type\" content=\"article\" \/>\n<meta property=\"og:title\" content=\"Mackinlay&#039;s Shackleton&#039;s Journey Rare Old Highland Malt - Dramfolks Whisky Auction\" \/>\n<meta property=\"og:description\" content=\"Destille: unbekannt Dieser Blend wurde aus Malts der Destillerien Glenfarclas, Mannochmore, Tamnavulin, Ben Nevis, Aultmore, Fettercairn, Pulteney und Jura abgef\u00fcllt. &#8220;Blender&#8221; war in diesem Fall die Whyte und Mackay Group. Mackinlay&#8217;s wurde in den letzten zwei Jahrhunderten in zahlreichen Formen abgef\u00fcllt, wobei Blended Scotch, Vatted Malt und Single Malt unter der Marke abgef\u00fcllt wurden. \u00dcber[...]\" \/>\n<meta property=\"og:url\" content=\"https:\/\/www.dramfolks-whisky-auction.com\/en\/product\/mackinlays-shackletons-journey-rare-old-highland-malt\/\" \/>\n<meta property=\"og:site_name\" content=\"Dramfolks Whisky Auction\" \/>\n<meta property=\"article:modified_time\" content=\"2024-06-16T17:45:19+00:00\" \/>\n<meta property=\"og:image\" content=\"https:\/\/www.dramfolks-whisky-auction.com\/wp-content\/uploads\/2024\/06\/MacKinlay-vorne-scaled.jpg\" \/>\n\t<meta property=\"og:image:width\" content=\"2560\" \/>\n\t<meta property=\"og:image:height\" content=\"2560\" \/>\n\t<meta property=\"og:image:type\" content=\"image\/jpeg\" \/>\n<meta name=\"twitter:card\" content=\"summary_large_image\" \/>\n<meta name=\"twitter:label1\" content=\"Est. reading time\" \/>\n\t<meta name=\"twitter:data1\" content=\"3 minutes\" \/>\n<script type=\"application\/ld+json\" class=\"yoast-schema-graph\">{\"@context\":\"https:\\\/\\\/schema.org\",\"@graph\":[{\"@type\":\"WebPage\",\"@id\":\"https:\\\/\\\/www.dramfolks-whisky-auction.com\\\/en\\\/product\\\/mackinlays-shackletons-journey-rare-old-highland-malt\\\/\",\"url\":\"https:\\\/\\\/www.dramfolks-whisky-auction.com\\\/en\\\/product\\\/mackinlays-shackletons-journey-rare-old-highland-malt\\\/\",\"name\":\"Mackinlay's Shackleton's Journey Rare Old Highland Malt - Dramfolks Whisky Auction\",\"isPartOf\":{\"@id\":\"https:\\\/\\\/www.dramfolks-whisky-auction.com\\\/en\\\/#website\"},\"primaryImageOfPage\":{\"@id\":\"https:\\\/\\\/www.dramfolks-whisky-auction.com\\\/en\\\/product\\\/mackinlays-shackletons-journey-rare-old-highland-malt\\\/#primaryimage\"},\"image\":{\"@id\":\"https:\\\/\\\/www.dramfolks-whisky-auction.com\\\/en\\\/product\\\/mackinlays-shackletons-journey-rare-old-highland-malt\\\/#primaryimage\"},\"thumbnailUrl\":\"https:\\\/\\\/www.dramfolks-whisky-auction.com\\\/wp-content\\\/uploads\\\/2024\\\/06\\\/MacKinlay-vorne-scaled.jpg\",\"datePublished\":\"2024-06-01T16:24:25+00:00\",\"dateModified\":\"2024-06-16T17:45:19+00:00\",\"breadcrumb\":{\"@id\":\"https:\\\/\\\/www.dramfolks-whisky-auction.com\\\/en\\\/product\\\/mackinlays-shackletons-journey-rare-old-highland-malt\\\/#breadcrumb\"},\"inLanguage\":\"en-US\",\"potentialAction\":[{\"@type\":\"ReadAction\",\"target\":[\"https:\\\/\\\/www.dramfolks-whisky-auction.com\\\/en\\\/product\\\/mackinlays-shackletons-journey-rare-old-highland-malt\\\/\"]}]},{\"@type\":\"ImageObject\",\"inLanguage\":\"en-US\",\"@id\":\"https:\\\/\\\/www.dramfolks-whisky-auction.com\\\/en\\\/product\\\/mackinlays-shackletons-journey-rare-old-highland-malt\\\/#primaryimage\",\"url\":\"https:\\\/\\\/www.dramfolks-whisky-auction.com\\\/wp-content\\\/uploads\\\/2024\\\/06\\\/MacKinlay-vorne-scaled.jpg\",\"contentUrl\":\"https:\\\/\\\/www.dramfolks-whisky-auction.com\\\/wp-content\\\/uploads\\\/2024\\\/06\\\/MacKinlay-vorne-scaled.jpg\",\"width\":2560,\"height\":2560},{\"@type\":\"BreadcrumbList\",\"@id\":\"https:\\\/\\\/www.dramfolks-whisky-auction.com\\\/en\\\/product\\\/mackinlays-shackletons-journey-rare-old-highland-malt\\\/#breadcrumb\",\"itemListElement\":[{\"@type\":\"ListItem\",\"position\":1,\"name\":\"Startseite\",\"item\":\"https:\\\/\\\/www.dramfolks-whisky-auction.com\\\/en\\\/\"},{\"@type\":\"ListItem\",\"position\":2,\"name\":\"Shop\",\"item\":\"https:\\\/\\\/www.dramfolks-whisky-auction.com\\\/en\\\/shop\\\/\"},{\"@type\":\"ListItem\",\"position\":3,\"name\":\"Mackinlay&#8217;s Shackleton&#8217;s Journey Rare Old Highland Malt\"}]},{\"@type\":\"WebSite\",\"@id\":\"https:\\\/\\\/www.dramfolks-whisky-auction.com\\\/en\\\/#website\",\"url\":\"https:\\\/\\\/www.dramfolks-whisky-auction.com\\\/en\\\/\",\"name\":\"Dramfolks Whisky Auction\",\"description\":\"\",\"potentialAction\":[{\"@type\":\"SearchAction\",\"target\":{\"@type\":\"EntryPoint\",\"urlTemplate\":\"https:\\\/\\\/www.dramfolks-whisky-auction.com\\\/en\\\/?s={search_term_string}\"},\"query-input\":{\"@type\":\"PropertyValueSpecification\",\"valueRequired\":true,\"valueName\":\"search_term_string\"}}],\"inLanguage\":\"en-US\"}]}<\/script>\n<!-- \/ Yoast SEO plugin. -->","yoast_head_json":{"title":"Mackinlay's Shackleton's Journey Rare Old Highland Malt - Dramfolks Whisky Auction","robots":{"index":"index","follow":"follow","max-snippet":"max-snippet:-1","max-image-preview":"max-image-preview:large","max-video-preview":"max-video-preview:-1"},"canonical":"https:\/\/www.dramfolks-whisky-auction.com\/en\/product\/mackinlays-shackletons-journey-rare-old-highland-malt\/","og_locale":"en_US","og_type":"article","og_title":"Mackinlay's Shackleton's Journey Rare Old Highland Malt - Dramfolks Whisky Auction","og_description":"Destille: unbekannt Dieser Blend wurde aus Malts der Destillerien Glenfarclas, Mannochmore, Tamnavulin, Ben Nevis, Aultmore, Fettercairn, Pulteney und Jura abgef\u00fcllt. &#8220;Blender&#8221; war in diesem Fall die Whyte und Mackay Group. Mackinlay&#8217;s wurde in den letzten zwei Jahrhunderten in zahlreichen Formen abgef\u00fcllt, wobei Blended Scotch, Vatted Malt und Single Malt unter der Marke abgef\u00fcllt wurden. \u00dcber[...]","og_url":"https:\/\/www.dramfolks-whisky-auction.com\/en\/product\/mackinlays-shackletons-journey-rare-old-highland-malt\/","og_site_name":"Dramfolks Whisky Auction","article_modified_time":"2024-06-16T17:45:19+00:00","og_image":[{"width":2560,"height":2560,"url":"https:\/\/www.dramfolks-whisky-auction.com\/wp-content\/uploads\/2024\/06\/MacKinlay-vorne-scaled.jpg","type":"image\/jpeg"}],"twitter_card":"summary_large_image","twitter_misc":{"Est. reading time":"3 minutes"},"schema":{"@context":"https:\/\/schema.org","@graph":[{"@type":"WebPage","@id":"https:\/\/www.dramfolks-whisky-auction.com\/en\/product\/mackinlays-shackletons-journey-rare-old-highland-malt\/","url":"https:\/\/www.dramfolks-whisky-auction.com\/en\/product\/mackinlays-shackletons-journey-rare-old-highland-malt\/","name":"Mackinlay's Shackleton's Journey Rare Old Highland Malt - Dramfolks Whisky Auction","isPartOf":{"@id":"https:\/\/www.dramfolks-whisky-auction.com\/en\/#website"},"primaryImageOfPage":{"@id":"https:\/\/www.dramfolks-whisky-auction.com\/en\/product\/mackinlays-shackletons-journey-rare-old-highland-malt\/#primaryimage"},"image":{"@id":"https:\/\/www.dramfolks-whisky-auction.com\/en\/product\/mackinlays-shackletons-journey-rare-old-highland-malt\/#primaryimage"},"thumbnailUrl":"https:\/\/www.dramfolks-whisky-auction.com\/wp-content\/uploads\/2024\/06\/MacKinlay-vorne-scaled.jpg","datePublished":"2024-06-01T16:24:25+00:00","dateModified":"2024-06-16T17:45:19+00:00","breadcrumb":{"@id":"https:\/\/www.dramfolks-whisky-auction.com\/en\/product\/mackinlays-shackletons-journey-rare-old-highland-malt\/#breadcrumb"},"inLanguage":"en-US","potentialAction":[{"@type":"ReadAction","target":["https:\/\/www.dramfolks-whisky-auction.com\/en\/product\/mackinlays-shackletons-journey-rare-old-highland-malt\/"]}]},{"@type":"ImageObject","inLanguage":"en-US","@id":"https:\/\/www.dramfolks-whisky-auction.com\/en\/product\/mackinlays-shackletons-journey-rare-old-highland-malt\/#primaryimage","url":"https:\/\/www.dramfolks-whisky-auction.com\/wp-content\/uploads\/2024\/06\/MacKinlay-vorne-scaled.jpg","contentUrl":"https:\/\/www.dramfolks-whisky-auction.com\/wp-content\/uploads\/2024\/06\/MacKinlay-vorne-scaled.jpg","width":2560,"height":2560},{"@type":"BreadcrumbList","@id":"https:\/\/www.dramfolks-whisky-auction.com\/en\/product\/mackinlays-shackletons-journey-rare-old-highland-malt\/#breadcrumb","itemListElement":[{"@type":"ListItem","position":1,"name":"Startseite","item":"https:\/\/www.dramfolks-whisky-auction.com\/en\/"},{"@type":"ListItem","position":2,"name":"Shop","item":"https:\/\/www.dramfolks-whisky-auction.com\/en\/shop\/"},{"@type":"ListItem","position":3,"name":"Mackinlay&#8217;s Shackleton&#8217;s Journey Rare Old Highland Malt"}]},{"@type":"WebSite","@id":"https:\/\/www.dramfolks-whisky-auction.com\/en\/#website","url":"https:\/\/www.dramfolks-whisky-auction.com\/en\/","name":"Dramfolks Whisky Auction","description":"","potentialAction":[{"@type":"SearchAction","target":{"@type":"EntryPoint","urlTemplate":"https:\/\/www.dramfolks-whisky-auction.com\/en\/?s={search_term_string}"},"query-input":{"@type":"PropertyValueSpecification","valueRequired":true,"valueName":"search_term_string"}}],"inLanguage":"en-US"}]}},"_links":{"self":[{"href":"https:\/\/www.dramfolks-whisky-auction.com\/en\/wp-json\/wp\/v2\/product\/48947","targetHints":{"allow":["GET"]}}],"collection":[{"href":"https:\/\/www.dramfolks-whisky-auction.com\/en\/wp-json\/wp\/v2\/product"}],"about":[{"href":"https:\/\/www.dramfolks-whisky-auction.com\/en\/wp-json\/wp\/v2\/types\/product"}],"replies":[{"embeddable":true,"href":"https:\/\/www.dramfolks-whisky-auction.com\/en\/wp-json\/wp\/v2\/comments?post=48947"}],"wp:featuredmedia":[{"embeddable":true,"href":"https:\/\/www.dramfolks-whisky-auction.com\/en\/wp-json\/wp\/v2\/media\/48948"}],"wp:attachment":[{"href":"https:\/\/www.dramfolks-whisky-auction.com\/en\/wp-json\/wp\/v2\/media?parent=48947"}],"wp:term":[{"taxonomy":"product_brand","embeddable":true,"href":"https:\/\/www.dramfolks-whisky-auction.com\/en\/wp-json\/wp\/v2\/product_brand?post=48947"},{"taxonomy":"product_cat","embeddable":true,"href":"https:\/\/www.dramfolks-whisky-auction.com\/en\/wp-json\/wp\/v2\/product_cat?post=48947"},{"taxonomy":"product_tag","embeddable":true,"href":"https:\/\/www.dramfolks-whisky-auction.com\/en\/wp-json\/wp\/v2\/product_tag?post=48947"}],"curies":[{"name":"wp","href":"https:\/\/api.w.org\/{rel}","templated":true}]}}