{"id":48928,"date":"2024-06-01T17:29:19","date_gmt":"2024-06-01T15:29:19","guid":{"rendered":"https:\/\/www.dramfolks-whisky-auction.com\/?post_type=product&#038;p=48928"},"modified":"2024-06-20T07:43:08","modified_gmt":"2024-06-20T05:43:08","slug":"bruichladdich-port-charlotte-2010-olc01","status":"publish","type":"product","link":"https:\/\/www.dramfolks-whisky-auction.com\/en\/product\/bruichladdich-port-charlotte-2010-olc01\/","title":{"rendered":"Bruichladdich &#8211; Port Charlotte 2010 OLC:01"},"content":{"rendered":"<p><strong>Destille: Bruichladdich<br \/>\n<\/strong>Die Brennerei Bruichladdich ist eine Destillerie auf den Rhinns der Isle of Islay in Schottland. Der Name Bruichladdich ist eine Anglisierung von &#8220;Bruthach a&#8217; Chladaich&#8221; (schottisch-g\u00e4lisch f\u00fcr &#8220;Brae of the Shore&#8221;). Bruichladdich wurde 1881 von den Br\u00fcdern Harvey \u2013 William (32), John (31) und Robert (23) \u2013 am Ufer des Loch Indaal, dem westlichsten Teil der Insel, erbaut. Die Harveys waren eine dynastische Whiskyfamilie, die seit 1770 zwei Glasgower Brennereien besa\u00dfen. Mit dem Erbe kombinierten die drei Br\u00fcder ihre Talente, um eine dritte Destillerie \u2013 Bruichladdich \u2013 zu bauen&#8230; von John entworfen, von Robert konstruiert und von William und anderen Familienmitgliedern finanziert. Bruichladdich wurde haupts\u00e4chlich von William nach einem Streit mit seinen Br\u00fcdern gef\u00fchrt, bevor die Brennerei \u00fcberhaupt fertiggestellt war. Nach seinem Tod wechselte Bruichladdich von 1936 bis 1969 zur Associated Scottish Distilleries Ltd. Nach mehreren Besitzerwechsel kaufte schlie\u00dflich Whyte and Mackay die Destillerie und erkl\u00e4rte sie 1994 als &#8220;\u00fcbersch\u00fcssig&#8221;. Nach der Wiederaufnahme am 19.12.2000 wurde sie von Murray McDavid gekauft. Jim McEwan, der seit seinem 15. Lebensjahr in der Bowmore Distillery gearbeitet hatte, wurde als Master Distiller und Produktionsleiter eingestellt. Zwischen Januar und Mai 2001 wurde die gesamte Brennerei demontiert und wieder zusammengebaut. Heute geh\u00f6rt Bruichladdich seit 2012 zum R\u00e9my Cointreau Konzern. Aktuell hat Bruichladdich ein Produktionsvolumen von ca. 1,5 Mio. Litern.<\/p>\n<p><strong>Fun Fakt:\u00a0\u00a0<\/strong>Ein Gro\u00dfteil der verwendeten Ger\u00e4te bei Bruichladdich ist die originale viktorianische Ausr\u00fcstung von damals. Keine Computer in der Produktion &#8211; au\u00dfer in den B\u00fcros, in denen eine Reihe von 8 Webcams betrieben werden. Diese Webcams standen im Mittelpunkt einer Geheimdienstoperation der (amerikanischen) &#8220;Defense Threat Reduction Agency&#8221;, als die antiken Destillationsanlagen der Brennerei mit denen verwechselt wurden, die angeblich f\u00fcr die chemischen Waffen des Iraks verwendet wurden. Dieser Irrglaube ging auf eine E-Mail zur\u00fcck, die ein amerikanischer Agent an die Destillerie schickte, als eine der Webcams kaputt war. Eine limitierte Auflage von Gedenkflaschen wurde zu Ehren der Geschichte herausgegeben.<\/p>\n<p><strong>Whisky\/Whiskey:<\/strong> <strong>Port Charlotte 2010 OLC:01<br \/>\n<\/strong>Port Charlotte ist der stark getorfte Single Malt von Bruichladdich mit einem Peating-Gehalt von etwa 40 ppm. Bruichladdich beschreibt Port Charlotte als &#8220;die Kraft des Torfs mit der Eleganz, Komplexit\u00e4t und blumigen Kopfnote, f\u00fcr die unsere Bruichladdich-Brennblasen ber\u00fchmt sind&#8221;. Nachdem 2000 Murray McDavid Bruichladdich \u00fcbernommen hat, startete er bereits 2001 mit ersten Produktion von Port Charlotte Whisky in Bruichladdich.<br \/>\nDer hier angebotene 9-J\u00e4hrige Port Charlotte stammt aus dem Jahr 2020. Mit dem Port Charlotte OLC: 01 erweitert die Bruichladdich Brennerei das au\u00dferordentliche Sortiment der Marke Port Charlotte. Destilliert wird der Whisky aus schottischer Gerste. Gelagert wird er in einer Kombination aus Ex-Bourbon-, Ex-S\u00fc\u00dfwein- und Ex-Syrah-Weinf\u00e4ssern. Das Finish erf\u00e4hrt der Port Charlotte OLC: 01 2010 f\u00fcr 18 Monate in Oloroso Hogsheads der Bodega Fernando de Chastilla. Insgesamt ein sehr feiner und spannender Single Malt! Limitiert auf 30.000 Flachen weltweit und in aufregenden 55,1% Alk.vol. Trinkst\u00e4rke abgef\u00fcllt.<br \/>\nIn der Nase zeigt sich &#8220;Torfrauch umh\u00fcllt von marmeladigen, dunklen Fr\u00fcchte, mit karamellisierten N\u00fcssen, festlichen Gew\u00fcrzen und Orangenschalen, mit Noten von Mokka, Ahornsirup und einem Hauch von maritimen Einfl\u00fcssen&#8221;. Am Gaumen findet sich &#8220;eine \u00f6lige Reichhaltig, mit duftendem Rauch, kandierten N\u00fcssen und getrockneten Feigen, neben Zigarrenkiste, pfeffriger Eiche und mehr Orangenschale&#8221;. Der Abgang l\u00e4sst sich wie folgt beschreiben&#8230; &#8220;Der Rauch ist jetzt trocken, mit Trockenfruchts\u00fc\u00dfe, Kakao und Vanille-Buttercreme, unterst\u00fctzt von mineralischer Salzigkeit und Zitrusquark&#8221;. (Verkostungsnotizen von <a href=\"http:\/\/www.masterofmalts.com\" target=\"_blank\" rel=\"noopener noreferrer\">www.masterofmalts.com<\/a>)<\/p>\n<p><strong>Info Qualit\u00e4t der Flasche:<\/strong> Exzellent &#8211; ohne Besch\u00e4digungen \/ <strong>F\u00fcllstand: <\/strong>Into neck<br \/>\n<strong>Info Qualit\u00e4t der Box: <\/strong>Exzellent &#8211; ohne Besch\u00e4digungen<\/p>\n<p><strong>Wichtiger Hinweis:<\/strong> Die Bewertung der Flaschen und Boxen erfolgt nach \u201ebesten Wissen und Gewissen\u201c. dramfolks kann keine Gew\u00e4hrleistung f\u00fcr den Inhalt der Flaschen \u00fcbernehmen. Weitere Infos &amp; Hinweise finden Sie in unseren AGBs. Wir empfehlen Ihnen, vor der Abgabe von Geboten \u00fcber die Zoomfunktion eine Besichtigung \/ genaue Pr\u00fcfung des angebotenen Whiskys vorzunehmen. Bitte kontaktieren sie uns bei Fragen direkt unter info@dramfolks.com<\/p>\n","protected":false},"excerpt":{"rendered":"<p>Destille: Bruichladdich Die Brennerei Bruichladdich ist eine Destillerie auf den Rhinns der Isle of Islay in Schottland. Der Name Bruichladdich ist eine Anglisierung von &#8220;Bruthach a&#8217; Chladaich&#8221; (schottisch-g\u00e4lisch f\u00fcr &#8220;Brae of the Shore&#8221;). Bruichladdich wurde 1881 von den Br\u00fcdern Harvey \u2013 William (32), John (31) und Robert (23) \u2013 am Ufer des Loch Indaal, dem[&#8230;]\n","protected":false},"featured_media":48929,"comment_status":"closed","ping_status":"closed","template":"","meta":[],"product_brand":[],"product_cat":[848],"product_tag":[],"class_list":{"0":"post-48928","1":"product","2":"type-product","3":"status-publish","4":"has-post-thumbnail","6":"product_cat-no-11","8":"first","9":"instock","10":"shipping-taxable","11":"purchasable","12":"product-type-auction"},"yoast_head":"<!-- This site is optimized with the Yoast SEO plugin v27.4 - https:\/\/yoast.com\/product\/yoast-seo-wordpress\/ -->\n<title>Bruichladdich - Port Charlotte 2010 OLC:01 - Dramfolks Whisky Auction<\/title>\n<meta name=\"robots\" content=\"index, follow, max-snippet:-1, max-image-preview:large, max-video-preview:-1\" \/>\n<link rel=\"canonical\" href=\"https:\/\/www.dramfolks-whisky-auction.com\/en\/product\/bruichladdich-port-charlotte-2010-olc01\/\" \/>\n<meta property=\"og:locale\" content=\"en_US\" \/>\n<meta property=\"og:type\" content=\"article\" \/>\n<meta property=\"og:title\" content=\"Bruichladdich - Port Charlotte 2010 OLC:01 - Dramfolks Whisky Auction\" \/>\n<meta property=\"og:description\" content=\"Destille: Bruichladdich Die Brennerei Bruichladdich ist eine Destillerie auf den Rhinns der Isle of Islay in Schottland. Der Name Bruichladdich ist eine Anglisierung von &#8220;Bruthach a&#8217; Chladaich&#8221; (schottisch-g\u00e4lisch f\u00fcr &#8220;Brae of the Shore&#8221;). Bruichladdich wurde 1881 von den Br\u00fcdern Harvey \u2013 William (32), John (31) und Robert (23) \u2013 am Ufer des Loch Indaal, dem[...]\" \/>\n<meta property=\"og:url\" content=\"https:\/\/www.dramfolks-whisky-auction.com\/en\/product\/bruichladdich-port-charlotte-2010-olc01\/\" \/>\n<meta property=\"og:site_name\" content=\"Dramfolks Whisky Auction\" \/>\n<meta property=\"article:modified_time\" content=\"2024-06-20T05:43:08+00:00\" \/>\n<meta property=\"og:image\" content=\"https:\/\/www.dramfolks-whisky-auction.com\/wp-content\/uploads\/2024\/06\/Port-Charlotte-2010-vorne-scaled.jpg\" \/>\n\t<meta property=\"og:image:width\" content=\"2560\" \/>\n\t<meta property=\"og:image:height\" content=\"2560\" \/>\n\t<meta property=\"og:image:type\" content=\"image\/jpeg\" \/>\n<meta name=\"twitter:card\" content=\"summary_large_image\" \/>\n<meta name=\"twitter:label1\" content=\"Est. reading time\" \/>\n\t<meta name=\"twitter:data1\" content=\"4 minutes\" \/>\n<script type=\"application\/ld+json\" class=\"yoast-schema-graph\">{\"@context\":\"https:\\\/\\\/schema.org\",\"@graph\":[{\"@type\":\"WebPage\",\"@id\":\"https:\\\/\\\/www.dramfolks-whisky-auction.com\\\/en\\\/product\\\/bruichladdich-port-charlotte-2010-olc01\\\/\",\"url\":\"https:\\\/\\\/www.dramfolks-whisky-auction.com\\\/en\\\/product\\\/bruichladdich-port-charlotte-2010-olc01\\\/\",\"name\":\"Bruichladdich - Port Charlotte 2010 OLC:01 - Dramfolks Whisky Auction\",\"isPartOf\":{\"@id\":\"https:\\\/\\\/www.dramfolks-whisky-auction.com\\\/en\\\/#website\"},\"primaryImageOfPage\":{\"@id\":\"https:\\\/\\\/www.dramfolks-whisky-auction.com\\\/en\\\/product\\\/bruichladdich-port-charlotte-2010-olc01\\\/#primaryimage\"},\"image\":{\"@id\":\"https:\\\/\\\/www.dramfolks-whisky-auction.com\\\/en\\\/product\\\/bruichladdich-port-charlotte-2010-olc01\\\/#primaryimage\"},\"thumbnailUrl\":\"https:\\\/\\\/www.dramfolks-whisky-auction.com\\\/wp-content\\\/uploads\\\/2024\\\/06\\\/Port-Charlotte-2010-vorne-scaled.jpg\",\"datePublished\":\"2024-06-01T15:29:19+00:00\",\"dateModified\":\"2024-06-20T05:43:08+00:00\",\"breadcrumb\":{\"@id\":\"https:\\\/\\\/www.dramfolks-whisky-auction.com\\\/en\\\/product\\\/bruichladdich-port-charlotte-2010-olc01\\\/#breadcrumb\"},\"inLanguage\":\"en-US\",\"potentialAction\":[{\"@type\":\"ReadAction\",\"target\":[\"https:\\\/\\\/www.dramfolks-whisky-auction.com\\\/en\\\/product\\\/bruichladdich-port-charlotte-2010-olc01\\\/\"]}]},{\"@type\":\"ImageObject\",\"inLanguage\":\"en-US\",\"@id\":\"https:\\\/\\\/www.dramfolks-whisky-auction.com\\\/en\\\/product\\\/bruichladdich-port-charlotte-2010-olc01\\\/#primaryimage\",\"url\":\"https:\\\/\\\/www.dramfolks-whisky-auction.com\\\/wp-content\\\/uploads\\\/2024\\\/06\\\/Port-Charlotte-2010-vorne-scaled.jpg\",\"contentUrl\":\"https:\\\/\\\/www.dramfolks-whisky-auction.com\\\/wp-content\\\/uploads\\\/2024\\\/06\\\/Port-Charlotte-2010-vorne-scaled.jpg\",\"width\":2560,\"height\":2560},{\"@type\":\"BreadcrumbList\",\"@id\":\"https:\\\/\\\/www.dramfolks-whisky-auction.com\\\/en\\\/product\\\/bruichladdich-port-charlotte-2010-olc01\\\/#breadcrumb\",\"itemListElement\":[{\"@type\":\"ListItem\",\"position\":1,\"name\":\"Startseite\",\"item\":\"https:\\\/\\\/www.dramfolks-whisky-auction.com\\\/en\\\/\"},{\"@type\":\"ListItem\",\"position\":2,\"name\":\"Shop\",\"item\":\"https:\\\/\\\/www.dramfolks-whisky-auction.com\\\/en\\\/shop\\\/\"},{\"@type\":\"ListItem\",\"position\":3,\"name\":\"Bruichladdich &#8211; Port Charlotte 2010 OLC:01\"}]},{\"@type\":\"WebSite\",\"@id\":\"https:\\\/\\\/www.dramfolks-whisky-auction.com\\\/en\\\/#website\",\"url\":\"https:\\\/\\\/www.dramfolks-whisky-auction.com\\\/en\\\/\",\"name\":\"Dramfolks Whisky Auction\",\"description\":\"\",\"potentialAction\":[{\"@type\":\"SearchAction\",\"target\":{\"@type\":\"EntryPoint\",\"urlTemplate\":\"https:\\\/\\\/www.dramfolks-whisky-auction.com\\\/en\\\/?s={search_term_string}\"},\"query-input\":{\"@type\":\"PropertyValueSpecification\",\"valueRequired\":true,\"valueName\":\"search_term_string\"}}],\"inLanguage\":\"en-US\"}]}<\/script>\n<!-- \/ Yoast SEO plugin. -->","yoast_head_json":{"title":"Bruichladdich - Port Charlotte 2010 OLC:01 - Dramfolks Whisky Auction","robots":{"index":"index","follow":"follow","max-snippet":"max-snippet:-1","max-image-preview":"max-image-preview:large","max-video-preview":"max-video-preview:-1"},"canonical":"https:\/\/www.dramfolks-whisky-auction.com\/en\/product\/bruichladdich-port-charlotte-2010-olc01\/","og_locale":"en_US","og_type":"article","og_title":"Bruichladdich - Port Charlotte 2010 OLC:01 - Dramfolks Whisky Auction","og_description":"Destille: Bruichladdich Die Brennerei Bruichladdich ist eine Destillerie auf den Rhinns der Isle of Islay in Schottland. Der Name Bruichladdich ist eine Anglisierung von &#8220;Bruthach a&#8217; Chladaich&#8221; (schottisch-g\u00e4lisch f\u00fcr &#8220;Brae of the Shore&#8221;). Bruichladdich wurde 1881 von den Br\u00fcdern Harvey \u2013 William (32), John (31) und Robert (23) \u2013 am Ufer des Loch Indaal, dem[...]","og_url":"https:\/\/www.dramfolks-whisky-auction.com\/en\/product\/bruichladdich-port-charlotte-2010-olc01\/","og_site_name":"Dramfolks Whisky Auction","article_modified_time":"2024-06-20T05:43:08+00:00","og_image":[{"width":2560,"height":2560,"url":"https:\/\/www.dramfolks-whisky-auction.com\/wp-content\/uploads\/2024\/06\/Port-Charlotte-2010-vorne-scaled.jpg","type":"image\/jpeg"}],"twitter_card":"summary_large_image","twitter_misc":{"Est. reading time":"4 minutes"},"schema":{"@context":"https:\/\/schema.org","@graph":[{"@type":"WebPage","@id":"https:\/\/www.dramfolks-whisky-auction.com\/en\/product\/bruichladdich-port-charlotte-2010-olc01\/","url":"https:\/\/www.dramfolks-whisky-auction.com\/en\/product\/bruichladdich-port-charlotte-2010-olc01\/","name":"Bruichladdich - Port Charlotte 2010 OLC:01 - Dramfolks Whisky Auction","isPartOf":{"@id":"https:\/\/www.dramfolks-whisky-auction.com\/en\/#website"},"primaryImageOfPage":{"@id":"https:\/\/www.dramfolks-whisky-auction.com\/en\/product\/bruichladdich-port-charlotte-2010-olc01\/#primaryimage"},"image":{"@id":"https:\/\/www.dramfolks-whisky-auction.com\/en\/product\/bruichladdich-port-charlotte-2010-olc01\/#primaryimage"},"thumbnailUrl":"https:\/\/www.dramfolks-whisky-auction.com\/wp-content\/uploads\/2024\/06\/Port-Charlotte-2010-vorne-scaled.jpg","datePublished":"2024-06-01T15:29:19+00:00","dateModified":"2024-06-20T05:43:08+00:00","breadcrumb":{"@id":"https:\/\/www.dramfolks-whisky-auction.com\/en\/product\/bruichladdich-port-charlotte-2010-olc01\/#breadcrumb"},"inLanguage":"en-US","potentialAction":[{"@type":"ReadAction","target":["https:\/\/www.dramfolks-whisky-auction.com\/en\/product\/bruichladdich-port-charlotte-2010-olc01\/"]}]},{"@type":"ImageObject","inLanguage":"en-US","@id":"https:\/\/www.dramfolks-whisky-auction.com\/en\/product\/bruichladdich-port-charlotte-2010-olc01\/#primaryimage","url":"https:\/\/www.dramfolks-whisky-auction.com\/wp-content\/uploads\/2024\/06\/Port-Charlotte-2010-vorne-scaled.jpg","contentUrl":"https:\/\/www.dramfolks-whisky-auction.com\/wp-content\/uploads\/2024\/06\/Port-Charlotte-2010-vorne-scaled.jpg","width":2560,"height":2560},{"@type":"BreadcrumbList","@id":"https:\/\/www.dramfolks-whisky-auction.com\/en\/product\/bruichladdich-port-charlotte-2010-olc01\/#breadcrumb","itemListElement":[{"@type":"ListItem","position":1,"name":"Startseite","item":"https:\/\/www.dramfolks-whisky-auction.com\/en\/"},{"@type":"ListItem","position":2,"name":"Shop","item":"https:\/\/www.dramfolks-whisky-auction.com\/en\/shop\/"},{"@type":"ListItem","position":3,"name":"Bruichladdich &#8211; Port Charlotte 2010 OLC:01"}]},{"@type":"WebSite","@id":"https:\/\/www.dramfolks-whisky-auction.com\/en\/#website","url":"https:\/\/www.dramfolks-whisky-auction.com\/en\/","name":"Dramfolks Whisky Auction","description":"","potentialAction":[{"@type":"SearchAction","target":{"@type":"EntryPoint","urlTemplate":"https:\/\/www.dramfolks-whisky-auction.com\/en\/?s={search_term_string}"},"query-input":{"@type":"PropertyValueSpecification","valueRequired":true,"valueName":"search_term_string"}}],"inLanguage":"en-US"}]}},"_links":{"self":[{"href":"https:\/\/www.dramfolks-whisky-auction.com\/en\/wp-json\/wp\/v2\/product\/48928","targetHints":{"allow":["GET"]}}],"collection":[{"href":"https:\/\/www.dramfolks-whisky-auction.com\/en\/wp-json\/wp\/v2\/product"}],"about":[{"href":"https:\/\/www.dramfolks-whisky-auction.com\/en\/wp-json\/wp\/v2\/types\/product"}],"replies":[{"embeddable":true,"href":"https:\/\/www.dramfolks-whisky-auction.com\/en\/wp-json\/wp\/v2\/comments?post=48928"}],"wp:featuredmedia":[{"embeddable":true,"href":"https:\/\/www.dramfolks-whisky-auction.com\/en\/wp-json\/wp\/v2\/media\/48929"}],"wp:attachment":[{"href":"https:\/\/www.dramfolks-whisky-auction.com\/en\/wp-json\/wp\/v2\/media?parent=48928"}],"wp:term":[{"taxonomy":"product_brand","embeddable":true,"href":"https:\/\/www.dramfolks-whisky-auction.com\/en\/wp-json\/wp\/v2\/product_brand?post=48928"},{"taxonomy":"product_cat","embeddable":true,"href":"https:\/\/www.dramfolks-whisky-auction.com\/en\/wp-json\/wp\/v2\/product_cat?post=48928"},{"taxonomy":"product_tag","embeddable":true,"href":"https:\/\/www.dramfolks-whisky-auction.com\/en\/wp-json\/wp\/v2\/product_tag?post=48928"}],"curies":[{"name":"wp","href":"https:\/\/api.w.org\/{rel}","templated":true}]}}