{"id":48897,"date":"2024-06-01T16:12:46","date_gmt":"2024-06-01T14:12:46","guid":{"rendered":"https:\/\/www.dramfolks-whisky-auction.com\/?post_type=product&#038;p=48897"},"modified":"2024-06-16T19:45:16","modified_gmt":"2024-06-16T17:45:16","slug":"dailuaine-distillery-fable-moon-14-yo-edinburgh-exclusive-2023-3","status":"publish","type":"product","link":"https:\/\/www.dramfolks-whisky-auction.com\/en\/product\/dailuaine-distillery-fable-moon-14-yo-edinburgh-exclusive-2023-3\/","title":{"rendered":"Dailuaine Distillery &#8211; Fable Moon 14 yo Edinburgh Exclusive 2023"},"content":{"rendered":"<p><strong>Destille: Dailuaine Distillery<br \/>\n<\/strong>Der Name Dailuaine leitet sich vom g\u00e4lischen &#8220;An dail uaine&#8221; ab, was &#8220;gr\u00fcnes Tal&#8221; bedeutet. Gegr\u00fcndet wurde diese Brennerei im Jahr 1852 von William Mackenzie. Wenn man den idyllischen Standort der Brennerei im geschwungenen Tal des Flusses Spey bedenkt, ist die Wahl des Namens recht einleuchtend. Das Wasser f\u00fcr Dailuaine stammt vom Bailliemullich Burn, der an der Brennerei vorbei flie\u00dft. Single Malt Abf\u00fcllungen von der landschaftlich sch\u00f6n gelegenen Speyside-Brennerei Dailuaine gibt es nur wenige. Die Brennerei bringt nur eine Handvoll offizieller Abf\u00fcllungen \u00fcber die Flora &amp; Fauna-Serie und hin und wieder in der &#8220;Manager&#8217;s Drams&#8221;-Reihe heraus. Es gibt mittlerweile mehr unabh\u00e4ngige Abf\u00fcllungen, wobei Gordon &amp; MacPhail hier den wichtigsten Abf\u00fcller darstellt. Nur ca. zwei Prozent des produzierten Whiskys werden als Single Malt vermarktet, der Rest wird f\u00fcr den Blended Whisky Johnnie Walker verwendet. Seit Dailuaine 1987 von United Destillers (heute Diageo) \u00fcbernommen wurde, erh\u00f6hte die Brennerei ihren j\u00e4hrlichen Aussto\u00df von 2,75 Millionen Litern im Jahr 1991 auf heute 3,3 Millionen Liter. Im Jahr 2013 investierte Diageo 6 Millionen Pfund in eine hochmoderne Bioenergieanlage in der Brennerei.<\/p>\n<p><strong>Fun Fakt:\u00a0<\/strong>1889 wurde Dailuaine, damals eine der gr\u00f6\u00dften Destillen der Highlands, als erste Brennerei mit einem von Charles Doig entworfenen &#8220;Pagoden-Dach&#8221; ausgestattet. Viele andere Brennereien folgten diesem Beispiel, u.a. Aberlour, Ardbeg und Benriach. Dieses architektonische Juwel zielte darauf ab die bestehenden Standards f\u00fcr die Ableitung des Torfrauchs erheblich zu verbessern.<\/p>\n<p><strong>Whisky\/Whiskey: Fable Moon 14 yo Edinburgh Exclusive 2023<br \/>\n<\/strong>Dieser Dailuaine ist einer von f\u00fcnf Single-Cask-Whiskys, aus denen Fables erstes Ergebnis besteht. Er repr\u00e4sentiert das Mondkapitel in der Geschichte von The Ghost Piper of Clanyard Bay. Die erste Geschichte des neuen unabh\u00e4ngigen Abf\u00fcllers Fable Whisky taucht in die Legende von &#8220;The Ghost Piper of Clanyard Bay&#8221;, einer Geschichte von der South West Coast of Scotland, ein. Fable arbeitete mit dem K\u00fcnstler Hugo Cuellar zusammen, um eine verzauberte Welt zu schaffen, aus der Etikett-Illustrationen, die Charaktere und Szenen hervorheben, eine Reihe von elf Kapiteln bilden. Jedes dieser Kapitel wird durch einen einzigen Fass-Whisky dargestellt, der mit Fassst\u00e4rke, nat\u00fcrlicher Farbe und ohne K\u00e4ltefiltration abgef\u00fcllt wird. Das Hogshead-Fass, aus dem dieser Single Malt Whisky stammt, hat dem Destillat seine charakteristischen Aromen und Geschmacksnoten verliehen. <strong><em>Es handelt sich hierbei um die ganz neue 14yo Einzelfassabf\u00fcllung mit der Fassnummer 316412 und einer Auflage von lediglich 283 Flaschen und hier um Bottle 199!<\/em><\/strong><\/p>\n<p><strong>Sidenote zum Abf\u00fcller: <\/strong><span style=\"font-family: tahoma, arial, helvetica, sans-serif;\">Der Unabh\u00e4ngige Abf\u00fcller Pendulum Spirits Ltd. f\u00fcllt unter dem Namen Fable Whisky Einzelf\u00e4sser ab, die mit der Kunst des Geschichtenerz\u00e4hlens, der Animation und der Illustration verbunden sind.<\/span> Ein somit spezielles und originelles Konzept verfolgen die beiden Direktoren von Pendulum Spirits, Andrew Torrance und Calum Lawrie, bei der Einf\u00fchrung ihrer Marke\u00a0Fable als unabh\u00e4ngiger Abf\u00fcller. Um im Bereich der Premium Scotch Whisky f\u00fcr ihre Bottlings die n\u00f6tige Aufmerksamkeit zu wecken, setzen sie auf das Marketing-Instrument Storytelling. In Zusammenarbeit mit der renommierten Londoner Agentur GP Studio f\u00fcr Design, einer betr\u00e4chtlichen Investition und gemeinsam mit dem Visual Artist Hugo Cuellar, dem Creative Writer Des Waddy und Erz\u00e4hler Jeff Rawle schuf Fable die Story von The Ghost Piper of Clanyard Bay. Legend\u00e4re Mythen werden durch die Kunst zum Leben erweckt und pr\u00e4sentieren handverlesene Single Malts mit unverwechselbarem Geschmack und faszinierendem Charakter.<\/p>\n<p><strong>Info Qualit\u00e4t der Flasche:<\/strong> Exzellent &#8211; ohne Besch\u00e4digungen \/ <strong>F\u00fcllstand:<\/strong> Into neck<br \/>\n<strong>Info Qualit\u00e4t der Box:\u00a0<\/strong>Exzellent &#8211; ohne Besch\u00e4digungen<\/p>\n<p><strong>Wichtiger Hinweis:<\/strong> Die Bewertung der Flaschen und Boxen erfolgt nach \u201ebesten Wissen und Gewissen\u201c. dramfolks kann keine Gew\u00e4hrleistung f\u00fcr den Inhalt der Flaschen \u00fcbernehmen. Weitere Infos &amp; Hinweise finden Sie in unseren AGBs. Wir empfehlen Ihnen, vor der Abgabe von Geboten \u00fcber die Zoomfunktion eine Besichtigung \/ genaue Pr\u00fcfung des angebotenen Whiskys vorzunehmen. Bitte kontaktieren sie uns bei Fragen direkt unter info@dramfolks.com<\/p>\n","protected":false},"excerpt":{"rendered":"<p>Destille: Dailuaine Distillery Der Name Dailuaine leitet sich vom g\u00e4lischen &#8220;An dail uaine&#8221; ab, was &#8220;gr\u00fcnes Tal&#8221; bedeutet. Gegr\u00fcndet wurde diese Brennerei im Jahr 1852 von William Mackenzie. Wenn man den idyllischen Standort der Brennerei im geschwungenen Tal des Flusses Spey bedenkt, ist die Wahl des Namens recht einleuchtend. Das Wasser f\u00fcr Dailuaine stammt vom[&#8230;]\n","protected":false},"featured_media":6486,"comment_status":"closed","ping_status":"closed","template":"","meta":[],"product_brand":[],"product_cat":[848],"product_tag":[],"class_list":{"0":"post-48897","1":"product","2":"type-product","3":"status-publish","4":"has-post-thumbnail","6":"product_cat-no-11","8":"first","9":"instock","10":"shipping-taxable","11":"purchasable","12":"product-type-auction"},"yoast_head":"<!-- This site is optimized with the Yoast SEO plugin v27.4 - https:\/\/yoast.com\/product\/yoast-seo-wordpress\/ -->\n<title>Dailuaine Distillery - Fable Moon 14 yo Edinburgh Exclusive 2023 - Dramfolks Whisky Auction<\/title>\n<meta name=\"robots\" content=\"index, follow, max-snippet:-1, max-image-preview:large, max-video-preview:-1\" \/>\n<link rel=\"canonical\" href=\"https:\/\/www.dramfolks-whisky-auction.com\/en\/product\/dailuaine-distillery-fable-moon-14-yo-edinburgh-exclusive-2023-3\/\" \/>\n<meta property=\"og:locale\" content=\"en_US\" \/>\n<meta property=\"og:type\" content=\"article\" \/>\n<meta property=\"og:title\" content=\"Dailuaine Distillery - Fable Moon 14 yo Edinburgh Exclusive 2023 - Dramfolks Whisky Auction\" \/>\n<meta property=\"og:description\" content=\"Destille: Dailuaine Distillery Der Name Dailuaine leitet sich vom g\u00e4lischen &#8220;An dail uaine&#8221; ab, was &#8220;gr\u00fcnes Tal&#8221; bedeutet. Gegr\u00fcndet wurde diese Brennerei im Jahr 1852 von William Mackenzie. Wenn man den idyllischen Standort der Brennerei im geschwungenen Tal des Flusses Spey bedenkt, ist die Wahl des Namens recht einleuchtend. Das Wasser f\u00fcr Dailuaine stammt vom[...]\" \/>\n<meta property=\"og:url\" content=\"https:\/\/www.dramfolks-whisky-auction.com\/en\/product\/dailuaine-distillery-fable-moon-14-yo-edinburgh-exclusive-2023-3\/\" \/>\n<meta property=\"og:site_name\" content=\"Dramfolks Whisky Auction\" \/>\n<meta property=\"article:modified_time\" content=\"2024-06-16T17:45:16+00:00\" \/>\n<meta property=\"og:image\" content=\"https:\/\/www.dramfolks-whisky-auction.com\/wp-content\/uploads\/2024\/04\/Fable-Moon-vorne-scaled.jpg\" \/>\n\t<meta property=\"og:image:width\" content=\"2560\" \/>\n\t<meta property=\"og:image:height\" content=\"2560\" \/>\n\t<meta property=\"og:image:type\" content=\"image\/jpeg\" \/>\n<meta name=\"twitter:card\" content=\"summary_large_image\" \/>\n<meta name=\"twitter:label1\" content=\"Est. reading time\" \/>\n\t<meta name=\"twitter:data1\" content=\"4 minutes\" \/>\n<script type=\"application\/ld+json\" class=\"yoast-schema-graph\">{\"@context\":\"https:\\\/\\\/schema.org\",\"@graph\":[{\"@type\":\"WebPage\",\"@id\":\"https:\\\/\\\/www.dramfolks-whisky-auction.com\\\/en\\\/product\\\/dailuaine-distillery-fable-moon-14-yo-edinburgh-exclusive-2023-3\\\/\",\"url\":\"https:\\\/\\\/www.dramfolks-whisky-auction.com\\\/en\\\/product\\\/dailuaine-distillery-fable-moon-14-yo-edinburgh-exclusive-2023-3\\\/\",\"name\":\"Dailuaine Distillery - Fable Moon 14 yo Edinburgh Exclusive 2023 - Dramfolks Whisky Auction\",\"isPartOf\":{\"@id\":\"https:\\\/\\\/www.dramfolks-whisky-auction.com\\\/en\\\/#website\"},\"primaryImageOfPage\":{\"@id\":\"https:\\\/\\\/www.dramfolks-whisky-auction.com\\\/en\\\/product\\\/dailuaine-distillery-fable-moon-14-yo-edinburgh-exclusive-2023-3\\\/#primaryimage\"},\"image\":{\"@id\":\"https:\\\/\\\/www.dramfolks-whisky-auction.com\\\/en\\\/product\\\/dailuaine-distillery-fable-moon-14-yo-edinburgh-exclusive-2023-3\\\/#primaryimage\"},\"thumbnailUrl\":\"https:\\\/\\\/www.dramfolks-whisky-auction.com\\\/wp-content\\\/uploads\\\/2024\\\/04\\\/Fable-Moon-vorne-scaled.jpg\",\"datePublished\":\"2024-06-01T14:12:46+00:00\",\"dateModified\":\"2024-06-16T17:45:16+00:00\",\"breadcrumb\":{\"@id\":\"https:\\\/\\\/www.dramfolks-whisky-auction.com\\\/en\\\/product\\\/dailuaine-distillery-fable-moon-14-yo-edinburgh-exclusive-2023-3\\\/#breadcrumb\"},\"inLanguage\":\"en-US\",\"potentialAction\":[{\"@type\":\"ReadAction\",\"target\":[\"https:\\\/\\\/www.dramfolks-whisky-auction.com\\\/en\\\/product\\\/dailuaine-distillery-fable-moon-14-yo-edinburgh-exclusive-2023-3\\\/\"]}]},{\"@type\":\"ImageObject\",\"inLanguage\":\"en-US\",\"@id\":\"https:\\\/\\\/www.dramfolks-whisky-auction.com\\\/en\\\/product\\\/dailuaine-distillery-fable-moon-14-yo-edinburgh-exclusive-2023-3\\\/#primaryimage\",\"url\":\"https:\\\/\\\/www.dramfolks-whisky-auction.com\\\/wp-content\\\/uploads\\\/2024\\\/04\\\/Fable-Moon-vorne-scaled.jpg\",\"contentUrl\":\"https:\\\/\\\/www.dramfolks-whisky-auction.com\\\/wp-content\\\/uploads\\\/2024\\\/04\\\/Fable-Moon-vorne-scaled.jpg\",\"width\":2560,\"height\":2560},{\"@type\":\"BreadcrumbList\",\"@id\":\"https:\\\/\\\/www.dramfolks-whisky-auction.com\\\/en\\\/product\\\/dailuaine-distillery-fable-moon-14-yo-edinburgh-exclusive-2023-3\\\/#breadcrumb\",\"itemListElement\":[{\"@type\":\"ListItem\",\"position\":1,\"name\":\"Startseite\",\"item\":\"https:\\\/\\\/www.dramfolks-whisky-auction.com\\\/en\\\/\"},{\"@type\":\"ListItem\",\"position\":2,\"name\":\"Shop\",\"item\":\"https:\\\/\\\/www.dramfolks-whisky-auction.com\\\/en\\\/shop\\\/\"},{\"@type\":\"ListItem\",\"position\":3,\"name\":\"Dailuaine Distillery &#8211; Fable Moon 14 yo Edinburgh Exclusive 2023\"}]},{\"@type\":\"WebSite\",\"@id\":\"https:\\\/\\\/www.dramfolks-whisky-auction.com\\\/en\\\/#website\",\"url\":\"https:\\\/\\\/www.dramfolks-whisky-auction.com\\\/en\\\/\",\"name\":\"Dramfolks Whisky Auction\",\"description\":\"\",\"potentialAction\":[{\"@type\":\"SearchAction\",\"target\":{\"@type\":\"EntryPoint\",\"urlTemplate\":\"https:\\\/\\\/www.dramfolks-whisky-auction.com\\\/en\\\/?s={search_term_string}\"},\"query-input\":{\"@type\":\"PropertyValueSpecification\",\"valueRequired\":true,\"valueName\":\"search_term_string\"}}],\"inLanguage\":\"en-US\"}]}<\/script>\n<!-- \/ Yoast SEO plugin. -->","yoast_head_json":{"title":"Dailuaine Distillery - Fable Moon 14 yo Edinburgh Exclusive 2023 - Dramfolks Whisky Auction","robots":{"index":"index","follow":"follow","max-snippet":"max-snippet:-1","max-image-preview":"max-image-preview:large","max-video-preview":"max-video-preview:-1"},"canonical":"https:\/\/www.dramfolks-whisky-auction.com\/en\/product\/dailuaine-distillery-fable-moon-14-yo-edinburgh-exclusive-2023-3\/","og_locale":"en_US","og_type":"article","og_title":"Dailuaine Distillery - Fable Moon 14 yo Edinburgh Exclusive 2023 - Dramfolks Whisky Auction","og_description":"Destille: Dailuaine Distillery Der Name Dailuaine leitet sich vom g\u00e4lischen &#8220;An dail uaine&#8221; ab, was &#8220;gr\u00fcnes Tal&#8221; bedeutet. Gegr\u00fcndet wurde diese Brennerei im Jahr 1852 von William Mackenzie. Wenn man den idyllischen Standort der Brennerei im geschwungenen Tal des Flusses Spey bedenkt, ist die Wahl des Namens recht einleuchtend. Das Wasser f\u00fcr Dailuaine stammt vom[...]","og_url":"https:\/\/www.dramfolks-whisky-auction.com\/en\/product\/dailuaine-distillery-fable-moon-14-yo-edinburgh-exclusive-2023-3\/","og_site_name":"Dramfolks Whisky Auction","article_modified_time":"2024-06-16T17:45:16+00:00","og_image":[{"width":2560,"height":2560,"url":"https:\/\/www.dramfolks-whisky-auction.com\/wp-content\/uploads\/2024\/04\/Fable-Moon-vorne-scaled.jpg","type":"image\/jpeg"}],"twitter_card":"summary_large_image","twitter_misc":{"Est. reading time":"4 minutes"},"schema":{"@context":"https:\/\/schema.org","@graph":[{"@type":"WebPage","@id":"https:\/\/www.dramfolks-whisky-auction.com\/en\/product\/dailuaine-distillery-fable-moon-14-yo-edinburgh-exclusive-2023-3\/","url":"https:\/\/www.dramfolks-whisky-auction.com\/en\/product\/dailuaine-distillery-fable-moon-14-yo-edinburgh-exclusive-2023-3\/","name":"Dailuaine Distillery - Fable Moon 14 yo Edinburgh Exclusive 2023 - Dramfolks Whisky Auction","isPartOf":{"@id":"https:\/\/www.dramfolks-whisky-auction.com\/en\/#website"},"primaryImageOfPage":{"@id":"https:\/\/www.dramfolks-whisky-auction.com\/en\/product\/dailuaine-distillery-fable-moon-14-yo-edinburgh-exclusive-2023-3\/#primaryimage"},"image":{"@id":"https:\/\/www.dramfolks-whisky-auction.com\/en\/product\/dailuaine-distillery-fable-moon-14-yo-edinburgh-exclusive-2023-3\/#primaryimage"},"thumbnailUrl":"https:\/\/www.dramfolks-whisky-auction.com\/wp-content\/uploads\/2024\/04\/Fable-Moon-vorne-scaled.jpg","datePublished":"2024-06-01T14:12:46+00:00","dateModified":"2024-06-16T17:45:16+00:00","breadcrumb":{"@id":"https:\/\/www.dramfolks-whisky-auction.com\/en\/product\/dailuaine-distillery-fable-moon-14-yo-edinburgh-exclusive-2023-3\/#breadcrumb"},"inLanguage":"en-US","potentialAction":[{"@type":"ReadAction","target":["https:\/\/www.dramfolks-whisky-auction.com\/en\/product\/dailuaine-distillery-fable-moon-14-yo-edinburgh-exclusive-2023-3\/"]}]},{"@type":"ImageObject","inLanguage":"en-US","@id":"https:\/\/www.dramfolks-whisky-auction.com\/en\/product\/dailuaine-distillery-fable-moon-14-yo-edinburgh-exclusive-2023-3\/#primaryimage","url":"https:\/\/www.dramfolks-whisky-auction.com\/wp-content\/uploads\/2024\/04\/Fable-Moon-vorne-scaled.jpg","contentUrl":"https:\/\/www.dramfolks-whisky-auction.com\/wp-content\/uploads\/2024\/04\/Fable-Moon-vorne-scaled.jpg","width":2560,"height":2560},{"@type":"BreadcrumbList","@id":"https:\/\/www.dramfolks-whisky-auction.com\/en\/product\/dailuaine-distillery-fable-moon-14-yo-edinburgh-exclusive-2023-3\/#breadcrumb","itemListElement":[{"@type":"ListItem","position":1,"name":"Startseite","item":"https:\/\/www.dramfolks-whisky-auction.com\/en\/"},{"@type":"ListItem","position":2,"name":"Shop","item":"https:\/\/www.dramfolks-whisky-auction.com\/en\/shop\/"},{"@type":"ListItem","position":3,"name":"Dailuaine Distillery &#8211; Fable Moon 14 yo Edinburgh Exclusive 2023"}]},{"@type":"WebSite","@id":"https:\/\/www.dramfolks-whisky-auction.com\/en\/#website","url":"https:\/\/www.dramfolks-whisky-auction.com\/en\/","name":"Dramfolks Whisky Auction","description":"","potentialAction":[{"@type":"SearchAction","target":{"@type":"EntryPoint","urlTemplate":"https:\/\/www.dramfolks-whisky-auction.com\/en\/?s={search_term_string}"},"query-input":{"@type":"PropertyValueSpecification","valueRequired":true,"valueName":"search_term_string"}}],"inLanguage":"en-US"}]}},"_links":{"self":[{"href":"https:\/\/www.dramfolks-whisky-auction.com\/en\/wp-json\/wp\/v2\/product\/48897","targetHints":{"allow":["GET"]}}],"collection":[{"href":"https:\/\/www.dramfolks-whisky-auction.com\/en\/wp-json\/wp\/v2\/product"}],"about":[{"href":"https:\/\/www.dramfolks-whisky-auction.com\/en\/wp-json\/wp\/v2\/types\/product"}],"replies":[{"embeddable":true,"href":"https:\/\/www.dramfolks-whisky-auction.com\/en\/wp-json\/wp\/v2\/comments?post=48897"}],"wp:featuredmedia":[{"embeddable":true,"href":"https:\/\/www.dramfolks-whisky-auction.com\/en\/wp-json\/wp\/v2\/media\/6486"}],"wp:attachment":[{"href":"https:\/\/www.dramfolks-whisky-auction.com\/en\/wp-json\/wp\/v2\/media?parent=48897"}],"wp:term":[{"taxonomy":"product_brand","embeddable":true,"href":"https:\/\/www.dramfolks-whisky-auction.com\/en\/wp-json\/wp\/v2\/product_brand?post=48897"},{"taxonomy":"product_cat","embeddable":true,"href":"https:\/\/www.dramfolks-whisky-auction.com\/en\/wp-json\/wp\/v2\/product_cat?post=48897"},{"taxonomy":"product_tag","embeddable":true,"href":"https:\/\/www.dramfolks-whisky-auction.com\/en\/wp-json\/wp\/v2\/product_tag?post=48897"}],"curies":[{"name":"wp","href":"https:\/\/api.w.org\/{rel}","templated":true}]}}