{"id":48875,"date":"2024-05-31T20:57:28","date_gmt":"2024-05-31T18:57:28","guid":{"rendered":"https:\/\/www.dramfolks-whisky-auction.com\/?post_type=product&#038;p=48875"},"modified":"2024-06-16T19:30:09","modified_gmt":"2024-06-16T17:30:09","slug":"bunnahabhain-7yo-2014-2022-duncan-taylor","status":"publish","type":"product","link":"https:\/\/www.dramfolks-whisky-auction.com\/en\/product\/bunnahabhain-7yo-2014-2022-duncan-taylor\/","title":{"rendered":"Bunnahabhain &#8211; 7yo 2014\/2022 (Duncan Taylor)"},"content":{"rendered":"<p><strong>Destille: Bunnahabhain<br \/>\n<\/strong>Die Bunnahabhain Destillerie (schottisch-g\u00e4lisch: Taigh-staile Bun na h-Abhainne) wurde 1881 in der N\u00e4he von Port Askaig auf Islay gegr\u00fcndet. Im Jahr 1887, als Bunnahabhain mit Glenrothes fusionierte, wurde ebenfalls Highland Distillers [heute Edrington] gegr\u00fcndet. W\u00e4hrend andere Islay-Destillerien ihre Marken als Single Malts und zum Blenden verkauften, war Bunnas Schicksal immer bei letzteren (u.a. bei Famous Grouse, Cutty Sark und Black Bottle). Das schnelle Wachstum von Scotch in den fr\u00fchen 1960er Jahren f\u00fchrte dazu, dass die Brennblasen 1963 verdoppelt wurden, im selben Jahr, in dem die Bodenm\u00e4lzerei herauskam. Doch das Gl\u00fcck war nicht von Dauer und wie viele Destillerien wurde Bunna 1982 eingemottet. Wiederbelebt wurde es dann Ende der 1980er Jahre als Single Malt mit dem Slogan &#8220;der unaussprechliche Malt&#8221;. Trotz eines Aufschwungs auf dem Whiskymarkt verkaufte Edrington es 2003 f\u00fcr 10 Millionen Pfund an Burn Stewart. Im Jahr 2013 ging Bunna dann an den langj\u00e4hrigen s\u00fcdafrikanischen Vertriebspartner Distell.<\/p>\n<p><strong>Fun Fakt:\u00a0 <\/strong>Die abgelegene Nordostk\u00fcste von Islay mag ein seltsamer Ort sein, um eine bedeutende viktorianische Destillerie zu finden, aber sie wurde 1881 von William Robertson (von Robertson &amp; Baxter) in Zusammenarbeit mit Greenlees Bros. als perfekter Ort f\u00fcr seine Inselvision ausgew\u00e4hlt. Der Bau bedeutete nicht nur den Bau der Destillerie, sondern auch der H\u00e4user, den Bau einer Stra\u00dfe und das Hinzuf\u00fcgen eines Piers, damit F\u00e4sser und Gerste hereinkommen und Whisky ausgehen konnten. Es kostete Robertson insgesamt 30.000 Pfund (entspricht den heutigen 2,6 Millionen Pfund).<\/p>\n<p><strong>Whisky\/Whiskey: 7yo 2014\/2022 (Duncan Taylor)<br \/>\n<\/strong>Dieser Bunnahabhain Single Cask Whisky ist eine Abf\u00fcllung von Duncan Taylor. Seine 7 Jahre lange Fassreife hat der getorfte Scotch von 2014 bis 2022 im Bourbon Cask 3814010803 verbracht. Abgef\u00fcllt hat man ihn ungefiltert und ungef\u00e4rbt. Es handelt sich um Bottle No. 130 von 574 Flaschen!<\/p>\n<p><strong>Side Note zum Abf\u00fcller: Duncan Taylor<\/strong><br \/>\nDuncan Taylor &amp; Co ist ein unabh\u00e4ngiger Abf\u00fcller mit Hauptsitz in der Marktstadt Huntly in Aberdeenshire. Das Unternehmen ist vor allem f\u00fcr seine Black Bull-Reihe von Blended Scotch Whiskys mit hohem Malzgehalt und f\u00fcr Smokin\u2018, eine Mischung aus getorften Islay-, Speyside- und Grain-Whiskys, bekannt. Dar\u00fcber hinaus werden Malts in verschiedenen Sortimenten abgef\u00fcllt, darunter Rarest of the Rare und Whiskys aus \u201everlorenen\u201c Destillerien. Eines der erfolgreichsten Projekte des Unternehmens in j\u00fcngster Zeit war die Einf\u00fchrung der Octave-Abf\u00fcllungen \u2013 gereifte Single Malt und Grain Whiskys, die f\u00fcr eine zweite Periode in Oktavf\u00e4ssern der Gr\u00f6\u00dfe von einem Achtel gereift sind, um ein breiteres Charakterprofil zu erreichen \u2013 ohne die urspr\u00fcngliche Natur des Whiskys zu verschleiern.<\/p>\n<p><strong>Info Qualit\u00e4t der Flasche:<\/strong> Exzellent &#8211; ohne Besch\u00e4digungen \/ <strong>F\u00fcllstand: <\/strong>Top shoulder<br \/>\n<strong>Info Qualit\u00e4t der Box: leichte<\/strong> verschiedene Besch\u00e4digungen und ohne erw\u00e4hntes Gratis-Glas<\/p>\n<p><strong>Wichtiger Hinweis:<\/strong> Die Bewertung der Flaschen und Boxen erfolgt nach \u201ebesten Wissen und Gewissen\u201c. dramfolks kann keine Gew\u00e4hrleistung f\u00fcr den Inhalt der Flaschen \u00fcbernehmen. Weitere Infos &amp; Hinweise finden Sie in unseren AGBs. Wir empfehlen Ihnen, vor der Abgabe von Geboten \u00fcber die Zoomfunktion eine Besichtigung \/ genaue Pr\u00fcfung des angebotenen Whiskys vorzunehmen. Bitte kontaktieren sie uns bei Fragen direkt unter info@dramfolks.com<\/p>\n","protected":false},"excerpt":{"rendered":"<p>Destille: Bunnahabhain Die Bunnahabhain Destillerie (schottisch-g\u00e4lisch: Taigh-staile Bun na h-Abhainne) wurde 1881 in der N\u00e4he von Port Askaig auf Islay gegr\u00fcndet. Im Jahr 1887, als Bunnahabhain mit Glenrothes fusionierte, wurde ebenfalls Highland Distillers [heute Edrington] gegr\u00fcndet. W\u00e4hrend andere Islay-Destillerien ihre Marken als Single Malts und zum Blenden verkauften, war Bunnas Schicksal immer bei letzteren (u.a.[&#8230;]\n","protected":false},"featured_media":48876,"comment_status":"closed","ping_status":"closed","template":"","meta":[],"product_brand":[],"product_cat":[848],"product_tag":[],"class_list":{"0":"post-48875","1":"product","2":"type-product","3":"status-publish","4":"has-post-thumbnail","6":"product_cat-no-11","8":"first","9":"instock","10":"shipping-taxable","11":"purchasable","12":"product-type-auction"},"yoast_head":"<!-- This site is optimized with the Yoast SEO plugin v27.4 - https:\/\/yoast.com\/product\/yoast-seo-wordpress\/ -->\n<title>Bunnahabhain - 7yo 2014\/2022 (Duncan Taylor) - Dramfolks Whisky Auction<\/title>\n<meta name=\"robots\" content=\"index, follow, max-snippet:-1, max-image-preview:large, max-video-preview:-1\" \/>\n<link rel=\"canonical\" href=\"https:\/\/www.dramfolks-whisky-auction.com\/en\/product\/bunnahabhain-7yo-2014-2022-duncan-taylor\/\" \/>\n<meta property=\"og:locale\" content=\"en_US\" \/>\n<meta property=\"og:type\" content=\"article\" \/>\n<meta property=\"og:title\" content=\"Bunnahabhain - 7yo 2014\/2022 (Duncan Taylor) - Dramfolks Whisky Auction\" \/>\n<meta property=\"og:description\" content=\"Destille: Bunnahabhain Die Bunnahabhain Destillerie (schottisch-g\u00e4lisch: Taigh-staile Bun na h-Abhainne) wurde 1881 in der N\u00e4he von Port Askaig auf Islay gegr\u00fcndet. Im Jahr 1887, als Bunnahabhain mit Glenrothes fusionierte, wurde ebenfalls Highland Distillers [heute Edrington] gegr\u00fcndet. W\u00e4hrend andere Islay-Destillerien ihre Marken als Single Malts und zum Blenden verkauften, war Bunnas Schicksal immer bei letzteren (u.a.[...]\" \/>\n<meta property=\"og:url\" content=\"https:\/\/www.dramfolks-whisky-auction.com\/en\/product\/bunnahabhain-7yo-2014-2022-duncan-taylor\/\" \/>\n<meta property=\"og:site_name\" content=\"Dramfolks Whisky Auction\" \/>\n<meta property=\"article:modified_time\" content=\"2024-06-16T17:30:09+00:00\" \/>\n<meta property=\"og:image\" content=\"https:\/\/www.dramfolks-whisky-auction.com\/wp-content\/uploads\/2024\/05\/DT-7yo-vorne-scaled.jpg\" \/>\n\t<meta property=\"og:image:width\" content=\"2560\" \/>\n\t<meta property=\"og:image:height\" content=\"2560\" \/>\n\t<meta property=\"og:image:type\" content=\"image\/jpeg\" \/>\n<meta name=\"twitter:card\" content=\"summary_large_image\" \/>\n<meta name=\"twitter:label1\" content=\"Est. reading time\" \/>\n\t<meta name=\"twitter:data1\" content=\"3 minutes\" \/>\n<script type=\"application\/ld+json\" class=\"yoast-schema-graph\">{\"@context\":\"https:\\\/\\\/schema.org\",\"@graph\":[{\"@type\":\"WebPage\",\"@id\":\"https:\\\/\\\/www.dramfolks-whisky-auction.com\\\/en\\\/product\\\/bunnahabhain-7yo-2014-2022-duncan-taylor\\\/\",\"url\":\"https:\\\/\\\/www.dramfolks-whisky-auction.com\\\/en\\\/product\\\/bunnahabhain-7yo-2014-2022-duncan-taylor\\\/\",\"name\":\"Bunnahabhain - 7yo 2014\\\/2022 (Duncan Taylor) - Dramfolks Whisky Auction\",\"isPartOf\":{\"@id\":\"https:\\\/\\\/www.dramfolks-whisky-auction.com\\\/en\\\/#website\"},\"primaryImageOfPage\":{\"@id\":\"https:\\\/\\\/www.dramfolks-whisky-auction.com\\\/en\\\/product\\\/bunnahabhain-7yo-2014-2022-duncan-taylor\\\/#primaryimage\"},\"image\":{\"@id\":\"https:\\\/\\\/www.dramfolks-whisky-auction.com\\\/en\\\/product\\\/bunnahabhain-7yo-2014-2022-duncan-taylor\\\/#primaryimage\"},\"thumbnailUrl\":\"https:\\\/\\\/www.dramfolks-whisky-auction.com\\\/wp-content\\\/uploads\\\/2024\\\/05\\\/DT-7yo-vorne-scaled.jpg\",\"datePublished\":\"2024-05-31T18:57:28+00:00\",\"dateModified\":\"2024-06-16T17:30:09+00:00\",\"breadcrumb\":{\"@id\":\"https:\\\/\\\/www.dramfolks-whisky-auction.com\\\/en\\\/product\\\/bunnahabhain-7yo-2014-2022-duncan-taylor\\\/#breadcrumb\"},\"inLanguage\":\"en-US\",\"potentialAction\":[{\"@type\":\"ReadAction\",\"target\":[\"https:\\\/\\\/www.dramfolks-whisky-auction.com\\\/en\\\/product\\\/bunnahabhain-7yo-2014-2022-duncan-taylor\\\/\"]}]},{\"@type\":\"ImageObject\",\"inLanguage\":\"en-US\",\"@id\":\"https:\\\/\\\/www.dramfolks-whisky-auction.com\\\/en\\\/product\\\/bunnahabhain-7yo-2014-2022-duncan-taylor\\\/#primaryimage\",\"url\":\"https:\\\/\\\/www.dramfolks-whisky-auction.com\\\/wp-content\\\/uploads\\\/2024\\\/05\\\/DT-7yo-vorne-scaled.jpg\",\"contentUrl\":\"https:\\\/\\\/www.dramfolks-whisky-auction.com\\\/wp-content\\\/uploads\\\/2024\\\/05\\\/DT-7yo-vorne-scaled.jpg\",\"width\":2560,\"height\":2560},{\"@type\":\"BreadcrumbList\",\"@id\":\"https:\\\/\\\/www.dramfolks-whisky-auction.com\\\/en\\\/product\\\/bunnahabhain-7yo-2014-2022-duncan-taylor\\\/#breadcrumb\",\"itemListElement\":[{\"@type\":\"ListItem\",\"position\":1,\"name\":\"Startseite\",\"item\":\"https:\\\/\\\/www.dramfolks-whisky-auction.com\\\/en\\\/\"},{\"@type\":\"ListItem\",\"position\":2,\"name\":\"Shop\",\"item\":\"https:\\\/\\\/www.dramfolks-whisky-auction.com\\\/en\\\/shop\\\/\"},{\"@type\":\"ListItem\",\"position\":3,\"name\":\"Bunnahabhain &#8211; 7yo 2014\\\/2022 (Duncan Taylor)\"}]},{\"@type\":\"WebSite\",\"@id\":\"https:\\\/\\\/www.dramfolks-whisky-auction.com\\\/en\\\/#website\",\"url\":\"https:\\\/\\\/www.dramfolks-whisky-auction.com\\\/en\\\/\",\"name\":\"Dramfolks Whisky Auction\",\"description\":\"\",\"potentialAction\":[{\"@type\":\"SearchAction\",\"target\":{\"@type\":\"EntryPoint\",\"urlTemplate\":\"https:\\\/\\\/www.dramfolks-whisky-auction.com\\\/en\\\/?s={search_term_string}\"},\"query-input\":{\"@type\":\"PropertyValueSpecification\",\"valueRequired\":true,\"valueName\":\"search_term_string\"}}],\"inLanguage\":\"en-US\"}]}<\/script>\n<!-- \/ Yoast SEO plugin. -->","yoast_head_json":{"title":"Bunnahabhain - 7yo 2014\/2022 (Duncan Taylor) - Dramfolks Whisky Auction","robots":{"index":"index","follow":"follow","max-snippet":"max-snippet:-1","max-image-preview":"max-image-preview:large","max-video-preview":"max-video-preview:-1"},"canonical":"https:\/\/www.dramfolks-whisky-auction.com\/en\/product\/bunnahabhain-7yo-2014-2022-duncan-taylor\/","og_locale":"en_US","og_type":"article","og_title":"Bunnahabhain - 7yo 2014\/2022 (Duncan Taylor) - Dramfolks Whisky Auction","og_description":"Destille: Bunnahabhain Die Bunnahabhain Destillerie (schottisch-g\u00e4lisch: Taigh-staile Bun na h-Abhainne) wurde 1881 in der N\u00e4he von Port Askaig auf Islay gegr\u00fcndet. Im Jahr 1887, als Bunnahabhain mit Glenrothes fusionierte, wurde ebenfalls Highland Distillers [heute Edrington] gegr\u00fcndet. W\u00e4hrend andere Islay-Destillerien ihre Marken als Single Malts und zum Blenden verkauften, war Bunnas Schicksal immer bei letzteren (u.a.[...]","og_url":"https:\/\/www.dramfolks-whisky-auction.com\/en\/product\/bunnahabhain-7yo-2014-2022-duncan-taylor\/","og_site_name":"Dramfolks Whisky Auction","article_modified_time":"2024-06-16T17:30:09+00:00","og_image":[{"width":2560,"height":2560,"url":"https:\/\/www.dramfolks-whisky-auction.com\/wp-content\/uploads\/2024\/05\/DT-7yo-vorne-scaled.jpg","type":"image\/jpeg"}],"twitter_card":"summary_large_image","twitter_misc":{"Est. reading time":"3 minutes"},"schema":{"@context":"https:\/\/schema.org","@graph":[{"@type":"WebPage","@id":"https:\/\/www.dramfolks-whisky-auction.com\/en\/product\/bunnahabhain-7yo-2014-2022-duncan-taylor\/","url":"https:\/\/www.dramfolks-whisky-auction.com\/en\/product\/bunnahabhain-7yo-2014-2022-duncan-taylor\/","name":"Bunnahabhain - 7yo 2014\/2022 (Duncan Taylor) - Dramfolks Whisky Auction","isPartOf":{"@id":"https:\/\/www.dramfolks-whisky-auction.com\/en\/#website"},"primaryImageOfPage":{"@id":"https:\/\/www.dramfolks-whisky-auction.com\/en\/product\/bunnahabhain-7yo-2014-2022-duncan-taylor\/#primaryimage"},"image":{"@id":"https:\/\/www.dramfolks-whisky-auction.com\/en\/product\/bunnahabhain-7yo-2014-2022-duncan-taylor\/#primaryimage"},"thumbnailUrl":"https:\/\/www.dramfolks-whisky-auction.com\/wp-content\/uploads\/2024\/05\/DT-7yo-vorne-scaled.jpg","datePublished":"2024-05-31T18:57:28+00:00","dateModified":"2024-06-16T17:30:09+00:00","breadcrumb":{"@id":"https:\/\/www.dramfolks-whisky-auction.com\/en\/product\/bunnahabhain-7yo-2014-2022-duncan-taylor\/#breadcrumb"},"inLanguage":"en-US","potentialAction":[{"@type":"ReadAction","target":["https:\/\/www.dramfolks-whisky-auction.com\/en\/product\/bunnahabhain-7yo-2014-2022-duncan-taylor\/"]}]},{"@type":"ImageObject","inLanguage":"en-US","@id":"https:\/\/www.dramfolks-whisky-auction.com\/en\/product\/bunnahabhain-7yo-2014-2022-duncan-taylor\/#primaryimage","url":"https:\/\/www.dramfolks-whisky-auction.com\/wp-content\/uploads\/2024\/05\/DT-7yo-vorne-scaled.jpg","contentUrl":"https:\/\/www.dramfolks-whisky-auction.com\/wp-content\/uploads\/2024\/05\/DT-7yo-vorne-scaled.jpg","width":2560,"height":2560},{"@type":"BreadcrumbList","@id":"https:\/\/www.dramfolks-whisky-auction.com\/en\/product\/bunnahabhain-7yo-2014-2022-duncan-taylor\/#breadcrumb","itemListElement":[{"@type":"ListItem","position":1,"name":"Startseite","item":"https:\/\/www.dramfolks-whisky-auction.com\/en\/"},{"@type":"ListItem","position":2,"name":"Shop","item":"https:\/\/www.dramfolks-whisky-auction.com\/en\/shop\/"},{"@type":"ListItem","position":3,"name":"Bunnahabhain &#8211; 7yo 2014\/2022 (Duncan Taylor)"}]},{"@type":"WebSite","@id":"https:\/\/www.dramfolks-whisky-auction.com\/en\/#website","url":"https:\/\/www.dramfolks-whisky-auction.com\/en\/","name":"Dramfolks Whisky Auction","description":"","potentialAction":[{"@type":"SearchAction","target":{"@type":"EntryPoint","urlTemplate":"https:\/\/www.dramfolks-whisky-auction.com\/en\/?s={search_term_string}"},"query-input":{"@type":"PropertyValueSpecification","valueRequired":true,"valueName":"search_term_string"}}],"inLanguage":"en-US"}]}},"_links":{"self":[{"href":"https:\/\/www.dramfolks-whisky-auction.com\/en\/wp-json\/wp\/v2\/product\/48875","targetHints":{"allow":["GET"]}}],"collection":[{"href":"https:\/\/www.dramfolks-whisky-auction.com\/en\/wp-json\/wp\/v2\/product"}],"about":[{"href":"https:\/\/www.dramfolks-whisky-auction.com\/en\/wp-json\/wp\/v2\/types\/product"}],"replies":[{"embeddable":true,"href":"https:\/\/www.dramfolks-whisky-auction.com\/en\/wp-json\/wp\/v2\/comments?post=48875"}],"wp:featuredmedia":[{"embeddable":true,"href":"https:\/\/www.dramfolks-whisky-auction.com\/en\/wp-json\/wp\/v2\/media\/48876"}],"wp:attachment":[{"href":"https:\/\/www.dramfolks-whisky-auction.com\/en\/wp-json\/wp\/v2\/media?parent=48875"}],"wp:term":[{"taxonomy":"product_brand","embeddable":true,"href":"https:\/\/www.dramfolks-whisky-auction.com\/en\/wp-json\/wp\/v2\/product_brand?post=48875"},{"taxonomy":"product_cat","embeddable":true,"href":"https:\/\/www.dramfolks-whisky-auction.com\/en\/wp-json\/wp\/v2\/product_cat?post=48875"},{"taxonomy":"product_tag","embeddable":true,"href":"https:\/\/www.dramfolks-whisky-auction.com\/en\/wp-json\/wp\/v2\/product_tag?post=48875"}],"curies":[{"name":"wp","href":"https:\/\/api.w.org\/{rel}","templated":true}]}}