{"id":48782,"date":"2024-05-29T21:23:30","date_gmt":"2024-05-29T19:23:30","guid":{"rendered":"https:\/\/www.dramfolks-whisky-auction.com\/?post_type=product&#038;p=48782"},"modified":"2024-06-16T19:45:09","modified_gmt":"2024-06-16T17:45:09","slug":"fettercairn-warehouse-2-batch-2","status":"publish","type":"product","link":"https:\/\/www.dramfolks-whisky-auction.com\/en\/product\/fettercairn-warehouse-2-batch-2\/","title":{"rendered":"Fettercairn &#8211; Warehouse 2 Batch 2"},"content":{"rendered":"<p><strong>Destille: Fettercairn<br \/>\n<\/strong>Fettercairn ist eine Whiskybrennerei in Fettercairn, Aberdeenshire, Schottland. Die Brennerei wurde 1824 von Sir Alexander Ramsay gegr\u00fcndet. Es folgte eine Vielzahl von Besitzerwechseln. Unter den Besitzern war zeitweilig auch der \u00e4ltere Bruder Sir Thomas Gladstone des damaligen britischen Premierminister William Ewart Gladstone. Nach einem Brand wurde die Brennerei zwischen 1887 und 1890 fast komplett neu aufgebaut. 1960 wurden die eigenen Malzb\u00f6den geschlossen und 1966 die Anzahl der Brennblasen von zwei auf vier erh\u00f6ht. Seit 1973 geh\u00f6rt die Destillerie zu Whyte &amp; Mackay, welche 2007 f\u00fcr 595 Millionen \u00a3 von United Spirits Limited, einer Tochter der indischen The UB Group gekauft wurden. 2014 dann der letzte Besitzerwechsel (bis heute) f\u00fcr 430 Millionen \u00a3 an Emperador International Ltd. J\u00e4hrliches Produktionsvolumen: 1,6 Mio. Liter.<\/p>\n<p><strong>Fun Fakt:\u00a0<\/strong>Diese traditionelle Destillerie in den Ausl\u00e4ufern der wilden Cairngorm Mountains war einst im Besitz des Vaters eines britischen Premierminister und erhielt als zweite Destillerie \u00fcberhaupt die offizielle Brennlizenz (die erste ging an Glenlivet) in Schottland.<\/p>\n<p><strong>Whisky\/Whiskey: Warehouse 2 Batch 2<br \/>\n<\/strong>Fettercairn widmet sich seit 2018 der Erneuerung der Core Range. Mit dem Fettercairn Warehouse 2 wird ein neuer Ableger in diese Richtung pr\u00e4sentiert. 2009 destilliert und ausschlie\u00dflich im Warehouse 2 gelagert. Der Whisky f\u00fcr Batch 2 lagerte zu 38% in 1st Fill ex-Rye und 62% 1st Fill ex-Bourbon Barrels. Diese Abf\u00fcllung pr\u00e4sentiert sich mit einem milden und fast schon tropischen Charakter, den man so von Fettercairn noch nicht kennenlernen durfte. Es wurden lediglich 6000 Flaschen abgef\u00fcllt!!<\/p>\n<p><strong>Info Qualit\u00e4t der Flasche:<\/strong> Exzellent &#8211; ohne Besch\u00e4digungen \/ <strong>F\u00fcllstand:<\/strong> Top shoulder<br \/>\n<strong>Info Qualit\u00e4t der Box:\u00a0<\/strong>Exzellent &#8211; ohne Besch\u00e4digungen<\/p>\n<p><strong>Wichtiger Hinweis:<\/strong> Die Bewertung der Flaschen und Boxen erfolgt nach \u201ebesten Wissen und Gewissen\u201c. dramfolks kann keine Gew\u00e4hrleistung f\u00fcr den Inhalt der Flaschen \u00fcbernehmen. Weitere Infos &amp; Hinweise finden Sie in unseren AGBs. Wir empfehlen Ihnen, vor der Abgabe von Geboten \u00fcber die Zoomfunktion eine Besichtigung \/ genaue Pr\u00fcfung des angebotenen Whiskys vorzunehmen. Bitte kontaktieren sie uns bei Fragen direkt unter info@dramfolks.com<\/p>\n","protected":false},"excerpt":{"rendered":"<p>Destille: Fettercairn Fettercairn ist eine Whiskybrennerei in Fettercairn, Aberdeenshire, Schottland. Die Brennerei wurde 1824 von Sir Alexander Ramsay gegr\u00fcndet. Es folgte eine Vielzahl von Besitzerwechseln. Unter den Besitzern war zeitweilig auch der \u00e4ltere Bruder Sir Thomas Gladstone des damaligen britischen Premierminister William Ewart Gladstone. Nach einem Brand wurde die Brennerei zwischen 1887 und 1890 fast[&#8230;]\n","protected":false},"featured_media":48783,"comment_status":"closed","ping_status":"closed","template":"","meta":[],"product_brand":[],"product_cat":[848],"product_tag":[],"class_list":{"0":"post-48782","1":"product","2":"type-product","3":"status-publish","4":"has-post-thumbnail","6":"product_cat-no-11","8":"first","9":"instock","10":"shipping-taxable","11":"purchasable","12":"product-type-auction"},"yoast_head":"<!-- This site is optimized with the Yoast SEO plugin v27.4 - https:\/\/yoast.com\/product\/yoast-seo-wordpress\/ -->\n<title>Fettercairn - Warehouse 2 Batch 2 - Dramfolks Whisky Auction<\/title>\n<meta name=\"robots\" content=\"index, follow, max-snippet:-1, max-image-preview:large, max-video-preview:-1\" \/>\n<link rel=\"canonical\" href=\"https:\/\/www.dramfolks-whisky-auction.com\/en\/product\/fettercairn-warehouse-2-batch-2\/\" \/>\n<meta property=\"og:locale\" content=\"en_US\" \/>\n<meta property=\"og:type\" content=\"article\" \/>\n<meta property=\"og:title\" content=\"Fettercairn - Warehouse 2 Batch 2 - Dramfolks Whisky Auction\" \/>\n<meta property=\"og:description\" content=\"Destille: Fettercairn Fettercairn ist eine Whiskybrennerei in Fettercairn, Aberdeenshire, Schottland. Die Brennerei wurde 1824 von Sir Alexander Ramsay gegr\u00fcndet. Es folgte eine Vielzahl von Besitzerwechseln. Unter den Besitzern war zeitweilig auch der \u00e4ltere Bruder Sir Thomas Gladstone des damaligen britischen Premierminister William Ewart Gladstone. Nach einem Brand wurde die Brennerei zwischen 1887 und 1890 fast[...]\" \/>\n<meta property=\"og:url\" content=\"https:\/\/www.dramfolks-whisky-auction.com\/en\/product\/fettercairn-warehouse-2-batch-2\/\" \/>\n<meta property=\"og:site_name\" content=\"Dramfolks Whisky Auction\" \/>\n<meta property=\"article:modified_time\" content=\"2024-06-16T17:45:09+00:00\" \/>\n<meta property=\"og:image\" content=\"https:\/\/www.dramfolks-whisky-auction.com\/wp-content\/uploads\/2024\/05\/Fettercairn-vorne-scaled.jpg\" \/>\n\t<meta property=\"og:image:width\" content=\"2560\" \/>\n\t<meta property=\"og:image:height\" content=\"2560\" \/>\n\t<meta property=\"og:image:type\" content=\"image\/jpeg\" \/>\n<meta name=\"twitter:card\" content=\"summary_large_image\" \/>\n<meta name=\"twitter:label1\" content=\"Est. reading time\" \/>\n\t<meta name=\"twitter:data1\" content=\"2 minutes\" \/>\n<script type=\"application\/ld+json\" class=\"yoast-schema-graph\">{\"@context\":\"https:\\\/\\\/schema.org\",\"@graph\":[{\"@type\":\"WebPage\",\"@id\":\"https:\\\/\\\/www.dramfolks-whisky-auction.com\\\/en\\\/product\\\/fettercairn-warehouse-2-batch-2\\\/\",\"url\":\"https:\\\/\\\/www.dramfolks-whisky-auction.com\\\/en\\\/product\\\/fettercairn-warehouse-2-batch-2\\\/\",\"name\":\"Fettercairn - Warehouse 2 Batch 2 - Dramfolks Whisky Auction\",\"isPartOf\":{\"@id\":\"https:\\\/\\\/www.dramfolks-whisky-auction.com\\\/en\\\/#website\"},\"primaryImageOfPage\":{\"@id\":\"https:\\\/\\\/www.dramfolks-whisky-auction.com\\\/en\\\/product\\\/fettercairn-warehouse-2-batch-2\\\/#primaryimage\"},\"image\":{\"@id\":\"https:\\\/\\\/www.dramfolks-whisky-auction.com\\\/en\\\/product\\\/fettercairn-warehouse-2-batch-2\\\/#primaryimage\"},\"thumbnailUrl\":\"https:\\\/\\\/www.dramfolks-whisky-auction.com\\\/wp-content\\\/uploads\\\/2024\\\/05\\\/Fettercairn-vorne-scaled.jpg\",\"datePublished\":\"2024-05-29T19:23:30+00:00\",\"dateModified\":\"2024-06-16T17:45:09+00:00\",\"breadcrumb\":{\"@id\":\"https:\\\/\\\/www.dramfolks-whisky-auction.com\\\/en\\\/product\\\/fettercairn-warehouse-2-batch-2\\\/#breadcrumb\"},\"inLanguage\":\"en-US\",\"potentialAction\":[{\"@type\":\"ReadAction\",\"target\":[\"https:\\\/\\\/www.dramfolks-whisky-auction.com\\\/en\\\/product\\\/fettercairn-warehouse-2-batch-2\\\/\"]}]},{\"@type\":\"ImageObject\",\"inLanguage\":\"en-US\",\"@id\":\"https:\\\/\\\/www.dramfolks-whisky-auction.com\\\/en\\\/product\\\/fettercairn-warehouse-2-batch-2\\\/#primaryimage\",\"url\":\"https:\\\/\\\/www.dramfolks-whisky-auction.com\\\/wp-content\\\/uploads\\\/2024\\\/05\\\/Fettercairn-vorne-scaled.jpg\",\"contentUrl\":\"https:\\\/\\\/www.dramfolks-whisky-auction.com\\\/wp-content\\\/uploads\\\/2024\\\/05\\\/Fettercairn-vorne-scaled.jpg\",\"width\":2560,\"height\":2560},{\"@type\":\"BreadcrumbList\",\"@id\":\"https:\\\/\\\/www.dramfolks-whisky-auction.com\\\/en\\\/product\\\/fettercairn-warehouse-2-batch-2\\\/#breadcrumb\",\"itemListElement\":[{\"@type\":\"ListItem\",\"position\":1,\"name\":\"Startseite\",\"item\":\"https:\\\/\\\/www.dramfolks-whisky-auction.com\\\/en\\\/\"},{\"@type\":\"ListItem\",\"position\":2,\"name\":\"Shop\",\"item\":\"https:\\\/\\\/www.dramfolks-whisky-auction.com\\\/en\\\/shop\\\/\"},{\"@type\":\"ListItem\",\"position\":3,\"name\":\"Fettercairn &#8211; Warehouse 2 Batch 2\"}]},{\"@type\":\"WebSite\",\"@id\":\"https:\\\/\\\/www.dramfolks-whisky-auction.com\\\/en\\\/#website\",\"url\":\"https:\\\/\\\/www.dramfolks-whisky-auction.com\\\/en\\\/\",\"name\":\"Dramfolks Whisky Auction\",\"description\":\"\",\"potentialAction\":[{\"@type\":\"SearchAction\",\"target\":{\"@type\":\"EntryPoint\",\"urlTemplate\":\"https:\\\/\\\/www.dramfolks-whisky-auction.com\\\/en\\\/?s={search_term_string}\"},\"query-input\":{\"@type\":\"PropertyValueSpecification\",\"valueRequired\":true,\"valueName\":\"search_term_string\"}}],\"inLanguage\":\"en-US\"}]}<\/script>\n<!-- \/ Yoast SEO plugin. -->","yoast_head_json":{"title":"Fettercairn - Warehouse 2 Batch 2 - Dramfolks Whisky Auction","robots":{"index":"index","follow":"follow","max-snippet":"max-snippet:-1","max-image-preview":"max-image-preview:large","max-video-preview":"max-video-preview:-1"},"canonical":"https:\/\/www.dramfolks-whisky-auction.com\/en\/product\/fettercairn-warehouse-2-batch-2\/","og_locale":"en_US","og_type":"article","og_title":"Fettercairn - Warehouse 2 Batch 2 - Dramfolks Whisky Auction","og_description":"Destille: Fettercairn Fettercairn ist eine Whiskybrennerei in Fettercairn, Aberdeenshire, Schottland. Die Brennerei wurde 1824 von Sir Alexander Ramsay gegr\u00fcndet. Es folgte eine Vielzahl von Besitzerwechseln. Unter den Besitzern war zeitweilig auch der \u00e4ltere Bruder Sir Thomas Gladstone des damaligen britischen Premierminister William Ewart Gladstone. Nach einem Brand wurde die Brennerei zwischen 1887 und 1890 fast[...]","og_url":"https:\/\/www.dramfolks-whisky-auction.com\/en\/product\/fettercairn-warehouse-2-batch-2\/","og_site_name":"Dramfolks Whisky Auction","article_modified_time":"2024-06-16T17:45:09+00:00","og_image":[{"width":2560,"height":2560,"url":"https:\/\/www.dramfolks-whisky-auction.com\/wp-content\/uploads\/2024\/05\/Fettercairn-vorne-scaled.jpg","type":"image\/jpeg"}],"twitter_card":"summary_large_image","twitter_misc":{"Est. reading time":"2 minutes"},"schema":{"@context":"https:\/\/schema.org","@graph":[{"@type":"WebPage","@id":"https:\/\/www.dramfolks-whisky-auction.com\/en\/product\/fettercairn-warehouse-2-batch-2\/","url":"https:\/\/www.dramfolks-whisky-auction.com\/en\/product\/fettercairn-warehouse-2-batch-2\/","name":"Fettercairn - Warehouse 2 Batch 2 - Dramfolks Whisky Auction","isPartOf":{"@id":"https:\/\/www.dramfolks-whisky-auction.com\/en\/#website"},"primaryImageOfPage":{"@id":"https:\/\/www.dramfolks-whisky-auction.com\/en\/product\/fettercairn-warehouse-2-batch-2\/#primaryimage"},"image":{"@id":"https:\/\/www.dramfolks-whisky-auction.com\/en\/product\/fettercairn-warehouse-2-batch-2\/#primaryimage"},"thumbnailUrl":"https:\/\/www.dramfolks-whisky-auction.com\/wp-content\/uploads\/2024\/05\/Fettercairn-vorne-scaled.jpg","datePublished":"2024-05-29T19:23:30+00:00","dateModified":"2024-06-16T17:45:09+00:00","breadcrumb":{"@id":"https:\/\/www.dramfolks-whisky-auction.com\/en\/product\/fettercairn-warehouse-2-batch-2\/#breadcrumb"},"inLanguage":"en-US","potentialAction":[{"@type":"ReadAction","target":["https:\/\/www.dramfolks-whisky-auction.com\/en\/product\/fettercairn-warehouse-2-batch-2\/"]}]},{"@type":"ImageObject","inLanguage":"en-US","@id":"https:\/\/www.dramfolks-whisky-auction.com\/en\/product\/fettercairn-warehouse-2-batch-2\/#primaryimage","url":"https:\/\/www.dramfolks-whisky-auction.com\/wp-content\/uploads\/2024\/05\/Fettercairn-vorne-scaled.jpg","contentUrl":"https:\/\/www.dramfolks-whisky-auction.com\/wp-content\/uploads\/2024\/05\/Fettercairn-vorne-scaled.jpg","width":2560,"height":2560},{"@type":"BreadcrumbList","@id":"https:\/\/www.dramfolks-whisky-auction.com\/en\/product\/fettercairn-warehouse-2-batch-2\/#breadcrumb","itemListElement":[{"@type":"ListItem","position":1,"name":"Startseite","item":"https:\/\/www.dramfolks-whisky-auction.com\/en\/"},{"@type":"ListItem","position":2,"name":"Shop","item":"https:\/\/www.dramfolks-whisky-auction.com\/en\/shop\/"},{"@type":"ListItem","position":3,"name":"Fettercairn &#8211; Warehouse 2 Batch 2"}]},{"@type":"WebSite","@id":"https:\/\/www.dramfolks-whisky-auction.com\/en\/#website","url":"https:\/\/www.dramfolks-whisky-auction.com\/en\/","name":"Dramfolks Whisky Auction","description":"","potentialAction":[{"@type":"SearchAction","target":{"@type":"EntryPoint","urlTemplate":"https:\/\/www.dramfolks-whisky-auction.com\/en\/?s={search_term_string}"},"query-input":{"@type":"PropertyValueSpecification","valueRequired":true,"valueName":"search_term_string"}}],"inLanguage":"en-US"}]}},"_links":{"self":[{"href":"https:\/\/www.dramfolks-whisky-auction.com\/en\/wp-json\/wp\/v2\/product\/48782","targetHints":{"allow":["GET"]}}],"collection":[{"href":"https:\/\/www.dramfolks-whisky-auction.com\/en\/wp-json\/wp\/v2\/product"}],"about":[{"href":"https:\/\/www.dramfolks-whisky-auction.com\/en\/wp-json\/wp\/v2\/types\/product"}],"replies":[{"embeddable":true,"href":"https:\/\/www.dramfolks-whisky-auction.com\/en\/wp-json\/wp\/v2\/comments?post=48782"}],"wp:featuredmedia":[{"embeddable":true,"href":"https:\/\/www.dramfolks-whisky-auction.com\/en\/wp-json\/wp\/v2\/media\/48783"}],"wp:attachment":[{"href":"https:\/\/www.dramfolks-whisky-auction.com\/en\/wp-json\/wp\/v2\/media?parent=48782"}],"wp:term":[{"taxonomy":"product_brand","embeddable":true,"href":"https:\/\/www.dramfolks-whisky-auction.com\/en\/wp-json\/wp\/v2\/product_brand?post=48782"},{"taxonomy":"product_cat","embeddable":true,"href":"https:\/\/www.dramfolks-whisky-auction.com\/en\/wp-json\/wp\/v2\/product_cat?post=48782"},{"taxonomy":"product_tag","embeddable":true,"href":"https:\/\/www.dramfolks-whisky-auction.com\/en\/wp-json\/wp\/v2\/product_tag?post=48782"}],"curies":[{"name":"wp","href":"https:\/\/api.w.org\/{rel}","templated":true}]}}