{"id":48709,"date":"2024-05-29T18:54:37","date_gmt":"2024-05-29T16:54:37","guid":{"rendered":"https:\/\/www.dramfolks-whisky-auction.com\/?post_type=product&#038;p=48709"},"modified":"2024-06-16T19:45:18","modified_gmt":"2024-06-16T17:45:18","slug":"the-oa-islay-single-malt-whisky-mnc-4","status":"publish","type":"product","link":"https:\/\/www.dramfolks-whisky-auction.com\/en\/product\/the-oa-islay-single-malt-whisky-mnc-4\/","title":{"rendered":"The OA Islay Single Malt Whisky (MNC)"},"content":{"rendered":"<p><strong>Destille: <span class=\"v1s2\">Unbekannt<br \/>\n<\/span><\/strong>Leider k\u00f6nnen wir hier an dieser Stelle keine Hinweise oder Texte zur Destillerie des Whiskys geben. Bekannt ist lediglich die Region \u2013 Islay. Daher kommen eine ganze Menge Destillerien in Frage \ud83d\ude09<\/p>\n<p><strong>Fun Fakt:<\/strong> &#8211;<\/p>\n<p><strong>Whisky\/Whiskey: The OA Islay Single Malt Whisky (MNC)<br \/>\n<\/strong>Feurig, rauchig, torfig, Islay pur. Seit vielen Jahren die Hausnummer von McNeills. Andy McNeill\u2019s bew\u00e4hrter Standard. Seit \u00fcber 10 Jahren bietet The OA den deutschen Islay-Fans ein kr\u00e4ftiges, feuriges Geschmackserlebnis mit ordentlich ABV, Rauch und Torf. Die Destillerie und genauere Angaben zum Whisky sind geheim und werden nicht preisgegeben.<br \/>\nIn der Nase finden sich &#8220;R\u00e4ucherspeck, Zitrus, Honigs\u00fc\u00dfe, junger, wilder Alkohol&#8221;. Am Gaumen folgt dann &#8220;Vollmundigkeit&#8230; Nach anf\u00e4nglicher S\u00fc\u00dfe folgt starker Rauch, Meersalz. W\u00fcrzige Zimtnoten. Gut eingebundener Alkohol&#8221; und der Abgang ist dann &#8220;lang, weiterhin s\u00fc\u00dfer Rauch, w\u00e4rmt intensiv. Sp\u00e4te Trockenheit&#8221;. (Verkostungsnotizen von <a href=\"http:\/\/www.celtic-events.de\" target=\"_blank\" rel=\"noopener noreferrer\">www.celtic-events.de<\/a>)<\/p>\n<p><strong>Sidenote zum Abf\u00fcller: McNeill&#8217;s Choice (MNC)<\/strong><br \/>\nAndy McNeill ist seit Jahrzehnten eine Legende auf den deutschen Whiskymessen \u2013 dank seines Fachwissens und seines Charmes. Ans\u00e4ssig im malerischen Aschaffenburg veranstaltet Andy auch seine eigene Whiskymesse im sch\u00f6nen Schloss Aschaffenburg: Das Whisk(e)y Pur Festival im letzten Quartal jeden Jahres. Der geb\u00fcrtige Schotte spezialisiert sich auf hochklassige, unabh\u00e4ngige Abf\u00fcllungen und hat eine gewisse Schw\u00e4che f\u00fcr Islay-Whiskys. Mit seinem eigenen Label \u201cMcNeill\u2019s Choice\u201d vertreibt Andy handverlesene Whiskys, die in der Regel nach dem Import nach Deutschland von ihm selbst in diversen F\u00e4ssern veredelt werden. Sein Unternehmen Celtic Events wird mittlerweile als Familienbetrieb mit seinem Sohn zusammen gef\u00fchrt und bringt Abf\u00fcllungen der Vintage Malt Whisky Company, vor allem \u201cThe Cooper\u2019s Choice\u201d, nach Deutschland.<\/p>\n<p><strong>Info Qualit\u00e4t der Flasche:<\/strong> Exzellent &#8211; ohne Besch\u00e4digungen \/ <strong>F\u00fcllstand:<\/strong> High fill<br \/>\n<strong>Info Qualit\u00e4t der Box: <\/strong>keine Box vorhanden<\/p>\n<p><strong>Wichtiger Hinweis:<\/strong> Die Bewertung der Flaschen und Boxen erfolgt nach \u201ebesten Wissen und Gewissen\u201c. dramfolks kann keine Gew\u00e4hrleistung f\u00fcr den Inhalt der Flaschen \u00fcbernehmen. Weitere Infos &amp; Hinweise finden Sie in unseren AGBs. Wir empfehlen Ihnen, vor der Abgabe von Geboten \u00fcber die Zoomfunktion eine Besichtigung \/ genaue Pr\u00fcfung des angebotenen Whiskys vorzunehmen. Bitte kontaktieren sie uns bei Fragen direkt unter info@dramfolks.com<\/p>\n","protected":false},"excerpt":{"rendered":"<p>Destille: Unbekannt Leider k\u00f6nnen wir hier an dieser Stelle keine Hinweise oder Texte zur Destillerie des Whiskys geben. Bekannt ist lediglich die Region \u2013 Islay. Daher kommen eine ganze Menge Destillerien in Frage \ud83d\ude09 Fun Fakt: &#8211; Whisky\/Whiskey: The OA Islay Single Malt Whisky (MNC) Feurig, rauchig, torfig, Islay pur. Seit vielen Jahren die Hausnummer[&#8230;]\n","protected":false},"featured_media":5417,"comment_status":"closed","ping_status":"closed","template":"","meta":[],"product_brand":[],"product_cat":[848],"product_tag":[],"class_list":{"0":"post-48709","1":"product","2":"type-product","3":"status-publish","4":"has-post-thumbnail","6":"product_cat-no-11","8":"first","9":"instock","10":"shipping-taxable","11":"purchasable","12":"product-type-auction"},"yoast_head":"<!-- This site is optimized with the Yoast SEO plugin v27.4 - https:\/\/yoast.com\/product\/yoast-seo-wordpress\/ -->\n<title>The OA Islay Single Malt Whisky (MNC) - Dramfolks Whisky Auction<\/title>\n<meta name=\"robots\" content=\"index, follow, max-snippet:-1, max-image-preview:large, max-video-preview:-1\" \/>\n<link rel=\"canonical\" href=\"https:\/\/www.dramfolks-whisky-auction.com\/en\/product\/the-oa-islay-single-malt-whisky-mnc-4\/\" \/>\n<meta property=\"og:locale\" content=\"en_US\" \/>\n<meta property=\"og:type\" content=\"article\" \/>\n<meta property=\"og:title\" content=\"The OA Islay Single Malt Whisky (MNC) - Dramfolks Whisky Auction\" \/>\n<meta property=\"og:description\" content=\"Destille: Unbekannt Leider k\u00f6nnen wir hier an dieser Stelle keine Hinweise oder Texte zur Destillerie des Whiskys geben. Bekannt ist lediglich die Region \u2013 Islay. Daher kommen eine ganze Menge Destillerien in Frage \ud83d\ude09 Fun Fakt: &#8211; Whisky\/Whiskey: The OA Islay Single Malt Whisky (MNC) Feurig, rauchig, torfig, Islay pur. Seit vielen Jahren die Hausnummer[...]\" \/>\n<meta property=\"og:url\" content=\"https:\/\/www.dramfolks-whisky-auction.com\/en\/product\/the-oa-islay-single-malt-whisky-mnc-4\/\" \/>\n<meta property=\"og:site_name\" content=\"Dramfolks Whisky Auction\" \/>\n<meta property=\"article:modified_time\" content=\"2024-06-16T17:45:18+00:00\" \/>\n<meta property=\"og:image\" content=\"https:\/\/www.dramfolks-whisky-auction.com\/wp-content\/uploads\/2024\/02\/OA-vorne-scaled.jpg\" \/>\n\t<meta property=\"og:image:width\" content=\"2560\" \/>\n\t<meta property=\"og:image:height\" content=\"2560\" \/>\n\t<meta property=\"og:image:type\" content=\"image\/jpeg\" \/>\n<meta name=\"twitter:card\" content=\"summary_large_image\" \/>\n<meta name=\"twitter:label1\" content=\"Est. reading time\" \/>\n\t<meta name=\"twitter:data1\" content=\"3 minutes\" \/>\n<script type=\"application\/ld+json\" class=\"yoast-schema-graph\">{\"@context\":\"https:\\\/\\\/schema.org\",\"@graph\":[{\"@type\":\"WebPage\",\"@id\":\"https:\\\/\\\/www.dramfolks-whisky-auction.com\\\/en\\\/product\\\/the-oa-islay-single-malt-whisky-mnc-4\\\/\",\"url\":\"https:\\\/\\\/www.dramfolks-whisky-auction.com\\\/en\\\/product\\\/the-oa-islay-single-malt-whisky-mnc-4\\\/\",\"name\":\"The OA Islay Single Malt Whisky (MNC) - Dramfolks Whisky Auction\",\"isPartOf\":{\"@id\":\"https:\\\/\\\/www.dramfolks-whisky-auction.com\\\/en\\\/#website\"},\"primaryImageOfPage\":{\"@id\":\"https:\\\/\\\/www.dramfolks-whisky-auction.com\\\/en\\\/product\\\/the-oa-islay-single-malt-whisky-mnc-4\\\/#primaryimage\"},\"image\":{\"@id\":\"https:\\\/\\\/www.dramfolks-whisky-auction.com\\\/en\\\/product\\\/the-oa-islay-single-malt-whisky-mnc-4\\\/#primaryimage\"},\"thumbnailUrl\":\"https:\\\/\\\/www.dramfolks-whisky-auction.com\\\/wp-content\\\/uploads\\\/2024\\\/02\\\/OA-vorne-scaled.jpg\",\"datePublished\":\"2024-05-29T16:54:37+00:00\",\"dateModified\":\"2024-06-16T17:45:18+00:00\",\"breadcrumb\":{\"@id\":\"https:\\\/\\\/www.dramfolks-whisky-auction.com\\\/en\\\/product\\\/the-oa-islay-single-malt-whisky-mnc-4\\\/#breadcrumb\"},\"inLanguage\":\"en-US\",\"potentialAction\":[{\"@type\":\"ReadAction\",\"target\":[\"https:\\\/\\\/www.dramfolks-whisky-auction.com\\\/en\\\/product\\\/the-oa-islay-single-malt-whisky-mnc-4\\\/\"]}]},{\"@type\":\"ImageObject\",\"inLanguage\":\"en-US\",\"@id\":\"https:\\\/\\\/www.dramfolks-whisky-auction.com\\\/en\\\/product\\\/the-oa-islay-single-malt-whisky-mnc-4\\\/#primaryimage\",\"url\":\"https:\\\/\\\/www.dramfolks-whisky-auction.com\\\/wp-content\\\/uploads\\\/2024\\\/02\\\/OA-vorne-scaled.jpg\",\"contentUrl\":\"https:\\\/\\\/www.dramfolks-whisky-auction.com\\\/wp-content\\\/uploads\\\/2024\\\/02\\\/OA-vorne-scaled.jpg\",\"width\":2560,\"height\":2560},{\"@type\":\"BreadcrumbList\",\"@id\":\"https:\\\/\\\/www.dramfolks-whisky-auction.com\\\/en\\\/product\\\/the-oa-islay-single-malt-whisky-mnc-4\\\/#breadcrumb\",\"itemListElement\":[{\"@type\":\"ListItem\",\"position\":1,\"name\":\"Startseite\",\"item\":\"https:\\\/\\\/www.dramfolks-whisky-auction.com\\\/en\\\/\"},{\"@type\":\"ListItem\",\"position\":2,\"name\":\"Shop\",\"item\":\"https:\\\/\\\/www.dramfolks-whisky-auction.com\\\/en\\\/shop\\\/\"},{\"@type\":\"ListItem\",\"position\":3,\"name\":\"The OA Islay Single Malt Whisky (MNC)\"}]},{\"@type\":\"WebSite\",\"@id\":\"https:\\\/\\\/www.dramfolks-whisky-auction.com\\\/en\\\/#website\",\"url\":\"https:\\\/\\\/www.dramfolks-whisky-auction.com\\\/en\\\/\",\"name\":\"Dramfolks Whisky Auction\",\"description\":\"\",\"potentialAction\":[{\"@type\":\"SearchAction\",\"target\":{\"@type\":\"EntryPoint\",\"urlTemplate\":\"https:\\\/\\\/www.dramfolks-whisky-auction.com\\\/en\\\/?s={search_term_string}\"},\"query-input\":{\"@type\":\"PropertyValueSpecification\",\"valueRequired\":true,\"valueName\":\"search_term_string\"}}],\"inLanguage\":\"en-US\"}]}<\/script>\n<!-- \/ Yoast SEO plugin. -->","yoast_head_json":{"title":"The OA Islay Single Malt Whisky (MNC) - Dramfolks Whisky Auction","robots":{"index":"index","follow":"follow","max-snippet":"max-snippet:-1","max-image-preview":"max-image-preview:large","max-video-preview":"max-video-preview:-1"},"canonical":"https:\/\/www.dramfolks-whisky-auction.com\/en\/product\/the-oa-islay-single-malt-whisky-mnc-4\/","og_locale":"en_US","og_type":"article","og_title":"The OA Islay Single Malt Whisky (MNC) - Dramfolks Whisky Auction","og_description":"Destille: Unbekannt Leider k\u00f6nnen wir hier an dieser Stelle keine Hinweise oder Texte zur Destillerie des Whiskys geben. Bekannt ist lediglich die Region \u2013 Islay. Daher kommen eine ganze Menge Destillerien in Frage \ud83d\ude09 Fun Fakt: &#8211; Whisky\/Whiskey: The OA Islay Single Malt Whisky (MNC) Feurig, rauchig, torfig, Islay pur. Seit vielen Jahren die Hausnummer[...]","og_url":"https:\/\/www.dramfolks-whisky-auction.com\/en\/product\/the-oa-islay-single-malt-whisky-mnc-4\/","og_site_name":"Dramfolks Whisky Auction","article_modified_time":"2024-06-16T17:45:18+00:00","og_image":[{"width":2560,"height":2560,"url":"https:\/\/www.dramfolks-whisky-auction.com\/wp-content\/uploads\/2024\/02\/OA-vorne-scaled.jpg","type":"image\/jpeg"}],"twitter_card":"summary_large_image","twitter_misc":{"Est. reading time":"3 minutes"},"schema":{"@context":"https:\/\/schema.org","@graph":[{"@type":"WebPage","@id":"https:\/\/www.dramfolks-whisky-auction.com\/en\/product\/the-oa-islay-single-malt-whisky-mnc-4\/","url":"https:\/\/www.dramfolks-whisky-auction.com\/en\/product\/the-oa-islay-single-malt-whisky-mnc-4\/","name":"The OA Islay Single Malt Whisky (MNC) - Dramfolks Whisky Auction","isPartOf":{"@id":"https:\/\/www.dramfolks-whisky-auction.com\/en\/#website"},"primaryImageOfPage":{"@id":"https:\/\/www.dramfolks-whisky-auction.com\/en\/product\/the-oa-islay-single-malt-whisky-mnc-4\/#primaryimage"},"image":{"@id":"https:\/\/www.dramfolks-whisky-auction.com\/en\/product\/the-oa-islay-single-malt-whisky-mnc-4\/#primaryimage"},"thumbnailUrl":"https:\/\/www.dramfolks-whisky-auction.com\/wp-content\/uploads\/2024\/02\/OA-vorne-scaled.jpg","datePublished":"2024-05-29T16:54:37+00:00","dateModified":"2024-06-16T17:45:18+00:00","breadcrumb":{"@id":"https:\/\/www.dramfolks-whisky-auction.com\/en\/product\/the-oa-islay-single-malt-whisky-mnc-4\/#breadcrumb"},"inLanguage":"en-US","potentialAction":[{"@type":"ReadAction","target":["https:\/\/www.dramfolks-whisky-auction.com\/en\/product\/the-oa-islay-single-malt-whisky-mnc-4\/"]}]},{"@type":"ImageObject","inLanguage":"en-US","@id":"https:\/\/www.dramfolks-whisky-auction.com\/en\/product\/the-oa-islay-single-malt-whisky-mnc-4\/#primaryimage","url":"https:\/\/www.dramfolks-whisky-auction.com\/wp-content\/uploads\/2024\/02\/OA-vorne-scaled.jpg","contentUrl":"https:\/\/www.dramfolks-whisky-auction.com\/wp-content\/uploads\/2024\/02\/OA-vorne-scaled.jpg","width":2560,"height":2560},{"@type":"BreadcrumbList","@id":"https:\/\/www.dramfolks-whisky-auction.com\/en\/product\/the-oa-islay-single-malt-whisky-mnc-4\/#breadcrumb","itemListElement":[{"@type":"ListItem","position":1,"name":"Startseite","item":"https:\/\/www.dramfolks-whisky-auction.com\/en\/"},{"@type":"ListItem","position":2,"name":"Shop","item":"https:\/\/www.dramfolks-whisky-auction.com\/en\/shop\/"},{"@type":"ListItem","position":3,"name":"The OA Islay Single Malt Whisky (MNC)"}]},{"@type":"WebSite","@id":"https:\/\/www.dramfolks-whisky-auction.com\/en\/#website","url":"https:\/\/www.dramfolks-whisky-auction.com\/en\/","name":"Dramfolks Whisky Auction","description":"","potentialAction":[{"@type":"SearchAction","target":{"@type":"EntryPoint","urlTemplate":"https:\/\/www.dramfolks-whisky-auction.com\/en\/?s={search_term_string}"},"query-input":{"@type":"PropertyValueSpecification","valueRequired":true,"valueName":"search_term_string"}}],"inLanguage":"en-US"}]}},"_links":{"self":[{"href":"https:\/\/www.dramfolks-whisky-auction.com\/en\/wp-json\/wp\/v2\/product\/48709","targetHints":{"allow":["GET"]}}],"collection":[{"href":"https:\/\/www.dramfolks-whisky-auction.com\/en\/wp-json\/wp\/v2\/product"}],"about":[{"href":"https:\/\/www.dramfolks-whisky-auction.com\/en\/wp-json\/wp\/v2\/types\/product"}],"replies":[{"embeddable":true,"href":"https:\/\/www.dramfolks-whisky-auction.com\/en\/wp-json\/wp\/v2\/comments?post=48709"}],"wp:featuredmedia":[{"embeddable":true,"href":"https:\/\/www.dramfolks-whisky-auction.com\/en\/wp-json\/wp\/v2\/media\/5417"}],"wp:attachment":[{"href":"https:\/\/www.dramfolks-whisky-auction.com\/en\/wp-json\/wp\/v2\/media?parent=48709"}],"wp:term":[{"taxonomy":"product_brand","embeddable":true,"href":"https:\/\/www.dramfolks-whisky-auction.com\/en\/wp-json\/wp\/v2\/product_brand?post=48709"},{"taxonomy":"product_cat","embeddable":true,"href":"https:\/\/www.dramfolks-whisky-auction.com\/en\/wp-json\/wp\/v2\/product_cat?post=48709"},{"taxonomy":"product_tag","embeddable":true,"href":"https:\/\/www.dramfolks-whisky-auction.com\/en\/wp-json\/wp\/v2\/product_tag?post=48709"}],"curies":[{"name":"wp","href":"https:\/\/api.w.org\/{rel}","templated":true}]}}