{"id":4769,"date":"2023-12-16T12:29:06","date_gmt":"2023-12-16T11:29:06","guid":{"rendered":"https:\/\/www.dramfolks-whisky-auction.com\/?post_type=product&#038;p=4769"},"modified":"2024-01-09T21:40:43","modified_gmt":"2024-01-09T20:40:43","slug":"glendalough-calvados-xo-cask-finish","status":"publish","type":"product","link":"https:\/\/www.dramfolks-whisky-auction.com\/en\/product\/glendalough-calvados-xo-cask-finish\/","title":{"rendered":"Glendalough &#8211; Calvados XO Cask Finish"},"content":{"rendered":"<p><strong>Destille: Glendalough<br \/>\n<\/strong>Glendalough hei\u00dft auf G\u00e4lisch \u2018Tal der zwei Seen\u2018. Das Tal wird auch Garten Irlands genannt und liegt in den Wicklow Mountains s\u00fcdlich von Dublin. Hier gr\u00fcndeten f\u00fcnf Freunde die erste Craft Brennerei Irlands. Glendalough ist auch f\u00fcr seine Klostersiedlung aus dem 6. Jahrhundert bekannt. Diese wurde von dem M\u00f6nch St. Kevin gegr\u00fcndet, dessen Geschichte und Sagen auch die <span class=\"tx-datamintslossaryextension-no-replacement\">Brennerei<\/span> Gr\u00fcnder inspirierte und dessen Gestalt daher die Flaschen von Glendalough ziert.<\/p>\n<p><strong>Fun Fakt:<\/strong> Die Geschichte von Glendalough geht zur\u00fcck bis ins Jahr 518. Zu dieser Zeit zog sich der Heilige St. Kevin in die irische Wildnis zur\u00fcck, wo er sieben Jahre lebte. Der Legende nach stand er f\u00fcr 13 Tage und 13 N\u00e4chte im Wasser mit Amsel-Eiern in seinen H\u00e4nden bis die K\u00fcken schl\u00fcpften. Weitere 13 Tage harrte er dort aus, bis sie fl\u00fcgge wurden.<\/p>\n<p><strong>Whisky\/Whiskey: Calvados XO Cask Finish<br \/>\n<\/strong>S\u00e4mtliche Destillate der Glendalough Brennerei werden in Pot Stills aus Kupfer gebrannt, anschlie\u00dfend mit Bergquellwasser auf Trinkst\u00e4rke gebracht und reifen dann in First Fill Bourbon-F\u00e4ssern heran. Im n\u00e4chsten Schritt folgt eine Lagerung in individuell ausgew\u00e4hlten F\u00e4ssern, die die einzigartigen Charakteristika der Spirituosen von Glendalough bestimmen. Dieser Single Cask Whiskey erh\u00e4lt sein Finish in Calvados XO F\u00e4ssern aus Eiche. Das verleiht dem Whiskey einen fruchtigen Touch. Das Aroma des Glendalough Calvados Cask Finish Whiskey besticht in erster Linie mit s\u00fc\u00dfen Ankl\u00e4ngen.<\/p>\n<p>Es handelt sich hier um Cask: 8\/CX19 und Bottle Nr.: 154 von 366!<\/p>\n<p><strong>Info Qualit\u00e4t der Flasche:<\/strong> Exzellent ohne Besch\u00e4digungen \/ <strong>F\u00fcllstand:<\/strong> Top shoulder<br \/>\n<strong>Info Qualit\u00e4t der Box:<\/strong> keine Box vorhanden<\/p>\n<p><strong>Wichtiger Hinweis:<\/strong> Die Bewertung der Flaschen und Boxen erfolgt nach \u201ebesten Wissen und Gewissen\u201c. dramfolks kann keine Gew\u00e4hrleistung f\u00fcr den Inhalt der Flaschen \u00fcbernehmen. Weitere Infos &amp; Hinweise finden Sie in unseren AGBs. Wir empfehlen Ihnen, vor der Abgabe von Geboten \u00fcber die Zoomfunktion eine Besichtigung \/ genaue Pr\u00fcfung des angebotenen Whiskys vorzunehmen. Bitte kontaktieren sie uns bei Fragen direkt unter info@dramfolks.com<\/p>\n","protected":false},"excerpt":{"rendered":"<p>Destille: Glendalough Glendalough hei\u00dft auf G\u00e4lisch \u2018Tal der zwei Seen\u2018. Das Tal wird auch Garten Irlands genannt und liegt in den Wicklow Mountains s\u00fcdlich von Dublin. Hier gr\u00fcndeten f\u00fcnf Freunde die erste Craft Brennerei Irlands. Glendalough ist auch f\u00fcr seine Klostersiedlung aus dem 6. Jahrhundert bekannt. Diese wurde von dem M\u00f6nch St. Kevin gegr\u00fcndet, dessen[&#8230;]\n","protected":false},"featured_media":4776,"comment_status":"closed","ping_status":"closed","template":"","meta":[],"product_brand":[],"product_cat":[688],"product_tag":[],"class_list":{"0":"post-4769","1":"product","2":"type-product","3":"status-publish","4":"has-post-thumbnail","6":"product_cat-no-8","8":"first","9":"instock","10":"shipping-taxable","11":"purchasable","12":"product-type-auction"},"yoast_head":"<!-- This site is optimized with the Yoast SEO plugin v27.4 - https:\/\/yoast.com\/product\/yoast-seo-wordpress\/ -->\n<title>Glendalough - Calvados XO Cask Finish - Dramfolks Whisky Auction<\/title>\n<meta name=\"robots\" content=\"index, follow, max-snippet:-1, max-image-preview:large, max-video-preview:-1\" \/>\n<link rel=\"canonical\" href=\"https:\/\/www.dramfolks-whisky-auction.com\/en\/product\/glendalough-calvados-xo-cask-finish\/\" \/>\n<meta property=\"og:locale\" content=\"en_US\" \/>\n<meta property=\"og:type\" content=\"article\" \/>\n<meta property=\"og:title\" content=\"Glendalough - Calvados XO Cask Finish - Dramfolks Whisky Auction\" \/>\n<meta property=\"og:description\" content=\"Destille: Glendalough Glendalough hei\u00dft auf G\u00e4lisch \u2018Tal der zwei Seen\u2018. Das Tal wird auch Garten Irlands genannt und liegt in den Wicklow Mountains s\u00fcdlich von Dublin. Hier gr\u00fcndeten f\u00fcnf Freunde die erste Craft Brennerei Irlands. Glendalough ist auch f\u00fcr seine Klostersiedlung aus dem 6. Jahrhundert bekannt. Diese wurde von dem M\u00f6nch St. Kevin gegr\u00fcndet, dessen[...]\" \/>\n<meta property=\"og:url\" content=\"https:\/\/www.dramfolks-whisky-auction.com\/en\/product\/glendalough-calvados-xo-cask-finish\/\" \/>\n<meta property=\"og:site_name\" content=\"Dramfolks Whisky Auction\" \/>\n<meta property=\"article:modified_time\" content=\"2024-01-09T20:40:43+00:00\" \/>\n<meta property=\"og:image\" content=\"https:\/\/www.dramfolks-whisky-auction.com\/wp-content\/uploads\/2023\/12\/Glendalough-vorne-scaled.jpg\" \/>\n\t<meta property=\"og:image:width\" content=\"2048\" \/>\n\t<meta property=\"og:image:height\" content=\"2560\" \/>\n\t<meta property=\"og:image:type\" content=\"image\/jpeg\" \/>\n<meta name=\"twitter:card\" content=\"summary_large_image\" \/>\n<meta name=\"twitter:label1\" content=\"Est. reading time\" \/>\n\t<meta name=\"twitter:data1\" content=\"2 minutes\" \/>\n<script type=\"application\/ld+json\" class=\"yoast-schema-graph\">{\"@context\":\"https:\\\/\\\/schema.org\",\"@graph\":[{\"@type\":\"WebPage\",\"@id\":\"https:\\\/\\\/www.dramfolks-whisky-auction.com\\\/en\\\/product\\\/glendalough-calvados-xo-cask-finish\\\/\",\"url\":\"https:\\\/\\\/www.dramfolks-whisky-auction.com\\\/en\\\/product\\\/glendalough-calvados-xo-cask-finish\\\/\",\"name\":\"Glendalough - Calvados XO Cask Finish - Dramfolks Whisky Auction\",\"isPartOf\":{\"@id\":\"https:\\\/\\\/www.dramfolks-whisky-auction.com\\\/en\\\/#website\"},\"primaryImageOfPage\":{\"@id\":\"https:\\\/\\\/www.dramfolks-whisky-auction.com\\\/en\\\/product\\\/glendalough-calvados-xo-cask-finish\\\/#primaryimage\"},\"image\":{\"@id\":\"https:\\\/\\\/www.dramfolks-whisky-auction.com\\\/en\\\/product\\\/glendalough-calvados-xo-cask-finish\\\/#primaryimage\"},\"thumbnailUrl\":\"https:\\\/\\\/www.dramfolks-whisky-auction.com\\\/wp-content\\\/uploads\\\/2023\\\/12\\\/Glendalough-vorne-scaled.jpg\",\"datePublished\":\"2023-12-16T11:29:06+00:00\",\"dateModified\":\"2024-01-09T20:40:43+00:00\",\"breadcrumb\":{\"@id\":\"https:\\\/\\\/www.dramfolks-whisky-auction.com\\\/en\\\/product\\\/glendalough-calvados-xo-cask-finish\\\/#breadcrumb\"},\"inLanguage\":\"en-US\",\"potentialAction\":[{\"@type\":\"ReadAction\",\"target\":[\"https:\\\/\\\/www.dramfolks-whisky-auction.com\\\/en\\\/product\\\/glendalough-calvados-xo-cask-finish\\\/\"]}]},{\"@type\":\"ImageObject\",\"inLanguage\":\"en-US\",\"@id\":\"https:\\\/\\\/www.dramfolks-whisky-auction.com\\\/en\\\/product\\\/glendalough-calvados-xo-cask-finish\\\/#primaryimage\",\"url\":\"https:\\\/\\\/www.dramfolks-whisky-auction.com\\\/wp-content\\\/uploads\\\/2023\\\/12\\\/Glendalough-vorne-scaled.jpg\",\"contentUrl\":\"https:\\\/\\\/www.dramfolks-whisky-auction.com\\\/wp-content\\\/uploads\\\/2023\\\/12\\\/Glendalough-vorne-scaled.jpg\",\"width\":2048,\"height\":2560},{\"@type\":\"BreadcrumbList\",\"@id\":\"https:\\\/\\\/www.dramfolks-whisky-auction.com\\\/en\\\/product\\\/glendalough-calvados-xo-cask-finish\\\/#breadcrumb\",\"itemListElement\":[{\"@type\":\"ListItem\",\"position\":1,\"name\":\"Startseite\",\"item\":\"https:\\\/\\\/www.dramfolks-whisky-auction.com\\\/en\\\/\"},{\"@type\":\"ListItem\",\"position\":2,\"name\":\"Shop\",\"item\":\"https:\\\/\\\/www.dramfolks-whisky-auction.com\\\/en\\\/shop\\\/\"},{\"@type\":\"ListItem\",\"position\":3,\"name\":\"Glendalough &#8211; Calvados XO Cask Finish\"}]},{\"@type\":\"WebSite\",\"@id\":\"https:\\\/\\\/www.dramfolks-whisky-auction.com\\\/en\\\/#website\",\"url\":\"https:\\\/\\\/www.dramfolks-whisky-auction.com\\\/en\\\/\",\"name\":\"Dramfolks Whisky Auction\",\"description\":\"\",\"potentialAction\":[{\"@type\":\"SearchAction\",\"target\":{\"@type\":\"EntryPoint\",\"urlTemplate\":\"https:\\\/\\\/www.dramfolks-whisky-auction.com\\\/en\\\/?s={search_term_string}\"},\"query-input\":{\"@type\":\"PropertyValueSpecification\",\"valueRequired\":true,\"valueName\":\"search_term_string\"}}],\"inLanguage\":\"en-US\"}]}<\/script>\n<!-- \/ Yoast SEO plugin. -->","yoast_head_json":{"title":"Glendalough - Calvados XO Cask Finish - Dramfolks Whisky Auction","robots":{"index":"index","follow":"follow","max-snippet":"max-snippet:-1","max-image-preview":"max-image-preview:large","max-video-preview":"max-video-preview:-1"},"canonical":"https:\/\/www.dramfolks-whisky-auction.com\/en\/product\/glendalough-calvados-xo-cask-finish\/","og_locale":"en_US","og_type":"article","og_title":"Glendalough - Calvados XO Cask Finish - Dramfolks Whisky Auction","og_description":"Destille: Glendalough Glendalough hei\u00dft auf G\u00e4lisch \u2018Tal der zwei Seen\u2018. Das Tal wird auch Garten Irlands genannt und liegt in den Wicklow Mountains s\u00fcdlich von Dublin. Hier gr\u00fcndeten f\u00fcnf Freunde die erste Craft Brennerei Irlands. Glendalough ist auch f\u00fcr seine Klostersiedlung aus dem 6. Jahrhundert bekannt. Diese wurde von dem M\u00f6nch St. Kevin gegr\u00fcndet, dessen[...]","og_url":"https:\/\/www.dramfolks-whisky-auction.com\/en\/product\/glendalough-calvados-xo-cask-finish\/","og_site_name":"Dramfolks Whisky Auction","article_modified_time":"2024-01-09T20:40:43+00:00","og_image":[{"width":2048,"height":2560,"url":"https:\/\/www.dramfolks-whisky-auction.com\/wp-content\/uploads\/2023\/12\/Glendalough-vorne-scaled.jpg","type":"image\/jpeg"}],"twitter_card":"summary_large_image","twitter_misc":{"Est. reading time":"2 minutes"},"schema":{"@context":"https:\/\/schema.org","@graph":[{"@type":"WebPage","@id":"https:\/\/www.dramfolks-whisky-auction.com\/en\/product\/glendalough-calvados-xo-cask-finish\/","url":"https:\/\/www.dramfolks-whisky-auction.com\/en\/product\/glendalough-calvados-xo-cask-finish\/","name":"Glendalough - Calvados XO Cask Finish - Dramfolks Whisky Auction","isPartOf":{"@id":"https:\/\/www.dramfolks-whisky-auction.com\/en\/#website"},"primaryImageOfPage":{"@id":"https:\/\/www.dramfolks-whisky-auction.com\/en\/product\/glendalough-calvados-xo-cask-finish\/#primaryimage"},"image":{"@id":"https:\/\/www.dramfolks-whisky-auction.com\/en\/product\/glendalough-calvados-xo-cask-finish\/#primaryimage"},"thumbnailUrl":"https:\/\/www.dramfolks-whisky-auction.com\/wp-content\/uploads\/2023\/12\/Glendalough-vorne-scaled.jpg","datePublished":"2023-12-16T11:29:06+00:00","dateModified":"2024-01-09T20:40:43+00:00","breadcrumb":{"@id":"https:\/\/www.dramfolks-whisky-auction.com\/en\/product\/glendalough-calvados-xo-cask-finish\/#breadcrumb"},"inLanguage":"en-US","potentialAction":[{"@type":"ReadAction","target":["https:\/\/www.dramfolks-whisky-auction.com\/en\/product\/glendalough-calvados-xo-cask-finish\/"]}]},{"@type":"ImageObject","inLanguage":"en-US","@id":"https:\/\/www.dramfolks-whisky-auction.com\/en\/product\/glendalough-calvados-xo-cask-finish\/#primaryimage","url":"https:\/\/www.dramfolks-whisky-auction.com\/wp-content\/uploads\/2023\/12\/Glendalough-vorne-scaled.jpg","contentUrl":"https:\/\/www.dramfolks-whisky-auction.com\/wp-content\/uploads\/2023\/12\/Glendalough-vorne-scaled.jpg","width":2048,"height":2560},{"@type":"BreadcrumbList","@id":"https:\/\/www.dramfolks-whisky-auction.com\/en\/product\/glendalough-calvados-xo-cask-finish\/#breadcrumb","itemListElement":[{"@type":"ListItem","position":1,"name":"Startseite","item":"https:\/\/www.dramfolks-whisky-auction.com\/en\/"},{"@type":"ListItem","position":2,"name":"Shop","item":"https:\/\/www.dramfolks-whisky-auction.com\/en\/shop\/"},{"@type":"ListItem","position":3,"name":"Glendalough &#8211; Calvados XO Cask Finish"}]},{"@type":"WebSite","@id":"https:\/\/www.dramfolks-whisky-auction.com\/en\/#website","url":"https:\/\/www.dramfolks-whisky-auction.com\/en\/","name":"Dramfolks Whisky Auction","description":"","potentialAction":[{"@type":"SearchAction","target":{"@type":"EntryPoint","urlTemplate":"https:\/\/www.dramfolks-whisky-auction.com\/en\/?s={search_term_string}"},"query-input":{"@type":"PropertyValueSpecification","valueRequired":true,"valueName":"search_term_string"}}],"inLanguage":"en-US"}]}},"_links":{"self":[{"href":"https:\/\/www.dramfolks-whisky-auction.com\/en\/wp-json\/wp\/v2\/product\/4769","targetHints":{"allow":["GET"]}}],"collection":[{"href":"https:\/\/www.dramfolks-whisky-auction.com\/en\/wp-json\/wp\/v2\/product"}],"about":[{"href":"https:\/\/www.dramfolks-whisky-auction.com\/en\/wp-json\/wp\/v2\/types\/product"}],"replies":[{"embeddable":true,"href":"https:\/\/www.dramfolks-whisky-auction.com\/en\/wp-json\/wp\/v2\/comments?post=4769"}],"wp:featuredmedia":[{"embeddable":true,"href":"https:\/\/www.dramfolks-whisky-auction.com\/en\/wp-json\/wp\/v2\/media\/4776"}],"wp:attachment":[{"href":"https:\/\/www.dramfolks-whisky-auction.com\/en\/wp-json\/wp\/v2\/media?parent=4769"}],"wp:term":[{"taxonomy":"product_brand","embeddable":true,"href":"https:\/\/www.dramfolks-whisky-auction.com\/en\/wp-json\/wp\/v2\/product_brand?post=4769"},{"taxonomy":"product_cat","embeddable":true,"href":"https:\/\/www.dramfolks-whisky-auction.com\/en\/wp-json\/wp\/v2\/product_cat?post=4769"},{"taxonomy":"product_tag","embeddable":true,"href":"https:\/\/www.dramfolks-whisky-auction.com\/en\/wp-json\/wp\/v2\/product_tag?post=4769"}],"curies":[{"name":"wp","href":"https:\/\/api.w.org\/{rel}","templated":true}]}}