{"id":4753482,"date":"2025-08-07T09:39:31","date_gmt":"2025-08-07T07:39:31","guid":{"rendered":"https:\/\/www.dramfolks-whisky-auction.com\/?post_type=product&#038;p=4753482"},"modified":"2025-08-28T19:47:06","modified_gmt":"2025-08-28T17:47:06","slug":"special-ornellaia-e-masseto-3er-grappa-paket-ornellaia-grappa-di-merlot-vendemmia-1994-special-kopie","status":"publish","type":"product","link":"https:\/\/www.dramfolks-whisky-auction.com\/en\/product\/special-ornellaia-e-masseto-3er-grappa-paket-ornellaia-grappa-di-merlot-vendemmia-1994-special-kopie\/","title":{"rendered":"&#8211;Special!!!&#8211;Ornellaia e Masseto &#8211; 3er Grappa Paket Ornellaia Grappa di Merlot Vendemmia 1994&#8211;Special!!!&#8211;"},"content":{"rendered":"<p><strong>Destille: Ornellaia e Masseto<br \/>\n<\/strong>Ornellaia e Masseto, vormals Tenuta dell\u2019Ornellaia, ist ein italienisches Weingut in der DOC Bolgheri im Ortsteil Bolgheri der Gemeinde Castagneto Carducci in der Toskana, bekannt als Hersteller von \u201eSupertoskaner\u201c-Weinen.<br \/>\nOrnellaia gilt als einer von Italiens f\u00fchrenden bordeauxartigen Rotweinen. Das Gut produziert auch einen Zweitwein, \u201eLe Serre Nuove\u201c, den Verschnitt \u201eLe Volte\u201c, den Merlot \u201eMasseto\u201c, sowie Grappa und Oliven\u00f6l. 2012 \u00e4nderte das Weingut seinen Namen von \u201eTenuta dell\u2019Ornellaia\u201c zu \u201eOrnellaia e Masseto\u201c, um der wachsenden Bedeutung des Weines auf Basis des Merlot Rechnung zu tragen. Robert Mondavi Winery erwarb im November 1999 eine Minderheitsbeteiligung; 2002 hatten sie alle Anteile \u00fcbernommen und begannen eine Partnerschaft mit der Familie Frescobaldi. Im April 2005 erwarb Frescobaldi die restlichen 50 % Anteile an Ornellaia von Constellation Brands nach deren \u00dcbernahme der Mondavi Holding und wurden so zu Alleineigent\u00fcmer. Axel Heinz ist der Weinmacher; Michel Rolland, von Beginn an dabei, ist beratender \u00d6nologe.<\/p>\n<p><strong>Fun Fakt: <\/strong>Eigentlich ein Weingut, was aber Weine in absoluter Spitzenklasse anbietet&#8230; Das Weingut Ornellaia liegt an der Via Bolgherese in einem Dreieck zwischen dem Meer, dem alten Ortskern von Bolgheri und Castagneto Carducci. Der Grundsatz \u201eQualit\u00e4t ohne Kompromisse\u201c beginnt bereits im Weinberg und zieht sich wie ein roter Faden durch die Bearbeitung der Weinreben, die Weinlese und die Arbeit im Weinkeller. Neben dem Spitzenprodukt Masseto, einem reinsortigen Merlot und der namhaften Cuv\u00e9e \u201eOrnellaia di Ornellaia\u201c \u00fcberzeugen der Zweitwein der Tenuta, der \u201cLe Serre Nouve\u201c und der Einstieg in die Ornellaia-Welt, der \u201cLe Volte\u201c mit j\u00e4hrlichen hohen internationale Auszeichnungen.<\/p>\n<p><strong>Destillat: 3er Grappa Paket &#8211; Ornellaia Grappa di Merlot Vendemmia 1994<br \/>\n<\/strong>Dieser Grappa von Ornellaia ist in Merlot Barrique-F\u00e4ssern f\u00fcr 18 Monate ausgebaut und besticht durch sein intensives Goldgelb. Er \u00fcberzeugt sowohl mit einem Bukett mit Noten von Gew\u00fcrznelken, Vanille und Pflaume als auch mit seinem weichen K\u00f6rper und einem langen, ausgewogenen Abgang. Das hier angebotene Grappa Paket besteht aus 3 Flaschen des beschriebenen Grappas aus dem Jahre 1994!!!!<\/p>\n<p><strong>Info Qualit\u00e4t der Flasche:<\/strong> Exzellent &#8211; ohne Besch\u00e4digungen \/ <strong>F\u00fcllstand:<\/strong> Top shoulder<br \/>\n<strong>Info Qualit\u00e4t der Box: <\/strong>keine Box vorhanden<\/p>\n<p><strong>Wichtiger Hinweis:<\/strong> Die Bewertung der Flaschen und Boxen erfolgt nach \u201ebesten Wissen und Gewissen\u201c. dramfolks kann keine Gew\u00e4hrleistung f\u00fcr den Inhalt der Flaschen \u00fcbernehmen. Weitere Infos &amp; Hinweise finden Sie in unseren AGBs. Wir empfehlen Ihnen, vor der Abgabe von Geboten \u00fcber die Zoomfunktion eine Besichtigung \/ genaue Pr\u00fcfung des angebotenen Whiskys vorzunehmen. Bitte kontaktieren sie uns bei Fragen direkt unter info@dramfolks.com<\/p>\n","protected":false},"excerpt":{"rendered":"<p>Destille: Ornellaia e Masseto Ornellaia e Masseto, vormals Tenuta dell\u2019Ornellaia, ist ein italienisches Weingut in der DOC Bolgheri im Ortsteil Bolgheri der Gemeinde Castagneto Carducci in der Toskana, bekannt als Hersteller von \u201eSupertoskaner\u201c-Weinen. Ornellaia gilt als einer von Italiens f\u00fchrenden bordeauxartigen Rotweinen. Das Gut produziert auch einen Zweitwein, \u201eLe Serre Nuove\u201c, den Verschnitt \u201eLe Volte\u201c,[&#8230;]\n","protected":false},"featured_media":4753483,"comment_status":"closed","ping_status":"closed","template":"","meta":[],"product_brand":[],"product_cat":[1188],"product_tag":[],"class_list":{"0":"post-4753482","1":"product","2":"type-product","3":"status-publish","4":"has-post-thumbnail","6":"product_cat-no-19","8":"first","9":"instock","10":"shipping-taxable","11":"purchasable","12":"product-type-auction"},"yoast_head":"<!-- This site is optimized with the Yoast SEO plugin v27.0 - https:\/\/yoast.com\/product\/yoast-seo-wordpress\/ -->\n<title>-Special!!!-Ornellaia e Masseto - 3er Grappa Paket Ornellaia Grappa di Merlot Vendemmia 1994-Special!!!- Dramfolks Whisky Auction<\/title>\n<meta name=\"robots\" content=\"index, follow, max-snippet:-1, max-image-preview:large, max-video-preview:-1\" \/>\n<link rel=\"canonical\" href=\"https:\/\/www.dramfolks-whisky-auction.com\/en\/product\/special-ornellaia-e-masseto-3er-grappa-paket-ornellaia-grappa-di-merlot-vendemmia-1994-special-kopie\/\" \/>\n<meta property=\"og:locale\" content=\"en_US\" \/>\n<meta property=\"og:type\" content=\"article\" \/>\n<meta property=\"og:title\" content=\"-Special!!!-Ornellaia e Masseto - 3er Grappa Paket Ornellaia Grappa di Merlot Vendemmia 1994-Special!!!- Dramfolks Whisky Auction\" \/>\n<meta property=\"og:description\" content=\"Destille: Ornellaia e Masseto Ornellaia e Masseto, vormals Tenuta dell\u2019Ornellaia, ist ein italienisches Weingut in der DOC Bolgheri im Ortsteil Bolgheri der Gemeinde Castagneto Carducci in der Toskana, bekannt als Hersteller von \u201eSupertoskaner\u201c-Weinen. Ornellaia gilt als einer von Italiens f\u00fchrenden bordeauxartigen Rotweinen. Das Gut produziert auch einen Zweitwein, \u201eLe Serre Nuove\u201c, den Verschnitt \u201eLe Volte\u201c,[...]\" \/>\n<meta property=\"og:url\" content=\"https:\/\/www.dramfolks-whisky-auction.com\/en\/product\/special-ornellaia-e-masseto-3er-grappa-paket-ornellaia-grappa-di-merlot-vendemmia-1994-special-kopie\/\" \/>\n<meta property=\"og:site_name\" content=\"Dramfolks Whisky Auction\" \/>\n<meta property=\"article:modified_time\" content=\"2025-08-28T17:47:06+00:00\" \/>\n<meta property=\"og:image\" content=\"https:\/\/www.dramfolks-whisky-auction.com\/wp-content\/uploads\/2025\/08\/Grappa-vorne.jpg\" \/>\n\t<meta property=\"og:image:width\" content=\"2035\" \/>\n\t<meta property=\"og:image:height\" content=\"2035\" \/>\n\t<meta property=\"og:image:type\" content=\"image\/jpeg\" \/>\n<meta name=\"twitter:card\" content=\"summary_large_image\" \/>\n<meta name=\"twitter:label1\" content=\"Est. reading time\" \/>\n\t<meta name=\"twitter:data1\" content=\"3 minutes\" \/>\n<script type=\"application\/ld+json\" class=\"yoast-schema-graph\">{\"@context\":\"https:\/\/schema.org\",\"@graph\":[{\"@type\":\"WebPage\",\"@id\":\"https:\/\/www.dramfolks-whisky-auction.com\/en\/product\/special-ornellaia-e-masseto-3er-grappa-paket-ornellaia-grappa-di-merlot-vendemmia-1994-special-kopie\/\",\"url\":\"https:\/\/www.dramfolks-whisky-auction.com\/en\/product\/special-ornellaia-e-masseto-3er-grappa-paket-ornellaia-grappa-di-merlot-vendemmia-1994-special-kopie\/\",\"name\":\"-Special!!!-Ornellaia e Masseto - 3er Grappa Paket Ornellaia Grappa di Merlot Vendemmia 1994-Special!!!- Dramfolks Whisky Auction\",\"isPartOf\":{\"@id\":\"https:\/\/www.dramfolks-whisky-auction.com\/en\/#website\"},\"primaryImageOfPage\":{\"@id\":\"https:\/\/www.dramfolks-whisky-auction.com\/en\/product\/special-ornellaia-e-masseto-3er-grappa-paket-ornellaia-grappa-di-merlot-vendemmia-1994-special-kopie\/#primaryimage\"},\"image\":{\"@id\":\"https:\/\/www.dramfolks-whisky-auction.com\/en\/product\/special-ornellaia-e-masseto-3er-grappa-paket-ornellaia-grappa-di-merlot-vendemmia-1994-special-kopie\/#primaryimage\"},\"thumbnailUrl\":\"https:\/\/www.dramfolks-whisky-auction.com\/wp-content\/uploads\/2025\/08\/Grappa-vorne.jpg\",\"datePublished\":\"2025-08-07T07:39:31+00:00\",\"dateModified\":\"2025-08-28T17:47:06+00:00\",\"breadcrumb\":{\"@id\":\"https:\/\/www.dramfolks-whisky-auction.com\/en\/product\/special-ornellaia-e-masseto-3er-grappa-paket-ornellaia-grappa-di-merlot-vendemmia-1994-special-kopie\/#breadcrumb\"},\"inLanguage\":\"en-US\",\"potentialAction\":[{\"@type\":\"ReadAction\",\"target\":[\"https:\/\/www.dramfolks-whisky-auction.com\/en\/product\/special-ornellaia-e-masseto-3er-grappa-paket-ornellaia-grappa-di-merlot-vendemmia-1994-special-kopie\/\"]}]},{\"@type\":\"ImageObject\",\"inLanguage\":\"en-US\",\"@id\":\"https:\/\/www.dramfolks-whisky-auction.com\/en\/product\/special-ornellaia-e-masseto-3er-grappa-paket-ornellaia-grappa-di-merlot-vendemmia-1994-special-kopie\/#primaryimage\",\"url\":\"https:\/\/www.dramfolks-whisky-auction.com\/wp-content\/uploads\/2025\/08\/Grappa-vorne.jpg\",\"contentUrl\":\"https:\/\/www.dramfolks-whisky-auction.com\/wp-content\/uploads\/2025\/08\/Grappa-vorne.jpg\",\"width\":2035,\"height\":2035},{\"@type\":\"BreadcrumbList\",\"@id\":\"https:\/\/www.dramfolks-whisky-auction.com\/en\/product\/special-ornellaia-e-masseto-3er-grappa-paket-ornellaia-grappa-di-merlot-vendemmia-1994-special-kopie\/#breadcrumb\",\"itemListElement\":[{\"@type\":\"ListItem\",\"position\":1,\"name\":\"Startseite\",\"item\":\"https:\/\/www.dramfolks-whisky-auction.com\/en\/\"},{\"@type\":\"ListItem\",\"position\":2,\"name\":\"Shop\",\"item\":\"https:\/\/www.dramfolks-whisky-auction.com\/en\/shop\/\"},{\"@type\":\"ListItem\",\"position\":3,\"name\":\"&#8211;Special!!!&#8211;Ornellaia e Masseto &#8211; 3er Grappa Paket Ornellaia Grappa di Merlot Vendemmia 1994&#8211;Special!!!&#8211;\"}]},{\"@type\":\"WebSite\",\"@id\":\"https:\/\/www.dramfolks-whisky-auction.com\/en\/#website\",\"url\":\"https:\/\/www.dramfolks-whisky-auction.com\/en\/\",\"name\":\"Dramfolks Whisky Auction\",\"description\":\"\",\"potentialAction\":[{\"@type\":\"SearchAction\",\"target\":{\"@type\":\"EntryPoint\",\"urlTemplate\":\"https:\/\/www.dramfolks-whisky-auction.com\/en\/?s={search_term_string}\"},\"query-input\":{\"@type\":\"PropertyValueSpecification\",\"valueRequired\":true,\"valueName\":\"search_term_string\"}}],\"inLanguage\":\"en-US\"}]}<\/script>\n<!-- \/ Yoast SEO plugin. -->","yoast_head_json":{"title":"-Special!!!-Ornellaia e Masseto - 3er Grappa Paket Ornellaia Grappa di Merlot Vendemmia 1994-Special!!!- Dramfolks Whisky Auction","robots":{"index":"index","follow":"follow","max-snippet":"max-snippet:-1","max-image-preview":"max-image-preview:large","max-video-preview":"max-video-preview:-1"},"canonical":"https:\/\/www.dramfolks-whisky-auction.com\/en\/product\/special-ornellaia-e-masseto-3er-grappa-paket-ornellaia-grappa-di-merlot-vendemmia-1994-special-kopie\/","og_locale":"en_US","og_type":"article","og_title":"-Special!!!-Ornellaia e Masseto - 3er Grappa Paket Ornellaia Grappa di Merlot Vendemmia 1994-Special!!!- Dramfolks Whisky Auction","og_description":"Destille: Ornellaia e Masseto Ornellaia e Masseto, vormals Tenuta dell\u2019Ornellaia, ist ein italienisches Weingut in der DOC Bolgheri im Ortsteil Bolgheri der Gemeinde Castagneto Carducci in der Toskana, bekannt als Hersteller von \u201eSupertoskaner\u201c-Weinen. Ornellaia gilt als einer von Italiens f\u00fchrenden bordeauxartigen Rotweinen. Das Gut produziert auch einen Zweitwein, \u201eLe Serre Nuove\u201c, den Verschnitt \u201eLe Volte\u201c,[...]","og_url":"https:\/\/www.dramfolks-whisky-auction.com\/en\/product\/special-ornellaia-e-masseto-3er-grappa-paket-ornellaia-grappa-di-merlot-vendemmia-1994-special-kopie\/","og_site_name":"Dramfolks Whisky Auction","article_modified_time":"2025-08-28T17:47:06+00:00","og_image":[{"width":2035,"height":2035,"url":"https:\/\/www.dramfolks-whisky-auction.com\/wp-content\/uploads\/2025\/08\/Grappa-vorne.jpg","type":"image\/jpeg"}],"twitter_card":"summary_large_image","twitter_misc":{"Est. reading time":"3 minutes"},"schema":{"@context":"https:\/\/schema.org","@graph":[{"@type":"WebPage","@id":"https:\/\/www.dramfolks-whisky-auction.com\/en\/product\/special-ornellaia-e-masseto-3er-grappa-paket-ornellaia-grappa-di-merlot-vendemmia-1994-special-kopie\/","url":"https:\/\/www.dramfolks-whisky-auction.com\/en\/product\/special-ornellaia-e-masseto-3er-grappa-paket-ornellaia-grappa-di-merlot-vendemmia-1994-special-kopie\/","name":"-Special!!!-Ornellaia e Masseto - 3er Grappa Paket Ornellaia Grappa di Merlot Vendemmia 1994-Special!!!- Dramfolks Whisky Auction","isPartOf":{"@id":"https:\/\/www.dramfolks-whisky-auction.com\/en\/#website"},"primaryImageOfPage":{"@id":"https:\/\/www.dramfolks-whisky-auction.com\/en\/product\/special-ornellaia-e-masseto-3er-grappa-paket-ornellaia-grappa-di-merlot-vendemmia-1994-special-kopie\/#primaryimage"},"image":{"@id":"https:\/\/www.dramfolks-whisky-auction.com\/en\/product\/special-ornellaia-e-masseto-3er-grappa-paket-ornellaia-grappa-di-merlot-vendemmia-1994-special-kopie\/#primaryimage"},"thumbnailUrl":"https:\/\/www.dramfolks-whisky-auction.com\/wp-content\/uploads\/2025\/08\/Grappa-vorne.jpg","datePublished":"2025-08-07T07:39:31+00:00","dateModified":"2025-08-28T17:47:06+00:00","breadcrumb":{"@id":"https:\/\/www.dramfolks-whisky-auction.com\/en\/product\/special-ornellaia-e-masseto-3er-grappa-paket-ornellaia-grappa-di-merlot-vendemmia-1994-special-kopie\/#breadcrumb"},"inLanguage":"en-US","potentialAction":[{"@type":"ReadAction","target":["https:\/\/www.dramfolks-whisky-auction.com\/en\/product\/special-ornellaia-e-masseto-3er-grappa-paket-ornellaia-grappa-di-merlot-vendemmia-1994-special-kopie\/"]}]},{"@type":"ImageObject","inLanguage":"en-US","@id":"https:\/\/www.dramfolks-whisky-auction.com\/en\/product\/special-ornellaia-e-masseto-3er-grappa-paket-ornellaia-grappa-di-merlot-vendemmia-1994-special-kopie\/#primaryimage","url":"https:\/\/www.dramfolks-whisky-auction.com\/wp-content\/uploads\/2025\/08\/Grappa-vorne.jpg","contentUrl":"https:\/\/www.dramfolks-whisky-auction.com\/wp-content\/uploads\/2025\/08\/Grappa-vorne.jpg","width":2035,"height":2035},{"@type":"BreadcrumbList","@id":"https:\/\/www.dramfolks-whisky-auction.com\/en\/product\/special-ornellaia-e-masseto-3er-grappa-paket-ornellaia-grappa-di-merlot-vendemmia-1994-special-kopie\/#breadcrumb","itemListElement":[{"@type":"ListItem","position":1,"name":"Startseite","item":"https:\/\/www.dramfolks-whisky-auction.com\/en\/"},{"@type":"ListItem","position":2,"name":"Shop","item":"https:\/\/www.dramfolks-whisky-auction.com\/en\/shop\/"},{"@type":"ListItem","position":3,"name":"&#8211;Special!!!&#8211;Ornellaia e Masseto &#8211; 3er Grappa Paket Ornellaia Grappa di Merlot Vendemmia 1994&#8211;Special!!!&#8211;"}]},{"@type":"WebSite","@id":"https:\/\/www.dramfolks-whisky-auction.com\/en\/#website","url":"https:\/\/www.dramfolks-whisky-auction.com\/en\/","name":"Dramfolks Whisky Auction","description":"","potentialAction":[{"@type":"SearchAction","target":{"@type":"EntryPoint","urlTemplate":"https:\/\/www.dramfolks-whisky-auction.com\/en\/?s={search_term_string}"},"query-input":{"@type":"PropertyValueSpecification","valueRequired":true,"valueName":"search_term_string"}}],"inLanguage":"en-US"}]}},"_links":{"self":[{"href":"https:\/\/www.dramfolks-whisky-auction.com\/en\/wp-json\/wp\/v2\/product\/4753482","targetHints":{"allow":["GET"]}}],"collection":[{"href":"https:\/\/www.dramfolks-whisky-auction.com\/en\/wp-json\/wp\/v2\/product"}],"about":[{"href":"https:\/\/www.dramfolks-whisky-auction.com\/en\/wp-json\/wp\/v2\/types\/product"}],"replies":[{"embeddable":true,"href":"https:\/\/www.dramfolks-whisky-auction.com\/en\/wp-json\/wp\/v2\/comments?post=4753482"}],"wp:featuredmedia":[{"embeddable":true,"href":"https:\/\/www.dramfolks-whisky-auction.com\/en\/wp-json\/wp\/v2\/media\/4753483"}],"wp:attachment":[{"href":"https:\/\/www.dramfolks-whisky-auction.com\/en\/wp-json\/wp\/v2\/media?parent=4753482"}],"wp:term":[{"taxonomy":"product_brand","embeddable":true,"href":"https:\/\/www.dramfolks-whisky-auction.com\/en\/wp-json\/wp\/v2\/product_brand?post=4753482"},{"taxonomy":"product_cat","embeddable":true,"href":"https:\/\/www.dramfolks-whisky-auction.com\/en\/wp-json\/wp\/v2\/product_cat?post=4753482"},{"taxonomy":"product_tag","embeddable":true,"href":"https:\/\/www.dramfolks-whisky-auction.com\/en\/wp-json\/wp\/v2\/product_tag?post=4753482"}],"curies":[{"name":"wp","href":"https:\/\/api.w.org\/{rel}","templated":true}]}}