{"id":4743753,"date":"2025-08-06T08:19:11","date_gmt":"2025-08-06T06:19:11","guid":{"rendered":"https:\/\/www.dramfolks-whisky-auction.com\/?post_type=product&#038;p=4743753"},"modified":"2025-08-31T14:27:27","modified_gmt":"2025-08-31T12:27:27","slug":"balvenie-10yo-founders-reserve-1993-3","status":"publish","type":"product","link":"https:\/\/www.dramfolks-whisky-auction.com\/en\/product\/balvenie-10yo-founders-reserve-1993-3\/","title":{"rendered":"Balvenie &#8211; 10yo \/ Founder\u00b4s Reserve 1993"},"content":{"rendered":"<p><strong>Destille: Balvenie<br \/>\n<\/strong>Die in Dufftown, Banffshire, Schottland ans\u00e4ssige Whisky Brennerei produziert bereits seit 1892 Single Malt Scotch Whisky. Der Name Balvenie bedeutet so viel wie &#8220;Dorf des Gl\u00fccks&#8221;. Gegr\u00fcndet wurde Balvenie von keinem geringeren als William J. Grant, der bereits ebenfalls Glenfiddich gr\u00fcndete. Um Kosten zu sparen verwendete man bei Balvenie zun\u00e4chst gebrauchte Brennblasen aus den Brennereien Lagavulin und Glen Albyn. Heute verf\u00fcgt die Brennerei \u00fcber insgesamt neun eigene Brennblasen.<\/p>\n<p><strong>Fun fact No.1:<\/strong> von der Konkurrenz&#8230; Bei der Errichtung von Balvenie musste man streng aufs Budget achten. Daher war die Anschaffung f\u00fcr neue Brennblasen zu teuer, also fragte man bei der Konkurrenz nach und verwendete kosteng\u00fcnstige gebrauchte Brennblasen von Lagavulin und Glen Albyn.<\/p>\n<p><strong>Fun fact No.2:<\/strong> Holz-Pionier&#8230; Balvenie war eine der ersten Destillerien, die mit der Einf\u00fchrung von Double Wood im Jahr 1993 einen &#8220;fertigen&#8221; Single Malt einf\u00fchrte, der zun\u00e4chst in Ex-Bourbon-F\u00e4ssern reifte, bevor er eine kurze Phase der zweiten Reifung (aka Finishing) in Ex-Sherry erhielt.<\/p>\n<p><strong>Whisky\/Whiskey: 10yo \/ Founder\u00b4s Reserve 1993<\/strong><br \/>\nDer Balvenie Founder\u00b4s Reserve 10yo ist ein herausragender Vertreter der Balvenie Destillerie aus der Region Speyside.<br \/>\nDer hier produzierte Malt ist wunderbar weich, der Malzgeschmack verdr\u00e4ngt den Torfton, ohne an Kraft zu verlieren oder sogar zu s\u00fc\u00df zu werden. Der 10-j\u00e4hrige hat eine leichte, angenehme W\u00fcrze mit warmen Honig- und Orangent\u00f6nen. ist einer der beliebtesten Speyside Single Malt Whiskys. Die hier angebotene Flasche stammt aus den 1990iger Jahren und hat KEINE Box!<\/p>\n<p><strong>Info Qualit\u00e4t der Flasche:<\/strong> Exzellent ohne Besch\u00e4digungen \/ <strong>F\u00fcllstand:<\/strong> Into neck<br \/>\n<strong>Info Qualit\u00e4t der Box:<\/strong> keine Box vorhanden<\/p>\n<p><strong>Wichtiger Hinweis:<\/strong> Die Bewertung der Flaschen und Boxen erfolgt nach \u201ebesten Wissen und Gewissen\u201c. dramfolks kann keine Gew\u00e4hrleistung f\u00fcr den Inhalt der Flaschen \u00fcbernehmen. Weitere Infos &amp; Hinweise finden Sie in unseren AGBs. Wir empfehlen Ihnen, vor der Abgabe von Geboten \u00fcber die Zoomfunktion eine Besichtigung \/ genaue Pr\u00fcfung des angebotenen Whiskys vorzunehmen. Bitte kontaktieren sie uns bei Fragen direkt unter info@dramfolks.com<\/p>\n","protected":false},"excerpt":{"rendered":"<p>Destille: Balvenie Die in Dufftown, Banffshire, Schottland ans\u00e4ssige Whisky Brennerei produziert bereits seit 1892 Single Malt Scotch Whisky. Der Name Balvenie bedeutet so viel wie &#8220;Dorf des Gl\u00fccks&#8221;. Gegr\u00fcndet wurde Balvenie von keinem geringeren als William J. Grant, der bereits ebenfalls Glenfiddich gr\u00fcndete. Um Kosten zu sparen verwendete man bei Balvenie zun\u00e4chst gebrauchte Brennblasen aus[&#8230;]\n","protected":false},"featured_media":3730135,"comment_status":"closed","ping_status":"closed","template":"","meta":[],"product_brand":[],"product_cat":[1188],"product_tag":[],"class_list":{"0":"post-4743753","1":"product","2":"type-product","3":"status-publish","4":"has-post-thumbnail","6":"product_cat-no-19","8":"first","9":"instock","10":"shipping-taxable","11":"purchasable","12":"product-type-auction"},"yoast_head":"<!-- This site is optimized with the Yoast SEO plugin v27.4 - https:\/\/yoast.com\/product\/yoast-seo-wordpress\/ -->\n<title>Balvenie - 10yo \/ Founder\u00b4s Reserve 1993 - Dramfolks Whisky Auction<\/title>\n<meta name=\"robots\" content=\"index, follow, max-snippet:-1, max-image-preview:large, max-video-preview:-1\" \/>\n<link rel=\"canonical\" href=\"https:\/\/www.dramfolks-whisky-auction.com\/en\/product\/balvenie-10yo-founders-reserve-1993-3\/\" \/>\n<meta property=\"og:locale\" content=\"en_US\" \/>\n<meta property=\"og:type\" content=\"article\" \/>\n<meta property=\"og:title\" content=\"Balvenie - 10yo \/ Founder\u00b4s Reserve 1993 - Dramfolks Whisky Auction\" \/>\n<meta property=\"og:description\" content=\"Destille: Balvenie Die in Dufftown, Banffshire, Schottland ans\u00e4ssige Whisky Brennerei produziert bereits seit 1892 Single Malt Scotch Whisky. Der Name Balvenie bedeutet so viel wie &#8220;Dorf des Gl\u00fccks&#8221;. Gegr\u00fcndet wurde Balvenie von keinem geringeren als William J. Grant, der bereits ebenfalls Glenfiddich gr\u00fcndete. Um Kosten zu sparen verwendete man bei Balvenie zun\u00e4chst gebrauchte Brennblasen aus[...]\" \/>\n<meta property=\"og:url\" content=\"https:\/\/www.dramfolks-whisky-auction.com\/en\/product\/balvenie-10yo-founders-reserve-1993-3\/\" \/>\n<meta property=\"og:site_name\" content=\"Dramfolks Whisky Auction\" \/>\n<meta property=\"article:modified_time\" content=\"2025-08-31T12:27:27+00:00\" \/>\n<meta property=\"og:image\" content=\"https:\/\/www.dramfolks-whisky-auction.com\/wp-content\/uploads\/2025\/06\/Balvenie-10yo-vorne-scaled.jpg\" \/>\n\t<meta property=\"og:image:width\" content=\"2560\" \/>\n\t<meta property=\"og:image:height\" content=\"2560\" \/>\n\t<meta property=\"og:image:type\" content=\"image\/jpeg\" \/>\n<meta name=\"twitter:card\" content=\"summary_large_image\" \/>\n<meta name=\"twitter:label1\" content=\"Est. reading time\" \/>\n\t<meta name=\"twitter:data1\" content=\"2 minutes\" \/>\n<script type=\"application\/ld+json\" class=\"yoast-schema-graph\">{\"@context\":\"https:\\\/\\\/schema.org\",\"@graph\":[{\"@type\":\"WebPage\",\"@id\":\"https:\\\/\\\/www.dramfolks-whisky-auction.com\\\/en\\\/product\\\/balvenie-10yo-founders-reserve-1993-3\\\/\",\"url\":\"https:\\\/\\\/www.dramfolks-whisky-auction.com\\\/en\\\/product\\\/balvenie-10yo-founders-reserve-1993-3\\\/\",\"name\":\"Balvenie - 10yo \\\/ Founder\u00b4s Reserve 1993 - Dramfolks Whisky Auction\",\"isPartOf\":{\"@id\":\"https:\\\/\\\/www.dramfolks-whisky-auction.com\\\/en\\\/#website\"},\"primaryImageOfPage\":{\"@id\":\"https:\\\/\\\/www.dramfolks-whisky-auction.com\\\/en\\\/product\\\/balvenie-10yo-founders-reserve-1993-3\\\/#primaryimage\"},\"image\":{\"@id\":\"https:\\\/\\\/www.dramfolks-whisky-auction.com\\\/en\\\/product\\\/balvenie-10yo-founders-reserve-1993-3\\\/#primaryimage\"},\"thumbnailUrl\":\"https:\\\/\\\/www.dramfolks-whisky-auction.com\\\/wp-content\\\/uploads\\\/2025\\\/06\\\/Balvenie-10yo-vorne-scaled.jpg\",\"datePublished\":\"2025-08-06T06:19:11+00:00\",\"dateModified\":\"2025-08-31T12:27:27+00:00\",\"breadcrumb\":{\"@id\":\"https:\\\/\\\/www.dramfolks-whisky-auction.com\\\/en\\\/product\\\/balvenie-10yo-founders-reserve-1993-3\\\/#breadcrumb\"},\"inLanguage\":\"en-US\",\"potentialAction\":[{\"@type\":\"ReadAction\",\"target\":[\"https:\\\/\\\/www.dramfolks-whisky-auction.com\\\/en\\\/product\\\/balvenie-10yo-founders-reserve-1993-3\\\/\"]}]},{\"@type\":\"ImageObject\",\"inLanguage\":\"en-US\",\"@id\":\"https:\\\/\\\/www.dramfolks-whisky-auction.com\\\/en\\\/product\\\/balvenie-10yo-founders-reserve-1993-3\\\/#primaryimage\",\"url\":\"https:\\\/\\\/www.dramfolks-whisky-auction.com\\\/wp-content\\\/uploads\\\/2025\\\/06\\\/Balvenie-10yo-vorne-scaled.jpg\",\"contentUrl\":\"https:\\\/\\\/www.dramfolks-whisky-auction.com\\\/wp-content\\\/uploads\\\/2025\\\/06\\\/Balvenie-10yo-vorne-scaled.jpg\",\"width\":2560,\"height\":2560},{\"@type\":\"BreadcrumbList\",\"@id\":\"https:\\\/\\\/www.dramfolks-whisky-auction.com\\\/en\\\/product\\\/balvenie-10yo-founders-reserve-1993-3\\\/#breadcrumb\",\"itemListElement\":[{\"@type\":\"ListItem\",\"position\":1,\"name\":\"Startseite\",\"item\":\"https:\\\/\\\/www.dramfolks-whisky-auction.com\\\/en\\\/\"},{\"@type\":\"ListItem\",\"position\":2,\"name\":\"Shop\",\"item\":\"https:\\\/\\\/www.dramfolks-whisky-auction.com\\\/en\\\/shop\\\/\"},{\"@type\":\"ListItem\",\"position\":3,\"name\":\"Balvenie &#8211; 10yo \\\/ Founder\u00b4s Reserve 1993\"}]},{\"@type\":\"WebSite\",\"@id\":\"https:\\\/\\\/www.dramfolks-whisky-auction.com\\\/en\\\/#website\",\"url\":\"https:\\\/\\\/www.dramfolks-whisky-auction.com\\\/en\\\/\",\"name\":\"Dramfolks Whisky Auction\",\"description\":\"\",\"potentialAction\":[{\"@type\":\"SearchAction\",\"target\":{\"@type\":\"EntryPoint\",\"urlTemplate\":\"https:\\\/\\\/www.dramfolks-whisky-auction.com\\\/en\\\/?s={search_term_string}\"},\"query-input\":{\"@type\":\"PropertyValueSpecification\",\"valueRequired\":true,\"valueName\":\"search_term_string\"}}],\"inLanguage\":\"en-US\"}]}<\/script>\n<!-- \/ Yoast SEO plugin. -->","yoast_head_json":{"title":"Balvenie - 10yo \/ Founder\u00b4s Reserve 1993 - Dramfolks Whisky Auction","robots":{"index":"index","follow":"follow","max-snippet":"max-snippet:-1","max-image-preview":"max-image-preview:large","max-video-preview":"max-video-preview:-1"},"canonical":"https:\/\/www.dramfolks-whisky-auction.com\/en\/product\/balvenie-10yo-founders-reserve-1993-3\/","og_locale":"en_US","og_type":"article","og_title":"Balvenie - 10yo \/ Founder\u00b4s Reserve 1993 - Dramfolks Whisky Auction","og_description":"Destille: Balvenie Die in Dufftown, Banffshire, Schottland ans\u00e4ssige Whisky Brennerei produziert bereits seit 1892 Single Malt Scotch Whisky. Der Name Balvenie bedeutet so viel wie &#8220;Dorf des Gl\u00fccks&#8221;. Gegr\u00fcndet wurde Balvenie von keinem geringeren als William J. Grant, der bereits ebenfalls Glenfiddich gr\u00fcndete. Um Kosten zu sparen verwendete man bei Balvenie zun\u00e4chst gebrauchte Brennblasen aus[...]","og_url":"https:\/\/www.dramfolks-whisky-auction.com\/en\/product\/balvenie-10yo-founders-reserve-1993-3\/","og_site_name":"Dramfolks Whisky Auction","article_modified_time":"2025-08-31T12:27:27+00:00","og_image":[{"width":2560,"height":2560,"url":"https:\/\/www.dramfolks-whisky-auction.com\/wp-content\/uploads\/2025\/06\/Balvenie-10yo-vorne-scaled.jpg","type":"image\/jpeg"}],"twitter_card":"summary_large_image","twitter_misc":{"Est. reading time":"2 minutes"},"schema":{"@context":"https:\/\/schema.org","@graph":[{"@type":"WebPage","@id":"https:\/\/www.dramfolks-whisky-auction.com\/en\/product\/balvenie-10yo-founders-reserve-1993-3\/","url":"https:\/\/www.dramfolks-whisky-auction.com\/en\/product\/balvenie-10yo-founders-reserve-1993-3\/","name":"Balvenie - 10yo \/ Founder\u00b4s Reserve 1993 - Dramfolks Whisky Auction","isPartOf":{"@id":"https:\/\/www.dramfolks-whisky-auction.com\/en\/#website"},"primaryImageOfPage":{"@id":"https:\/\/www.dramfolks-whisky-auction.com\/en\/product\/balvenie-10yo-founders-reserve-1993-3\/#primaryimage"},"image":{"@id":"https:\/\/www.dramfolks-whisky-auction.com\/en\/product\/balvenie-10yo-founders-reserve-1993-3\/#primaryimage"},"thumbnailUrl":"https:\/\/www.dramfolks-whisky-auction.com\/wp-content\/uploads\/2025\/06\/Balvenie-10yo-vorne-scaled.jpg","datePublished":"2025-08-06T06:19:11+00:00","dateModified":"2025-08-31T12:27:27+00:00","breadcrumb":{"@id":"https:\/\/www.dramfolks-whisky-auction.com\/en\/product\/balvenie-10yo-founders-reserve-1993-3\/#breadcrumb"},"inLanguage":"en-US","potentialAction":[{"@type":"ReadAction","target":["https:\/\/www.dramfolks-whisky-auction.com\/en\/product\/balvenie-10yo-founders-reserve-1993-3\/"]}]},{"@type":"ImageObject","inLanguage":"en-US","@id":"https:\/\/www.dramfolks-whisky-auction.com\/en\/product\/balvenie-10yo-founders-reserve-1993-3\/#primaryimage","url":"https:\/\/www.dramfolks-whisky-auction.com\/wp-content\/uploads\/2025\/06\/Balvenie-10yo-vorne-scaled.jpg","contentUrl":"https:\/\/www.dramfolks-whisky-auction.com\/wp-content\/uploads\/2025\/06\/Balvenie-10yo-vorne-scaled.jpg","width":2560,"height":2560},{"@type":"BreadcrumbList","@id":"https:\/\/www.dramfolks-whisky-auction.com\/en\/product\/balvenie-10yo-founders-reserve-1993-3\/#breadcrumb","itemListElement":[{"@type":"ListItem","position":1,"name":"Startseite","item":"https:\/\/www.dramfolks-whisky-auction.com\/en\/"},{"@type":"ListItem","position":2,"name":"Shop","item":"https:\/\/www.dramfolks-whisky-auction.com\/en\/shop\/"},{"@type":"ListItem","position":3,"name":"Balvenie &#8211; 10yo \/ Founder\u00b4s Reserve 1993"}]},{"@type":"WebSite","@id":"https:\/\/www.dramfolks-whisky-auction.com\/en\/#website","url":"https:\/\/www.dramfolks-whisky-auction.com\/en\/","name":"Dramfolks Whisky Auction","description":"","potentialAction":[{"@type":"SearchAction","target":{"@type":"EntryPoint","urlTemplate":"https:\/\/www.dramfolks-whisky-auction.com\/en\/?s={search_term_string}"},"query-input":{"@type":"PropertyValueSpecification","valueRequired":true,"valueName":"search_term_string"}}],"inLanguage":"en-US"}]}},"_links":{"self":[{"href":"https:\/\/www.dramfolks-whisky-auction.com\/en\/wp-json\/wp\/v2\/product\/4743753","targetHints":{"allow":["GET"]}}],"collection":[{"href":"https:\/\/www.dramfolks-whisky-auction.com\/en\/wp-json\/wp\/v2\/product"}],"about":[{"href":"https:\/\/www.dramfolks-whisky-auction.com\/en\/wp-json\/wp\/v2\/types\/product"}],"replies":[{"embeddable":true,"href":"https:\/\/www.dramfolks-whisky-auction.com\/en\/wp-json\/wp\/v2\/comments?post=4743753"}],"wp:featuredmedia":[{"embeddable":true,"href":"https:\/\/www.dramfolks-whisky-auction.com\/en\/wp-json\/wp\/v2\/media\/3730135"}],"wp:attachment":[{"href":"https:\/\/www.dramfolks-whisky-auction.com\/en\/wp-json\/wp\/v2\/media?parent=4743753"}],"wp:term":[{"taxonomy":"product_brand","embeddable":true,"href":"https:\/\/www.dramfolks-whisky-auction.com\/en\/wp-json\/wp\/v2\/product_brand?post=4743753"},{"taxonomy":"product_cat","embeddable":true,"href":"https:\/\/www.dramfolks-whisky-auction.com\/en\/wp-json\/wp\/v2\/product_cat?post=4743753"},{"taxonomy":"product_tag","embeddable":true,"href":"https:\/\/www.dramfolks-whisky-auction.com\/en\/wp-json\/wp\/v2\/product_tag?post=4743753"}],"curies":[{"name":"wp","href":"https:\/\/api.w.org\/{rel}","templated":true}]}}