{"id":4743426,"date":"2025-08-05T20:27:49","date_gmt":"2025-08-05T18:27:49","guid":{"rendered":"https:\/\/www.dramfolks-whisky-auction.com\/?post_type=product&#038;p=4743426"},"modified":"2025-08-17T19:30:24","modified_gmt":"2025-08-17T17:30:24","slug":"benromach-10yo","status":"publish","type":"product","link":"https:\/\/www.dramfolks-whisky-auction.com\/en\/product\/benromach-10yo\/","title":{"rendered":"Benromach &#8211; 10yo"},"content":{"rendered":"<p><strong>Destille: Benromach<br \/>\n<\/strong>Benromach Distillery ist eine Destillerie in der Speyside, die 1898 von Duncan McCallum und F.W. Brickman gegr\u00fcndet wurde. Benromachs Geschichte besteht aus zwei verschiedenen Teilen. Die in Forres ans\u00e4ssige Destillerie war ein Neubau des sp\u00e4ten 19. Jahrhunderts.<br \/>\nDer Bau der Destillerie begann zwar 1898, aber die Brennerei startet erst 1900 mit der Herstellung von Whisky. In den folgenden Jahren ging Benromach durch eine Reihe von H\u00e4nden: MacDonald Greenlees, Joseph Hobbs, National Distillers of America und schlie\u00dflich DCL. Der Industrieriese hielt es bis 1983 am Laufen, bevor es dann, aufgrund eines branchenweiten Lager\u00fcberschusses, schlie\u00dfen musste. Nach 11 Jahren &#8220;des Schweigens&#8221; wurde es von Elgins Gordon &amp; MacPhail gekauft. Die Firma machte sich dann daran, eine neue Destillerie in der H\u00fclle der Alten zu bauen. J\u00e4hrliches Produktionsvolumen: ca. 0,4 Mio. Liter.<\/p>\n<p><strong>Fun Fakt:\u00a0 <\/strong> In den 11 Jahren des Schweigens schlachten die damaligen Besitzer DCL die Destillerie komplett aus. Sie verkauften das gesamte Interior und alles was nicht &#8220;niet und nagelfest&#8221; war, sodass die neuen Besitzer Gordon &amp; MacPhail quasi von null beginnen mussten. Hoffentlich haben sie einen g\u00fcnstigen Preis bezahlt und wurden nicht ausgetrickst&#8230;<\/p>\n<p><strong>Whisky\/Whiskey: 10yo<br \/>\n<\/strong><span class=\"dvaccess-text\" data-font-size=\"14\" data-line-height=\"21.00\" data-letter-spacing=\"0\">Benromach 10yo ist ein mehrfach preisgekr\u00f6nter Single Malt Scotch Whisky, von Hand gefertigt<\/span>. Zur Herstellung des 10-j\u00e4hrigen Benromach wird im Gegensatz zu den meisten Speyside Brennereien ganz leicht rauchiges Malz verwendet. Der Single Malt lagerte zum gr\u00f6\u00dften Teil in Ex-Bourbonf\u00e4ssern. 20% des Whiskys wurden in Sherryf\u00e4ssern gereift. <span class=\"dvaccess-text\" data-font-size=\"14\" data-line-height=\"21.00\" data-letter-spacing=\"0\">Jim Murray gab diesem Whisk(e)y 87.5 Punkte<\/span>!<\/p>\n<p><strong>Info Qualit\u00e4t der Flasche:<\/strong> Exzellent &#8211; ohne Besch\u00e4digungen \/ <strong>F\u00fcllstand: <\/strong>Into neck<br \/>\n<strong>Info Qualit\u00e4t der Box: <\/strong>Exzellent &#8211; ohne Besch\u00e4digungen<\/p>\n<p><strong>Wichtiger Hinweis:<\/strong> Die Bewertung der Flaschen und Boxen erfolgt nach \u201ebesten Wissen und Gewissen\u201c. dramfolks kann keine Gew\u00e4hrleistung f\u00fcr den Inhalt der Flaschen \u00fcbernehmen. Weitere Infos &amp; Hinweise finden Sie in unseren AGBs. Wir empfehlen Ihnen, vor der Abgabe von Geboten \u00fcber die Zoomfunktion eine Besichtigung \/ genaue Pr\u00fcfung des angebotenen Whiskys vorzunehmen. Bitte kontaktieren sie uns bei Fragen direkt unter info@dramfolks.com<\/p>\n","protected":false},"excerpt":{"rendered":"<p>Destille: Benromach Benromach Distillery ist eine Destillerie in der Speyside, die 1898 von Duncan McCallum und F.W. Brickman gegr\u00fcndet wurde. Benromachs Geschichte besteht aus zwei verschiedenen Teilen. Die in Forres ans\u00e4ssige Destillerie war ein Neubau des sp\u00e4ten 19. Jahrhunderts. Der Bau der Destillerie begann zwar 1898, aber die Brennerei startet erst 1900 mit der Herstellung[&#8230;]\n","protected":false},"featured_media":4743427,"comment_status":"closed","ping_status":"closed","template":"","meta":[],"product_brand":[],"product_cat":[1188],"product_tag":[],"class_list":{"0":"post-4743426","1":"product","2":"type-product","3":"status-publish","4":"has-post-thumbnail","6":"product_cat-no-19","8":"first","9":"instock","10":"shipping-taxable","11":"purchasable","12":"product-type-auction"},"yoast_head":"<!-- This site is optimized with the Yoast SEO plugin v27.4 - https:\/\/yoast.com\/product\/yoast-seo-wordpress\/ -->\n<title>Benromach - 10yo - Dramfolks Whisky Auction<\/title>\n<meta name=\"robots\" content=\"index, follow, max-snippet:-1, max-image-preview:large, max-video-preview:-1\" \/>\n<link rel=\"canonical\" href=\"https:\/\/www.dramfolks-whisky-auction.com\/en\/product\/benromach-10yo\/\" \/>\n<meta property=\"og:locale\" content=\"en_US\" \/>\n<meta property=\"og:type\" content=\"article\" \/>\n<meta property=\"og:title\" content=\"Benromach - 10yo - Dramfolks Whisky Auction\" \/>\n<meta property=\"og:description\" content=\"Destille: Benromach Benromach Distillery ist eine Destillerie in der Speyside, die 1898 von Duncan McCallum und F.W. Brickman gegr\u00fcndet wurde. Benromachs Geschichte besteht aus zwei verschiedenen Teilen. Die in Forres ans\u00e4ssige Destillerie war ein Neubau des sp\u00e4ten 19. Jahrhunderts. Der Bau der Destillerie begann zwar 1898, aber die Brennerei startet erst 1900 mit der Herstellung[...]\" \/>\n<meta property=\"og:url\" content=\"https:\/\/www.dramfolks-whisky-auction.com\/en\/product\/benromach-10yo\/\" \/>\n<meta property=\"og:site_name\" content=\"Dramfolks Whisky Auction\" \/>\n<meta property=\"article:modified_time\" content=\"2025-08-17T17:30:24+00:00\" \/>\n<meta property=\"og:image\" content=\"https:\/\/www.dramfolks-whisky-auction.com\/wp-content\/uploads\/2025\/08\/Benromach-10yo-vorne.jpg\" \/>\n\t<meta property=\"og:image:width\" content=\"2365\" \/>\n\t<meta property=\"og:image:height\" content=\"2365\" \/>\n\t<meta property=\"og:image:type\" content=\"image\/jpeg\" \/>\n<meta name=\"twitter:card\" content=\"summary_large_image\" \/>\n<meta name=\"twitter:label1\" content=\"Est. reading time\" \/>\n\t<meta name=\"twitter:data1\" content=\"2 minutes\" \/>\n<script type=\"application\/ld+json\" class=\"yoast-schema-graph\">{\"@context\":\"https:\\\/\\\/schema.org\",\"@graph\":[{\"@type\":\"WebPage\",\"@id\":\"https:\\\/\\\/www.dramfolks-whisky-auction.com\\\/en\\\/product\\\/benromach-10yo\\\/\",\"url\":\"https:\\\/\\\/www.dramfolks-whisky-auction.com\\\/en\\\/product\\\/benromach-10yo\\\/\",\"name\":\"Benromach - 10yo - Dramfolks Whisky Auction\",\"isPartOf\":{\"@id\":\"https:\\\/\\\/www.dramfolks-whisky-auction.com\\\/en\\\/#website\"},\"primaryImageOfPage\":{\"@id\":\"https:\\\/\\\/www.dramfolks-whisky-auction.com\\\/en\\\/product\\\/benromach-10yo\\\/#primaryimage\"},\"image\":{\"@id\":\"https:\\\/\\\/www.dramfolks-whisky-auction.com\\\/en\\\/product\\\/benromach-10yo\\\/#primaryimage\"},\"thumbnailUrl\":\"https:\\\/\\\/www.dramfolks-whisky-auction.com\\\/wp-content\\\/uploads\\\/2025\\\/08\\\/Benromach-10yo-vorne.jpg\",\"datePublished\":\"2025-08-05T18:27:49+00:00\",\"dateModified\":\"2025-08-17T17:30:24+00:00\",\"breadcrumb\":{\"@id\":\"https:\\\/\\\/www.dramfolks-whisky-auction.com\\\/en\\\/product\\\/benromach-10yo\\\/#breadcrumb\"},\"inLanguage\":\"en-US\",\"potentialAction\":[{\"@type\":\"ReadAction\",\"target\":[\"https:\\\/\\\/www.dramfolks-whisky-auction.com\\\/en\\\/product\\\/benromach-10yo\\\/\"]}]},{\"@type\":\"ImageObject\",\"inLanguage\":\"en-US\",\"@id\":\"https:\\\/\\\/www.dramfolks-whisky-auction.com\\\/en\\\/product\\\/benromach-10yo\\\/#primaryimage\",\"url\":\"https:\\\/\\\/www.dramfolks-whisky-auction.com\\\/wp-content\\\/uploads\\\/2025\\\/08\\\/Benromach-10yo-vorne.jpg\",\"contentUrl\":\"https:\\\/\\\/www.dramfolks-whisky-auction.com\\\/wp-content\\\/uploads\\\/2025\\\/08\\\/Benromach-10yo-vorne.jpg\",\"width\":2365,\"height\":2365},{\"@type\":\"BreadcrumbList\",\"@id\":\"https:\\\/\\\/www.dramfolks-whisky-auction.com\\\/en\\\/product\\\/benromach-10yo\\\/#breadcrumb\",\"itemListElement\":[{\"@type\":\"ListItem\",\"position\":1,\"name\":\"Startseite\",\"item\":\"https:\\\/\\\/www.dramfolks-whisky-auction.com\\\/en\\\/\"},{\"@type\":\"ListItem\",\"position\":2,\"name\":\"Shop\",\"item\":\"https:\\\/\\\/www.dramfolks-whisky-auction.com\\\/en\\\/shop\\\/\"},{\"@type\":\"ListItem\",\"position\":3,\"name\":\"Benromach &#8211; 10yo\"}]},{\"@type\":\"WebSite\",\"@id\":\"https:\\\/\\\/www.dramfolks-whisky-auction.com\\\/en\\\/#website\",\"url\":\"https:\\\/\\\/www.dramfolks-whisky-auction.com\\\/en\\\/\",\"name\":\"Dramfolks Whisky Auction\",\"description\":\"\",\"potentialAction\":[{\"@type\":\"SearchAction\",\"target\":{\"@type\":\"EntryPoint\",\"urlTemplate\":\"https:\\\/\\\/www.dramfolks-whisky-auction.com\\\/en\\\/?s={search_term_string}\"},\"query-input\":{\"@type\":\"PropertyValueSpecification\",\"valueRequired\":true,\"valueName\":\"search_term_string\"}}],\"inLanguage\":\"en-US\"}]}<\/script>\n<!-- \/ Yoast SEO plugin. -->","yoast_head_json":{"title":"Benromach - 10yo - Dramfolks Whisky Auction","robots":{"index":"index","follow":"follow","max-snippet":"max-snippet:-1","max-image-preview":"max-image-preview:large","max-video-preview":"max-video-preview:-1"},"canonical":"https:\/\/www.dramfolks-whisky-auction.com\/en\/product\/benromach-10yo\/","og_locale":"en_US","og_type":"article","og_title":"Benromach - 10yo - Dramfolks Whisky Auction","og_description":"Destille: Benromach Benromach Distillery ist eine Destillerie in der Speyside, die 1898 von Duncan McCallum und F.W. Brickman gegr\u00fcndet wurde. Benromachs Geschichte besteht aus zwei verschiedenen Teilen. Die in Forres ans\u00e4ssige Destillerie war ein Neubau des sp\u00e4ten 19. Jahrhunderts. Der Bau der Destillerie begann zwar 1898, aber die Brennerei startet erst 1900 mit der Herstellung[...]","og_url":"https:\/\/www.dramfolks-whisky-auction.com\/en\/product\/benromach-10yo\/","og_site_name":"Dramfolks Whisky Auction","article_modified_time":"2025-08-17T17:30:24+00:00","og_image":[{"width":2365,"height":2365,"url":"https:\/\/www.dramfolks-whisky-auction.com\/wp-content\/uploads\/2025\/08\/Benromach-10yo-vorne.jpg","type":"image\/jpeg"}],"twitter_card":"summary_large_image","twitter_misc":{"Est. reading time":"2 minutes"},"schema":{"@context":"https:\/\/schema.org","@graph":[{"@type":"WebPage","@id":"https:\/\/www.dramfolks-whisky-auction.com\/en\/product\/benromach-10yo\/","url":"https:\/\/www.dramfolks-whisky-auction.com\/en\/product\/benromach-10yo\/","name":"Benromach - 10yo - Dramfolks Whisky Auction","isPartOf":{"@id":"https:\/\/www.dramfolks-whisky-auction.com\/en\/#website"},"primaryImageOfPage":{"@id":"https:\/\/www.dramfolks-whisky-auction.com\/en\/product\/benromach-10yo\/#primaryimage"},"image":{"@id":"https:\/\/www.dramfolks-whisky-auction.com\/en\/product\/benromach-10yo\/#primaryimage"},"thumbnailUrl":"https:\/\/www.dramfolks-whisky-auction.com\/wp-content\/uploads\/2025\/08\/Benromach-10yo-vorne.jpg","datePublished":"2025-08-05T18:27:49+00:00","dateModified":"2025-08-17T17:30:24+00:00","breadcrumb":{"@id":"https:\/\/www.dramfolks-whisky-auction.com\/en\/product\/benromach-10yo\/#breadcrumb"},"inLanguage":"en-US","potentialAction":[{"@type":"ReadAction","target":["https:\/\/www.dramfolks-whisky-auction.com\/en\/product\/benromach-10yo\/"]}]},{"@type":"ImageObject","inLanguage":"en-US","@id":"https:\/\/www.dramfolks-whisky-auction.com\/en\/product\/benromach-10yo\/#primaryimage","url":"https:\/\/www.dramfolks-whisky-auction.com\/wp-content\/uploads\/2025\/08\/Benromach-10yo-vorne.jpg","contentUrl":"https:\/\/www.dramfolks-whisky-auction.com\/wp-content\/uploads\/2025\/08\/Benromach-10yo-vorne.jpg","width":2365,"height":2365},{"@type":"BreadcrumbList","@id":"https:\/\/www.dramfolks-whisky-auction.com\/en\/product\/benromach-10yo\/#breadcrumb","itemListElement":[{"@type":"ListItem","position":1,"name":"Startseite","item":"https:\/\/www.dramfolks-whisky-auction.com\/en\/"},{"@type":"ListItem","position":2,"name":"Shop","item":"https:\/\/www.dramfolks-whisky-auction.com\/en\/shop\/"},{"@type":"ListItem","position":3,"name":"Benromach &#8211; 10yo"}]},{"@type":"WebSite","@id":"https:\/\/www.dramfolks-whisky-auction.com\/en\/#website","url":"https:\/\/www.dramfolks-whisky-auction.com\/en\/","name":"Dramfolks Whisky Auction","description":"","potentialAction":[{"@type":"SearchAction","target":{"@type":"EntryPoint","urlTemplate":"https:\/\/www.dramfolks-whisky-auction.com\/en\/?s={search_term_string}"},"query-input":{"@type":"PropertyValueSpecification","valueRequired":true,"valueName":"search_term_string"}}],"inLanguage":"en-US"}]}},"_links":{"self":[{"href":"https:\/\/www.dramfolks-whisky-auction.com\/en\/wp-json\/wp\/v2\/product\/4743426","targetHints":{"allow":["GET"]}}],"collection":[{"href":"https:\/\/www.dramfolks-whisky-auction.com\/en\/wp-json\/wp\/v2\/product"}],"about":[{"href":"https:\/\/www.dramfolks-whisky-auction.com\/en\/wp-json\/wp\/v2\/types\/product"}],"replies":[{"embeddable":true,"href":"https:\/\/www.dramfolks-whisky-auction.com\/en\/wp-json\/wp\/v2\/comments?post=4743426"}],"wp:featuredmedia":[{"embeddable":true,"href":"https:\/\/www.dramfolks-whisky-auction.com\/en\/wp-json\/wp\/v2\/media\/4743427"}],"wp:attachment":[{"href":"https:\/\/www.dramfolks-whisky-auction.com\/en\/wp-json\/wp\/v2\/media?parent=4743426"}],"wp:term":[{"taxonomy":"product_brand","embeddable":true,"href":"https:\/\/www.dramfolks-whisky-auction.com\/en\/wp-json\/wp\/v2\/product_brand?post=4743426"},{"taxonomy":"product_cat","embeddable":true,"href":"https:\/\/www.dramfolks-whisky-auction.com\/en\/wp-json\/wp\/v2\/product_cat?post=4743426"},{"taxonomy":"product_tag","embeddable":true,"href":"https:\/\/www.dramfolks-whisky-auction.com\/en\/wp-json\/wp\/v2\/product_tag?post=4743426"}],"curies":[{"name":"wp","href":"https:\/\/api.w.org\/{rel}","templated":true}]}}