{"id":4743396,"date":"2025-08-05T17:05:25","date_gmt":"2025-08-05T15:05:25","guid":{"rendered":"https:\/\/www.dramfolks-whisky-auction.com\/?post_type=product&#038;p=4743396"},"modified":"2025-08-17T19:45:26","modified_gmt":"2025-08-17T17:45:26","slug":"jura-14yo-american-rye-cask-2","status":"publish","type":"product","link":"https:\/\/www.dramfolks-whisky-auction.com\/en\/product\/jura-14yo-american-rye-cask-2\/","title":{"rendered":"Jura &#8211; 14yo American Rye Cask"},"content":{"rendered":"<p><strong>Destille: <span class=\"v1s2\">Jura<br \/>\n<\/span><\/strong>Auf der Insel Jura an der Westk\u00fcste Schottlands existiert nur eine einzige Whisky Brennerei, die &#8216;Isle of Jura&#8217;. Die Jura Destillerie befindet sich in der einzigen Stadt auf der Insel, Craighead. Sie produziert eine beeindruckende Menge von 2,5 Millionen Litern Alkohol pro Jahr. Ein gro\u00dfer Teil davon wird als Single Malt Whisky verkauft. Das Wasser, das f\u00fcr die Produktion verwendet wird, stammt aus dem Loch a&#8217;Bhaile Mhargaidh, der ebenfalls auf der Insel Jura liegt. Bereits ab 1810 kann f\u00fcr diesen ungew\u00f6hnlichen Standort eine Destillerie nachgewiesen werden, die die Wirren der Zeit aber nicht \u00fcberstand. Charles Mackinlay &amp; Company baute die heutige Destillerie im Jahr 1960 und destillierten im Jahr 1963 zum ersten Mal. Jura bezieht seit 1978 sein Malz aus der Port Ellen M\u00e4lzerei, die sich auf der nahe gelegenen Insel Islay befindet. Das bezogene Malz ist teilweise nicht-rauchig, teilweise stark rauchig, diese Kombination gibt dem Whisky eine gro\u00dfe Geschmacksvielfalt.<\/p>\n<p><strong>Fun Fakt 1:<\/strong> Jura befindet sich sechzig Meilen von der schottischen K\u00fcste entfernt, dies stellt eine gro\u00dfe Schwierigkeit f\u00fcr die Whisky-Produktion dar: Unzug\u00e4nglichkeit. George Orwell beschrieb die Brennerei treffend als &#8220;unerreichbar&#8221;, in Bezug darauf, wie schwierig es war, zur Destillerie zu gelangen.<\/p>\n<p><strong>Fun Fact 2:<\/strong> Die Insel Jura ist ein sehr ungew\u00f6hnlicher Ort, denn sie ist wahrscheinlich die einzige Insel der Welt, auf der es mehr Whiskyf\u00e4sser als Menschen gibt.<\/p>\n<p><strong>Whisky\/Whiskey: 14yo American Rye Cask<br \/>\n<\/strong>Der Jura 14yo American Rye Cask wird in einer limitierten Auflage hergestellt. Der Whisky wird in amerikanischen Rye-F\u00e4ssern gereift, die einzigartige Aromen und Geschmacksnoten hervorbringen. Der Whisky hat eine goldene Farbe und ein komplexes Aroma, das Noten von Vanille, Karamell, Honig und Gew\u00fcrzen enth\u00e4lt. Der Geschmack ist vollmundig und reichhaltig, mit Noten von Eiche, Honig, Gew\u00fcrzen und einem leichten Abgang von Vanille.<\/p>\n<p><strong>Info Qualit\u00e4t der Flasche:<\/strong> Exzellent &#8211; ohne Besch\u00e4digungen \/ <strong>F\u00fcllstand:<\/strong> Into neck<br \/>\n<strong>Info Qualit\u00e4t der Box:\u00a0<\/strong>Exzellent &#8211; ohne Besch\u00e4digungen<\/p>\n<p><strong>Wichtiger Hinweis:<\/strong> Die Bewertung der Flaschen und Boxen erfolgt nach \u201ebesten Wissen und Gewissen\u201c. dramfolks kann keine Gew\u00e4hrleistung f\u00fcr den Inhalt der Flaschen \u00fcbernehmen. Weitere Infos &amp; Hinweise finden Sie in unseren AGBs. Wir empfehlen Ihnen, vor der Abgabe von Geboten \u00fcber die Zoomfunktion eine Besichtigung \/ genaue Pr\u00fcfung des angebotenen Whiskys vorzunehmen. Bitte kontaktieren sie uns bei Fragen direkt unter info@dramfolks.com<\/p>\n","protected":false},"excerpt":{"rendered":"<p>Destille: Jura Auf der Insel Jura an der Westk\u00fcste Schottlands existiert nur eine einzige Whisky Brennerei, die &#8216;Isle of Jura&#8217;. Die Jura Destillerie befindet sich in der einzigen Stadt auf der Insel, Craighead. Sie produziert eine beeindruckende Menge von 2,5 Millionen Litern Alkohol pro Jahr. Ein gro\u00dfer Teil davon wird als Single Malt Whisky verkauft.[&#8230;]\n","protected":false},"featured_media":3220103,"comment_status":"closed","ping_status":"closed","template":"","meta":[],"product_brand":[],"product_cat":[1188],"product_tag":[],"class_list":{"0":"post-4743396","1":"product","2":"type-product","3":"status-publish","4":"has-post-thumbnail","6":"product_cat-no-19","8":"first","9":"instock","10":"shipping-taxable","11":"purchasable","12":"product-type-auction"},"yoast_head":"<!-- This site is optimized with the Yoast SEO plugin v27.4 - https:\/\/yoast.com\/product\/yoast-seo-wordpress\/ -->\n<title>Jura - 14yo American Rye Cask - Dramfolks Whisky Auction<\/title>\n<meta name=\"robots\" content=\"index, follow, max-snippet:-1, max-image-preview:large, max-video-preview:-1\" \/>\n<link rel=\"canonical\" href=\"https:\/\/www.dramfolks-whisky-auction.com\/en\/product\/jura-14yo-american-rye-cask-2\/\" \/>\n<meta property=\"og:locale\" content=\"en_US\" \/>\n<meta property=\"og:type\" content=\"article\" \/>\n<meta property=\"og:title\" content=\"Jura - 14yo American Rye Cask - Dramfolks Whisky Auction\" \/>\n<meta property=\"og:description\" content=\"Destille: Jura Auf der Insel Jura an der Westk\u00fcste Schottlands existiert nur eine einzige Whisky Brennerei, die &#8216;Isle of Jura&#8217;. Die Jura Destillerie befindet sich in der einzigen Stadt auf der Insel, Craighead. Sie produziert eine beeindruckende Menge von 2,5 Millionen Litern Alkohol pro Jahr. Ein gro\u00dfer Teil davon wird als Single Malt Whisky verkauft.[...]\" \/>\n<meta property=\"og:url\" content=\"https:\/\/www.dramfolks-whisky-auction.com\/en\/product\/jura-14yo-american-rye-cask-2\/\" \/>\n<meta property=\"og:site_name\" content=\"Dramfolks Whisky Auction\" \/>\n<meta property=\"article:modified_time\" content=\"2025-08-17T17:45:26+00:00\" \/>\n<meta property=\"og:image\" content=\"https:\/\/www.dramfolks-whisky-auction.com\/wp-content\/uploads\/2025\/04\/Jura-14yo-vorne-scaled.jpg\" \/>\n\t<meta property=\"og:image:width\" content=\"2560\" \/>\n\t<meta property=\"og:image:height\" content=\"2560\" \/>\n\t<meta property=\"og:image:type\" content=\"image\/jpeg\" \/>\n<meta name=\"twitter:card\" content=\"summary_large_image\" \/>\n<meta name=\"twitter:label1\" content=\"Est. reading time\" \/>\n\t<meta name=\"twitter:data1\" content=\"3 minutes\" \/>\n<script type=\"application\/ld+json\" class=\"yoast-schema-graph\">{\"@context\":\"https:\\\/\\\/schema.org\",\"@graph\":[{\"@type\":\"WebPage\",\"@id\":\"https:\\\/\\\/www.dramfolks-whisky-auction.com\\\/en\\\/product\\\/jura-14yo-american-rye-cask-2\\\/\",\"url\":\"https:\\\/\\\/www.dramfolks-whisky-auction.com\\\/en\\\/product\\\/jura-14yo-american-rye-cask-2\\\/\",\"name\":\"Jura - 14yo American Rye Cask - Dramfolks Whisky Auction\",\"isPartOf\":{\"@id\":\"https:\\\/\\\/www.dramfolks-whisky-auction.com\\\/en\\\/#website\"},\"primaryImageOfPage\":{\"@id\":\"https:\\\/\\\/www.dramfolks-whisky-auction.com\\\/en\\\/product\\\/jura-14yo-american-rye-cask-2\\\/#primaryimage\"},\"image\":{\"@id\":\"https:\\\/\\\/www.dramfolks-whisky-auction.com\\\/en\\\/product\\\/jura-14yo-american-rye-cask-2\\\/#primaryimage\"},\"thumbnailUrl\":\"https:\\\/\\\/www.dramfolks-whisky-auction.com\\\/wp-content\\\/uploads\\\/2025\\\/04\\\/Jura-14yo-vorne-scaled.jpg\",\"datePublished\":\"2025-08-05T15:05:25+00:00\",\"dateModified\":\"2025-08-17T17:45:26+00:00\",\"breadcrumb\":{\"@id\":\"https:\\\/\\\/www.dramfolks-whisky-auction.com\\\/en\\\/product\\\/jura-14yo-american-rye-cask-2\\\/#breadcrumb\"},\"inLanguage\":\"en-US\",\"potentialAction\":[{\"@type\":\"ReadAction\",\"target\":[\"https:\\\/\\\/www.dramfolks-whisky-auction.com\\\/en\\\/product\\\/jura-14yo-american-rye-cask-2\\\/\"]}]},{\"@type\":\"ImageObject\",\"inLanguage\":\"en-US\",\"@id\":\"https:\\\/\\\/www.dramfolks-whisky-auction.com\\\/en\\\/product\\\/jura-14yo-american-rye-cask-2\\\/#primaryimage\",\"url\":\"https:\\\/\\\/www.dramfolks-whisky-auction.com\\\/wp-content\\\/uploads\\\/2025\\\/04\\\/Jura-14yo-vorne-scaled.jpg\",\"contentUrl\":\"https:\\\/\\\/www.dramfolks-whisky-auction.com\\\/wp-content\\\/uploads\\\/2025\\\/04\\\/Jura-14yo-vorne-scaled.jpg\",\"width\":2560,\"height\":2560},{\"@type\":\"BreadcrumbList\",\"@id\":\"https:\\\/\\\/www.dramfolks-whisky-auction.com\\\/en\\\/product\\\/jura-14yo-american-rye-cask-2\\\/#breadcrumb\",\"itemListElement\":[{\"@type\":\"ListItem\",\"position\":1,\"name\":\"Startseite\",\"item\":\"https:\\\/\\\/www.dramfolks-whisky-auction.com\\\/en\\\/\"},{\"@type\":\"ListItem\",\"position\":2,\"name\":\"Shop\",\"item\":\"https:\\\/\\\/www.dramfolks-whisky-auction.com\\\/en\\\/shop\\\/\"},{\"@type\":\"ListItem\",\"position\":3,\"name\":\"Jura &#8211; 14yo American Rye Cask\"}]},{\"@type\":\"WebSite\",\"@id\":\"https:\\\/\\\/www.dramfolks-whisky-auction.com\\\/en\\\/#website\",\"url\":\"https:\\\/\\\/www.dramfolks-whisky-auction.com\\\/en\\\/\",\"name\":\"Dramfolks Whisky Auction\",\"description\":\"\",\"potentialAction\":[{\"@type\":\"SearchAction\",\"target\":{\"@type\":\"EntryPoint\",\"urlTemplate\":\"https:\\\/\\\/www.dramfolks-whisky-auction.com\\\/en\\\/?s={search_term_string}\"},\"query-input\":{\"@type\":\"PropertyValueSpecification\",\"valueRequired\":true,\"valueName\":\"search_term_string\"}}],\"inLanguage\":\"en-US\"}]}<\/script>\n<!-- \/ Yoast SEO plugin. -->","yoast_head_json":{"title":"Jura - 14yo American Rye Cask - Dramfolks Whisky Auction","robots":{"index":"index","follow":"follow","max-snippet":"max-snippet:-1","max-image-preview":"max-image-preview:large","max-video-preview":"max-video-preview:-1"},"canonical":"https:\/\/www.dramfolks-whisky-auction.com\/en\/product\/jura-14yo-american-rye-cask-2\/","og_locale":"en_US","og_type":"article","og_title":"Jura - 14yo American Rye Cask - Dramfolks Whisky Auction","og_description":"Destille: Jura Auf der Insel Jura an der Westk\u00fcste Schottlands existiert nur eine einzige Whisky Brennerei, die &#8216;Isle of Jura&#8217;. Die Jura Destillerie befindet sich in der einzigen Stadt auf der Insel, Craighead. Sie produziert eine beeindruckende Menge von 2,5 Millionen Litern Alkohol pro Jahr. Ein gro\u00dfer Teil davon wird als Single Malt Whisky verkauft.[...]","og_url":"https:\/\/www.dramfolks-whisky-auction.com\/en\/product\/jura-14yo-american-rye-cask-2\/","og_site_name":"Dramfolks Whisky Auction","article_modified_time":"2025-08-17T17:45:26+00:00","og_image":[{"width":2560,"height":2560,"url":"https:\/\/www.dramfolks-whisky-auction.com\/wp-content\/uploads\/2025\/04\/Jura-14yo-vorne-scaled.jpg","type":"image\/jpeg"}],"twitter_card":"summary_large_image","twitter_misc":{"Est. reading time":"3 minutes"},"schema":{"@context":"https:\/\/schema.org","@graph":[{"@type":"WebPage","@id":"https:\/\/www.dramfolks-whisky-auction.com\/en\/product\/jura-14yo-american-rye-cask-2\/","url":"https:\/\/www.dramfolks-whisky-auction.com\/en\/product\/jura-14yo-american-rye-cask-2\/","name":"Jura - 14yo American Rye Cask - Dramfolks Whisky Auction","isPartOf":{"@id":"https:\/\/www.dramfolks-whisky-auction.com\/en\/#website"},"primaryImageOfPage":{"@id":"https:\/\/www.dramfolks-whisky-auction.com\/en\/product\/jura-14yo-american-rye-cask-2\/#primaryimage"},"image":{"@id":"https:\/\/www.dramfolks-whisky-auction.com\/en\/product\/jura-14yo-american-rye-cask-2\/#primaryimage"},"thumbnailUrl":"https:\/\/www.dramfolks-whisky-auction.com\/wp-content\/uploads\/2025\/04\/Jura-14yo-vorne-scaled.jpg","datePublished":"2025-08-05T15:05:25+00:00","dateModified":"2025-08-17T17:45:26+00:00","breadcrumb":{"@id":"https:\/\/www.dramfolks-whisky-auction.com\/en\/product\/jura-14yo-american-rye-cask-2\/#breadcrumb"},"inLanguage":"en-US","potentialAction":[{"@type":"ReadAction","target":["https:\/\/www.dramfolks-whisky-auction.com\/en\/product\/jura-14yo-american-rye-cask-2\/"]}]},{"@type":"ImageObject","inLanguage":"en-US","@id":"https:\/\/www.dramfolks-whisky-auction.com\/en\/product\/jura-14yo-american-rye-cask-2\/#primaryimage","url":"https:\/\/www.dramfolks-whisky-auction.com\/wp-content\/uploads\/2025\/04\/Jura-14yo-vorne-scaled.jpg","contentUrl":"https:\/\/www.dramfolks-whisky-auction.com\/wp-content\/uploads\/2025\/04\/Jura-14yo-vorne-scaled.jpg","width":2560,"height":2560},{"@type":"BreadcrumbList","@id":"https:\/\/www.dramfolks-whisky-auction.com\/en\/product\/jura-14yo-american-rye-cask-2\/#breadcrumb","itemListElement":[{"@type":"ListItem","position":1,"name":"Startseite","item":"https:\/\/www.dramfolks-whisky-auction.com\/en\/"},{"@type":"ListItem","position":2,"name":"Shop","item":"https:\/\/www.dramfolks-whisky-auction.com\/en\/shop\/"},{"@type":"ListItem","position":3,"name":"Jura &#8211; 14yo American Rye Cask"}]},{"@type":"WebSite","@id":"https:\/\/www.dramfolks-whisky-auction.com\/en\/#website","url":"https:\/\/www.dramfolks-whisky-auction.com\/en\/","name":"Dramfolks Whisky Auction","description":"","potentialAction":[{"@type":"SearchAction","target":{"@type":"EntryPoint","urlTemplate":"https:\/\/www.dramfolks-whisky-auction.com\/en\/?s={search_term_string}"},"query-input":{"@type":"PropertyValueSpecification","valueRequired":true,"valueName":"search_term_string"}}],"inLanguage":"en-US"}]}},"_links":{"self":[{"href":"https:\/\/www.dramfolks-whisky-auction.com\/en\/wp-json\/wp\/v2\/product\/4743396","targetHints":{"allow":["GET"]}}],"collection":[{"href":"https:\/\/www.dramfolks-whisky-auction.com\/en\/wp-json\/wp\/v2\/product"}],"about":[{"href":"https:\/\/www.dramfolks-whisky-auction.com\/en\/wp-json\/wp\/v2\/types\/product"}],"replies":[{"embeddable":true,"href":"https:\/\/www.dramfolks-whisky-auction.com\/en\/wp-json\/wp\/v2\/comments?post=4743396"}],"wp:featuredmedia":[{"embeddable":true,"href":"https:\/\/www.dramfolks-whisky-auction.com\/en\/wp-json\/wp\/v2\/media\/3220103"}],"wp:attachment":[{"href":"https:\/\/www.dramfolks-whisky-auction.com\/en\/wp-json\/wp\/v2\/media?parent=4743396"}],"wp:term":[{"taxonomy":"product_brand","embeddable":true,"href":"https:\/\/www.dramfolks-whisky-auction.com\/en\/wp-json\/wp\/v2\/product_brand?post=4743396"},{"taxonomy":"product_cat","embeddable":true,"href":"https:\/\/www.dramfolks-whisky-auction.com\/en\/wp-json\/wp\/v2\/product_cat?post=4743396"},{"taxonomy":"product_tag","embeddable":true,"href":"https:\/\/www.dramfolks-whisky-auction.com\/en\/wp-json\/wp\/v2\/product_tag?post=4743396"}],"curies":[{"name":"wp","href":"https:\/\/api.w.org\/{rel}","templated":true}]}}