{"id":4743395,"date":"2025-08-05T17:03:43","date_gmt":"2025-08-05T15:03:43","guid":{"rendered":"https:\/\/www.dramfolks-whisky-auction.com\/?post_type=product&#038;p=4743395"},"modified":"2025-08-17T19:00:19","modified_gmt":"2025-08-17T17:00:19","slug":"michters-sour-mash-whiskey-2","status":"publish","type":"product","link":"https:\/\/www.dramfolks-whisky-auction.com\/en\/product\/michters-sour-mash-whiskey-2\/","title":{"rendered":"Michter&#8217;s &#8211; Sour Mash Whiskey"},"content":{"rendered":"<p><strong>Destille: Michter&#8217;s<br \/>\n<\/strong>Die Michter&#8217;s Brennerei liegt in der Stadt Schaefferstown zwischen Philadelphia und Harrisburg. Sie wurde bereits im Jahre 1753 gegr\u00fcndet. 1988 musste die Brennerei schlie\u00dfen, da sie in wirtschaftliche Schwierigkeiten geriet. Adolf Hirsch kaufte 1974 die Lagerbest\u00e4nde auf und bringt seitdem \u00e4ltere Abf\u00fcllungen auf den Markt. <span class=\"a-list-item\">Kein Michter\u2019s Whiskey wird ver\u00f6ffentlicht, bis Michter\u2018s Master Distiller Dan McKee und die Michter\u2018s Verkostungsjury ihn f\u00fcr geeignet erkl\u00e4ren.<\/span><\/p>\n<p><strong>Fun Fakt:\u00a0\u00a0<\/strong>Im Juli 1980 wurde die Brennerei vom amerikanischen Innenministerium zum Kulturdenkmal erkl\u00e4rt (wie Maker\u2019s Mark, Jack Daniel&#8217;s und George Dickel). Zu dieser Zeit war sie die \u00e4lteste sich im Betrieb befindliche <span class=\"tx-datamintslossaryextension-no-replacement\">Brennerei<\/span> Amerikas. Bis zum Bankrott im Jahr 1989 wurde der &#8220;Sour Mash Whiskey&#8221; noch auf dieselbe traditionelle Art produziert, wie es schon im 19 Jahrhundert.<\/p>\n<p><strong>Whisky\/Whiskey: Sour Mash Whiskey<br \/>\n<\/strong><span class=\"a-list-item\">Die US*1-Linie ist benannt, um Michter\u2018s Erbe zu ehren und an Amerikas erste Whiskey Destillerie zu erinnern. Sie besteht aus den besten Einzelfassabf\u00fcllungen.\u00a0<\/span>Michter&#8217;s Sour Mash ist nach dem Produktionsprozess benannt, den fast alle amerikanischen Brennereien bei der Herstellung ihres Whiskeys verwenden. Beim sogenannten Sour Mash wird ein Teil der bereits vergorenen Maische der frischen Maische zur\u00fcckgef\u00fchrt, um den G\u00e4rungsprozess zu starten.<br \/>\nWegen seiner Zusammensetzung aus verschiedenen Getreidesorten ist der Sour Mash weder Bourbon noch Rye. Jim Murray gab diesem Whisk(e)y 92 Punkte!!<\/p>\n<p><strong>Info Qualit\u00e4t der Flasche:<\/strong> Exzellent &#8211; ohne Besch\u00e4digungen \/ <strong>F\u00fcllstand: <\/strong>Into neck<br \/>\n<strong>Info Qualit\u00e4t der Box:<\/strong> keine Box vorhanden<strong><br \/>\n<\/strong><\/p>\n<p><strong>Wichtiger Hinweis:<\/strong> Die Bewertung der Flaschen und Boxen erfolgt nach \u201ebesten Wissen und Gewissen\u201c. dramfolks kann keine Gew\u00e4hrleistung f\u00fcr den Inhalt der Flaschen \u00fcbernehmen. Weitere Infos &amp; Hinweise finden Sie in unseren AGBs. Wir empfehlen Ihnen, vor der Abgabe von Geboten \u00fcber die Zoomfunktion eine Besichtigung \/ genaue Pr\u00fcfung des angebotenen Whiskys vorzunehmen. Bitte kontaktieren sie uns bei Fragen direkt unter info@dramfolks.com<\/p>\n","protected":false},"excerpt":{"rendered":"<p>Destille: Michter&#8217;s Die Michter&#8217;s Brennerei liegt in der Stadt Schaefferstown zwischen Philadelphia und Harrisburg. Sie wurde bereits im Jahre 1753 gegr\u00fcndet. 1988 musste die Brennerei schlie\u00dfen, da sie in wirtschaftliche Schwierigkeiten geriet. Adolf Hirsch kaufte 1974 die Lagerbest\u00e4nde auf und bringt seitdem \u00e4ltere Abf\u00fcllungen auf den Markt. Kein Michter\u2019s Whiskey wird ver\u00f6ffentlicht, bis Michter\u2018s Master[&#8230;]\n","protected":false},"featured_media":48900,"comment_status":"closed","ping_status":"closed","template":"","meta":[],"product_brand":[],"product_cat":[1188],"product_tag":[],"class_list":{"0":"post-4743395","1":"product","2":"type-product","3":"status-publish","4":"has-post-thumbnail","6":"product_cat-no-19","8":"first","9":"instock","10":"shipping-taxable","11":"purchasable","12":"product-type-auction"},"yoast_head":"<!-- This site is optimized with the Yoast SEO plugin v27.4 - https:\/\/yoast.com\/product\/yoast-seo-wordpress\/ -->\n<title>Michter&#039;s - Sour Mash Whiskey - Dramfolks Whisky Auction<\/title>\n<meta name=\"robots\" content=\"index, follow, max-snippet:-1, max-image-preview:large, max-video-preview:-1\" \/>\n<link rel=\"canonical\" href=\"https:\/\/www.dramfolks-whisky-auction.com\/en\/product\/michters-sour-mash-whiskey-2\/\" \/>\n<meta property=\"og:locale\" content=\"en_US\" \/>\n<meta property=\"og:type\" content=\"article\" \/>\n<meta property=\"og:title\" content=\"Michter&#039;s - Sour Mash Whiskey - Dramfolks Whisky Auction\" \/>\n<meta property=\"og:description\" content=\"Destille: Michter&#8217;s Die Michter&#8217;s Brennerei liegt in der Stadt Schaefferstown zwischen Philadelphia und Harrisburg. Sie wurde bereits im Jahre 1753 gegr\u00fcndet. 1988 musste die Brennerei schlie\u00dfen, da sie in wirtschaftliche Schwierigkeiten geriet. Adolf Hirsch kaufte 1974 die Lagerbest\u00e4nde auf und bringt seitdem \u00e4ltere Abf\u00fcllungen auf den Markt. Kein Michter\u2019s Whiskey wird ver\u00f6ffentlicht, bis Michter\u2018s Master[...]\" \/>\n<meta property=\"og:url\" content=\"https:\/\/www.dramfolks-whisky-auction.com\/en\/product\/michters-sour-mash-whiskey-2\/\" \/>\n<meta property=\"og:site_name\" content=\"Dramfolks Whisky Auction\" \/>\n<meta property=\"article:modified_time\" content=\"2025-08-17T17:00:19+00:00\" \/>\n<meta property=\"og:image\" content=\"https:\/\/www.dramfolks-whisky-auction.com\/wp-content\/uploads\/2024\/06\/Michters-vorne-scaled.jpg\" \/>\n\t<meta property=\"og:image:width\" content=\"2560\" \/>\n\t<meta property=\"og:image:height\" content=\"2560\" \/>\n\t<meta property=\"og:image:type\" content=\"image\/jpeg\" \/>\n<meta name=\"twitter:card\" content=\"summary_large_image\" \/>\n<meta name=\"twitter:label1\" content=\"Est. reading time\" \/>\n\t<meta name=\"twitter:data1\" content=\"2 minutes\" \/>\n<script type=\"application\/ld+json\" class=\"yoast-schema-graph\">{\"@context\":\"https:\\\/\\\/schema.org\",\"@graph\":[{\"@type\":\"WebPage\",\"@id\":\"https:\\\/\\\/www.dramfolks-whisky-auction.com\\\/en\\\/product\\\/michters-sour-mash-whiskey-2\\\/\",\"url\":\"https:\\\/\\\/www.dramfolks-whisky-auction.com\\\/en\\\/product\\\/michters-sour-mash-whiskey-2\\\/\",\"name\":\"Michter's - Sour Mash Whiskey - Dramfolks Whisky Auction\",\"isPartOf\":{\"@id\":\"https:\\\/\\\/www.dramfolks-whisky-auction.com\\\/en\\\/#website\"},\"primaryImageOfPage\":{\"@id\":\"https:\\\/\\\/www.dramfolks-whisky-auction.com\\\/en\\\/product\\\/michters-sour-mash-whiskey-2\\\/#primaryimage\"},\"image\":{\"@id\":\"https:\\\/\\\/www.dramfolks-whisky-auction.com\\\/en\\\/product\\\/michters-sour-mash-whiskey-2\\\/#primaryimage\"},\"thumbnailUrl\":\"https:\\\/\\\/www.dramfolks-whisky-auction.com\\\/wp-content\\\/uploads\\\/2024\\\/06\\\/Michters-vorne-scaled.jpg\",\"datePublished\":\"2025-08-05T15:03:43+00:00\",\"dateModified\":\"2025-08-17T17:00:19+00:00\",\"breadcrumb\":{\"@id\":\"https:\\\/\\\/www.dramfolks-whisky-auction.com\\\/en\\\/product\\\/michters-sour-mash-whiskey-2\\\/#breadcrumb\"},\"inLanguage\":\"en-US\",\"potentialAction\":[{\"@type\":\"ReadAction\",\"target\":[\"https:\\\/\\\/www.dramfolks-whisky-auction.com\\\/en\\\/product\\\/michters-sour-mash-whiskey-2\\\/\"]}]},{\"@type\":\"ImageObject\",\"inLanguage\":\"en-US\",\"@id\":\"https:\\\/\\\/www.dramfolks-whisky-auction.com\\\/en\\\/product\\\/michters-sour-mash-whiskey-2\\\/#primaryimage\",\"url\":\"https:\\\/\\\/www.dramfolks-whisky-auction.com\\\/wp-content\\\/uploads\\\/2024\\\/06\\\/Michters-vorne-scaled.jpg\",\"contentUrl\":\"https:\\\/\\\/www.dramfolks-whisky-auction.com\\\/wp-content\\\/uploads\\\/2024\\\/06\\\/Michters-vorne-scaled.jpg\",\"width\":2560,\"height\":2560},{\"@type\":\"BreadcrumbList\",\"@id\":\"https:\\\/\\\/www.dramfolks-whisky-auction.com\\\/en\\\/product\\\/michters-sour-mash-whiskey-2\\\/#breadcrumb\",\"itemListElement\":[{\"@type\":\"ListItem\",\"position\":1,\"name\":\"Startseite\",\"item\":\"https:\\\/\\\/www.dramfolks-whisky-auction.com\\\/en\\\/\"},{\"@type\":\"ListItem\",\"position\":2,\"name\":\"Shop\",\"item\":\"https:\\\/\\\/www.dramfolks-whisky-auction.com\\\/en\\\/shop\\\/\"},{\"@type\":\"ListItem\",\"position\":3,\"name\":\"Michter&#8217;s &#8211; Sour Mash Whiskey\"}]},{\"@type\":\"WebSite\",\"@id\":\"https:\\\/\\\/www.dramfolks-whisky-auction.com\\\/en\\\/#website\",\"url\":\"https:\\\/\\\/www.dramfolks-whisky-auction.com\\\/en\\\/\",\"name\":\"Dramfolks Whisky Auction\",\"description\":\"\",\"potentialAction\":[{\"@type\":\"SearchAction\",\"target\":{\"@type\":\"EntryPoint\",\"urlTemplate\":\"https:\\\/\\\/www.dramfolks-whisky-auction.com\\\/en\\\/?s={search_term_string}\"},\"query-input\":{\"@type\":\"PropertyValueSpecification\",\"valueRequired\":true,\"valueName\":\"search_term_string\"}}],\"inLanguage\":\"en-US\"}]}<\/script>\n<!-- \/ Yoast SEO plugin. -->","yoast_head_json":{"title":"Michter's - Sour Mash Whiskey - Dramfolks Whisky Auction","robots":{"index":"index","follow":"follow","max-snippet":"max-snippet:-1","max-image-preview":"max-image-preview:large","max-video-preview":"max-video-preview:-1"},"canonical":"https:\/\/www.dramfolks-whisky-auction.com\/en\/product\/michters-sour-mash-whiskey-2\/","og_locale":"en_US","og_type":"article","og_title":"Michter's - Sour Mash Whiskey - Dramfolks Whisky Auction","og_description":"Destille: Michter&#8217;s Die Michter&#8217;s Brennerei liegt in der Stadt Schaefferstown zwischen Philadelphia und Harrisburg. Sie wurde bereits im Jahre 1753 gegr\u00fcndet. 1988 musste die Brennerei schlie\u00dfen, da sie in wirtschaftliche Schwierigkeiten geriet. Adolf Hirsch kaufte 1974 die Lagerbest\u00e4nde auf und bringt seitdem \u00e4ltere Abf\u00fcllungen auf den Markt. Kein Michter\u2019s Whiskey wird ver\u00f6ffentlicht, bis Michter\u2018s Master[...]","og_url":"https:\/\/www.dramfolks-whisky-auction.com\/en\/product\/michters-sour-mash-whiskey-2\/","og_site_name":"Dramfolks Whisky Auction","article_modified_time":"2025-08-17T17:00:19+00:00","og_image":[{"width":2560,"height":2560,"url":"https:\/\/www.dramfolks-whisky-auction.com\/wp-content\/uploads\/2024\/06\/Michters-vorne-scaled.jpg","type":"image\/jpeg"}],"twitter_card":"summary_large_image","twitter_misc":{"Est. reading time":"2 minutes"},"schema":{"@context":"https:\/\/schema.org","@graph":[{"@type":"WebPage","@id":"https:\/\/www.dramfolks-whisky-auction.com\/en\/product\/michters-sour-mash-whiskey-2\/","url":"https:\/\/www.dramfolks-whisky-auction.com\/en\/product\/michters-sour-mash-whiskey-2\/","name":"Michter's - Sour Mash Whiskey - Dramfolks Whisky Auction","isPartOf":{"@id":"https:\/\/www.dramfolks-whisky-auction.com\/en\/#website"},"primaryImageOfPage":{"@id":"https:\/\/www.dramfolks-whisky-auction.com\/en\/product\/michters-sour-mash-whiskey-2\/#primaryimage"},"image":{"@id":"https:\/\/www.dramfolks-whisky-auction.com\/en\/product\/michters-sour-mash-whiskey-2\/#primaryimage"},"thumbnailUrl":"https:\/\/www.dramfolks-whisky-auction.com\/wp-content\/uploads\/2024\/06\/Michters-vorne-scaled.jpg","datePublished":"2025-08-05T15:03:43+00:00","dateModified":"2025-08-17T17:00:19+00:00","breadcrumb":{"@id":"https:\/\/www.dramfolks-whisky-auction.com\/en\/product\/michters-sour-mash-whiskey-2\/#breadcrumb"},"inLanguage":"en-US","potentialAction":[{"@type":"ReadAction","target":["https:\/\/www.dramfolks-whisky-auction.com\/en\/product\/michters-sour-mash-whiskey-2\/"]}]},{"@type":"ImageObject","inLanguage":"en-US","@id":"https:\/\/www.dramfolks-whisky-auction.com\/en\/product\/michters-sour-mash-whiskey-2\/#primaryimage","url":"https:\/\/www.dramfolks-whisky-auction.com\/wp-content\/uploads\/2024\/06\/Michters-vorne-scaled.jpg","contentUrl":"https:\/\/www.dramfolks-whisky-auction.com\/wp-content\/uploads\/2024\/06\/Michters-vorne-scaled.jpg","width":2560,"height":2560},{"@type":"BreadcrumbList","@id":"https:\/\/www.dramfolks-whisky-auction.com\/en\/product\/michters-sour-mash-whiskey-2\/#breadcrumb","itemListElement":[{"@type":"ListItem","position":1,"name":"Startseite","item":"https:\/\/www.dramfolks-whisky-auction.com\/en\/"},{"@type":"ListItem","position":2,"name":"Shop","item":"https:\/\/www.dramfolks-whisky-auction.com\/en\/shop\/"},{"@type":"ListItem","position":3,"name":"Michter&#8217;s &#8211; Sour Mash Whiskey"}]},{"@type":"WebSite","@id":"https:\/\/www.dramfolks-whisky-auction.com\/en\/#website","url":"https:\/\/www.dramfolks-whisky-auction.com\/en\/","name":"Dramfolks Whisky Auction","description":"","potentialAction":[{"@type":"SearchAction","target":{"@type":"EntryPoint","urlTemplate":"https:\/\/www.dramfolks-whisky-auction.com\/en\/?s={search_term_string}"},"query-input":{"@type":"PropertyValueSpecification","valueRequired":true,"valueName":"search_term_string"}}],"inLanguage":"en-US"}]}},"_links":{"self":[{"href":"https:\/\/www.dramfolks-whisky-auction.com\/en\/wp-json\/wp\/v2\/product\/4743395","targetHints":{"allow":["GET"]}}],"collection":[{"href":"https:\/\/www.dramfolks-whisky-auction.com\/en\/wp-json\/wp\/v2\/product"}],"about":[{"href":"https:\/\/www.dramfolks-whisky-auction.com\/en\/wp-json\/wp\/v2\/types\/product"}],"replies":[{"embeddable":true,"href":"https:\/\/www.dramfolks-whisky-auction.com\/en\/wp-json\/wp\/v2\/comments?post=4743395"}],"wp:featuredmedia":[{"embeddable":true,"href":"https:\/\/www.dramfolks-whisky-auction.com\/en\/wp-json\/wp\/v2\/media\/48900"}],"wp:attachment":[{"href":"https:\/\/www.dramfolks-whisky-auction.com\/en\/wp-json\/wp\/v2\/media?parent=4743395"}],"wp:term":[{"taxonomy":"product_brand","embeddable":true,"href":"https:\/\/www.dramfolks-whisky-auction.com\/en\/wp-json\/wp\/v2\/product_brand?post=4743395"},{"taxonomy":"product_cat","embeddable":true,"href":"https:\/\/www.dramfolks-whisky-auction.com\/en\/wp-json\/wp\/v2\/product_cat?post=4743395"},{"taxonomy":"product_tag","embeddable":true,"href":"https:\/\/www.dramfolks-whisky-auction.com\/en\/wp-json\/wp\/v2\/product_tag?post=4743395"}],"curies":[{"name":"wp","href":"https:\/\/api.w.org\/{rel}","templated":true}]}}