{"id":4743,"date":"2023-12-13T08:42:24","date_gmt":"2023-12-13T07:42:24","guid":{"rendered":"https:\/\/www.dramfolks-whisky-auction.com\/?post_type=product&#038;p=4743"},"modified":"2024-01-18T20:33:31","modified_gmt":"2024-01-18T19:33:31","slug":"north-star-spirits-campbeltown-2014-blended-malt-8yo-3","status":"publish","type":"product","link":"https:\/\/www.dramfolks-whisky-auction.com\/en\/product\/north-star-spirits-campbeltown-2014-blended-malt-8yo-3\/","title":{"rendered":"North Star Spirits &#8211; Campbeltown 2014 Blended Malt 8yo"},"content":{"rendered":"<p><strong>Destille: unbekannt<br \/>\n<\/strong>Eigentlich d\u00fcrfte hier kein Text stehen, da es zu diesem Whisky keine Angaben der Destille gibt. Zum einen ist es Blend und zum anderen gibt North Star selten preis, welche Brennereien in seinen Whiskys stecken. Daher kann hier nur spekuliert werden. Bei der geringen Anzahl an Destillerien in Campbeltown kann das Favoritenfeld aber eng eingegrenzt werden&#8230; Springbank l\u00e4sst gr\u00fc\u00dfen!<br \/>\nWas aber best\u00e4tigt werden kann, ist der Abf\u00fcller. North Star Spirits ist ein in Glasgow ans\u00e4ssiges Unternehmen, das stolz darauf ist, die besten Whiskys, Gins, Rums und Bourbons abzuf\u00fcllen. Alle ihre Produkte sind kleine Chargen, ohne K\u00fchlfiltration und immer in Fassst\u00e4rke.<\/p>\n<p><strong>Fun Fakt:\u00a0 <\/strong>North Star Spirits sponsort mehrere Wohlt\u00e4tigkeitsvereine. So sind sie z.B. Unterst\u00fctzer von Accord Hospice (<a href=\"https:\/\/deref-web.de\/mail\/client\/5wt8SE5u8xY\/dereferrer\/?redirectUrl=https%3A%2F%2Fwww.accordhospice.org.uk%2Fhome%2F\" target=\"_blank\" rel=\"noopener\">https:\/\/www.accordhospice.org.uk\/home\/<\/a>), Drum Foodbank (<a href=\"https:\/\/deref-web.de\/mail\/client\/8n_lhSPh044\/dereferrer\/?redirectUrl=https%3A%2F%2Fdurham.foodbank.org.uk%2F\" target=\"_blank\" rel=\"noopener\">https:\/\/durham.foodbank.org.uk\/<\/a>), Feedback Madagascar (<a href=\"https:\/\/deref-web.de\/mail\/client\/jzCQPmV-dEo\/dereferrer\/?redirectUrl=https%3A%2F%2Fwww.feedbackmadagascar.net%2F\" target=\"_blank\" rel=\"noopener\">https:\/\/www.feedbackmadagascar.net\/<\/a>), Herriot Hospice Homecare (<a href=\"https:\/\/deref-web.de\/mail\/client\/wdqZd-ym0rE\/dereferrer\/?redirectUrl=https%3A%2F%2Fwww.macmillan.org.uk%2F\" target=\"_blank\" rel=\"noopener\">https:\/\/www.macmillan.org.uk\/<\/a>), MacMillan Cancer Support (<a href=\"https:\/\/deref-web.de\/mail\/client\/wdqZd-ym0rE\/dereferrer\/?redirectUrl=https%3A%2F%2Fwww.macmillan.org.uk%2F\" target=\"_blank\" rel=\"noopener\">https:\/\/www.macmillan.org.uk\/<\/a>) usw. usw.<\/p>\n<p><strong>Whisky\/Whiskey: Campbeltown 2014 Blended Malt 8yo<br \/>\n<\/strong>Die Cask Series 21 des Indie-Abf\u00fcllers North Star Spirits ist ein hervorragender Blend, der Single Malts kombiniert, die 2014 in einer Reihe von nicht genannten Destillerien in Campbeltown destilliert wurde. Acht Jahre durfte dieser Blend in einer Kombination aus Portwein- und Oloroso-Sherry-Oktaven reifen. Abgef\u00fcllt in Fassst\u00e4rke (55,1 % Alc.) und limitiert auf nur 434 Flaschen.<br \/>\nIn der Nase finden sich &#8220;jede Menge Beerenobst, sirupartiger Flapjack und Vanillecreme mit einem Spritzer Sirup, sowie gezuckertem M\u00fcrbeteig&#8221;. Den Gaumen erfreuen &#8220;marmeladenartige, rote Fr\u00fcchte und Tanninholz aus Eiche, gepaart mit Datteln, getrockneten Kirschen und Johannisbeeren&#8221;. Abschlie\u00dfend genie\u00dft man im Abgang &#8220;nussiges Malz, ledrige Eiche und ged\u00fcnstete rote Fr\u00fcchten mit s\u00fc\u00dfer Backgew\u00fcrze&#8221;. (Verkostungsnotizen von <a href=\"http:\/\/www.masterofmalts.com\" target=\"_blank\" rel=\"noopener noreferrer\">www.masterofmalts.com<\/a>)<\/p>\n<p><strong>Info Qualit\u00e4t der Flasche:<\/strong> Exzellent &#8211; ohne Besch\u00e4digungen \/ <strong>F\u00fcllstand: <\/strong>Top shoulder<br \/>\n<strong>Info Qualit\u00e4t der Box: <\/strong>keine Box vorhanden<\/p>\n<p><strong>Wichtiger Hinweis:<\/strong> Die Bewertung der Flaschen und Boxen erfolgt nach \u201ebesten Wissen und Gewissen\u201c. dramfolks kann keine Gew\u00e4hrleistung f\u00fcr den Inhalt der Flaschen \u00fcbernehmen. Weitere Infos &amp; Hinweise finden Sie in unseren AGBs. Wir empfehlen Ihnen, vor der Abgabe von Geboten \u00fcber die Zoomfunktion eine Besichtigung \/ genaue Pr\u00fcfung des angebotenen Whiskys vorzunehmen. Bitte kontaktieren sie uns bei Fragen direkt unter info@dramfolks.com<\/p>\n","protected":false},"excerpt":{"rendered":"<p>Destille: unbekannt Eigentlich d\u00fcrfte hier kein Text stehen, da es zu diesem Whisky keine Angaben der Destille gibt. Zum einen ist es Blend und zum anderen gibt North Star selten preis, welche Brennereien in seinen Whiskys stecken. Daher kann hier nur spekuliert werden. Bei der geringen Anzahl an Destillerien in Campbeltown kann das Favoritenfeld aber[&#8230;]\n","protected":false},"featured_media":4435,"comment_status":"closed","ping_status":"closed","template":"","meta":[],"product_brand":[],"product_cat":[688],"product_tag":[],"class_list":{"0":"post-4743","1":"product","2":"type-product","3":"status-publish","4":"has-post-thumbnail","6":"product_cat-no-8","8":"first","9":"instock","10":"shipping-taxable","11":"purchasable","12":"product-type-auction"},"yoast_head":"<!-- This site is optimized with the Yoast SEO plugin v27.4 - https:\/\/yoast.com\/product\/yoast-seo-wordpress\/ -->\n<title>North Star Spirits - Campbeltown 2014 Blended Malt 8yo - Dramfolks Whisky Auction<\/title>\n<meta name=\"robots\" content=\"index, follow, max-snippet:-1, max-image-preview:large, max-video-preview:-1\" \/>\n<link rel=\"canonical\" href=\"https:\/\/www.dramfolks-whisky-auction.com\/en\/product\/north-star-spirits-campbeltown-2014-blended-malt-8yo-3\/\" \/>\n<meta property=\"og:locale\" content=\"en_US\" \/>\n<meta property=\"og:type\" content=\"article\" \/>\n<meta property=\"og:title\" content=\"North Star Spirits - Campbeltown 2014 Blended Malt 8yo - Dramfolks Whisky Auction\" \/>\n<meta property=\"og:description\" content=\"Destille: unbekannt Eigentlich d\u00fcrfte hier kein Text stehen, da es zu diesem Whisky keine Angaben der Destille gibt. Zum einen ist es Blend und zum anderen gibt North Star selten preis, welche Brennereien in seinen Whiskys stecken. Daher kann hier nur spekuliert werden. Bei der geringen Anzahl an Destillerien in Campbeltown kann das Favoritenfeld aber[...]\" \/>\n<meta property=\"og:url\" content=\"https:\/\/www.dramfolks-whisky-auction.com\/en\/product\/north-star-spirits-campbeltown-2014-blended-malt-8yo-3\/\" \/>\n<meta property=\"og:site_name\" content=\"Dramfolks Whisky Auction\" \/>\n<meta property=\"article:modified_time\" content=\"2024-01-18T19:33:31+00:00\" \/>\n<meta property=\"og:image\" content=\"https:\/\/www.dramfolks-whisky-auction.com\/wp-content\/uploads\/2023\/11\/North-Star-vorne-scaled.jpg\" \/>\n\t<meta property=\"og:image:width\" content=\"2048\" \/>\n\t<meta property=\"og:image:height\" content=\"2560\" \/>\n\t<meta property=\"og:image:type\" content=\"image\/jpeg\" \/>\n<meta name=\"twitter:card\" content=\"summary_large_image\" \/>\n<meta name=\"twitter:label1\" content=\"Est. reading time\" \/>\n\t<meta name=\"twitter:data1\" content=\"3 minutes\" \/>\n<script type=\"application\/ld+json\" class=\"yoast-schema-graph\">{\"@context\":\"https:\\\/\\\/schema.org\",\"@graph\":[{\"@type\":\"WebPage\",\"@id\":\"https:\\\/\\\/www.dramfolks-whisky-auction.com\\\/en\\\/product\\\/north-star-spirits-campbeltown-2014-blended-malt-8yo-3\\\/\",\"url\":\"https:\\\/\\\/www.dramfolks-whisky-auction.com\\\/en\\\/product\\\/north-star-spirits-campbeltown-2014-blended-malt-8yo-3\\\/\",\"name\":\"North Star Spirits - Campbeltown 2014 Blended Malt 8yo - Dramfolks Whisky Auction\",\"isPartOf\":{\"@id\":\"https:\\\/\\\/www.dramfolks-whisky-auction.com\\\/en\\\/#website\"},\"primaryImageOfPage\":{\"@id\":\"https:\\\/\\\/www.dramfolks-whisky-auction.com\\\/en\\\/product\\\/north-star-spirits-campbeltown-2014-blended-malt-8yo-3\\\/#primaryimage\"},\"image\":{\"@id\":\"https:\\\/\\\/www.dramfolks-whisky-auction.com\\\/en\\\/product\\\/north-star-spirits-campbeltown-2014-blended-malt-8yo-3\\\/#primaryimage\"},\"thumbnailUrl\":\"https:\\\/\\\/www.dramfolks-whisky-auction.com\\\/wp-content\\\/uploads\\\/2023\\\/11\\\/North-Star-vorne-scaled.jpg\",\"datePublished\":\"2023-12-13T07:42:24+00:00\",\"dateModified\":\"2024-01-18T19:33:31+00:00\",\"breadcrumb\":{\"@id\":\"https:\\\/\\\/www.dramfolks-whisky-auction.com\\\/en\\\/product\\\/north-star-spirits-campbeltown-2014-blended-malt-8yo-3\\\/#breadcrumb\"},\"inLanguage\":\"en-US\",\"potentialAction\":[{\"@type\":\"ReadAction\",\"target\":[\"https:\\\/\\\/www.dramfolks-whisky-auction.com\\\/en\\\/product\\\/north-star-spirits-campbeltown-2014-blended-malt-8yo-3\\\/\"]}]},{\"@type\":\"ImageObject\",\"inLanguage\":\"en-US\",\"@id\":\"https:\\\/\\\/www.dramfolks-whisky-auction.com\\\/en\\\/product\\\/north-star-spirits-campbeltown-2014-blended-malt-8yo-3\\\/#primaryimage\",\"url\":\"https:\\\/\\\/www.dramfolks-whisky-auction.com\\\/wp-content\\\/uploads\\\/2023\\\/11\\\/North-Star-vorne-scaled.jpg\",\"contentUrl\":\"https:\\\/\\\/www.dramfolks-whisky-auction.com\\\/wp-content\\\/uploads\\\/2023\\\/11\\\/North-Star-vorne-scaled.jpg\",\"width\":2048,\"height\":2560},{\"@type\":\"BreadcrumbList\",\"@id\":\"https:\\\/\\\/www.dramfolks-whisky-auction.com\\\/en\\\/product\\\/north-star-spirits-campbeltown-2014-blended-malt-8yo-3\\\/#breadcrumb\",\"itemListElement\":[{\"@type\":\"ListItem\",\"position\":1,\"name\":\"Startseite\",\"item\":\"https:\\\/\\\/www.dramfolks-whisky-auction.com\\\/en\\\/\"},{\"@type\":\"ListItem\",\"position\":2,\"name\":\"Shop\",\"item\":\"https:\\\/\\\/www.dramfolks-whisky-auction.com\\\/en\\\/shop\\\/\"},{\"@type\":\"ListItem\",\"position\":3,\"name\":\"North Star Spirits &#8211; Campbeltown 2014 Blended Malt 8yo\"}]},{\"@type\":\"WebSite\",\"@id\":\"https:\\\/\\\/www.dramfolks-whisky-auction.com\\\/en\\\/#website\",\"url\":\"https:\\\/\\\/www.dramfolks-whisky-auction.com\\\/en\\\/\",\"name\":\"Dramfolks Whisky Auction\",\"description\":\"\",\"potentialAction\":[{\"@type\":\"SearchAction\",\"target\":{\"@type\":\"EntryPoint\",\"urlTemplate\":\"https:\\\/\\\/www.dramfolks-whisky-auction.com\\\/en\\\/?s={search_term_string}\"},\"query-input\":{\"@type\":\"PropertyValueSpecification\",\"valueRequired\":true,\"valueName\":\"search_term_string\"}}],\"inLanguage\":\"en-US\"}]}<\/script>\n<!-- \/ Yoast SEO plugin. -->","yoast_head_json":{"title":"North Star Spirits - Campbeltown 2014 Blended Malt 8yo - Dramfolks Whisky Auction","robots":{"index":"index","follow":"follow","max-snippet":"max-snippet:-1","max-image-preview":"max-image-preview:large","max-video-preview":"max-video-preview:-1"},"canonical":"https:\/\/www.dramfolks-whisky-auction.com\/en\/product\/north-star-spirits-campbeltown-2014-blended-malt-8yo-3\/","og_locale":"en_US","og_type":"article","og_title":"North Star Spirits - Campbeltown 2014 Blended Malt 8yo - Dramfolks Whisky Auction","og_description":"Destille: unbekannt Eigentlich d\u00fcrfte hier kein Text stehen, da es zu diesem Whisky keine Angaben der Destille gibt. Zum einen ist es Blend und zum anderen gibt North Star selten preis, welche Brennereien in seinen Whiskys stecken. Daher kann hier nur spekuliert werden. Bei der geringen Anzahl an Destillerien in Campbeltown kann das Favoritenfeld aber[...]","og_url":"https:\/\/www.dramfolks-whisky-auction.com\/en\/product\/north-star-spirits-campbeltown-2014-blended-malt-8yo-3\/","og_site_name":"Dramfolks Whisky Auction","article_modified_time":"2024-01-18T19:33:31+00:00","og_image":[{"width":2048,"height":2560,"url":"https:\/\/www.dramfolks-whisky-auction.com\/wp-content\/uploads\/2023\/11\/North-Star-vorne-scaled.jpg","type":"image\/jpeg"}],"twitter_card":"summary_large_image","twitter_misc":{"Est. reading time":"3 minutes"},"schema":{"@context":"https:\/\/schema.org","@graph":[{"@type":"WebPage","@id":"https:\/\/www.dramfolks-whisky-auction.com\/en\/product\/north-star-spirits-campbeltown-2014-blended-malt-8yo-3\/","url":"https:\/\/www.dramfolks-whisky-auction.com\/en\/product\/north-star-spirits-campbeltown-2014-blended-malt-8yo-3\/","name":"North Star Spirits - Campbeltown 2014 Blended Malt 8yo - Dramfolks Whisky Auction","isPartOf":{"@id":"https:\/\/www.dramfolks-whisky-auction.com\/en\/#website"},"primaryImageOfPage":{"@id":"https:\/\/www.dramfolks-whisky-auction.com\/en\/product\/north-star-spirits-campbeltown-2014-blended-malt-8yo-3\/#primaryimage"},"image":{"@id":"https:\/\/www.dramfolks-whisky-auction.com\/en\/product\/north-star-spirits-campbeltown-2014-blended-malt-8yo-3\/#primaryimage"},"thumbnailUrl":"https:\/\/www.dramfolks-whisky-auction.com\/wp-content\/uploads\/2023\/11\/North-Star-vorne-scaled.jpg","datePublished":"2023-12-13T07:42:24+00:00","dateModified":"2024-01-18T19:33:31+00:00","breadcrumb":{"@id":"https:\/\/www.dramfolks-whisky-auction.com\/en\/product\/north-star-spirits-campbeltown-2014-blended-malt-8yo-3\/#breadcrumb"},"inLanguage":"en-US","potentialAction":[{"@type":"ReadAction","target":["https:\/\/www.dramfolks-whisky-auction.com\/en\/product\/north-star-spirits-campbeltown-2014-blended-malt-8yo-3\/"]}]},{"@type":"ImageObject","inLanguage":"en-US","@id":"https:\/\/www.dramfolks-whisky-auction.com\/en\/product\/north-star-spirits-campbeltown-2014-blended-malt-8yo-3\/#primaryimage","url":"https:\/\/www.dramfolks-whisky-auction.com\/wp-content\/uploads\/2023\/11\/North-Star-vorne-scaled.jpg","contentUrl":"https:\/\/www.dramfolks-whisky-auction.com\/wp-content\/uploads\/2023\/11\/North-Star-vorne-scaled.jpg","width":2048,"height":2560},{"@type":"BreadcrumbList","@id":"https:\/\/www.dramfolks-whisky-auction.com\/en\/product\/north-star-spirits-campbeltown-2014-blended-malt-8yo-3\/#breadcrumb","itemListElement":[{"@type":"ListItem","position":1,"name":"Startseite","item":"https:\/\/www.dramfolks-whisky-auction.com\/en\/"},{"@type":"ListItem","position":2,"name":"Shop","item":"https:\/\/www.dramfolks-whisky-auction.com\/en\/shop\/"},{"@type":"ListItem","position":3,"name":"North Star Spirits &#8211; Campbeltown 2014 Blended Malt 8yo"}]},{"@type":"WebSite","@id":"https:\/\/www.dramfolks-whisky-auction.com\/en\/#website","url":"https:\/\/www.dramfolks-whisky-auction.com\/en\/","name":"Dramfolks Whisky Auction","description":"","potentialAction":[{"@type":"SearchAction","target":{"@type":"EntryPoint","urlTemplate":"https:\/\/www.dramfolks-whisky-auction.com\/en\/?s={search_term_string}"},"query-input":{"@type":"PropertyValueSpecification","valueRequired":true,"valueName":"search_term_string"}}],"inLanguage":"en-US"}]}},"_links":{"self":[{"href":"https:\/\/www.dramfolks-whisky-auction.com\/en\/wp-json\/wp\/v2\/product\/4743","targetHints":{"allow":["GET"]}}],"collection":[{"href":"https:\/\/www.dramfolks-whisky-auction.com\/en\/wp-json\/wp\/v2\/product"}],"about":[{"href":"https:\/\/www.dramfolks-whisky-auction.com\/en\/wp-json\/wp\/v2\/types\/product"}],"replies":[{"embeddable":true,"href":"https:\/\/www.dramfolks-whisky-auction.com\/en\/wp-json\/wp\/v2\/comments?post=4743"}],"wp:featuredmedia":[{"embeddable":true,"href":"https:\/\/www.dramfolks-whisky-auction.com\/en\/wp-json\/wp\/v2\/media\/4435"}],"wp:attachment":[{"href":"https:\/\/www.dramfolks-whisky-auction.com\/en\/wp-json\/wp\/v2\/media?parent=4743"}],"wp:term":[{"taxonomy":"product_brand","embeddable":true,"href":"https:\/\/www.dramfolks-whisky-auction.com\/en\/wp-json\/wp\/v2\/product_brand?post=4743"},{"taxonomy":"product_cat","embeddable":true,"href":"https:\/\/www.dramfolks-whisky-auction.com\/en\/wp-json\/wp\/v2\/product_cat?post=4743"},{"taxonomy":"product_tag","embeddable":true,"href":"https:\/\/www.dramfolks-whisky-auction.com\/en\/wp-json\/wp\/v2\/product_tag?post=4743"}],"curies":[{"name":"wp","href":"https:\/\/api.w.org\/{rel}","templated":true}]}}