{"id":4736,"date":"2023-12-13T08:23:17","date_gmt":"2023-12-13T07:23:17","guid":{"rendered":"https:\/\/www.dramfolks-whisky-auction.com\/?post_type=product&#038;p=4736"},"modified":"2024-03-05T13:57:23","modified_gmt":"2024-03-05T12:57:23","slug":"wolfburn-single-cask-dun-eideann-2015-3","status":"publish","type":"product","link":"https:\/\/www.dramfolks-whisky-auction.com\/en\/product\/wolfburn-single-cask-dun-eideann-2015-3\/","title":{"rendered":"Wolfburn &#8211; Single Cask Dun Eideann 2015"},"content":{"rendered":"<p><strong>Destille: Wolfburn<br \/>\n<\/strong>Bei der Wolfburn Destillerie handelt es sich um eine neue Whisky Destillerie, die ihren Sitz in der Gemeinde Thurso in der schottischen Highland Region hat und die n\u00f6rdlichste Brennerei auf dem schottischen Festland ist. Sie wurde urspr\u00fcnglich bereits im Jahr 1821 erbaut, musste allerdings im Laufe des 19. Jahrhunderts wieder schlie\u00dfen und heute sind nur noch Ruinen des alten Geb\u00e4udes \u00fcbrig. Im Jahr 2011 wurde mit der Planung der Wolfsburn Whisky Destillerie begonnen und bereits im Jahr 2013 wurde der erste Single Malt Whisky produziert. Es handelt sich bei Wolfburn um einen kleinen Produzenten der nur ca. 115.000 Liter pro Jahr herstellt. Hier geht Qualit\u00e4t eindeutig vor der Masse.<\/p>\n<p><strong>Fun Fakt:\u00a0<\/strong>Auf dem Logo findet sich ein Wolf, dessen verwandtes Fabelwesen, der sogenannte \u2018Seewolf\u2018, allen, die ihn zu Gesicht bekommen, Gl\u00fcck bringen soll. Im 16. Jahrhundert, als die Zeichnung f\u00fcr das Wolfburn Logo entstand, gab es in der Gegend jede Menge W\u00f6lfe<\/p>\n<p><strong>Whisky\/Whiskey: Single Cask Dun Eideann 2015<br \/>\n<\/strong>Bei diesem Wolfburn Dun Eideann Single Malt handelt es sich um eine Single Cask Abf\u00fcllung die im Juli 2015 destilliert wurde und die dann im November 2019 mit volumin\u00f6sen 55% Vol. abgef\u00fcllt wurde. Die \u00fcber 4 Jahre Reifung erhielt er in einem Bourbon Hogshead das lediglich 324 Flaschen ergab. Abgef\u00fcllt wurde er aus dem <strong>Fass Nummer 709 \/ 2015<\/strong> in eine klassische 700 ml Flasche, die in einer hochwertigen Box geliefert wird.<\/p>\n<p class=\"content no_margin\">Dun Eidann ist die \u00dcbersetzung von Edinburgh aus dem g\u00e4lischen. Jedoch verbirgt sich hinter diesem Namen auch ein unabh\u00e4ngiger Abf\u00fcller der exklusiv diese original Abf\u00fcllung von Wolfburn erhielt.<\/p>\n<p><strong>Info Qualit\u00e4t der Flasche:<\/strong> Exzellent &#8211; ohne Besch\u00e4digungen \/ <strong>F\u00fcllstand:<\/strong> Into neck<br \/>\n<strong>Info Qualit\u00e4t der Box:\u00a0<\/strong>Exzellent &#8211; ohne Besch\u00e4digungen<\/p>\n<p><strong>Wichtiger Hinweis:<\/strong> Die Bewertung der Flaschen und Boxen erfolgt nach \u201ebesten Wissen und Gewissen\u201c. dramfolks kann keine Gew\u00e4hrleistung f\u00fcr den Inhalt der Flaschen \u00fcbernehmen. Weitere Infos &amp; Hinweise finden Sie in unseren AGBs. Wir empfehlen Ihnen, vor der Abgabe von Geboten \u00fcber die Zoomfunktion eine Besichtigung \/ genaue Pr\u00fcfung des angebotenen Whiskys vorzunehmen. Bitte kontaktieren sie uns bei Fragen direkt unter info@dramfolks.com<\/p>\n","protected":false},"excerpt":{"rendered":"<p>Destille: Wolfburn Bei der Wolfburn Destillerie handelt es sich um eine neue Whisky Destillerie, die ihren Sitz in der Gemeinde Thurso in der schottischen Highland Region hat und die n\u00f6rdlichste Brennerei auf dem schottischen Festland ist. Sie wurde urspr\u00fcnglich bereits im Jahr 1821 erbaut, musste allerdings im Laufe des 19. Jahrhunderts wieder schlie\u00dfen und heute[&#8230;]\n","protected":false},"featured_media":4242,"comment_status":"closed","ping_status":"closed","template":"","meta":[],"product_brand":[],"product_cat":[688],"product_tag":[],"class_list":{"0":"post-4736","1":"product","2":"type-product","3":"status-publish","4":"has-post-thumbnail","6":"product_cat-no-8","8":"first","9":"instock","10":"shipping-taxable","11":"purchasable","12":"product-type-auction"},"yoast_head":"<!-- This site is optimized with the Yoast SEO plugin v27.4 - https:\/\/yoast.com\/product\/yoast-seo-wordpress\/ -->\n<title>Wolfburn - Single Cask Dun Eideann 2015 - Dramfolks Whisky Auction<\/title>\n<meta name=\"robots\" content=\"index, follow, max-snippet:-1, max-image-preview:large, max-video-preview:-1\" \/>\n<link rel=\"canonical\" href=\"https:\/\/www.dramfolks-whisky-auction.com\/en\/product\/wolfburn-single-cask-dun-eideann-2015-3\/\" \/>\n<meta property=\"og:locale\" content=\"en_US\" \/>\n<meta property=\"og:type\" content=\"article\" \/>\n<meta property=\"og:title\" content=\"Wolfburn - Single Cask Dun Eideann 2015 - Dramfolks Whisky Auction\" \/>\n<meta property=\"og:description\" content=\"Destille: Wolfburn Bei der Wolfburn Destillerie handelt es sich um eine neue Whisky Destillerie, die ihren Sitz in der Gemeinde Thurso in der schottischen Highland Region hat und die n\u00f6rdlichste Brennerei auf dem schottischen Festland ist. Sie wurde urspr\u00fcnglich bereits im Jahr 1821 erbaut, musste allerdings im Laufe des 19. Jahrhunderts wieder schlie\u00dfen und heute[...]\" \/>\n<meta property=\"og:url\" content=\"https:\/\/www.dramfolks-whisky-auction.com\/en\/product\/wolfburn-single-cask-dun-eideann-2015-3\/\" \/>\n<meta property=\"og:site_name\" content=\"Dramfolks Whisky Auction\" \/>\n<meta property=\"article:modified_time\" content=\"2024-03-05T12:57:23+00:00\" \/>\n<meta property=\"og:image\" content=\"https:\/\/www.dramfolks-whisky-auction.com\/wp-content\/uploads\/2023\/11\/Wolfburn-Dun-Eidean-vorne-1-scaled.jpg\" \/>\n\t<meta property=\"og:image:width\" content=\"2560\" \/>\n\t<meta property=\"og:image:height\" content=\"2048\" \/>\n\t<meta property=\"og:image:type\" content=\"image\/jpeg\" \/>\n<meta name=\"twitter:card\" content=\"summary_large_image\" \/>\n<meta name=\"twitter:label1\" content=\"Est. reading time\" \/>\n\t<meta name=\"twitter:data1\" content=\"3 minutes\" \/>\n<script type=\"application\/ld+json\" class=\"yoast-schema-graph\">{\"@context\":\"https:\\\/\\\/schema.org\",\"@graph\":[{\"@type\":\"WebPage\",\"@id\":\"https:\\\/\\\/www.dramfolks-whisky-auction.com\\\/en\\\/product\\\/wolfburn-single-cask-dun-eideann-2015-3\\\/\",\"url\":\"https:\\\/\\\/www.dramfolks-whisky-auction.com\\\/en\\\/product\\\/wolfburn-single-cask-dun-eideann-2015-3\\\/\",\"name\":\"Wolfburn - Single Cask Dun Eideann 2015 - Dramfolks Whisky Auction\",\"isPartOf\":{\"@id\":\"https:\\\/\\\/www.dramfolks-whisky-auction.com\\\/en\\\/#website\"},\"primaryImageOfPage\":{\"@id\":\"https:\\\/\\\/www.dramfolks-whisky-auction.com\\\/en\\\/product\\\/wolfburn-single-cask-dun-eideann-2015-3\\\/#primaryimage\"},\"image\":{\"@id\":\"https:\\\/\\\/www.dramfolks-whisky-auction.com\\\/en\\\/product\\\/wolfburn-single-cask-dun-eideann-2015-3\\\/#primaryimage\"},\"thumbnailUrl\":\"https:\\\/\\\/www.dramfolks-whisky-auction.com\\\/wp-content\\\/uploads\\\/2023\\\/11\\\/Wolfburn-Dun-Eidean-vorne-1-scaled.jpg\",\"datePublished\":\"2023-12-13T07:23:17+00:00\",\"dateModified\":\"2024-03-05T12:57:23+00:00\",\"breadcrumb\":{\"@id\":\"https:\\\/\\\/www.dramfolks-whisky-auction.com\\\/en\\\/product\\\/wolfburn-single-cask-dun-eideann-2015-3\\\/#breadcrumb\"},\"inLanguage\":\"en-US\",\"potentialAction\":[{\"@type\":\"ReadAction\",\"target\":[\"https:\\\/\\\/www.dramfolks-whisky-auction.com\\\/en\\\/product\\\/wolfburn-single-cask-dun-eideann-2015-3\\\/\"]}]},{\"@type\":\"ImageObject\",\"inLanguage\":\"en-US\",\"@id\":\"https:\\\/\\\/www.dramfolks-whisky-auction.com\\\/en\\\/product\\\/wolfburn-single-cask-dun-eideann-2015-3\\\/#primaryimage\",\"url\":\"https:\\\/\\\/www.dramfolks-whisky-auction.com\\\/wp-content\\\/uploads\\\/2023\\\/11\\\/Wolfburn-Dun-Eidean-vorne-1-scaled.jpg\",\"contentUrl\":\"https:\\\/\\\/www.dramfolks-whisky-auction.com\\\/wp-content\\\/uploads\\\/2023\\\/11\\\/Wolfburn-Dun-Eidean-vorne-1-scaled.jpg\",\"width\":2560,\"height\":2048},{\"@type\":\"BreadcrumbList\",\"@id\":\"https:\\\/\\\/www.dramfolks-whisky-auction.com\\\/en\\\/product\\\/wolfburn-single-cask-dun-eideann-2015-3\\\/#breadcrumb\",\"itemListElement\":[{\"@type\":\"ListItem\",\"position\":1,\"name\":\"Startseite\",\"item\":\"https:\\\/\\\/www.dramfolks-whisky-auction.com\\\/en\\\/\"},{\"@type\":\"ListItem\",\"position\":2,\"name\":\"Shop\",\"item\":\"https:\\\/\\\/www.dramfolks-whisky-auction.com\\\/en\\\/shop\\\/\"},{\"@type\":\"ListItem\",\"position\":3,\"name\":\"Wolfburn &#8211; Single Cask Dun Eideann 2015\"}]},{\"@type\":\"WebSite\",\"@id\":\"https:\\\/\\\/www.dramfolks-whisky-auction.com\\\/en\\\/#website\",\"url\":\"https:\\\/\\\/www.dramfolks-whisky-auction.com\\\/en\\\/\",\"name\":\"Dramfolks Whisky Auction\",\"description\":\"\",\"potentialAction\":[{\"@type\":\"SearchAction\",\"target\":{\"@type\":\"EntryPoint\",\"urlTemplate\":\"https:\\\/\\\/www.dramfolks-whisky-auction.com\\\/en\\\/?s={search_term_string}\"},\"query-input\":{\"@type\":\"PropertyValueSpecification\",\"valueRequired\":true,\"valueName\":\"search_term_string\"}}],\"inLanguage\":\"en-US\"}]}<\/script>\n<!-- \/ Yoast SEO plugin. -->","yoast_head_json":{"title":"Wolfburn - Single Cask Dun Eideann 2015 - Dramfolks Whisky Auction","robots":{"index":"index","follow":"follow","max-snippet":"max-snippet:-1","max-image-preview":"max-image-preview:large","max-video-preview":"max-video-preview:-1"},"canonical":"https:\/\/www.dramfolks-whisky-auction.com\/en\/product\/wolfburn-single-cask-dun-eideann-2015-3\/","og_locale":"en_US","og_type":"article","og_title":"Wolfburn - Single Cask Dun Eideann 2015 - Dramfolks Whisky Auction","og_description":"Destille: Wolfburn Bei der Wolfburn Destillerie handelt es sich um eine neue Whisky Destillerie, die ihren Sitz in der Gemeinde Thurso in der schottischen Highland Region hat und die n\u00f6rdlichste Brennerei auf dem schottischen Festland ist. Sie wurde urspr\u00fcnglich bereits im Jahr 1821 erbaut, musste allerdings im Laufe des 19. Jahrhunderts wieder schlie\u00dfen und heute[...]","og_url":"https:\/\/www.dramfolks-whisky-auction.com\/en\/product\/wolfburn-single-cask-dun-eideann-2015-3\/","og_site_name":"Dramfolks Whisky Auction","article_modified_time":"2024-03-05T12:57:23+00:00","og_image":[{"width":2560,"height":2048,"url":"https:\/\/www.dramfolks-whisky-auction.com\/wp-content\/uploads\/2023\/11\/Wolfburn-Dun-Eidean-vorne-1-scaled.jpg","type":"image\/jpeg"}],"twitter_card":"summary_large_image","twitter_misc":{"Est. reading time":"3 minutes"},"schema":{"@context":"https:\/\/schema.org","@graph":[{"@type":"WebPage","@id":"https:\/\/www.dramfolks-whisky-auction.com\/en\/product\/wolfburn-single-cask-dun-eideann-2015-3\/","url":"https:\/\/www.dramfolks-whisky-auction.com\/en\/product\/wolfburn-single-cask-dun-eideann-2015-3\/","name":"Wolfburn - Single Cask Dun Eideann 2015 - Dramfolks Whisky Auction","isPartOf":{"@id":"https:\/\/www.dramfolks-whisky-auction.com\/en\/#website"},"primaryImageOfPage":{"@id":"https:\/\/www.dramfolks-whisky-auction.com\/en\/product\/wolfburn-single-cask-dun-eideann-2015-3\/#primaryimage"},"image":{"@id":"https:\/\/www.dramfolks-whisky-auction.com\/en\/product\/wolfburn-single-cask-dun-eideann-2015-3\/#primaryimage"},"thumbnailUrl":"https:\/\/www.dramfolks-whisky-auction.com\/wp-content\/uploads\/2023\/11\/Wolfburn-Dun-Eidean-vorne-1-scaled.jpg","datePublished":"2023-12-13T07:23:17+00:00","dateModified":"2024-03-05T12:57:23+00:00","breadcrumb":{"@id":"https:\/\/www.dramfolks-whisky-auction.com\/en\/product\/wolfburn-single-cask-dun-eideann-2015-3\/#breadcrumb"},"inLanguage":"en-US","potentialAction":[{"@type":"ReadAction","target":["https:\/\/www.dramfolks-whisky-auction.com\/en\/product\/wolfburn-single-cask-dun-eideann-2015-3\/"]}]},{"@type":"ImageObject","inLanguage":"en-US","@id":"https:\/\/www.dramfolks-whisky-auction.com\/en\/product\/wolfburn-single-cask-dun-eideann-2015-3\/#primaryimage","url":"https:\/\/www.dramfolks-whisky-auction.com\/wp-content\/uploads\/2023\/11\/Wolfburn-Dun-Eidean-vorne-1-scaled.jpg","contentUrl":"https:\/\/www.dramfolks-whisky-auction.com\/wp-content\/uploads\/2023\/11\/Wolfburn-Dun-Eidean-vorne-1-scaled.jpg","width":2560,"height":2048},{"@type":"BreadcrumbList","@id":"https:\/\/www.dramfolks-whisky-auction.com\/en\/product\/wolfburn-single-cask-dun-eideann-2015-3\/#breadcrumb","itemListElement":[{"@type":"ListItem","position":1,"name":"Startseite","item":"https:\/\/www.dramfolks-whisky-auction.com\/en\/"},{"@type":"ListItem","position":2,"name":"Shop","item":"https:\/\/www.dramfolks-whisky-auction.com\/en\/shop\/"},{"@type":"ListItem","position":3,"name":"Wolfburn &#8211; Single Cask Dun Eideann 2015"}]},{"@type":"WebSite","@id":"https:\/\/www.dramfolks-whisky-auction.com\/en\/#website","url":"https:\/\/www.dramfolks-whisky-auction.com\/en\/","name":"Dramfolks Whisky Auction","description":"","potentialAction":[{"@type":"SearchAction","target":{"@type":"EntryPoint","urlTemplate":"https:\/\/www.dramfolks-whisky-auction.com\/en\/?s={search_term_string}"},"query-input":{"@type":"PropertyValueSpecification","valueRequired":true,"valueName":"search_term_string"}}],"inLanguage":"en-US"}]}},"_links":{"self":[{"href":"https:\/\/www.dramfolks-whisky-auction.com\/en\/wp-json\/wp\/v2\/product\/4736","targetHints":{"allow":["GET"]}}],"collection":[{"href":"https:\/\/www.dramfolks-whisky-auction.com\/en\/wp-json\/wp\/v2\/product"}],"about":[{"href":"https:\/\/www.dramfolks-whisky-auction.com\/en\/wp-json\/wp\/v2\/types\/product"}],"replies":[{"embeddable":true,"href":"https:\/\/www.dramfolks-whisky-auction.com\/en\/wp-json\/wp\/v2\/comments?post=4736"}],"wp:featuredmedia":[{"embeddable":true,"href":"https:\/\/www.dramfolks-whisky-auction.com\/en\/wp-json\/wp\/v2\/media\/4242"}],"wp:attachment":[{"href":"https:\/\/www.dramfolks-whisky-auction.com\/en\/wp-json\/wp\/v2\/media?parent=4736"}],"wp:term":[{"taxonomy":"product_brand","embeddable":true,"href":"https:\/\/www.dramfolks-whisky-auction.com\/en\/wp-json\/wp\/v2\/product_brand?post=4736"},{"taxonomy":"product_cat","embeddable":true,"href":"https:\/\/www.dramfolks-whisky-auction.com\/en\/wp-json\/wp\/v2\/product_cat?post=4736"},{"taxonomy":"product_tag","embeddable":true,"href":"https:\/\/www.dramfolks-whisky-auction.com\/en\/wp-json\/wp\/v2\/product_tag?post=4736"}],"curies":[{"name":"wp","href":"https:\/\/api.w.org\/{rel}","templated":true}]}}