{"id":4566,"date":"2023-11-10T21:48:15","date_gmt":"2023-11-10T20:48:15","guid":{"rendered":"https:\/\/www.dramfolks-whisky-auction.com\/?post_type=product&#038;p=4566"},"modified":"2023-12-07T19:45:07","modified_gmt":"2023-12-07T18:45:07","slug":"mackmyra-identitet","status":"publish","type":"product","link":"https:\/\/www.dramfolks-whisky-auction.com\/en\/product\/mackmyra-identitet\/","title":{"rendered":"Mackmyra &#8211; Identitet"},"content":{"rendered":"<p><strong>Destille: Mackmyra<br \/>\n<\/strong>Mackmyra Whisky ist eine schwedische Single Malt Whisky-Destillerie. Benannt ist es nach dem Dorf und Herrenhaus von Mackmyra, wo die erste Destillerie gegr\u00fcndet wurde, im Wohnviertel Valbo, s\u00fcdwestlich von G\u00e4vle. Mackmyra Svensk Whisky AB ist ein b\u00f6rsennotiertes Unternehmen, das im Dezember 2011 an der Nasdaq OMXs alternativem Investmentmarkt First North notiert wurde. Das Unternehmen besch\u00e4ftigt rund 45 Mitarbeiter und erwirtschaftet einen Jahresumsatz von rund 100 Millionen SEK. Sein gr\u00f6\u00dfter Anteilseigner ist die schwedische Bauerngenossenschaft Lantm\u00e4nnen. J\u00e4hrliche Produktionskapazit\u00e4t: ca. 1,7 Mio. Liter.<\/p>\n<p><strong>Fun fact: <\/strong>Vom Wintersport \u00fcber Rezepte zu &#8220;ausverkauft in 20 Min.&#8221;&#8230; Die Geschichte von Mackmyra begann 1998 in einem schwedischen Wintersportort, wo sich acht Freunde vom Royal Institute of Technology zu einem Skiausflug trafen. Als sie bemerkten, dass alle eine Flasche Malt Whisky f\u00fcr den Gastgeber mitgebracht hatten, begann ein Gespr\u00e4ch \u00fcber die Herstellung eines schwedischen Whiskys. Im darauffolgenden Jahr wurde ein Unternehmen gegr\u00fcndet und nach jahrelangem Experimentieren mit 170 verschiedenen Rezepten entschied man sich schlie\u00dflich 2002 f\u00fcr zwei finale Rezepte. Der erste Single Malt Whisky in limitierter Auflage, Preludium 01, kam im Februar 2006 auf den Markt und war in weniger als 20 Minuten ausverkauft&#8230;. b\u00e4\u00e4m!<\/p>\n<p><strong>Whisky\/Whiskey: Identitet<br \/>\n<\/strong>Schwedische Eiche und Wacholderrauch \u2013 zwei starke Merkmale, die f\u00fcr Mackmyra unerl\u00e4sslich sind. In diesem Whisky &#8220;Identitet&#8221; spielen beide eine bedeutende Rolle. Laut Mackmyra ist der Identitet eine &#8220;lebhafte Begegnung und ein Showdown zwischen zwei gro\u00dfen Pers\u00f6nlichkeiten&#8221;. Ein rauchiger Whisky, bei dem die Erfahrung von Aroma bis Geschmack intensiver wird und schlie\u00dflich in einem langen Abgang ihren H\u00f6hepunkt erreicht. Auch sehr interessant? Die Zusammensetzung der F\u00e4sser&#8230; 31% &#8220;Ambassador casks&#8221; (23% der &#8220;Botschafterf\u00e4sser&#8221; sind komplett neu und erstmalig belegt aus schwedischer Eiche), 27% Bourbonf\u00e4sser, 23% schwedische Eichenf\u00e4sser und 19% amerikanische Wei\u00dfeiche.<\/p>\n<p><strong>Info Qualit\u00e4t der Flasche:<\/strong> Exzellent &#8211; ohne Besch\u00e4digungen \/ <strong>F\u00fcllstand:<\/strong> Into neck<br \/>\n<strong>Info Qualit\u00e4t der Box:<\/strong> Exzellent &#8211; ohne Besch\u00e4digungen<\/p>\n<p><strong>Wichtiger Hinweis:<\/strong> Die Bewertung der Flaschen und Boxen erfolgt nach \u201ebesten Wissen und Gewissen\u201c. dramfolks kann keine Gew\u00e4hrleistung f\u00fcr den Inhalt der Flaschen \u00fcbernehmen. Weitere Infos &amp; Hinweise finden Sie in unseren AGBs. Wir empfehlen Ihnen, vor der Abgabe von Geboten \u00fcber die Zoomfunktion eine Besichtigung \/ genaue Pr\u00fcfung des angebotenen Whiskys vorzunehmen. Bitte kontaktieren sie uns bei Fragen direkt unter info@dramfolks.com<\/p>\n","protected":false},"excerpt":{"rendered":"<p>Destille: Mackmyra Mackmyra Whisky ist eine schwedische Single Malt Whisky-Destillerie. Benannt ist es nach dem Dorf und Herrenhaus von Mackmyra, wo die erste Destillerie gegr\u00fcndet wurde, im Wohnviertel Valbo, s\u00fcdwestlich von G\u00e4vle. Mackmyra Svensk Whisky AB ist ein b\u00f6rsennotiertes Unternehmen, das im Dezember 2011 an der Nasdaq OMXs alternativem Investmentmarkt First North notiert wurde. Das[&#8230;]\n","protected":false},"featured_media":4567,"comment_status":"closed","ping_status":"closed","template":"","meta":[],"product_brand":[],"product_cat":[604],"product_tag":[],"class_list":{"0":"post-4566","1":"product","2":"type-product","3":"status-publish","4":"has-post-thumbnail","6":"product_cat-no-7","8":"first","9":"instock","10":"shipping-taxable","11":"purchasable","12":"product-type-auction"},"yoast_head":"<!-- This site is optimized with the Yoast SEO plugin v27.4 - https:\/\/yoast.com\/product\/yoast-seo-wordpress\/ -->\n<title>Mackmyra - Identitet - Dramfolks Whisky Auction<\/title>\n<meta name=\"robots\" content=\"index, follow, max-snippet:-1, max-image-preview:large, max-video-preview:-1\" \/>\n<link rel=\"canonical\" href=\"https:\/\/www.dramfolks-whisky-auction.com\/en\/product\/mackmyra-identitet\/\" \/>\n<meta property=\"og:locale\" content=\"en_US\" \/>\n<meta property=\"og:type\" content=\"article\" \/>\n<meta property=\"og:title\" content=\"Mackmyra - Identitet - Dramfolks Whisky Auction\" \/>\n<meta property=\"og:description\" content=\"Destille: Mackmyra Mackmyra Whisky ist eine schwedische Single Malt Whisky-Destillerie. Benannt ist es nach dem Dorf und Herrenhaus von Mackmyra, wo die erste Destillerie gegr\u00fcndet wurde, im Wohnviertel Valbo, s\u00fcdwestlich von G\u00e4vle. Mackmyra Svensk Whisky AB ist ein b\u00f6rsennotiertes Unternehmen, das im Dezember 2011 an der Nasdaq OMXs alternativem Investmentmarkt First North notiert wurde. Das[...]\" \/>\n<meta property=\"og:url\" content=\"https:\/\/www.dramfolks-whisky-auction.com\/en\/product\/mackmyra-identitet\/\" \/>\n<meta property=\"og:site_name\" content=\"Dramfolks Whisky Auction\" \/>\n<meta property=\"article:modified_time\" content=\"2023-12-07T18:45:07+00:00\" \/>\n<meta property=\"og:image\" content=\"https:\/\/www.dramfolks-whisky-auction.com\/wp-content\/uploads\/2023\/11\/Mackmyra-vorne-scaled.jpg\" \/>\n\t<meta property=\"og:image:width\" content=\"2560\" \/>\n\t<meta property=\"og:image:height\" content=\"2048\" \/>\n\t<meta property=\"og:image:type\" content=\"image\/jpeg\" \/>\n<meta name=\"twitter:card\" content=\"summary_large_image\" \/>\n<meta name=\"twitter:label1\" content=\"Est. reading time\" \/>\n\t<meta name=\"twitter:data1\" content=\"3 minutes\" \/>\n<script type=\"application\/ld+json\" class=\"yoast-schema-graph\">{\"@context\":\"https:\\\/\\\/schema.org\",\"@graph\":[{\"@type\":\"WebPage\",\"@id\":\"https:\\\/\\\/www.dramfolks-whisky-auction.com\\\/en\\\/product\\\/mackmyra-identitet\\\/\",\"url\":\"https:\\\/\\\/www.dramfolks-whisky-auction.com\\\/en\\\/product\\\/mackmyra-identitet\\\/\",\"name\":\"Mackmyra - Identitet - Dramfolks Whisky Auction\",\"isPartOf\":{\"@id\":\"https:\\\/\\\/www.dramfolks-whisky-auction.com\\\/en\\\/#website\"},\"primaryImageOfPage\":{\"@id\":\"https:\\\/\\\/www.dramfolks-whisky-auction.com\\\/en\\\/product\\\/mackmyra-identitet\\\/#primaryimage\"},\"image\":{\"@id\":\"https:\\\/\\\/www.dramfolks-whisky-auction.com\\\/en\\\/product\\\/mackmyra-identitet\\\/#primaryimage\"},\"thumbnailUrl\":\"https:\\\/\\\/www.dramfolks-whisky-auction.com\\\/wp-content\\\/uploads\\\/2023\\\/11\\\/Mackmyra-vorne-scaled.jpg\",\"datePublished\":\"2023-11-10T20:48:15+00:00\",\"dateModified\":\"2023-12-07T18:45:07+00:00\",\"breadcrumb\":{\"@id\":\"https:\\\/\\\/www.dramfolks-whisky-auction.com\\\/en\\\/product\\\/mackmyra-identitet\\\/#breadcrumb\"},\"inLanguage\":\"en-US\",\"potentialAction\":[{\"@type\":\"ReadAction\",\"target\":[\"https:\\\/\\\/www.dramfolks-whisky-auction.com\\\/en\\\/product\\\/mackmyra-identitet\\\/\"]}]},{\"@type\":\"ImageObject\",\"inLanguage\":\"en-US\",\"@id\":\"https:\\\/\\\/www.dramfolks-whisky-auction.com\\\/en\\\/product\\\/mackmyra-identitet\\\/#primaryimage\",\"url\":\"https:\\\/\\\/www.dramfolks-whisky-auction.com\\\/wp-content\\\/uploads\\\/2023\\\/11\\\/Mackmyra-vorne-scaled.jpg\",\"contentUrl\":\"https:\\\/\\\/www.dramfolks-whisky-auction.com\\\/wp-content\\\/uploads\\\/2023\\\/11\\\/Mackmyra-vorne-scaled.jpg\",\"width\":2560,\"height\":2048},{\"@type\":\"BreadcrumbList\",\"@id\":\"https:\\\/\\\/www.dramfolks-whisky-auction.com\\\/en\\\/product\\\/mackmyra-identitet\\\/#breadcrumb\",\"itemListElement\":[{\"@type\":\"ListItem\",\"position\":1,\"name\":\"Startseite\",\"item\":\"https:\\\/\\\/www.dramfolks-whisky-auction.com\\\/en\\\/\"},{\"@type\":\"ListItem\",\"position\":2,\"name\":\"Shop\",\"item\":\"https:\\\/\\\/www.dramfolks-whisky-auction.com\\\/en\\\/shop\\\/\"},{\"@type\":\"ListItem\",\"position\":3,\"name\":\"Mackmyra &#8211; Identitet\"}]},{\"@type\":\"WebSite\",\"@id\":\"https:\\\/\\\/www.dramfolks-whisky-auction.com\\\/en\\\/#website\",\"url\":\"https:\\\/\\\/www.dramfolks-whisky-auction.com\\\/en\\\/\",\"name\":\"Dramfolks Whisky Auction\",\"description\":\"\",\"potentialAction\":[{\"@type\":\"SearchAction\",\"target\":{\"@type\":\"EntryPoint\",\"urlTemplate\":\"https:\\\/\\\/www.dramfolks-whisky-auction.com\\\/en\\\/?s={search_term_string}\"},\"query-input\":{\"@type\":\"PropertyValueSpecification\",\"valueRequired\":true,\"valueName\":\"search_term_string\"}}],\"inLanguage\":\"en-US\"}]}<\/script>\n<!-- \/ Yoast SEO plugin. -->","yoast_head_json":{"title":"Mackmyra - Identitet - Dramfolks Whisky Auction","robots":{"index":"index","follow":"follow","max-snippet":"max-snippet:-1","max-image-preview":"max-image-preview:large","max-video-preview":"max-video-preview:-1"},"canonical":"https:\/\/www.dramfolks-whisky-auction.com\/en\/product\/mackmyra-identitet\/","og_locale":"en_US","og_type":"article","og_title":"Mackmyra - Identitet - Dramfolks Whisky Auction","og_description":"Destille: Mackmyra Mackmyra Whisky ist eine schwedische Single Malt Whisky-Destillerie. Benannt ist es nach dem Dorf und Herrenhaus von Mackmyra, wo die erste Destillerie gegr\u00fcndet wurde, im Wohnviertel Valbo, s\u00fcdwestlich von G\u00e4vle. Mackmyra Svensk Whisky AB ist ein b\u00f6rsennotiertes Unternehmen, das im Dezember 2011 an der Nasdaq OMXs alternativem Investmentmarkt First North notiert wurde. Das[...]","og_url":"https:\/\/www.dramfolks-whisky-auction.com\/en\/product\/mackmyra-identitet\/","og_site_name":"Dramfolks Whisky Auction","article_modified_time":"2023-12-07T18:45:07+00:00","og_image":[{"width":2560,"height":2048,"url":"https:\/\/www.dramfolks-whisky-auction.com\/wp-content\/uploads\/2023\/11\/Mackmyra-vorne-scaled.jpg","type":"image\/jpeg"}],"twitter_card":"summary_large_image","twitter_misc":{"Est. reading time":"3 minutes"},"schema":{"@context":"https:\/\/schema.org","@graph":[{"@type":"WebPage","@id":"https:\/\/www.dramfolks-whisky-auction.com\/en\/product\/mackmyra-identitet\/","url":"https:\/\/www.dramfolks-whisky-auction.com\/en\/product\/mackmyra-identitet\/","name":"Mackmyra - Identitet - Dramfolks Whisky Auction","isPartOf":{"@id":"https:\/\/www.dramfolks-whisky-auction.com\/en\/#website"},"primaryImageOfPage":{"@id":"https:\/\/www.dramfolks-whisky-auction.com\/en\/product\/mackmyra-identitet\/#primaryimage"},"image":{"@id":"https:\/\/www.dramfolks-whisky-auction.com\/en\/product\/mackmyra-identitet\/#primaryimage"},"thumbnailUrl":"https:\/\/www.dramfolks-whisky-auction.com\/wp-content\/uploads\/2023\/11\/Mackmyra-vorne-scaled.jpg","datePublished":"2023-11-10T20:48:15+00:00","dateModified":"2023-12-07T18:45:07+00:00","breadcrumb":{"@id":"https:\/\/www.dramfolks-whisky-auction.com\/en\/product\/mackmyra-identitet\/#breadcrumb"},"inLanguage":"en-US","potentialAction":[{"@type":"ReadAction","target":["https:\/\/www.dramfolks-whisky-auction.com\/en\/product\/mackmyra-identitet\/"]}]},{"@type":"ImageObject","inLanguage":"en-US","@id":"https:\/\/www.dramfolks-whisky-auction.com\/en\/product\/mackmyra-identitet\/#primaryimage","url":"https:\/\/www.dramfolks-whisky-auction.com\/wp-content\/uploads\/2023\/11\/Mackmyra-vorne-scaled.jpg","contentUrl":"https:\/\/www.dramfolks-whisky-auction.com\/wp-content\/uploads\/2023\/11\/Mackmyra-vorne-scaled.jpg","width":2560,"height":2048},{"@type":"BreadcrumbList","@id":"https:\/\/www.dramfolks-whisky-auction.com\/en\/product\/mackmyra-identitet\/#breadcrumb","itemListElement":[{"@type":"ListItem","position":1,"name":"Startseite","item":"https:\/\/www.dramfolks-whisky-auction.com\/en\/"},{"@type":"ListItem","position":2,"name":"Shop","item":"https:\/\/www.dramfolks-whisky-auction.com\/en\/shop\/"},{"@type":"ListItem","position":3,"name":"Mackmyra &#8211; Identitet"}]},{"@type":"WebSite","@id":"https:\/\/www.dramfolks-whisky-auction.com\/en\/#website","url":"https:\/\/www.dramfolks-whisky-auction.com\/en\/","name":"Dramfolks Whisky Auction","description":"","potentialAction":[{"@type":"SearchAction","target":{"@type":"EntryPoint","urlTemplate":"https:\/\/www.dramfolks-whisky-auction.com\/en\/?s={search_term_string}"},"query-input":{"@type":"PropertyValueSpecification","valueRequired":true,"valueName":"search_term_string"}}],"inLanguage":"en-US"}]}},"_links":{"self":[{"href":"https:\/\/www.dramfolks-whisky-auction.com\/en\/wp-json\/wp\/v2\/product\/4566","targetHints":{"allow":["GET"]}}],"collection":[{"href":"https:\/\/www.dramfolks-whisky-auction.com\/en\/wp-json\/wp\/v2\/product"}],"about":[{"href":"https:\/\/www.dramfolks-whisky-auction.com\/en\/wp-json\/wp\/v2\/types\/product"}],"replies":[{"embeddable":true,"href":"https:\/\/www.dramfolks-whisky-auction.com\/en\/wp-json\/wp\/v2\/comments?post=4566"}],"wp:featuredmedia":[{"embeddable":true,"href":"https:\/\/www.dramfolks-whisky-auction.com\/en\/wp-json\/wp\/v2\/media\/4567"}],"wp:attachment":[{"href":"https:\/\/www.dramfolks-whisky-auction.com\/en\/wp-json\/wp\/v2\/media?parent=4566"}],"wp:term":[{"taxonomy":"product_brand","embeddable":true,"href":"https:\/\/www.dramfolks-whisky-auction.com\/en\/wp-json\/wp\/v2\/product_brand?post=4566"},{"taxonomy":"product_cat","embeddable":true,"href":"https:\/\/www.dramfolks-whisky-auction.com\/en\/wp-json\/wp\/v2\/product_cat?post=4566"},{"taxonomy":"product_tag","embeddable":true,"href":"https:\/\/www.dramfolks-whisky-auction.com\/en\/wp-json\/wp\/v2\/product_tag?post=4566"}],"curies":[{"name":"wp","href":"https:\/\/api.w.org\/{rel}","templated":true}]}}