{"id":4548,"date":"2023-11-09T22:02:43","date_gmt":"2023-11-09T21:02:43","guid":{"rendered":"https:\/\/www.dramfolks-whisky-auction.com\/?post_type=product&#038;p=4548"},"modified":"2023-11-26T19:00:16","modified_gmt":"2023-11-26T18:00:16","slug":"willett-distillery-willett-pot-still-reserve","status":"publish","type":"product","link":"https:\/\/www.dramfolks-whisky-auction.com\/en\/product\/willett-distillery-willett-pot-still-reserve\/","title":{"rendered":"Willett Distillery &#8211; Willett Pot Still Reserve"},"content":{"rendered":"<p><strong>Destille: Willett Distillery<br \/>\n<\/strong>Die Marke Willett Bourbon stammt aus Bardstown, Kentucky und geh\u00f6rt der Kentucky Bourbon Distillers Ltd.. Das Unternehmen stellt einen sehr feinen Kentucky Bourbon her. Aus derselben Destillerie stammen noch andere, sehr hochwertige Bourbon Whisky wie zum Beispiel die Johnny Drum Bourbon, Old Barstown und noch weitere Abf\u00fcllungen. Eigent\u00fcmer sind die Familien Willett und Kulsveen die seit sehr langer Zeit in der Gemeinde Bardstown zuhause sind. Die erste Destillerie unter dem Namen Willett er\u00f6ffnete im Jahr 1936 kurz nach dem Ende der Prohibition. Die heutige Whiskey Destillerie stammt jedoch aus dem Jahr 2012 und ist noch ein sehr junger Betrieb.<\/p>\n<p><strong>Fun Fakt:\u00a0\u00a0<\/strong>Dieser hoch-pr\u00e4mierte Willet Pot Still Bourbon Whisky wird in eine sehr au\u00dfergew\u00f6hnliche Flasche abgef\u00fcllt die einen klassischen Pot Still Brennkessel nachempfunden ist. In den USA ist der Willet Pot Still Bourbon l\u00e4ngst Kult und dort in den besten H\u00e4usern vorzufinden. Bei dem Willet Bourbon trift au\u00dfergew\u00f6hnliches Design aus gro\u00dfe Destillations Kunst.<\/p>\n<p><strong>Whisky\/Whiskey: Willett Pot Still Reserve<br \/>\n<\/strong>Der Willett Pot Still Reserve ist ein handgefertigter Kentucky Straight Bourbon, der in traditioneller Methode gefertigt wird. Dabei kommt nur bestes Kalkstein gefiltertes Quellwasser und sorgf\u00e4ltig ausgew\u00e4hltes Getreide und geheime Hefest\u00e4mme zum Einsatz. Der Willet Pot Still Bourbon Whiskey wird in neuen Wei\u00df-Eichenf\u00e4ssern gelagert und dann von Hand in eine au\u00dfergew\u00f6hnlich sch\u00f6ne Flasche verbracht. Jede Willet Pot Still Flasche ist von Hand nummeriert und wird mit 47% Volumen und einem Inhalt von 750 ml. abgef\u00fcllt. Es handelt sich hier um Batch 18D1.<\/p>\n<p><strong>Info Qualit\u00e4t der Flasche:<\/strong> Exzellent &#8211; ohne Besch\u00e4digungen \/ <strong>F\u00fcllstand: <\/strong>Into neck<br \/>\n<strong>Info Qualit\u00e4t der Box:<\/strong> keine Box vorhanden<strong><br \/>\n<\/strong><\/p>\n<p><strong>Wichtiger Hinweis:<\/strong> Die Bewertung der Flaschen und Boxen erfolgt nach \u201ebesten Wissen und Gewissen\u201c. dramfolks kann keine Gew\u00e4hrleistung f\u00fcr den Inhalt der Flaschen \u00fcbernehmen. Weitere Infos &amp; Hinweise finden Sie in unseren AGBs. Wir empfehlen Ihnen, vor der Abgabe von Geboten \u00fcber die Zoomfunktion eine Besichtigung \/ genaue Pr\u00fcfung des angebotenen Whiskys vorzunehmen. Bitte kontaktieren sie uns bei Fragen direkt unter info@dramfolks.com<\/p>\n","protected":false},"excerpt":{"rendered":"<p>Destille: Willett Distillery Die Marke Willett Bourbon stammt aus Bardstown, Kentucky und geh\u00f6rt der Kentucky Bourbon Distillers Ltd.. Das Unternehmen stellt einen sehr feinen Kentucky Bourbon her. Aus derselben Destillerie stammen noch andere, sehr hochwertige Bourbon Whisky wie zum Beispiel die Johnny Drum Bourbon, Old Barstown und noch weitere Abf\u00fcllungen. Eigent\u00fcmer sind die Familien Willett[&#8230;]\n","protected":false},"featured_media":4549,"comment_status":"closed","ping_status":"closed","template":"","meta":[],"product_brand":[],"product_cat":[604],"product_tag":[],"class_list":{"0":"post-4548","1":"product","2":"type-product","3":"status-publish","4":"has-post-thumbnail","6":"product_cat-no-7","8":"first","9":"instock","10":"shipping-taxable","11":"purchasable","12":"product-type-auction"},"yoast_head":"<!-- This site is optimized with the Yoast SEO plugin v27.4 - https:\/\/yoast.com\/product\/yoast-seo-wordpress\/ -->\n<title>Willett Distillery - Willett Pot Still Reserve - Dramfolks Whisky Auction<\/title>\n<meta name=\"robots\" content=\"index, follow, max-snippet:-1, max-image-preview:large, max-video-preview:-1\" \/>\n<link rel=\"canonical\" href=\"https:\/\/www.dramfolks-whisky-auction.com\/en\/product\/willett-distillery-willett-pot-still-reserve\/\" \/>\n<meta property=\"og:locale\" content=\"en_US\" \/>\n<meta property=\"og:type\" content=\"article\" \/>\n<meta property=\"og:title\" content=\"Willett Distillery - Willett Pot Still Reserve - Dramfolks Whisky Auction\" \/>\n<meta property=\"og:description\" content=\"Destille: Willett Distillery Die Marke Willett Bourbon stammt aus Bardstown, Kentucky und geh\u00f6rt der Kentucky Bourbon Distillers Ltd.. Das Unternehmen stellt einen sehr feinen Kentucky Bourbon her. Aus derselben Destillerie stammen noch andere, sehr hochwertige Bourbon Whisky wie zum Beispiel die Johnny Drum Bourbon, Old Barstown und noch weitere Abf\u00fcllungen. Eigent\u00fcmer sind die Familien Willett[...]\" \/>\n<meta property=\"og:url\" content=\"https:\/\/www.dramfolks-whisky-auction.com\/en\/product\/willett-distillery-willett-pot-still-reserve\/\" \/>\n<meta property=\"og:site_name\" content=\"Dramfolks Whisky Auction\" \/>\n<meta property=\"article:modified_time\" content=\"2023-11-26T18:00:16+00:00\" \/>\n<meta property=\"og:image\" content=\"https:\/\/www.dramfolks-whisky-auction.com\/wp-content\/uploads\/2023\/11\/Willet-vorne-scaled.jpg\" \/>\n\t<meta property=\"og:image:width\" content=\"2048\" \/>\n\t<meta property=\"og:image:height\" content=\"2560\" \/>\n\t<meta property=\"og:image:type\" content=\"image\/jpeg\" \/>\n<meta name=\"twitter:card\" content=\"summary_large_image\" \/>\n<meta name=\"twitter:label1\" content=\"Est. reading time\" \/>\n\t<meta name=\"twitter:data1\" content=\"2 minutes\" \/>\n<script type=\"application\/ld+json\" class=\"yoast-schema-graph\">{\"@context\":\"https:\\\/\\\/schema.org\",\"@graph\":[{\"@type\":\"WebPage\",\"@id\":\"https:\\\/\\\/www.dramfolks-whisky-auction.com\\\/en\\\/product\\\/willett-distillery-willett-pot-still-reserve\\\/\",\"url\":\"https:\\\/\\\/www.dramfolks-whisky-auction.com\\\/en\\\/product\\\/willett-distillery-willett-pot-still-reserve\\\/\",\"name\":\"Willett Distillery - Willett Pot Still Reserve - Dramfolks Whisky Auction\",\"isPartOf\":{\"@id\":\"https:\\\/\\\/www.dramfolks-whisky-auction.com\\\/en\\\/#website\"},\"primaryImageOfPage\":{\"@id\":\"https:\\\/\\\/www.dramfolks-whisky-auction.com\\\/en\\\/product\\\/willett-distillery-willett-pot-still-reserve\\\/#primaryimage\"},\"image\":{\"@id\":\"https:\\\/\\\/www.dramfolks-whisky-auction.com\\\/en\\\/product\\\/willett-distillery-willett-pot-still-reserve\\\/#primaryimage\"},\"thumbnailUrl\":\"https:\\\/\\\/www.dramfolks-whisky-auction.com\\\/wp-content\\\/uploads\\\/2023\\\/11\\\/Willet-vorne-scaled.jpg\",\"datePublished\":\"2023-11-09T21:02:43+00:00\",\"dateModified\":\"2023-11-26T18:00:16+00:00\",\"breadcrumb\":{\"@id\":\"https:\\\/\\\/www.dramfolks-whisky-auction.com\\\/en\\\/product\\\/willett-distillery-willett-pot-still-reserve\\\/#breadcrumb\"},\"inLanguage\":\"en-US\",\"potentialAction\":[{\"@type\":\"ReadAction\",\"target\":[\"https:\\\/\\\/www.dramfolks-whisky-auction.com\\\/en\\\/product\\\/willett-distillery-willett-pot-still-reserve\\\/\"]}]},{\"@type\":\"ImageObject\",\"inLanguage\":\"en-US\",\"@id\":\"https:\\\/\\\/www.dramfolks-whisky-auction.com\\\/en\\\/product\\\/willett-distillery-willett-pot-still-reserve\\\/#primaryimage\",\"url\":\"https:\\\/\\\/www.dramfolks-whisky-auction.com\\\/wp-content\\\/uploads\\\/2023\\\/11\\\/Willet-vorne-scaled.jpg\",\"contentUrl\":\"https:\\\/\\\/www.dramfolks-whisky-auction.com\\\/wp-content\\\/uploads\\\/2023\\\/11\\\/Willet-vorne-scaled.jpg\",\"width\":2048,\"height\":2560},{\"@type\":\"BreadcrumbList\",\"@id\":\"https:\\\/\\\/www.dramfolks-whisky-auction.com\\\/en\\\/product\\\/willett-distillery-willett-pot-still-reserve\\\/#breadcrumb\",\"itemListElement\":[{\"@type\":\"ListItem\",\"position\":1,\"name\":\"Startseite\",\"item\":\"https:\\\/\\\/www.dramfolks-whisky-auction.com\\\/en\\\/\"},{\"@type\":\"ListItem\",\"position\":2,\"name\":\"Shop\",\"item\":\"https:\\\/\\\/www.dramfolks-whisky-auction.com\\\/en\\\/shop\\\/\"},{\"@type\":\"ListItem\",\"position\":3,\"name\":\"Willett Distillery &#8211; Willett Pot Still Reserve\"}]},{\"@type\":\"WebSite\",\"@id\":\"https:\\\/\\\/www.dramfolks-whisky-auction.com\\\/en\\\/#website\",\"url\":\"https:\\\/\\\/www.dramfolks-whisky-auction.com\\\/en\\\/\",\"name\":\"Dramfolks Whisky Auction\",\"description\":\"\",\"potentialAction\":[{\"@type\":\"SearchAction\",\"target\":{\"@type\":\"EntryPoint\",\"urlTemplate\":\"https:\\\/\\\/www.dramfolks-whisky-auction.com\\\/en\\\/?s={search_term_string}\"},\"query-input\":{\"@type\":\"PropertyValueSpecification\",\"valueRequired\":true,\"valueName\":\"search_term_string\"}}],\"inLanguage\":\"en-US\"}]}<\/script>\n<!-- \/ Yoast SEO plugin. -->","yoast_head_json":{"title":"Willett Distillery - Willett Pot Still Reserve - Dramfolks Whisky Auction","robots":{"index":"index","follow":"follow","max-snippet":"max-snippet:-1","max-image-preview":"max-image-preview:large","max-video-preview":"max-video-preview:-1"},"canonical":"https:\/\/www.dramfolks-whisky-auction.com\/en\/product\/willett-distillery-willett-pot-still-reserve\/","og_locale":"en_US","og_type":"article","og_title":"Willett Distillery - Willett Pot Still Reserve - Dramfolks Whisky Auction","og_description":"Destille: Willett Distillery Die Marke Willett Bourbon stammt aus Bardstown, Kentucky und geh\u00f6rt der Kentucky Bourbon Distillers Ltd.. Das Unternehmen stellt einen sehr feinen Kentucky Bourbon her. Aus derselben Destillerie stammen noch andere, sehr hochwertige Bourbon Whisky wie zum Beispiel die Johnny Drum Bourbon, Old Barstown und noch weitere Abf\u00fcllungen. Eigent\u00fcmer sind die Familien Willett[...]","og_url":"https:\/\/www.dramfolks-whisky-auction.com\/en\/product\/willett-distillery-willett-pot-still-reserve\/","og_site_name":"Dramfolks Whisky Auction","article_modified_time":"2023-11-26T18:00:16+00:00","og_image":[{"width":2048,"height":2560,"url":"https:\/\/www.dramfolks-whisky-auction.com\/wp-content\/uploads\/2023\/11\/Willet-vorne-scaled.jpg","type":"image\/jpeg"}],"twitter_card":"summary_large_image","twitter_misc":{"Est. reading time":"2 minutes"},"schema":{"@context":"https:\/\/schema.org","@graph":[{"@type":"WebPage","@id":"https:\/\/www.dramfolks-whisky-auction.com\/en\/product\/willett-distillery-willett-pot-still-reserve\/","url":"https:\/\/www.dramfolks-whisky-auction.com\/en\/product\/willett-distillery-willett-pot-still-reserve\/","name":"Willett Distillery - Willett Pot Still Reserve - Dramfolks Whisky Auction","isPartOf":{"@id":"https:\/\/www.dramfolks-whisky-auction.com\/en\/#website"},"primaryImageOfPage":{"@id":"https:\/\/www.dramfolks-whisky-auction.com\/en\/product\/willett-distillery-willett-pot-still-reserve\/#primaryimage"},"image":{"@id":"https:\/\/www.dramfolks-whisky-auction.com\/en\/product\/willett-distillery-willett-pot-still-reserve\/#primaryimage"},"thumbnailUrl":"https:\/\/www.dramfolks-whisky-auction.com\/wp-content\/uploads\/2023\/11\/Willet-vorne-scaled.jpg","datePublished":"2023-11-09T21:02:43+00:00","dateModified":"2023-11-26T18:00:16+00:00","breadcrumb":{"@id":"https:\/\/www.dramfolks-whisky-auction.com\/en\/product\/willett-distillery-willett-pot-still-reserve\/#breadcrumb"},"inLanguage":"en-US","potentialAction":[{"@type":"ReadAction","target":["https:\/\/www.dramfolks-whisky-auction.com\/en\/product\/willett-distillery-willett-pot-still-reserve\/"]}]},{"@type":"ImageObject","inLanguage":"en-US","@id":"https:\/\/www.dramfolks-whisky-auction.com\/en\/product\/willett-distillery-willett-pot-still-reserve\/#primaryimage","url":"https:\/\/www.dramfolks-whisky-auction.com\/wp-content\/uploads\/2023\/11\/Willet-vorne-scaled.jpg","contentUrl":"https:\/\/www.dramfolks-whisky-auction.com\/wp-content\/uploads\/2023\/11\/Willet-vorne-scaled.jpg","width":2048,"height":2560},{"@type":"BreadcrumbList","@id":"https:\/\/www.dramfolks-whisky-auction.com\/en\/product\/willett-distillery-willett-pot-still-reserve\/#breadcrumb","itemListElement":[{"@type":"ListItem","position":1,"name":"Startseite","item":"https:\/\/www.dramfolks-whisky-auction.com\/en\/"},{"@type":"ListItem","position":2,"name":"Shop","item":"https:\/\/www.dramfolks-whisky-auction.com\/en\/shop\/"},{"@type":"ListItem","position":3,"name":"Willett Distillery &#8211; Willett Pot Still Reserve"}]},{"@type":"WebSite","@id":"https:\/\/www.dramfolks-whisky-auction.com\/en\/#website","url":"https:\/\/www.dramfolks-whisky-auction.com\/en\/","name":"Dramfolks Whisky Auction","description":"","potentialAction":[{"@type":"SearchAction","target":{"@type":"EntryPoint","urlTemplate":"https:\/\/www.dramfolks-whisky-auction.com\/en\/?s={search_term_string}"},"query-input":{"@type":"PropertyValueSpecification","valueRequired":true,"valueName":"search_term_string"}}],"inLanguage":"en-US"}]}},"_links":{"self":[{"href":"https:\/\/www.dramfolks-whisky-auction.com\/en\/wp-json\/wp\/v2\/product\/4548","targetHints":{"allow":["GET"]}}],"collection":[{"href":"https:\/\/www.dramfolks-whisky-auction.com\/en\/wp-json\/wp\/v2\/product"}],"about":[{"href":"https:\/\/www.dramfolks-whisky-auction.com\/en\/wp-json\/wp\/v2\/types\/product"}],"replies":[{"embeddable":true,"href":"https:\/\/www.dramfolks-whisky-auction.com\/en\/wp-json\/wp\/v2\/comments?post=4548"}],"wp:featuredmedia":[{"embeddable":true,"href":"https:\/\/www.dramfolks-whisky-auction.com\/en\/wp-json\/wp\/v2\/media\/4549"}],"wp:attachment":[{"href":"https:\/\/www.dramfolks-whisky-auction.com\/en\/wp-json\/wp\/v2\/media?parent=4548"}],"wp:term":[{"taxonomy":"product_brand","embeddable":true,"href":"https:\/\/www.dramfolks-whisky-auction.com\/en\/wp-json\/wp\/v2\/product_brand?post=4548"},{"taxonomy":"product_cat","embeddable":true,"href":"https:\/\/www.dramfolks-whisky-auction.com\/en\/wp-json\/wp\/v2\/product_cat?post=4548"},{"taxonomy":"product_tag","embeddable":true,"href":"https:\/\/www.dramfolks-whisky-auction.com\/en\/wp-json\/wp\/v2\/product_tag?post=4548"}],"curies":[{"name":"wp","href":"https:\/\/api.w.org\/{rel}","templated":true}]}}