{"id":4462,"date":"2023-11-08T21:53:48","date_gmt":"2023-11-08T20:53:48","guid":{"rendered":"https:\/\/www.dramfolks-whisky-auction.com\/?post_type=product&#038;p=4462"},"modified":"2023-11-26T19:00:14","modified_gmt":"2023-11-26T18:00:14","slug":"michters-us1-unblended-american-whiskey","status":"publish","type":"product","link":"https:\/\/www.dramfolks-whisky-auction.com\/en\/product\/michters-us1-unblended-american-whiskey\/","title":{"rendered":"Michter&#8217;s &#8211; US*1 Unblended American Whiskey"},"content":{"rendered":"<p><strong>Destille: Michter&#8217;s<br \/>\n<\/strong>Die Michter&#8217;s Brennerei liegt in der Stadt Schaefferstown zwischen Philadelphia und Harrisburg. Sie wurde bereits im Jahre 1753 gegr\u00fcndet. 1988 musste die Brennerei schlie\u00dfen, da sie in wirtschaftliche Schwierigkeiten geriet. Adolf Hirsch kaufte 1974 die Lagerbest\u00e4nde auf und bringt seitdem \u00e4ltere Abf\u00fcllungen auf den Markt. <span class=\"a-list-item\">Kein Michter\u2019s Whiskey wird ver\u00f6ffentlicht, bis Michter\u2018s Master Distiller Dan McKee und die Michter\u2018s Verkostungsjury ihn f\u00fcr geeignet erkl\u00e4ren.<\/span><\/p>\n<p><strong>Fun Fakt:\u00a0\u00a0<\/strong>Im Juli 1980 wurde die Brennerei vom amerikanischen Innenministerium zum Kulturdenkmal erkl\u00e4rt (wie Maker\u2019s Mark, Jack Daniel&#8217;s und George Dickel). Zu dieser Zeit war sie die \u00e4lteste sich im Betrieb befindliche <span class=\"tx-datamintslossaryextension-no-replacement\">Brennerei<\/span> Amerikas. Bis zum Bankrott im Jahr 1989 wurde der &#8220;Sour Mash Whiskey&#8221; noch auf dieselbe traditionelle Art produziert, wie es schon im 19 Jahrhundert.<\/p>\n<p><strong>Whisky\/Whiskey: US*1 Unblended American Whiskey<br \/>\n<\/strong><span class=\"a-list-item\">Die US*1-Linie ist benannt, um Michter\u2018s Erbe zu ehren und an Amerikas erste Whiskey Destillerie zu erinnern. Sie besteht aus den besten Einzelfassabf\u00fcllungen. <\/span>Michter&#8217;s Bourbon wird in kleinen Batches hergestellt, in jeder Charge werden nicht mehr als 24 F\u00e4sser verwendet. Michter&#8217;s US*1 American Whiskey ist eine Spezialit\u00e4t der Brennerei und ihres Master Distiller&#8217;s Willie Pratt. W\u00e4hrend Bourbon und Rye Whiskey stets in neuen, zuvor unbenutzten F\u00e4ssern aus amerikanischer Wei\u00dfeiche reifen m\u00fcssen, wurden f\u00fcr die Reifung des Unblended American Whiskey F\u00e4sser verwendet, die zuvor Bourbon enthalten haben, sodass das Holz noch von diesem durchzogen ist, was somit wiederum die Reifung entscheidend beeinflusst. Es handelt sich hier um Batch L21\/K3027.<\/p>\n<p><strong>Info Qualit\u00e4t der Flasche:<\/strong> Exzellent &#8211; ohne Besch\u00e4digungen \/ <strong>F\u00fcllstand: <\/strong>Into neck<br \/>\n<strong>Info Qualit\u00e4t der Box:<\/strong> keine Box vorhanden<strong><br \/>\n<\/strong><\/p>\n<p><strong>Wichtiger Hinweis:<\/strong> Die Bewertung der Flaschen und Boxen erfolgt nach \u201ebesten Wissen und Gewissen\u201c. dramfolks kann keine Gew\u00e4hrleistung f\u00fcr den Inhalt der Flaschen \u00fcbernehmen. Weitere Infos &amp; Hinweise finden Sie in unseren AGBs. Wir empfehlen Ihnen, vor der Abgabe von Geboten \u00fcber die Zoomfunktion eine Besichtigung \/ genaue Pr\u00fcfung des angebotenen Whiskys vorzunehmen. Bitte kontaktieren sie uns bei Fragen direkt unter info@dramfolks.com<\/p>\n","protected":false},"excerpt":{"rendered":"<p>Destille: Michter&#8217;s Die Michter&#8217;s Brennerei liegt in der Stadt Schaefferstown zwischen Philadelphia und Harrisburg. Sie wurde bereits im Jahre 1753 gegr\u00fcndet. 1988 musste die Brennerei schlie\u00dfen, da sie in wirtschaftliche Schwierigkeiten geriet. Adolf Hirsch kaufte 1974 die Lagerbest\u00e4nde auf und bringt seitdem \u00e4ltere Abf\u00fcllungen auf den Markt. Kein Michter\u2019s Whiskey wird ver\u00f6ffentlicht, bis Michter\u2018s Master[&#8230;]\n","protected":false},"featured_media":4466,"comment_status":"closed","ping_status":"closed","template":"","meta":[],"product_brand":[],"product_cat":[604],"product_tag":[],"class_list":{"0":"post-4462","1":"product","2":"type-product","3":"status-publish","4":"has-post-thumbnail","6":"product_cat-no-7","8":"first","9":"instock","10":"shipping-taxable","11":"purchasable","12":"product-type-auction"},"yoast_head":"<!-- This site is optimized with the Yoast SEO plugin v27.4 - https:\/\/yoast.com\/product\/yoast-seo-wordpress\/ -->\n<title>Michter&#039;s - US*1 Unblended American Whiskey - Dramfolks Whisky Auction<\/title>\n<meta name=\"robots\" content=\"index, follow, max-snippet:-1, max-image-preview:large, max-video-preview:-1\" \/>\n<link rel=\"canonical\" href=\"https:\/\/www.dramfolks-whisky-auction.com\/en\/product\/michters-us1-unblended-american-whiskey\/\" \/>\n<meta property=\"og:locale\" content=\"en_US\" \/>\n<meta property=\"og:type\" content=\"article\" \/>\n<meta property=\"og:title\" content=\"Michter&#039;s - US*1 Unblended American Whiskey - Dramfolks Whisky Auction\" \/>\n<meta property=\"og:description\" content=\"Destille: Michter&#8217;s Die Michter&#8217;s Brennerei liegt in der Stadt Schaefferstown zwischen Philadelphia und Harrisburg. Sie wurde bereits im Jahre 1753 gegr\u00fcndet. 1988 musste die Brennerei schlie\u00dfen, da sie in wirtschaftliche Schwierigkeiten geriet. Adolf Hirsch kaufte 1974 die Lagerbest\u00e4nde auf und bringt seitdem \u00e4ltere Abf\u00fcllungen auf den Markt. Kein Michter\u2019s Whiskey wird ver\u00f6ffentlicht, bis Michter\u2018s Master[...]\" \/>\n<meta property=\"og:url\" content=\"https:\/\/www.dramfolks-whisky-auction.com\/en\/product\/michters-us1-unblended-american-whiskey\/\" \/>\n<meta property=\"og:site_name\" content=\"Dramfolks Whisky Auction\" \/>\n<meta property=\"article:modified_time\" content=\"2023-11-26T18:00:14+00:00\" \/>\n<meta property=\"og:image\" content=\"https:\/\/www.dramfolks-whisky-auction.com\/wp-content\/uploads\/2023\/11\/Michters-American-vorne-1-scaled.jpg\" \/>\n\t<meta property=\"og:image:width\" content=\"2048\" \/>\n\t<meta property=\"og:image:height\" content=\"2560\" \/>\n\t<meta property=\"og:image:type\" content=\"image\/jpeg\" \/>\n<meta name=\"twitter:card\" content=\"summary_large_image\" \/>\n<meta name=\"twitter:label1\" content=\"Est. reading time\" \/>\n\t<meta name=\"twitter:data1\" content=\"2 minutes\" \/>\n<script type=\"application\/ld+json\" class=\"yoast-schema-graph\">{\"@context\":\"https:\\\/\\\/schema.org\",\"@graph\":[{\"@type\":\"WebPage\",\"@id\":\"https:\\\/\\\/www.dramfolks-whisky-auction.com\\\/en\\\/product\\\/michters-us1-unblended-american-whiskey\\\/\",\"url\":\"https:\\\/\\\/www.dramfolks-whisky-auction.com\\\/en\\\/product\\\/michters-us1-unblended-american-whiskey\\\/\",\"name\":\"Michter's - US*1 Unblended American Whiskey - Dramfolks Whisky Auction\",\"isPartOf\":{\"@id\":\"https:\\\/\\\/www.dramfolks-whisky-auction.com\\\/en\\\/#website\"},\"primaryImageOfPage\":{\"@id\":\"https:\\\/\\\/www.dramfolks-whisky-auction.com\\\/en\\\/product\\\/michters-us1-unblended-american-whiskey\\\/#primaryimage\"},\"image\":{\"@id\":\"https:\\\/\\\/www.dramfolks-whisky-auction.com\\\/en\\\/product\\\/michters-us1-unblended-american-whiskey\\\/#primaryimage\"},\"thumbnailUrl\":\"https:\\\/\\\/www.dramfolks-whisky-auction.com\\\/wp-content\\\/uploads\\\/2023\\\/11\\\/Michters-American-vorne-1-scaled.jpg\",\"datePublished\":\"2023-11-08T20:53:48+00:00\",\"dateModified\":\"2023-11-26T18:00:14+00:00\",\"breadcrumb\":{\"@id\":\"https:\\\/\\\/www.dramfolks-whisky-auction.com\\\/en\\\/product\\\/michters-us1-unblended-american-whiskey\\\/#breadcrumb\"},\"inLanguage\":\"en-US\",\"potentialAction\":[{\"@type\":\"ReadAction\",\"target\":[\"https:\\\/\\\/www.dramfolks-whisky-auction.com\\\/en\\\/product\\\/michters-us1-unblended-american-whiskey\\\/\"]}]},{\"@type\":\"ImageObject\",\"inLanguage\":\"en-US\",\"@id\":\"https:\\\/\\\/www.dramfolks-whisky-auction.com\\\/en\\\/product\\\/michters-us1-unblended-american-whiskey\\\/#primaryimage\",\"url\":\"https:\\\/\\\/www.dramfolks-whisky-auction.com\\\/wp-content\\\/uploads\\\/2023\\\/11\\\/Michters-American-vorne-1-scaled.jpg\",\"contentUrl\":\"https:\\\/\\\/www.dramfolks-whisky-auction.com\\\/wp-content\\\/uploads\\\/2023\\\/11\\\/Michters-American-vorne-1-scaled.jpg\",\"width\":2048,\"height\":2560},{\"@type\":\"BreadcrumbList\",\"@id\":\"https:\\\/\\\/www.dramfolks-whisky-auction.com\\\/en\\\/product\\\/michters-us1-unblended-american-whiskey\\\/#breadcrumb\",\"itemListElement\":[{\"@type\":\"ListItem\",\"position\":1,\"name\":\"Startseite\",\"item\":\"https:\\\/\\\/www.dramfolks-whisky-auction.com\\\/en\\\/\"},{\"@type\":\"ListItem\",\"position\":2,\"name\":\"Shop\",\"item\":\"https:\\\/\\\/www.dramfolks-whisky-auction.com\\\/en\\\/shop\\\/\"},{\"@type\":\"ListItem\",\"position\":3,\"name\":\"Michter&#8217;s &#8211; US*1 Unblended American Whiskey\"}]},{\"@type\":\"WebSite\",\"@id\":\"https:\\\/\\\/www.dramfolks-whisky-auction.com\\\/en\\\/#website\",\"url\":\"https:\\\/\\\/www.dramfolks-whisky-auction.com\\\/en\\\/\",\"name\":\"Dramfolks Whisky Auction\",\"description\":\"\",\"potentialAction\":[{\"@type\":\"SearchAction\",\"target\":{\"@type\":\"EntryPoint\",\"urlTemplate\":\"https:\\\/\\\/www.dramfolks-whisky-auction.com\\\/en\\\/?s={search_term_string}\"},\"query-input\":{\"@type\":\"PropertyValueSpecification\",\"valueRequired\":true,\"valueName\":\"search_term_string\"}}],\"inLanguage\":\"en-US\"}]}<\/script>\n<!-- \/ Yoast SEO plugin. -->","yoast_head_json":{"title":"Michter's - US*1 Unblended American Whiskey - Dramfolks Whisky Auction","robots":{"index":"index","follow":"follow","max-snippet":"max-snippet:-1","max-image-preview":"max-image-preview:large","max-video-preview":"max-video-preview:-1"},"canonical":"https:\/\/www.dramfolks-whisky-auction.com\/en\/product\/michters-us1-unblended-american-whiskey\/","og_locale":"en_US","og_type":"article","og_title":"Michter's - US*1 Unblended American Whiskey - Dramfolks Whisky Auction","og_description":"Destille: Michter&#8217;s Die Michter&#8217;s Brennerei liegt in der Stadt Schaefferstown zwischen Philadelphia und Harrisburg. Sie wurde bereits im Jahre 1753 gegr\u00fcndet. 1988 musste die Brennerei schlie\u00dfen, da sie in wirtschaftliche Schwierigkeiten geriet. Adolf Hirsch kaufte 1974 die Lagerbest\u00e4nde auf und bringt seitdem \u00e4ltere Abf\u00fcllungen auf den Markt. Kein Michter\u2019s Whiskey wird ver\u00f6ffentlicht, bis Michter\u2018s Master[...]","og_url":"https:\/\/www.dramfolks-whisky-auction.com\/en\/product\/michters-us1-unblended-american-whiskey\/","og_site_name":"Dramfolks Whisky Auction","article_modified_time":"2023-11-26T18:00:14+00:00","og_image":[{"width":2048,"height":2560,"url":"https:\/\/www.dramfolks-whisky-auction.com\/wp-content\/uploads\/2023\/11\/Michters-American-vorne-1-scaled.jpg","type":"image\/jpeg"}],"twitter_card":"summary_large_image","twitter_misc":{"Est. reading time":"2 minutes"},"schema":{"@context":"https:\/\/schema.org","@graph":[{"@type":"WebPage","@id":"https:\/\/www.dramfolks-whisky-auction.com\/en\/product\/michters-us1-unblended-american-whiskey\/","url":"https:\/\/www.dramfolks-whisky-auction.com\/en\/product\/michters-us1-unblended-american-whiskey\/","name":"Michter's - US*1 Unblended American Whiskey - Dramfolks Whisky Auction","isPartOf":{"@id":"https:\/\/www.dramfolks-whisky-auction.com\/en\/#website"},"primaryImageOfPage":{"@id":"https:\/\/www.dramfolks-whisky-auction.com\/en\/product\/michters-us1-unblended-american-whiskey\/#primaryimage"},"image":{"@id":"https:\/\/www.dramfolks-whisky-auction.com\/en\/product\/michters-us1-unblended-american-whiskey\/#primaryimage"},"thumbnailUrl":"https:\/\/www.dramfolks-whisky-auction.com\/wp-content\/uploads\/2023\/11\/Michters-American-vorne-1-scaled.jpg","datePublished":"2023-11-08T20:53:48+00:00","dateModified":"2023-11-26T18:00:14+00:00","breadcrumb":{"@id":"https:\/\/www.dramfolks-whisky-auction.com\/en\/product\/michters-us1-unblended-american-whiskey\/#breadcrumb"},"inLanguage":"en-US","potentialAction":[{"@type":"ReadAction","target":["https:\/\/www.dramfolks-whisky-auction.com\/en\/product\/michters-us1-unblended-american-whiskey\/"]}]},{"@type":"ImageObject","inLanguage":"en-US","@id":"https:\/\/www.dramfolks-whisky-auction.com\/en\/product\/michters-us1-unblended-american-whiskey\/#primaryimage","url":"https:\/\/www.dramfolks-whisky-auction.com\/wp-content\/uploads\/2023\/11\/Michters-American-vorne-1-scaled.jpg","contentUrl":"https:\/\/www.dramfolks-whisky-auction.com\/wp-content\/uploads\/2023\/11\/Michters-American-vorne-1-scaled.jpg","width":2048,"height":2560},{"@type":"BreadcrumbList","@id":"https:\/\/www.dramfolks-whisky-auction.com\/en\/product\/michters-us1-unblended-american-whiskey\/#breadcrumb","itemListElement":[{"@type":"ListItem","position":1,"name":"Startseite","item":"https:\/\/www.dramfolks-whisky-auction.com\/en\/"},{"@type":"ListItem","position":2,"name":"Shop","item":"https:\/\/www.dramfolks-whisky-auction.com\/en\/shop\/"},{"@type":"ListItem","position":3,"name":"Michter&#8217;s &#8211; US*1 Unblended American Whiskey"}]},{"@type":"WebSite","@id":"https:\/\/www.dramfolks-whisky-auction.com\/en\/#website","url":"https:\/\/www.dramfolks-whisky-auction.com\/en\/","name":"Dramfolks Whisky Auction","description":"","potentialAction":[{"@type":"SearchAction","target":{"@type":"EntryPoint","urlTemplate":"https:\/\/www.dramfolks-whisky-auction.com\/en\/?s={search_term_string}"},"query-input":{"@type":"PropertyValueSpecification","valueRequired":true,"valueName":"search_term_string"}}],"inLanguage":"en-US"}]}},"_links":{"self":[{"href":"https:\/\/www.dramfolks-whisky-auction.com\/en\/wp-json\/wp\/v2\/product\/4462","targetHints":{"allow":["GET"]}}],"collection":[{"href":"https:\/\/www.dramfolks-whisky-auction.com\/en\/wp-json\/wp\/v2\/product"}],"about":[{"href":"https:\/\/www.dramfolks-whisky-auction.com\/en\/wp-json\/wp\/v2\/types\/product"}],"replies":[{"embeddable":true,"href":"https:\/\/www.dramfolks-whisky-auction.com\/en\/wp-json\/wp\/v2\/comments?post=4462"}],"wp:featuredmedia":[{"embeddable":true,"href":"https:\/\/www.dramfolks-whisky-auction.com\/en\/wp-json\/wp\/v2\/media\/4466"}],"wp:attachment":[{"href":"https:\/\/www.dramfolks-whisky-auction.com\/en\/wp-json\/wp\/v2\/media?parent=4462"}],"wp:term":[{"taxonomy":"product_brand","embeddable":true,"href":"https:\/\/www.dramfolks-whisky-auction.com\/en\/wp-json\/wp\/v2\/product_brand?post=4462"},{"taxonomy":"product_cat","embeddable":true,"href":"https:\/\/www.dramfolks-whisky-auction.com\/en\/wp-json\/wp\/v2\/product_cat?post=4462"},{"taxonomy":"product_tag","embeddable":true,"href":"https:\/\/www.dramfolks-whisky-auction.com\/en\/wp-json\/wp\/v2\/product_tag?post=4462"}],"curies":[{"name":"wp","href":"https:\/\/api.w.org\/{rel}","templated":true}]}}