{"id":4386,"date":"2023-11-07T21:18:02","date_gmt":"2023-11-07T20:18:02","guid":{"rendered":"https:\/\/www.dramfolks-whisky-auction.com\/?post_type=product&#038;p=4386"},"modified":"2023-11-26T19:00:11","modified_gmt":"2023-11-26T18:00:11","slug":"grace-omalley-spirits-grace-omalley-rum-cask-irish-whiskey-2","status":"publish","type":"product","link":"https:\/\/www.dramfolks-whisky-auction.com\/en\/product\/grace-omalley-spirits-grace-omalley-rum-cask-irish-whiskey-2\/","title":{"rendered":"Grace O&#8217;Malley Spirits &#8211; Grace O&#8217;Malley Rum Cask Irish Whiskey"},"content":{"rendered":"<p><strong>Destille: Grace O&#8217;Malley Spirits<br \/>\n<\/strong>Der Gr\u00fcnder von Grace O&#8217;Malley Spirits, Stephen Cope, stammt aus der Grafschaft Mayo und ist mit den Geschichten der Piratenk\u00f6nigin von Irland aufgewachsen. Es sind Geschichten wie ihre, die er mit einer Marke irischer Spirituosen erz\u00e4hlen wollte, aber erst ein Treffen mit Stefan Hansen und Hendrick Melle von der Berliner Investmentgesellschaft PPI f\u00fchrte dazu, dass sich das Projekt beschleunigte und final umgesetzt wurde. Sie gr\u00fcndeten Grace O&#8217;Malley Spirits&#8230;<br \/>\nEs gibt Ideen, die schnell zeigen, dass die Zeit reif daf\u00fcr ist \u2013 die Geburt von Grace O&#8217;Malley Spirits geh\u00f6rt definitiv dazu. John Teeling, Besitzer der Great Northern Distillery, war von der Geschichte so begeistert, dass er den Whiskey-Unternehmern einen Liefervertrag anbot. Ein Anruf in Bordeaux brachte den weltbekannten Master Blender Paul Caris an Bord. Die Unternehmer erkannten erst sp\u00e4ter, welche Resonanz sein Name in der Spirituosenbranche hatte. Von Ann Chambers, der irischen Schriftstellerin und Biografin von Grace O&#8217;Malley, kam der Segen, das historische Wissen und der Kontakt mit Joan Mulloy, der ersten irischen Regattaseglerin und Ururenkelin von Grace O&#8217;Malley.<br \/>\nWenige Jahre sp\u00e4ter ist Grace O&#8217;Malley einer der etablierten Namen im irischen Whiskey, eine der meistpr\u00e4mierten Spirituosen der letzten Jahre und findet Freunde in \u00fcber 23 L\u00e4ndern.<\/p>\n<p><strong>Fun Fakt:<\/strong> Grace O&#8217;Malley ist der erste irische Whiskey, der nach einer Frau benannt wurde. Es gibt eine Geschichte \u00fcber diese Freibeuterin, die eine Besonderheit in der Saga von Grace O&#8217;Malley Spirits einnimmt&#8230; Sie besagt, dass Grace O`Malley mit einer Flasche Whisky die Themse hinaufsegelte, um die Freilassung ihres Sohnes von K\u00f6nigin Elizabeth I. auszuhandeln. Man k\u00f6nnte sagen, dass die Flasche der erste Export von irischem Whiskey nach England war&#8230;<\/p>\n<p><strong>Whisky\/Whiskey: Grace O&#8217;Malley Rum Cask Irish Whiskey<br \/>\n<\/strong>Ein herrlicher Blended Irish Whiskey von Grace O&#8217;Malley. Diese Edition wird in karibischen Rumf\u00e4ssern veredelt, um einen s\u00fc\u00dfen und w\u00fcrzigen Charakter zu erzielen \u2013 sie scheint auch gut zum Markennamen zu passen, der die legend\u00e4re irische Piratin Grace O&#8217;Malley ehrt! Batch 1, stark limitiert und eine echte Rarit\u00e4t!<br \/>\nIn der Nase mit Aromen, wie &#8220;Rum-Rosinen-Fudge, Backgew\u00fcrz, Bananenp\u00fcree und malzigen Keksen&#8221;. Am Gaumen zeichnen sich &#8220;Schnapsobst, Johannisbeerbr\u00f6tchen, Malzbrot und Ingwerkuchen, sowie pfeffrige, verkohlte Eiche und s\u00fc\u00dfes, cremiges Karamell&#8221; ab. Den Abgang zeichnet &#8220;s\u00fc\u00dfer dunkler Zucker und Vanille mit reifen tropischen Fr\u00fcchten, Toffee-Popcorn und ger\u00f6stetem M\u00fcsli&#8221; aus.<\/p>\n<p><strong>Info Qualit\u00e4t der Flasche:<\/strong> Exzellent ohne Besch\u00e4digungen \/ <strong>F\u00fcllstand:<\/strong> Into neck<br \/>\n<strong>Info Qualit\u00e4t der Box:<\/strong> keine Box vorhanden<\/p>\n<p><strong>Wichtiger Hinweis:<\/strong> Die Bewertung der Flaschen und Boxen erfolgt nach \u201ebesten Wissen und Gewissen\u201c. dramfolks kann keine Gew\u00e4hrleistung f\u00fcr den Inhalt der Flaschen \u00fcbernehmen. Weitere Infos &amp; Hinweise finden Sie in unseren AGBs. Wir empfehlen Ihnen, vor der Abgabe von Geboten \u00fcber die Zoomfunktion eine Besichtigung \/ genaue Pr\u00fcfung des angebotenen Whiskys vorzunehmen. Bitte kontaktieren sie uns bei Fragen direkt unter info@dramfolks.com<\/p>\n","protected":false},"excerpt":{"rendered":"<p>Destille: Grace O&#8217;Malley Spirits Der Gr\u00fcnder von Grace O&#8217;Malley Spirits, Stephen Cope, stammt aus der Grafschaft Mayo und ist mit den Geschichten der Piratenk\u00f6nigin von Irland aufgewachsen. Es sind Geschichten wie ihre, die er mit einer Marke irischer Spirituosen erz\u00e4hlen wollte, aber erst ein Treffen mit Stefan Hansen und Hendrick Melle von der Berliner Investmentgesellschaft[&#8230;]\n","protected":false},"featured_media":4534,"comment_status":"closed","ping_status":"closed","template":"","meta":[],"product_brand":[],"product_cat":[604],"product_tag":[],"class_list":{"0":"post-4386","1":"product","2":"type-product","3":"status-publish","4":"has-post-thumbnail","6":"product_cat-no-7","8":"first","9":"instock","10":"shipping-taxable","11":"purchasable","12":"product-type-auction"},"yoast_head":"<!-- This site is optimized with the Yoast SEO plugin v27.4 - https:\/\/yoast.com\/product\/yoast-seo-wordpress\/ -->\n<title>Grace O&#039;Malley Spirits - Grace O&#039;Malley Rum Cask Irish Whiskey - Dramfolks Whisky Auction<\/title>\n<meta name=\"robots\" content=\"index, follow, max-snippet:-1, max-image-preview:large, max-video-preview:-1\" \/>\n<link rel=\"canonical\" href=\"https:\/\/www.dramfolks-whisky-auction.com\/en\/product\/grace-omalley-spirits-grace-omalley-rum-cask-irish-whiskey-2\/\" \/>\n<meta property=\"og:locale\" content=\"en_US\" \/>\n<meta property=\"og:type\" content=\"article\" \/>\n<meta property=\"og:title\" content=\"Grace O&#039;Malley Spirits - Grace O&#039;Malley Rum Cask Irish Whiskey - Dramfolks Whisky Auction\" \/>\n<meta property=\"og:description\" content=\"Destille: Grace O&#8217;Malley Spirits Der Gr\u00fcnder von Grace O&#8217;Malley Spirits, Stephen Cope, stammt aus der Grafschaft Mayo und ist mit den Geschichten der Piratenk\u00f6nigin von Irland aufgewachsen. Es sind Geschichten wie ihre, die er mit einer Marke irischer Spirituosen erz\u00e4hlen wollte, aber erst ein Treffen mit Stefan Hansen und Hendrick Melle von der Berliner Investmentgesellschaft[...]\" \/>\n<meta property=\"og:url\" content=\"https:\/\/www.dramfolks-whisky-auction.com\/en\/product\/grace-omalley-spirits-grace-omalley-rum-cask-irish-whiskey-2\/\" \/>\n<meta property=\"og:site_name\" content=\"Dramfolks Whisky Auction\" \/>\n<meta property=\"article:modified_time\" content=\"2023-11-26T18:00:11+00:00\" \/>\n<meta property=\"og:image\" content=\"https:\/\/www.dramfolks-whisky-auction.com\/wp-content\/uploads\/2023\/11\/Grace-OMalley-vorne-scaled.jpg\" \/>\n\t<meta property=\"og:image:width\" content=\"1920\" \/>\n\t<meta property=\"og:image:height\" content=\"2560\" \/>\n\t<meta property=\"og:image:type\" content=\"image\/jpeg\" \/>\n<meta name=\"twitter:card\" content=\"summary_large_image\" \/>\n<meta name=\"twitter:label1\" content=\"Est. reading time\" \/>\n\t<meta name=\"twitter:data1\" content=\"3 minutes\" \/>\n<script type=\"application\/ld+json\" class=\"yoast-schema-graph\">{\"@context\":\"https:\\\/\\\/schema.org\",\"@graph\":[{\"@type\":\"WebPage\",\"@id\":\"https:\\\/\\\/www.dramfolks-whisky-auction.com\\\/en\\\/product\\\/grace-omalley-spirits-grace-omalley-rum-cask-irish-whiskey-2\\\/\",\"url\":\"https:\\\/\\\/www.dramfolks-whisky-auction.com\\\/en\\\/product\\\/grace-omalley-spirits-grace-omalley-rum-cask-irish-whiskey-2\\\/\",\"name\":\"Grace O'Malley Spirits - Grace O'Malley Rum Cask Irish Whiskey - Dramfolks Whisky Auction\",\"isPartOf\":{\"@id\":\"https:\\\/\\\/www.dramfolks-whisky-auction.com\\\/en\\\/#website\"},\"primaryImageOfPage\":{\"@id\":\"https:\\\/\\\/www.dramfolks-whisky-auction.com\\\/en\\\/product\\\/grace-omalley-spirits-grace-omalley-rum-cask-irish-whiskey-2\\\/#primaryimage\"},\"image\":{\"@id\":\"https:\\\/\\\/www.dramfolks-whisky-auction.com\\\/en\\\/product\\\/grace-omalley-spirits-grace-omalley-rum-cask-irish-whiskey-2\\\/#primaryimage\"},\"thumbnailUrl\":\"https:\\\/\\\/www.dramfolks-whisky-auction.com\\\/wp-content\\\/uploads\\\/2023\\\/11\\\/Grace-OMalley-vorne-scaled.jpg\",\"datePublished\":\"2023-11-07T20:18:02+00:00\",\"dateModified\":\"2023-11-26T18:00:11+00:00\",\"breadcrumb\":{\"@id\":\"https:\\\/\\\/www.dramfolks-whisky-auction.com\\\/en\\\/product\\\/grace-omalley-spirits-grace-omalley-rum-cask-irish-whiskey-2\\\/#breadcrumb\"},\"inLanguage\":\"en-US\",\"potentialAction\":[{\"@type\":\"ReadAction\",\"target\":[\"https:\\\/\\\/www.dramfolks-whisky-auction.com\\\/en\\\/product\\\/grace-omalley-spirits-grace-omalley-rum-cask-irish-whiskey-2\\\/\"]}]},{\"@type\":\"ImageObject\",\"inLanguage\":\"en-US\",\"@id\":\"https:\\\/\\\/www.dramfolks-whisky-auction.com\\\/en\\\/product\\\/grace-omalley-spirits-grace-omalley-rum-cask-irish-whiskey-2\\\/#primaryimage\",\"url\":\"https:\\\/\\\/www.dramfolks-whisky-auction.com\\\/wp-content\\\/uploads\\\/2023\\\/11\\\/Grace-OMalley-vorne-scaled.jpg\",\"contentUrl\":\"https:\\\/\\\/www.dramfolks-whisky-auction.com\\\/wp-content\\\/uploads\\\/2023\\\/11\\\/Grace-OMalley-vorne-scaled.jpg\",\"width\":1920,\"height\":2560},{\"@type\":\"BreadcrumbList\",\"@id\":\"https:\\\/\\\/www.dramfolks-whisky-auction.com\\\/en\\\/product\\\/grace-omalley-spirits-grace-omalley-rum-cask-irish-whiskey-2\\\/#breadcrumb\",\"itemListElement\":[{\"@type\":\"ListItem\",\"position\":1,\"name\":\"Startseite\",\"item\":\"https:\\\/\\\/www.dramfolks-whisky-auction.com\\\/en\\\/\"},{\"@type\":\"ListItem\",\"position\":2,\"name\":\"Shop\",\"item\":\"https:\\\/\\\/www.dramfolks-whisky-auction.com\\\/en\\\/shop\\\/\"},{\"@type\":\"ListItem\",\"position\":3,\"name\":\"Grace O&#8217;Malley Spirits &#8211; Grace O&#8217;Malley Rum Cask Irish Whiskey\"}]},{\"@type\":\"WebSite\",\"@id\":\"https:\\\/\\\/www.dramfolks-whisky-auction.com\\\/en\\\/#website\",\"url\":\"https:\\\/\\\/www.dramfolks-whisky-auction.com\\\/en\\\/\",\"name\":\"Dramfolks Whisky Auction\",\"description\":\"\",\"potentialAction\":[{\"@type\":\"SearchAction\",\"target\":{\"@type\":\"EntryPoint\",\"urlTemplate\":\"https:\\\/\\\/www.dramfolks-whisky-auction.com\\\/en\\\/?s={search_term_string}\"},\"query-input\":{\"@type\":\"PropertyValueSpecification\",\"valueRequired\":true,\"valueName\":\"search_term_string\"}}],\"inLanguage\":\"en-US\"}]}<\/script>\n<!-- \/ Yoast SEO plugin. -->","yoast_head_json":{"title":"Grace O'Malley Spirits - Grace O'Malley Rum Cask Irish Whiskey - Dramfolks Whisky Auction","robots":{"index":"index","follow":"follow","max-snippet":"max-snippet:-1","max-image-preview":"max-image-preview:large","max-video-preview":"max-video-preview:-1"},"canonical":"https:\/\/www.dramfolks-whisky-auction.com\/en\/product\/grace-omalley-spirits-grace-omalley-rum-cask-irish-whiskey-2\/","og_locale":"en_US","og_type":"article","og_title":"Grace O'Malley Spirits - Grace O'Malley Rum Cask Irish Whiskey - Dramfolks Whisky Auction","og_description":"Destille: Grace O&#8217;Malley Spirits Der Gr\u00fcnder von Grace O&#8217;Malley Spirits, Stephen Cope, stammt aus der Grafschaft Mayo und ist mit den Geschichten der Piratenk\u00f6nigin von Irland aufgewachsen. Es sind Geschichten wie ihre, die er mit einer Marke irischer Spirituosen erz\u00e4hlen wollte, aber erst ein Treffen mit Stefan Hansen und Hendrick Melle von der Berliner Investmentgesellschaft[...]","og_url":"https:\/\/www.dramfolks-whisky-auction.com\/en\/product\/grace-omalley-spirits-grace-omalley-rum-cask-irish-whiskey-2\/","og_site_name":"Dramfolks Whisky Auction","article_modified_time":"2023-11-26T18:00:11+00:00","og_image":[{"width":1920,"height":2560,"url":"https:\/\/www.dramfolks-whisky-auction.com\/wp-content\/uploads\/2023\/11\/Grace-OMalley-vorne-scaled.jpg","type":"image\/jpeg"}],"twitter_card":"summary_large_image","twitter_misc":{"Est. reading time":"3 minutes"},"schema":{"@context":"https:\/\/schema.org","@graph":[{"@type":"WebPage","@id":"https:\/\/www.dramfolks-whisky-auction.com\/en\/product\/grace-omalley-spirits-grace-omalley-rum-cask-irish-whiskey-2\/","url":"https:\/\/www.dramfolks-whisky-auction.com\/en\/product\/grace-omalley-spirits-grace-omalley-rum-cask-irish-whiskey-2\/","name":"Grace O'Malley Spirits - Grace O'Malley Rum Cask Irish Whiskey - Dramfolks Whisky Auction","isPartOf":{"@id":"https:\/\/www.dramfolks-whisky-auction.com\/en\/#website"},"primaryImageOfPage":{"@id":"https:\/\/www.dramfolks-whisky-auction.com\/en\/product\/grace-omalley-spirits-grace-omalley-rum-cask-irish-whiskey-2\/#primaryimage"},"image":{"@id":"https:\/\/www.dramfolks-whisky-auction.com\/en\/product\/grace-omalley-spirits-grace-omalley-rum-cask-irish-whiskey-2\/#primaryimage"},"thumbnailUrl":"https:\/\/www.dramfolks-whisky-auction.com\/wp-content\/uploads\/2023\/11\/Grace-OMalley-vorne-scaled.jpg","datePublished":"2023-11-07T20:18:02+00:00","dateModified":"2023-11-26T18:00:11+00:00","breadcrumb":{"@id":"https:\/\/www.dramfolks-whisky-auction.com\/en\/product\/grace-omalley-spirits-grace-omalley-rum-cask-irish-whiskey-2\/#breadcrumb"},"inLanguage":"en-US","potentialAction":[{"@type":"ReadAction","target":["https:\/\/www.dramfolks-whisky-auction.com\/en\/product\/grace-omalley-spirits-grace-omalley-rum-cask-irish-whiskey-2\/"]}]},{"@type":"ImageObject","inLanguage":"en-US","@id":"https:\/\/www.dramfolks-whisky-auction.com\/en\/product\/grace-omalley-spirits-grace-omalley-rum-cask-irish-whiskey-2\/#primaryimage","url":"https:\/\/www.dramfolks-whisky-auction.com\/wp-content\/uploads\/2023\/11\/Grace-OMalley-vorne-scaled.jpg","contentUrl":"https:\/\/www.dramfolks-whisky-auction.com\/wp-content\/uploads\/2023\/11\/Grace-OMalley-vorne-scaled.jpg","width":1920,"height":2560},{"@type":"BreadcrumbList","@id":"https:\/\/www.dramfolks-whisky-auction.com\/en\/product\/grace-omalley-spirits-grace-omalley-rum-cask-irish-whiskey-2\/#breadcrumb","itemListElement":[{"@type":"ListItem","position":1,"name":"Startseite","item":"https:\/\/www.dramfolks-whisky-auction.com\/en\/"},{"@type":"ListItem","position":2,"name":"Shop","item":"https:\/\/www.dramfolks-whisky-auction.com\/en\/shop\/"},{"@type":"ListItem","position":3,"name":"Grace O&#8217;Malley Spirits &#8211; Grace O&#8217;Malley Rum Cask Irish Whiskey"}]},{"@type":"WebSite","@id":"https:\/\/www.dramfolks-whisky-auction.com\/en\/#website","url":"https:\/\/www.dramfolks-whisky-auction.com\/en\/","name":"Dramfolks Whisky Auction","description":"","potentialAction":[{"@type":"SearchAction","target":{"@type":"EntryPoint","urlTemplate":"https:\/\/www.dramfolks-whisky-auction.com\/en\/?s={search_term_string}"},"query-input":{"@type":"PropertyValueSpecification","valueRequired":true,"valueName":"search_term_string"}}],"inLanguage":"en-US"}]}},"_links":{"self":[{"href":"https:\/\/www.dramfolks-whisky-auction.com\/en\/wp-json\/wp\/v2\/product\/4386","targetHints":{"allow":["GET"]}}],"collection":[{"href":"https:\/\/www.dramfolks-whisky-auction.com\/en\/wp-json\/wp\/v2\/product"}],"about":[{"href":"https:\/\/www.dramfolks-whisky-auction.com\/en\/wp-json\/wp\/v2\/types\/product"}],"replies":[{"embeddable":true,"href":"https:\/\/www.dramfolks-whisky-auction.com\/en\/wp-json\/wp\/v2\/comments?post=4386"}],"wp:featuredmedia":[{"embeddable":true,"href":"https:\/\/www.dramfolks-whisky-auction.com\/en\/wp-json\/wp\/v2\/media\/4534"}],"wp:attachment":[{"href":"https:\/\/www.dramfolks-whisky-auction.com\/en\/wp-json\/wp\/v2\/media?parent=4386"}],"wp:term":[{"taxonomy":"product_brand","embeddable":true,"href":"https:\/\/www.dramfolks-whisky-auction.com\/en\/wp-json\/wp\/v2\/product_brand?post=4386"},{"taxonomy":"product_cat","embeddable":true,"href":"https:\/\/www.dramfolks-whisky-auction.com\/en\/wp-json\/wp\/v2\/product_cat?post=4386"},{"taxonomy":"product_tag","embeddable":true,"href":"https:\/\/www.dramfolks-whisky-auction.com\/en\/wp-json\/wp\/v2\/product_tag?post=4386"}],"curies":[{"name":"wp","href":"https:\/\/api.w.org\/{rel}","templated":true}]}}