{"id":4277,"date":"2023-11-05T21:39:00","date_gmt":"2023-11-05T20:39:00","guid":{"rendered":"https:\/\/www.dramfolks-whisky-auction.com\/?post_type=product&#038;p=4277"},"modified":"2023-11-28T20:52:56","modified_gmt":"2023-11-28T19:52:56","slug":"craigellachie-2008-hepburns-choice","status":"publish","type":"product","link":"https:\/\/www.dramfolks-whisky-auction.com\/en\/product\/craigellachie-2008-hepburns-choice\/","title":{"rendered":"Craigellachie &#8211; 2008 Hepburn`s Choice"},"content":{"rendered":"<p><strong>Destille: <span class=\"v1s2\">Craigellachie<br \/>\n<\/span><\/strong><span class=\"v1s2\">Die Craigellachie Distillery ist eine Single Malt Scotch Whisky Destillerie im Dorf Craigellachie, im Zentrum der Speyside (Schottland). Der Name Craigellachie bedeutet &#8220;felsiger H\u00fcgel&#8221; und bezieht sich auf die Klippe, die den Fluss &#8220;Spey&#8221; \u00fcberblickt. Craigellachie wurde 1891 unter dem Namen &#8220;Craigellachie Distillery Co. Limited&#8221; von einer Gruppe aus Mixern und H\u00e4ndlern, unter der Leitung von Alexander Edward gegr\u00fcndet. Zwei Jahre sp\u00e4ter wurde sie als Aktiengesellschaft umfirmiert und 1896 als Craigellachie-Glenlivet Distillery Ltd. eingetragen. Seit 1997 befindet sich Craigellachie im Besitz von Bacardi. J\u00e4hrliches Produktionsvolumen: ca. 4 Mio. Liter<\/span><\/p>\n<p><strong>Fun Fakt:<\/strong> Craigellachie geh\u00f6rte fr\u00fcher mal United Distillers (UD), die nun unter dem Diageo Konzern zusammengefasst sind. Sie war also eine Schwestermarke von Caol Ila, Cardhu, Clynelish, Cragganmore, Lagavulin, usw. Einer der Gr\u00fcnder 1891 war auch Peter Mackie, dessen Name unzentrennlich mit White Horse Distillers und dem weltber\u00fchmten Blend \u201eWhite Horse\u201c verbunden war.<\/p>\n<p><strong>Whisky\/Whiskey: 2008 Hepburn`s Choice<br \/>\n<\/strong>Die Whiskys aus der &#8220;Hepburn`s Choice&#8221; Serie werden immer aus einem einzigen Fass der ausgew\u00e4hlten Destillerie entnommen. Generell wird das Sortiment mit 46 Vol.-% abgef\u00fcllt, nat\u00fcrlich ohne K\u00e4ltefilter oder Farbstoffe. Jedes Fass wird sorgf\u00e4ltig ausgew\u00e4hlt, um die jeweilige Destillerie oder Region zu pr\u00e4sentieren.<br \/>\nDer Name Hepburn ist eine Hommage an den Gro\u00dfvater m\u00fctterlicherseits eines der Direktoren der Langside Distillers. Der verstorbene William Hepburn, der in seiner Rolle im diplomatischen Dienst die Welt bereiste. Mit seinem feinen Urteilsverm\u00f6gen, das er bei vielen Botschaftsveranstaltungen erweitert hatte, war Herr Hepburn ein wahrer Kenner seiner Heimat Schottland. Vor diesem Hintergrund w\u00e4ren diese Abf\u00fcllungen &#8220;Hepburn&#8217;s Choice&#8221; gewesen. Der hier angebotene 7-j\u00e4hrige Craigellachie wurde in European Oak Quarter Cask &#8220;gefinisht&#8221; und ist limitiert auf nur 90 Flaschen!<\/p>\n<p><strong>Sidenote zum Abf\u00fcller: Langside Distillers<\/strong><br \/>\nUnter dem Namen Langside Distillers ist Hunter Laing ein unabh\u00e4ngiger Abf\u00fcller mit Sitz in Glasgow, Schottland. Der Betrieb wurde von Stewart H. Laing 2013 gegr\u00fcndet, nach dem dieser aus dem Familienbetrieb Douglas Laing ausstieg, den er bis dato mit seinem Bruder gemeinsam f\u00fchrte. Dabei nahm er F\u00e4sser und Serien wie die &#8220;Hepburn&#8217;s Choice&#8221;, &#8220;Old Malt Cask&#8221;- und &#8220;Old and Rare&#8221;-Reihe mit. Heute arbeitet Stewart H. Laing mit seinen zwei S\u00f6hnen zusammen an neuen Ver\u00f6ffentlichungen.<\/p>\n<p><strong>Info Qualit\u00e4t der Flasche:<\/strong> Exzellent &#8211; ohne Besch\u00e4digungen \/ <strong>F\u00fcllstand:<\/strong> Into neck<br \/>\n<strong>Info Qualit\u00e4t der Box:\u00a0<\/strong>Exzellent &#8211; ohne Besch\u00e4digungen<\/p>\n<p><strong>Wichtiger Hinweis:<\/strong> Die Bewertung der Flaschen und Boxen erfolgt nach \u201ebesten Wissen und Gewissen\u201c. dramfolks kann keine Gew\u00e4hrleistung f\u00fcr den Inhalt der Flaschen \u00fcbernehmen. Weitere Infos &amp; Hinweise finden Sie in unseren AGBs. Wir empfehlen Ihnen, vor der Abgabe von Geboten \u00fcber die Zoomfunktion eine Besichtigung \/ genaue Pr\u00fcfung des angebotenen Whiskys vorzunehmen. Bitte kontaktieren sie uns bei Fragen direkt unter info@dramfolks.com<\/p>\n","protected":false},"excerpt":{"rendered":"<p>Destille: Craigellachie Die Craigellachie Distillery ist eine Single Malt Scotch Whisky Destillerie im Dorf Craigellachie, im Zentrum der Speyside (Schottland). Der Name Craigellachie bedeutet &#8220;felsiger H\u00fcgel&#8221; und bezieht sich auf die Klippe, die den Fluss &#8220;Spey&#8221; \u00fcberblickt. Craigellachie wurde 1891 unter dem Namen &#8220;Craigellachie Distillery Co. Limited&#8221; von einer Gruppe aus Mixern und H\u00e4ndlern, unter[&#8230;]\n","protected":false},"featured_media":4278,"comment_status":"closed","ping_status":"closed","template":"","meta":[],"product_brand":[],"product_cat":[604],"product_tag":[],"class_list":{"0":"post-4277","1":"product","2":"type-product","3":"status-publish","4":"has-post-thumbnail","6":"product_cat-no-7","8":"first","9":"instock","10":"shipping-taxable","11":"purchasable","12":"product-type-auction"},"yoast_head":"<!-- This site is optimized with the Yoast SEO plugin v27.4 - https:\/\/yoast.com\/product\/yoast-seo-wordpress\/ -->\n<title>Craigellachie - 2008 Hepburn`s Choice - Dramfolks Whisky Auction<\/title>\n<meta name=\"robots\" content=\"index, follow, max-snippet:-1, max-image-preview:large, max-video-preview:-1\" \/>\n<link rel=\"canonical\" href=\"https:\/\/www.dramfolks-whisky-auction.com\/en\/product\/craigellachie-2008-hepburns-choice\/\" \/>\n<meta property=\"og:locale\" content=\"en_US\" \/>\n<meta property=\"og:type\" content=\"article\" \/>\n<meta property=\"og:title\" content=\"Craigellachie - 2008 Hepburn`s Choice - Dramfolks Whisky Auction\" \/>\n<meta property=\"og:description\" content=\"Destille: Craigellachie Die Craigellachie Distillery ist eine Single Malt Scotch Whisky Destillerie im Dorf Craigellachie, im Zentrum der Speyside (Schottland). Der Name Craigellachie bedeutet &#8220;felsiger H\u00fcgel&#8221; und bezieht sich auf die Klippe, die den Fluss &#8220;Spey&#8221; \u00fcberblickt. Craigellachie wurde 1891 unter dem Namen &#8220;Craigellachie Distillery Co. Limited&#8221; von einer Gruppe aus Mixern und H\u00e4ndlern, unter[...]\" \/>\n<meta property=\"og:url\" content=\"https:\/\/www.dramfolks-whisky-auction.com\/en\/product\/craigellachie-2008-hepburns-choice\/\" \/>\n<meta property=\"og:site_name\" content=\"Dramfolks Whisky Auction\" \/>\n<meta property=\"article:modified_time\" content=\"2023-11-28T19:52:56+00:00\" \/>\n<meta property=\"og:image\" content=\"https:\/\/www.dramfolks-whisky-auction.com\/wp-content\/uploads\/2023\/11\/Hepburns-vorne-scaled.jpg\" \/>\n\t<meta property=\"og:image:width\" content=\"2560\" \/>\n\t<meta property=\"og:image:height\" content=\"2048\" \/>\n\t<meta property=\"og:image:type\" content=\"image\/jpeg\" \/>\n<meta name=\"twitter:card\" content=\"summary_large_image\" \/>\n<meta name=\"twitter:label1\" content=\"Est. reading time\" \/>\n\t<meta name=\"twitter:data1\" content=\"3 minutes\" \/>\n<script type=\"application\/ld+json\" class=\"yoast-schema-graph\">{\"@context\":\"https:\\\/\\\/schema.org\",\"@graph\":[{\"@type\":\"WebPage\",\"@id\":\"https:\\\/\\\/www.dramfolks-whisky-auction.com\\\/en\\\/product\\\/craigellachie-2008-hepburns-choice\\\/\",\"url\":\"https:\\\/\\\/www.dramfolks-whisky-auction.com\\\/en\\\/product\\\/craigellachie-2008-hepburns-choice\\\/\",\"name\":\"Craigellachie - 2008 Hepburn`s Choice - Dramfolks Whisky Auction\",\"isPartOf\":{\"@id\":\"https:\\\/\\\/www.dramfolks-whisky-auction.com\\\/en\\\/#website\"},\"primaryImageOfPage\":{\"@id\":\"https:\\\/\\\/www.dramfolks-whisky-auction.com\\\/en\\\/product\\\/craigellachie-2008-hepburns-choice\\\/#primaryimage\"},\"image\":{\"@id\":\"https:\\\/\\\/www.dramfolks-whisky-auction.com\\\/en\\\/product\\\/craigellachie-2008-hepburns-choice\\\/#primaryimage\"},\"thumbnailUrl\":\"https:\\\/\\\/www.dramfolks-whisky-auction.com\\\/wp-content\\\/uploads\\\/2023\\\/11\\\/Hepburns-vorne-scaled.jpg\",\"datePublished\":\"2023-11-05T20:39:00+00:00\",\"dateModified\":\"2023-11-28T19:52:56+00:00\",\"breadcrumb\":{\"@id\":\"https:\\\/\\\/www.dramfolks-whisky-auction.com\\\/en\\\/product\\\/craigellachie-2008-hepburns-choice\\\/#breadcrumb\"},\"inLanguage\":\"en-US\",\"potentialAction\":[{\"@type\":\"ReadAction\",\"target\":[\"https:\\\/\\\/www.dramfolks-whisky-auction.com\\\/en\\\/product\\\/craigellachie-2008-hepburns-choice\\\/\"]}]},{\"@type\":\"ImageObject\",\"inLanguage\":\"en-US\",\"@id\":\"https:\\\/\\\/www.dramfolks-whisky-auction.com\\\/en\\\/product\\\/craigellachie-2008-hepburns-choice\\\/#primaryimage\",\"url\":\"https:\\\/\\\/www.dramfolks-whisky-auction.com\\\/wp-content\\\/uploads\\\/2023\\\/11\\\/Hepburns-vorne-scaled.jpg\",\"contentUrl\":\"https:\\\/\\\/www.dramfolks-whisky-auction.com\\\/wp-content\\\/uploads\\\/2023\\\/11\\\/Hepburns-vorne-scaled.jpg\",\"width\":2560,\"height\":2048},{\"@type\":\"BreadcrumbList\",\"@id\":\"https:\\\/\\\/www.dramfolks-whisky-auction.com\\\/en\\\/product\\\/craigellachie-2008-hepburns-choice\\\/#breadcrumb\",\"itemListElement\":[{\"@type\":\"ListItem\",\"position\":1,\"name\":\"Startseite\",\"item\":\"https:\\\/\\\/www.dramfolks-whisky-auction.com\\\/en\\\/\"},{\"@type\":\"ListItem\",\"position\":2,\"name\":\"Shop\",\"item\":\"https:\\\/\\\/www.dramfolks-whisky-auction.com\\\/en\\\/shop\\\/\"},{\"@type\":\"ListItem\",\"position\":3,\"name\":\"Craigellachie &#8211; 2008 Hepburn`s Choice\"}]},{\"@type\":\"WebSite\",\"@id\":\"https:\\\/\\\/www.dramfolks-whisky-auction.com\\\/en\\\/#website\",\"url\":\"https:\\\/\\\/www.dramfolks-whisky-auction.com\\\/en\\\/\",\"name\":\"Dramfolks Whisky Auction\",\"description\":\"\",\"potentialAction\":[{\"@type\":\"SearchAction\",\"target\":{\"@type\":\"EntryPoint\",\"urlTemplate\":\"https:\\\/\\\/www.dramfolks-whisky-auction.com\\\/en\\\/?s={search_term_string}\"},\"query-input\":{\"@type\":\"PropertyValueSpecification\",\"valueRequired\":true,\"valueName\":\"search_term_string\"}}],\"inLanguage\":\"en-US\"}]}<\/script>\n<!-- \/ Yoast SEO plugin. -->","yoast_head_json":{"title":"Craigellachie - 2008 Hepburn`s Choice - Dramfolks Whisky Auction","robots":{"index":"index","follow":"follow","max-snippet":"max-snippet:-1","max-image-preview":"max-image-preview:large","max-video-preview":"max-video-preview:-1"},"canonical":"https:\/\/www.dramfolks-whisky-auction.com\/en\/product\/craigellachie-2008-hepburns-choice\/","og_locale":"en_US","og_type":"article","og_title":"Craigellachie - 2008 Hepburn`s Choice - Dramfolks Whisky Auction","og_description":"Destille: Craigellachie Die Craigellachie Distillery ist eine Single Malt Scotch Whisky Destillerie im Dorf Craigellachie, im Zentrum der Speyside (Schottland). Der Name Craigellachie bedeutet &#8220;felsiger H\u00fcgel&#8221; und bezieht sich auf die Klippe, die den Fluss &#8220;Spey&#8221; \u00fcberblickt. Craigellachie wurde 1891 unter dem Namen &#8220;Craigellachie Distillery Co. Limited&#8221; von einer Gruppe aus Mixern und H\u00e4ndlern, unter[...]","og_url":"https:\/\/www.dramfolks-whisky-auction.com\/en\/product\/craigellachie-2008-hepburns-choice\/","og_site_name":"Dramfolks Whisky Auction","article_modified_time":"2023-11-28T19:52:56+00:00","og_image":[{"width":2560,"height":2048,"url":"https:\/\/www.dramfolks-whisky-auction.com\/wp-content\/uploads\/2023\/11\/Hepburns-vorne-scaled.jpg","type":"image\/jpeg"}],"twitter_card":"summary_large_image","twitter_misc":{"Est. reading time":"3 minutes"},"schema":{"@context":"https:\/\/schema.org","@graph":[{"@type":"WebPage","@id":"https:\/\/www.dramfolks-whisky-auction.com\/en\/product\/craigellachie-2008-hepburns-choice\/","url":"https:\/\/www.dramfolks-whisky-auction.com\/en\/product\/craigellachie-2008-hepburns-choice\/","name":"Craigellachie - 2008 Hepburn`s Choice - Dramfolks Whisky Auction","isPartOf":{"@id":"https:\/\/www.dramfolks-whisky-auction.com\/en\/#website"},"primaryImageOfPage":{"@id":"https:\/\/www.dramfolks-whisky-auction.com\/en\/product\/craigellachie-2008-hepburns-choice\/#primaryimage"},"image":{"@id":"https:\/\/www.dramfolks-whisky-auction.com\/en\/product\/craigellachie-2008-hepburns-choice\/#primaryimage"},"thumbnailUrl":"https:\/\/www.dramfolks-whisky-auction.com\/wp-content\/uploads\/2023\/11\/Hepburns-vorne-scaled.jpg","datePublished":"2023-11-05T20:39:00+00:00","dateModified":"2023-11-28T19:52:56+00:00","breadcrumb":{"@id":"https:\/\/www.dramfolks-whisky-auction.com\/en\/product\/craigellachie-2008-hepburns-choice\/#breadcrumb"},"inLanguage":"en-US","potentialAction":[{"@type":"ReadAction","target":["https:\/\/www.dramfolks-whisky-auction.com\/en\/product\/craigellachie-2008-hepburns-choice\/"]}]},{"@type":"ImageObject","inLanguage":"en-US","@id":"https:\/\/www.dramfolks-whisky-auction.com\/en\/product\/craigellachie-2008-hepburns-choice\/#primaryimage","url":"https:\/\/www.dramfolks-whisky-auction.com\/wp-content\/uploads\/2023\/11\/Hepburns-vorne-scaled.jpg","contentUrl":"https:\/\/www.dramfolks-whisky-auction.com\/wp-content\/uploads\/2023\/11\/Hepburns-vorne-scaled.jpg","width":2560,"height":2048},{"@type":"BreadcrumbList","@id":"https:\/\/www.dramfolks-whisky-auction.com\/en\/product\/craigellachie-2008-hepburns-choice\/#breadcrumb","itemListElement":[{"@type":"ListItem","position":1,"name":"Startseite","item":"https:\/\/www.dramfolks-whisky-auction.com\/en\/"},{"@type":"ListItem","position":2,"name":"Shop","item":"https:\/\/www.dramfolks-whisky-auction.com\/en\/shop\/"},{"@type":"ListItem","position":3,"name":"Craigellachie &#8211; 2008 Hepburn`s Choice"}]},{"@type":"WebSite","@id":"https:\/\/www.dramfolks-whisky-auction.com\/en\/#website","url":"https:\/\/www.dramfolks-whisky-auction.com\/en\/","name":"Dramfolks Whisky Auction","description":"","potentialAction":[{"@type":"SearchAction","target":{"@type":"EntryPoint","urlTemplate":"https:\/\/www.dramfolks-whisky-auction.com\/en\/?s={search_term_string}"},"query-input":{"@type":"PropertyValueSpecification","valueRequired":true,"valueName":"search_term_string"}}],"inLanguage":"en-US"}]}},"_links":{"self":[{"href":"https:\/\/www.dramfolks-whisky-auction.com\/en\/wp-json\/wp\/v2\/product\/4277","targetHints":{"allow":["GET"]}}],"collection":[{"href":"https:\/\/www.dramfolks-whisky-auction.com\/en\/wp-json\/wp\/v2\/product"}],"about":[{"href":"https:\/\/www.dramfolks-whisky-auction.com\/en\/wp-json\/wp\/v2\/types\/product"}],"replies":[{"embeddable":true,"href":"https:\/\/www.dramfolks-whisky-auction.com\/en\/wp-json\/wp\/v2\/comments?post=4277"}],"wp:featuredmedia":[{"embeddable":true,"href":"https:\/\/www.dramfolks-whisky-auction.com\/en\/wp-json\/wp\/v2\/media\/4278"}],"wp:attachment":[{"href":"https:\/\/www.dramfolks-whisky-auction.com\/en\/wp-json\/wp\/v2\/media?parent=4277"}],"wp:term":[{"taxonomy":"product_brand","embeddable":true,"href":"https:\/\/www.dramfolks-whisky-auction.com\/en\/wp-json\/wp\/v2\/product_brand?post=4277"},{"taxonomy":"product_cat","embeddable":true,"href":"https:\/\/www.dramfolks-whisky-auction.com\/en\/wp-json\/wp\/v2\/product_cat?post=4277"},{"taxonomy":"product_tag","embeddable":true,"href":"https:\/\/www.dramfolks-whisky-auction.com\/en\/wp-json\/wp\/v2\/product_tag?post=4277"}],"curies":[{"name":"wp","href":"https:\/\/api.w.org\/{rel}","templated":true}]}}