{"id":4263,"date":"2023-11-05T21:09:25","date_gmt":"2023-11-05T20:09:25","guid":{"rendered":"https:\/\/www.dramfolks-whisky-auction.com\/?post_type=product&#038;p=4263"},"modified":"2023-11-26T19:46:12","modified_gmt":"2023-11-26T18:46:12","slug":"unnamed-orkney-2006-the-ultimate-whisky-company","status":"publish","type":"product","link":"https:\/\/www.dramfolks-whisky-auction.com\/en\/product\/unnamed-orkney-2006-the-ultimate-whisky-company\/","title":{"rendered":"Unnamed Orkney 2006 (The Ultimate Whisky Company)"},"content":{"rendered":"<p><strong>Destille: unbekannt<br \/>\n<\/strong>Leider k\u00f6nnen wir hier an dieser Stelle keine Hinweise oder Texte zur Destillerie des Whiskys geben. Sowohl bekannt ist die Region &#8211; Island. Ger\u00fcchteweise stammt dieser Whisky von der ber\u00fchmten Highland Park Destillerie&#8230;<\/p>\n<p><strong>Fun Fakt: <\/strong>&#8211;<\/p>\n<p><strong>Whisky\/Whiskey: Unnamed Orkney 2006 (The Ultimate Whisky Company)<br \/>\n<\/strong>Unnamed Orkney 2006 The Ultimate ist ein 16-J\u00e4hriger, mysteri\u00f6ser Single Malt aus einer namenlosen Destillerie auf den Orkney-Inseln, der vom unabh\u00e4ngigen Abf\u00fcller van Wees f\u00fcr die gefeierte The Ultimate-Reihe ver\u00f6ffentlicht wurde. Der Whisky wurde am 14. Februar 2006 destilliert und reifte 16 Jahre lang in einem einzigen Refill-Sherry-Butt. Im August 2022 wurde er dann, stark limitiert, mit 46 Vol.-% abgef\u00fcllt. Die hier angebotene Flasche hat die Bottle No.20! Eine echte Rarit\u00e4t!<br \/>\nIn der Nase finden sich &#8220;Aromen von getrockneten Fr\u00fcchten, Heidehonig, altem Leder und leichtem Torfrauch sowie einige blumige Ankl\u00e4nge&#8221;. Der Gaumen ist &#8220;voll und rund mit Noten von getrockneten Fr\u00fcchten, Honig, Schokolade, Pfeffer und Eiche, die zu einem langen und weichen Abgang von dunkler Schokolade, Honig und Torfrauch f\u00fchren&#8221;.<\/p>\n<p><strong>Info Qualit\u00e4t der Flasche:<\/strong> Exzellent &#8211; ohne Besch\u00e4digungen \/ <strong>F\u00fcllstand:<\/strong> High fill<br \/>\n<strong>Info Qualit\u00e4t der Box: <\/strong>keine Box vorhanden<\/p>\n<p><strong>Wichtiger Hinweis:<\/strong> Die Bewertung der Flaschen und Boxen erfolgt nach \u201ebesten Wissen und Gewissen\u201c. dramfolks kann keine Gew\u00e4hrleistung f\u00fcr den Inhalt der Flaschen \u00fcbernehmen. Weitere Infos &amp; Hinweise finden Sie in unseren AGBs. Wir empfehlen Ihnen, vor der Abgabe von Geboten \u00fcber die Zoomfunktion eine Besichtigung \/ genaue Pr\u00fcfung des angebotenen Whiskys vorzunehmen. Bitte kontaktieren sie uns bei Fragen direkt unter info@dramfolks.com<\/p>\n","protected":false},"excerpt":{"rendered":"<p>Destille: unbekannt Leider k\u00f6nnen wir hier an dieser Stelle keine Hinweise oder Texte zur Destillerie des Whiskys geben. Sowohl bekannt ist die Region &#8211; Island. Ger\u00fcchteweise stammt dieser Whisky von der ber\u00fchmten Highland Park Destillerie&#8230; Fun Fakt: &#8211; Whisky\/Whiskey: Unnamed Orkney 2006 (The Ultimate Whisky Company) Unnamed Orkney 2006 The Ultimate ist ein 16-J\u00e4hriger, mysteri\u00f6ser[&#8230;]\n","protected":false},"featured_media":4472,"comment_status":"closed","ping_status":"closed","template":"","meta":[],"product_brand":[],"product_cat":[604],"product_tag":[],"class_list":{"0":"post-4263","1":"product","2":"type-product","3":"status-publish","4":"has-post-thumbnail","6":"product_cat-no-7","8":"first","9":"instock","10":"shipping-taxable","11":"purchasable","12":"product-type-auction"},"yoast_head":"<!-- This site is optimized with the Yoast SEO plugin v27.4 - https:\/\/yoast.com\/product\/yoast-seo-wordpress\/ -->\n<title>Unnamed Orkney 2006 (The Ultimate Whisky Company) - Dramfolks Whisky Auction<\/title>\n<meta name=\"robots\" content=\"index, follow, max-snippet:-1, max-image-preview:large, max-video-preview:-1\" \/>\n<link rel=\"canonical\" href=\"https:\/\/www.dramfolks-whisky-auction.com\/en\/product\/unnamed-orkney-2006-the-ultimate-whisky-company\/\" \/>\n<meta property=\"og:locale\" content=\"en_US\" \/>\n<meta property=\"og:type\" content=\"article\" \/>\n<meta property=\"og:title\" content=\"Unnamed Orkney 2006 (The Ultimate Whisky Company) - Dramfolks Whisky Auction\" \/>\n<meta property=\"og:description\" content=\"Destille: unbekannt Leider k\u00f6nnen wir hier an dieser Stelle keine Hinweise oder Texte zur Destillerie des Whiskys geben. Sowohl bekannt ist die Region &#8211; Island. Ger\u00fcchteweise stammt dieser Whisky von der ber\u00fchmten Highland Park Destillerie&#8230; Fun Fakt: &#8211; Whisky\/Whiskey: Unnamed Orkney 2006 (The Ultimate Whisky Company) Unnamed Orkney 2006 The Ultimate ist ein 16-J\u00e4hriger, mysteri\u00f6ser[...]\" \/>\n<meta property=\"og:url\" content=\"https:\/\/www.dramfolks-whisky-auction.com\/en\/product\/unnamed-orkney-2006-the-ultimate-whisky-company\/\" \/>\n<meta property=\"og:site_name\" content=\"Dramfolks Whisky Auction\" \/>\n<meta property=\"article:modified_time\" content=\"2023-11-26T18:46:12+00:00\" \/>\n<meta property=\"og:image\" content=\"https:\/\/www.dramfolks-whisky-auction.com\/wp-content\/uploads\/2023\/11\/Ultimate-vorne-scaled.jpg\" \/>\n\t<meta property=\"og:image:width\" content=\"2048\" \/>\n\t<meta property=\"og:image:height\" content=\"2560\" \/>\n\t<meta property=\"og:image:type\" content=\"image\/jpeg\" \/>\n<meta name=\"twitter:card\" content=\"summary_large_image\" \/>\n<meta name=\"twitter:label1\" content=\"Est. reading time\" \/>\n\t<meta name=\"twitter:data1\" content=\"2 minutes\" \/>\n<script type=\"application\/ld+json\" class=\"yoast-schema-graph\">{\"@context\":\"https:\\\/\\\/schema.org\",\"@graph\":[{\"@type\":\"WebPage\",\"@id\":\"https:\\\/\\\/www.dramfolks-whisky-auction.com\\\/en\\\/product\\\/unnamed-orkney-2006-the-ultimate-whisky-company\\\/\",\"url\":\"https:\\\/\\\/www.dramfolks-whisky-auction.com\\\/en\\\/product\\\/unnamed-orkney-2006-the-ultimate-whisky-company\\\/\",\"name\":\"Unnamed Orkney 2006 (The Ultimate Whisky Company) - Dramfolks Whisky Auction\",\"isPartOf\":{\"@id\":\"https:\\\/\\\/www.dramfolks-whisky-auction.com\\\/en\\\/#website\"},\"primaryImageOfPage\":{\"@id\":\"https:\\\/\\\/www.dramfolks-whisky-auction.com\\\/en\\\/product\\\/unnamed-orkney-2006-the-ultimate-whisky-company\\\/#primaryimage\"},\"image\":{\"@id\":\"https:\\\/\\\/www.dramfolks-whisky-auction.com\\\/en\\\/product\\\/unnamed-orkney-2006-the-ultimate-whisky-company\\\/#primaryimage\"},\"thumbnailUrl\":\"https:\\\/\\\/www.dramfolks-whisky-auction.com\\\/wp-content\\\/uploads\\\/2023\\\/11\\\/Ultimate-vorne-scaled.jpg\",\"datePublished\":\"2023-11-05T20:09:25+00:00\",\"dateModified\":\"2023-11-26T18:46:12+00:00\",\"breadcrumb\":{\"@id\":\"https:\\\/\\\/www.dramfolks-whisky-auction.com\\\/en\\\/product\\\/unnamed-orkney-2006-the-ultimate-whisky-company\\\/#breadcrumb\"},\"inLanguage\":\"en-US\",\"potentialAction\":[{\"@type\":\"ReadAction\",\"target\":[\"https:\\\/\\\/www.dramfolks-whisky-auction.com\\\/en\\\/product\\\/unnamed-orkney-2006-the-ultimate-whisky-company\\\/\"]}]},{\"@type\":\"ImageObject\",\"inLanguage\":\"en-US\",\"@id\":\"https:\\\/\\\/www.dramfolks-whisky-auction.com\\\/en\\\/product\\\/unnamed-orkney-2006-the-ultimate-whisky-company\\\/#primaryimage\",\"url\":\"https:\\\/\\\/www.dramfolks-whisky-auction.com\\\/wp-content\\\/uploads\\\/2023\\\/11\\\/Ultimate-vorne-scaled.jpg\",\"contentUrl\":\"https:\\\/\\\/www.dramfolks-whisky-auction.com\\\/wp-content\\\/uploads\\\/2023\\\/11\\\/Ultimate-vorne-scaled.jpg\",\"width\":2048,\"height\":2560},{\"@type\":\"BreadcrumbList\",\"@id\":\"https:\\\/\\\/www.dramfolks-whisky-auction.com\\\/en\\\/product\\\/unnamed-orkney-2006-the-ultimate-whisky-company\\\/#breadcrumb\",\"itemListElement\":[{\"@type\":\"ListItem\",\"position\":1,\"name\":\"Startseite\",\"item\":\"https:\\\/\\\/www.dramfolks-whisky-auction.com\\\/en\\\/\"},{\"@type\":\"ListItem\",\"position\":2,\"name\":\"Shop\",\"item\":\"https:\\\/\\\/www.dramfolks-whisky-auction.com\\\/en\\\/shop\\\/\"},{\"@type\":\"ListItem\",\"position\":3,\"name\":\"Unnamed Orkney 2006 (The Ultimate Whisky Company)\"}]},{\"@type\":\"WebSite\",\"@id\":\"https:\\\/\\\/www.dramfolks-whisky-auction.com\\\/en\\\/#website\",\"url\":\"https:\\\/\\\/www.dramfolks-whisky-auction.com\\\/en\\\/\",\"name\":\"Dramfolks Whisky Auction\",\"description\":\"\",\"potentialAction\":[{\"@type\":\"SearchAction\",\"target\":{\"@type\":\"EntryPoint\",\"urlTemplate\":\"https:\\\/\\\/www.dramfolks-whisky-auction.com\\\/en\\\/?s={search_term_string}\"},\"query-input\":{\"@type\":\"PropertyValueSpecification\",\"valueRequired\":true,\"valueName\":\"search_term_string\"}}],\"inLanguage\":\"en-US\"}]}<\/script>\n<!-- \/ Yoast SEO plugin. -->","yoast_head_json":{"title":"Unnamed Orkney 2006 (The Ultimate Whisky Company) - Dramfolks Whisky Auction","robots":{"index":"index","follow":"follow","max-snippet":"max-snippet:-1","max-image-preview":"max-image-preview:large","max-video-preview":"max-video-preview:-1"},"canonical":"https:\/\/www.dramfolks-whisky-auction.com\/en\/product\/unnamed-orkney-2006-the-ultimate-whisky-company\/","og_locale":"en_US","og_type":"article","og_title":"Unnamed Orkney 2006 (The Ultimate Whisky Company) - Dramfolks Whisky Auction","og_description":"Destille: unbekannt Leider k\u00f6nnen wir hier an dieser Stelle keine Hinweise oder Texte zur Destillerie des Whiskys geben. Sowohl bekannt ist die Region &#8211; Island. Ger\u00fcchteweise stammt dieser Whisky von der ber\u00fchmten Highland Park Destillerie&#8230; Fun Fakt: &#8211; Whisky\/Whiskey: Unnamed Orkney 2006 (The Ultimate Whisky Company) Unnamed Orkney 2006 The Ultimate ist ein 16-J\u00e4hriger, mysteri\u00f6ser[...]","og_url":"https:\/\/www.dramfolks-whisky-auction.com\/en\/product\/unnamed-orkney-2006-the-ultimate-whisky-company\/","og_site_name":"Dramfolks Whisky Auction","article_modified_time":"2023-11-26T18:46:12+00:00","og_image":[{"width":2048,"height":2560,"url":"https:\/\/www.dramfolks-whisky-auction.com\/wp-content\/uploads\/2023\/11\/Ultimate-vorne-scaled.jpg","type":"image\/jpeg"}],"twitter_card":"summary_large_image","twitter_misc":{"Est. reading time":"2 minutes"},"schema":{"@context":"https:\/\/schema.org","@graph":[{"@type":"WebPage","@id":"https:\/\/www.dramfolks-whisky-auction.com\/en\/product\/unnamed-orkney-2006-the-ultimate-whisky-company\/","url":"https:\/\/www.dramfolks-whisky-auction.com\/en\/product\/unnamed-orkney-2006-the-ultimate-whisky-company\/","name":"Unnamed Orkney 2006 (The Ultimate Whisky Company) - Dramfolks Whisky Auction","isPartOf":{"@id":"https:\/\/www.dramfolks-whisky-auction.com\/en\/#website"},"primaryImageOfPage":{"@id":"https:\/\/www.dramfolks-whisky-auction.com\/en\/product\/unnamed-orkney-2006-the-ultimate-whisky-company\/#primaryimage"},"image":{"@id":"https:\/\/www.dramfolks-whisky-auction.com\/en\/product\/unnamed-orkney-2006-the-ultimate-whisky-company\/#primaryimage"},"thumbnailUrl":"https:\/\/www.dramfolks-whisky-auction.com\/wp-content\/uploads\/2023\/11\/Ultimate-vorne-scaled.jpg","datePublished":"2023-11-05T20:09:25+00:00","dateModified":"2023-11-26T18:46:12+00:00","breadcrumb":{"@id":"https:\/\/www.dramfolks-whisky-auction.com\/en\/product\/unnamed-orkney-2006-the-ultimate-whisky-company\/#breadcrumb"},"inLanguage":"en-US","potentialAction":[{"@type":"ReadAction","target":["https:\/\/www.dramfolks-whisky-auction.com\/en\/product\/unnamed-orkney-2006-the-ultimate-whisky-company\/"]}]},{"@type":"ImageObject","inLanguage":"en-US","@id":"https:\/\/www.dramfolks-whisky-auction.com\/en\/product\/unnamed-orkney-2006-the-ultimate-whisky-company\/#primaryimage","url":"https:\/\/www.dramfolks-whisky-auction.com\/wp-content\/uploads\/2023\/11\/Ultimate-vorne-scaled.jpg","contentUrl":"https:\/\/www.dramfolks-whisky-auction.com\/wp-content\/uploads\/2023\/11\/Ultimate-vorne-scaled.jpg","width":2048,"height":2560},{"@type":"BreadcrumbList","@id":"https:\/\/www.dramfolks-whisky-auction.com\/en\/product\/unnamed-orkney-2006-the-ultimate-whisky-company\/#breadcrumb","itemListElement":[{"@type":"ListItem","position":1,"name":"Startseite","item":"https:\/\/www.dramfolks-whisky-auction.com\/en\/"},{"@type":"ListItem","position":2,"name":"Shop","item":"https:\/\/www.dramfolks-whisky-auction.com\/en\/shop\/"},{"@type":"ListItem","position":3,"name":"Unnamed Orkney 2006 (The Ultimate Whisky Company)"}]},{"@type":"WebSite","@id":"https:\/\/www.dramfolks-whisky-auction.com\/en\/#website","url":"https:\/\/www.dramfolks-whisky-auction.com\/en\/","name":"Dramfolks Whisky Auction","description":"","potentialAction":[{"@type":"SearchAction","target":{"@type":"EntryPoint","urlTemplate":"https:\/\/www.dramfolks-whisky-auction.com\/en\/?s={search_term_string}"},"query-input":{"@type":"PropertyValueSpecification","valueRequired":true,"valueName":"search_term_string"}}],"inLanguage":"en-US"}]}},"_links":{"self":[{"href":"https:\/\/www.dramfolks-whisky-auction.com\/en\/wp-json\/wp\/v2\/product\/4263","targetHints":{"allow":["GET"]}}],"collection":[{"href":"https:\/\/www.dramfolks-whisky-auction.com\/en\/wp-json\/wp\/v2\/product"}],"about":[{"href":"https:\/\/www.dramfolks-whisky-auction.com\/en\/wp-json\/wp\/v2\/types\/product"}],"replies":[{"embeddable":true,"href":"https:\/\/www.dramfolks-whisky-auction.com\/en\/wp-json\/wp\/v2\/comments?post=4263"}],"wp:featuredmedia":[{"embeddable":true,"href":"https:\/\/www.dramfolks-whisky-auction.com\/en\/wp-json\/wp\/v2\/media\/4472"}],"wp:attachment":[{"href":"https:\/\/www.dramfolks-whisky-auction.com\/en\/wp-json\/wp\/v2\/media?parent=4263"}],"wp:term":[{"taxonomy":"product_brand","embeddable":true,"href":"https:\/\/www.dramfolks-whisky-auction.com\/en\/wp-json\/wp\/v2\/product_brand?post=4263"},{"taxonomy":"product_cat","embeddable":true,"href":"https:\/\/www.dramfolks-whisky-auction.com\/en\/wp-json\/wp\/v2\/product_cat?post=4263"},{"taxonomy":"product_tag","embeddable":true,"href":"https:\/\/www.dramfolks-whisky-auction.com\/en\/wp-json\/wp\/v2\/product_tag?post=4263"}],"curies":[{"name":"wp","href":"https:\/\/api.w.org\/{rel}","templated":true}]}}