{"id":3879,"date":"2023-09-07T15:45:41","date_gmt":"2023-09-07T13:45:41","guid":{"rendered":"https:\/\/www.dramfolks-whisky-auction.com\/?post_type=product&#038;p=3879"},"modified":"2023-09-20T20:53:12","modified_gmt":"2023-09-20T18:53:12","slug":"isle-of-raasay-na-sia-unpeated-chinkapin-oak-single-cask","status":"publish","type":"product","link":"https:\/\/www.dramfolks-whisky-auction.com\/en\/product\/isle-of-raasay-na-sia-unpeated-chinkapin-oak-single-cask\/","title":{"rendered":"Isle of Raasay &#8211; Na Sia Unpeated Chinkapin Oak Single Cask"},"content":{"rendered":"<p><strong>Destille: Isle of Raasay<br \/>\n<\/strong>Das Gr\u00fcnderteam hinter der Marke Isle of Raasay besteht aus Bill Dobbie und Alasdair Day. Die beiden begannen 2017 mit dem Anbau der Gerstensorten Bere und Iskria im Ort Raasay. In Zusammenarbeit mit dortigen Kleinbauern baut die Brennerei nun in der Gegend die eigene Gerste an. Zur Trocknung der Gerste wird lokaler Torf verwendet. Raasay ist bem\u00fcht, diese Art der Zusammenarbeit auszudehnen, um einen 100-prozentig regionalen Isle of Raasay Single Malt herzustellen. Die Hebrideninsel ist gepr\u00e4gt von wilder Natur und ungleichm\u00e4\u00dfigen Fl\u00e4chen.<\/p>\n<p><strong>Fun Fakt:\u00a0<\/strong>Die Flaschenform stellt ein Spiegelbild der Insellandschaft dar.<\/p>\n<p><strong>Whisky\/Whiskey: Na Sia Unpeated Chinkapin Oak Single Cask<br \/>\n<\/strong>Der Isle of Raasay Unpeated Chinkapin Oak Single Cask stammt aus Na Sia Single Cask Serie der schottischen Destillerie Raasay. Na Sia ist g\u00e4lisch und bedeutet \u201edie Sechs\u201c. Destilliert im Januar 2019, reifte der Whisky in Chinkapin Oak Casks. F\u00fcr die Abf\u00fcllungen Peated Chinkapin Oak Cask sowie Unpeated Chinkapin Oak Cask werden die F\u00e4sser aus der nordamerikanischen Eichenart frisch verkohlt und ger\u00f6stet. Diese Behandlung verleiht den Single Malts schon fr\u00fch eine satte Farbe und ein kr\u00e4ftiges, von s\u00fc\u00dfem Toffe, dunklen Fr\u00fcchten und Ingwer gepr\u00e4gtes Aroma. Abgef\u00fcllt wurde dieser auf 273 Flaschen limitierte Single Malt in Fassst\u00e4rke mit starken 61.9% vol. Auf K\u00fchlfiltration und F\u00e4rbung wurde verzichtet. Es handelt sich um Bottle No. 0269!!<\/p>\n<p><strong>Info Qualit\u00e4t der Flasche:<\/strong> Exzellent &#8211; ohne Besch\u00e4digungen \/ <strong>F\u00fcllstand:<\/strong> Top shoulder<br \/>\n<strong>Info Qualit\u00e4t der Box:\u00a0<\/strong>Exzellent &#8211; ohne Besch\u00e4digungen<\/p>\n<p><strong>Wichtiger Hinweis:<\/strong> Die Bewertung der Flaschen und Boxen erfolgt nach \u201ebesten Wissen und Gewissen\u201c. dramfolks kann keine Gew\u00e4hrleistung f\u00fcr den Inhalt der Flaschen \u00fcbernehmen. Weitere Infos &amp; Hinweise finden Sie in unseren AGBs. Wir empfehlen Ihnen, vor der Abgabe von Geboten \u00fcber die Zoomfunktion eine Besichtigung \/ genaue Pr\u00fcfung des angebotenen Whiskys vorzunehmen. Bitte kontaktieren sie uns bei Fragen direkt unter info@dramfolks.com<\/p>\n","protected":false},"excerpt":{"rendered":"<p>Destille: Isle of Raasay Das Gr\u00fcnderteam hinter der Marke Isle of Raasay besteht aus Bill Dobbie und Alasdair Day. Die beiden begannen 2017 mit dem Anbau der Gerstensorten Bere und Iskria im Ort Raasay. In Zusammenarbeit mit dortigen Kleinbauern baut die Brennerei nun in der Gegend die eigene Gerste an. Zur Trocknung der Gerste wird[&#8230;]\n","protected":false},"featured_media":3880,"comment_status":"closed","ping_status":"closed","template":"","meta":[],"product_brand":[],"product_cat":[539],"product_tag":[],"class_list":{"0":"post-3879","1":"product","2":"type-product","3":"status-publish","4":"has-post-thumbnail","6":"product_cat-no-6","8":"first","9":"instock","10":"shipping-taxable","11":"purchasable","12":"product-type-auction"},"yoast_head":"<!-- This site is optimized with the Yoast SEO plugin v27.4 - https:\/\/yoast.com\/product\/yoast-seo-wordpress\/ -->\n<title>Isle of Raasay - Na Sia Unpeated Chinkapin Oak Single Cask - Dramfolks Whisky Auction<\/title>\n<meta name=\"robots\" content=\"index, follow, max-snippet:-1, max-image-preview:large, max-video-preview:-1\" \/>\n<link rel=\"canonical\" href=\"https:\/\/www.dramfolks-whisky-auction.com\/en\/product\/isle-of-raasay-na-sia-unpeated-chinkapin-oak-single-cask\/\" \/>\n<meta property=\"og:locale\" content=\"en_US\" \/>\n<meta property=\"og:type\" content=\"article\" \/>\n<meta property=\"og:title\" content=\"Isle of Raasay - Na Sia Unpeated Chinkapin Oak Single Cask - Dramfolks Whisky Auction\" \/>\n<meta property=\"og:description\" content=\"Destille: Isle of Raasay Das Gr\u00fcnderteam hinter der Marke Isle of Raasay besteht aus Bill Dobbie und Alasdair Day. Die beiden begannen 2017 mit dem Anbau der Gerstensorten Bere und Iskria im Ort Raasay. In Zusammenarbeit mit dortigen Kleinbauern baut die Brennerei nun in der Gegend die eigene Gerste an. Zur Trocknung der Gerste wird[...]\" \/>\n<meta property=\"og:url\" content=\"https:\/\/www.dramfolks-whisky-auction.com\/en\/product\/isle-of-raasay-na-sia-unpeated-chinkapin-oak-single-cask\/\" \/>\n<meta property=\"og:site_name\" content=\"Dramfolks Whisky Auction\" \/>\n<meta property=\"article:modified_time\" content=\"2023-09-20T18:53:12+00:00\" \/>\n<meta property=\"og:image\" content=\"https:\/\/www.dramfolks-whisky-auction.com\/wp-content\/uploads\/2023\/09\/rassay2-vorne-H-scaled.jpg\" \/>\n\t<meta property=\"og:image:width\" content=\"2560\" \/>\n\t<meta property=\"og:image:height\" content=\"2560\" \/>\n\t<meta property=\"og:image:type\" content=\"image\/jpeg\" \/>\n<meta name=\"twitter:card\" content=\"summary_large_image\" \/>\n<meta name=\"twitter:label1\" content=\"Est. reading time\" \/>\n\t<meta name=\"twitter:data1\" content=\"2 minutes\" \/>\n<script type=\"application\/ld+json\" class=\"yoast-schema-graph\">{\"@context\":\"https:\\\/\\\/schema.org\",\"@graph\":[{\"@type\":\"WebPage\",\"@id\":\"https:\\\/\\\/www.dramfolks-whisky-auction.com\\\/en\\\/product\\\/isle-of-raasay-na-sia-unpeated-chinkapin-oak-single-cask\\\/\",\"url\":\"https:\\\/\\\/www.dramfolks-whisky-auction.com\\\/en\\\/product\\\/isle-of-raasay-na-sia-unpeated-chinkapin-oak-single-cask\\\/\",\"name\":\"Isle of Raasay - Na Sia Unpeated Chinkapin Oak Single Cask - Dramfolks Whisky Auction\",\"isPartOf\":{\"@id\":\"https:\\\/\\\/www.dramfolks-whisky-auction.com\\\/en\\\/#website\"},\"primaryImageOfPage\":{\"@id\":\"https:\\\/\\\/www.dramfolks-whisky-auction.com\\\/en\\\/product\\\/isle-of-raasay-na-sia-unpeated-chinkapin-oak-single-cask\\\/#primaryimage\"},\"image\":{\"@id\":\"https:\\\/\\\/www.dramfolks-whisky-auction.com\\\/en\\\/product\\\/isle-of-raasay-na-sia-unpeated-chinkapin-oak-single-cask\\\/#primaryimage\"},\"thumbnailUrl\":\"https:\\\/\\\/www.dramfolks-whisky-auction.com\\\/wp-content\\\/uploads\\\/2023\\\/09\\\/rassay2-vorne-H-scaled.jpg\",\"datePublished\":\"2023-09-07T13:45:41+00:00\",\"dateModified\":\"2023-09-20T18:53:12+00:00\",\"breadcrumb\":{\"@id\":\"https:\\\/\\\/www.dramfolks-whisky-auction.com\\\/en\\\/product\\\/isle-of-raasay-na-sia-unpeated-chinkapin-oak-single-cask\\\/#breadcrumb\"},\"inLanguage\":\"en-US\",\"potentialAction\":[{\"@type\":\"ReadAction\",\"target\":[\"https:\\\/\\\/www.dramfolks-whisky-auction.com\\\/en\\\/product\\\/isle-of-raasay-na-sia-unpeated-chinkapin-oak-single-cask\\\/\"]}]},{\"@type\":\"ImageObject\",\"inLanguage\":\"en-US\",\"@id\":\"https:\\\/\\\/www.dramfolks-whisky-auction.com\\\/en\\\/product\\\/isle-of-raasay-na-sia-unpeated-chinkapin-oak-single-cask\\\/#primaryimage\",\"url\":\"https:\\\/\\\/www.dramfolks-whisky-auction.com\\\/wp-content\\\/uploads\\\/2023\\\/09\\\/rassay2-vorne-H-scaled.jpg\",\"contentUrl\":\"https:\\\/\\\/www.dramfolks-whisky-auction.com\\\/wp-content\\\/uploads\\\/2023\\\/09\\\/rassay2-vorne-H-scaled.jpg\",\"width\":2560,\"height\":2560},{\"@type\":\"BreadcrumbList\",\"@id\":\"https:\\\/\\\/www.dramfolks-whisky-auction.com\\\/en\\\/product\\\/isle-of-raasay-na-sia-unpeated-chinkapin-oak-single-cask\\\/#breadcrumb\",\"itemListElement\":[{\"@type\":\"ListItem\",\"position\":1,\"name\":\"Startseite\",\"item\":\"https:\\\/\\\/www.dramfolks-whisky-auction.com\\\/en\\\/\"},{\"@type\":\"ListItem\",\"position\":2,\"name\":\"Shop\",\"item\":\"https:\\\/\\\/www.dramfolks-whisky-auction.com\\\/en\\\/shop\\\/\"},{\"@type\":\"ListItem\",\"position\":3,\"name\":\"Isle of Raasay &#8211; Na Sia Unpeated Chinkapin Oak Single Cask\"}]},{\"@type\":\"WebSite\",\"@id\":\"https:\\\/\\\/www.dramfolks-whisky-auction.com\\\/en\\\/#website\",\"url\":\"https:\\\/\\\/www.dramfolks-whisky-auction.com\\\/en\\\/\",\"name\":\"Dramfolks Whisky Auction\",\"description\":\"\",\"potentialAction\":[{\"@type\":\"SearchAction\",\"target\":{\"@type\":\"EntryPoint\",\"urlTemplate\":\"https:\\\/\\\/www.dramfolks-whisky-auction.com\\\/en\\\/?s={search_term_string}\"},\"query-input\":{\"@type\":\"PropertyValueSpecification\",\"valueRequired\":true,\"valueName\":\"search_term_string\"}}],\"inLanguage\":\"en-US\"}]}<\/script>\n<!-- \/ Yoast SEO plugin. -->","yoast_head_json":{"title":"Isle of Raasay - Na Sia Unpeated Chinkapin Oak Single Cask - Dramfolks Whisky Auction","robots":{"index":"index","follow":"follow","max-snippet":"max-snippet:-1","max-image-preview":"max-image-preview:large","max-video-preview":"max-video-preview:-1"},"canonical":"https:\/\/www.dramfolks-whisky-auction.com\/en\/product\/isle-of-raasay-na-sia-unpeated-chinkapin-oak-single-cask\/","og_locale":"en_US","og_type":"article","og_title":"Isle of Raasay - Na Sia Unpeated Chinkapin Oak Single Cask - Dramfolks Whisky Auction","og_description":"Destille: Isle of Raasay Das Gr\u00fcnderteam hinter der Marke Isle of Raasay besteht aus Bill Dobbie und Alasdair Day. Die beiden begannen 2017 mit dem Anbau der Gerstensorten Bere und Iskria im Ort Raasay. In Zusammenarbeit mit dortigen Kleinbauern baut die Brennerei nun in der Gegend die eigene Gerste an. Zur Trocknung der Gerste wird[...]","og_url":"https:\/\/www.dramfolks-whisky-auction.com\/en\/product\/isle-of-raasay-na-sia-unpeated-chinkapin-oak-single-cask\/","og_site_name":"Dramfolks Whisky Auction","article_modified_time":"2023-09-20T18:53:12+00:00","og_image":[{"width":2560,"height":2560,"url":"https:\/\/www.dramfolks-whisky-auction.com\/wp-content\/uploads\/2023\/09\/rassay2-vorne-H-scaled.jpg","type":"image\/jpeg"}],"twitter_card":"summary_large_image","twitter_misc":{"Est. reading time":"2 minutes"},"schema":{"@context":"https:\/\/schema.org","@graph":[{"@type":"WebPage","@id":"https:\/\/www.dramfolks-whisky-auction.com\/en\/product\/isle-of-raasay-na-sia-unpeated-chinkapin-oak-single-cask\/","url":"https:\/\/www.dramfolks-whisky-auction.com\/en\/product\/isle-of-raasay-na-sia-unpeated-chinkapin-oak-single-cask\/","name":"Isle of Raasay - Na Sia Unpeated Chinkapin Oak Single Cask - Dramfolks Whisky Auction","isPartOf":{"@id":"https:\/\/www.dramfolks-whisky-auction.com\/en\/#website"},"primaryImageOfPage":{"@id":"https:\/\/www.dramfolks-whisky-auction.com\/en\/product\/isle-of-raasay-na-sia-unpeated-chinkapin-oak-single-cask\/#primaryimage"},"image":{"@id":"https:\/\/www.dramfolks-whisky-auction.com\/en\/product\/isle-of-raasay-na-sia-unpeated-chinkapin-oak-single-cask\/#primaryimage"},"thumbnailUrl":"https:\/\/www.dramfolks-whisky-auction.com\/wp-content\/uploads\/2023\/09\/rassay2-vorne-H-scaled.jpg","datePublished":"2023-09-07T13:45:41+00:00","dateModified":"2023-09-20T18:53:12+00:00","breadcrumb":{"@id":"https:\/\/www.dramfolks-whisky-auction.com\/en\/product\/isle-of-raasay-na-sia-unpeated-chinkapin-oak-single-cask\/#breadcrumb"},"inLanguage":"en-US","potentialAction":[{"@type":"ReadAction","target":["https:\/\/www.dramfolks-whisky-auction.com\/en\/product\/isle-of-raasay-na-sia-unpeated-chinkapin-oak-single-cask\/"]}]},{"@type":"ImageObject","inLanguage":"en-US","@id":"https:\/\/www.dramfolks-whisky-auction.com\/en\/product\/isle-of-raasay-na-sia-unpeated-chinkapin-oak-single-cask\/#primaryimage","url":"https:\/\/www.dramfolks-whisky-auction.com\/wp-content\/uploads\/2023\/09\/rassay2-vorne-H-scaled.jpg","contentUrl":"https:\/\/www.dramfolks-whisky-auction.com\/wp-content\/uploads\/2023\/09\/rassay2-vorne-H-scaled.jpg","width":2560,"height":2560},{"@type":"BreadcrumbList","@id":"https:\/\/www.dramfolks-whisky-auction.com\/en\/product\/isle-of-raasay-na-sia-unpeated-chinkapin-oak-single-cask\/#breadcrumb","itemListElement":[{"@type":"ListItem","position":1,"name":"Startseite","item":"https:\/\/www.dramfolks-whisky-auction.com\/en\/"},{"@type":"ListItem","position":2,"name":"Shop","item":"https:\/\/www.dramfolks-whisky-auction.com\/en\/shop\/"},{"@type":"ListItem","position":3,"name":"Isle of Raasay &#8211; Na Sia Unpeated Chinkapin Oak Single Cask"}]},{"@type":"WebSite","@id":"https:\/\/www.dramfolks-whisky-auction.com\/en\/#website","url":"https:\/\/www.dramfolks-whisky-auction.com\/en\/","name":"Dramfolks Whisky Auction","description":"","potentialAction":[{"@type":"SearchAction","target":{"@type":"EntryPoint","urlTemplate":"https:\/\/www.dramfolks-whisky-auction.com\/en\/?s={search_term_string}"},"query-input":{"@type":"PropertyValueSpecification","valueRequired":true,"valueName":"search_term_string"}}],"inLanguage":"en-US"}]}},"_links":{"self":[{"href":"https:\/\/www.dramfolks-whisky-auction.com\/en\/wp-json\/wp\/v2\/product\/3879","targetHints":{"allow":["GET"]}}],"collection":[{"href":"https:\/\/www.dramfolks-whisky-auction.com\/en\/wp-json\/wp\/v2\/product"}],"about":[{"href":"https:\/\/www.dramfolks-whisky-auction.com\/en\/wp-json\/wp\/v2\/types\/product"}],"replies":[{"embeddable":true,"href":"https:\/\/www.dramfolks-whisky-auction.com\/en\/wp-json\/wp\/v2\/comments?post=3879"}],"wp:featuredmedia":[{"embeddable":true,"href":"https:\/\/www.dramfolks-whisky-auction.com\/en\/wp-json\/wp\/v2\/media\/3880"}],"wp:attachment":[{"href":"https:\/\/www.dramfolks-whisky-auction.com\/en\/wp-json\/wp\/v2\/media?parent=3879"}],"wp:term":[{"taxonomy":"product_brand","embeddable":true,"href":"https:\/\/www.dramfolks-whisky-auction.com\/en\/wp-json\/wp\/v2\/product_brand?post=3879"},{"taxonomy":"product_cat","embeddable":true,"href":"https:\/\/www.dramfolks-whisky-auction.com\/en\/wp-json\/wp\/v2\/product_cat?post=3879"},{"taxonomy":"product_tag","embeddable":true,"href":"https:\/\/www.dramfolks-whisky-auction.com\/en\/wp-json\/wp\/v2\/product_tag?post=3879"}],"curies":[{"name":"wp","href":"https:\/\/api.w.org\/{rel}","templated":true}]}}