{"id":3872,"date":"2023-09-07T15:30:32","date_gmt":"2023-09-07T13:30:32","guid":{"rendered":"https:\/\/www.dramfolks-whisky-auction.com\/?post_type=product&#038;p=3872"},"modified":"2023-12-11T20:46:11","modified_gmt":"2023-12-11T19:46:11","slug":"isle-of-raasay-raasay-special-release-2022-sherry-cask-finished","status":"publish","type":"product","link":"https:\/\/www.dramfolks-whisky-auction.com\/en\/product\/isle-of-raasay-raasay-special-release-2022-sherry-cask-finished\/","title":{"rendered":"Isle of Raasay &#8211; Raasay Special Release 2022 (Sherry Cask Finished)"},"content":{"rendered":"<p><strong>Destille: Isle of Raasay<br \/>\n<\/strong>Das Gr\u00fcnderteam hinter der Marke Isle of Raasay besteht aus Bill Dobbie und Alasdair Day. Die beiden begannen 2017 mit dem Anbau der Gerstensorten Bere und Iskria im Ort Raasay. In Zusammenarbeit mit dortigen Kleinbauern baut die Brennerei nun in der Gegend die eigene Gerste an. Zur Trocknung der Gerste wird lokaler Torf verwendet. Raasay ist bem\u00fcht, diese Art der Zusammenarbeit auszudehnen, um einen 100-prozentig regionalen Isle of Raasay Single Malt herzustellen. Die Hebrideninsel ist gepr\u00e4gt von wilder Natur und ungleichm\u00e4\u00dfigen Fl\u00e4chen.<\/p>\n<p><strong>Fun Fakt:\u00a0<\/strong>Die Flaschenform stellt ein Spiegelbild der Insellandschaft dar.<\/p>\n<p><strong>Whisky\/Whiskey: Raasay Special Release 2022 (Sherry Cask Finished)<br \/>\n<\/strong>Isle of Raasay nutzt f\u00fcr ihre Core Range eine Sechs Fass Rezeptur. Bei der j\u00e4hrlich erscheinenden Distillery Special Release kreiert die Brennerei einen Single Malt Whisky welcher sich vom typischen Brennereistil unterscheidet. Nach der anf\u00e4nglichen Reifung in Rye Whiskyf\u00e4ssern erhielt dieses Malt ein Finish in einer Kombination aus Pedro Xim\u00e9nez und Oloroso Sherry Quarter Casks. Dies sorgt f\u00fcr einen Whisky mit pfeffrigen Gew\u00fcrzen, Mandeln und N\u00fcssen. Dazu kommen s\u00fc\u00dfe Fr\u00fcchte, blumige Noten sowie Muskatnuss und Nelken. Es ist der allererste &#8220;sherryfassfertige&#8221; Whisky von Raasay, der als Destillerie-Sonderver\u00f6ffentlichung auf den Markt gekommen ist. Ungefiltert und mit seiner nat\u00fcrlichen Farbe wird dieser Malt mit kr\u00e4ftigen 52 % vol in die Flasche abgef\u00fcllt. Torfgehalt: Gerste 48-52ppm und limitiert auf 9.000 Flaschen.<\/p>\n<p><strong>Info Qualit\u00e4t der Flasche:<\/strong> Exzellent &#8211; ohne Besch\u00e4digungen \/ <strong>F\u00fcllstand:<\/strong> Top shoulder<br \/>\n<strong>Info Qualit\u00e4t der Box:\u00a0<\/strong>Exzellent &#8211; ohne Besch\u00e4digungen<\/p>\n<p><strong>Wichtiger Hinweis:<\/strong> Die Bewertung der Flaschen und Boxen erfolgt nach \u201ebesten Wissen und Gewissen\u201c. dramfolks kann keine Gew\u00e4hrleistung f\u00fcr den Inhalt der Flaschen \u00fcbernehmen. Weitere Infos &amp; Hinweise finden Sie in unseren AGBs. Wir empfehlen Ihnen, vor der Abgabe von Geboten \u00fcber die Zoomfunktion eine Besichtigung \/ genaue Pr\u00fcfung des angebotenen Whiskys vorzunehmen. Bitte kontaktieren sie uns bei Fragen direkt unter info@dramfolks.com<\/p>\n","protected":false},"excerpt":{"rendered":"<p>Destille: Isle of Raasay Das Gr\u00fcnderteam hinter der Marke Isle of Raasay besteht aus Bill Dobbie und Alasdair Day. Die beiden begannen 2017 mit dem Anbau der Gerstensorten Bere und Iskria im Ort Raasay. In Zusammenarbeit mit dortigen Kleinbauern baut die Brennerei nun in der Gegend die eigene Gerste an. Zur Trocknung der Gerste wird[&#8230;]\n","protected":false},"featured_media":3873,"comment_status":"closed","ping_status":"closed","template":"","meta":[],"product_brand":[],"product_cat":[539],"product_tag":[],"class_list":{"0":"post-3872","1":"product","2":"type-product","3":"status-publish","4":"has-post-thumbnail","6":"product_cat-no-6","8":"first","9":"instock","10":"shipping-taxable","11":"purchasable","12":"product-type-auction"},"yoast_head":"<!-- This site is optimized with the Yoast SEO plugin v27.4 - https:\/\/yoast.com\/product\/yoast-seo-wordpress\/ -->\n<title>Isle of Raasay - Raasay Special Release 2022 (Sherry Cask Finished) - Dramfolks Whisky Auction<\/title>\n<meta name=\"robots\" content=\"index, follow, max-snippet:-1, max-image-preview:large, max-video-preview:-1\" \/>\n<link rel=\"canonical\" href=\"https:\/\/www.dramfolks-whisky-auction.com\/en\/product\/isle-of-raasay-raasay-special-release-2022-sherry-cask-finished\/\" \/>\n<meta property=\"og:locale\" content=\"en_US\" \/>\n<meta property=\"og:type\" content=\"article\" \/>\n<meta property=\"og:title\" content=\"Isle of Raasay - Raasay Special Release 2022 (Sherry Cask Finished) - Dramfolks Whisky Auction\" \/>\n<meta property=\"og:description\" content=\"Destille: Isle of Raasay Das Gr\u00fcnderteam hinter der Marke Isle of Raasay besteht aus Bill Dobbie und Alasdair Day. Die beiden begannen 2017 mit dem Anbau der Gerstensorten Bere und Iskria im Ort Raasay. In Zusammenarbeit mit dortigen Kleinbauern baut die Brennerei nun in der Gegend die eigene Gerste an. Zur Trocknung der Gerste wird[...]\" \/>\n<meta property=\"og:url\" content=\"https:\/\/www.dramfolks-whisky-auction.com\/en\/product\/isle-of-raasay-raasay-special-release-2022-sherry-cask-finished\/\" \/>\n<meta property=\"og:site_name\" content=\"Dramfolks Whisky Auction\" \/>\n<meta property=\"article:modified_time\" content=\"2023-12-11T19:46:11+00:00\" \/>\n<meta property=\"og:image\" content=\"https:\/\/www.dramfolks-whisky-auction.com\/wp-content\/uploads\/2023\/09\/rasaay-vorne-H-scaled.jpg\" \/>\n\t<meta property=\"og:image:width\" content=\"2560\" \/>\n\t<meta property=\"og:image:height\" content=\"2560\" \/>\n\t<meta property=\"og:image:type\" content=\"image\/jpeg\" \/>\n<meta name=\"twitter:card\" content=\"summary_large_image\" \/>\n<meta name=\"twitter:label1\" content=\"Est. reading time\" \/>\n\t<meta name=\"twitter:data1\" content=\"2 minutes\" \/>\n<script type=\"application\/ld+json\" class=\"yoast-schema-graph\">{\"@context\":\"https:\\\/\\\/schema.org\",\"@graph\":[{\"@type\":\"WebPage\",\"@id\":\"https:\\\/\\\/www.dramfolks-whisky-auction.com\\\/en\\\/product\\\/isle-of-raasay-raasay-special-release-2022-sherry-cask-finished\\\/\",\"url\":\"https:\\\/\\\/www.dramfolks-whisky-auction.com\\\/en\\\/product\\\/isle-of-raasay-raasay-special-release-2022-sherry-cask-finished\\\/\",\"name\":\"Isle of Raasay - Raasay Special Release 2022 (Sherry Cask Finished) - Dramfolks Whisky Auction\",\"isPartOf\":{\"@id\":\"https:\\\/\\\/www.dramfolks-whisky-auction.com\\\/en\\\/#website\"},\"primaryImageOfPage\":{\"@id\":\"https:\\\/\\\/www.dramfolks-whisky-auction.com\\\/en\\\/product\\\/isle-of-raasay-raasay-special-release-2022-sherry-cask-finished\\\/#primaryimage\"},\"image\":{\"@id\":\"https:\\\/\\\/www.dramfolks-whisky-auction.com\\\/en\\\/product\\\/isle-of-raasay-raasay-special-release-2022-sherry-cask-finished\\\/#primaryimage\"},\"thumbnailUrl\":\"https:\\\/\\\/www.dramfolks-whisky-auction.com\\\/wp-content\\\/uploads\\\/2023\\\/09\\\/rasaay-vorne-H-scaled.jpg\",\"datePublished\":\"2023-09-07T13:30:32+00:00\",\"dateModified\":\"2023-12-11T19:46:11+00:00\",\"breadcrumb\":{\"@id\":\"https:\\\/\\\/www.dramfolks-whisky-auction.com\\\/en\\\/product\\\/isle-of-raasay-raasay-special-release-2022-sherry-cask-finished\\\/#breadcrumb\"},\"inLanguage\":\"en-US\",\"potentialAction\":[{\"@type\":\"ReadAction\",\"target\":[\"https:\\\/\\\/www.dramfolks-whisky-auction.com\\\/en\\\/product\\\/isle-of-raasay-raasay-special-release-2022-sherry-cask-finished\\\/\"]}]},{\"@type\":\"ImageObject\",\"inLanguage\":\"en-US\",\"@id\":\"https:\\\/\\\/www.dramfolks-whisky-auction.com\\\/en\\\/product\\\/isle-of-raasay-raasay-special-release-2022-sherry-cask-finished\\\/#primaryimage\",\"url\":\"https:\\\/\\\/www.dramfolks-whisky-auction.com\\\/wp-content\\\/uploads\\\/2023\\\/09\\\/rasaay-vorne-H-scaled.jpg\",\"contentUrl\":\"https:\\\/\\\/www.dramfolks-whisky-auction.com\\\/wp-content\\\/uploads\\\/2023\\\/09\\\/rasaay-vorne-H-scaled.jpg\",\"width\":2560,\"height\":2560},{\"@type\":\"BreadcrumbList\",\"@id\":\"https:\\\/\\\/www.dramfolks-whisky-auction.com\\\/en\\\/product\\\/isle-of-raasay-raasay-special-release-2022-sherry-cask-finished\\\/#breadcrumb\",\"itemListElement\":[{\"@type\":\"ListItem\",\"position\":1,\"name\":\"Startseite\",\"item\":\"https:\\\/\\\/www.dramfolks-whisky-auction.com\\\/en\\\/\"},{\"@type\":\"ListItem\",\"position\":2,\"name\":\"Shop\",\"item\":\"https:\\\/\\\/www.dramfolks-whisky-auction.com\\\/en\\\/shop\\\/\"},{\"@type\":\"ListItem\",\"position\":3,\"name\":\"Isle of Raasay &#8211; Raasay Special Release 2022 (Sherry Cask Finished)\"}]},{\"@type\":\"WebSite\",\"@id\":\"https:\\\/\\\/www.dramfolks-whisky-auction.com\\\/en\\\/#website\",\"url\":\"https:\\\/\\\/www.dramfolks-whisky-auction.com\\\/en\\\/\",\"name\":\"Dramfolks Whisky Auction\",\"description\":\"\",\"potentialAction\":[{\"@type\":\"SearchAction\",\"target\":{\"@type\":\"EntryPoint\",\"urlTemplate\":\"https:\\\/\\\/www.dramfolks-whisky-auction.com\\\/en\\\/?s={search_term_string}\"},\"query-input\":{\"@type\":\"PropertyValueSpecification\",\"valueRequired\":true,\"valueName\":\"search_term_string\"}}],\"inLanguage\":\"en-US\"}]}<\/script>\n<!-- \/ Yoast SEO plugin. -->","yoast_head_json":{"title":"Isle of Raasay - Raasay Special Release 2022 (Sherry Cask Finished) - Dramfolks Whisky Auction","robots":{"index":"index","follow":"follow","max-snippet":"max-snippet:-1","max-image-preview":"max-image-preview:large","max-video-preview":"max-video-preview:-1"},"canonical":"https:\/\/www.dramfolks-whisky-auction.com\/en\/product\/isle-of-raasay-raasay-special-release-2022-sherry-cask-finished\/","og_locale":"en_US","og_type":"article","og_title":"Isle of Raasay - Raasay Special Release 2022 (Sherry Cask Finished) - Dramfolks Whisky Auction","og_description":"Destille: Isle of Raasay Das Gr\u00fcnderteam hinter der Marke Isle of Raasay besteht aus Bill Dobbie und Alasdair Day. Die beiden begannen 2017 mit dem Anbau der Gerstensorten Bere und Iskria im Ort Raasay. In Zusammenarbeit mit dortigen Kleinbauern baut die Brennerei nun in der Gegend die eigene Gerste an. Zur Trocknung der Gerste wird[...]","og_url":"https:\/\/www.dramfolks-whisky-auction.com\/en\/product\/isle-of-raasay-raasay-special-release-2022-sherry-cask-finished\/","og_site_name":"Dramfolks Whisky Auction","article_modified_time":"2023-12-11T19:46:11+00:00","og_image":[{"width":2560,"height":2560,"url":"https:\/\/www.dramfolks-whisky-auction.com\/wp-content\/uploads\/2023\/09\/rasaay-vorne-H-scaled.jpg","type":"image\/jpeg"}],"twitter_card":"summary_large_image","twitter_misc":{"Est. reading time":"2 minutes"},"schema":{"@context":"https:\/\/schema.org","@graph":[{"@type":"WebPage","@id":"https:\/\/www.dramfolks-whisky-auction.com\/en\/product\/isle-of-raasay-raasay-special-release-2022-sherry-cask-finished\/","url":"https:\/\/www.dramfolks-whisky-auction.com\/en\/product\/isle-of-raasay-raasay-special-release-2022-sherry-cask-finished\/","name":"Isle of Raasay - Raasay Special Release 2022 (Sherry Cask Finished) - Dramfolks Whisky Auction","isPartOf":{"@id":"https:\/\/www.dramfolks-whisky-auction.com\/en\/#website"},"primaryImageOfPage":{"@id":"https:\/\/www.dramfolks-whisky-auction.com\/en\/product\/isle-of-raasay-raasay-special-release-2022-sherry-cask-finished\/#primaryimage"},"image":{"@id":"https:\/\/www.dramfolks-whisky-auction.com\/en\/product\/isle-of-raasay-raasay-special-release-2022-sherry-cask-finished\/#primaryimage"},"thumbnailUrl":"https:\/\/www.dramfolks-whisky-auction.com\/wp-content\/uploads\/2023\/09\/rasaay-vorne-H-scaled.jpg","datePublished":"2023-09-07T13:30:32+00:00","dateModified":"2023-12-11T19:46:11+00:00","breadcrumb":{"@id":"https:\/\/www.dramfolks-whisky-auction.com\/en\/product\/isle-of-raasay-raasay-special-release-2022-sherry-cask-finished\/#breadcrumb"},"inLanguage":"en-US","potentialAction":[{"@type":"ReadAction","target":["https:\/\/www.dramfolks-whisky-auction.com\/en\/product\/isle-of-raasay-raasay-special-release-2022-sherry-cask-finished\/"]}]},{"@type":"ImageObject","inLanguage":"en-US","@id":"https:\/\/www.dramfolks-whisky-auction.com\/en\/product\/isle-of-raasay-raasay-special-release-2022-sherry-cask-finished\/#primaryimage","url":"https:\/\/www.dramfolks-whisky-auction.com\/wp-content\/uploads\/2023\/09\/rasaay-vorne-H-scaled.jpg","contentUrl":"https:\/\/www.dramfolks-whisky-auction.com\/wp-content\/uploads\/2023\/09\/rasaay-vorne-H-scaled.jpg","width":2560,"height":2560},{"@type":"BreadcrumbList","@id":"https:\/\/www.dramfolks-whisky-auction.com\/en\/product\/isle-of-raasay-raasay-special-release-2022-sherry-cask-finished\/#breadcrumb","itemListElement":[{"@type":"ListItem","position":1,"name":"Startseite","item":"https:\/\/www.dramfolks-whisky-auction.com\/en\/"},{"@type":"ListItem","position":2,"name":"Shop","item":"https:\/\/www.dramfolks-whisky-auction.com\/en\/shop\/"},{"@type":"ListItem","position":3,"name":"Isle of Raasay &#8211; Raasay Special Release 2022 (Sherry Cask Finished)"}]},{"@type":"WebSite","@id":"https:\/\/www.dramfolks-whisky-auction.com\/en\/#website","url":"https:\/\/www.dramfolks-whisky-auction.com\/en\/","name":"Dramfolks Whisky Auction","description":"","potentialAction":[{"@type":"SearchAction","target":{"@type":"EntryPoint","urlTemplate":"https:\/\/www.dramfolks-whisky-auction.com\/en\/?s={search_term_string}"},"query-input":{"@type":"PropertyValueSpecification","valueRequired":true,"valueName":"search_term_string"}}],"inLanguage":"en-US"}]}},"_links":{"self":[{"href":"https:\/\/www.dramfolks-whisky-auction.com\/en\/wp-json\/wp\/v2\/product\/3872","targetHints":{"allow":["GET"]}}],"collection":[{"href":"https:\/\/www.dramfolks-whisky-auction.com\/en\/wp-json\/wp\/v2\/product"}],"about":[{"href":"https:\/\/www.dramfolks-whisky-auction.com\/en\/wp-json\/wp\/v2\/types\/product"}],"replies":[{"embeddable":true,"href":"https:\/\/www.dramfolks-whisky-auction.com\/en\/wp-json\/wp\/v2\/comments?post=3872"}],"wp:featuredmedia":[{"embeddable":true,"href":"https:\/\/www.dramfolks-whisky-auction.com\/en\/wp-json\/wp\/v2\/media\/3873"}],"wp:attachment":[{"href":"https:\/\/www.dramfolks-whisky-auction.com\/en\/wp-json\/wp\/v2\/media?parent=3872"}],"wp:term":[{"taxonomy":"product_brand","embeddable":true,"href":"https:\/\/www.dramfolks-whisky-auction.com\/en\/wp-json\/wp\/v2\/product_brand?post=3872"},{"taxonomy":"product_cat","embeddable":true,"href":"https:\/\/www.dramfolks-whisky-auction.com\/en\/wp-json\/wp\/v2\/product_cat?post=3872"},{"taxonomy":"product_tag","embeddable":true,"href":"https:\/\/www.dramfolks-whisky-auction.com\/en\/wp-json\/wp\/v2\/product_tag?post=3872"}],"curies":[{"name":"wp","href":"https:\/\/api.w.org\/{rel}","templated":true}]}}