{"id":3730142,"date":"2025-06-14T18:25:36","date_gmt":"2025-06-14T16:25:36","guid":{"rendered":"https:\/\/www.dramfolks-whisky-auction.com\/?post_type=product&#038;p=3730142"},"modified":"2025-06-28T19:45:58","modified_gmt":"2025-06-28T17:45:58","slug":"royal-salute-21yo-wade-decanter","status":"publish","type":"product","link":"https:\/\/www.dramfolks-whisky-auction.com\/en\/product\/royal-salute-21yo-wade-decanter\/","title":{"rendered":"Royal Salute 21yo wade decanter"},"content":{"rendered":"<p><strong>Destille: unbekannt<\/strong><\/p>\n<p><strong>Fun fact:<\/strong> &#8211;<\/p>\n<p><strong>Whisky\/Whiskey: Royal Salute 21yo wade decanter<\/strong><br \/>\nEin Chivas Regal&#8230; ein Royal Salute&#8230; ein 21-J\u00e4hriger Blend&#8230; Als Gewinner des International Spirits Challenge 2013 Gold Award ist dieser Malz ein kleines Juwel. Drei verschiedenfarbige Karaffen wurden von Chivas Regal in Auftrag gegeben, um die Mischung zu tragen. Dieser, hergestellt von Wade Porzellan, ist mit einer smaragdgr\u00fcnen Glasur veredelt und heute unter Sammlern nur noch selten zu finden. KEINE BOX vorhanden!<\/p>\n<p><strong>Sidenote zum Abf\u00fcller: <\/strong>Chivas Regal ist eine Whisky-Marke der Firma Chivas Brothers Ltd., seit 2001 ein Tochterunternehmen des Pernod-Ricard-Konzerns. Der Name leitet sich vom Schloss Schivas am Fluss Ythan in der schottischen Provinz Aberdeenshire ab. \u00dcberregional bekannt wurde die Firma, seit sie ab 1843 den k\u00f6niglichen Hof von K\u00f6nigin Victoria in Balmoral Castle belieferte (engl. regal = k\u00f6niglich, majest\u00e4tisch).<br \/>\n1801 er\u00f6ffneten die Br\u00fcder James und John Chivas (engl. Chivas Brothers) in Aberdeen ein Handelsunternehmen f\u00fcr Whiskys und Lebensmittel. Bereits seit dem Ende des 19. Jahrhunderts international vertrieben, ist der Whisky laut Herstellerangaben \u201eder ber\u00fchmteste Premium-Whisky\u201c und das Unternehmen der zweitgr\u00f6\u00dfte Hersteller von Scotch Whisky.<\/p>\n<p><strong>Info Qualit\u00e4t der Flasche:<\/strong> Exzellent ohne Besch\u00e4digungen \/ <strong>F\u00fcllstand:<\/strong> Top shoulder<br \/>\n<strong>Info Qualit\u00e4t der Box:<\/strong> keine Box vorhanden<\/p>\n<p><strong>Wichtiger Hinweis:<\/strong> Die Bewertung der Flaschen und Boxen erfolgt nach \u201ebesten Wissen und Gewissen\u201c. dramfolks kann keine Gew\u00e4hrleistung f\u00fcr den Inhalt der Flaschen \u00fcbernehmen. Weitere Infos &amp; Hinweise finden Sie in unseren AGBs. Wir empfehlen Ihnen, vor der Abgabe von Geboten \u00fcber die Zoomfunktion eine Besichtigung \/ genaue Pr\u00fcfung des angebotenen Whiskys vorzunehmen. Bitte kontaktieren sie uns bei Fragen direkt unter info@dramfolks.com<\/p>\n","protected":false},"excerpt":{"rendered":"<p>Destille: unbekannt Fun fact: &#8211; Whisky\/Whiskey: Royal Salute 21yo wade decanter Ein Chivas Regal&#8230; ein Royal Salute&#8230; ein 21-J\u00e4hriger Blend&#8230; Als Gewinner des International Spirits Challenge 2013 Gold Award ist dieser Malz ein kleines Juwel. Drei verschiedenfarbige Karaffen wurden von Chivas Regal in Auftrag gegeben, um die Mischung zu tragen. Dieser, hergestellt von Wade Porzellan,[&#8230;]\n","protected":false},"featured_media":3711264,"comment_status":"closed","ping_status":"closed","template":"","meta":[],"product_brand":[],"product_cat":[1135],"product_tag":[],"class_list":{"0":"post-3730142","1":"product","2":"type-product","3":"status-publish","4":"has-post-thumbnail","6":"product_cat-no-18","8":"first","9":"instock","10":"shipping-taxable","11":"purchasable","12":"product-type-auction"},"yoast_head":"<!-- This site is optimized with the Yoast SEO plugin v27.4 - https:\/\/yoast.com\/product\/yoast-seo-wordpress\/ -->\n<title>Royal Salute 21yo wade decanter - Dramfolks Whisky Auction<\/title>\n<meta name=\"robots\" content=\"index, follow, max-snippet:-1, max-image-preview:large, max-video-preview:-1\" \/>\n<link rel=\"canonical\" href=\"https:\/\/www.dramfolks-whisky-auction.com\/en\/product\/royal-salute-21yo-wade-decanter\/\" \/>\n<meta property=\"og:locale\" content=\"en_US\" \/>\n<meta property=\"og:type\" content=\"article\" \/>\n<meta property=\"og:title\" content=\"Royal Salute 21yo wade decanter - Dramfolks Whisky Auction\" \/>\n<meta property=\"og:description\" content=\"Destille: unbekannt Fun fact: &#8211; Whisky\/Whiskey: Royal Salute 21yo wade decanter Ein Chivas Regal&#8230; ein Royal Salute&#8230; ein 21-J\u00e4hriger Blend&#8230; Als Gewinner des International Spirits Challenge 2013 Gold Award ist dieser Malz ein kleines Juwel. Drei verschiedenfarbige Karaffen wurden von Chivas Regal in Auftrag gegeben, um die Mischung zu tragen. Dieser, hergestellt von Wade Porzellan,[...]\" \/>\n<meta property=\"og:url\" content=\"https:\/\/www.dramfolks-whisky-auction.com\/en\/product\/royal-salute-21yo-wade-decanter\/\" \/>\n<meta property=\"og:site_name\" content=\"Dramfolks Whisky Auction\" \/>\n<meta property=\"article:modified_time\" content=\"2025-06-28T17:45:58+00:00\" \/>\n<meta property=\"og:image\" content=\"https:\/\/www.dramfolks-whisky-auction.com\/wp-content\/uploads\/2025\/06\/Chivas-Royal-Salute-vorne-scaled.jpg\" \/>\n\t<meta property=\"og:image:width\" content=\"2560\" \/>\n\t<meta property=\"og:image:height\" content=\"2560\" \/>\n\t<meta property=\"og:image:type\" content=\"image\/jpeg\" \/>\n<meta name=\"twitter:card\" content=\"summary_large_image\" \/>\n<meta name=\"twitter:label1\" content=\"Est. reading time\" \/>\n\t<meta name=\"twitter:data1\" content=\"2 minutes\" \/>\n<script type=\"application\/ld+json\" class=\"yoast-schema-graph\">{\"@context\":\"https:\\\/\\\/schema.org\",\"@graph\":[{\"@type\":\"WebPage\",\"@id\":\"https:\\\/\\\/www.dramfolks-whisky-auction.com\\\/en\\\/product\\\/royal-salute-21yo-wade-decanter\\\/\",\"url\":\"https:\\\/\\\/www.dramfolks-whisky-auction.com\\\/en\\\/product\\\/royal-salute-21yo-wade-decanter\\\/\",\"name\":\"Royal Salute 21yo wade decanter - Dramfolks Whisky Auction\",\"isPartOf\":{\"@id\":\"https:\\\/\\\/www.dramfolks-whisky-auction.com\\\/en\\\/#website\"},\"primaryImageOfPage\":{\"@id\":\"https:\\\/\\\/www.dramfolks-whisky-auction.com\\\/en\\\/product\\\/royal-salute-21yo-wade-decanter\\\/#primaryimage\"},\"image\":{\"@id\":\"https:\\\/\\\/www.dramfolks-whisky-auction.com\\\/en\\\/product\\\/royal-salute-21yo-wade-decanter\\\/#primaryimage\"},\"thumbnailUrl\":\"https:\\\/\\\/www.dramfolks-whisky-auction.com\\\/wp-content\\\/uploads\\\/2025\\\/06\\\/Chivas-Royal-Salute-vorne-scaled.jpg\",\"datePublished\":\"2025-06-14T16:25:36+00:00\",\"dateModified\":\"2025-06-28T17:45:58+00:00\",\"breadcrumb\":{\"@id\":\"https:\\\/\\\/www.dramfolks-whisky-auction.com\\\/en\\\/product\\\/royal-salute-21yo-wade-decanter\\\/#breadcrumb\"},\"inLanguage\":\"en-US\",\"potentialAction\":[{\"@type\":\"ReadAction\",\"target\":[\"https:\\\/\\\/www.dramfolks-whisky-auction.com\\\/en\\\/product\\\/royal-salute-21yo-wade-decanter\\\/\"]}]},{\"@type\":\"ImageObject\",\"inLanguage\":\"en-US\",\"@id\":\"https:\\\/\\\/www.dramfolks-whisky-auction.com\\\/en\\\/product\\\/royal-salute-21yo-wade-decanter\\\/#primaryimage\",\"url\":\"https:\\\/\\\/www.dramfolks-whisky-auction.com\\\/wp-content\\\/uploads\\\/2025\\\/06\\\/Chivas-Royal-Salute-vorne-scaled.jpg\",\"contentUrl\":\"https:\\\/\\\/www.dramfolks-whisky-auction.com\\\/wp-content\\\/uploads\\\/2025\\\/06\\\/Chivas-Royal-Salute-vorne-scaled.jpg\",\"width\":2560,\"height\":2560},{\"@type\":\"BreadcrumbList\",\"@id\":\"https:\\\/\\\/www.dramfolks-whisky-auction.com\\\/en\\\/product\\\/royal-salute-21yo-wade-decanter\\\/#breadcrumb\",\"itemListElement\":[{\"@type\":\"ListItem\",\"position\":1,\"name\":\"Startseite\",\"item\":\"https:\\\/\\\/www.dramfolks-whisky-auction.com\\\/en\\\/\"},{\"@type\":\"ListItem\",\"position\":2,\"name\":\"Shop\",\"item\":\"https:\\\/\\\/www.dramfolks-whisky-auction.com\\\/en\\\/shop\\\/\"},{\"@type\":\"ListItem\",\"position\":3,\"name\":\"Royal Salute 21yo wade decanter\"}]},{\"@type\":\"WebSite\",\"@id\":\"https:\\\/\\\/www.dramfolks-whisky-auction.com\\\/en\\\/#website\",\"url\":\"https:\\\/\\\/www.dramfolks-whisky-auction.com\\\/en\\\/\",\"name\":\"Dramfolks Whisky Auction\",\"description\":\"\",\"potentialAction\":[{\"@type\":\"SearchAction\",\"target\":{\"@type\":\"EntryPoint\",\"urlTemplate\":\"https:\\\/\\\/www.dramfolks-whisky-auction.com\\\/en\\\/?s={search_term_string}\"},\"query-input\":{\"@type\":\"PropertyValueSpecification\",\"valueRequired\":true,\"valueName\":\"search_term_string\"}}],\"inLanguage\":\"en-US\"}]}<\/script>\n<!-- \/ Yoast SEO plugin. -->","yoast_head_json":{"title":"Royal Salute 21yo wade decanter - Dramfolks Whisky Auction","robots":{"index":"index","follow":"follow","max-snippet":"max-snippet:-1","max-image-preview":"max-image-preview:large","max-video-preview":"max-video-preview:-1"},"canonical":"https:\/\/www.dramfolks-whisky-auction.com\/en\/product\/royal-salute-21yo-wade-decanter\/","og_locale":"en_US","og_type":"article","og_title":"Royal Salute 21yo wade decanter - Dramfolks Whisky Auction","og_description":"Destille: unbekannt Fun fact: &#8211; Whisky\/Whiskey: Royal Salute 21yo wade decanter Ein Chivas Regal&#8230; ein Royal Salute&#8230; ein 21-J\u00e4hriger Blend&#8230; Als Gewinner des International Spirits Challenge 2013 Gold Award ist dieser Malz ein kleines Juwel. Drei verschiedenfarbige Karaffen wurden von Chivas Regal in Auftrag gegeben, um die Mischung zu tragen. Dieser, hergestellt von Wade Porzellan,[...]","og_url":"https:\/\/www.dramfolks-whisky-auction.com\/en\/product\/royal-salute-21yo-wade-decanter\/","og_site_name":"Dramfolks Whisky Auction","article_modified_time":"2025-06-28T17:45:58+00:00","og_image":[{"width":2560,"height":2560,"url":"https:\/\/www.dramfolks-whisky-auction.com\/wp-content\/uploads\/2025\/06\/Chivas-Royal-Salute-vorne-scaled.jpg","type":"image\/jpeg"}],"twitter_card":"summary_large_image","twitter_misc":{"Est. reading time":"2 minutes"},"schema":{"@context":"https:\/\/schema.org","@graph":[{"@type":"WebPage","@id":"https:\/\/www.dramfolks-whisky-auction.com\/en\/product\/royal-salute-21yo-wade-decanter\/","url":"https:\/\/www.dramfolks-whisky-auction.com\/en\/product\/royal-salute-21yo-wade-decanter\/","name":"Royal Salute 21yo wade decanter - Dramfolks Whisky Auction","isPartOf":{"@id":"https:\/\/www.dramfolks-whisky-auction.com\/en\/#website"},"primaryImageOfPage":{"@id":"https:\/\/www.dramfolks-whisky-auction.com\/en\/product\/royal-salute-21yo-wade-decanter\/#primaryimage"},"image":{"@id":"https:\/\/www.dramfolks-whisky-auction.com\/en\/product\/royal-salute-21yo-wade-decanter\/#primaryimage"},"thumbnailUrl":"https:\/\/www.dramfolks-whisky-auction.com\/wp-content\/uploads\/2025\/06\/Chivas-Royal-Salute-vorne-scaled.jpg","datePublished":"2025-06-14T16:25:36+00:00","dateModified":"2025-06-28T17:45:58+00:00","breadcrumb":{"@id":"https:\/\/www.dramfolks-whisky-auction.com\/en\/product\/royal-salute-21yo-wade-decanter\/#breadcrumb"},"inLanguage":"en-US","potentialAction":[{"@type":"ReadAction","target":["https:\/\/www.dramfolks-whisky-auction.com\/en\/product\/royal-salute-21yo-wade-decanter\/"]}]},{"@type":"ImageObject","inLanguage":"en-US","@id":"https:\/\/www.dramfolks-whisky-auction.com\/en\/product\/royal-salute-21yo-wade-decanter\/#primaryimage","url":"https:\/\/www.dramfolks-whisky-auction.com\/wp-content\/uploads\/2025\/06\/Chivas-Royal-Salute-vorne-scaled.jpg","contentUrl":"https:\/\/www.dramfolks-whisky-auction.com\/wp-content\/uploads\/2025\/06\/Chivas-Royal-Salute-vorne-scaled.jpg","width":2560,"height":2560},{"@type":"BreadcrumbList","@id":"https:\/\/www.dramfolks-whisky-auction.com\/en\/product\/royal-salute-21yo-wade-decanter\/#breadcrumb","itemListElement":[{"@type":"ListItem","position":1,"name":"Startseite","item":"https:\/\/www.dramfolks-whisky-auction.com\/en\/"},{"@type":"ListItem","position":2,"name":"Shop","item":"https:\/\/www.dramfolks-whisky-auction.com\/en\/shop\/"},{"@type":"ListItem","position":3,"name":"Royal Salute 21yo wade decanter"}]},{"@type":"WebSite","@id":"https:\/\/www.dramfolks-whisky-auction.com\/en\/#website","url":"https:\/\/www.dramfolks-whisky-auction.com\/en\/","name":"Dramfolks Whisky Auction","description":"","potentialAction":[{"@type":"SearchAction","target":{"@type":"EntryPoint","urlTemplate":"https:\/\/www.dramfolks-whisky-auction.com\/en\/?s={search_term_string}"},"query-input":{"@type":"PropertyValueSpecification","valueRequired":true,"valueName":"search_term_string"}}],"inLanguage":"en-US"}]}},"_links":{"self":[{"href":"https:\/\/www.dramfolks-whisky-auction.com\/en\/wp-json\/wp\/v2\/product\/3730142","targetHints":{"allow":["GET"]}}],"collection":[{"href":"https:\/\/www.dramfolks-whisky-auction.com\/en\/wp-json\/wp\/v2\/product"}],"about":[{"href":"https:\/\/www.dramfolks-whisky-auction.com\/en\/wp-json\/wp\/v2\/types\/product"}],"replies":[{"embeddable":true,"href":"https:\/\/www.dramfolks-whisky-auction.com\/en\/wp-json\/wp\/v2\/comments?post=3730142"}],"wp:featuredmedia":[{"embeddable":true,"href":"https:\/\/www.dramfolks-whisky-auction.com\/en\/wp-json\/wp\/v2\/media\/3711264"}],"wp:attachment":[{"href":"https:\/\/www.dramfolks-whisky-auction.com\/en\/wp-json\/wp\/v2\/media?parent=3730142"}],"wp:term":[{"taxonomy":"product_brand","embeddable":true,"href":"https:\/\/www.dramfolks-whisky-auction.com\/en\/wp-json\/wp\/v2\/product_brand?post=3730142"},{"taxonomy":"product_cat","embeddable":true,"href":"https:\/\/www.dramfolks-whisky-auction.com\/en\/wp-json\/wp\/v2\/product_cat?post=3730142"},{"taxonomy":"product_tag","embeddable":true,"href":"https:\/\/www.dramfolks-whisky-auction.com\/en\/wp-json\/wp\/v2\/product_tag?post=3730142"}],"curies":[{"name":"wp","href":"https:\/\/api.w.org\/{rel}","templated":true}]}}