{"id":3730118,"date":"2025-06-14T17:13:19","date_gmt":"2025-06-14T15:13:19","guid":{"rendered":"https:\/\/www.dramfolks-whisky-auction.com\/?post_type=product&#038;p=3730118"},"modified":"2025-06-28T19:15:57","modified_gmt":"2025-06-28T17:15:57","slug":"glenfarclas-25yo-golden-25-edition-2","status":"publish","type":"product","link":"https:\/\/www.dramfolks-whisky-auction.com\/en\/product\/glenfarclas-25yo-golden-25-edition-2\/","title":{"rendered":"Glenfarclas &#8211; 25yo (Golden 25 Edition)"},"content":{"rendered":"<p><strong>Destille: Glenfarclas<\/strong><br \/>\nGlenfarclas ist eine Whiskybrennerei in Ballindalloch, Schottland. Glenfarclas bedeutet \u00fcbersetzt &#8220;Tal des gr\u00fcnen Grases&#8221;. Die Brennerei ist eine der wenigen Destillerien, die heute noch vollst\u00e4ndig im Familienbesitz sind. Seit 1865 f\u00fchrt die Familie Grant erfolgreich die Geschicke der Brennerei. Sie verf\u00fcgt \u00fcber insgesamt 6 Brennblasen und ist derzeit die gr\u00f6\u00dfte Destillerie der Speyside (j\u00e4hrliches Produktionsvolumen: ca. 4 Mio. Liter). Die Brennerei verf\u00fcgt \u00fcber rund 68.000 F\u00e4sser, die vor Ort in traditionellen Staulagern reifen, mit Lagerbest\u00e4nden aus jedem Jahr von 1954 bis zum aktuellen Jahr. Dadurch ist es Glenfarclas m\u00f6glich, j\u00e4hrlich seine ber\u00fchmten &#8220;The Family Casks&#8221; Kollektionen auf den Markt zu bringen.<\/p>\n<p><strong>Fun fact:<\/strong> Das au\u00dfergew\u00f6hnlich alte Fasslager und die daraus entstehenden, edlen und teuren Whiskys ziehen nicht nur &#8220;brave&#8221; Besucher an die Speyside. Im Jahr 2022 wurde im Besucherzentrum eingebrochen und Whisky im Wert von \u00fcber 100.000 Euro gestohlen! Die T\u00e4ter sind nach wie vor auf der Flucht (oder sturzbetrunken auf der Flucht eingeschlafen&#8230;).<\/p>\n<p><strong>Whisky\/Whiskey: 25yo (Golden 25 Edition)<br \/>\n<\/strong>Eine alte Abf\u00fcllung von Glenfarclas 25 Jahre aus den 1990er Jahren. Ein Klassiker! Dies ist der Inbegriff von lang gereiftem Sherry Speyside, herrlich weich und seidig strukturiert, mit reichhaltigen, gro\u00dfz\u00fcgigen Aromen von Obstkuchen, Haseln\u00fcssen, Trockenfr\u00fcchten und einem Hauch von dunkler Schokolade und Kaffee. Die hier angebotene sehr seltene Version des 25-J\u00e4hrigen hat eine goldene 25 im Siegel und auf dem Etikett. Die Destillerie selbst bezeichnet den Glenfarclas 25 Jahre als gro\u00dfartigen After Dinner Whisky. Mit seiner Reichhaltigkeit und Intensit\u00e4t kann er durchaus ein Dessert ersetzen.<\/p>\n<p><strong>Info Flaschen Qualit\u00e4t:<\/strong> Exzellent &#8211; ohne Besch\u00e4digungen \/ <strong>F\u00fcllstand:<\/strong> Into neck<br \/>\n<strong>Info Box Qualit\u00e4t:<\/strong> Exzellent &#8211; ohne Besch\u00e4digungen<\/p>\n<p><strong>Wichtiger Hinweis:<\/strong> Die Bewertung der Flaschen und Boxen erfolgt nach \u201ebesten Wissen und Gewissen\u201c. dramfolks kann keine Gew\u00e4hrleistung f\u00fcr den Inhalt der Flaschen \u00fcbernehmen. Weitere Infos &amp; Hinweise finden Sie in unseren AGBs. Wir empfehlen Ihnen, vor der Abgabe von Geboten \u00fcber die Zoomfunktion eine Besichtigung \/ genaue Pr\u00fcfung des angebotenen Whiskys vorzunehmen. Bitte kontaktieren sie uns bei Fragen direkt unter info@dramfolks.com<\/p>\n","protected":false},"excerpt":{"rendered":"<p>Destille: Glenfarclas Glenfarclas ist eine Whiskybrennerei in Ballindalloch, Schottland. Glenfarclas bedeutet \u00fcbersetzt &#8220;Tal des gr\u00fcnen Grases&#8221;. Die Brennerei ist eine der wenigen Destillerien, die heute noch vollst\u00e4ndig im Familienbesitz sind. Seit 1865 f\u00fchrt die Familie Grant erfolgreich die Geschicke der Brennerei. Sie verf\u00fcgt \u00fcber insgesamt 6 Brennblasen und ist derzeit die gr\u00f6\u00dfte Destillerie der Speyside[&#8230;]\n","protected":false},"featured_media":3711246,"comment_status":"closed","ping_status":"closed","template":"","meta":[],"product_brand":[],"product_cat":[1189],"product_tag":[],"class_list":{"0":"post-3730118","1":"product","2":"type-product","3":"status-publish","4":"has-post-thumbnail","6":"product_cat-no-18-fr","8":"first","9":"instock","10":"shipping-taxable","11":"purchasable","12":"product-type-auction"},"yoast_head":"<!-- This site is optimized with the Yoast SEO plugin v27.4 - https:\/\/yoast.com\/product\/yoast-seo-wordpress\/ -->\n<title>Glenfarclas - 25yo (Golden 25 Edition) - Dramfolks Whisky Auction<\/title>\n<meta name=\"robots\" content=\"index, follow, max-snippet:-1, max-image-preview:large, max-video-preview:-1\" \/>\n<link rel=\"canonical\" href=\"https:\/\/www.dramfolks-whisky-auction.com\/en\/product\/glenfarclas-25yo-golden-25-edition-2\/\" \/>\n<meta property=\"og:locale\" content=\"en_US\" \/>\n<meta property=\"og:type\" content=\"article\" \/>\n<meta property=\"og:title\" content=\"Glenfarclas - 25yo (Golden 25 Edition) - Dramfolks Whisky Auction\" \/>\n<meta property=\"og:description\" content=\"Destille: Glenfarclas Glenfarclas ist eine Whiskybrennerei in Ballindalloch, Schottland. Glenfarclas bedeutet \u00fcbersetzt &#8220;Tal des gr\u00fcnen Grases&#8221;. Die Brennerei ist eine der wenigen Destillerien, die heute noch vollst\u00e4ndig im Familienbesitz sind. Seit 1865 f\u00fchrt die Familie Grant erfolgreich die Geschicke der Brennerei. Sie verf\u00fcgt \u00fcber insgesamt 6 Brennblasen und ist derzeit die gr\u00f6\u00dfte Destillerie der Speyside[...]\" \/>\n<meta property=\"og:url\" content=\"https:\/\/www.dramfolks-whisky-auction.com\/en\/product\/glenfarclas-25yo-golden-25-edition-2\/\" \/>\n<meta property=\"og:site_name\" content=\"Dramfolks Whisky Auction\" \/>\n<meta property=\"article:modified_time\" content=\"2025-06-28T17:15:57+00:00\" \/>\n<meta property=\"og:image\" content=\"https:\/\/www.dramfolks-whisky-auction.com\/wp-content\/uploads\/2025\/06\/Glenfarclas-25yo-vorne-scaled.jpg\" \/>\n\t<meta property=\"og:image:width\" content=\"2560\" \/>\n\t<meta property=\"og:image:height\" content=\"2560\" \/>\n\t<meta property=\"og:image:type\" content=\"image\/jpeg\" \/>\n<meta name=\"twitter:card\" content=\"summary_large_image\" \/>\n<meta name=\"twitter:label1\" content=\"Est. reading time\" \/>\n\t<meta name=\"twitter:data1\" content=\"3 minutes\" \/>\n<script type=\"application\/ld+json\" class=\"yoast-schema-graph\">{\"@context\":\"https:\\\/\\\/schema.org\",\"@graph\":[{\"@type\":\"WebPage\",\"@id\":\"https:\\\/\\\/www.dramfolks-whisky-auction.com\\\/en\\\/product\\\/glenfarclas-25yo-golden-25-edition-2\\\/\",\"url\":\"https:\\\/\\\/www.dramfolks-whisky-auction.com\\\/en\\\/product\\\/glenfarclas-25yo-golden-25-edition-2\\\/\",\"name\":\"Glenfarclas - 25yo (Golden 25 Edition) - Dramfolks Whisky Auction\",\"isPartOf\":{\"@id\":\"https:\\\/\\\/www.dramfolks-whisky-auction.com\\\/en\\\/#website\"},\"primaryImageOfPage\":{\"@id\":\"https:\\\/\\\/www.dramfolks-whisky-auction.com\\\/en\\\/product\\\/glenfarclas-25yo-golden-25-edition-2\\\/#primaryimage\"},\"image\":{\"@id\":\"https:\\\/\\\/www.dramfolks-whisky-auction.com\\\/en\\\/product\\\/glenfarclas-25yo-golden-25-edition-2\\\/#primaryimage\"},\"thumbnailUrl\":\"https:\\\/\\\/www.dramfolks-whisky-auction.com\\\/wp-content\\\/uploads\\\/2025\\\/06\\\/Glenfarclas-25yo-vorne-scaled.jpg\",\"datePublished\":\"2025-06-14T15:13:19+00:00\",\"dateModified\":\"2025-06-28T17:15:57+00:00\",\"breadcrumb\":{\"@id\":\"https:\\\/\\\/www.dramfolks-whisky-auction.com\\\/en\\\/product\\\/glenfarclas-25yo-golden-25-edition-2\\\/#breadcrumb\"},\"inLanguage\":\"en-US\",\"potentialAction\":[{\"@type\":\"ReadAction\",\"target\":[\"https:\\\/\\\/www.dramfolks-whisky-auction.com\\\/en\\\/product\\\/glenfarclas-25yo-golden-25-edition-2\\\/\"]}]},{\"@type\":\"ImageObject\",\"inLanguage\":\"en-US\",\"@id\":\"https:\\\/\\\/www.dramfolks-whisky-auction.com\\\/en\\\/product\\\/glenfarclas-25yo-golden-25-edition-2\\\/#primaryimage\",\"url\":\"https:\\\/\\\/www.dramfolks-whisky-auction.com\\\/wp-content\\\/uploads\\\/2025\\\/06\\\/Glenfarclas-25yo-vorne-scaled.jpg\",\"contentUrl\":\"https:\\\/\\\/www.dramfolks-whisky-auction.com\\\/wp-content\\\/uploads\\\/2025\\\/06\\\/Glenfarclas-25yo-vorne-scaled.jpg\",\"width\":2560,\"height\":2560},{\"@type\":\"BreadcrumbList\",\"@id\":\"https:\\\/\\\/www.dramfolks-whisky-auction.com\\\/en\\\/product\\\/glenfarclas-25yo-golden-25-edition-2\\\/#breadcrumb\",\"itemListElement\":[{\"@type\":\"ListItem\",\"position\":1,\"name\":\"Startseite\",\"item\":\"https:\\\/\\\/www.dramfolks-whisky-auction.com\\\/en\\\/\"},{\"@type\":\"ListItem\",\"position\":2,\"name\":\"Shop\",\"item\":\"https:\\\/\\\/www.dramfolks-whisky-auction.com\\\/en\\\/shop\\\/\"},{\"@type\":\"ListItem\",\"position\":3,\"name\":\"Glenfarclas &#8211; 25yo (Golden 25 Edition)\"}]},{\"@type\":\"WebSite\",\"@id\":\"https:\\\/\\\/www.dramfolks-whisky-auction.com\\\/en\\\/#website\",\"url\":\"https:\\\/\\\/www.dramfolks-whisky-auction.com\\\/en\\\/\",\"name\":\"Dramfolks Whisky Auction\",\"description\":\"\",\"potentialAction\":[{\"@type\":\"SearchAction\",\"target\":{\"@type\":\"EntryPoint\",\"urlTemplate\":\"https:\\\/\\\/www.dramfolks-whisky-auction.com\\\/en\\\/?s={search_term_string}\"},\"query-input\":{\"@type\":\"PropertyValueSpecification\",\"valueRequired\":true,\"valueName\":\"search_term_string\"}}],\"inLanguage\":\"en-US\"}]}<\/script>\n<!-- \/ Yoast SEO plugin. -->","yoast_head_json":{"title":"Glenfarclas - 25yo (Golden 25 Edition) - Dramfolks Whisky Auction","robots":{"index":"index","follow":"follow","max-snippet":"max-snippet:-1","max-image-preview":"max-image-preview:large","max-video-preview":"max-video-preview:-1"},"canonical":"https:\/\/www.dramfolks-whisky-auction.com\/en\/product\/glenfarclas-25yo-golden-25-edition-2\/","og_locale":"en_US","og_type":"article","og_title":"Glenfarclas - 25yo (Golden 25 Edition) - Dramfolks Whisky Auction","og_description":"Destille: Glenfarclas Glenfarclas ist eine Whiskybrennerei in Ballindalloch, Schottland. Glenfarclas bedeutet \u00fcbersetzt &#8220;Tal des gr\u00fcnen Grases&#8221;. Die Brennerei ist eine der wenigen Destillerien, die heute noch vollst\u00e4ndig im Familienbesitz sind. Seit 1865 f\u00fchrt die Familie Grant erfolgreich die Geschicke der Brennerei. Sie verf\u00fcgt \u00fcber insgesamt 6 Brennblasen und ist derzeit die gr\u00f6\u00dfte Destillerie der Speyside[...]","og_url":"https:\/\/www.dramfolks-whisky-auction.com\/en\/product\/glenfarclas-25yo-golden-25-edition-2\/","og_site_name":"Dramfolks Whisky Auction","article_modified_time":"2025-06-28T17:15:57+00:00","og_image":[{"width":2560,"height":2560,"url":"https:\/\/www.dramfolks-whisky-auction.com\/wp-content\/uploads\/2025\/06\/Glenfarclas-25yo-vorne-scaled.jpg","type":"image\/jpeg"}],"twitter_card":"summary_large_image","twitter_misc":{"Est. reading time":"3 minutes"},"schema":{"@context":"https:\/\/schema.org","@graph":[{"@type":"WebPage","@id":"https:\/\/www.dramfolks-whisky-auction.com\/en\/product\/glenfarclas-25yo-golden-25-edition-2\/","url":"https:\/\/www.dramfolks-whisky-auction.com\/en\/product\/glenfarclas-25yo-golden-25-edition-2\/","name":"Glenfarclas - 25yo (Golden 25 Edition) - Dramfolks Whisky Auction","isPartOf":{"@id":"https:\/\/www.dramfolks-whisky-auction.com\/en\/#website"},"primaryImageOfPage":{"@id":"https:\/\/www.dramfolks-whisky-auction.com\/en\/product\/glenfarclas-25yo-golden-25-edition-2\/#primaryimage"},"image":{"@id":"https:\/\/www.dramfolks-whisky-auction.com\/en\/product\/glenfarclas-25yo-golden-25-edition-2\/#primaryimage"},"thumbnailUrl":"https:\/\/www.dramfolks-whisky-auction.com\/wp-content\/uploads\/2025\/06\/Glenfarclas-25yo-vorne-scaled.jpg","datePublished":"2025-06-14T15:13:19+00:00","dateModified":"2025-06-28T17:15:57+00:00","breadcrumb":{"@id":"https:\/\/www.dramfolks-whisky-auction.com\/en\/product\/glenfarclas-25yo-golden-25-edition-2\/#breadcrumb"},"inLanguage":"en-US","potentialAction":[{"@type":"ReadAction","target":["https:\/\/www.dramfolks-whisky-auction.com\/en\/product\/glenfarclas-25yo-golden-25-edition-2\/"]}]},{"@type":"ImageObject","inLanguage":"en-US","@id":"https:\/\/www.dramfolks-whisky-auction.com\/en\/product\/glenfarclas-25yo-golden-25-edition-2\/#primaryimage","url":"https:\/\/www.dramfolks-whisky-auction.com\/wp-content\/uploads\/2025\/06\/Glenfarclas-25yo-vorne-scaled.jpg","contentUrl":"https:\/\/www.dramfolks-whisky-auction.com\/wp-content\/uploads\/2025\/06\/Glenfarclas-25yo-vorne-scaled.jpg","width":2560,"height":2560},{"@type":"BreadcrumbList","@id":"https:\/\/www.dramfolks-whisky-auction.com\/en\/product\/glenfarclas-25yo-golden-25-edition-2\/#breadcrumb","itemListElement":[{"@type":"ListItem","position":1,"name":"Startseite","item":"https:\/\/www.dramfolks-whisky-auction.com\/en\/"},{"@type":"ListItem","position":2,"name":"Shop","item":"https:\/\/www.dramfolks-whisky-auction.com\/en\/shop\/"},{"@type":"ListItem","position":3,"name":"Glenfarclas &#8211; 25yo (Golden 25 Edition)"}]},{"@type":"WebSite","@id":"https:\/\/www.dramfolks-whisky-auction.com\/en\/#website","url":"https:\/\/www.dramfolks-whisky-auction.com\/en\/","name":"Dramfolks Whisky Auction","description":"","potentialAction":[{"@type":"SearchAction","target":{"@type":"EntryPoint","urlTemplate":"https:\/\/www.dramfolks-whisky-auction.com\/en\/?s={search_term_string}"},"query-input":{"@type":"PropertyValueSpecification","valueRequired":true,"valueName":"search_term_string"}}],"inLanguage":"en-US"}]}},"_links":{"self":[{"href":"https:\/\/www.dramfolks-whisky-auction.com\/en\/wp-json\/wp\/v2\/product\/3730118","targetHints":{"allow":["GET"]}}],"collection":[{"href":"https:\/\/www.dramfolks-whisky-auction.com\/en\/wp-json\/wp\/v2\/product"}],"about":[{"href":"https:\/\/www.dramfolks-whisky-auction.com\/en\/wp-json\/wp\/v2\/types\/product"}],"replies":[{"embeddable":true,"href":"https:\/\/www.dramfolks-whisky-auction.com\/en\/wp-json\/wp\/v2\/comments?post=3730118"}],"wp:featuredmedia":[{"embeddable":true,"href":"https:\/\/www.dramfolks-whisky-auction.com\/en\/wp-json\/wp\/v2\/media\/3711246"}],"wp:attachment":[{"href":"https:\/\/www.dramfolks-whisky-auction.com\/en\/wp-json\/wp\/v2\/media?parent=3730118"}],"wp:term":[{"taxonomy":"product_brand","embeddable":true,"href":"https:\/\/www.dramfolks-whisky-auction.com\/en\/wp-json\/wp\/v2\/product_brand?post=3730118"},{"taxonomy":"product_cat","embeddable":true,"href":"https:\/\/www.dramfolks-whisky-auction.com\/en\/wp-json\/wp\/v2\/product_cat?post=3730118"},{"taxonomy":"product_tag","embeddable":true,"href":"https:\/\/www.dramfolks-whisky-auction.com\/en\/wp-json\/wp\/v2\/product_tag?post=3730118"}],"curies":[{"name":"wp","href":"https:\/\/api.w.org\/{rel}","templated":true}]}}