{"id":3720828,"date":"2025-06-13T16:21:05","date_gmt":"2025-06-13T14:21:05","guid":{"rendered":"https:\/\/www.dramfolks-whisky-auction.com\/?post_type=product&#038;p=3720828"},"modified":"2025-06-28T19:45:54","modified_gmt":"2025-06-28T17:45:54","slug":"johnnie-walker-black-label-x-andy-gellenberg","status":"publish","type":"product","link":"https:\/\/www.dramfolks-whisky-auction.com\/en\/product\/johnnie-walker-black-label-x-andy-gellenberg\/","title":{"rendered":"Johnnie Walker &#8211; Black Label x Andy Gellenberg"},"content":{"rendered":"<p><strong>Destille: Johnnie Walker<\/strong><br \/>\nJohn Walker &amp; Sons, eine Tochtergesellschaft des Getr\u00e4nkegiganten Diageo, blickt auf eine reiche Geschichte zur\u00fcck, die bis zum Beginn des 19.Jahrhunderts zur\u00fcckreicht. Als Gr\u00fcnder und Sch\u00f6pfer des Johnnie Walker-Blends, der heute der wichtigste Scotch im Portfolio des Eigent\u00fcmers ist, beh\u00e4lt John Walker &amp; Sons einen Kernplatz in der Unternehmensstruktur von Diageo, dessen Name verwendet wird, um seinen elit\u00e4reren Blended-Releases Gewicht und Erbe zu verleihen. Das aktuelle, j\u00e4hrliche Produktionsvolumen betr\u00e4gt 500.000 Liter.<\/p>\n<p><strong>Fun fact:<\/strong> Eines der bekanntesten deutschen Lieder ist &#8220;Johnnie Walker&#8221; von Marius M\u00fcller-Westernhagen aus dem Jahr 1978! Er sang \u00fcber die beliebteste Whiskysorte auf seinem Album &#8220;Mit Pfefferminz bin ich dein Prinz&#8221;.<\/p>\n<p><strong>Whisky\/Whiskey: Black Label x Andy Gellenberg<\/strong><br \/>\nDiageo als Marken-Inhaber stellt heute eine neue limitierte Edition seines Scotch Whiskys Johnnie Walker Black Label. Gemeinsam mit K\u00fcnstler Andy Gellenberg entstand Johnnie Walker Black Label x Andy Gellenberg, streng limitiert auf 5.000 Flaschen, und mit KI-generierten Designs. Zum ersten Mal betritt Diageo in Deutschland den Bereich der Technologieintegration ihrer Produkte. F\u00fcr dieses spannende Innovationsprojekt im Bereich der Produktpersonalisierung hat Johnnie Walker mit dem deutschen Illustrator und Grafikdesigner Andy Gellenberg zusammengearbeitet. Mit seinem lebendigen Stil schafft er verspielte Kunstwerke mit Pop-Art Elementen, darunter Collagen, Muster, Zeichnungen und Schriftz\u00fcge. Daf\u00fcr schuf der 1983 geborene Gellenberg 50 Originalkunstwerke im typischen Pop-Art-Stil, die anschlie\u00dfend mithilfe generativer KI optimiert wurden. Es entstanden 5.000 individuelle Flaschendesigns f\u00fcr eine limitierte Kollektion. Jede Flasche zeigt die Silhouette einer Person \u2013 und damit die vielen Gesichter des modernen Whiskykonsumenten. Johnnie Walker Black Label kombiniert hochwertige Single Malt und Grain Whiskys, die mindestens zw\u00f6lf Jahre reifen und aus vier Regionen Schottlands bezogen werden. Diese Ausgabe hier kommt aus Israel und hat die Flaschennummer 4599.<\/p>\n<p><strong>Info Qualit\u00e4t der Flasche:<\/strong> Exzellent &#8211; ohne Besch\u00e4digungen \/<strong> F\u00fcllstand:<\/strong> Upper Mid Shoulder<br \/>\n<strong>Info Qualit\u00e4t der Box:<\/strong> keine Box vorhanden<\/p>\n<p><strong>Wichtiger Hinweis:<\/strong> Die Bewertung der Flaschen und Boxen erfolgt nach \u201ebesten Wissen und Gewissen\u201c. dramfolks kann keine Gew\u00e4hrleistung f\u00fcr den Inhalt der Flaschen \u00fcbernehmen. Weitere Infos &amp; Hinweise finden Sie in unseren AGBs. Wir empfehlen Ihnen, vor der Abgabe von Geboten \u00fcber die Zoomfunktion eine Besichtigung \/ genaue Pr\u00fcfung des angebotenen Whiskys vorzunehmen. Bitte kontaktieren sie uns bei Fragen direkt unter info@dramfolks.com<\/p>\n","protected":false},"excerpt":{"rendered":"<p>Destille: Johnnie Walker John Walker &amp; Sons, eine Tochtergesellschaft des Getr\u00e4nkegiganten Diageo, blickt auf eine reiche Geschichte zur\u00fcck, die bis zum Beginn des 19.Jahrhunderts zur\u00fcckreicht. Als Gr\u00fcnder und Sch\u00f6pfer des Johnnie Walker-Blends, der heute der wichtigste Scotch im Portfolio des Eigent\u00fcmers ist, beh\u00e4lt John Walker &amp; Sons einen Kernplatz in der Unternehmensstruktur von Diageo, dessen[&#8230;]\n","protected":false},"featured_media":3723979,"comment_status":"closed","ping_status":"closed","template":"","meta":[],"product_brand":[],"product_cat":[1135],"product_tag":[],"class_list":{"0":"post-3720828","1":"product","2":"type-product","3":"status-publish","4":"has-post-thumbnail","6":"product_cat-no-18","8":"first","9":"instock","10":"shipping-taxable","11":"purchasable","12":"product-type-auction"},"yoast_head":"<!-- This site is optimized with the Yoast SEO plugin v27.0 - https:\/\/yoast.com\/product\/yoast-seo-wordpress\/ -->\n<title>Johnnie Walker - Black Label x Andy Gellenberg - Dramfolks Whisky Auction<\/title>\n<meta name=\"robots\" content=\"index, follow, max-snippet:-1, max-image-preview:large, max-video-preview:-1\" \/>\n<link rel=\"canonical\" href=\"https:\/\/www.dramfolks-whisky-auction.com\/en\/product\/johnnie-walker-black-label-x-andy-gellenberg\/\" \/>\n<meta property=\"og:locale\" content=\"en_US\" \/>\n<meta property=\"og:type\" content=\"article\" \/>\n<meta property=\"og:title\" content=\"Johnnie Walker - Black Label x Andy Gellenberg - Dramfolks Whisky Auction\" \/>\n<meta property=\"og:description\" content=\"Destille: Johnnie Walker John Walker &amp; Sons, eine Tochtergesellschaft des Getr\u00e4nkegiganten Diageo, blickt auf eine reiche Geschichte zur\u00fcck, die bis zum Beginn des 19.Jahrhunderts zur\u00fcckreicht. Als Gr\u00fcnder und Sch\u00f6pfer des Johnnie Walker-Blends, der heute der wichtigste Scotch im Portfolio des Eigent\u00fcmers ist, beh\u00e4lt John Walker &amp; Sons einen Kernplatz in der Unternehmensstruktur von Diageo, dessen[...]\" \/>\n<meta property=\"og:url\" content=\"https:\/\/www.dramfolks-whisky-auction.com\/en\/product\/johnnie-walker-black-label-x-andy-gellenberg\/\" \/>\n<meta property=\"og:site_name\" content=\"Dramfolks Whisky Auction\" \/>\n<meta property=\"article:modified_time\" content=\"2025-06-28T17:45:54+00:00\" \/>\n<meta property=\"og:image\" content=\"https:\/\/www.dramfolks-whisky-auction.com\/wp-content\/uploads\/2025\/06\/Johnnie-Walker-vorne.jpg\" \/>\n\t<meta property=\"og:image:width\" content=\"2480\" \/>\n\t<meta property=\"og:image:height\" content=\"2480\" \/>\n\t<meta property=\"og:image:type\" content=\"image\/jpeg\" \/>\n<meta name=\"twitter:card\" content=\"summary_large_image\" \/>\n<meta name=\"twitter:label1\" content=\"Est. reading time\" \/>\n\t<meta name=\"twitter:data1\" content=\"3 minutes\" \/>\n<script type=\"application\/ld+json\" class=\"yoast-schema-graph\">{\"@context\":\"https:\/\/schema.org\",\"@graph\":[{\"@type\":\"WebPage\",\"@id\":\"https:\/\/www.dramfolks-whisky-auction.com\/en\/product\/johnnie-walker-black-label-x-andy-gellenberg\/\",\"url\":\"https:\/\/www.dramfolks-whisky-auction.com\/en\/product\/johnnie-walker-black-label-x-andy-gellenberg\/\",\"name\":\"Johnnie Walker - Black Label x Andy Gellenberg - Dramfolks Whisky Auction\",\"isPartOf\":{\"@id\":\"https:\/\/www.dramfolks-whisky-auction.com\/en\/#website\"},\"primaryImageOfPage\":{\"@id\":\"https:\/\/www.dramfolks-whisky-auction.com\/en\/product\/johnnie-walker-black-label-x-andy-gellenberg\/#primaryimage\"},\"image\":{\"@id\":\"https:\/\/www.dramfolks-whisky-auction.com\/en\/product\/johnnie-walker-black-label-x-andy-gellenberg\/#primaryimage\"},\"thumbnailUrl\":\"https:\/\/www.dramfolks-whisky-auction.com\/wp-content\/uploads\/2025\/06\/Johnnie-Walker-vorne.jpg\",\"datePublished\":\"2025-06-13T14:21:05+00:00\",\"dateModified\":\"2025-06-28T17:45:54+00:00\",\"breadcrumb\":{\"@id\":\"https:\/\/www.dramfolks-whisky-auction.com\/en\/product\/johnnie-walker-black-label-x-andy-gellenberg\/#breadcrumb\"},\"inLanguage\":\"en-US\",\"potentialAction\":[{\"@type\":\"ReadAction\",\"target\":[\"https:\/\/www.dramfolks-whisky-auction.com\/en\/product\/johnnie-walker-black-label-x-andy-gellenberg\/\"]}]},{\"@type\":\"ImageObject\",\"inLanguage\":\"en-US\",\"@id\":\"https:\/\/www.dramfolks-whisky-auction.com\/en\/product\/johnnie-walker-black-label-x-andy-gellenberg\/#primaryimage\",\"url\":\"https:\/\/www.dramfolks-whisky-auction.com\/wp-content\/uploads\/2025\/06\/Johnnie-Walker-vorne.jpg\",\"contentUrl\":\"https:\/\/www.dramfolks-whisky-auction.com\/wp-content\/uploads\/2025\/06\/Johnnie-Walker-vorne.jpg\",\"width\":2480,\"height\":2480},{\"@type\":\"BreadcrumbList\",\"@id\":\"https:\/\/www.dramfolks-whisky-auction.com\/en\/product\/johnnie-walker-black-label-x-andy-gellenberg\/#breadcrumb\",\"itemListElement\":[{\"@type\":\"ListItem\",\"position\":1,\"name\":\"Startseite\",\"item\":\"https:\/\/www.dramfolks-whisky-auction.com\/en\/\"},{\"@type\":\"ListItem\",\"position\":2,\"name\":\"Shop\",\"item\":\"https:\/\/www.dramfolks-whisky-auction.com\/en\/shop\/\"},{\"@type\":\"ListItem\",\"position\":3,\"name\":\"Johnnie Walker &#8211; Black Label x Andy Gellenberg\"}]},{\"@type\":\"WebSite\",\"@id\":\"https:\/\/www.dramfolks-whisky-auction.com\/en\/#website\",\"url\":\"https:\/\/www.dramfolks-whisky-auction.com\/en\/\",\"name\":\"Dramfolks Whisky Auction\",\"description\":\"\",\"potentialAction\":[{\"@type\":\"SearchAction\",\"target\":{\"@type\":\"EntryPoint\",\"urlTemplate\":\"https:\/\/www.dramfolks-whisky-auction.com\/en\/?s={search_term_string}\"},\"query-input\":{\"@type\":\"PropertyValueSpecification\",\"valueRequired\":true,\"valueName\":\"search_term_string\"}}],\"inLanguage\":\"en-US\"}]}<\/script>\n<!-- \/ Yoast SEO plugin. -->","yoast_head_json":{"title":"Johnnie Walker - Black Label x Andy Gellenberg - Dramfolks Whisky Auction","robots":{"index":"index","follow":"follow","max-snippet":"max-snippet:-1","max-image-preview":"max-image-preview:large","max-video-preview":"max-video-preview:-1"},"canonical":"https:\/\/www.dramfolks-whisky-auction.com\/en\/product\/johnnie-walker-black-label-x-andy-gellenberg\/","og_locale":"en_US","og_type":"article","og_title":"Johnnie Walker - Black Label x Andy Gellenberg - Dramfolks Whisky Auction","og_description":"Destille: Johnnie Walker John Walker &amp; Sons, eine Tochtergesellschaft des Getr\u00e4nkegiganten Diageo, blickt auf eine reiche Geschichte zur\u00fcck, die bis zum Beginn des 19.Jahrhunderts zur\u00fcckreicht. Als Gr\u00fcnder und Sch\u00f6pfer des Johnnie Walker-Blends, der heute der wichtigste Scotch im Portfolio des Eigent\u00fcmers ist, beh\u00e4lt John Walker &amp; Sons einen Kernplatz in der Unternehmensstruktur von Diageo, dessen[...]","og_url":"https:\/\/www.dramfolks-whisky-auction.com\/en\/product\/johnnie-walker-black-label-x-andy-gellenberg\/","og_site_name":"Dramfolks Whisky Auction","article_modified_time":"2025-06-28T17:45:54+00:00","og_image":[{"width":2480,"height":2480,"url":"https:\/\/www.dramfolks-whisky-auction.com\/wp-content\/uploads\/2025\/06\/Johnnie-Walker-vorne.jpg","type":"image\/jpeg"}],"twitter_card":"summary_large_image","twitter_misc":{"Est. reading time":"3 minutes"},"schema":{"@context":"https:\/\/schema.org","@graph":[{"@type":"WebPage","@id":"https:\/\/www.dramfolks-whisky-auction.com\/en\/product\/johnnie-walker-black-label-x-andy-gellenberg\/","url":"https:\/\/www.dramfolks-whisky-auction.com\/en\/product\/johnnie-walker-black-label-x-andy-gellenberg\/","name":"Johnnie Walker - Black Label x Andy Gellenberg - Dramfolks Whisky Auction","isPartOf":{"@id":"https:\/\/www.dramfolks-whisky-auction.com\/en\/#website"},"primaryImageOfPage":{"@id":"https:\/\/www.dramfolks-whisky-auction.com\/en\/product\/johnnie-walker-black-label-x-andy-gellenberg\/#primaryimage"},"image":{"@id":"https:\/\/www.dramfolks-whisky-auction.com\/en\/product\/johnnie-walker-black-label-x-andy-gellenberg\/#primaryimage"},"thumbnailUrl":"https:\/\/www.dramfolks-whisky-auction.com\/wp-content\/uploads\/2025\/06\/Johnnie-Walker-vorne.jpg","datePublished":"2025-06-13T14:21:05+00:00","dateModified":"2025-06-28T17:45:54+00:00","breadcrumb":{"@id":"https:\/\/www.dramfolks-whisky-auction.com\/en\/product\/johnnie-walker-black-label-x-andy-gellenberg\/#breadcrumb"},"inLanguage":"en-US","potentialAction":[{"@type":"ReadAction","target":["https:\/\/www.dramfolks-whisky-auction.com\/en\/product\/johnnie-walker-black-label-x-andy-gellenberg\/"]}]},{"@type":"ImageObject","inLanguage":"en-US","@id":"https:\/\/www.dramfolks-whisky-auction.com\/en\/product\/johnnie-walker-black-label-x-andy-gellenberg\/#primaryimage","url":"https:\/\/www.dramfolks-whisky-auction.com\/wp-content\/uploads\/2025\/06\/Johnnie-Walker-vorne.jpg","contentUrl":"https:\/\/www.dramfolks-whisky-auction.com\/wp-content\/uploads\/2025\/06\/Johnnie-Walker-vorne.jpg","width":2480,"height":2480},{"@type":"BreadcrumbList","@id":"https:\/\/www.dramfolks-whisky-auction.com\/en\/product\/johnnie-walker-black-label-x-andy-gellenberg\/#breadcrumb","itemListElement":[{"@type":"ListItem","position":1,"name":"Startseite","item":"https:\/\/www.dramfolks-whisky-auction.com\/en\/"},{"@type":"ListItem","position":2,"name":"Shop","item":"https:\/\/www.dramfolks-whisky-auction.com\/en\/shop\/"},{"@type":"ListItem","position":3,"name":"Johnnie Walker &#8211; Black Label x Andy Gellenberg"}]},{"@type":"WebSite","@id":"https:\/\/www.dramfolks-whisky-auction.com\/en\/#website","url":"https:\/\/www.dramfolks-whisky-auction.com\/en\/","name":"Dramfolks Whisky Auction","description":"","potentialAction":[{"@type":"SearchAction","target":{"@type":"EntryPoint","urlTemplate":"https:\/\/www.dramfolks-whisky-auction.com\/en\/?s={search_term_string}"},"query-input":{"@type":"PropertyValueSpecification","valueRequired":true,"valueName":"search_term_string"}}],"inLanguage":"en-US"}]}},"_links":{"self":[{"href":"https:\/\/www.dramfolks-whisky-auction.com\/en\/wp-json\/wp\/v2\/product\/3720828","targetHints":{"allow":["GET"]}}],"collection":[{"href":"https:\/\/www.dramfolks-whisky-auction.com\/en\/wp-json\/wp\/v2\/product"}],"about":[{"href":"https:\/\/www.dramfolks-whisky-auction.com\/en\/wp-json\/wp\/v2\/types\/product"}],"replies":[{"embeddable":true,"href":"https:\/\/www.dramfolks-whisky-auction.com\/en\/wp-json\/wp\/v2\/comments?post=3720828"}],"wp:featuredmedia":[{"embeddable":true,"href":"https:\/\/www.dramfolks-whisky-auction.com\/en\/wp-json\/wp\/v2\/media\/3723979"}],"wp:attachment":[{"href":"https:\/\/www.dramfolks-whisky-auction.com\/en\/wp-json\/wp\/v2\/media?parent=3720828"}],"wp:term":[{"taxonomy":"product_brand","embeddable":true,"href":"https:\/\/www.dramfolks-whisky-auction.com\/en\/wp-json\/wp\/v2\/product_brand?post=3720828"},{"taxonomy":"product_cat","embeddable":true,"href":"https:\/\/www.dramfolks-whisky-auction.com\/en\/wp-json\/wp\/v2\/product_cat?post=3720828"},{"taxonomy":"product_tag","embeddable":true,"href":"https:\/\/www.dramfolks-whisky-auction.com\/en\/wp-json\/wp\/v2\/product_tag?post=3720828"}],"curies":[{"name":"wp","href":"https:\/\/api.w.org\/{rel}","templated":true}]}}