{"id":3720826,"date":"2025-06-13T16:16:55","date_gmt":"2025-06-13T14:16:55","guid":{"rendered":"https:\/\/www.dramfolks-whisky-auction.com\/?post_type=product&#038;p=3720826"},"modified":"2025-07-03T21:09:48","modified_gmt":"2025-07-03T19:09:48","slug":"orkney-hp-2010-100-proof-edition-38-signatory-vintage","status":"publish","type":"product","link":"https:\/\/www.dramfolks-whisky-auction.com\/en\/product\/orkney-hp-2010-100-proof-edition-38-signatory-vintage\/","title":{"rendered":"Orkney (HP) 2010 &#8211; 100 Proof Edition #38 (Signatory Vintage)"},"content":{"rendered":"<p><strong>Destille: Unbekannt<\/strong><br \/>\nLeider k\u00f6nnen wir hier an dieser Stelle keine Hinweise oder Texte zur Destillerie des Whiskys geben. Bekannt ist lediglich die Region Orkney. Auf den Orkneys gibt es nur zwei Brennereien, und Scapa ist es nicht&#8230;.<\/p>\n<p><strong>Fun Fakt:<\/strong> &#8211;<\/p>\n<p><strong>Whisky\/Whiskey: Orkney (HP) 2010 &#8211; 100 Proof Edition #38 (Signatory Vintage)<br \/>\n<\/strong>Sucht ihr einen unabh\u00e4ngig, abgef\u00fcllten Qualit\u00e4tswhisky, der ein gestandenes Alter und hohe Volumenprozente mit einem niedrigen Preis verbindet? Dann haben wir hier was f\u00fcr euch&#8230; Mit der Signatory 100 Proof Edition werdet ihr f\u00fcndig. Der Orkney (HP) 2010\/2024 ist ein \u201emmmmystery malt\u201c, der auch James Bond schmecken w\u00fcrde. 100 britischen Proof entsprechend, kommt er mit 57,1% vol. zu Whisky-Fans, dem Mindestgehalt, ab dem mit Alkohol getr\u00e4nktes Schie\u00dfpulver entz\u00fcndet werden kann. Dieser 14yo Single Malt stammt von den sagenumwobenen Orkney-Inseln \u2013 einer Region, die f\u00fcr kr\u00e4ftige, ausgewogene Whiskys mit maritimer Seele bekannt ist. Die hier angebotene Flasche ist die Edition 38!<\/p>\n<p><strong>Side Note zum Abf\u00fcller: Signatory Vintage<\/strong><br \/>\nSignatory Vintage Scotch Whisky wurde 1988 von Andrew Symington gegr\u00fcndet, der zuvor das renommierte Prestonfield House Hotel in Edinburgh geleitet hatte. Das erste Fass, das von Symington in Flaschen abgef\u00fcllt wurde, war ein 1968 in Sherryf\u00e4ssern gereifter Glenlivet. Im Jahr 2002 erwarb Signatory die Destillerie Edradour von Pernod Ricard und verlegte anschlie\u00dfend alle seine Aktivit\u00e4ten nach Norden in den malerischen Standort Perthshire. Die Whiskys werden in der Regel in verschiedenen \u201eCollections\u201c abgef\u00fcllt\u2026 darunter die Un-chill Filtered Collection, die Cask Strength Collection und die Single Grain Collection.<\/p>\n<p><strong>Info Qualit\u00e4t der Flasche:<\/strong> Exzellent ohne Besch\u00e4digungen \/ <strong>F\u00fcllstand:<\/strong> High fill<br \/>\n<strong>Info Qualit\u00e4t der Box:<\/strong> keine Box vorhanden<\/p>\n<p><strong>Wichtiger Hinweis:<\/strong> Die Bewertung der Flaschen und Boxen erfolgt nach &#8220;besten Wissen und Gewissen&#8221;. dramfolks kann keine Gew\u00e4hrleistung f\u00fcr den Inhalt der Flaschen \u00fcbernehmen. Weitere Infos &amp; Hinweise finden Sie in unseren AGBs. Wir empfehlen Ihnen, vor der Abgabe von Geboten \u00fcber die Zoomfunktion eine Besichtigung \/ genaue Pr\u00fcfung des angebotenen Whiskys vorzunehmen. Bitte kontaktieren sie uns bei Fragen direkt unter info@dramfolks.com<\/p>\n","protected":false},"excerpt":{"rendered":"<p>Destille: Unbekannt Leider k\u00f6nnen wir hier an dieser Stelle keine Hinweise oder Texte zur Destillerie des Whiskys geben. Bekannt ist lediglich die Region Orkney. Auf den Orkneys gibt es nur zwei Brennereien, und Scapa ist es nicht&#8230;. Fun Fakt: &#8211; Whisky\/Whiskey: Orkney (HP) 2010 &#8211; 100 Proof Edition #38 (Signatory Vintage) Sucht ihr einen unabh\u00e4ngig,[&#8230;]\n","protected":false},"featured_media":3724492,"comment_status":"closed","ping_status":"closed","template":"","meta":[],"product_brand":[],"product_cat":[1189],"product_tag":[],"class_list":{"0":"post-3720826","1":"product","2":"type-product","3":"status-publish","4":"has-post-thumbnail","6":"product_cat-no-18-fr","8":"first","9":"instock","10":"shipping-taxable","11":"purchasable","12":"product-type-auction"},"yoast_head":"<!-- This site is optimized with the Yoast SEO plugin v27.0 - https:\/\/yoast.com\/product\/yoast-seo-wordpress\/ -->\n<title>Orkney (HP) 2010 - 100 Proof Edition #38 (Signatory Vintage) - Dramfolks Whisky Auction<\/title>\n<meta name=\"robots\" content=\"index, follow, max-snippet:-1, max-image-preview:large, max-video-preview:-1\" \/>\n<link rel=\"canonical\" href=\"https:\/\/www.dramfolks-whisky-auction.com\/en\/product\/orkney-hp-2010-100-proof-edition-38-signatory-vintage\/\" \/>\n<meta property=\"og:locale\" content=\"en_US\" \/>\n<meta property=\"og:type\" content=\"article\" \/>\n<meta property=\"og:title\" content=\"Orkney (HP) 2010 - 100 Proof Edition #38 (Signatory Vintage) - Dramfolks Whisky Auction\" \/>\n<meta property=\"og:description\" content=\"Destille: Unbekannt Leider k\u00f6nnen wir hier an dieser Stelle keine Hinweise oder Texte zur Destillerie des Whiskys geben. Bekannt ist lediglich die Region Orkney. Auf den Orkneys gibt es nur zwei Brennereien, und Scapa ist es nicht&#8230;. Fun Fakt: &#8211; Whisky\/Whiskey: Orkney (HP) 2010 &#8211; 100 Proof Edition #38 (Signatory Vintage) Sucht ihr einen unabh\u00e4ngig,[...]\" \/>\n<meta property=\"og:url\" content=\"https:\/\/www.dramfolks-whisky-auction.com\/en\/product\/orkney-hp-2010-100-proof-edition-38-signatory-vintage\/\" \/>\n<meta property=\"og:site_name\" content=\"Dramfolks Whisky Auction\" \/>\n<meta property=\"article:modified_time\" content=\"2025-07-03T19:09:48+00:00\" \/>\n<meta property=\"og:image\" content=\"https:\/\/www.dramfolks-whisky-auction.com\/wp-content\/uploads\/2025\/06\/Orkney-14yo-vorne-scaled.jpg\" \/>\n\t<meta property=\"og:image:width\" content=\"2560\" \/>\n\t<meta property=\"og:image:height\" content=\"2560\" \/>\n\t<meta property=\"og:image:type\" content=\"image\/jpeg\" \/>\n<meta name=\"twitter:card\" content=\"summary_large_image\" \/>\n<meta name=\"twitter:label1\" content=\"Est. reading time\" \/>\n\t<meta name=\"twitter:data1\" content=\"2 minutes\" \/>\n<script type=\"application\/ld+json\" class=\"yoast-schema-graph\">{\"@context\":\"https:\/\/schema.org\",\"@graph\":[{\"@type\":\"WebPage\",\"@id\":\"https:\/\/www.dramfolks-whisky-auction.com\/en\/product\/orkney-hp-2010-100-proof-edition-38-signatory-vintage\/\",\"url\":\"https:\/\/www.dramfolks-whisky-auction.com\/en\/product\/orkney-hp-2010-100-proof-edition-38-signatory-vintage\/\",\"name\":\"Orkney (HP) 2010 - 100 Proof Edition #38 (Signatory Vintage) - Dramfolks Whisky Auction\",\"isPartOf\":{\"@id\":\"https:\/\/www.dramfolks-whisky-auction.com\/en\/#website\"},\"primaryImageOfPage\":{\"@id\":\"https:\/\/www.dramfolks-whisky-auction.com\/en\/product\/orkney-hp-2010-100-proof-edition-38-signatory-vintage\/#primaryimage\"},\"image\":{\"@id\":\"https:\/\/www.dramfolks-whisky-auction.com\/en\/product\/orkney-hp-2010-100-proof-edition-38-signatory-vintage\/#primaryimage\"},\"thumbnailUrl\":\"https:\/\/www.dramfolks-whisky-auction.com\/wp-content\/uploads\/2025\/06\/Orkney-14yo-vorne-scaled.jpg\",\"datePublished\":\"2025-06-13T14:16:55+00:00\",\"dateModified\":\"2025-07-03T19:09:48+00:00\",\"breadcrumb\":{\"@id\":\"https:\/\/www.dramfolks-whisky-auction.com\/en\/product\/orkney-hp-2010-100-proof-edition-38-signatory-vintage\/#breadcrumb\"},\"inLanguage\":\"en-US\",\"potentialAction\":[{\"@type\":\"ReadAction\",\"target\":[\"https:\/\/www.dramfolks-whisky-auction.com\/en\/product\/orkney-hp-2010-100-proof-edition-38-signatory-vintage\/\"]}]},{\"@type\":\"ImageObject\",\"inLanguage\":\"en-US\",\"@id\":\"https:\/\/www.dramfolks-whisky-auction.com\/en\/product\/orkney-hp-2010-100-proof-edition-38-signatory-vintage\/#primaryimage\",\"url\":\"https:\/\/www.dramfolks-whisky-auction.com\/wp-content\/uploads\/2025\/06\/Orkney-14yo-vorne-scaled.jpg\",\"contentUrl\":\"https:\/\/www.dramfolks-whisky-auction.com\/wp-content\/uploads\/2025\/06\/Orkney-14yo-vorne-scaled.jpg\",\"width\":2560,\"height\":2560},{\"@type\":\"BreadcrumbList\",\"@id\":\"https:\/\/www.dramfolks-whisky-auction.com\/en\/product\/orkney-hp-2010-100-proof-edition-38-signatory-vintage\/#breadcrumb\",\"itemListElement\":[{\"@type\":\"ListItem\",\"position\":1,\"name\":\"Startseite\",\"item\":\"https:\/\/www.dramfolks-whisky-auction.com\/en\/\"},{\"@type\":\"ListItem\",\"position\":2,\"name\":\"Shop\",\"item\":\"https:\/\/www.dramfolks-whisky-auction.com\/en\/shop\/\"},{\"@type\":\"ListItem\",\"position\":3,\"name\":\"Orkney (HP) 2010 &#8211; 100 Proof Edition #38 (Signatory Vintage)\"}]},{\"@type\":\"WebSite\",\"@id\":\"https:\/\/www.dramfolks-whisky-auction.com\/en\/#website\",\"url\":\"https:\/\/www.dramfolks-whisky-auction.com\/en\/\",\"name\":\"Dramfolks Whisky Auction\",\"description\":\"\",\"potentialAction\":[{\"@type\":\"SearchAction\",\"target\":{\"@type\":\"EntryPoint\",\"urlTemplate\":\"https:\/\/www.dramfolks-whisky-auction.com\/en\/?s={search_term_string}\"},\"query-input\":{\"@type\":\"PropertyValueSpecification\",\"valueRequired\":true,\"valueName\":\"search_term_string\"}}],\"inLanguage\":\"en-US\"}]}<\/script>\n<!-- \/ Yoast SEO plugin. -->","yoast_head_json":{"title":"Orkney (HP) 2010 - 100 Proof Edition #38 (Signatory Vintage) - Dramfolks Whisky Auction","robots":{"index":"index","follow":"follow","max-snippet":"max-snippet:-1","max-image-preview":"max-image-preview:large","max-video-preview":"max-video-preview:-1"},"canonical":"https:\/\/www.dramfolks-whisky-auction.com\/en\/product\/orkney-hp-2010-100-proof-edition-38-signatory-vintage\/","og_locale":"en_US","og_type":"article","og_title":"Orkney (HP) 2010 - 100 Proof Edition #38 (Signatory Vintage) - Dramfolks Whisky Auction","og_description":"Destille: Unbekannt Leider k\u00f6nnen wir hier an dieser Stelle keine Hinweise oder Texte zur Destillerie des Whiskys geben. Bekannt ist lediglich die Region Orkney. Auf den Orkneys gibt es nur zwei Brennereien, und Scapa ist es nicht&#8230;. Fun Fakt: &#8211; Whisky\/Whiskey: Orkney (HP) 2010 &#8211; 100 Proof Edition #38 (Signatory Vintage) Sucht ihr einen unabh\u00e4ngig,[...]","og_url":"https:\/\/www.dramfolks-whisky-auction.com\/en\/product\/orkney-hp-2010-100-proof-edition-38-signatory-vintage\/","og_site_name":"Dramfolks Whisky Auction","article_modified_time":"2025-07-03T19:09:48+00:00","og_image":[{"width":2560,"height":2560,"url":"https:\/\/www.dramfolks-whisky-auction.com\/wp-content\/uploads\/2025\/06\/Orkney-14yo-vorne-scaled.jpg","type":"image\/jpeg"}],"twitter_card":"summary_large_image","twitter_misc":{"Est. reading time":"2 minutes"},"schema":{"@context":"https:\/\/schema.org","@graph":[{"@type":"WebPage","@id":"https:\/\/www.dramfolks-whisky-auction.com\/en\/product\/orkney-hp-2010-100-proof-edition-38-signatory-vintage\/","url":"https:\/\/www.dramfolks-whisky-auction.com\/en\/product\/orkney-hp-2010-100-proof-edition-38-signatory-vintage\/","name":"Orkney (HP) 2010 - 100 Proof Edition #38 (Signatory Vintage) - Dramfolks Whisky Auction","isPartOf":{"@id":"https:\/\/www.dramfolks-whisky-auction.com\/en\/#website"},"primaryImageOfPage":{"@id":"https:\/\/www.dramfolks-whisky-auction.com\/en\/product\/orkney-hp-2010-100-proof-edition-38-signatory-vintage\/#primaryimage"},"image":{"@id":"https:\/\/www.dramfolks-whisky-auction.com\/en\/product\/orkney-hp-2010-100-proof-edition-38-signatory-vintage\/#primaryimage"},"thumbnailUrl":"https:\/\/www.dramfolks-whisky-auction.com\/wp-content\/uploads\/2025\/06\/Orkney-14yo-vorne-scaled.jpg","datePublished":"2025-06-13T14:16:55+00:00","dateModified":"2025-07-03T19:09:48+00:00","breadcrumb":{"@id":"https:\/\/www.dramfolks-whisky-auction.com\/en\/product\/orkney-hp-2010-100-proof-edition-38-signatory-vintage\/#breadcrumb"},"inLanguage":"en-US","potentialAction":[{"@type":"ReadAction","target":["https:\/\/www.dramfolks-whisky-auction.com\/en\/product\/orkney-hp-2010-100-proof-edition-38-signatory-vintage\/"]}]},{"@type":"ImageObject","inLanguage":"en-US","@id":"https:\/\/www.dramfolks-whisky-auction.com\/en\/product\/orkney-hp-2010-100-proof-edition-38-signatory-vintage\/#primaryimage","url":"https:\/\/www.dramfolks-whisky-auction.com\/wp-content\/uploads\/2025\/06\/Orkney-14yo-vorne-scaled.jpg","contentUrl":"https:\/\/www.dramfolks-whisky-auction.com\/wp-content\/uploads\/2025\/06\/Orkney-14yo-vorne-scaled.jpg","width":2560,"height":2560},{"@type":"BreadcrumbList","@id":"https:\/\/www.dramfolks-whisky-auction.com\/en\/product\/orkney-hp-2010-100-proof-edition-38-signatory-vintage\/#breadcrumb","itemListElement":[{"@type":"ListItem","position":1,"name":"Startseite","item":"https:\/\/www.dramfolks-whisky-auction.com\/en\/"},{"@type":"ListItem","position":2,"name":"Shop","item":"https:\/\/www.dramfolks-whisky-auction.com\/en\/shop\/"},{"@type":"ListItem","position":3,"name":"Orkney (HP) 2010 &#8211; 100 Proof Edition #38 (Signatory Vintage)"}]},{"@type":"WebSite","@id":"https:\/\/www.dramfolks-whisky-auction.com\/en\/#website","url":"https:\/\/www.dramfolks-whisky-auction.com\/en\/","name":"Dramfolks Whisky Auction","description":"","potentialAction":[{"@type":"SearchAction","target":{"@type":"EntryPoint","urlTemplate":"https:\/\/www.dramfolks-whisky-auction.com\/en\/?s={search_term_string}"},"query-input":{"@type":"PropertyValueSpecification","valueRequired":true,"valueName":"search_term_string"}}],"inLanguage":"en-US"}]}},"_links":{"self":[{"href":"https:\/\/www.dramfolks-whisky-auction.com\/en\/wp-json\/wp\/v2\/product\/3720826","targetHints":{"allow":["GET"]}}],"collection":[{"href":"https:\/\/www.dramfolks-whisky-auction.com\/en\/wp-json\/wp\/v2\/product"}],"about":[{"href":"https:\/\/www.dramfolks-whisky-auction.com\/en\/wp-json\/wp\/v2\/types\/product"}],"replies":[{"embeddable":true,"href":"https:\/\/www.dramfolks-whisky-auction.com\/en\/wp-json\/wp\/v2\/comments?post=3720826"}],"wp:featuredmedia":[{"embeddable":true,"href":"https:\/\/www.dramfolks-whisky-auction.com\/en\/wp-json\/wp\/v2\/media\/3724492"}],"wp:attachment":[{"href":"https:\/\/www.dramfolks-whisky-auction.com\/en\/wp-json\/wp\/v2\/media?parent=3720826"}],"wp:term":[{"taxonomy":"product_brand","embeddable":true,"href":"https:\/\/www.dramfolks-whisky-auction.com\/en\/wp-json\/wp\/v2\/product_brand?post=3720826"},{"taxonomy":"product_cat","embeddable":true,"href":"https:\/\/www.dramfolks-whisky-auction.com\/en\/wp-json\/wp\/v2\/product_cat?post=3720826"},{"taxonomy":"product_tag","embeddable":true,"href":"https:\/\/www.dramfolks-whisky-auction.com\/en\/wp-json\/wp\/v2\/product_tag?post=3720826"}],"curies":[{"name":"wp","href":"https:\/\/api.w.org\/{rel}","templated":true}]}}