{"id":3692,"date":"2023-09-03T21:21:04","date_gmt":"2023-09-03T19:21:04","guid":{"rendered":"https:\/\/www.dramfolks-whisky-auction.com\/?post_type=product&#038;p=3692"},"modified":"2023-09-17T20:00:05","modified_gmt":"2023-09-17T18:00:05","slug":"jameson-city-edition-no-2-london","status":"publish","type":"product","link":"https:\/\/www.dramfolks-whisky-auction.com\/en\/product\/jameson-city-edition-no-2-london\/","title":{"rendered":"Jameson &#8211; City Edition No.2 London"},"content":{"rendered":"<p><strong>Destille: Jameson<br \/>\n<\/strong>Jameson ist eine irische Whiskey-Marke. Die gleichnamige Destillerie wurde von John Jameson im Jahr 1780 in Dublin gegr\u00fcndet und bis 1971 wurde in der Bow Street (Smithfield Village) destilliert. Heute kann man in Dublin nur noch die Schaubrennereien von Old Jameson besichtigen, produziert wird in Midleton. Jameson geh\u00f6rt zu den weltweit bekanntesten (irischen) Whiskey-Marken. Nach den gro\u00dfen &#8220;Whiskey-Krisen&#8221; in den USA und UK schloss sich im Jahre 1966 Jameson-Irish-Whiskey mit den letzten verbliebenen Destillerien der Republik Irland, n\u00e4mlich Power&#8217;s (John Power &amp; Son) und Cork Distilleries, zur Irish Distillers (Group) zusammen. 1975 er\u00f6ffnete diese Gruppe in Midleton, Cork, eine damalig auf dem technisch neuestem Stand befindliche Destillerie. Seit 1988 geh\u00f6rt die Irish Distillers Limited zum franz\u00f6sischen Pernod-Ricard-Konzern.<\/p>\n<p><strong>Fun Fakt:<\/strong> Gr\u00fcnder John Jameson war eigentlich ein Schotte&#8230; John Jameson wurde 1740 in Alloa, Schottland, geboren und urspr\u00fcnglich von der Familie seiner zuk\u00fcnftigen Frau als General Manager bei Dubliner Bow Street Distillery eingestellt. Dort lernte er Margaret Haig kennen, deren Cousins 1780 die Dubliner Bow Street Distillery mit John Jameson gr\u00fcndeten.<\/p>\n<p><strong>Whisky\/Whiskey: City Edition No.2 London<br \/>\n<\/strong>Im August 2012 launchte Pernord Ricard die City Editions seines Jameson Whiskeys. Die Jameson City Editions zeigen auf acht verschiedenen Etiketten die Wiedererkennungsmerkmale der Gro\u00dfst\u00e4dte Amsterdam, Bangkok, Dublin, London, Moskau, Paris, Singapur und Sydney. Jede der Gro\u00dfst\u00e4dte erhielt ihr eigenes Etikettendesign, das ausschlie\u00dflich im Travel-Retail-Sektor des internationalen Hauptflughafens im Umland erh\u00e4ltlich war. Es handelt sich um einen Triple destilled Blended Whiskey.<\/p>\n<p><strong>Info Qualit\u00e4t der Flasche:<\/strong> Exzellent ohne Besch\u00e4digungen \/ <strong>F\u00fcllstand:<\/strong> Into neck<br \/>\n<strong>Info Qualit\u00e4t der Box:<\/strong> keine Box vorhanden<\/p>\n<p><strong>Wichtiger Hinweis:<\/strong> Die Bewertung der Flaschen und Boxen erfolgt nach \u201ebesten Wissen und Gewissen\u201c. dramfolks kann keine Gew\u00e4hrleistung f\u00fcr den Inhalt der Flaschen \u00fcbernehmen. Weitere Infos &amp; Hinweise finden Sie in unseren AGBs. Wir empfehlen Ihnen, vor der Abgabe von Geboten \u00fcber die Zoomfunktion eine Besichtigung \/ genaue Pr\u00fcfung des angebotenen Whiskys vorzunehmen. Bitte kontaktieren sie uns bei Fragen direkt unter info@dramfolks.com<\/p>\n","protected":false},"excerpt":{"rendered":"<p>Destille: Jameson Jameson ist eine irische Whiskey-Marke. Die gleichnamige Destillerie wurde von John Jameson im Jahr 1780 in Dublin gegr\u00fcndet und bis 1971 wurde in der Bow Street (Smithfield Village) destilliert. Heute kann man in Dublin nur noch die Schaubrennereien von Old Jameson besichtigen, produziert wird in Midleton. Jameson geh\u00f6rt zu den weltweit bekanntesten (irischen)[&#8230;]\n","protected":false},"featured_media":3693,"comment_status":"closed","ping_status":"closed","template":"","meta":[],"product_brand":[],"product_cat":[539],"product_tag":[],"class_list":{"0":"post-3692","1":"product","2":"type-product","3":"status-publish","4":"has-post-thumbnail","6":"product_cat-no-6","8":"first","9":"instock","10":"shipping-taxable","11":"purchasable","12":"product-type-auction"},"yoast_head":"<!-- This site is optimized with the Yoast SEO plugin v27.4 - https:\/\/yoast.com\/product\/yoast-seo-wordpress\/ -->\n<title>Jameson - City Edition No.2 London - Dramfolks Whisky Auction<\/title>\n<meta name=\"robots\" content=\"index, follow, max-snippet:-1, max-image-preview:large, max-video-preview:-1\" \/>\n<link rel=\"canonical\" href=\"https:\/\/www.dramfolks-whisky-auction.com\/en\/product\/jameson-city-edition-no-2-london\/\" \/>\n<meta property=\"og:locale\" content=\"en_US\" \/>\n<meta property=\"og:type\" content=\"article\" \/>\n<meta property=\"og:title\" content=\"Jameson - City Edition No.2 London - Dramfolks Whisky Auction\" \/>\n<meta property=\"og:description\" content=\"Destille: Jameson Jameson ist eine irische Whiskey-Marke. Die gleichnamige Destillerie wurde von John Jameson im Jahr 1780 in Dublin gegr\u00fcndet und bis 1971 wurde in der Bow Street (Smithfield Village) destilliert. Heute kann man in Dublin nur noch die Schaubrennereien von Old Jameson besichtigen, produziert wird in Midleton. Jameson geh\u00f6rt zu den weltweit bekanntesten (irischen)[...]\" \/>\n<meta property=\"og:url\" content=\"https:\/\/www.dramfolks-whisky-auction.com\/en\/product\/jameson-city-edition-no-2-london\/\" \/>\n<meta property=\"og:site_name\" content=\"Dramfolks Whisky Auction\" \/>\n<meta property=\"article:modified_time\" content=\"2023-09-17T18:00:05+00:00\" \/>\n<meta property=\"og:image\" content=\"https:\/\/www.dramfolks-whisky-auction.com\/wp-content\/uploads\/2023\/09\/Jameson-vorne-H-scaled.jpg\" \/>\n\t<meta property=\"og:image:width\" content=\"2560\" \/>\n\t<meta property=\"og:image:height\" content=\"2560\" \/>\n\t<meta property=\"og:image:type\" content=\"image\/jpeg\" \/>\n<meta name=\"twitter:card\" content=\"summary_large_image\" \/>\n<meta name=\"twitter:label1\" content=\"Est. reading time\" \/>\n\t<meta name=\"twitter:data1\" content=\"2 minutes\" \/>\n<script type=\"application\/ld+json\" class=\"yoast-schema-graph\">{\"@context\":\"https:\\\/\\\/schema.org\",\"@graph\":[{\"@type\":\"WebPage\",\"@id\":\"https:\\\/\\\/www.dramfolks-whisky-auction.com\\\/en\\\/product\\\/jameson-city-edition-no-2-london\\\/\",\"url\":\"https:\\\/\\\/www.dramfolks-whisky-auction.com\\\/en\\\/product\\\/jameson-city-edition-no-2-london\\\/\",\"name\":\"Jameson - City Edition No.2 London - Dramfolks Whisky Auction\",\"isPartOf\":{\"@id\":\"https:\\\/\\\/www.dramfolks-whisky-auction.com\\\/en\\\/#website\"},\"primaryImageOfPage\":{\"@id\":\"https:\\\/\\\/www.dramfolks-whisky-auction.com\\\/en\\\/product\\\/jameson-city-edition-no-2-london\\\/#primaryimage\"},\"image\":{\"@id\":\"https:\\\/\\\/www.dramfolks-whisky-auction.com\\\/en\\\/product\\\/jameson-city-edition-no-2-london\\\/#primaryimage\"},\"thumbnailUrl\":\"https:\\\/\\\/www.dramfolks-whisky-auction.com\\\/wp-content\\\/uploads\\\/2023\\\/09\\\/Jameson-vorne-H-scaled.jpg\",\"datePublished\":\"2023-09-03T19:21:04+00:00\",\"dateModified\":\"2023-09-17T18:00:05+00:00\",\"breadcrumb\":{\"@id\":\"https:\\\/\\\/www.dramfolks-whisky-auction.com\\\/en\\\/product\\\/jameson-city-edition-no-2-london\\\/#breadcrumb\"},\"inLanguage\":\"en-US\",\"potentialAction\":[{\"@type\":\"ReadAction\",\"target\":[\"https:\\\/\\\/www.dramfolks-whisky-auction.com\\\/en\\\/product\\\/jameson-city-edition-no-2-london\\\/\"]}]},{\"@type\":\"ImageObject\",\"inLanguage\":\"en-US\",\"@id\":\"https:\\\/\\\/www.dramfolks-whisky-auction.com\\\/en\\\/product\\\/jameson-city-edition-no-2-london\\\/#primaryimage\",\"url\":\"https:\\\/\\\/www.dramfolks-whisky-auction.com\\\/wp-content\\\/uploads\\\/2023\\\/09\\\/Jameson-vorne-H-scaled.jpg\",\"contentUrl\":\"https:\\\/\\\/www.dramfolks-whisky-auction.com\\\/wp-content\\\/uploads\\\/2023\\\/09\\\/Jameson-vorne-H-scaled.jpg\",\"width\":2560,\"height\":2560},{\"@type\":\"BreadcrumbList\",\"@id\":\"https:\\\/\\\/www.dramfolks-whisky-auction.com\\\/en\\\/product\\\/jameson-city-edition-no-2-london\\\/#breadcrumb\",\"itemListElement\":[{\"@type\":\"ListItem\",\"position\":1,\"name\":\"Startseite\",\"item\":\"https:\\\/\\\/www.dramfolks-whisky-auction.com\\\/en\\\/\"},{\"@type\":\"ListItem\",\"position\":2,\"name\":\"Shop\",\"item\":\"https:\\\/\\\/www.dramfolks-whisky-auction.com\\\/en\\\/shop\\\/\"},{\"@type\":\"ListItem\",\"position\":3,\"name\":\"Jameson &#8211; City Edition No.2 London\"}]},{\"@type\":\"WebSite\",\"@id\":\"https:\\\/\\\/www.dramfolks-whisky-auction.com\\\/en\\\/#website\",\"url\":\"https:\\\/\\\/www.dramfolks-whisky-auction.com\\\/en\\\/\",\"name\":\"Dramfolks Whisky Auction\",\"description\":\"\",\"potentialAction\":[{\"@type\":\"SearchAction\",\"target\":{\"@type\":\"EntryPoint\",\"urlTemplate\":\"https:\\\/\\\/www.dramfolks-whisky-auction.com\\\/en\\\/?s={search_term_string}\"},\"query-input\":{\"@type\":\"PropertyValueSpecification\",\"valueRequired\":true,\"valueName\":\"search_term_string\"}}],\"inLanguage\":\"en-US\"}]}<\/script>\n<!-- \/ Yoast SEO plugin. -->","yoast_head_json":{"title":"Jameson - City Edition No.2 London - Dramfolks Whisky Auction","robots":{"index":"index","follow":"follow","max-snippet":"max-snippet:-1","max-image-preview":"max-image-preview:large","max-video-preview":"max-video-preview:-1"},"canonical":"https:\/\/www.dramfolks-whisky-auction.com\/en\/product\/jameson-city-edition-no-2-london\/","og_locale":"en_US","og_type":"article","og_title":"Jameson - City Edition No.2 London - Dramfolks Whisky Auction","og_description":"Destille: Jameson Jameson ist eine irische Whiskey-Marke. Die gleichnamige Destillerie wurde von John Jameson im Jahr 1780 in Dublin gegr\u00fcndet und bis 1971 wurde in der Bow Street (Smithfield Village) destilliert. Heute kann man in Dublin nur noch die Schaubrennereien von Old Jameson besichtigen, produziert wird in Midleton. Jameson geh\u00f6rt zu den weltweit bekanntesten (irischen)[...]","og_url":"https:\/\/www.dramfolks-whisky-auction.com\/en\/product\/jameson-city-edition-no-2-london\/","og_site_name":"Dramfolks Whisky Auction","article_modified_time":"2023-09-17T18:00:05+00:00","og_image":[{"width":2560,"height":2560,"url":"https:\/\/www.dramfolks-whisky-auction.com\/wp-content\/uploads\/2023\/09\/Jameson-vorne-H-scaled.jpg","type":"image\/jpeg"}],"twitter_card":"summary_large_image","twitter_misc":{"Est. reading time":"2 minutes"},"schema":{"@context":"https:\/\/schema.org","@graph":[{"@type":"WebPage","@id":"https:\/\/www.dramfolks-whisky-auction.com\/en\/product\/jameson-city-edition-no-2-london\/","url":"https:\/\/www.dramfolks-whisky-auction.com\/en\/product\/jameson-city-edition-no-2-london\/","name":"Jameson - City Edition No.2 London - Dramfolks Whisky Auction","isPartOf":{"@id":"https:\/\/www.dramfolks-whisky-auction.com\/en\/#website"},"primaryImageOfPage":{"@id":"https:\/\/www.dramfolks-whisky-auction.com\/en\/product\/jameson-city-edition-no-2-london\/#primaryimage"},"image":{"@id":"https:\/\/www.dramfolks-whisky-auction.com\/en\/product\/jameson-city-edition-no-2-london\/#primaryimage"},"thumbnailUrl":"https:\/\/www.dramfolks-whisky-auction.com\/wp-content\/uploads\/2023\/09\/Jameson-vorne-H-scaled.jpg","datePublished":"2023-09-03T19:21:04+00:00","dateModified":"2023-09-17T18:00:05+00:00","breadcrumb":{"@id":"https:\/\/www.dramfolks-whisky-auction.com\/en\/product\/jameson-city-edition-no-2-london\/#breadcrumb"},"inLanguage":"en-US","potentialAction":[{"@type":"ReadAction","target":["https:\/\/www.dramfolks-whisky-auction.com\/en\/product\/jameson-city-edition-no-2-london\/"]}]},{"@type":"ImageObject","inLanguage":"en-US","@id":"https:\/\/www.dramfolks-whisky-auction.com\/en\/product\/jameson-city-edition-no-2-london\/#primaryimage","url":"https:\/\/www.dramfolks-whisky-auction.com\/wp-content\/uploads\/2023\/09\/Jameson-vorne-H-scaled.jpg","contentUrl":"https:\/\/www.dramfolks-whisky-auction.com\/wp-content\/uploads\/2023\/09\/Jameson-vorne-H-scaled.jpg","width":2560,"height":2560},{"@type":"BreadcrumbList","@id":"https:\/\/www.dramfolks-whisky-auction.com\/en\/product\/jameson-city-edition-no-2-london\/#breadcrumb","itemListElement":[{"@type":"ListItem","position":1,"name":"Startseite","item":"https:\/\/www.dramfolks-whisky-auction.com\/en\/"},{"@type":"ListItem","position":2,"name":"Shop","item":"https:\/\/www.dramfolks-whisky-auction.com\/en\/shop\/"},{"@type":"ListItem","position":3,"name":"Jameson &#8211; City Edition No.2 London"}]},{"@type":"WebSite","@id":"https:\/\/www.dramfolks-whisky-auction.com\/en\/#website","url":"https:\/\/www.dramfolks-whisky-auction.com\/en\/","name":"Dramfolks Whisky Auction","description":"","potentialAction":[{"@type":"SearchAction","target":{"@type":"EntryPoint","urlTemplate":"https:\/\/www.dramfolks-whisky-auction.com\/en\/?s={search_term_string}"},"query-input":{"@type":"PropertyValueSpecification","valueRequired":true,"valueName":"search_term_string"}}],"inLanguage":"en-US"}]}},"_links":{"self":[{"href":"https:\/\/www.dramfolks-whisky-auction.com\/en\/wp-json\/wp\/v2\/product\/3692","targetHints":{"allow":["GET"]}}],"collection":[{"href":"https:\/\/www.dramfolks-whisky-auction.com\/en\/wp-json\/wp\/v2\/product"}],"about":[{"href":"https:\/\/www.dramfolks-whisky-auction.com\/en\/wp-json\/wp\/v2\/types\/product"}],"replies":[{"embeddable":true,"href":"https:\/\/www.dramfolks-whisky-auction.com\/en\/wp-json\/wp\/v2\/comments?post=3692"}],"wp:featuredmedia":[{"embeddable":true,"href":"https:\/\/www.dramfolks-whisky-auction.com\/en\/wp-json\/wp\/v2\/media\/3693"}],"wp:attachment":[{"href":"https:\/\/www.dramfolks-whisky-auction.com\/en\/wp-json\/wp\/v2\/media?parent=3692"}],"wp:term":[{"taxonomy":"product_brand","embeddable":true,"href":"https:\/\/www.dramfolks-whisky-auction.com\/en\/wp-json\/wp\/v2\/product_brand?post=3692"},{"taxonomy":"product_cat","embeddable":true,"href":"https:\/\/www.dramfolks-whisky-auction.com\/en\/wp-json\/wp\/v2\/product_cat?post=3692"},{"taxonomy":"product_tag","embeddable":true,"href":"https:\/\/www.dramfolks-whisky-auction.com\/en\/wp-json\/wp\/v2\/product_tag?post=3692"}],"curies":[{"name":"wp","href":"https:\/\/api.w.org\/{rel}","templated":true}]}}