{"id":3689069,"date":"2025-06-10T19:37:19","date_gmt":"2025-06-10T17:37:19","guid":{"rendered":"https:\/\/www.dramfolks-whisky-auction.com\/?post_type=product&#038;p=3689069"},"modified":"2025-06-28T19:30:43","modified_gmt":"2025-06-28T17:30:43","slug":"auchentoshan-distillery-10yo-old-version","status":"publish","type":"product","link":"https:\/\/www.dramfolks-whisky-auction.com\/en\/product\/auchentoshan-distillery-10yo-old-version\/","title":{"rendered":"Auchentoshan Distillery &#8211; 10yo old version"},"content":{"rendered":"<p><strong>Destille: Auchentoshan Distillery<br \/>\n<\/strong>Die Auchentoshan Distillery (OKH-\u0259n-TOSH-\u0259n) ist eine Lowland Single Malt Scotch Whisky Destillerie in Dalmuir, Schottland.<br \/>\nDer Name Auchentoshan stammt aus dem G\u00e4lischen Achadh an Oisein und bedeutet \u00fcbersetzt &#8220;Eckfeld&#8221;. Die Destillerie ist aufgrund ihrer N\u00e4he zu Glasgow auch als &#8220;Glasgow&#8217;s Malt Whisky&#8221; und aufgrund ihrer s\u00fc\u00dfen und delikaten Art als &#8220;The Breakfast Whisky&#8221; bekannt. Auchentoshan liegt am Fu\u00dfe der Kilpatrick Hills am Stadtrand von Clydebank in West Dunbartonshire in der N\u00e4he der Erskine Bridge.<br \/>\nDie Auchentoshan Destillerie wurde 1823 erbaut. Die urspr\u00fcngliche Brennerei wurde von einem Getreideh\u00e4ndler namens John Bulloch erbaut und mit seinem Sohn gef\u00fchrt. Nach dem Bankrott im Jahr 1834 wurde die Brennerei an Alexander Filshie, einen \u00f6rtlichen Bauern, verkauft und blieb bis 1877 unter der Kontrolle seiner Familie, nachdem sie nach einer schlechten Ernte wieder an mehrere Besitzer verkauft wurde. Im Jahr 1877 wurde die Brennerei von den Glasgower Destillateuren John &amp; George MacLachlan erworben. Die Brennerei wurde 1969 von Eadie Cairns gekauft, die sie komplett umbaute. Cairns verkaufte Auchentoshan 1984 an den Whisky-Blender Stanley P. Morrison (sp\u00e4ter Morrison Bowmore Distillers).<br \/>\nSuntory investierte 1989 in Morrison Bowmore und erwarb 1994 100 % der Beteiligungen, einschlie\u00dflich der Auchentoshan-Brennerei.<\/p>\n<p><strong>Fun fact 1:<\/strong> Das Beste draus gemacht&#8230; Das Areal um die Brennerei wurde im Zweiten Weltkrieg besch\u00e4digt und ein Bombenkrater hinter der Brennerei dient heute als Teich f\u00fcr K\u00fchlwasser.<\/p>\n<p><strong>Fun fact no.2:<\/strong> Es ist nach wie vor die einzige Destillerie in Schottland, die eine 100%ige Dreifachdestillation durchf\u00fchrt und eine der wenigen, in der die gesamte Produktion als Single Malt abgef\u00fcllt wird.<\/p>\n<p><strong>Whisky\/Whiskey: 10yo old version<\/strong><br \/>\nDer 10-J\u00e4hrige Single Malt Whisky von Auchentoshan ist ein Standard Whisky der Lowland Destille.<br \/>\nDer hier angebotene 10-J\u00e4hrige stammt aus den 1990igern und ist ein seltenes, altes Exemplar des &#8220;Aush\u00e4ngeschildes&#8221; der Lowland Whisky Brennerei.<\/p>\n<p><strong>Info Qualit\u00e4t der Flasche:<\/strong> Exzellent ohne Besch\u00e4digungen \/ <strong>F\u00fcllstand:<\/strong> Top shoulder<br \/>\n<strong>Info Qualit\u00e4t der Box:<\/strong> Gut &#8211; Deckel nicht vorhanden<\/p>\n<p><strong>Wichtiger Hinweis:<\/strong> Die Bewertung der Flaschen und Boxen erfolgt nach \u201ebesten Wissen und Gewissen\u201c. dramfolks kann keine Gew\u00e4hrleistung f\u00fcr den Inhalt der Flaschen \u00fcbernehmen. Weitere Infos &amp; Hinweise finden Sie in unseren AGBs. Wir empfehlen Ihnen, vor der Abgabe von Geboten \u00fcber die Zoomfunktion eine Besichtigung \/ genaue Pr\u00fcfung des angebotenen Whiskys vorzunehmen. Bitte kontaktieren sie uns bei Fragen direkt unter info@dramfolks.com<\/p>\n","protected":false},"excerpt":{"rendered":"<p>Destille: Auchentoshan Distillery Die Auchentoshan Distillery (OKH-\u0259n-TOSH-\u0259n) ist eine Lowland Single Malt Scotch Whisky Destillerie in Dalmuir, Schottland. Der Name Auchentoshan stammt aus dem G\u00e4lischen Achadh an Oisein und bedeutet \u00fcbersetzt &#8220;Eckfeld&#8221;. Die Destillerie ist aufgrund ihrer N\u00e4he zu Glasgow auch als &#8220;Glasgow&#8217;s Malt Whisky&#8221; und aufgrund ihrer s\u00fc\u00dfen und delikaten Art als &#8220;The Breakfast[&#8230;]\n","protected":false},"featured_media":3689070,"comment_status":"closed","ping_status":"closed","template":"","meta":[],"product_brand":[],"product_cat":[1190],"product_tag":[],"class_list":{"0":"post-3689069","1":"product","2":"type-product","3":"status-publish","4":"has-post-thumbnail","6":"product_cat-no-18-en","8":"first","9":"instock","10":"shipping-taxable","11":"purchasable","12":"product-type-auction"},"yoast_head":"<!-- This site is optimized with the Yoast SEO plugin v27.0 - https:\/\/yoast.com\/product\/yoast-seo-wordpress\/ -->\n<title>Auchentoshan Distillery - 10yo old version - Dramfolks Whisky Auction<\/title>\n<meta name=\"robots\" content=\"index, follow, max-snippet:-1, max-image-preview:large, max-video-preview:-1\" \/>\n<link rel=\"canonical\" href=\"https:\/\/www.dramfolks-whisky-auction.com\/en\/product\/auchentoshan-distillery-10yo-old-version\/\" \/>\n<meta property=\"og:locale\" content=\"en_US\" \/>\n<meta property=\"og:type\" content=\"article\" \/>\n<meta property=\"og:title\" content=\"Auchentoshan Distillery - 10yo old version - Dramfolks Whisky Auction\" \/>\n<meta property=\"og:description\" content=\"Destille: Auchentoshan Distillery Die Auchentoshan Distillery (OKH-\u0259n-TOSH-\u0259n) ist eine Lowland Single Malt Scotch Whisky Destillerie in Dalmuir, Schottland. Der Name Auchentoshan stammt aus dem G\u00e4lischen Achadh an Oisein und bedeutet \u00fcbersetzt &#8220;Eckfeld&#8221;. Die Destillerie ist aufgrund ihrer N\u00e4he zu Glasgow auch als &#8220;Glasgow&#8217;s Malt Whisky&#8221; und aufgrund ihrer s\u00fc\u00dfen und delikaten Art als &#8220;The Breakfast[...]\" \/>\n<meta property=\"og:url\" content=\"https:\/\/www.dramfolks-whisky-auction.com\/en\/product\/auchentoshan-distillery-10yo-old-version\/\" \/>\n<meta property=\"og:site_name\" content=\"Dramfolks Whisky Auction\" \/>\n<meta property=\"article:modified_time\" content=\"2025-06-28T17:30:43+00:00\" \/>\n<meta property=\"og:image\" content=\"https:\/\/www.dramfolks-whisky-auction.com\/wp-content\/uploads\/2025\/06\/Auchentoshan-10yo-vorne-scaled.jpg\" \/>\n\t<meta property=\"og:image:width\" content=\"2560\" \/>\n\t<meta property=\"og:image:height\" content=\"2560\" \/>\n\t<meta property=\"og:image:type\" content=\"image\/jpeg\" \/>\n<meta name=\"twitter:card\" content=\"summary_large_image\" \/>\n<meta name=\"twitter:label1\" content=\"Est. reading time\" \/>\n\t<meta name=\"twitter:data1\" content=\"3 minutes\" \/>\n<script type=\"application\/ld+json\" class=\"yoast-schema-graph\">{\"@context\":\"https:\/\/schema.org\",\"@graph\":[{\"@type\":\"WebPage\",\"@id\":\"https:\/\/www.dramfolks-whisky-auction.com\/en\/product\/auchentoshan-distillery-10yo-old-version\/\",\"url\":\"https:\/\/www.dramfolks-whisky-auction.com\/en\/product\/auchentoshan-distillery-10yo-old-version\/\",\"name\":\"Auchentoshan Distillery - 10yo old version - Dramfolks Whisky Auction\",\"isPartOf\":{\"@id\":\"https:\/\/www.dramfolks-whisky-auction.com\/en\/#website\"},\"primaryImageOfPage\":{\"@id\":\"https:\/\/www.dramfolks-whisky-auction.com\/en\/product\/auchentoshan-distillery-10yo-old-version\/#primaryimage\"},\"image\":{\"@id\":\"https:\/\/www.dramfolks-whisky-auction.com\/en\/product\/auchentoshan-distillery-10yo-old-version\/#primaryimage\"},\"thumbnailUrl\":\"https:\/\/www.dramfolks-whisky-auction.com\/wp-content\/uploads\/2025\/06\/Auchentoshan-10yo-vorne-scaled.jpg\",\"datePublished\":\"2025-06-10T17:37:19+00:00\",\"dateModified\":\"2025-06-28T17:30:43+00:00\",\"breadcrumb\":{\"@id\":\"https:\/\/www.dramfolks-whisky-auction.com\/en\/product\/auchentoshan-distillery-10yo-old-version\/#breadcrumb\"},\"inLanguage\":\"en-US\",\"potentialAction\":[{\"@type\":\"ReadAction\",\"target\":[\"https:\/\/www.dramfolks-whisky-auction.com\/en\/product\/auchentoshan-distillery-10yo-old-version\/\"]}]},{\"@type\":\"ImageObject\",\"inLanguage\":\"en-US\",\"@id\":\"https:\/\/www.dramfolks-whisky-auction.com\/en\/product\/auchentoshan-distillery-10yo-old-version\/#primaryimage\",\"url\":\"https:\/\/www.dramfolks-whisky-auction.com\/wp-content\/uploads\/2025\/06\/Auchentoshan-10yo-vorne-scaled.jpg\",\"contentUrl\":\"https:\/\/www.dramfolks-whisky-auction.com\/wp-content\/uploads\/2025\/06\/Auchentoshan-10yo-vorne-scaled.jpg\",\"width\":2560,\"height\":2560},{\"@type\":\"BreadcrumbList\",\"@id\":\"https:\/\/www.dramfolks-whisky-auction.com\/en\/product\/auchentoshan-distillery-10yo-old-version\/#breadcrumb\",\"itemListElement\":[{\"@type\":\"ListItem\",\"position\":1,\"name\":\"Startseite\",\"item\":\"https:\/\/www.dramfolks-whisky-auction.com\/en\/\"},{\"@type\":\"ListItem\",\"position\":2,\"name\":\"Shop\",\"item\":\"https:\/\/www.dramfolks-whisky-auction.com\/en\/shop\/\"},{\"@type\":\"ListItem\",\"position\":3,\"name\":\"Auchentoshan Distillery &#8211; 10yo old version\"}]},{\"@type\":\"WebSite\",\"@id\":\"https:\/\/www.dramfolks-whisky-auction.com\/en\/#website\",\"url\":\"https:\/\/www.dramfolks-whisky-auction.com\/en\/\",\"name\":\"Dramfolks Whisky Auction\",\"description\":\"\",\"potentialAction\":[{\"@type\":\"SearchAction\",\"target\":{\"@type\":\"EntryPoint\",\"urlTemplate\":\"https:\/\/www.dramfolks-whisky-auction.com\/en\/?s={search_term_string}\"},\"query-input\":{\"@type\":\"PropertyValueSpecification\",\"valueRequired\":true,\"valueName\":\"search_term_string\"}}],\"inLanguage\":\"en-US\"}]}<\/script>\n<!-- \/ Yoast SEO plugin. -->","yoast_head_json":{"title":"Auchentoshan Distillery - 10yo old version - Dramfolks Whisky Auction","robots":{"index":"index","follow":"follow","max-snippet":"max-snippet:-1","max-image-preview":"max-image-preview:large","max-video-preview":"max-video-preview:-1"},"canonical":"https:\/\/www.dramfolks-whisky-auction.com\/en\/product\/auchentoshan-distillery-10yo-old-version\/","og_locale":"en_US","og_type":"article","og_title":"Auchentoshan Distillery - 10yo old version - Dramfolks Whisky Auction","og_description":"Destille: Auchentoshan Distillery Die Auchentoshan Distillery (OKH-\u0259n-TOSH-\u0259n) ist eine Lowland Single Malt Scotch Whisky Destillerie in Dalmuir, Schottland. Der Name Auchentoshan stammt aus dem G\u00e4lischen Achadh an Oisein und bedeutet \u00fcbersetzt &#8220;Eckfeld&#8221;. Die Destillerie ist aufgrund ihrer N\u00e4he zu Glasgow auch als &#8220;Glasgow&#8217;s Malt Whisky&#8221; und aufgrund ihrer s\u00fc\u00dfen und delikaten Art als &#8220;The Breakfast[...]","og_url":"https:\/\/www.dramfolks-whisky-auction.com\/en\/product\/auchentoshan-distillery-10yo-old-version\/","og_site_name":"Dramfolks Whisky Auction","article_modified_time":"2025-06-28T17:30:43+00:00","og_image":[{"width":2560,"height":2560,"url":"https:\/\/www.dramfolks-whisky-auction.com\/wp-content\/uploads\/2025\/06\/Auchentoshan-10yo-vorne-scaled.jpg","type":"image\/jpeg"}],"twitter_card":"summary_large_image","twitter_misc":{"Est. reading time":"3 minutes"},"schema":{"@context":"https:\/\/schema.org","@graph":[{"@type":"WebPage","@id":"https:\/\/www.dramfolks-whisky-auction.com\/en\/product\/auchentoshan-distillery-10yo-old-version\/","url":"https:\/\/www.dramfolks-whisky-auction.com\/en\/product\/auchentoshan-distillery-10yo-old-version\/","name":"Auchentoshan Distillery - 10yo old version - Dramfolks Whisky Auction","isPartOf":{"@id":"https:\/\/www.dramfolks-whisky-auction.com\/en\/#website"},"primaryImageOfPage":{"@id":"https:\/\/www.dramfolks-whisky-auction.com\/en\/product\/auchentoshan-distillery-10yo-old-version\/#primaryimage"},"image":{"@id":"https:\/\/www.dramfolks-whisky-auction.com\/en\/product\/auchentoshan-distillery-10yo-old-version\/#primaryimage"},"thumbnailUrl":"https:\/\/www.dramfolks-whisky-auction.com\/wp-content\/uploads\/2025\/06\/Auchentoshan-10yo-vorne-scaled.jpg","datePublished":"2025-06-10T17:37:19+00:00","dateModified":"2025-06-28T17:30:43+00:00","breadcrumb":{"@id":"https:\/\/www.dramfolks-whisky-auction.com\/en\/product\/auchentoshan-distillery-10yo-old-version\/#breadcrumb"},"inLanguage":"en-US","potentialAction":[{"@type":"ReadAction","target":["https:\/\/www.dramfolks-whisky-auction.com\/en\/product\/auchentoshan-distillery-10yo-old-version\/"]}]},{"@type":"ImageObject","inLanguage":"en-US","@id":"https:\/\/www.dramfolks-whisky-auction.com\/en\/product\/auchentoshan-distillery-10yo-old-version\/#primaryimage","url":"https:\/\/www.dramfolks-whisky-auction.com\/wp-content\/uploads\/2025\/06\/Auchentoshan-10yo-vorne-scaled.jpg","contentUrl":"https:\/\/www.dramfolks-whisky-auction.com\/wp-content\/uploads\/2025\/06\/Auchentoshan-10yo-vorne-scaled.jpg","width":2560,"height":2560},{"@type":"BreadcrumbList","@id":"https:\/\/www.dramfolks-whisky-auction.com\/en\/product\/auchentoshan-distillery-10yo-old-version\/#breadcrumb","itemListElement":[{"@type":"ListItem","position":1,"name":"Startseite","item":"https:\/\/www.dramfolks-whisky-auction.com\/en\/"},{"@type":"ListItem","position":2,"name":"Shop","item":"https:\/\/www.dramfolks-whisky-auction.com\/en\/shop\/"},{"@type":"ListItem","position":3,"name":"Auchentoshan Distillery &#8211; 10yo old version"}]},{"@type":"WebSite","@id":"https:\/\/www.dramfolks-whisky-auction.com\/en\/#website","url":"https:\/\/www.dramfolks-whisky-auction.com\/en\/","name":"Dramfolks Whisky Auction","description":"","potentialAction":[{"@type":"SearchAction","target":{"@type":"EntryPoint","urlTemplate":"https:\/\/www.dramfolks-whisky-auction.com\/en\/?s={search_term_string}"},"query-input":{"@type":"PropertyValueSpecification","valueRequired":true,"valueName":"search_term_string"}}],"inLanguage":"en-US"}]}},"_links":{"self":[{"href":"https:\/\/www.dramfolks-whisky-auction.com\/en\/wp-json\/wp\/v2\/product\/3689069","targetHints":{"allow":["GET"]}}],"collection":[{"href":"https:\/\/www.dramfolks-whisky-auction.com\/en\/wp-json\/wp\/v2\/product"}],"about":[{"href":"https:\/\/www.dramfolks-whisky-auction.com\/en\/wp-json\/wp\/v2\/types\/product"}],"replies":[{"embeddable":true,"href":"https:\/\/www.dramfolks-whisky-auction.com\/en\/wp-json\/wp\/v2\/comments?post=3689069"}],"wp:featuredmedia":[{"embeddable":true,"href":"https:\/\/www.dramfolks-whisky-auction.com\/en\/wp-json\/wp\/v2\/media\/3689070"}],"wp:attachment":[{"href":"https:\/\/www.dramfolks-whisky-auction.com\/en\/wp-json\/wp\/v2\/media?parent=3689069"}],"wp:term":[{"taxonomy":"product_brand","embeddable":true,"href":"https:\/\/www.dramfolks-whisky-auction.com\/en\/wp-json\/wp\/v2\/product_brand?post=3689069"},{"taxonomy":"product_cat","embeddable":true,"href":"https:\/\/www.dramfolks-whisky-auction.com\/en\/wp-json\/wp\/v2\/product_cat?post=3689069"},{"taxonomy":"product_tag","embeddable":true,"href":"https:\/\/www.dramfolks-whisky-auction.com\/en\/wp-json\/wp\/v2\/product_tag?post=3689069"}],"curies":[{"name":"wp","href":"https:\/\/api.w.org\/{rel}","templated":true}]}}