{"id":3688800,"date":"2025-06-10T16:50:26","date_gmt":"2025-06-10T14:50:26","guid":{"rendered":"https:\/\/www.dramfolks-whisky-auction.com\/?post_type=product&#038;p=3688800"},"modified":"2025-06-28T19:45:49","modified_gmt":"2025-06-28T17:45:49","slug":"wolfburn-7yo-ukraine-humanitarian-appeal","status":"publish","type":"product","link":"https:\/\/www.dramfolks-whisky-auction.com\/en\/product\/wolfburn-7yo-ukraine-humanitarian-appeal\/","title":{"rendered":"Wolfburn &#8211; 7yo Ukraine Humanitarian Appeal"},"content":{"rendered":"<p><strong>Destille: Wolfburn<br \/>\n<\/strong>Bei der Wolfburn Destillerie handelt es sich um eine neue Whisky Destillerie, die ihren Sitz in der Gemeinde Thurso in der schottischen Highland Region hat und die n\u00f6rdlichste Brennerei auf dem schottischen Festland ist. Sie wurde urspr\u00fcnglich bereits im Jahr 1821 erbaut, musste allerdings im Laufe des 19. Jahrhunderts wieder schlie\u00dfen und heute sind nur noch Ruinen des alten Geb\u00e4udes \u00fcbrig. Im Jahr 2011 wurde mit der Planung der Wolfsburn Whisky Destillerie begonnen und bereits im Jahr 2013 wurde der erste Single Malt Whisky produziert. Es handelt sich bei Wolfburn um einen kleinen Produzenten der nur ca. 115.000 Liter pro Jahr herstellt. Hier geht Qualit\u00e4t eindeutig vor der Masse.<\/p>\n<p><strong>Fun Fakt:\u00a0<\/strong>Auf dem Logo findet sich ein Wolf, dessen verwandtes Fabelwesen, der sogenannte \u2018Seewolf\u2018, allen, die ihn zu Gesicht bekommen, Gl\u00fcck bringen soll. Im 16. Jahrhundert, als die Zeichnung f\u00fcr das Wolfburn Logo entstand, gab es in der Gegend jede Menge W\u00f6lfe<\/p>\n<p><strong>Whisky\/Whiskey: 7yo Ukraine Humanitarian Appeal<br \/>\n<\/strong>Dieser Wolfburn Ukraine Humanitarian Appeal ist eine ganz besondere Abf\u00fcllung, denn die Wolfburn Distillery hat bei dieser limitierten Edition, die 7 Jahre in ex-bourbon Quarter Casks reifte, den Erl\u00f6s an den Ukraine Humanitarian Fund der Vereinten Nationen gespendet. Die Abf\u00fcllung ist auf 1550 Flaschen weltweit limitiert!<br \/>\nNase: Zesty Schalen mit scharfem Zitrone und s\u00fc\u00dfer Orange, unterst\u00fctzt von frischem Eichenholz und duftender Vanilleschote.<br \/>\nGaumen: Schichten von Fr\u00fcchten mit mehr spritzigen Zitrusfr\u00fcchten, ausbalanciert durch s\u00fc\u00dfe Pflaumen, Feigen und Datteln. Nussiges Malz baut sich mit einer guten Portion Backgew\u00fcrz auf.<br \/>\nAbgang: Gebrannter Zucker, Vanillecreme und kandierte Fr\u00fcchte verweilen, mit verkohlter Eiche und einem Hauch von Pfeffer in der Ferne (Verkostungsnotiz: whiskytempel.de)<\/p>\n<p><strong>Info Qualit\u00e4t der Flasche:<\/strong> Exzellent &#8211; ohne Besch\u00e4digungen \/ <strong>F\u00fcllstand:<\/strong> Into neck<br \/>\n<strong>Info Qualit\u00e4t der Box:\u00a0<\/strong>Exzellent &#8211; ohne Besch\u00e4digungen<\/p>\n<p><strong>Wichtiger Hinweis:<\/strong> Die Bewertung der Flaschen und Boxen erfolgt nach \u201ebesten Wissen und Gewissen\u201c. dramfolks kann keine Gew\u00e4hrleistung f\u00fcr den Inhalt der Flaschen \u00fcbernehmen. Weitere Infos &amp; Hinweise finden Sie in unseren AGBs. Wir empfehlen Ihnen, vor der Abgabe von Geboten \u00fcber die Zoomfunktion eine Besichtigung \/ genaue Pr\u00fcfung des angebotenen Whiskys vorzunehmen. Bitte kontaktieren sie uns bei Fragen direkt unter info@dramfolks.com<\/p>\n","protected":false},"excerpt":{"rendered":"<p>Destille: Wolfburn Bei der Wolfburn Destillerie handelt es sich um eine neue Whisky Destillerie, die ihren Sitz in der Gemeinde Thurso in der schottischen Highland Region hat und die n\u00f6rdlichste Brennerei auf dem schottischen Festland ist. Sie wurde urspr\u00fcnglich bereits im Jahr 1821 erbaut, musste allerdings im Laufe des 19. Jahrhunderts wieder schlie\u00dfen und heute[&#8230;]\n","protected":false},"featured_media":3688801,"comment_status":"closed","ping_status":"closed","template":"","meta":[],"product_brand":[],"product_cat":[1189],"product_tag":[],"class_list":{"0":"post-3688800","1":"product","2":"type-product","3":"status-publish","4":"has-post-thumbnail","6":"product_cat-no-18-fr","8":"first","9":"instock","10":"shipping-taxable","11":"purchasable","12":"product-type-auction"},"yoast_head":"<!-- This site is optimized with the Yoast SEO plugin v27.0 - https:\/\/yoast.com\/product\/yoast-seo-wordpress\/ -->\n<title>Wolfburn - 7yo Ukraine Humanitarian Appeal - Dramfolks Whisky Auction<\/title>\n<meta name=\"robots\" content=\"index, follow, max-snippet:-1, max-image-preview:large, max-video-preview:-1\" \/>\n<link rel=\"canonical\" href=\"https:\/\/www.dramfolks-whisky-auction.com\/en\/product\/wolfburn-7yo-ukraine-humanitarian-appeal\/\" \/>\n<meta property=\"og:locale\" content=\"en_US\" \/>\n<meta property=\"og:type\" content=\"article\" \/>\n<meta property=\"og:title\" content=\"Wolfburn - 7yo Ukraine Humanitarian Appeal - Dramfolks Whisky Auction\" \/>\n<meta property=\"og:description\" content=\"Destille: Wolfburn Bei der Wolfburn Destillerie handelt es sich um eine neue Whisky Destillerie, die ihren Sitz in der Gemeinde Thurso in der schottischen Highland Region hat und die n\u00f6rdlichste Brennerei auf dem schottischen Festland ist. Sie wurde urspr\u00fcnglich bereits im Jahr 1821 erbaut, musste allerdings im Laufe des 19. Jahrhunderts wieder schlie\u00dfen und heute[...]\" \/>\n<meta property=\"og:url\" content=\"https:\/\/www.dramfolks-whisky-auction.com\/en\/product\/wolfburn-7yo-ukraine-humanitarian-appeal\/\" \/>\n<meta property=\"og:site_name\" content=\"Dramfolks Whisky Auction\" \/>\n<meta property=\"article:modified_time\" content=\"2025-06-28T17:45:49+00:00\" \/>\n<meta property=\"og:image\" content=\"https:\/\/www.dramfolks-whisky-auction.com\/wp-content\/uploads\/2025\/06\/Wolfburn-Ukraine-vorne-scaled.jpg\" \/>\n\t<meta property=\"og:image:width\" content=\"2560\" \/>\n\t<meta property=\"og:image:height\" content=\"2560\" \/>\n\t<meta property=\"og:image:type\" content=\"image\/jpeg\" \/>\n<meta name=\"twitter:card\" content=\"summary_large_image\" \/>\n<meta name=\"twitter:label1\" content=\"Est. reading time\" \/>\n\t<meta name=\"twitter:data1\" content=\"3 minutes\" \/>\n<script type=\"application\/ld+json\" class=\"yoast-schema-graph\">{\"@context\":\"https:\/\/schema.org\",\"@graph\":[{\"@type\":\"WebPage\",\"@id\":\"https:\/\/www.dramfolks-whisky-auction.com\/en\/product\/wolfburn-7yo-ukraine-humanitarian-appeal\/\",\"url\":\"https:\/\/www.dramfolks-whisky-auction.com\/en\/product\/wolfburn-7yo-ukraine-humanitarian-appeal\/\",\"name\":\"Wolfburn - 7yo Ukraine Humanitarian Appeal - Dramfolks Whisky Auction\",\"isPartOf\":{\"@id\":\"https:\/\/www.dramfolks-whisky-auction.com\/en\/#website\"},\"primaryImageOfPage\":{\"@id\":\"https:\/\/www.dramfolks-whisky-auction.com\/en\/product\/wolfburn-7yo-ukraine-humanitarian-appeal\/#primaryimage\"},\"image\":{\"@id\":\"https:\/\/www.dramfolks-whisky-auction.com\/en\/product\/wolfburn-7yo-ukraine-humanitarian-appeal\/#primaryimage\"},\"thumbnailUrl\":\"https:\/\/www.dramfolks-whisky-auction.com\/wp-content\/uploads\/2025\/06\/Wolfburn-Ukraine-vorne-scaled.jpg\",\"datePublished\":\"2025-06-10T14:50:26+00:00\",\"dateModified\":\"2025-06-28T17:45:49+00:00\",\"breadcrumb\":{\"@id\":\"https:\/\/www.dramfolks-whisky-auction.com\/en\/product\/wolfburn-7yo-ukraine-humanitarian-appeal\/#breadcrumb\"},\"inLanguage\":\"en-US\",\"potentialAction\":[{\"@type\":\"ReadAction\",\"target\":[\"https:\/\/www.dramfolks-whisky-auction.com\/en\/product\/wolfburn-7yo-ukraine-humanitarian-appeal\/\"]}]},{\"@type\":\"ImageObject\",\"inLanguage\":\"en-US\",\"@id\":\"https:\/\/www.dramfolks-whisky-auction.com\/en\/product\/wolfburn-7yo-ukraine-humanitarian-appeal\/#primaryimage\",\"url\":\"https:\/\/www.dramfolks-whisky-auction.com\/wp-content\/uploads\/2025\/06\/Wolfburn-Ukraine-vorne-scaled.jpg\",\"contentUrl\":\"https:\/\/www.dramfolks-whisky-auction.com\/wp-content\/uploads\/2025\/06\/Wolfburn-Ukraine-vorne-scaled.jpg\",\"width\":2560,\"height\":2560},{\"@type\":\"BreadcrumbList\",\"@id\":\"https:\/\/www.dramfolks-whisky-auction.com\/en\/product\/wolfburn-7yo-ukraine-humanitarian-appeal\/#breadcrumb\",\"itemListElement\":[{\"@type\":\"ListItem\",\"position\":1,\"name\":\"Startseite\",\"item\":\"https:\/\/www.dramfolks-whisky-auction.com\/en\/\"},{\"@type\":\"ListItem\",\"position\":2,\"name\":\"Shop\",\"item\":\"https:\/\/www.dramfolks-whisky-auction.com\/en\/shop\/\"},{\"@type\":\"ListItem\",\"position\":3,\"name\":\"Wolfburn &#8211; 7yo Ukraine Humanitarian Appeal\"}]},{\"@type\":\"WebSite\",\"@id\":\"https:\/\/www.dramfolks-whisky-auction.com\/en\/#website\",\"url\":\"https:\/\/www.dramfolks-whisky-auction.com\/en\/\",\"name\":\"Dramfolks Whisky Auction\",\"description\":\"\",\"potentialAction\":[{\"@type\":\"SearchAction\",\"target\":{\"@type\":\"EntryPoint\",\"urlTemplate\":\"https:\/\/www.dramfolks-whisky-auction.com\/en\/?s={search_term_string}\"},\"query-input\":{\"@type\":\"PropertyValueSpecification\",\"valueRequired\":true,\"valueName\":\"search_term_string\"}}],\"inLanguage\":\"en-US\"}]}<\/script>\n<!-- \/ Yoast SEO plugin. -->","yoast_head_json":{"title":"Wolfburn - 7yo Ukraine Humanitarian Appeal - Dramfolks Whisky Auction","robots":{"index":"index","follow":"follow","max-snippet":"max-snippet:-1","max-image-preview":"max-image-preview:large","max-video-preview":"max-video-preview:-1"},"canonical":"https:\/\/www.dramfolks-whisky-auction.com\/en\/product\/wolfburn-7yo-ukraine-humanitarian-appeal\/","og_locale":"en_US","og_type":"article","og_title":"Wolfburn - 7yo Ukraine Humanitarian Appeal - Dramfolks Whisky Auction","og_description":"Destille: Wolfburn Bei der Wolfburn Destillerie handelt es sich um eine neue Whisky Destillerie, die ihren Sitz in der Gemeinde Thurso in der schottischen Highland Region hat und die n\u00f6rdlichste Brennerei auf dem schottischen Festland ist. Sie wurde urspr\u00fcnglich bereits im Jahr 1821 erbaut, musste allerdings im Laufe des 19. Jahrhunderts wieder schlie\u00dfen und heute[...]","og_url":"https:\/\/www.dramfolks-whisky-auction.com\/en\/product\/wolfburn-7yo-ukraine-humanitarian-appeal\/","og_site_name":"Dramfolks Whisky Auction","article_modified_time":"2025-06-28T17:45:49+00:00","og_image":[{"width":2560,"height":2560,"url":"https:\/\/www.dramfolks-whisky-auction.com\/wp-content\/uploads\/2025\/06\/Wolfburn-Ukraine-vorne-scaled.jpg","type":"image\/jpeg"}],"twitter_card":"summary_large_image","twitter_misc":{"Est. reading time":"3 minutes"},"schema":{"@context":"https:\/\/schema.org","@graph":[{"@type":"WebPage","@id":"https:\/\/www.dramfolks-whisky-auction.com\/en\/product\/wolfburn-7yo-ukraine-humanitarian-appeal\/","url":"https:\/\/www.dramfolks-whisky-auction.com\/en\/product\/wolfburn-7yo-ukraine-humanitarian-appeal\/","name":"Wolfburn - 7yo Ukraine Humanitarian Appeal - Dramfolks Whisky Auction","isPartOf":{"@id":"https:\/\/www.dramfolks-whisky-auction.com\/en\/#website"},"primaryImageOfPage":{"@id":"https:\/\/www.dramfolks-whisky-auction.com\/en\/product\/wolfburn-7yo-ukraine-humanitarian-appeal\/#primaryimage"},"image":{"@id":"https:\/\/www.dramfolks-whisky-auction.com\/en\/product\/wolfburn-7yo-ukraine-humanitarian-appeal\/#primaryimage"},"thumbnailUrl":"https:\/\/www.dramfolks-whisky-auction.com\/wp-content\/uploads\/2025\/06\/Wolfburn-Ukraine-vorne-scaled.jpg","datePublished":"2025-06-10T14:50:26+00:00","dateModified":"2025-06-28T17:45:49+00:00","breadcrumb":{"@id":"https:\/\/www.dramfolks-whisky-auction.com\/en\/product\/wolfburn-7yo-ukraine-humanitarian-appeal\/#breadcrumb"},"inLanguage":"en-US","potentialAction":[{"@type":"ReadAction","target":["https:\/\/www.dramfolks-whisky-auction.com\/en\/product\/wolfburn-7yo-ukraine-humanitarian-appeal\/"]}]},{"@type":"ImageObject","inLanguage":"en-US","@id":"https:\/\/www.dramfolks-whisky-auction.com\/en\/product\/wolfburn-7yo-ukraine-humanitarian-appeal\/#primaryimage","url":"https:\/\/www.dramfolks-whisky-auction.com\/wp-content\/uploads\/2025\/06\/Wolfburn-Ukraine-vorne-scaled.jpg","contentUrl":"https:\/\/www.dramfolks-whisky-auction.com\/wp-content\/uploads\/2025\/06\/Wolfburn-Ukraine-vorne-scaled.jpg","width":2560,"height":2560},{"@type":"BreadcrumbList","@id":"https:\/\/www.dramfolks-whisky-auction.com\/en\/product\/wolfburn-7yo-ukraine-humanitarian-appeal\/#breadcrumb","itemListElement":[{"@type":"ListItem","position":1,"name":"Startseite","item":"https:\/\/www.dramfolks-whisky-auction.com\/en\/"},{"@type":"ListItem","position":2,"name":"Shop","item":"https:\/\/www.dramfolks-whisky-auction.com\/en\/shop\/"},{"@type":"ListItem","position":3,"name":"Wolfburn &#8211; 7yo Ukraine Humanitarian Appeal"}]},{"@type":"WebSite","@id":"https:\/\/www.dramfolks-whisky-auction.com\/en\/#website","url":"https:\/\/www.dramfolks-whisky-auction.com\/en\/","name":"Dramfolks Whisky Auction","description":"","potentialAction":[{"@type":"SearchAction","target":{"@type":"EntryPoint","urlTemplate":"https:\/\/www.dramfolks-whisky-auction.com\/en\/?s={search_term_string}"},"query-input":{"@type":"PropertyValueSpecification","valueRequired":true,"valueName":"search_term_string"}}],"inLanguage":"en-US"}]}},"_links":{"self":[{"href":"https:\/\/www.dramfolks-whisky-auction.com\/en\/wp-json\/wp\/v2\/product\/3688800","targetHints":{"allow":["GET"]}}],"collection":[{"href":"https:\/\/www.dramfolks-whisky-auction.com\/en\/wp-json\/wp\/v2\/product"}],"about":[{"href":"https:\/\/www.dramfolks-whisky-auction.com\/en\/wp-json\/wp\/v2\/types\/product"}],"replies":[{"embeddable":true,"href":"https:\/\/www.dramfolks-whisky-auction.com\/en\/wp-json\/wp\/v2\/comments?post=3688800"}],"wp:featuredmedia":[{"embeddable":true,"href":"https:\/\/www.dramfolks-whisky-auction.com\/en\/wp-json\/wp\/v2\/media\/3688801"}],"wp:attachment":[{"href":"https:\/\/www.dramfolks-whisky-auction.com\/en\/wp-json\/wp\/v2\/media?parent=3688800"}],"wp:term":[{"taxonomy":"product_brand","embeddable":true,"href":"https:\/\/www.dramfolks-whisky-auction.com\/en\/wp-json\/wp\/v2\/product_brand?post=3688800"},{"taxonomy":"product_cat","embeddable":true,"href":"https:\/\/www.dramfolks-whisky-auction.com\/en\/wp-json\/wp\/v2\/product_cat?post=3688800"},{"taxonomy":"product_tag","embeddable":true,"href":"https:\/\/www.dramfolks-whisky-auction.com\/en\/wp-json\/wp\/v2\/product_tag?post=3688800"}],"curies":[{"name":"wp","href":"https:\/\/api.w.org\/{rel}","templated":true}]}}