{"id":3356514,"date":"2025-05-03T08:24:55","date_gmt":"2025-05-03T06:24:55","guid":{"rendered":"https:\/\/www.dramfolks-whisky-auction.com\/?post_type=product&#038;p=3356514"},"modified":"2025-06-13T13:01:48","modified_gmt":"2025-06-13T11:01:48","slug":"starward-single-barrel-the-barossa-valley-4","status":"publish","type":"product","link":"https:\/\/www.dramfolks-whisky-auction.com\/en\/product\/starward-single-barrel-the-barossa-valley-4\/","title":{"rendered":"Starward \u2013 Single Barrel The Barossa Valley"},"content":{"rendered":"<p><strong>Destille: Starward<br \/>\n<\/strong>Die australische Starward Brennerei mit Sitz in Melbourne produziert seit 2015 Whisky. Der Gr\u00fcnder, David Vitale, ist italienischer Abstammung, jedoch in Melbourne aufgewachsen. Seine Wurzeln sind ihm sehr wichtig, weshalb Starward Whisky ausschlie\u00dflich in Rotweinf\u00e4ssern reift. Die Geschichte der Starward Brennerei begann 2007, als der Gr\u00fcnder David Vitale beschloss, eine Destillerie in Melbourne zu er\u00f6ffnen. Urspr\u00fcnglich aus dem Craft-Beer-Bereich kommend, erwog Vitale zun\u00e4chst die Er\u00f6ffnung einer Microbrauerei. Aufgrund des wechselhaften Wetters in Melbourne h\u00e4tte es jedoch Probleme mit der Haltbarkeit des Biers gegeben. Nachdem er erkannt hatte, dass Bier und Whisky im Entstehungsprozess doch viele Gemeinsamkeiten haben, wie etwa bei den Zutaten und der Fermentation, entschied er sich stattdessen f\u00fcr den Bau einer Brennerei.<\/p>\n<p><strong>Fun Fakt:<\/strong> Das Besondere an den Whiskys der australischen Brennerei ist ihre Reifung, die komplett in ehemaligen Weinf\u00e4ssern erfolgt. Die N\u00e4he zur italienischen Kultur sp\u00fcrt man nicht nur in der Verwendung von Rotweinf\u00e4ssern, sondern auch in der Verbindung zum Essen. Vitale wollte einen Whisky herausbringen, den man nicht nur nach dem Essen genie\u00dft, sondern auch w\u00e4hrenddessen. Somit passt der Starward Whisky auch wunderbar zu Melbourne, wo es eine lebhafte Food-Szene mit K\u00fcchen aller L\u00e4nder gibt.<\/p>\n<p><strong>Whisky\/Whiskey: Single Barrel The Barossa Valley<br \/>\n<\/strong>Die Starward Distilley legt mit dem Single Barrel The Barossa Valley eine Abf\u00fcllung aus dem Einzelfass vor. Daf\u00fcr bauten die Melbourner ihren tropisch-fruchtigen Rohbrand in einem ehemaligen Rotweinfass aus. Starward f\u00fcllt \u201eNew Make\u201c stets mit einem niedrigeren Alkoholgehalt in die weinseligen Barrels. So geben diese umso mehr Fruchtnoten und Tannine an den Whisky ab. Dieses Einzelfass aus franz\u00f6sischer Eiche enthielt zuvor Rotwein aus dem Barossa Valley. Diese \u00e4lteste Weinregion Australiens ist f\u00fcr ihre opulenten, von der Hitze S\u00fcdaustraliens gepr\u00e4gten Weine weltweit bekannt.<br \/>\nIn Kombination mit Starwards Rohbrand ergibt sich ein verf\u00fchrerisches Potpourri, in dem roter Apfel und Erdbeeren die Fruchtkomponente stellen und dunkle Schokolade eine herbe S\u00fc\u00dfe beitr\u00e4gt.<\/p>\n<p><strong>Info Qualit\u00e4t der Flasche:<\/strong> Exzellent ohne Besch\u00e4digungen \/ <strong>F\u00fcllstand:<\/strong> Top shoulder<br \/>\n<strong>Info Qualit\u00e4t der Box: <\/strong>keine Box vorhanden<\/p>\n<p><strong>Wichtiger Hinweis:<\/strong> Die Bewertung der Flaschen und Boxen erfolgt nach \u201ebesten Wissen und Gewissen\u201c. dramfolks kann keine Gew\u00e4hrleistung f\u00fcr den Inhalt der Flaschen \u00fcbernehmen. Weitere Infos &amp; Hinweise finden Sie in unseren AGBs. Wir empfehlen Ihnen, vor der Abgabe von Geboten \u00fcber die Zoomfunktion eine Besichtigung \/ genaue Pr\u00fcfung des angebotenen Whiskys vorzunehmen. Bitte kontaktieren sie uns bei Fragen direkt unter info@dramfolks.com<\/p>\n","protected":false},"excerpt":{"rendered":"<p>Dies ist keine laufende Auktion! \u00dcber den \u201eJetzt Kaufen\u201c-Button direkt erwerben oder dein Gebot ist ein alternativer Preisvorschlag (Maximalgebot)!<\/p>\n","protected":false},"featured_media":1310996,"comment_status":"closed","ping_status":"closed","template":"","meta":[],"product_brand":[],"product_cat":[1099],"product_tag":[],"class_list":{"0":"post-3356514","1":"product","2":"type-product","3":"status-publish","4":"has-post-thumbnail","6":"product_cat-aam-sold-out","8":"first","9":"instock","10":"shipping-taxable","11":"purchasable","12":"product-type-auction"},"yoast_head":"<!-- This site is optimized with the Yoast SEO plugin v27.0 - https:\/\/yoast.com\/product\/yoast-seo-wordpress\/ -->\n<title>Starward \u2013 Single Barrel The Barossa Valley - Dramfolks Whisky Auction<\/title>\n<meta name=\"robots\" content=\"index, follow, max-snippet:-1, max-image-preview:large, max-video-preview:-1\" \/>\n<link rel=\"canonical\" href=\"https:\/\/www.dramfolks-whisky-auction.com\/en\/product\/starward-single-barrel-the-barossa-valley-4\/\" \/>\n<meta property=\"og:locale\" content=\"en_US\" \/>\n<meta property=\"og:type\" content=\"article\" \/>\n<meta property=\"og:title\" content=\"Starward \u2013 Single Barrel The Barossa Valley - Dramfolks Whisky Auction\" \/>\n<meta property=\"og:description\" content=\"Dies ist keine laufende Auktion! \u00dcber den \u201eJetzt Kaufen\u201c-Button direkt erwerben oder dein Gebot ist ein alternativer Preisvorschlag (Maximalgebot)!\" \/>\n<meta property=\"og:url\" content=\"https:\/\/www.dramfolks-whisky-auction.com\/en\/product\/starward-single-barrel-the-barossa-valley-4\/\" \/>\n<meta property=\"og:site_name\" content=\"Dramfolks Whisky Auction\" \/>\n<meta property=\"article:modified_time\" content=\"2025-06-13T11:01:48+00:00\" \/>\n<meta property=\"og:image\" content=\"https:\/\/www.dramfolks-whisky-auction.com\/wp-content\/uploads\/2024\/12\/Starward-vorne.jpg\" \/>\n\t<meta property=\"og:image:width\" content=\"2551\" \/>\n\t<meta property=\"og:image:height\" content=\"2551\" \/>\n\t<meta property=\"og:image:type\" content=\"image\/jpeg\" \/>\n<meta name=\"twitter:card\" content=\"summary_large_image\" \/>\n<meta name=\"twitter:label1\" content=\"Est. reading time\" \/>\n\t<meta name=\"twitter:data1\" content=\"3 minutes\" \/>\n<script type=\"application\/ld+json\" class=\"yoast-schema-graph\">{\"@context\":\"https:\/\/schema.org\",\"@graph\":[{\"@type\":\"WebPage\",\"@id\":\"https:\/\/www.dramfolks-whisky-auction.com\/en\/product\/starward-single-barrel-the-barossa-valley-4\/\",\"url\":\"https:\/\/www.dramfolks-whisky-auction.com\/en\/product\/starward-single-barrel-the-barossa-valley-4\/\",\"name\":\"Starward \u2013 Single Barrel The Barossa Valley - Dramfolks Whisky Auction\",\"isPartOf\":{\"@id\":\"https:\/\/www.dramfolks-whisky-auction.com\/en\/#website\"},\"primaryImageOfPage\":{\"@id\":\"https:\/\/www.dramfolks-whisky-auction.com\/en\/product\/starward-single-barrel-the-barossa-valley-4\/#primaryimage\"},\"image\":{\"@id\":\"https:\/\/www.dramfolks-whisky-auction.com\/en\/product\/starward-single-barrel-the-barossa-valley-4\/#primaryimage\"},\"thumbnailUrl\":\"https:\/\/www.dramfolks-whisky-auction.com\/wp-content\/uploads\/2024\/12\/Starward-vorne.jpg\",\"datePublished\":\"2025-05-03T06:24:55+00:00\",\"dateModified\":\"2025-06-13T11:01:48+00:00\",\"breadcrumb\":{\"@id\":\"https:\/\/www.dramfolks-whisky-auction.com\/en\/product\/starward-single-barrel-the-barossa-valley-4\/#breadcrumb\"},\"inLanguage\":\"en-US\",\"potentialAction\":[{\"@type\":\"ReadAction\",\"target\":[\"https:\/\/www.dramfolks-whisky-auction.com\/en\/product\/starward-single-barrel-the-barossa-valley-4\/\"]}]},{\"@type\":\"ImageObject\",\"inLanguage\":\"en-US\",\"@id\":\"https:\/\/www.dramfolks-whisky-auction.com\/en\/product\/starward-single-barrel-the-barossa-valley-4\/#primaryimage\",\"url\":\"https:\/\/www.dramfolks-whisky-auction.com\/wp-content\/uploads\/2024\/12\/Starward-vorne.jpg\",\"contentUrl\":\"https:\/\/www.dramfolks-whisky-auction.com\/wp-content\/uploads\/2024\/12\/Starward-vorne.jpg\",\"width\":2551,\"height\":2551},{\"@type\":\"BreadcrumbList\",\"@id\":\"https:\/\/www.dramfolks-whisky-auction.com\/en\/product\/starward-single-barrel-the-barossa-valley-4\/#breadcrumb\",\"itemListElement\":[{\"@type\":\"ListItem\",\"position\":1,\"name\":\"Startseite\",\"item\":\"https:\/\/www.dramfolks-whisky-auction.com\/en\/\"},{\"@type\":\"ListItem\",\"position\":2,\"name\":\"Shop\",\"item\":\"https:\/\/www.dramfolks-whisky-auction.com\/en\/shop\/\"},{\"@type\":\"ListItem\",\"position\":3,\"name\":\"Starward \u2013 Single Barrel The Barossa Valley\"}]},{\"@type\":\"WebSite\",\"@id\":\"https:\/\/www.dramfolks-whisky-auction.com\/en\/#website\",\"url\":\"https:\/\/www.dramfolks-whisky-auction.com\/en\/\",\"name\":\"Dramfolks Whisky Auction\",\"description\":\"\",\"potentialAction\":[{\"@type\":\"SearchAction\",\"target\":{\"@type\":\"EntryPoint\",\"urlTemplate\":\"https:\/\/www.dramfolks-whisky-auction.com\/en\/?s={search_term_string}\"},\"query-input\":{\"@type\":\"PropertyValueSpecification\",\"valueRequired\":true,\"valueName\":\"search_term_string\"}}],\"inLanguage\":\"en-US\"}]}<\/script>\n<!-- \/ Yoast SEO plugin. -->","yoast_head_json":{"title":"Starward \u2013 Single Barrel The Barossa Valley - Dramfolks Whisky Auction","robots":{"index":"index","follow":"follow","max-snippet":"max-snippet:-1","max-image-preview":"max-image-preview:large","max-video-preview":"max-video-preview:-1"},"canonical":"https:\/\/www.dramfolks-whisky-auction.com\/en\/product\/starward-single-barrel-the-barossa-valley-4\/","og_locale":"en_US","og_type":"article","og_title":"Starward \u2013 Single Barrel The Barossa Valley - Dramfolks Whisky Auction","og_description":"Dies ist keine laufende Auktion! \u00dcber den \u201eJetzt Kaufen\u201c-Button direkt erwerben oder dein Gebot ist ein alternativer Preisvorschlag (Maximalgebot)!","og_url":"https:\/\/www.dramfolks-whisky-auction.com\/en\/product\/starward-single-barrel-the-barossa-valley-4\/","og_site_name":"Dramfolks Whisky Auction","article_modified_time":"2025-06-13T11:01:48+00:00","og_image":[{"width":2551,"height":2551,"url":"https:\/\/www.dramfolks-whisky-auction.com\/wp-content\/uploads\/2024\/12\/Starward-vorne.jpg","type":"image\/jpeg"}],"twitter_card":"summary_large_image","twitter_misc":{"Est. reading time":"3 minutes"},"schema":{"@context":"https:\/\/schema.org","@graph":[{"@type":"WebPage","@id":"https:\/\/www.dramfolks-whisky-auction.com\/en\/product\/starward-single-barrel-the-barossa-valley-4\/","url":"https:\/\/www.dramfolks-whisky-auction.com\/en\/product\/starward-single-barrel-the-barossa-valley-4\/","name":"Starward \u2013 Single Barrel The Barossa Valley - Dramfolks Whisky Auction","isPartOf":{"@id":"https:\/\/www.dramfolks-whisky-auction.com\/en\/#website"},"primaryImageOfPage":{"@id":"https:\/\/www.dramfolks-whisky-auction.com\/en\/product\/starward-single-barrel-the-barossa-valley-4\/#primaryimage"},"image":{"@id":"https:\/\/www.dramfolks-whisky-auction.com\/en\/product\/starward-single-barrel-the-barossa-valley-4\/#primaryimage"},"thumbnailUrl":"https:\/\/www.dramfolks-whisky-auction.com\/wp-content\/uploads\/2024\/12\/Starward-vorne.jpg","datePublished":"2025-05-03T06:24:55+00:00","dateModified":"2025-06-13T11:01:48+00:00","breadcrumb":{"@id":"https:\/\/www.dramfolks-whisky-auction.com\/en\/product\/starward-single-barrel-the-barossa-valley-4\/#breadcrumb"},"inLanguage":"en-US","potentialAction":[{"@type":"ReadAction","target":["https:\/\/www.dramfolks-whisky-auction.com\/en\/product\/starward-single-barrel-the-barossa-valley-4\/"]}]},{"@type":"ImageObject","inLanguage":"en-US","@id":"https:\/\/www.dramfolks-whisky-auction.com\/en\/product\/starward-single-barrel-the-barossa-valley-4\/#primaryimage","url":"https:\/\/www.dramfolks-whisky-auction.com\/wp-content\/uploads\/2024\/12\/Starward-vorne.jpg","contentUrl":"https:\/\/www.dramfolks-whisky-auction.com\/wp-content\/uploads\/2024\/12\/Starward-vorne.jpg","width":2551,"height":2551},{"@type":"BreadcrumbList","@id":"https:\/\/www.dramfolks-whisky-auction.com\/en\/product\/starward-single-barrel-the-barossa-valley-4\/#breadcrumb","itemListElement":[{"@type":"ListItem","position":1,"name":"Startseite","item":"https:\/\/www.dramfolks-whisky-auction.com\/en\/"},{"@type":"ListItem","position":2,"name":"Shop","item":"https:\/\/www.dramfolks-whisky-auction.com\/en\/shop\/"},{"@type":"ListItem","position":3,"name":"Starward \u2013 Single Barrel The Barossa Valley"}]},{"@type":"WebSite","@id":"https:\/\/www.dramfolks-whisky-auction.com\/en\/#website","url":"https:\/\/www.dramfolks-whisky-auction.com\/en\/","name":"Dramfolks Whisky Auction","description":"","potentialAction":[{"@type":"SearchAction","target":{"@type":"EntryPoint","urlTemplate":"https:\/\/www.dramfolks-whisky-auction.com\/en\/?s={search_term_string}"},"query-input":{"@type":"PropertyValueSpecification","valueRequired":true,"valueName":"search_term_string"}}],"inLanguage":"en-US"}]}},"_links":{"self":[{"href":"https:\/\/www.dramfolks-whisky-auction.com\/en\/wp-json\/wp\/v2\/product\/3356514","targetHints":{"allow":["GET"]}}],"collection":[{"href":"https:\/\/www.dramfolks-whisky-auction.com\/en\/wp-json\/wp\/v2\/product"}],"about":[{"href":"https:\/\/www.dramfolks-whisky-auction.com\/en\/wp-json\/wp\/v2\/types\/product"}],"replies":[{"embeddable":true,"href":"https:\/\/www.dramfolks-whisky-auction.com\/en\/wp-json\/wp\/v2\/comments?post=3356514"}],"wp:featuredmedia":[{"embeddable":true,"href":"https:\/\/www.dramfolks-whisky-auction.com\/en\/wp-json\/wp\/v2\/media\/1310996"}],"wp:attachment":[{"href":"https:\/\/www.dramfolks-whisky-auction.com\/en\/wp-json\/wp\/v2\/media?parent=3356514"}],"wp:term":[{"taxonomy":"product_brand","embeddable":true,"href":"https:\/\/www.dramfolks-whisky-auction.com\/en\/wp-json\/wp\/v2\/product_brand?post=3356514"},{"taxonomy":"product_cat","embeddable":true,"href":"https:\/\/www.dramfolks-whisky-auction.com\/en\/wp-json\/wp\/v2\/product_cat?post=3356514"},{"taxonomy":"product_tag","embeddable":true,"href":"https:\/\/www.dramfolks-whisky-auction.com\/en\/wp-json\/wp\/v2\/product_tag?post=3356514"}],"curies":[{"name":"wp","href":"https:\/\/api.w.org\/{rel}","templated":true}]}}