{"id":326690,"date":"2024-08-31T07:42:24","date_gmt":"2024-08-31T05:42:24","guid":{"rendered":"https:\/\/www.dramfolks-whisky-auction.com\/?post_type=product&#038;p=326690"},"modified":"2025-03-25T19:15:53","modified_gmt":"2025-03-25T18:15:53","slug":"warenghem-armorik-collection-privee-2015-2","status":"publish","type":"product","link":"https:\/\/www.dramfolks-whisky-auction.com\/en\/product\/warenghem-armorik-collection-privee-2015-2\/","title":{"rendered":"Warenghem &#8211; Armorik Collection Priv\u00e9e 2015"},"content":{"rendered":"<p><strong>Destille: Warenghem<br \/>\n<\/strong>Die in Lannion an der Rosengranit-K\u00fcste des D\u00e9partement C\u00f4tes d\u2019Armor gegr\u00fcndete Brennerei Warenghem ist ein unabh\u00e4ngiges Familienunternehmen, das seit mehr als 100 Jahren bretonische Spirituosen herstellt. Die Brennerei wurde zu Ende des 19. Jahrhunderts von der Familie Warenghem gegr\u00fcndet. L\u00e9on Warenghem, der Gr\u00fcnder, stammte aus Nordfrankreich und seine Erben erzielten ihre ersten Erfolge mit dem Brennen pflanzlicher Lik\u00f6re. Das Elixir d\u2019Armorique, eine Mischung von 35 Pflanzen, ist das Vorzeigeprodukt der Brennerei. Das Elixir geh\u00f6rt bis heute zum Angebot der Brennerei. Zu Beginn der 80er Jahre tritt der ausgebildete Apotheker Gilles Leizour die Nachfolge seines Vaters an und mit der Unterst\u00fctzung des kaufm\u00e4nnischen Leiters Bernard Le Pallec beschlie\u00dft der immer auf eine weitere Verbesserung und Stabilisierung der Brennerei bedachte Gilles Leizour, sich in ein riskantes Wagnis zu st\u00fcrzen: die Einf\u00fchrung des ersten 100 % bretonischen &#8211; und franz\u00f6sischen &#8211; Whiskys. Mit dem Armorik wird 1998 der erste Single Malt aus der Bretagne und aus Frankreich insgesamt offiziell pr\u00e4sentiert.<\/p>\n<p><strong>Fun fact 1: <\/strong>Bei den World Whiskies Awards 2013 wurde Armorik Double Matured als bester europ\u00e4ischer Whisky ausgezeichnet, und 2014 erhielt er eine doppelte Goldmedaille bei der San Francisco World Spirits Competition.<br \/>\n<strong>Fun fact 2:<\/strong> Gilles Leizour setzt sich 2016 zur Ruhe und David Roussier, sein Schwiegersohn, der 2009 in die Brennerei eingestiegen ist, folgt ihm an der Spitze des Unternehmens und f\u00fchrt die geleistete Arbeit fort. Die Brennerei beteiligt sich an der Schaffung der Herkunftsbezeichnung \u201eWhisky Breton\u201c, die garantiert, dass jeder so bezeichnete Whisky ausschlie\u00dflich in der Bretagne gebraut, geg\u00e4rt, gebrannt und gereift wird.<\/p>\n<p><strong>Whisky\/Whiskey: Armorik Collection Priv\u00e9e 2015<br \/>\n<\/strong>Armorik 6 Years Single Cask Vinho Str Fut 8047 ist ein einzigartiger und geschmackvoller Whisky aus der Bretagne, Frankreich. Sechs Jahre lang in einem Einzelfass aus Vinho Str gereift, hat er Noten von Karamell, Vanille und Honig, sowie einen Hauch von Trockenfr\u00fcchten und Gew\u00fcrzen. Dieser exklusive Whisky wird selbst den anspruchsvollsten Gaumen erfreuen. F\u00fcr die Herstellung von Armorik 6 Years Single Cask Vinho Str Fut 8047 w\u00e4hlen die Destillateure von Armorik zun\u00e4chst nur die besten Zutaten aus. Der Whisky wird mit Gerste aus der Region und Wasser aus der nahe gelegenen Bergkette Monts d&#8217;Arr\u00e9e hergestellt. Anschlie\u00dfend reift der Whisky sechs Jahre lang in einem einzigen Vinho-Str-Fass, was ihm sein einzigartiges Geschmacksprofil verleiht. Schlie\u00dflich wird der Whisky von Hand abgef\u00fcllt und nummeriert, um Authentizit\u00e4t und Qualit\u00e4t zu gew\u00e4hrleisten. <em><strong>Limitiert auf 318 Flaschen weltweit!<\/strong><\/em><\/p>\n<p><strong>Info Qualit\u00e4t der Flasche:<\/strong> Exzellent &#8211; ohne Besch\u00e4digungen \/ <strong>F\u00fcllstand:<\/strong> Top shoulder<br \/>\n<strong>Info Qualit\u00e4t der Box:<\/strong> Exzellent &#8211; ohne Besch\u00e4digungen<\/p>\n<p><strong>Wichtiger Hinweis:<\/strong> Die Bewertung der Flaschen und Boxen erfolgt nach \u201ebesten Wissen und Gewissen\u201c. dramfolks kann keine Gew\u00e4hrleistung f\u00fcr den Inhalt der Flaschen \u00fcbernehmen. Weitere Infos &amp; Hinweise finden Sie in unseren AGBs. Wir empfehlen Ihnen, vor der Abgabe von Geboten \u00fcber die Zoomfunktion eine Besichtigung \/ genaue Pr\u00fcfung des angebotenen Whiskys vorzunehmen. Bitte kontaktieren sie uns bei Fragen direkt unter info@dramfolks.com<\/p>\n","protected":false},"excerpt":{"rendered":"<div class=\"product-short-description\">\n<p><strong>After-Auction-Market by dramfolks<\/strong><\/p>\n<p>Dies ist keine laufende Auktion! \u00dcber den \u201eJetzt Kaufen\u201c-Button direkt erwerben oder dein Gebot ist ein alternativer Preisvorschlag (Maximalgebot)!<\/p>\n<\/div>\n","protected":false},"featured_media":447417,"comment_status":"closed","ping_status":"closed","template":"","meta":[],"product_brand":[],"product_cat":[1099],"product_tag":[],"class_list":{"0":"post-326690","1":"product","2":"type-product","3":"status-publish","4":"has-post-thumbnail","6":"product_cat-aam-sold-out","8":"first","9":"instock","10":"shipping-taxable","11":"purchasable","12":"product-type-auction"},"yoast_head":"<!-- This site is optimized with the Yoast SEO plugin v27.0 - https:\/\/yoast.com\/product\/yoast-seo-wordpress\/ -->\n<title>Warenghem - Armorik Collection Priv\u00e9e 2015 - Dramfolks Whisky Auction<\/title>\n<meta name=\"robots\" content=\"index, follow, max-snippet:-1, max-image-preview:large, max-video-preview:-1\" \/>\n<link rel=\"canonical\" href=\"https:\/\/www.dramfolks-whisky-auction.com\/en\/product\/warenghem-armorik-collection-privee-2015-2\/\" \/>\n<meta property=\"og:locale\" content=\"en_US\" \/>\n<meta property=\"og:type\" content=\"article\" \/>\n<meta property=\"og:title\" content=\"Warenghem - Armorik Collection Priv\u00e9e 2015 - Dramfolks Whisky Auction\" \/>\n<meta property=\"og:description\" content=\"After-Auction-Market by dramfolks  Dies ist keine laufende Auktion! \u00dcber den \u201eJetzt Kaufen\u201c-Button direkt erwerben oder dein Gebot ist ein alternativer Preisvorschlag (Maximalgebot)!\" \/>\n<meta property=\"og:url\" content=\"https:\/\/www.dramfolks-whisky-auction.com\/en\/product\/warenghem-armorik-collection-privee-2015-2\/\" \/>\n<meta property=\"og:site_name\" content=\"Dramfolks Whisky Auction\" \/>\n<meta property=\"article:modified_time\" content=\"2025-03-25T18:15:53+00:00\" \/>\n<meta property=\"og:image\" content=\"https:\/\/www.dramfolks-whisky-auction.com\/wp-content\/uploads\/2024\/08\/Armorik-Privee-Sold-Out.png\" \/>\n\t<meta property=\"og:image:width\" content=\"1080\" \/>\n\t<meta property=\"og:image:height\" content=\"1080\" \/>\n\t<meta property=\"og:image:type\" content=\"image\/png\" \/>\n<meta name=\"twitter:card\" content=\"summary_large_image\" \/>\n<meta name=\"twitter:label1\" content=\"Est. reading time\" \/>\n\t<meta name=\"twitter:data1\" content=\"3 minutes\" \/>\n<script type=\"application\/ld+json\" class=\"yoast-schema-graph\">{\"@context\":\"https:\/\/schema.org\",\"@graph\":[{\"@type\":\"WebPage\",\"@id\":\"https:\/\/www.dramfolks-whisky-auction.com\/en\/product\/warenghem-armorik-collection-privee-2015-2\/\",\"url\":\"https:\/\/www.dramfolks-whisky-auction.com\/en\/product\/warenghem-armorik-collection-privee-2015-2\/\",\"name\":\"Warenghem - Armorik Collection Priv\u00e9e 2015 - Dramfolks Whisky Auction\",\"isPartOf\":{\"@id\":\"https:\/\/www.dramfolks-whisky-auction.com\/en\/#website\"},\"primaryImageOfPage\":{\"@id\":\"https:\/\/www.dramfolks-whisky-auction.com\/en\/product\/warenghem-armorik-collection-privee-2015-2\/#primaryimage\"},\"image\":{\"@id\":\"https:\/\/www.dramfolks-whisky-auction.com\/en\/product\/warenghem-armorik-collection-privee-2015-2\/#primaryimage\"},\"thumbnailUrl\":\"https:\/\/www.dramfolks-whisky-auction.com\/wp-content\/uploads\/2024\/08\/Armorik-Privee-Sold-Out.png\",\"datePublished\":\"2024-08-31T05:42:24+00:00\",\"dateModified\":\"2025-03-25T18:15:53+00:00\",\"breadcrumb\":{\"@id\":\"https:\/\/www.dramfolks-whisky-auction.com\/en\/product\/warenghem-armorik-collection-privee-2015-2\/#breadcrumb\"},\"inLanguage\":\"en-US\",\"potentialAction\":[{\"@type\":\"ReadAction\",\"target\":[\"https:\/\/www.dramfolks-whisky-auction.com\/en\/product\/warenghem-armorik-collection-privee-2015-2\/\"]}]},{\"@type\":\"ImageObject\",\"inLanguage\":\"en-US\",\"@id\":\"https:\/\/www.dramfolks-whisky-auction.com\/en\/product\/warenghem-armorik-collection-privee-2015-2\/#primaryimage\",\"url\":\"https:\/\/www.dramfolks-whisky-auction.com\/wp-content\/uploads\/2024\/08\/Armorik-Privee-Sold-Out.png\",\"contentUrl\":\"https:\/\/www.dramfolks-whisky-auction.com\/wp-content\/uploads\/2024\/08\/Armorik-Privee-Sold-Out.png\",\"width\":1080,\"height\":1080},{\"@type\":\"BreadcrumbList\",\"@id\":\"https:\/\/www.dramfolks-whisky-auction.com\/en\/product\/warenghem-armorik-collection-privee-2015-2\/#breadcrumb\",\"itemListElement\":[{\"@type\":\"ListItem\",\"position\":1,\"name\":\"Startseite\",\"item\":\"https:\/\/www.dramfolks-whisky-auction.com\/en\/\"},{\"@type\":\"ListItem\",\"position\":2,\"name\":\"Shop\",\"item\":\"https:\/\/www.dramfolks-whisky-auction.com\/en\/shop\/\"},{\"@type\":\"ListItem\",\"position\":3,\"name\":\"Warenghem &#8211; Armorik Collection Priv\u00e9e 2015\"}]},{\"@type\":\"WebSite\",\"@id\":\"https:\/\/www.dramfolks-whisky-auction.com\/en\/#website\",\"url\":\"https:\/\/www.dramfolks-whisky-auction.com\/en\/\",\"name\":\"Dramfolks Whisky Auction\",\"description\":\"\",\"potentialAction\":[{\"@type\":\"SearchAction\",\"target\":{\"@type\":\"EntryPoint\",\"urlTemplate\":\"https:\/\/www.dramfolks-whisky-auction.com\/en\/?s={search_term_string}\"},\"query-input\":{\"@type\":\"PropertyValueSpecification\",\"valueRequired\":true,\"valueName\":\"search_term_string\"}}],\"inLanguage\":\"en-US\"}]}<\/script>\n<!-- \/ Yoast SEO plugin. -->","yoast_head_json":{"title":"Warenghem - Armorik Collection Priv\u00e9e 2015 - Dramfolks Whisky Auction","robots":{"index":"index","follow":"follow","max-snippet":"max-snippet:-1","max-image-preview":"max-image-preview:large","max-video-preview":"max-video-preview:-1"},"canonical":"https:\/\/www.dramfolks-whisky-auction.com\/en\/product\/warenghem-armorik-collection-privee-2015-2\/","og_locale":"en_US","og_type":"article","og_title":"Warenghem - Armorik Collection Priv\u00e9e 2015 - Dramfolks Whisky Auction","og_description":"After-Auction-Market by dramfolks  Dies ist keine laufende Auktion! \u00dcber den \u201eJetzt Kaufen\u201c-Button direkt erwerben oder dein Gebot ist ein alternativer Preisvorschlag (Maximalgebot)!","og_url":"https:\/\/www.dramfolks-whisky-auction.com\/en\/product\/warenghem-armorik-collection-privee-2015-2\/","og_site_name":"Dramfolks Whisky Auction","article_modified_time":"2025-03-25T18:15:53+00:00","og_image":[{"width":1080,"height":1080,"url":"https:\/\/www.dramfolks-whisky-auction.com\/wp-content\/uploads\/2024\/08\/Armorik-Privee-Sold-Out.png","type":"image\/png"}],"twitter_card":"summary_large_image","twitter_misc":{"Est. reading time":"3 minutes"},"schema":{"@context":"https:\/\/schema.org","@graph":[{"@type":"WebPage","@id":"https:\/\/www.dramfolks-whisky-auction.com\/en\/product\/warenghem-armorik-collection-privee-2015-2\/","url":"https:\/\/www.dramfolks-whisky-auction.com\/en\/product\/warenghem-armorik-collection-privee-2015-2\/","name":"Warenghem - Armorik Collection Priv\u00e9e 2015 - Dramfolks Whisky Auction","isPartOf":{"@id":"https:\/\/www.dramfolks-whisky-auction.com\/en\/#website"},"primaryImageOfPage":{"@id":"https:\/\/www.dramfolks-whisky-auction.com\/en\/product\/warenghem-armorik-collection-privee-2015-2\/#primaryimage"},"image":{"@id":"https:\/\/www.dramfolks-whisky-auction.com\/en\/product\/warenghem-armorik-collection-privee-2015-2\/#primaryimage"},"thumbnailUrl":"https:\/\/www.dramfolks-whisky-auction.com\/wp-content\/uploads\/2024\/08\/Armorik-Privee-Sold-Out.png","datePublished":"2024-08-31T05:42:24+00:00","dateModified":"2025-03-25T18:15:53+00:00","breadcrumb":{"@id":"https:\/\/www.dramfolks-whisky-auction.com\/en\/product\/warenghem-armorik-collection-privee-2015-2\/#breadcrumb"},"inLanguage":"en-US","potentialAction":[{"@type":"ReadAction","target":["https:\/\/www.dramfolks-whisky-auction.com\/en\/product\/warenghem-armorik-collection-privee-2015-2\/"]}]},{"@type":"ImageObject","inLanguage":"en-US","@id":"https:\/\/www.dramfolks-whisky-auction.com\/en\/product\/warenghem-armorik-collection-privee-2015-2\/#primaryimage","url":"https:\/\/www.dramfolks-whisky-auction.com\/wp-content\/uploads\/2024\/08\/Armorik-Privee-Sold-Out.png","contentUrl":"https:\/\/www.dramfolks-whisky-auction.com\/wp-content\/uploads\/2024\/08\/Armorik-Privee-Sold-Out.png","width":1080,"height":1080},{"@type":"BreadcrumbList","@id":"https:\/\/www.dramfolks-whisky-auction.com\/en\/product\/warenghem-armorik-collection-privee-2015-2\/#breadcrumb","itemListElement":[{"@type":"ListItem","position":1,"name":"Startseite","item":"https:\/\/www.dramfolks-whisky-auction.com\/en\/"},{"@type":"ListItem","position":2,"name":"Shop","item":"https:\/\/www.dramfolks-whisky-auction.com\/en\/shop\/"},{"@type":"ListItem","position":3,"name":"Warenghem &#8211; Armorik Collection Priv\u00e9e 2015"}]},{"@type":"WebSite","@id":"https:\/\/www.dramfolks-whisky-auction.com\/en\/#website","url":"https:\/\/www.dramfolks-whisky-auction.com\/en\/","name":"Dramfolks Whisky Auction","description":"","potentialAction":[{"@type":"SearchAction","target":{"@type":"EntryPoint","urlTemplate":"https:\/\/www.dramfolks-whisky-auction.com\/en\/?s={search_term_string}"},"query-input":{"@type":"PropertyValueSpecification","valueRequired":true,"valueName":"search_term_string"}}],"inLanguage":"en-US"}]}},"_links":{"self":[{"href":"https:\/\/www.dramfolks-whisky-auction.com\/en\/wp-json\/wp\/v2\/product\/326690","targetHints":{"allow":["GET"]}}],"collection":[{"href":"https:\/\/www.dramfolks-whisky-auction.com\/en\/wp-json\/wp\/v2\/product"}],"about":[{"href":"https:\/\/www.dramfolks-whisky-auction.com\/en\/wp-json\/wp\/v2\/types\/product"}],"replies":[{"embeddable":true,"href":"https:\/\/www.dramfolks-whisky-auction.com\/en\/wp-json\/wp\/v2\/comments?post=326690"}],"wp:featuredmedia":[{"embeddable":true,"href":"https:\/\/www.dramfolks-whisky-auction.com\/en\/wp-json\/wp\/v2\/media\/447417"}],"wp:attachment":[{"href":"https:\/\/www.dramfolks-whisky-auction.com\/en\/wp-json\/wp\/v2\/media?parent=326690"}],"wp:term":[{"taxonomy":"product_brand","embeddable":true,"href":"https:\/\/www.dramfolks-whisky-auction.com\/en\/wp-json\/wp\/v2\/product_brand?post=326690"},{"taxonomy":"product_cat","embeddable":true,"href":"https:\/\/www.dramfolks-whisky-auction.com\/en\/wp-json\/wp\/v2\/product_cat?post=326690"},{"taxonomy":"product_tag","embeddable":true,"href":"https:\/\/www.dramfolks-whisky-auction.com\/en\/wp-json\/wp\/v2\/product_tag?post=326690"}],"curies":[{"name":"wp","href":"https:\/\/api.w.org\/{rel}","templated":true}]}}