{"id":3182027,"date":"2025-04-03T19:33:47","date_gmt":"2025-04-03T17:33:47","guid":{"rendered":"https:\/\/www.dramfolks-whisky-auction.com\/?post_type=product&#038;p=3182027"},"modified":"2025-04-21T19:45:56","modified_gmt":"2025-04-21T17:45:56","slug":"penderyn-sherrywood-single-malt-welsh-whisky","status":"publish","type":"product","link":"https:\/\/www.dramfolks-whisky-auction.com\/en\/product\/penderyn-sherrywood-single-malt-welsh-whisky\/","title":{"rendered":"Penderyn &#8211; Sherrywood Single Malt Welsh Whisky"},"content":{"rendered":"<p><strong>Destille: Penderyn<br \/>\n<\/strong>Die Destillerie liegt im malerischen Ort Penderyn, an den s\u00fcdlichen Ausl\u00e4ufern des Brecon Beacons Nationalparks. Die walisische Whisky Tradition ist l\u00e4nger als allgemein bekannt und hat ber\u00fchmte Namen hervorgebracht. Im Jahre 1705 gab es eine kleine Destillerie in Dale, Pembrokeshire und es wurde erstklassiger &#8220;wysgi&#8221; gebrannt. Sie geh\u00f6rte der Familie von Evan Williams, die sp\u00e4ter in die USA auswanderte und dort die Whiskeyindustrie in Kentucky mitgr\u00fcndete. Im 19. Jahrhundert gab es eine Whiskydestillerie in Frongoch in der N\u00e4he von Bala (Nord Wales), die in den sp\u00e4ten Jahren des 19. Jahrhunderts geschlossen werden musste. Jack Daniel und Evan Williams stammten aus Wales und waren Auswanderer in die USA. Tradition verpflichtet und so entschied sich Penderyn im wesentlichen Ex-Bourbon-F\u00e4sser zu nutzen. Zudem wird in S\u00fcdweinf\u00e4ssern gefinished da \u00fcber den Hafen Bristol in der Vergangenheit mehr S\u00fcdweine importiert wurden, als \u00fcber jeden anderen Hafen in Gro\u00dfbritannien. J\u00e4hrliche Produktionskapazit\u00e4t liegt bei 300.000 Litern.<\/p>\n<p><strong>Fun fact: <\/strong>Es ist der erste Whisky, der in Wales destilliert wird, seit die Frongoch Destillerie schlie\u00dfen mu\u00dfte. Die Bauart der Geb\u00e4ude enstand nach modernsten Standards aber auch etwas paradox und dem Stil der Frongoch Destillerie nachempfunden. Die Destillerie integriert sowohl Destillations- und Abf\u00fcllanlage als auch die Lagerh\u00e4user. Die Potstill wurden von einem Team unter Leitung von Dr. David Faraday (einem Nachfahren von Sir Michael Faraday, dem Entdecker der Elektrolyse und der elektromagnetischen Induktion) entwickelt. Die Brennerei gilt als eine der kleinsten der Welt, konnte aber bereits 2008 ein eigenes Besucherzentrum einrichten, zu dessen Einweihung der Prince of Wales, Prinz Charles, pers\u00f6nlich erschien!<\/p>\n<p><strong>Whisky\/Whiskey: Sherrywood Single Malt Welsh Whisky<br \/>\n<\/strong>Der Penderyn Sherrywood Single Malt Welsh Whisky reiht sich in ein erstaunlich breitgef\u00e4chertes Sortiment ein. So hat sich die Brennerei damit einen Namen gemacht, gerne Experimente zu wagen. Der Penderyn Sherrywood Single Malt Welsh Whisky geh\u00f6rt gemeinsam mit Abf\u00fcllungen wie Portwood, Madeira und Peated Whisky zur Gold Range, die das zeitgen\u00f6ssische Kernsortiment Penderyns verk\u00f6rpert. Die Penderyn Sherrywood Edition wurde in ex-Bourbon-F\u00e4ssern und ex-Oloroso Sherry F\u00e4ssern gereift, um ihm seinen vollen und fruchtigen Geschmack zu geben. Er hat die klassische Penderyn Frische, w\u00e4hrend die Aromen von dunklen Fr\u00fcchten und vollem Toffee sich mit gr\u00fcnen \u00c4pfeln und Haseln\u00fcssen vermischen. Am Gaumen voll und s\u00fc\u00df, danach erfrischend trocken, noch etwas s\u00fc\u00dfe Noten von Toffee und Rosinen mit einem sehr langen Abgang.<\/p>\n<p><strong>Info Qualit\u00e4t der Flasche:<\/strong> Exzellent &#8211; ohne Besch\u00e4digungen \/ <strong>F\u00fcllstand:<\/strong> Into neck<br \/>\n<strong>Info Qualit\u00e4t der Box:<\/strong> Exzellent &#8211; ohne Besch\u00e4digungen<\/p>\n<p><strong>Wichtiger Hinweis:<\/strong> Die Bewertung der Flaschen und Boxen erfolgt nach \u201ebesten Wissen und Gewissen\u201c. dramfolks kann keine Gew\u00e4hrleistung f\u00fcr den Inhalt der Flaschen \u00fcbernehmen. Weitere Infos &amp; Hinweise finden Sie in unseren AGBs. Wir empfehlen Ihnen, vor der Abgabe von Geboten \u00fcber die Zoomfunktion eine Besichtigung \/ genaue Pr\u00fcfung des angebotenen Whiskys vorzunehmen. Bitte kontaktieren sie uns bei Fragen direkt unter info@dramfolks.com<\/p>\n","protected":false},"excerpt":{"rendered":"<p>Destille: Penderyn Die Destillerie liegt im malerischen Ort Penderyn, an den s\u00fcdlichen Ausl\u00e4ufern des Brecon Beacons Nationalparks. Die walisische Whisky Tradition ist l\u00e4nger als allgemein bekannt und hat ber\u00fchmte Namen hervorgebracht. Im Jahre 1705 gab es eine kleine Destillerie in Dale, Pembrokeshire und es wurde erstklassiger &#8220;wysgi&#8221; gebrannt. Sie geh\u00f6rte der Familie von Evan Williams,[&#8230;]\n","protected":false},"featured_media":3220274,"comment_status":"closed","ping_status":"closed","template":"","meta":[],"product_brand":[],"product_cat":[1100],"product_tag":[],"class_list":{"0":"post-3182027","1":"product","2":"type-product","3":"status-publish","4":"has-post-thumbnail","6":"product_cat-no-17","8":"first","9":"instock","10":"shipping-taxable","11":"purchasable","12":"product-type-auction"},"yoast_head":"<!-- This site is optimized with the Yoast SEO plugin v27.4 - https:\/\/yoast.com\/product\/yoast-seo-wordpress\/ -->\n<title>Penderyn - Sherrywood Single Malt Welsh Whisky - Dramfolks Whisky Auction<\/title>\n<meta name=\"robots\" content=\"index, follow, max-snippet:-1, max-image-preview:large, max-video-preview:-1\" \/>\n<link rel=\"canonical\" href=\"https:\/\/www.dramfolks-whisky-auction.com\/en\/product\/penderyn-sherrywood-single-malt-welsh-whisky\/\" \/>\n<meta property=\"og:locale\" content=\"en_US\" \/>\n<meta property=\"og:type\" content=\"article\" \/>\n<meta property=\"og:title\" content=\"Penderyn - Sherrywood Single Malt Welsh Whisky - Dramfolks Whisky Auction\" \/>\n<meta property=\"og:description\" content=\"Destille: Penderyn Die Destillerie liegt im malerischen Ort Penderyn, an den s\u00fcdlichen Ausl\u00e4ufern des Brecon Beacons Nationalparks. Die walisische Whisky Tradition ist l\u00e4nger als allgemein bekannt und hat ber\u00fchmte Namen hervorgebracht. Im Jahre 1705 gab es eine kleine Destillerie in Dale, Pembrokeshire und es wurde erstklassiger &#8220;wysgi&#8221; gebrannt. Sie geh\u00f6rte der Familie von Evan Williams,[...]\" \/>\n<meta property=\"og:url\" content=\"https:\/\/www.dramfolks-whisky-auction.com\/en\/product\/penderyn-sherrywood-single-malt-welsh-whisky\/\" \/>\n<meta property=\"og:site_name\" content=\"Dramfolks Whisky Auction\" \/>\n<meta property=\"article:modified_time\" content=\"2025-04-21T17:45:56+00:00\" \/>\n<meta property=\"og:image\" content=\"https:\/\/www.dramfolks-whisky-auction.com\/wp-content\/uploads\/2025\/04\/Penderyn-Sherrywood-vorne-scaled.jpg\" \/>\n\t<meta property=\"og:image:width\" content=\"2560\" \/>\n\t<meta property=\"og:image:height\" content=\"2560\" \/>\n\t<meta property=\"og:image:type\" content=\"image\/jpeg\" \/>\n<meta name=\"twitter:card\" content=\"summary_large_image\" \/>\n<meta name=\"twitter:label1\" content=\"Est. reading time\" \/>\n\t<meta name=\"twitter:data1\" content=\"3 minutes\" \/>\n<script type=\"application\/ld+json\" class=\"yoast-schema-graph\">{\"@context\":\"https:\\\/\\\/schema.org\",\"@graph\":[{\"@type\":\"WebPage\",\"@id\":\"https:\\\/\\\/www.dramfolks-whisky-auction.com\\\/en\\\/product\\\/penderyn-sherrywood-single-malt-welsh-whisky\\\/\",\"url\":\"https:\\\/\\\/www.dramfolks-whisky-auction.com\\\/en\\\/product\\\/penderyn-sherrywood-single-malt-welsh-whisky\\\/\",\"name\":\"Penderyn - Sherrywood Single Malt Welsh Whisky - Dramfolks Whisky Auction\",\"isPartOf\":{\"@id\":\"https:\\\/\\\/www.dramfolks-whisky-auction.com\\\/en\\\/#website\"},\"primaryImageOfPage\":{\"@id\":\"https:\\\/\\\/www.dramfolks-whisky-auction.com\\\/en\\\/product\\\/penderyn-sherrywood-single-malt-welsh-whisky\\\/#primaryimage\"},\"image\":{\"@id\":\"https:\\\/\\\/www.dramfolks-whisky-auction.com\\\/en\\\/product\\\/penderyn-sherrywood-single-malt-welsh-whisky\\\/#primaryimage\"},\"thumbnailUrl\":\"https:\\\/\\\/www.dramfolks-whisky-auction.com\\\/wp-content\\\/uploads\\\/2025\\\/04\\\/Penderyn-Sherrywood-vorne-scaled.jpg\",\"datePublished\":\"2025-04-03T17:33:47+00:00\",\"dateModified\":\"2025-04-21T17:45:56+00:00\",\"breadcrumb\":{\"@id\":\"https:\\\/\\\/www.dramfolks-whisky-auction.com\\\/en\\\/product\\\/penderyn-sherrywood-single-malt-welsh-whisky\\\/#breadcrumb\"},\"inLanguage\":\"en-US\",\"potentialAction\":[{\"@type\":\"ReadAction\",\"target\":[\"https:\\\/\\\/www.dramfolks-whisky-auction.com\\\/en\\\/product\\\/penderyn-sherrywood-single-malt-welsh-whisky\\\/\"]}]},{\"@type\":\"ImageObject\",\"inLanguage\":\"en-US\",\"@id\":\"https:\\\/\\\/www.dramfolks-whisky-auction.com\\\/en\\\/product\\\/penderyn-sherrywood-single-malt-welsh-whisky\\\/#primaryimage\",\"url\":\"https:\\\/\\\/www.dramfolks-whisky-auction.com\\\/wp-content\\\/uploads\\\/2025\\\/04\\\/Penderyn-Sherrywood-vorne-scaled.jpg\",\"contentUrl\":\"https:\\\/\\\/www.dramfolks-whisky-auction.com\\\/wp-content\\\/uploads\\\/2025\\\/04\\\/Penderyn-Sherrywood-vorne-scaled.jpg\",\"width\":2560,\"height\":2560},{\"@type\":\"BreadcrumbList\",\"@id\":\"https:\\\/\\\/www.dramfolks-whisky-auction.com\\\/en\\\/product\\\/penderyn-sherrywood-single-malt-welsh-whisky\\\/#breadcrumb\",\"itemListElement\":[{\"@type\":\"ListItem\",\"position\":1,\"name\":\"Startseite\",\"item\":\"https:\\\/\\\/www.dramfolks-whisky-auction.com\\\/en\\\/\"},{\"@type\":\"ListItem\",\"position\":2,\"name\":\"Shop\",\"item\":\"https:\\\/\\\/www.dramfolks-whisky-auction.com\\\/en\\\/shop\\\/\"},{\"@type\":\"ListItem\",\"position\":3,\"name\":\"Penderyn &#8211; Sherrywood Single Malt Welsh Whisky\"}]},{\"@type\":\"WebSite\",\"@id\":\"https:\\\/\\\/www.dramfolks-whisky-auction.com\\\/en\\\/#website\",\"url\":\"https:\\\/\\\/www.dramfolks-whisky-auction.com\\\/en\\\/\",\"name\":\"Dramfolks Whisky Auction\",\"description\":\"\",\"potentialAction\":[{\"@type\":\"SearchAction\",\"target\":{\"@type\":\"EntryPoint\",\"urlTemplate\":\"https:\\\/\\\/www.dramfolks-whisky-auction.com\\\/en\\\/?s={search_term_string}\"},\"query-input\":{\"@type\":\"PropertyValueSpecification\",\"valueRequired\":true,\"valueName\":\"search_term_string\"}}],\"inLanguage\":\"en-US\"}]}<\/script>\n<!-- \/ Yoast SEO plugin. -->","yoast_head_json":{"title":"Penderyn - Sherrywood Single Malt Welsh Whisky - Dramfolks Whisky Auction","robots":{"index":"index","follow":"follow","max-snippet":"max-snippet:-1","max-image-preview":"max-image-preview:large","max-video-preview":"max-video-preview:-1"},"canonical":"https:\/\/www.dramfolks-whisky-auction.com\/en\/product\/penderyn-sherrywood-single-malt-welsh-whisky\/","og_locale":"en_US","og_type":"article","og_title":"Penderyn - Sherrywood Single Malt Welsh Whisky - Dramfolks Whisky Auction","og_description":"Destille: Penderyn Die Destillerie liegt im malerischen Ort Penderyn, an den s\u00fcdlichen Ausl\u00e4ufern des Brecon Beacons Nationalparks. Die walisische Whisky Tradition ist l\u00e4nger als allgemein bekannt und hat ber\u00fchmte Namen hervorgebracht. Im Jahre 1705 gab es eine kleine Destillerie in Dale, Pembrokeshire und es wurde erstklassiger &#8220;wysgi&#8221; gebrannt. Sie geh\u00f6rte der Familie von Evan Williams,[...]","og_url":"https:\/\/www.dramfolks-whisky-auction.com\/en\/product\/penderyn-sherrywood-single-malt-welsh-whisky\/","og_site_name":"Dramfolks Whisky Auction","article_modified_time":"2025-04-21T17:45:56+00:00","og_image":[{"width":2560,"height":2560,"url":"https:\/\/www.dramfolks-whisky-auction.com\/wp-content\/uploads\/2025\/04\/Penderyn-Sherrywood-vorne-scaled.jpg","type":"image\/jpeg"}],"twitter_card":"summary_large_image","twitter_misc":{"Est. reading time":"3 minutes"},"schema":{"@context":"https:\/\/schema.org","@graph":[{"@type":"WebPage","@id":"https:\/\/www.dramfolks-whisky-auction.com\/en\/product\/penderyn-sherrywood-single-malt-welsh-whisky\/","url":"https:\/\/www.dramfolks-whisky-auction.com\/en\/product\/penderyn-sherrywood-single-malt-welsh-whisky\/","name":"Penderyn - Sherrywood Single Malt Welsh Whisky - Dramfolks Whisky Auction","isPartOf":{"@id":"https:\/\/www.dramfolks-whisky-auction.com\/en\/#website"},"primaryImageOfPage":{"@id":"https:\/\/www.dramfolks-whisky-auction.com\/en\/product\/penderyn-sherrywood-single-malt-welsh-whisky\/#primaryimage"},"image":{"@id":"https:\/\/www.dramfolks-whisky-auction.com\/en\/product\/penderyn-sherrywood-single-malt-welsh-whisky\/#primaryimage"},"thumbnailUrl":"https:\/\/www.dramfolks-whisky-auction.com\/wp-content\/uploads\/2025\/04\/Penderyn-Sherrywood-vorne-scaled.jpg","datePublished":"2025-04-03T17:33:47+00:00","dateModified":"2025-04-21T17:45:56+00:00","breadcrumb":{"@id":"https:\/\/www.dramfolks-whisky-auction.com\/en\/product\/penderyn-sherrywood-single-malt-welsh-whisky\/#breadcrumb"},"inLanguage":"en-US","potentialAction":[{"@type":"ReadAction","target":["https:\/\/www.dramfolks-whisky-auction.com\/en\/product\/penderyn-sherrywood-single-malt-welsh-whisky\/"]}]},{"@type":"ImageObject","inLanguage":"en-US","@id":"https:\/\/www.dramfolks-whisky-auction.com\/en\/product\/penderyn-sherrywood-single-malt-welsh-whisky\/#primaryimage","url":"https:\/\/www.dramfolks-whisky-auction.com\/wp-content\/uploads\/2025\/04\/Penderyn-Sherrywood-vorne-scaled.jpg","contentUrl":"https:\/\/www.dramfolks-whisky-auction.com\/wp-content\/uploads\/2025\/04\/Penderyn-Sherrywood-vorne-scaled.jpg","width":2560,"height":2560},{"@type":"BreadcrumbList","@id":"https:\/\/www.dramfolks-whisky-auction.com\/en\/product\/penderyn-sherrywood-single-malt-welsh-whisky\/#breadcrumb","itemListElement":[{"@type":"ListItem","position":1,"name":"Startseite","item":"https:\/\/www.dramfolks-whisky-auction.com\/en\/"},{"@type":"ListItem","position":2,"name":"Shop","item":"https:\/\/www.dramfolks-whisky-auction.com\/en\/shop\/"},{"@type":"ListItem","position":3,"name":"Penderyn &#8211; Sherrywood Single Malt Welsh Whisky"}]},{"@type":"WebSite","@id":"https:\/\/www.dramfolks-whisky-auction.com\/en\/#website","url":"https:\/\/www.dramfolks-whisky-auction.com\/en\/","name":"Dramfolks Whisky Auction","description":"","potentialAction":[{"@type":"SearchAction","target":{"@type":"EntryPoint","urlTemplate":"https:\/\/www.dramfolks-whisky-auction.com\/en\/?s={search_term_string}"},"query-input":{"@type":"PropertyValueSpecification","valueRequired":true,"valueName":"search_term_string"}}],"inLanguage":"en-US"}]}},"_links":{"self":[{"href":"https:\/\/www.dramfolks-whisky-auction.com\/en\/wp-json\/wp\/v2\/product\/3182027","targetHints":{"allow":["GET"]}}],"collection":[{"href":"https:\/\/www.dramfolks-whisky-auction.com\/en\/wp-json\/wp\/v2\/product"}],"about":[{"href":"https:\/\/www.dramfolks-whisky-auction.com\/en\/wp-json\/wp\/v2\/types\/product"}],"replies":[{"embeddable":true,"href":"https:\/\/www.dramfolks-whisky-auction.com\/en\/wp-json\/wp\/v2\/comments?post=3182027"}],"wp:featuredmedia":[{"embeddable":true,"href":"https:\/\/www.dramfolks-whisky-auction.com\/en\/wp-json\/wp\/v2\/media\/3220274"}],"wp:attachment":[{"href":"https:\/\/www.dramfolks-whisky-auction.com\/en\/wp-json\/wp\/v2\/media?parent=3182027"}],"wp:term":[{"taxonomy":"product_brand","embeddable":true,"href":"https:\/\/www.dramfolks-whisky-auction.com\/en\/wp-json\/wp\/v2\/product_brand?post=3182027"},{"taxonomy":"product_cat","embeddable":true,"href":"https:\/\/www.dramfolks-whisky-auction.com\/en\/wp-json\/wp\/v2\/product_cat?post=3182027"},{"taxonomy":"product_tag","embeddable":true,"href":"https:\/\/www.dramfolks-whisky-auction.com\/en\/wp-json\/wp\/v2\/product_tag?post=3182027"}],"curies":[{"name":"wp","href":"https:\/\/api.w.org\/{rel}","templated":true}]}}