{"id":3182,"date":"2023-06-24T16:03:13","date_gmt":"2023-06-24T14:03:13","guid":{"rendered":"https:\/\/www.dramfolks-whisky-auction.com\/?post_type=product&#038;p=3182"},"modified":"2023-07-03T17:05:18","modified_gmt":"2023-07-03T15:05:18","slug":"kinzigbrennerei-no-5-select-single-barrel-whisky","status":"publish","type":"product","link":"https:\/\/www.dramfolks-whisky-auction.com\/en\/product\/kinzigbrennerei-no-5-select-single-barrel-whisky\/","title":{"rendered":"Kinzigbrennerei &#8211; No 5 Select Single Barrel Whisky"},"content":{"rendered":"<p><strong>Destille: Kinzigbrennerei<br \/>\n<\/strong><\/p>\n<p>Die Kinzigbrennerei liegt in Biberach im Herzen des Kinzigtals etwa 50 m neben dem Fluss \u201eKinzig\u201c. Darin begr\u00fcndet liegt der Ursprung des Namens \u201eKinzigbrennerei\u201c. Die eigene Bewirtschaftung der f\u00fcr den Schwarzwald so typischen Streuobstwiesen sowie der Ackerbau von Getreide, Kartoffeln und Topinamburknollen bilden die Grundlage f\u00fcr hochwertige Destillate.<br \/>\n2000 \u00fcbernahmen Tanja und Martin Brosamer den elterlichen Hof. Martin, der das Brennen von seinem Vater erlernt hatte, teilte diese Leidenschaft und baute diesen Betriebszweig weiter aus. 2003 absolvierte Martin Brosamer die Ausbildung zum Brenner und startete im darauf folgenden Jahr mit der Whisky Holzfasslagerung. 2019 f\u00fcllte die Kinzigbrennerei den ersten 15 J\u00e4hrigen Whisky \u201eAnnorum XV\u201c ab, welcher auf dem Hoffest mit Tag der offenen T\u00fcr erstmalig dem breiten Publikum vorgestellt wurde.<\/p>\n<p><strong>Fun Fact:<\/strong> Nicht nur Whisky\u2026 sondern noch viel mehr kann bei der Kinzigbrennerei erleben, wie z.B. ein Whisky Seminar. Brennmeister Martin Brosamer f\u00fchrt Sie durch die Destillerie, verkostet mit seinen G\u00e4sten Whiskys und erl\u00e4utert alles rund um die Geschichte des deutschen Whiskys. Ein geistreicher Abend rund ums Thema Whisky. Beginnend mit einem Vesper und endend mit einer Zigarre. Und dazwischen ganz viel Whisky. Unter <a href=\"https:\/\/kinzigbrennerei.de\/erleben\/\" target=\"_blank\" rel=\"noopener noreferrer\">https:\/\/kinzigbrennerei.de\/erleben\/<\/a> sind alle Angebote aufgef\u00fchrt.<\/p>\n<p><strong>Whisky\/Whiskey: No 5 Select \u2013 Single Barrel Whisky<br \/>\n<\/strong><\/p>\n<p>Dieser 5-j\u00e4hrige Single Malt Whisky wird aus Mais destilliert und zuerst in neuen Kastanienf\u00e4ssern gelagert. Anschlie\u00dfend erfolgt das Finish in Ex-Bourbon F\u00e4ssern. Es handelt sich um einen leicht s\u00fc\u00dflichen, ganz weichen und milden Whisky, der eher in die amerikanische Richtung geht. In der Farbe \u201egolden\u201c und im Geruch \u201ew\u00fcrzig nach Kokos, leicht s\u00fc\u00dflich\u201c. Am Gaumen zeigen sich \u201ew\u00fcrzige Karamell Aromen\u201c. Der Nachklang kann mit \u201elang anhaltend\u201c beschrieben werden.<\/p>\n<p><strong>Info Qualit\u00e4t der Flasche:<\/strong> Exzellent ohne Besch\u00e4digungen \/ <strong>F\u00fcllstand:<\/strong> Top shoulder<br \/>\n<strong>Info Qualit\u00e4t der Box:<\/strong> Sehr gut &#8211; minimale Besch\u00e4digung an einer Ecke<\/p>\n<p><strong>Wichtiger Hinweis: <\/strong>Die Bewertung der Flaschen und Boxen erfolgt nach \u201ebesten Wissen und Gewissen\u201c. dramfolks kann keine Gew\u00e4hrleistung f\u00fcr den Inhalt der Flaschen \u00fcbernehmen. Weitere Infos &amp; Hinweise finden Sie in unseren AGBs. Wir empfehlen Ihnen, vor der Abgabe von Geboten \u00fcber die Zoomfunktion eine Besichtigung \/ genaue Pr\u00fcfung des angebotenen Whiskys vorzunehmen. Bitte kontaktieren sie uns bei Fragen direkt unter info@dramfolks.com<\/p>\n","protected":false},"excerpt":{"rendered":"<p>Destille: Kinzigbrennerei Die Kinzigbrennerei liegt in Biberach im Herzen des Kinzigtals etwa 50 m neben dem Fluss \u201eKinzig\u201c. Darin begr\u00fcndet liegt der Ursprung des Namens \u201eKinzigbrennerei\u201c. Die eigene Bewirtschaftung der f\u00fcr den Schwarzwald so typischen Streuobstwiesen sowie der Ackerbau von Getreide, Kartoffeln und Topinamburknollen bilden die Grundlage f\u00fcr hochwertige Destillate. 2000 \u00fcbernahmen Tanja und Martin[&#8230;]\n","protected":false},"featured_media":3183,"comment_status":"closed","ping_status":"closed","template":"","meta":[],"product_brand":[],"product_cat":[413],"product_tag":[],"class_list":{"0":"post-3182","1":"product","2":"type-product","3":"status-publish","4":"has-post-thumbnail","6":"product_cat-no-5-special-auction","8":"first","9":"instock","10":"shipping-taxable","11":"purchasable","12":"product-type-auction"},"yoast_head":"<!-- This site is optimized with the Yoast SEO plugin v27.4 - https:\/\/yoast.com\/product\/yoast-seo-wordpress\/ -->\n<title>Kinzigbrennerei - No 5 Select Single Barrel Whisky - Dramfolks Whisky Auction<\/title>\n<meta name=\"robots\" content=\"index, follow, max-snippet:-1, max-image-preview:large, max-video-preview:-1\" \/>\n<link rel=\"canonical\" href=\"https:\/\/www.dramfolks-whisky-auction.com\/en\/product\/kinzigbrennerei-no-5-select-single-barrel-whisky\/\" \/>\n<meta property=\"og:locale\" content=\"en_US\" \/>\n<meta property=\"og:type\" content=\"article\" \/>\n<meta property=\"og:title\" content=\"Kinzigbrennerei - No 5 Select Single Barrel Whisky - Dramfolks Whisky Auction\" \/>\n<meta property=\"og:description\" content=\"Destille: Kinzigbrennerei Die Kinzigbrennerei liegt in Biberach im Herzen des Kinzigtals etwa 50 m neben dem Fluss \u201eKinzig\u201c. Darin begr\u00fcndet liegt der Ursprung des Namens \u201eKinzigbrennerei\u201c. Die eigene Bewirtschaftung der f\u00fcr den Schwarzwald so typischen Streuobstwiesen sowie der Ackerbau von Getreide, Kartoffeln und Topinamburknollen bilden die Grundlage f\u00fcr hochwertige Destillate. 2000 \u00fcbernahmen Tanja und Martin[...]\" \/>\n<meta property=\"og:url\" content=\"https:\/\/www.dramfolks-whisky-auction.com\/en\/product\/kinzigbrennerei-no-5-select-single-barrel-whisky\/\" \/>\n<meta property=\"og:site_name\" content=\"Dramfolks Whisky Auction\" \/>\n<meta property=\"article:modified_time\" content=\"2023-07-03T15:05:18+00:00\" \/>\n<meta property=\"og:image\" content=\"https:\/\/www.dramfolks-whisky-auction.com\/wp-content\/uploads\/2023\/06\/Kinzig-No-5-vorne-scaled.jpg\" \/>\n\t<meta property=\"og:image:width\" content=\"2048\" \/>\n\t<meta property=\"og:image:height\" content=\"2560\" \/>\n\t<meta property=\"og:image:type\" content=\"image\/jpeg\" \/>\n<meta name=\"twitter:card\" content=\"summary_large_image\" \/>\n<meta name=\"twitter:label1\" content=\"Est. reading time\" \/>\n\t<meta name=\"twitter:data1\" content=\"2 minutes\" \/>\n<script type=\"application\/ld+json\" class=\"yoast-schema-graph\">{\"@context\":\"https:\\\/\\\/schema.org\",\"@graph\":[{\"@type\":\"WebPage\",\"@id\":\"https:\\\/\\\/www.dramfolks-whisky-auction.com\\\/en\\\/product\\\/kinzigbrennerei-no-5-select-single-barrel-whisky\\\/\",\"url\":\"https:\\\/\\\/www.dramfolks-whisky-auction.com\\\/en\\\/product\\\/kinzigbrennerei-no-5-select-single-barrel-whisky\\\/\",\"name\":\"Kinzigbrennerei - No 5 Select Single Barrel Whisky - Dramfolks Whisky Auction\",\"isPartOf\":{\"@id\":\"https:\\\/\\\/www.dramfolks-whisky-auction.com\\\/en\\\/#website\"},\"primaryImageOfPage\":{\"@id\":\"https:\\\/\\\/www.dramfolks-whisky-auction.com\\\/en\\\/product\\\/kinzigbrennerei-no-5-select-single-barrel-whisky\\\/#primaryimage\"},\"image\":{\"@id\":\"https:\\\/\\\/www.dramfolks-whisky-auction.com\\\/en\\\/product\\\/kinzigbrennerei-no-5-select-single-barrel-whisky\\\/#primaryimage\"},\"thumbnailUrl\":\"https:\\\/\\\/www.dramfolks-whisky-auction.com\\\/wp-content\\\/uploads\\\/2023\\\/06\\\/Kinzig-No-5-vorne-scaled.jpg\",\"datePublished\":\"2023-06-24T14:03:13+00:00\",\"dateModified\":\"2023-07-03T15:05:18+00:00\",\"breadcrumb\":{\"@id\":\"https:\\\/\\\/www.dramfolks-whisky-auction.com\\\/en\\\/product\\\/kinzigbrennerei-no-5-select-single-barrel-whisky\\\/#breadcrumb\"},\"inLanguage\":\"en-US\",\"potentialAction\":[{\"@type\":\"ReadAction\",\"target\":[\"https:\\\/\\\/www.dramfolks-whisky-auction.com\\\/en\\\/product\\\/kinzigbrennerei-no-5-select-single-barrel-whisky\\\/\"]}]},{\"@type\":\"ImageObject\",\"inLanguage\":\"en-US\",\"@id\":\"https:\\\/\\\/www.dramfolks-whisky-auction.com\\\/en\\\/product\\\/kinzigbrennerei-no-5-select-single-barrel-whisky\\\/#primaryimage\",\"url\":\"https:\\\/\\\/www.dramfolks-whisky-auction.com\\\/wp-content\\\/uploads\\\/2023\\\/06\\\/Kinzig-No-5-vorne-scaled.jpg\",\"contentUrl\":\"https:\\\/\\\/www.dramfolks-whisky-auction.com\\\/wp-content\\\/uploads\\\/2023\\\/06\\\/Kinzig-No-5-vorne-scaled.jpg\",\"width\":2048,\"height\":2560},{\"@type\":\"BreadcrumbList\",\"@id\":\"https:\\\/\\\/www.dramfolks-whisky-auction.com\\\/en\\\/product\\\/kinzigbrennerei-no-5-select-single-barrel-whisky\\\/#breadcrumb\",\"itemListElement\":[{\"@type\":\"ListItem\",\"position\":1,\"name\":\"Startseite\",\"item\":\"https:\\\/\\\/www.dramfolks-whisky-auction.com\\\/en\\\/\"},{\"@type\":\"ListItem\",\"position\":2,\"name\":\"Shop\",\"item\":\"https:\\\/\\\/www.dramfolks-whisky-auction.com\\\/en\\\/shop\\\/\"},{\"@type\":\"ListItem\",\"position\":3,\"name\":\"Kinzigbrennerei &#8211; No 5 Select Single Barrel Whisky\"}]},{\"@type\":\"WebSite\",\"@id\":\"https:\\\/\\\/www.dramfolks-whisky-auction.com\\\/en\\\/#website\",\"url\":\"https:\\\/\\\/www.dramfolks-whisky-auction.com\\\/en\\\/\",\"name\":\"Dramfolks Whisky Auction\",\"description\":\"\",\"potentialAction\":[{\"@type\":\"SearchAction\",\"target\":{\"@type\":\"EntryPoint\",\"urlTemplate\":\"https:\\\/\\\/www.dramfolks-whisky-auction.com\\\/en\\\/?s={search_term_string}\"},\"query-input\":{\"@type\":\"PropertyValueSpecification\",\"valueRequired\":true,\"valueName\":\"search_term_string\"}}],\"inLanguage\":\"en-US\"}]}<\/script>\n<!-- \/ Yoast SEO plugin. -->","yoast_head_json":{"title":"Kinzigbrennerei - No 5 Select Single Barrel Whisky - Dramfolks Whisky Auction","robots":{"index":"index","follow":"follow","max-snippet":"max-snippet:-1","max-image-preview":"max-image-preview:large","max-video-preview":"max-video-preview:-1"},"canonical":"https:\/\/www.dramfolks-whisky-auction.com\/en\/product\/kinzigbrennerei-no-5-select-single-barrel-whisky\/","og_locale":"en_US","og_type":"article","og_title":"Kinzigbrennerei - No 5 Select Single Barrel Whisky - Dramfolks Whisky Auction","og_description":"Destille: Kinzigbrennerei Die Kinzigbrennerei liegt in Biberach im Herzen des Kinzigtals etwa 50 m neben dem Fluss \u201eKinzig\u201c. Darin begr\u00fcndet liegt der Ursprung des Namens \u201eKinzigbrennerei\u201c. Die eigene Bewirtschaftung der f\u00fcr den Schwarzwald so typischen Streuobstwiesen sowie der Ackerbau von Getreide, Kartoffeln und Topinamburknollen bilden die Grundlage f\u00fcr hochwertige Destillate. 2000 \u00fcbernahmen Tanja und Martin[...]","og_url":"https:\/\/www.dramfolks-whisky-auction.com\/en\/product\/kinzigbrennerei-no-5-select-single-barrel-whisky\/","og_site_name":"Dramfolks Whisky Auction","article_modified_time":"2023-07-03T15:05:18+00:00","og_image":[{"width":2048,"height":2560,"url":"https:\/\/www.dramfolks-whisky-auction.com\/wp-content\/uploads\/2023\/06\/Kinzig-No-5-vorne-scaled.jpg","type":"image\/jpeg"}],"twitter_card":"summary_large_image","twitter_misc":{"Est. reading time":"2 minutes"},"schema":{"@context":"https:\/\/schema.org","@graph":[{"@type":"WebPage","@id":"https:\/\/www.dramfolks-whisky-auction.com\/en\/product\/kinzigbrennerei-no-5-select-single-barrel-whisky\/","url":"https:\/\/www.dramfolks-whisky-auction.com\/en\/product\/kinzigbrennerei-no-5-select-single-barrel-whisky\/","name":"Kinzigbrennerei - No 5 Select Single Barrel Whisky - Dramfolks Whisky Auction","isPartOf":{"@id":"https:\/\/www.dramfolks-whisky-auction.com\/en\/#website"},"primaryImageOfPage":{"@id":"https:\/\/www.dramfolks-whisky-auction.com\/en\/product\/kinzigbrennerei-no-5-select-single-barrel-whisky\/#primaryimage"},"image":{"@id":"https:\/\/www.dramfolks-whisky-auction.com\/en\/product\/kinzigbrennerei-no-5-select-single-barrel-whisky\/#primaryimage"},"thumbnailUrl":"https:\/\/www.dramfolks-whisky-auction.com\/wp-content\/uploads\/2023\/06\/Kinzig-No-5-vorne-scaled.jpg","datePublished":"2023-06-24T14:03:13+00:00","dateModified":"2023-07-03T15:05:18+00:00","breadcrumb":{"@id":"https:\/\/www.dramfolks-whisky-auction.com\/en\/product\/kinzigbrennerei-no-5-select-single-barrel-whisky\/#breadcrumb"},"inLanguage":"en-US","potentialAction":[{"@type":"ReadAction","target":["https:\/\/www.dramfolks-whisky-auction.com\/en\/product\/kinzigbrennerei-no-5-select-single-barrel-whisky\/"]}]},{"@type":"ImageObject","inLanguage":"en-US","@id":"https:\/\/www.dramfolks-whisky-auction.com\/en\/product\/kinzigbrennerei-no-5-select-single-barrel-whisky\/#primaryimage","url":"https:\/\/www.dramfolks-whisky-auction.com\/wp-content\/uploads\/2023\/06\/Kinzig-No-5-vorne-scaled.jpg","contentUrl":"https:\/\/www.dramfolks-whisky-auction.com\/wp-content\/uploads\/2023\/06\/Kinzig-No-5-vorne-scaled.jpg","width":2048,"height":2560},{"@type":"BreadcrumbList","@id":"https:\/\/www.dramfolks-whisky-auction.com\/en\/product\/kinzigbrennerei-no-5-select-single-barrel-whisky\/#breadcrumb","itemListElement":[{"@type":"ListItem","position":1,"name":"Startseite","item":"https:\/\/www.dramfolks-whisky-auction.com\/en\/"},{"@type":"ListItem","position":2,"name":"Shop","item":"https:\/\/www.dramfolks-whisky-auction.com\/en\/shop\/"},{"@type":"ListItem","position":3,"name":"Kinzigbrennerei &#8211; No 5 Select Single Barrel Whisky"}]},{"@type":"WebSite","@id":"https:\/\/www.dramfolks-whisky-auction.com\/en\/#website","url":"https:\/\/www.dramfolks-whisky-auction.com\/en\/","name":"Dramfolks Whisky Auction","description":"","potentialAction":[{"@type":"SearchAction","target":{"@type":"EntryPoint","urlTemplate":"https:\/\/www.dramfolks-whisky-auction.com\/en\/?s={search_term_string}"},"query-input":{"@type":"PropertyValueSpecification","valueRequired":true,"valueName":"search_term_string"}}],"inLanguage":"en-US"}]}},"_links":{"self":[{"href":"https:\/\/www.dramfolks-whisky-auction.com\/en\/wp-json\/wp\/v2\/product\/3182","targetHints":{"allow":["GET"]}}],"collection":[{"href":"https:\/\/www.dramfolks-whisky-auction.com\/en\/wp-json\/wp\/v2\/product"}],"about":[{"href":"https:\/\/www.dramfolks-whisky-auction.com\/en\/wp-json\/wp\/v2\/types\/product"}],"replies":[{"embeddable":true,"href":"https:\/\/www.dramfolks-whisky-auction.com\/en\/wp-json\/wp\/v2\/comments?post=3182"}],"wp:featuredmedia":[{"embeddable":true,"href":"https:\/\/www.dramfolks-whisky-auction.com\/en\/wp-json\/wp\/v2\/media\/3183"}],"wp:attachment":[{"href":"https:\/\/www.dramfolks-whisky-auction.com\/en\/wp-json\/wp\/v2\/media?parent=3182"}],"wp:term":[{"taxonomy":"product_brand","embeddable":true,"href":"https:\/\/www.dramfolks-whisky-auction.com\/en\/wp-json\/wp\/v2\/product_brand?post=3182"},{"taxonomy":"product_cat","embeddable":true,"href":"https:\/\/www.dramfolks-whisky-auction.com\/en\/wp-json\/wp\/v2\/product_cat?post=3182"},{"taxonomy":"product_tag","embeddable":true,"href":"https:\/\/www.dramfolks-whisky-auction.com\/en\/wp-json\/wp\/v2\/product_tag?post=3182"}],"curies":[{"name":"wp","href":"https:\/\/api.w.org\/{rel}","templated":true}]}}