{"id":3177971,"date":"2025-04-03T16:16:49","date_gmt":"2025-04-03T14:16:49","guid":{"rendered":"https:\/\/www.dramfolks-whisky-auction.com\/?post_type=product&#038;p=3177971"},"modified":"2025-04-21T19:00:36","modified_gmt":"2025-04-21T17:00:36","slug":"slyrs-single-malt-whisky-classic-2","status":"publish","type":"product","link":"https:\/\/www.dramfolks-whisky-auction.com\/en\/product\/slyrs-single-malt-whisky-classic-2\/","title":{"rendered":"Slyrs &#8211; Single Malt Whisky Classic"},"content":{"rendered":"<p><strong>Destille: Slyrs<br \/>\n<\/strong>In den bayerischen Alpen am Schliersee liegt die Destillerie Lantenhammer, bekannt f\u00fcr hochwertige Edelbr\u00e4nde, die seit Generationen im Familienbesitz ist und heute von der Familie Stetter gef\u00fchrt wird.<br \/>\nBrau- und Destilliermeister Florian Stetter unternahm in den 90er Jahren eine Studienreise nach Schottland. Fasziniert von der Whiskyherstellung kam er mit der Vision nach Hause selbst Whisky in Bayern zu brennen. Seit 1999 wird nun am Schliersee Bavarian Single Malt Whisky destilliert.<\/p>\n<p><strong>Fun Fakt:<\/strong> Florian Stetter wettet nach seiner Schottlandreise mit seinen Kollegen um einen Kasten Wei\u00dfbier, dass man auch in Oberbayern erstklassigen Whisky brennen kann \u2013 und er gewinnt! Schon wenig sp\u00e4ter wird in der elterlichen Destillerie Lantenhammer Whisky gebrannt.<\/p>\n<p><strong>Whisky\/Whiskey: Single Malt Whisky Classic<br \/>\n<\/strong>Slyrs Classic ist der Nachfolger und die Weiterentwicklung des bekannten 3-j\u00e4hrigen Single Malts aus der Brennerei am Schliersee. Nun geht die Brennerei einen Schritt weiter und verzichtet auf die Angabe des Jahrgangs. Somit k\u00f6nnen im Classic 4 bis 6-j\u00e4hrige Malts miteinander verm\u00e4hlt werden. Die Abf\u00fcllung wird damit \u00e4lter, auch wenn es nicht auf dem Etikett steht. Zudem ausgestattet mit einem neuen Flaschen-Design. Der Classic hat einen milden und fruchtigen Geschmack und begeistert mit seiner eleganten S\u00fc\u00dfe, Aromen von Marzipan und Waln\u00fcssen sowie w\u00fcrzigen Zimtnoten im Abgang. Hergestellt aus 100% bayerischem Gerstenmalz und in Eichenf\u00e4ssern gereift.<\/p>\n<p><strong>Info Qualit\u00e4t der Flasche:<\/strong> Exzellent ohne Besch\u00e4digungen \/ <strong>F\u00fcllstand:<\/strong> Top shoulder<br \/>\n<strong>Info Qualit\u00e4t der Box: <\/strong>Exzellent ohne Besch\u00e4digungen<\/p>\n<p><strong>Wichtiger Hinweis:<\/strong> Die Bewertung der Flaschen und Boxen erfolgt nach \u201ebesten Wissen und Gewissen\u201c. dramfolks kann keine Gew\u00e4hrleistung f\u00fcr den Inhalt der Flaschen \u00fcbernehmen. Weitere Infos &amp; Hinweise finden Sie in unseren AGBs. Wir empfehlen Ihnen, vor der Abgabe von Geboten \u00fcber die Zoomfunktion eine Besichtigung \/ genaue Pr\u00fcfung des angebotenen Whiskys vorzunehmen. Bitte kontaktieren sie uns bei Fragen direkt unter info@dramfolks.com<\/p>\n","protected":false},"excerpt":{"rendered":"<p>Destille: Slyrs In den bayerischen Alpen am Schliersee liegt die Destillerie Lantenhammer, bekannt f\u00fcr hochwertige Edelbr\u00e4nde, die seit Generationen im Familienbesitz ist und heute von der Familie Stetter gef\u00fchrt wird. Brau- und Destilliermeister Florian Stetter unternahm in den 90er Jahren eine Studienreise nach Schottland. Fasziniert von der Whiskyherstellung kam er mit der Vision nach Hause[&#8230;]\n","protected":false},"featured_media":2061170,"comment_status":"closed","ping_status":"closed","template":"","meta":[],"product_brand":[],"product_cat":[1100],"product_tag":[],"class_list":{"0":"post-3177971","1":"product","2":"type-product","3":"status-publish","4":"has-post-thumbnail","6":"product_cat-no-17","8":"first","9":"instock","10":"shipping-taxable","11":"purchasable","12":"product-type-auction"},"yoast_head":"<!-- This site is optimized with the Yoast SEO plugin v27.4 - https:\/\/yoast.com\/product\/yoast-seo-wordpress\/ -->\n<title>Slyrs - Single Malt Whisky Classic - Dramfolks Whisky Auction<\/title>\n<meta name=\"robots\" content=\"index, follow, max-snippet:-1, max-image-preview:large, max-video-preview:-1\" \/>\n<link rel=\"canonical\" href=\"https:\/\/www.dramfolks-whisky-auction.com\/en\/product\/slyrs-single-malt-whisky-classic-2\/\" \/>\n<meta property=\"og:locale\" content=\"en_US\" \/>\n<meta property=\"og:type\" content=\"article\" \/>\n<meta property=\"og:title\" content=\"Slyrs - Single Malt Whisky Classic - Dramfolks Whisky Auction\" \/>\n<meta property=\"og:description\" content=\"Destille: Slyrs In den bayerischen Alpen am Schliersee liegt die Destillerie Lantenhammer, bekannt f\u00fcr hochwertige Edelbr\u00e4nde, die seit Generationen im Familienbesitz ist und heute von der Familie Stetter gef\u00fchrt wird. Brau- und Destilliermeister Florian Stetter unternahm in den 90er Jahren eine Studienreise nach Schottland. Fasziniert von der Whiskyherstellung kam er mit der Vision nach Hause[...]\" \/>\n<meta property=\"og:url\" content=\"https:\/\/www.dramfolks-whisky-auction.com\/en\/product\/slyrs-single-malt-whisky-classic-2\/\" \/>\n<meta property=\"og:site_name\" content=\"Dramfolks Whisky Auction\" \/>\n<meta property=\"article:modified_time\" content=\"2025-04-21T17:00:36+00:00\" \/>\n<meta property=\"og:image\" content=\"https:\/\/www.dramfolks-whisky-auction.com\/wp-content\/uploads\/2025\/02\/Slyrs-vorne.jpg\" \/>\n\t<meta property=\"og:image:width\" content=\"2510\" \/>\n\t<meta property=\"og:image:height\" content=\"2510\" \/>\n\t<meta property=\"og:image:type\" content=\"image\/jpeg\" \/>\n<meta name=\"twitter:card\" content=\"summary_large_image\" \/>\n<meta name=\"twitter:label1\" content=\"Est. reading time\" \/>\n\t<meta name=\"twitter:data1\" content=\"2 minutes\" \/>\n<script type=\"application\/ld+json\" class=\"yoast-schema-graph\">{\"@context\":\"https:\\\/\\\/schema.org\",\"@graph\":[{\"@type\":\"WebPage\",\"@id\":\"https:\\\/\\\/www.dramfolks-whisky-auction.com\\\/en\\\/product\\\/slyrs-single-malt-whisky-classic-2\\\/\",\"url\":\"https:\\\/\\\/www.dramfolks-whisky-auction.com\\\/en\\\/product\\\/slyrs-single-malt-whisky-classic-2\\\/\",\"name\":\"Slyrs - Single Malt Whisky Classic - Dramfolks Whisky Auction\",\"isPartOf\":{\"@id\":\"https:\\\/\\\/www.dramfolks-whisky-auction.com\\\/en\\\/#website\"},\"primaryImageOfPage\":{\"@id\":\"https:\\\/\\\/www.dramfolks-whisky-auction.com\\\/en\\\/product\\\/slyrs-single-malt-whisky-classic-2\\\/#primaryimage\"},\"image\":{\"@id\":\"https:\\\/\\\/www.dramfolks-whisky-auction.com\\\/en\\\/product\\\/slyrs-single-malt-whisky-classic-2\\\/#primaryimage\"},\"thumbnailUrl\":\"https:\\\/\\\/www.dramfolks-whisky-auction.com\\\/wp-content\\\/uploads\\\/2025\\\/02\\\/Slyrs-vorne.jpg\",\"datePublished\":\"2025-04-03T14:16:49+00:00\",\"dateModified\":\"2025-04-21T17:00:36+00:00\",\"breadcrumb\":{\"@id\":\"https:\\\/\\\/www.dramfolks-whisky-auction.com\\\/en\\\/product\\\/slyrs-single-malt-whisky-classic-2\\\/#breadcrumb\"},\"inLanguage\":\"en-US\",\"potentialAction\":[{\"@type\":\"ReadAction\",\"target\":[\"https:\\\/\\\/www.dramfolks-whisky-auction.com\\\/en\\\/product\\\/slyrs-single-malt-whisky-classic-2\\\/\"]}]},{\"@type\":\"ImageObject\",\"inLanguage\":\"en-US\",\"@id\":\"https:\\\/\\\/www.dramfolks-whisky-auction.com\\\/en\\\/product\\\/slyrs-single-malt-whisky-classic-2\\\/#primaryimage\",\"url\":\"https:\\\/\\\/www.dramfolks-whisky-auction.com\\\/wp-content\\\/uploads\\\/2025\\\/02\\\/Slyrs-vorne.jpg\",\"contentUrl\":\"https:\\\/\\\/www.dramfolks-whisky-auction.com\\\/wp-content\\\/uploads\\\/2025\\\/02\\\/Slyrs-vorne.jpg\",\"width\":2510,\"height\":2510},{\"@type\":\"BreadcrumbList\",\"@id\":\"https:\\\/\\\/www.dramfolks-whisky-auction.com\\\/en\\\/product\\\/slyrs-single-malt-whisky-classic-2\\\/#breadcrumb\",\"itemListElement\":[{\"@type\":\"ListItem\",\"position\":1,\"name\":\"Startseite\",\"item\":\"https:\\\/\\\/www.dramfolks-whisky-auction.com\\\/en\\\/\"},{\"@type\":\"ListItem\",\"position\":2,\"name\":\"Shop\",\"item\":\"https:\\\/\\\/www.dramfolks-whisky-auction.com\\\/en\\\/shop\\\/\"},{\"@type\":\"ListItem\",\"position\":3,\"name\":\"Slyrs &#8211; Single Malt Whisky Classic\"}]},{\"@type\":\"WebSite\",\"@id\":\"https:\\\/\\\/www.dramfolks-whisky-auction.com\\\/en\\\/#website\",\"url\":\"https:\\\/\\\/www.dramfolks-whisky-auction.com\\\/en\\\/\",\"name\":\"Dramfolks Whisky Auction\",\"description\":\"\",\"potentialAction\":[{\"@type\":\"SearchAction\",\"target\":{\"@type\":\"EntryPoint\",\"urlTemplate\":\"https:\\\/\\\/www.dramfolks-whisky-auction.com\\\/en\\\/?s={search_term_string}\"},\"query-input\":{\"@type\":\"PropertyValueSpecification\",\"valueRequired\":true,\"valueName\":\"search_term_string\"}}],\"inLanguage\":\"en-US\"}]}<\/script>\n<!-- \/ Yoast SEO plugin. -->","yoast_head_json":{"title":"Slyrs - Single Malt Whisky Classic - Dramfolks Whisky Auction","robots":{"index":"index","follow":"follow","max-snippet":"max-snippet:-1","max-image-preview":"max-image-preview:large","max-video-preview":"max-video-preview:-1"},"canonical":"https:\/\/www.dramfolks-whisky-auction.com\/en\/product\/slyrs-single-malt-whisky-classic-2\/","og_locale":"en_US","og_type":"article","og_title":"Slyrs - Single Malt Whisky Classic - Dramfolks Whisky Auction","og_description":"Destille: Slyrs In den bayerischen Alpen am Schliersee liegt die Destillerie Lantenhammer, bekannt f\u00fcr hochwertige Edelbr\u00e4nde, die seit Generationen im Familienbesitz ist und heute von der Familie Stetter gef\u00fchrt wird. Brau- und Destilliermeister Florian Stetter unternahm in den 90er Jahren eine Studienreise nach Schottland. Fasziniert von der Whiskyherstellung kam er mit der Vision nach Hause[...]","og_url":"https:\/\/www.dramfolks-whisky-auction.com\/en\/product\/slyrs-single-malt-whisky-classic-2\/","og_site_name":"Dramfolks Whisky Auction","article_modified_time":"2025-04-21T17:00:36+00:00","og_image":[{"width":2510,"height":2510,"url":"https:\/\/www.dramfolks-whisky-auction.com\/wp-content\/uploads\/2025\/02\/Slyrs-vorne.jpg","type":"image\/jpeg"}],"twitter_card":"summary_large_image","twitter_misc":{"Est. reading time":"2 minutes"},"schema":{"@context":"https:\/\/schema.org","@graph":[{"@type":"WebPage","@id":"https:\/\/www.dramfolks-whisky-auction.com\/en\/product\/slyrs-single-malt-whisky-classic-2\/","url":"https:\/\/www.dramfolks-whisky-auction.com\/en\/product\/slyrs-single-malt-whisky-classic-2\/","name":"Slyrs - Single Malt Whisky Classic - Dramfolks Whisky Auction","isPartOf":{"@id":"https:\/\/www.dramfolks-whisky-auction.com\/en\/#website"},"primaryImageOfPage":{"@id":"https:\/\/www.dramfolks-whisky-auction.com\/en\/product\/slyrs-single-malt-whisky-classic-2\/#primaryimage"},"image":{"@id":"https:\/\/www.dramfolks-whisky-auction.com\/en\/product\/slyrs-single-malt-whisky-classic-2\/#primaryimage"},"thumbnailUrl":"https:\/\/www.dramfolks-whisky-auction.com\/wp-content\/uploads\/2025\/02\/Slyrs-vorne.jpg","datePublished":"2025-04-03T14:16:49+00:00","dateModified":"2025-04-21T17:00:36+00:00","breadcrumb":{"@id":"https:\/\/www.dramfolks-whisky-auction.com\/en\/product\/slyrs-single-malt-whisky-classic-2\/#breadcrumb"},"inLanguage":"en-US","potentialAction":[{"@type":"ReadAction","target":["https:\/\/www.dramfolks-whisky-auction.com\/en\/product\/slyrs-single-malt-whisky-classic-2\/"]}]},{"@type":"ImageObject","inLanguage":"en-US","@id":"https:\/\/www.dramfolks-whisky-auction.com\/en\/product\/slyrs-single-malt-whisky-classic-2\/#primaryimage","url":"https:\/\/www.dramfolks-whisky-auction.com\/wp-content\/uploads\/2025\/02\/Slyrs-vorne.jpg","contentUrl":"https:\/\/www.dramfolks-whisky-auction.com\/wp-content\/uploads\/2025\/02\/Slyrs-vorne.jpg","width":2510,"height":2510},{"@type":"BreadcrumbList","@id":"https:\/\/www.dramfolks-whisky-auction.com\/en\/product\/slyrs-single-malt-whisky-classic-2\/#breadcrumb","itemListElement":[{"@type":"ListItem","position":1,"name":"Startseite","item":"https:\/\/www.dramfolks-whisky-auction.com\/en\/"},{"@type":"ListItem","position":2,"name":"Shop","item":"https:\/\/www.dramfolks-whisky-auction.com\/en\/shop\/"},{"@type":"ListItem","position":3,"name":"Slyrs &#8211; Single Malt Whisky Classic"}]},{"@type":"WebSite","@id":"https:\/\/www.dramfolks-whisky-auction.com\/en\/#website","url":"https:\/\/www.dramfolks-whisky-auction.com\/en\/","name":"Dramfolks Whisky Auction","description":"","potentialAction":[{"@type":"SearchAction","target":{"@type":"EntryPoint","urlTemplate":"https:\/\/www.dramfolks-whisky-auction.com\/en\/?s={search_term_string}"},"query-input":{"@type":"PropertyValueSpecification","valueRequired":true,"valueName":"search_term_string"}}],"inLanguage":"en-US"}]}},"_links":{"self":[{"href":"https:\/\/www.dramfolks-whisky-auction.com\/en\/wp-json\/wp\/v2\/product\/3177971","targetHints":{"allow":["GET"]}}],"collection":[{"href":"https:\/\/www.dramfolks-whisky-auction.com\/en\/wp-json\/wp\/v2\/product"}],"about":[{"href":"https:\/\/www.dramfolks-whisky-auction.com\/en\/wp-json\/wp\/v2\/types\/product"}],"replies":[{"embeddable":true,"href":"https:\/\/www.dramfolks-whisky-auction.com\/en\/wp-json\/wp\/v2\/comments?post=3177971"}],"wp:featuredmedia":[{"embeddable":true,"href":"https:\/\/www.dramfolks-whisky-auction.com\/en\/wp-json\/wp\/v2\/media\/2061170"}],"wp:attachment":[{"href":"https:\/\/www.dramfolks-whisky-auction.com\/en\/wp-json\/wp\/v2\/media?parent=3177971"}],"wp:term":[{"taxonomy":"product_brand","embeddable":true,"href":"https:\/\/www.dramfolks-whisky-auction.com\/en\/wp-json\/wp\/v2\/product_brand?post=3177971"},{"taxonomy":"product_cat","embeddable":true,"href":"https:\/\/www.dramfolks-whisky-auction.com\/en\/wp-json\/wp\/v2\/product_cat?post=3177971"},{"taxonomy":"product_tag","embeddable":true,"href":"https:\/\/www.dramfolks-whisky-auction.com\/en\/wp-json\/wp\/v2\/product_tag?post=3177971"}],"curies":[{"name":"wp","href":"https:\/\/api.w.org\/{rel}","templated":true}]}}