{"id":3144,"date":"2023-06-23T11:19:43","date_gmt":"2023-06-23T09:19:43","guid":{"rendered":"https:\/\/www.dramfolks-whisky-auction.com\/?post_type=product&#038;p=3144"},"modified":"2023-07-10T16:36:06","modified_gmt":"2023-07-10T14:36:06","slug":"waldbrand-destillerie-single-malt-8-jahre-port-cask","status":"publish","type":"product","link":"https:\/\/www.dramfolks-whisky-auction.com\/en\/product\/waldbrand-destillerie-single-malt-8-jahre-port-cask\/","title":{"rendered":"Waldbrand Destillerie &#8211; Single Malt 8 Jahre Port Cask"},"content":{"rendered":"<p><strong>Destille: Waldbrand Destillerie<br \/>\n<\/strong><\/p>\n<p>Die Destillerie liegt im sch\u00f6nen \u00d6rtchen Wald im Allg\u00e4u. Das Motto des Waldbrnad-Teams &#8211; &#8220;Unserer Passion geh\u00f6rt ganz dem Genuss!&#8221; Die Lagerung des Single Malt erfolgt in ausgew\u00e4hlten Eichenf\u00e4ssern mit eigener Vorgeschichte &#8211; mal reifte Brandy darin, mal Madeira oder auch Portwein. Das Ergebnis ist ein einzigartiger Genuss. Der unverwechselbare Geschmack spiegelt die von den Elementen geschaffene Landschaft des Allg\u00e4u wider: Urspr\u00fcnglich, tief und faszinierend. Sehr zu empfehlen ist eine Tour (Waldbrand Tour &#8220;New Make&#8221;) durch die sch\u00f6ne Destillerie und Lagerh\u00e4user.<\/p>\n<p><strong>Fun Fact: <\/strong>Im Jahre 2020 zur Corona-Krise produzierte die Waldbrand Destillerie ca. rund 740 Liter Desinfektionsmittel und verteilte dies mit verschiedenen Helfern an Praxen, Heime und Pflegedienste in und um Marktoberdorf. Um die damalige Versorgungsl\u00fccke zu schlie\u00dfen, stellte der Destillateur und Gesch\u00e4ftsf\u00fchrer der Waldbrand GmbH, Martin Mair, kurzerhand die laufende Produktion von hochwertigen Alkoholika auf Handdesinfektionsmittel um. Vorher wurde dies mit dem Zoll abgestimmt und das Rezept nach Anleitung der Weltgesundheitsorganisation WHO bestimmt. Das Team Waldbrand hat dies alles in nur 14 Tagen hinbekommen und umgesetzt.<\/p>\n<p><strong>Whisky\/Whiskey: Single Malt 8 Jahre Port Cask<br \/>\n<\/strong><\/p>\n<p>Alles beginnt mit einer Maische aus bestem Gerstenmalz und einer Komposition aus f\u00fcnf ausgesuchten Spezialmalzen. In offenen, eichenen G\u00e4rbottichen wird sie vergoren und in der Brennblase destilliert. Gelagert wird der Single Malt mit einer Fassst\u00e4rke von 63 Prozent wieder in Eichenf\u00e4ssern, von denen jedes seine eigene Vorgeschichte hat. Am Ende wird der Single Malt in Steinzeugflaschen abgef\u00fcllt &#8211; denn das einzigartige Aroma soll ja in der Flasche bleiben. Waldbrand beschreibt ihn wie folgt: Farbe: Heller Goldton, Geruch: Intensive s\u00fc\u00dflich florale Honigaromen, Vanille, Karamell, im Anklang grasig frisch mit waremen Holzt\u00f6nen. Assoziationen an ein D\u00f6rrobstbouquet klingen an, Geschmack: Feine, weiche, milde Honigs\u00fc\u00dfe, filigrane Vanille- und Malzt\u00f6ne, die mit einer vielschichtigen aber nachhaltig w\u00fcrzigen Holzaromatik mit pfeffrigen T\u00f6nen einhergehen<strong>, <\/strong>Abgang: Lang anhaltend, warm, herb und w\u00fcrzig mit Druck am Gaumen. Bei der angebotenen Flasche handelt es sich um Bottle-No. 2209292-1 aus Port Cask Fass No. 2!!!!<\/p>\n<p><strong>Info Qualit\u00e4t der Flasche:<\/strong> Exzellent ohne Besch\u00e4digungen \/ <strong>F\u00fcllstand:<\/strong> &#8211;<br \/>\n<strong>Info Qualit\u00e4t der Box:<\/strong> keine Box vorhanden<\/p>\n<p><strong>Wichtiger Hinweis: <\/strong>Die Bewertung der Flaschen und Boxen erfolgt nach \u201ebesten Wissen und Gewissen\u201c. dramfolks kann keine Gew\u00e4hrleistung f\u00fcr den Inhalt der Flaschen \u00fcbernehmen. Weitere Infos &amp; Hinweise finden Sie in unseren AGBs. Wir empfehlen Ihnen, vor der Abgabe von Geboten \u00fcber die Zoomfunktion eine Besichtigung \/ genaue Pr\u00fcfung des angebotenen Whiskys vorzunehmen. Bitte kontaktieren sie uns bei Fragen direkt unter info@dramfolks.com<\/p>\n","protected":false},"excerpt":{"rendered":"<p>Destille: Waldbrand Destillerie Die Destillerie liegt im sch\u00f6nen \u00d6rtchen Wald im Allg\u00e4u. Das Motto des Waldbrnad-Teams &#8211; &#8220;Unserer Passion geh\u00f6rt ganz dem Genuss!&#8221; Die Lagerung des Single Malt erfolgt in ausgew\u00e4hlten Eichenf\u00e4ssern mit eigener Vorgeschichte &#8211; mal reifte Brandy darin, mal Madeira oder auch Portwein. Das Ergebnis ist ein einzigartiger Genuss. Der unverwechselbare Geschmack spiegelt[&#8230;]\n","protected":false},"featured_media":3145,"comment_status":"closed","ping_status":"closed","template":"","meta":[],"product_brand":[],"product_cat":[413],"product_tag":[],"class_list":{"0":"post-3144","1":"product","2":"type-product","3":"status-publish","4":"has-post-thumbnail","6":"product_cat-no-5-special-auction","8":"first","9":"instock","10":"shipping-taxable","11":"purchasable","12":"product-type-auction"},"yoast_head":"<!-- This site is optimized with the Yoast SEO plugin v27.4 - https:\/\/yoast.com\/product\/yoast-seo-wordpress\/ -->\n<title>Waldbrand Destillerie - Single Malt 8 Jahre Port Cask - Dramfolks Whisky Auction<\/title>\n<meta name=\"robots\" content=\"index, follow, max-snippet:-1, max-image-preview:large, max-video-preview:-1\" \/>\n<link rel=\"canonical\" href=\"https:\/\/www.dramfolks-whisky-auction.com\/en\/product\/waldbrand-destillerie-single-malt-8-jahre-port-cask\/\" \/>\n<meta property=\"og:locale\" content=\"en_US\" \/>\n<meta property=\"og:type\" content=\"article\" \/>\n<meta property=\"og:title\" content=\"Waldbrand Destillerie - Single Malt 8 Jahre Port Cask - Dramfolks Whisky Auction\" \/>\n<meta property=\"og:description\" content=\"Destille: Waldbrand Destillerie Die Destillerie liegt im sch\u00f6nen \u00d6rtchen Wald im Allg\u00e4u. Das Motto des Waldbrnad-Teams &#8211; &#8220;Unserer Passion geh\u00f6rt ganz dem Genuss!&#8221; Die Lagerung des Single Malt erfolgt in ausgew\u00e4hlten Eichenf\u00e4ssern mit eigener Vorgeschichte &#8211; mal reifte Brandy darin, mal Madeira oder auch Portwein. Das Ergebnis ist ein einzigartiger Genuss. Der unverwechselbare Geschmack spiegelt[...]\" \/>\n<meta property=\"og:url\" content=\"https:\/\/www.dramfolks-whisky-auction.com\/en\/product\/waldbrand-destillerie-single-malt-8-jahre-port-cask\/\" \/>\n<meta property=\"og:site_name\" content=\"Dramfolks Whisky Auction\" \/>\n<meta property=\"article:modified_time\" content=\"2023-07-10T14:36:06+00:00\" \/>\n<meta property=\"og:image\" content=\"https:\/\/www.dramfolks-whisky-auction.com\/wp-content\/uploads\/2023\/06\/waldbrand-port-cask-II-vorne-scaled.jpg\" \/>\n\t<meta property=\"og:image:width\" content=\"2560\" \/>\n\t<meta property=\"og:image:height\" content=\"2560\" \/>\n\t<meta property=\"og:image:type\" content=\"image\/jpeg\" \/>\n<meta name=\"twitter:card\" content=\"summary_large_image\" \/>\n<meta name=\"twitter:label1\" content=\"Est. reading time\" \/>\n\t<meta name=\"twitter:data1\" content=\"3 minutes\" \/>\n<script type=\"application\/ld+json\" class=\"yoast-schema-graph\">{\"@context\":\"https:\\\/\\\/schema.org\",\"@graph\":[{\"@type\":\"WebPage\",\"@id\":\"https:\\\/\\\/www.dramfolks-whisky-auction.com\\\/en\\\/product\\\/waldbrand-destillerie-single-malt-8-jahre-port-cask\\\/\",\"url\":\"https:\\\/\\\/www.dramfolks-whisky-auction.com\\\/en\\\/product\\\/waldbrand-destillerie-single-malt-8-jahre-port-cask\\\/\",\"name\":\"Waldbrand Destillerie - Single Malt 8 Jahre Port Cask - Dramfolks Whisky Auction\",\"isPartOf\":{\"@id\":\"https:\\\/\\\/www.dramfolks-whisky-auction.com\\\/en\\\/#website\"},\"primaryImageOfPage\":{\"@id\":\"https:\\\/\\\/www.dramfolks-whisky-auction.com\\\/en\\\/product\\\/waldbrand-destillerie-single-malt-8-jahre-port-cask\\\/#primaryimage\"},\"image\":{\"@id\":\"https:\\\/\\\/www.dramfolks-whisky-auction.com\\\/en\\\/product\\\/waldbrand-destillerie-single-malt-8-jahre-port-cask\\\/#primaryimage\"},\"thumbnailUrl\":\"https:\\\/\\\/www.dramfolks-whisky-auction.com\\\/wp-content\\\/uploads\\\/2023\\\/06\\\/waldbrand-port-cask-II-vorne-scaled.jpg\",\"datePublished\":\"2023-06-23T09:19:43+00:00\",\"dateModified\":\"2023-07-10T14:36:06+00:00\",\"breadcrumb\":{\"@id\":\"https:\\\/\\\/www.dramfolks-whisky-auction.com\\\/en\\\/product\\\/waldbrand-destillerie-single-malt-8-jahre-port-cask\\\/#breadcrumb\"},\"inLanguage\":\"en-US\",\"potentialAction\":[{\"@type\":\"ReadAction\",\"target\":[\"https:\\\/\\\/www.dramfolks-whisky-auction.com\\\/en\\\/product\\\/waldbrand-destillerie-single-malt-8-jahre-port-cask\\\/\"]}]},{\"@type\":\"ImageObject\",\"inLanguage\":\"en-US\",\"@id\":\"https:\\\/\\\/www.dramfolks-whisky-auction.com\\\/en\\\/product\\\/waldbrand-destillerie-single-malt-8-jahre-port-cask\\\/#primaryimage\",\"url\":\"https:\\\/\\\/www.dramfolks-whisky-auction.com\\\/wp-content\\\/uploads\\\/2023\\\/06\\\/waldbrand-port-cask-II-vorne-scaled.jpg\",\"contentUrl\":\"https:\\\/\\\/www.dramfolks-whisky-auction.com\\\/wp-content\\\/uploads\\\/2023\\\/06\\\/waldbrand-port-cask-II-vorne-scaled.jpg\",\"width\":2560,\"height\":2560},{\"@type\":\"BreadcrumbList\",\"@id\":\"https:\\\/\\\/www.dramfolks-whisky-auction.com\\\/en\\\/product\\\/waldbrand-destillerie-single-malt-8-jahre-port-cask\\\/#breadcrumb\",\"itemListElement\":[{\"@type\":\"ListItem\",\"position\":1,\"name\":\"Startseite\",\"item\":\"https:\\\/\\\/www.dramfolks-whisky-auction.com\\\/en\\\/\"},{\"@type\":\"ListItem\",\"position\":2,\"name\":\"Shop\",\"item\":\"https:\\\/\\\/www.dramfolks-whisky-auction.com\\\/en\\\/shop\\\/\"},{\"@type\":\"ListItem\",\"position\":3,\"name\":\"Waldbrand Destillerie &#8211; Single Malt 8 Jahre Port Cask\"}]},{\"@type\":\"WebSite\",\"@id\":\"https:\\\/\\\/www.dramfolks-whisky-auction.com\\\/en\\\/#website\",\"url\":\"https:\\\/\\\/www.dramfolks-whisky-auction.com\\\/en\\\/\",\"name\":\"Dramfolks Whisky Auction\",\"description\":\"\",\"potentialAction\":[{\"@type\":\"SearchAction\",\"target\":{\"@type\":\"EntryPoint\",\"urlTemplate\":\"https:\\\/\\\/www.dramfolks-whisky-auction.com\\\/en\\\/?s={search_term_string}\"},\"query-input\":{\"@type\":\"PropertyValueSpecification\",\"valueRequired\":true,\"valueName\":\"search_term_string\"}}],\"inLanguage\":\"en-US\"}]}<\/script>\n<!-- \/ Yoast SEO plugin. -->","yoast_head_json":{"title":"Waldbrand Destillerie - Single Malt 8 Jahre Port Cask - Dramfolks Whisky Auction","robots":{"index":"index","follow":"follow","max-snippet":"max-snippet:-1","max-image-preview":"max-image-preview:large","max-video-preview":"max-video-preview:-1"},"canonical":"https:\/\/www.dramfolks-whisky-auction.com\/en\/product\/waldbrand-destillerie-single-malt-8-jahre-port-cask\/","og_locale":"en_US","og_type":"article","og_title":"Waldbrand Destillerie - Single Malt 8 Jahre Port Cask - Dramfolks Whisky Auction","og_description":"Destille: Waldbrand Destillerie Die Destillerie liegt im sch\u00f6nen \u00d6rtchen Wald im Allg\u00e4u. Das Motto des Waldbrnad-Teams &#8211; &#8220;Unserer Passion geh\u00f6rt ganz dem Genuss!&#8221; Die Lagerung des Single Malt erfolgt in ausgew\u00e4hlten Eichenf\u00e4ssern mit eigener Vorgeschichte &#8211; mal reifte Brandy darin, mal Madeira oder auch Portwein. Das Ergebnis ist ein einzigartiger Genuss. Der unverwechselbare Geschmack spiegelt[...]","og_url":"https:\/\/www.dramfolks-whisky-auction.com\/en\/product\/waldbrand-destillerie-single-malt-8-jahre-port-cask\/","og_site_name":"Dramfolks Whisky Auction","article_modified_time":"2023-07-10T14:36:06+00:00","og_image":[{"width":2560,"height":2560,"url":"https:\/\/www.dramfolks-whisky-auction.com\/wp-content\/uploads\/2023\/06\/waldbrand-port-cask-II-vorne-scaled.jpg","type":"image\/jpeg"}],"twitter_card":"summary_large_image","twitter_misc":{"Est. reading time":"3 minutes"},"schema":{"@context":"https:\/\/schema.org","@graph":[{"@type":"WebPage","@id":"https:\/\/www.dramfolks-whisky-auction.com\/en\/product\/waldbrand-destillerie-single-malt-8-jahre-port-cask\/","url":"https:\/\/www.dramfolks-whisky-auction.com\/en\/product\/waldbrand-destillerie-single-malt-8-jahre-port-cask\/","name":"Waldbrand Destillerie - Single Malt 8 Jahre Port Cask - Dramfolks Whisky Auction","isPartOf":{"@id":"https:\/\/www.dramfolks-whisky-auction.com\/en\/#website"},"primaryImageOfPage":{"@id":"https:\/\/www.dramfolks-whisky-auction.com\/en\/product\/waldbrand-destillerie-single-malt-8-jahre-port-cask\/#primaryimage"},"image":{"@id":"https:\/\/www.dramfolks-whisky-auction.com\/en\/product\/waldbrand-destillerie-single-malt-8-jahre-port-cask\/#primaryimage"},"thumbnailUrl":"https:\/\/www.dramfolks-whisky-auction.com\/wp-content\/uploads\/2023\/06\/waldbrand-port-cask-II-vorne-scaled.jpg","datePublished":"2023-06-23T09:19:43+00:00","dateModified":"2023-07-10T14:36:06+00:00","breadcrumb":{"@id":"https:\/\/www.dramfolks-whisky-auction.com\/en\/product\/waldbrand-destillerie-single-malt-8-jahre-port-cask\/#breadcrumb"},"inLanguage":"en-US","potentialAction":[{"@type":"ReadAction","target":["https:\/\/www.dramfolks-whisky-auction.com\/en\/product\/waldbrand-destillerie-single-malt-8-jahre-port-cask\/"]}]},{"@type":"ImageObject","inLanguage":"en-US","@id":"https:\/\/www.dramfolks-whisky-auction.com\/en\/product\/waldbrand-destillerie-single-malt-8-jahre-port-cask\/#primaryimage","url":"https:\/\/www.dramfolks-whisky-auction.com\/wp-content\/uploads\/2023\/06\/waldbrand-port-cask-II-vorne-scaled.jpg","contentUrl":"https:\/\/www.dramfolks-whisky-auction.com\/wp-content\/uploads\/2023\/06\/waldbrand-port-cask-II-vorne-scaled.jpg","width":2560,"height":2560},{"@type":"BreadcrumbList","@id":"https:\/\/www.dramfolks-whisky-auction.com\/en\/product\/waldbrand-destillerie-single-malt-8-jahre-port-cask\/#breadcrumb","itemListElement":[{"@type":"ListItem","position":1,"name":"Startseite","item":"https:\/\/www.dramfolks-whisky-auction.com\/en\/"},{"@type":"ListItem","position":2,"name":"Shop","item":"https:\/\/www.dramfolks-whisky-auction.com\/en\/shop\/"},{"@type":"ListItem","position":3,"name":"Waldbrand Destillerie &#8211; Single Malt 8 Jahre Port Cask"}]},{"@type":"WebSite","@id":"https:\/\/www.dramfolks-whisky-auction.com\/en\/#website","url":"https:\/\/www.dramfolks-whisky-auction.com\/en\/","name":"Dramfolks Whisky Auction","description":"","potentialAction":[{"@type":"SearchAction","target":{"@type":"EntryPoint","urlTemplate":"https:\/\/www.dramfolks-whisky-auction.com\/en\/?s={search_term_string}"},"query-input":{"@type":"PropertyValueSpecification","valueRequired":true,"valueName":"search_term_string"}}],"inLanguage":"en-US"}]}},"_links":{"self":[{"href":"https:\/\/www.dramfolks-whisky-auction.com\/en\/wp-json\/wp\/v2\/product\/3144","targetHints":{"allow":["GET"]}}],"collection":[{"href":"https:\/\/www.dramfolks-whisky-auction.com\/en\/wp-json\/wp\/v2\/product"}],"about":[{"href":"https:\/\/www.dramfolks-whisky-auction.com\/en\/wp-json\/wp\/v2\/types\/product"}],"replies":[{"embeddable":true,"href":"https:\/\/www.dramfolks-whisky-auction.com\/en\/wp-json\/wp\/v2\/comments?post=3144"}],"wp:featuredmedia":[{"embeddable":true,"href":"https:\/\/www.dramfolks-whisky-auction.com\/en\/wp-json\/wp\/v2\/media\/3145"}],"wp:attachment":[{"href":"https:\/\/www.dramfolks-whisky-auction.com\/en\/wp-json\/wp\/v2\/media?parent=3144"}],"wp:term":[{"taxonomy":"product_brand","embeddable":true,"href":"https:\/\/www.dramfolks-whisky-auction.com\/en\/wp-json\/wp\/v2\/product_brand?post=3144"},{"taxonomy":"product_cat","embeddable":true,"href":"https:\/\/www.dramfolks-whisky-auction.com\/en\/wp-json\/wp\/v2\/product_cat?post=3144"},{"taxonomy":"product_tag","embeddable":true,"href":"https:\/\/www.dramfolks-whisky-auction.com\/en\/wp-json\/wp\/v2\/product_tag?post=3144"}],"curies":[{"name":"wp","href":"https:\/\/api.w.org\/{rel}","templated":true}]}}