{"id":3094,"date":"2023-06-22T19:52:20","date_gmt":"2023-06-22T17:52:20","guid":{"rendered":"https:\/\/www.dramfolks-whisky-auction.com\/?post_type=product&#038;p=3094"},"modified":"2023-07-10T16:35:44","modified_gmt":"2023-07-10T14:35:44","slug":"waldbrand-destillerie-single-malt-24-monate-port-cask","status":"publish","type":"product","link":"https:\/\/www.dramfolks-whisky-auction.com\/en\/product\/waldbrand-destillerie-single-malt-24-monate-port-cask\/","title":{"rendered":"Waldbrand Destillerie &#8211; Single Malt 24 Monate Port Cask"},"content":{"rendered":"<p><strong>Destille: Waldbrand Destillerie<br \/>\n<\/strong><\/p>\n<p>Die Destillerie liegt im sch\u00f6nen \u00d6rtchen Wald im Allg\u00e4u. Das Motto des Waldbrnad-Teams &#8211; &#8220;Unserer Passion geh\u00f6rt ganz dem Genuss!&#8221; Die Lagerung des Single Malt erfolgt in ausgew\u00e4hlten Eichenf\u00e4ssern mit eigener Vorgeschichte &#8211; mal reifte Brandy darin, mal Madeira oder auch Portwein. Das Ergebnis ist ein einzigartiger Genuss. Der unverwechselbare Geschmack spiegelt die von den Elementen geschaffene Landschaft des Allg\u00e4u wider: Urspr\u00fcnglich, tief und faszinierend. Sehr zu empfehlen ist eine Tour (Waldbrand Tour &#8220;New Make&#8221;) durch die sch\u00f6ne Destillerie und Lagerh\u00e4user.<\/p>\n<p><strong>Fun Fact: <\/strong>Im Jahre 2020 zur Corona-Krise produzierte die Waldbrand Destillerie ca. rund 740 Liter Desinfektionsmittel und verteilte dies mit verschiedenen Helfern an Praxen, Heime und Pflegedienste in und um Marktoberdorf. Um die damalige Versorgungsl\u00fccke zu schlie\u00dfen, stellte der Destillateur und Gesch\u00e4ftsf\u00fchrer der Waldbrand GmbH, Martin Mair, kurzerhand die laufende Produktion von hochwertigen Alkoholika auf Handdesinfektionsmittel um. Vorher wurde dies mit dem Zoll abgestimmt und das Rezept nach Anleitung der Weltgesundheitsorganisation WHO bestimmt. Das Team Waldbrand hat dies alles in nur 14 Tagen hinbekommen und umgesetzt.<\/p>\n<p><strong>Whisky\/Whiskey: <span class=\"breadcrumbEntry\">Single Malt 24 Monate Port Cask<\/span><br \/>\n<\/strong><\/p>\n<p>Alles beginnt mit einer Maische aus bestem Gerstenmalz und einer Komposition aus f\u00fcnf ausgesuchten Spezialmalzen. In offenen, eichenen G\u00e4rbottichen wird sie vergoren und in der Brennblase destilliert. Gelagert wird der Single Malt mit einer Fassst\u00e4rke von 63 Prozent wieder in Eichenf\u00e4ssern, von denen jedes seine eigene Vorgeschichte hat. Am Ende wird der Single Malt in Steinzeugflaschen abgef\u00fcllt &#8211; denn das einzigartige Aroma soll ja in der Flasche bleiben. Waldbrand beschreibt ihn wie folgt: Farbe: Bernstein, klar, frei von Tr\u00fcbungen, Geruch: Vanille gepaart mit Honig, ein weiches Zusammenspiel von nussiger Malzigkeit und Tanninen, Nuancen von D\u00f6rrobst, im Anklang w\u00fcrzig, leicht krautige Aromen, grasig, voll volumin\u00f6s, Geschmack: Weiche Malzt\u00f6ne gepaart mit Fassaromen, im Ansatz fruchtig und leicht w\u00fcrzig, leichte Honignoten, Druck am Gaumen, D\u00f6rrobst, Malzs\u00fc\u00dfe nachhaltig, etwas kr\u00e4uterig und herb<strong>, <\/strong>Abgang: Sehr lang und dicht, mild und weich \u2013 sehr schmeichelnd! Bei der angebotenen Flasche handelt es sich um Bottle-No. 1909102-1 aus Port Cask Fass No. 87.<\/p>\n<p><strong>Info Qualit\u00e4t der Flasche:<\/strong> Exzellent ohne Besch\u00e4digungen \/ <strong>F\u00fcllstand:<\/strong> &#8211;<br \/>\n<strong>Info Qualit\u00e4t der Box:<\/strong> keine Box vorhanden<\/p>\n<p><strong>Wichtiger Hinweis: <\/strong>Die Bewertung der Flaschen und Boxen erfolgt nach \u201ebesten Wissen und Gewissen\u201c. dramfolks kann keine Gew\u00e4hrleistung f\u00fcr den Inhalt der Flaschen \u00fcbernehmen. Weitere Infos &amp; Hinweise finden Sie in unseren AGBs. Wir empfehlen Ihnen, vor der Abgabe von Geboten \u00fcber die Zoomfunktion eine Besichtigung \/ genaue Pr\u00fcfung des angebotenen Whiskys vorzunehmen. Bitte kontaktieren sie uns bei Fragen direkt unter info@dramfolks.com<\/p>\n","protected":false},"excerpt":{"rendered":"<p>Destille: Waldbrand Destillerie Die Destillerie liegt im sch\u00f6nen \u00d6rtchen Wald im Allg\u00e4u. Das Motto des Waldbrnad-Teams &#8211; &#8220;Unserer Passion geh\u00f6rt ganz dem Genuss!&#8221; Die Lagerung des Single Malt erfolgt in ausgew\u00e4hlten Eichenf\u00e4ssern mit eigener Vorgeschichte &#8211; mal reifte Brandy darin, mal Madeira oder auch Portwein. Das Ergebnis ist ein einzigartiger Genuss. Der unverwechselbare Geschmack spiegelt[&#8230;]\n","protected":false},"featured_media":3138,"comment_status":"closed","ping_status":"closed","template":"","meta":[],"product_brand":[],"product_cat":[413],"product_tag":[],"class_list":{"0":"post-3094","1":"product","2":"type-product","3":"status-publish","4":"has-post-thumbnail","6":"product_cat-no-5-special-auction","8":"first","9":"instock","10":"shipping-taxable","11":"purchasable","12":"product-type-auction"},"yoast_head":"<!-- This site is optimized with the Yoast SEO plugin v27.4 - https:\/\/yoast.com\/product\/yoast-seo-wordpress\/ -->\n<title>Waldbrand Destillerie - Single Malt 24 Monate Port Cask - Dramfolks Whisky Auction<\/title>\n<meta name=\"robots\" content=\"index, follow, max-snippet:-1, max-image-preview:large, max-video-preview:-1\" \/>\n<link rel=\"canonical\" href=\"https:\/\/www.dramfolks-whisky-auction.com\/en\/product\/waldbrand-destillerie-single-malt-24-monate-port-cask\/\" \/>\n<meta property=\"og:locale\" content=\"en_US\" \/>\n<meta property=\"og:type\" content=\"article\" \/>\n<meta property=\"og:title\" content=\"Waldbrand Destillerie - Single Malt 24 Monate Port Cask - Dramfolks Whisky Auction\" \/>\n<meta property=\"og:description\" content=\"Destille: Waldbrand Destillerie Die Destillerie liegt im sch\u00f6nen \u00d6rtchen Wald im Allg\u00e4u. Das Motto des Waldbrnad-Teams &#8211; &#8220;Unserer Passion geh\u00f6rt ganz dem Genuss!&#8221; Die Lagerung des Single Malt erfolgt in ausgew\u00e4hlten Eichenf\u00e4ssern mit eigener Vorgeschichte &#8211; mal reifte Brandy darin, mal Madeira oder auch Portwein. Das Ergebnis ist ein einzigartiger Genuss. Der unverwechselbare Geschmack spiegelt[...]\" \/>\n<meta property=\"og:url\" content=\"https:\/\/www.dramfolks-whisky-auction.com\/en\/product\/waldbrand-destillerie-single-malt-24-monate-port-cask\/\" \/>\n<meta property=\"og:site_name\" content=\"Dramfolks Whisky Auction\" \/>\n<meta property=\"article:modified_time\" content=\"2023-07-10T14:35:44+00:00\" \/>\n<meta property=\"og:image\" content=\"https:\/\/www.dramfolks-whisky-auction.com\/wp-content\/uploads\/2023\/06\/waldbrand-vorne-scaled.jpg\" \/>\n\t<meta property=\"og:image:width\" content=\"2560\" \/>\n\t<meta property=\"og:image:height\" content=\"2560\" \/>\n\t<meta property=\"og:image:type\" content=\"image\/jpeg\" \/>\n<meta name=\"twitter:card\" content=\"summary_large_image\" \/>\n<meta name=\"twitter:label1\" content=\"Est. reading time\" \/>\n\t<meta name=\"twitter:data1\" content=\"3 minutes\" \/>\n<script type=\"application\/ld+json\" class=\"yoast-schema-graph\">{\"@context\":\"https:\\\/\\\/schema.org\",\"@graph\":[{\"@type\":\"WebPage\",\"@id\":\"https:\\\/\\\/www.dramfolks-whisky-auction.com\\\/en\\\/product\\\/waldbrand-destillerie-single-malt-24-monate-port-cask\\\/\",\"url\":\"https:\\\/\\\/www.dramfolks-whisky-auction.com\\\/en\\\/product\\\/waldbrand-destillerie-single-malt-24-monate-port-cask\\\/\",\"name\":\"Waldbrand Destillerie - Single Malt 24 Monate Port Cask - Dramfolks Whisky Auction\",\"isPartOf\":{\"@id\":\"https:\\\/\\\/www.dramfolks-whisky-auction.com\\\/en\\\/#website\"},\"primaryImageOfPage\":{\"@id\":\"https:\\\/\\\/www.dramfolks-whisky-auction.com\\\/en\\\/product\\\/waldbrand-destillerie-single-malt-24-monate-port-cask\\\/#primaryimage\"},\"image\":{\"@id\":\"https:\\\/\\\/www.dramfolks-whisky-auction.com\\\/en\\\/product\\\/waldbrand-destillerie-single-malt-24-monate-port-cask\\\/#primaryimage\"},\"thumbnailUrl\":\"https:\\\/\\\/www.dramfolks-whisky-auction.com\\\/wp-content\\\/uploads\\\/2023\\\/06\\\/waldbrand-vorne-scaled.jpg\",\"datePublished\":\"2023-06-22T17:52:20+00:00\",\"dateModified\":\"2023-07-10T14:35:44+00:00\",\"breadcrumb\":{\"@id\":\"https:\\\/\\\/www.dramfolks-whisky-auction.com\\\/en\\\/product\\\/waldbrand-destillerie-single-malt-24-monate-port-cask\\\/#breadcrumb\"},\"inLanguage\":\"en-US\",\"potentialAction\":[{\"@type\":\"ReadAction\",\"target\":[\"https:\\\/\\\/www.dramfolks-whisky-auction.com\\\/en\\\/product\\\/waldbrand-destillerie-single-malt-24-monate-port-cask\\\/\"]}]},{\"@type\":\"ImageObject\",\"inLanguage\":\"en-US\",\"@id\":\"https:\\\/\\\/www.dramfolks-whisky-auction.com\\\/en\\\/product\\\/waldbrand-destillerie-single-malt-24-monate-port-cask\\\/#primaryimage\",\"url\":\"https:\\\/\\\/www.dramfolks-whisky-auction.com\\\/wp-content\\\/uploads\\\/2023\\\/06\\\/waldbrand-vorne-scaled.jpg\",\"contentUrl\":\"https:\\\/\\\/www.dramfolks-whisky-auction.com\\\/wp-content\\\/uploads\\\/2023\\\/06\\\/waldbrand-vorne-scaled.jpg\",\"width\":2560,\"height\":2560},{\"@type\":\"BreadcrumbList\",\"@id\":\"https:\\\/\\\/www.dramfolks-whisky-auction.com\\\/en\\\/product\\\/waldbrand-destillerie-single-malt-24-monate-port-cask\\\/#breadcrumb\",\"itemListElement\":[{\"@type\":\"ListItem\",\"position\":1,\"name\":\"Startseite\",\"item\":\"https:\\\/\\\/www.dramfolks-whisky-auction.com\\\/en\\\/\"},{\"@type\":\"ListItem\",\"position\":2,\"name\":\"Shop\",\"item\":\"https:\\\/\\\/www.dramfolks-whisky-auction.com\\\/en\\\/shop\\\/\"},{\"@type\":\"ListItem\",\"position\":3,\"name\":\"Waldbrand Destillerie &#8211; Single Malt 24 Monate Port Cask\"}]},{\"@type\":\"WebSite\",\"@id\":\"https:\\\/\\\/www.dramfolks-whisky-auction.com\\\/en\\\/#website\",\"url\":\"https:\\\/\\\/www.dramfolks-whisky-auction.com\\\/en\\\/\",\"name\":\"Dramfolks Whisky Auction\",\"description\":\"\",\"potentialAction\":[{\"@type\":\"SearchAction\",\"target\":{\"@type\":\"EntryPoint\",\"urlTemplate\":\"https:\\\/\\\/www.dramfolks-whisky-auction.com\\\/en\\\/?s={search_term_string}\"},\"query-input\":{\"@type\":\"PropertyValueSpecification\",\"valueRequired\":true,\"valueName\":\"search_term_string\"}}],\"inLanguage\":\"en-US\"}]}<\/script>\n<!-- \/ Yoast SEO plugin. -->","yoast_head_json":{"title":"Waldbrand Destillerie - Single Malt 24 Monate Port Cask - Dramfolks Whisky Auction","robots":{"index":"index","follow":"follow","max-snippet":"max-snippet:-1","max-image-preview":"max-image-preview:large","max-video-preview":"max-video-preview:-1"},"canonical":"https:\/\/www.dramfolks-whisky-auction.com\/en\/product\/waldbrand-destillerie-single-malt-24-monate-port-cask\/","og_locale":"en_US","og_type":"article","og_title":"Waldbrand Destillerie - Single Malt 24 Monate Port Cask - Dramfolks Whisky Auction","og_description":"Destille: Waldbrand Destillerie Die Destillerie liegt im sch\u00f6nen \u00d6rtchen Wald im Allg\u00e4u. Das Motto des Waldbrnad-Teams &#8211; &#8220;Unserer Passion geh\u00f6rt ganz dem Genuss!&#8221; Die Lagerung des Single Malt erfolgt in ausgew\u00e4hlten Eichenf\u00e4ssern mit eigener Vorgeschichte &#8211; mal reifte Brandy darin, mal Madeira oder auch Portwein. Das Ergebnis ist ein einzigartiger Genuss. Der unverwechselbare Geschmack spiegelt[...]","og_url":"https:\/\/www.dramfolks-whisky-auction.com\/en\/product\/waldbrand-destillerie-single-malt-24-monate-port-cask\/","og_site_name":"Dramfolks Whisky Auction","article_modified_time":"2023-07-10T14:35:44+00:00","og_image":[{"width":2560,"height":2560,"url":"https:\/\/www.dramfolks-whisky-auction.com\/wp-content\/uploads\/2023\/06\/waldbrand-vorne-scaled.jpg","type":"image\/jpeg"}],"twitter_card":"summary_large_image","twitter_misc":{"Est. reading time":"3 minutes"},"schema":{"@context":"https:\/\/schema.org","@graph":[{"@type":"WebPage","@id":"https:\/\/www.dramfolks-whisky-auction.com\/en\/product\/waldbrand-destillerie-single-malt-24-monate-port-cask\/","url":"https:\/\/www.dramfolks-whisky-auction.com\/en\/product\/waldbrand-destillerie-single-malt-24-monate-port-cask\/","name":"Waldbrand Destillerie - Single Malt 24 Monate Port Cask - Dramfolks Whisky Auction","isPartOf":{"@id":"https:\/\/www.dramfolks-whisky-auction.com\/en\/#website"},"primaryImageOfPage":{"@id":"https:\/\/www.dramfolks-whisky-auction.com\/en\/product\/waldbrand-destillerie-single-malt-24-monate-port-cask\/#primaryimage"},"image":{"@id":"https:\/\/www.dramfolks-whisky-auction.com\/en\/product\/waldbrand-destillerie-single-malt-24-monate-port-cask\/#primaryimage"},"thumbnailUrl":"https:\/\/www.dramfolks-whisky-auction.com\/wp-content\/uploads\/2023\/06\/waldbrand-vorne-scaled.jpg","datePublished":"2023-06-22T17:52:20+00:00","dateModified":"2023-07-10T14:35:44+00:00","breadcrumb":{"@id":"https:\/\/www.dramfolks-whisky-auction.com\/en\/product\/waldbrand-destillerie-single-malt-24-monate-port-cask\/#breadcrumb"},"inLanguage":"en-US","potentialAction":[{"@type":"ReadAction","target":["https:\/\/www.dramfolks-whisky-auction.com\/en\/product\/waldbrand-destillerie-single-malt-24-monate-port-cask\/"]}]},{"@type":"ImageObject","inLanguage":"en-US","@id":"https:\/\/www.dramfolks-whisky-auction.com\/en\/product\/waldbrand-destillerie-single-malt-24-monate-port-cask\/#primaryimage","url":"https:\/\/www.dramfolks-whisky-auction.com\/wp-content\/uploads\/2023\/06\/waldbrand-vorne-scaled.jpg","contentUrl":"https:\/\/www.dramfolks-whisky-auction.com\/wp-content\/uploads\/2023\/06\/waldbrand-vorne-scaled.jpg","width":2560,"height":2560},{"@type":"BreadcrumbList","@id":"https:\/\/www.dramfolks-whisky-auction.com\/en\/product\/waldbrand-destillerie-single-malt-24-monate-port-cask\/#breadcrumb","itemListElement":[{"@type":"ListItem","position":1,"name":"Startseite","item":"https:\/\/www.dramfolks-whisky-auction.com\/en\/"},{"@type":"ListItem","position":2,"name":"Shop","item":"https:\/\/www.dramfolks-whisky-auction.com\/en\/shop\/"},{"@type":"ListItem","position":3,"name":"Waldbrand Destillerie &#8211; Single Malt 24 Monate Port Cask"}]},{"@type":"WebSite","@id":"https:\/\/www.dramfolks-whisky-auction.com\/en\/#website","url":"https:\/\/www.dramfolks-whisky-auction.com\/en\/","name":"Dramfolks Whisky Auction","description":"","potentialAction":[{"@type":"SearchAction","target":{"@type":"EntryPoint","urlTemplate":"https:\/\/www.dramfolks-whisky-auction.com\/en\/?s={search_term_string}"},"query-input":{"@type":"PropertyValueSpecification","valueRequired":true,"valueName":"search_term_string"}}],"inLanguage":"en-US"}]}},"_links":{"self":[{"href":"https:\/\/www.dramfolks-whisky-auction.com\/en\/wp-json\/wp\/v2\/product\/3094","targetHints":{"allow":["GET"]}}],"collection":[{"href":"https:\/\/www.dramfolks-whisky-auction.com\/en\/wp-json\/wp\/v2\/product"}],"about":[{"href":"https:\/\/www.dramfolks-whisky-auction.com\/en\/wp-json\/wp\/v2\/types\/product"}],"replies":[{"embeddable":true,"href":"https:\/\/www.dramfolks-whisky-auction.com\/en\/wp-json\/wp\/v2\/comments?post=3094"}],"wp:featuredmedia":[{"embeddable":true,"href":"https:\/\/www.dramfolks-whisky-auction.com\/en\/wp-json\/wp\/v2\/media\/3138"}],"wp:attachment":[{"href":"https:\/\/www.dramfolks-whisky-auction.com\/en\/wp-json\/wp\/v2\/media?parent=3094"}],"wp:term":[{"taxonomy":"product_brand","embeddable":true,"href":"https:\/\/www.dramfolks-whisky-auction.com\/en\/wp-json\/wp\/v2\/product_brand?post=3094"},{"taxonomy":"product_cat","embeddable":true,"href":"https:\/\/www.dramfolks-whisky-auction.com\/en\/wp-json\/wp\/v2\/product_cat?post=3094"},{"taxonomy":"product_tag","embeddable":true,"href":"https:\/\/www.dramfolks-whisky-auction.com\/en\/wp-json\/wp\/v2\/product_tag?post=3094"}],"curies":[{"name":"wp","href":"https:\/\/api.w.org\/{rel}","templated":true}]}}