{"id":3073,"date":"2023-06-22T16:25:37","date_gmt":"2023-06-22T14:25:37","guid":{"rendered":"https:\/\/www.dramfolks-whisky-auction.com\/?post_type=product&#038;p=3073"},"modified":"2023-07-05T21:29:28","modified_gmt":"2023-07-05T19:29:28","slug":"spreewood-distillers-stork-club-straight-rye-whisky-batch-1","status":"publish","type":"product","link":"https:\/\/www.dramfolks-whisky-auction.com\/en\/product\/spreewood-distillers-stork-club-straight-rye-whisky-batch-1\/","title":{"rendered":"Spreewood Distillers &#8211; Stork Club Straight Rye Whisky Batch 1"},"content":{"rendered":"<p><strong>Destille: Spreewood Distillers<br \/>\n<\/strong><\/p>\n<p>Hinter Spreewood Distillers bzw. dem STORK CLUB stehen drei in der Spirituosenindustrie nicht ganz unbekannte Personen. Sebastian Brack, Steffen Lohr und Bastian Heuser (mehr zu den Jungs in den Fun Facts weiter unten). Im malerischen Dorf Schlepzig befindet sich die STORK CLUB Whiskey-Destillerie. Seit 2004 werden dort pr\u00e4mierte Whisk(e)ys von h\u00f6chster Qualit\u00e4t gebrannt und gereift. 2010 wurde der Whisky erstmals international durch Jim Murray`s Whisky Bible mit 94 Punkten pr\u00e4miert. Ende 2015 wurde die Destillerie von Steffen Lohr, Sebastian Brack und Bastian Heuser \u00fcbernommen und zu Deutschlands erster Roggen-Whiskey-Destillerie transformiert.<br \/>\nWer auf der Homepage der drei Whiskyliebhaber landet, der kommt \u00fcber ein tolles Statement nicht hinweg&#8230; &#8220;Wir waren auf der Suche nach einem Whiskey-Fass und kamen mit der ganzen Destillerie nach Hause zur\u00fcck.&#8221; Super erkl\u00e4rt und die Stork Club Geschichte in 100 Sekunden zusammengefasst auf der Homepage unter <a href=\"https:\/\/shop.stork-club-whiskey.com\/\" target=\"_blank\" rel=\"noopener noreferrer\">https:\/\/shop.stork-club-whiskey.com\/<\/a> Absolut sehenswert&#8230;<br \/>\nAu\u00dferdem passen sie super zu dramfolks, weil auch hier eine gro\u00dfe Aufmerksamkeit auf das Thema Nachhaltigkeit gelegt wird. Ziel ist es bis 2024 ein komplett klimaneutraler Betrieb zu werden. Wir dr\u00fccken euch die Daumen&#8230;<\/p>\n<p><strong>Fun Fact No.1: <\/strong>Neue Finanzierungswege&#8230; Stork Club hat 2021 erfolgreich eine Investitionsrunde bei Startnext gestartet und abgeschlossen. \u00dcber 120.000 Euro wurden damals durch &#8220;Spenden&#8221; eingesammelt um die Destillerie weiter voran zu bringen&#8230; Und dramfolks hat damals mitgemacht \ud83d\ude09<br \/>\n<strong>Fun Fact No.2: <\/strong>Die drei Storks&#8230; Steffen Lohr ist ein ehemaliger Bartender (u.a. \u00bbDer Raum\u00ab, Melbourne) und Markenbotschafter f\u00fcr Bacardi.<br \/>\nSebastian Brack ist der Erfinder der erfolgreichen Bitterlimonadenmarke \u00bbThomas Henry\u00ab und Mitgr\u00fcnder von \u00bbBelsazar\u00ab Vermouth.<br \/>\nBastian Heuser ist ein ehemaliger Bartender und einer der Mitgr\u00fcnder des \u00bbBar Convent Berlin\u00ab, der europ\u00e4ischen Leitmesse f\u00fcr die Bar- und Getr\u00e4nkeindustrie.<\/p>\n<p><strong>Whisky\/Whiskey: Stork Club Straight Rye Whisky Batch 1<br \/>\n<\/strong><\/p>\n<p>Der Name \u201eStork Club\u201c \u2013 Club der St\u00f6rche \u2013 war immer inspiriert von einem verschworenen Trupp von ca. 300 St\u00f6rchen, die jedes Jahr aufs Neue zu den Jungs in den Spreewald kommen, um dort zu nisten. Diese lockere und gleichzeitig treue und lebenslange Verbundenheit und eine verschworene Gemeinschaft von Individuen hat den Ausschlag gegeben, 2021 einen Stork Members Club zu gr\u00fcnden. Alle Infos findet ihr unter folgenden Link <a href=\"https:\/\/shop.stork-club-whiskey.com\/pages\/members-club\" target=\"_blank\" rel=\"noopener noreferrer\">https:\/\/shop.stork-club-whiskey.com\/pages\/members-club<\/a><br \/>\nF\u00fcr 99 Euro im Jahr bekommt ihr hier u.a. 2 Nosing Gl\u00e4ser mit Stork Club Logo, Rye Whiskey Miniaturen und Zugang zu 4 exklusiven Member Events.<br \/>\nHergestellt aus 100 % deutschem Roggen und gereift in individuell f\u00fcr den Stork Club getoasteten F\u00e4ssern aus amerikanischer und deutscher Napoleon-Eiche, bietet dieser Whisky ein unverwechselbares Aroma von Karamell und Gew\u00fcrzen, dunkler Schokolade mit einem Hauch von Espresso und der typischen Pfeffernote von Roggen. Es handelt sich hier um Batch 1 und Lot-Nr.: 2461.<\/p>\n<p><strong>Info Qualit\u00e4t der Flasche:<\/strong> Exzellent ohne Besch\u00e4digungen \/ <strong>F\u00fcllstand:<\/strong> Into neck<br \/>\n<strong>Info Qualit\u00e4t der Box:<\/strong> keine Box vorhanden<\/p>\n<p><strong>Wichtiger Hinweis: <\/strong>Die Bewertung der Flaschen und Boxen erfolgt nach \u201ebesten Wissen und Gewissen\u201c. dramfolks kann keine Gew\u00e4hrleistung f\u00fcr den Inhalt der Flaschen \u00fcbernehmen. Weitere Infos &amp; Hinweise finden Sie in unseren AGBs. Wir empfehlen Ihnen, vor der Abgabe von Geboten \u00fcber die Zoomfunktion eine Besichtigung \/ genaue Pr\u00fcfung des angebotenen Whiskys vorzunehmen. Bitte kontaktieren sie uns bei Fragen direkt unter info@dramfolks.com<\/p>\n","protected":false},"excerpt":{"rendered":"<p>Destille: Spreewood Distillers Hinter Spreewood Distillers bzw. dem STORK CLUB stehen drei in der Spirituosenindustrie nicht ganz unbekannte Personen. Sebastian Brack, Steffen Lohr und Bastian Heuser (mehr zu den Jungs in den Fun Facts weiter unten). Im malerischen Dorf Schlepzig befindet sich die STORK CLUB Whiskey-Destillerie. Seit 2004 werden dort pr\u00e4mierte Whisk(e)ys von h\u00f6chster Qualit\u00e4t[&#8230;]\n","protected":false},"featured_media":3074,"comment_status":"closed","ping_status":"closed","template":"","meta":[],"product_brand":[],"product_cat":[413],"product_tag":[],"class_list":{"0":"post-3073","1":"product","2":"type-product","3":"status-publish","4":"has-post-thumbnail","6":"product_cat-no-5-special-auction","8":"first","9":"instock","10":"shipping-taxable","11":"purchasable","12":"product-type-auction"},"yoast_head":"<!-- This site is optimized with the Yoast SEO plugin v27.4 - https:\/\/yoast.com\/product\/yoast-seo-wordpress\/ -->\n<title>Spreewood Distillers - Stork Club Straight Rye Whisky Batch 1 - Dramfolks Whisky Auction<\/title>\n<meta name=\"robots\" content=\"index, follow, max-snippet:-1, max-image-preview:large, max-video-preview:-1\" \/>\n<link rel=\"canonical\" href=\"https:\/\/www.dramfolks-whisky-auction.com\/en\/product\/spreewood-distillers-stork-club-straight-rye-whisky-batch-1\/\" \/>\n<meta property=\"og:locale\" content=\"en_US\" \/>\n<meta property=\"og:type\" content=\"article\" \/>\n<meta property=\"og:title\" content=\"Spreewood Distillers - Stork Club Straight Rye Whisky Batch 1 - Dramfolks Whisky Auction\" \/>\n<meta property=\"og:description\" content=\"Destille: Spreewood Distillers Hinter Spreewood Distillers bzw. dem STORK CLUB stehen drei in der Spirituosenindustrie nicht ganz unbekannte Personen. Sebastian Brack, Steffen Lohr und Bastian Heuser (mehr zu den Jungs in den Fun Facts weiter unten). Im malerischen Dorf Schlepzig befindet sich die STORK CLUB Whiskey-Destillerie. Seit 2004 werden dort pr\u00e4mierte Whisk(e)ys von h\u00f6chster Qualit\u00e4t[...]\" \/>\n<meta property=\"og:url\" content=\"https:\/\/www.dramfolks-whisky-auction.com\/en\/product\/spreewood-distillers-stork-club-straight-rye-whisky-batch-1\/\" \/>\n<meta property=\"og:site_name\" content=\"Dramfolks Whisky Auction\" \/>\n<meta property=\"article:modified_time\" content=\"2023-07-05T19:29:28+00:00\" \/>\n<meta property=\"og:image\" content=\"https:\/\/www.dramfolks-whisky-auction.com\/wp-content\/uploads\/2023\/06\/stork-christian-vorne-scaled.jpg\" \/>\n\t<meta property=\"og:image:width\" content=\"2560\" \/>\n\t<meta property=\"og:image:height\" content=\"2560\" \/>\n\t<meta property=\"og:image:type\" content=\"image\/jpeg\" \/>\n<meta name=\"twitter:card\" content=\"summary_large_image\" \/>\n<meta name=\"twitter:label1\" content=\"Est. reading time\" \/>\n\t<meta name=\"twitter:data1\" content=\"3 minutes\" \/>\n<script type=\"application\/ld+json\" class=\"yoast-schema-graph\">{\"@context\":\"https:\\\/\\\/schema.org\",\"@graph\":[{\"@type\":\"WebPage\",\"@id\":\"https:\\\/\\\/www.dramfolks-whisky-auction.com\\\/en\\\/product\\\/spreewood-distillers-stork-club-straight-rye-whisky-batch-1\\\/\",\"url\":\"https:\\\/\\\/www.dramfolks-whisky-auction.com\\\/en\\\/product\\\/spreewood-distillers-stork-club-straight-rye-whisky-batch-1\\\/\",\"name\":\"Spreewood Distillers - Stork Club Straight Rye Whisky Batch 1 - Dramfolks Whisky Auction\",\"isPartOf\":{\"@id\":\"https:\\\/\\\/www.dramfolks-whisky-auction.com\\\/en\\\/#website\"},\"primaryImageOfPage\":{\"@id\":\"https:\\\/\\\/www.dramfolks-whisky-auction.com\\\/en\\\/product\\\/spreewood-distillers-stork-club-straight-rye-whisky-batch-1\\\/#primaryimage\"},\"image\":{\"@id\":\"https:\\\/\\\/www.dramfolks-whisky-auction.com\\\/en\\\/product\\\/spreewood-distillers-stork-club-straight-rye-whisky-batch-1\\\/#primaryimage\"},\"thumbnailUrl\":\"https:\\\/\\\/www.dramfolks-whisky-auction.com\\\/wp-content\\\/uploads\\\/2023\\\/06\\\/stork-christian-vorne-scaled.jpg\",\"datePublished\":\"2023-06-22T14:25:37+00:00\",\"dateModified\":\"2023-07-05T19:29:28+00:00\",\"breadcrumb\":{\"@id\":\"https:\\\/\\\/www.dramfolks-whisky-auction.com\\\/en\\\/product\\\/spreewood-distillers-stork-club-straight-rye-whisky-batch-1\\\/#breadcrumb\"},\"inLanguage\":\"en-US\",\"potentialAction\":[{\"@type\":\"ReadAction\",\"target\":[\"https:\\\/\\\/www.dramfolks-whisky-auction.com\\\/en\\\/product\\\/spreewood-distillers-stork-club-straight-rye-whisky-batch-1\\\/\"]}]},{\"@type\":\"ImageObject\",\"inLanguage\":\"en-US\",\"@id\":\"https:\\\/\\\/www.dramfolks-whisky-auction.com\\\/en\\\/product\\\/spreewood-distillers-stork-club-straight-rye-whisky-batch-1\\\/#primaryimage\",\"url\":\"https:\\\/\\\/www.dramfolks-whisky-auction.com\\\/wp-content\\\/uploads\\\/2023\\\/06\\\/stork-christian-vorne-scaled.jpg\",\"contentUrl\":\"https:\\\/\\\/www.dramfolks-whisky-auction.com\\\/wp-content\\\/uploads\\\/2023\\\/06\\\/stork-christian-vorne-scaled.jpg\",\"width\":2560,\"height\":2560},{\"@type\":\"BreadcrumbList\",\"@id\":\"https:\\\/\\\/www.dramfolks-whisky-auction.com\\\/en\\\/product\\\/spreewood-distillers-stork-club-straight-rye-whisky-batch-1\\\/#breadcrumb\",\"itemListElement\":[{\"@type\":\"ListItem\",\"position\":1,\"name\":\"Startseite\",\"item\":\"https:\\\/\\\/www.dramfolks-whisky-auction.com\\\/en\\\/\"},{\"@type\":\"ListItem\",\"position\":2,\"name\":\"Shop\",\"item\":\"https:\\\/\\\/www.dramfolks-whisky-auction.com\\\/en\\\/shop\\\/\"},{\"@type\":\"ListItem\",\"position\":3,\"name\":\"Spreewood Distillers &#8211; Stork Club Straight Rye Whisky Batch 1\"}]},{\"@type\":\"WebSite\",\"@id\":\"https:\\\/\\\/www.dramfolks-whisky-auction.com\\\/en\\\/#website\",\"url\":\"https:\\\/\\\/www.dramfolks-whisky-auction.com\\\/en\\\/\",\"name\":\"Dramfolks Whisky Auction\",\"description\":\"\",\"potentialAction\":[{\"@type\":\"SearchAction\",\"target\":{\"@type\":\"EntryPoint\",\"urlTemplate\":\"https:\\\/\\\/www.dramfolks-whisky-auction.com\\\/en\\\/?s={search_term_string}\"},\"query-input\":{\"@type\":\"PropertyValueSpecification\",\"valueRequired\":true,\"valueName\":\"search_term_string\"}}],\"inLanguage\":\"en-US\"}]}<\/script>\n<!-- \/ Yoast SEO plugin. -->","yoast_head_json":{"title":"Spreewood Distillers - Stork Club Straight Rye Whisky Batch 1 - Dramfolks Whisky Auction","robots":{"index":"index","follow":"follow","max-snippet":"max-snippet:-1","max-image-preview":"max-image-preview:large","max-video-preview":"max-video-preview:-1"},"canonical":"https:\/\/www.dramfolks-whisky-auction.com\/en\/product\/spreewood-distillers-stork-club-straight-rye-whisky-batch-1\/","og_locale":"en_US","og_type":"article","og_title":"Spreewood Distillers - Stork Club Straight Rye Whisky Batch 1 - Dramfolks Whisky Auction","og_description":"Destille: Spreewood Distillers Hinter Spreewood Distillers bzw. dem STORK CLUB stehen drei in der Spirituosenindustrie nicht ganz unbekannte Personen. Sebastian Brack, Steffen Lohr und Bastian Heuser (mehr zu den Jungs in den Fun Facts weiter unten). Im malerischen Dorf Schlepzig befindet sich die STORK CLUB Whiskey-Destillerie. Seit 2004 werden dort pr\u00e4mierte Whisk(e)ys von h\u00f6chster Qualit\u00e4t[...]","og_url":"https:\/\/www.dramfolks-whisky-auction.com\/en\/product\/spreewood-distillers-stork-club-straight-rye-whisky-batch-1\/","og_site_name":"Dramfolks Whisky Auction","article_modified_time":"2023-07-05T19:29:28+00:00","og_image":[{"width":2560,"height":2560,"url":"https:\/\/www.dramfolks-whisky-auction.com\/wp-content\/uploads\/2023\/06\/stork-christian-vorne-scaled.jpg","type":"image\/jpeg"}],"twitter_card":"summary_large_image","twitter_misc":{"Est. reading time":"3 minutes"},"schema":{"@context":"https:\/\/schema.org","@graph":[{"@type":"WebPage","@id":"https:\/\/www.dramfolks-whisky-auction.com\/en\/product\/spreewood-distillers-stork-club-straight-rye-whisky-batch-1\/","url":"https:\/\/www.dramfolks-whisky-auction.com\/en\/product\/spreewood-distillers-stork-club-straight-rye-whisky-batch-1\/","name":"Spreewood Distillers - Stork Club Straight Rye Whisky Batch 1 - Dramfolks Whisky Auction","isPartOf":{"@id":"https:\/\/www.dramfolks-whisky-auction.com\/en\/#website"},"primaryImageOfPage":{"@id":"https:\/\/www.dramfolks-whisky-auction.com\/en\/product\/spreewood-distillers-stork-club-straight-rye-whisky-batch-1\/#primaryimage"},"image":{"@id":"https:\/\/www.dramfolks-whisky-auction.com\/en\/product\/spreewood-distillers-stork-club-straight-rye-whisky-batch-1\/#primaryimage"},"thumbnailUrl":"https:\/\/www.dramfolks-whisky-auction.com\/wp-content\/uploads\/2023\/06\/stork-christian-vorne-scaled.jpg","datePublished":"2023-06-22T14:25:37+00:00","dateModified":"2023-07-05T19:29:28+00:00","breadcrumb":{"@id":"https:\/\/www.dramfolks-whisky-auction.com\/en\/product\/spreewood-distillers-stork-club-straight-rye-whisky-batch-1\/#breadcrumb"},"inLanguage":"en-US","potentialAction":[{"@type":"ReadAction","target":["https:\/\/www.dramfolks-whisky-auction.com\/en\/product\/spreewood-distillers-stork-club-straight-rye-whisky-batch-1\/"]}]},{"@type":"ImageObject","inLanguage":"en-US","@id":"https:\/\/www.dramfolks-whisky-auction.com\/en\/product\/spreewood-distillers-stork-club-straight-rye-whisky-batch-1\/#primaryimage","url":"https:\/\/www.dramfolks-whisky-auction.com\/wp-content\/uploads\/2023\/06\/stork-christian-vorne-scaled.jpg","contentUrl":"https:\/\/www.dramfolks-whisky-auction.com\/wp-content\/uploads\/2023\/06\/stork-christian-vorne-scaled.jpg","width":2560,"height":2560},{"@type":"BreadcrumbList","@id":"https:\/\/www.dramfolks-whisky-auction.com\/en\/product\/spreewood-distillers-stork-club-straight-rye-whisky-batch-1\/#breadcrumb","itemListElement":[{"@type":"ListItem","position":1,"name":"Startseite","item":"https:\/\/www.dramfolks-whisky-auction.com\/en\/"},{"@type":"ListItem","position":2,"name":"Shop","item":"https:\/\/www.dramfolks-whisky-auction.com\/en\/shop\/"},{"@type":"ListItem","position":3,"name":"Spreewood Distillers &#8211; Stork Club Straight Rye Whisky Batch 1"}]},{"@type":"WebSite","@id":"https:\/\/www.dramfolks-whisky-auction.com\/en\/#website","url":"https:\/\/www.dramfolks-whisky-auction.com\/en\/","name":"Dramfolks Whisky Auction","description":"","potentialAction":[{"@type":"SearchAction","target":{"@type":"EntryPoint","urlTemplate":"https:\/\/www.dramfolks-whisky-auction.com\/en\/?s={search_term_string}"},"query-input":{"@type":"PropertyValueSpecification","valueRequired":true,"valueName":"search_term_string"}}],"inLanguage":"en-US"}]}},"_links":{"self":[{"href":"https:\/\/www.dramfolks-whisky-auction.com\/en\/wp-json\/wp\/v2\/product\/3073","targetHints":{"allow":["GET"]}}],"collection":[{"href":"https:\/\/www.dramfolks-whisky-auction.com\/en\/wp-json\/wp\/v2\/product"}],"about":[{"href":"https:\/\/www.dramfolks-whisky-auction.com\/en\/wp-json\/wp\/v2\/types\/product"}],"replies":[{"embeddable":true,"href":"https:\/\/www.dramfolks-whisky-auction.com\/en\/wp-json\/wp\/v2\/comments?post=3073"}],"wp:featuredmedia":[{"embeddable":true,"href":"https:\/\/www.dramfolks-whisky-auction.com\/en\/wp-json\/wp\/v2\/media\/3074"}],"wp:attachment":[{"href":"https:\/\/www.dramfolks-whisky-auction.com\/en\/wp-json\/wp\/v2\/media?parent=3073"}],"wp:term":[{"taxonomy":"product_brand","embeddable":true,"href":"https:\/\/www.dramfolks-whisky-auction.com\/en\/wp-json\/wp\/v2\/product_brand?post=3073"},{"taxonomy":"product_cat","embeddable":true,"href":"https:\/\/www.dramfolks-whisky-auction.com\/en\/wp-json\/wp\/v2\/product_cat?post=3073"},{"taxonomy":"product_tag","embeddable":true,"href":"https:\/\/www.dramfolks-whisky-auction.com\/en\/wp-json\/wp\/v2\/product_tag?post=3073"}],"curies":[{"name":"wp","href":"https:\/\/api.w.org\/{rel}","templated":true}]}}