{"id":3066,"date":"2023-06-22T16:15:28","date_gmt":"2023-06-22T14:15:28","guid":{"rendered":"https:\/\/www.dramfolks-whisky-auction.com\/?post_type=product&#038;p=3066"},"modified":"2023-07-03T21:39:20","modified_gmt":"2023-07-03T19:39:20","slug":"st-kilian-signature-edition-one","status":"publish","type":"product","link":"https:\/\/www.dramfolks-whisky-auction.com\/en\/product\/st-kilian-signature-edition-one\/","title":{"rendered":"St. Kilian &#8211; Signature Edition One"},"content":{"rendered":"<p><strong>Destille: St. Kilian<br \/>\n<\/strong>St. Kilian ist eine deutsche Single Malt Destillerie in Unterfranken, die ab 2012 nach original schottischem Vorbild und unter Anleitung von Master Distiller David F. Hynes aus Irland aufgebaut wurde. Im Gedenken an den heiligen Kilian, der den Gerstenbrand im 8. Jahrhundert aus Irland nach W\u00fcrzburg brachte, verliehen sie ihrer <span class=\"tx-datamintslossaryextension-no-replacement\">Brennerei<\/span> den Namen St. Kilian.<\/p>\n<p><strong>Fun Fakt:<\/strong> Am St. Patricks Day 2016 wurde die erste Abf\u00fcllung des St. Kilians in Ex-American-Bourbon-F\u00e4ssern mit 30 Litern Inhalt vorgenommen. Die ersten 760 Flaschen St. Kilian German Single Malt Whisky wurden nach genau drei Jahren Reifeprozess ab dem 12. Mai 2019 ausgeliefert. Es gab auch nur die 760 Flaschen. Der Grund hierf\u00fcr war einfach aber sehr abwegig &#8230; Zu diesem Zeitpunkt hatte R\u00fcdenau (St. Kilians ist hier ans\u00e4ssig) insgesamt &#8220;nur&#8221; 760 Einwohner.<\/p>\n<p><strong>Whisky\/Whiskey: Signature Edition &#8211; One<br \/>\n<\/strong><\/p>\n<p>Mittlerweile \u00fcber 370 verschiedene Fassarten, total verr\u00fcckte \u201cVorab-Belegungen\u201d und ausgefallene Holzarten aus der ganzen Welt \u2013 das sind die besten Voraussetzungen f\u00fcr weitere spannende St. Kilian Single Malts und f\u00fcr ihre limitieren Sonderabf\u00fcllungen. Erst reifen die Ideen im Kopf ihres Master Distillers und Blenders Mario Rudolf, dann wird experimentiert und probiert und am Ende entstehen die einzigartigen Whiskys. Die besondere Herausforderung ist unter anderem die jeweilige Kombination bei der Fassbelegung \u2013 hier stellen sich die Fragen: Passt DIESES spezielle Fass zu genau DEM Spirit? Wie in diesem Fall&#8230; Die Signature Edition tr\u00e4gt die Handschrift exzellenter F\u00e4sser aus der ganzen Welt: Im Fall des \u201eOne\u201c ehemalige Bourbon-, Rum-, PX-Sherry- und Kastanienf\u00e4sser sowie Ex-Bourbon-Quarter-Casks. Destilliert wurde er in Pot-Still-Brennblasen aus Kupfer, eigens angefertigt in Schottland. Eure Chance auf einen Whisky aus der Signature Edition Serie von St. Kilian! Es handelt sich um die Flasche mit der Los Nummer 190508 &#8211; Abf\u00fcllung limitiert auf 18.500 Flaschen.<\/p>\n<p><strong>Info Qualit\u00e4t der Flasche:<\/strong> Exzellent ohne Besch\u00e4digungen \/ <strong>F\u00fcllstand:<\/strong> High fill<br \/>\n<strong>Info Qualit\u00e4t der Box:<\/strong> Exzellent ohne Besch\u00e4digungen<\/p>\n<p><strong>Wichtiger Hinweis:<\/strong> Die Bewertung der Flaschen und Boxen erfolgt nach \u201ebesten Wissen und Gewissen\u201c. dramfolks kann keine Gew\u00e4hrleistung f\u00fcr den Inhalt der Flaschen \u00fcbernehmen. Weitere Infos &amp; Hinweise finden Sie in unseren AGBs. Wir empfehlen Ihnen, vor der Abgabe von Geboten \u00fcber die Zoomfunktion eine Besichtigung \/ genaue Pr\u00fcfung des angebotenen Whiskys vorzunehmen. Bitte kontaktieren sie uns bei Fragen direkt unter info@dramfolks.com<\/p>\n","protected":false},"excerpt":{"rendered":"<p>Destille: St. Kilian St. Kilian ist eine deutsche Single Malt Destillerie in Unterfranken, die ab 2012 nach original schottischem Vorbild und unter Anleitung von Master Distiller David F. Hynes aus Irland aufgebaut wurde. Im Gedenken an den heiligen Kilian, der den Gerstenbrand im 8. Jahrhundert aus Irland nach W\u00fcrzburg brachte, verliehen sie ihrer Brennerei den[&#8230;]\n","protected":false},"featured_media":3067,"comment_status":"closed","ping_status":"closed","template":"","meta":[],"product_brand":[],"product_cat":[413],"product_tag":[],"class_list":{"0":"post-3066","1":"product","2":"type-product","3":"status-publish","4":"has-post-thumbnail","6":"product_cat-no-5-special-auction","8":"first","9":"instock","10":"shipping-taxable","11":"purchasable","12":"product-type-auction"},"yoast_head":"<!-- This site is optimized with the Yoast SEO plugin v27.4 - https:\/\/yoast.com\/product\/yoast-seo-wordpress\/ -->\n<title>St. Kilian - Signature Edition One - Dramfolks Whisky Auction<\/title>\n<meta name=\"robots\" content=\"index, follow, max-snippet:-1, max-image-preview:large, max-video-preview:-1\" \/>\n<link rel=\"canonical\" href=\"https:\/\/www.dramfolks-whisky-auction.com\/en\/product\/st-kilian-signature-edition-one\/\" \/>\n<meta property=\"og:locale\" content=\"en_US\" \/>\n<meta property=\"og:type\" content=\"article\" \/>\n<meta property=\"og:title\" content=\"St. Kilian - Signature Edition One - Dramfolks Whisky Auction\" \/>\n<meta property=\"og:description\" content=\"Destille: St. Kilian St. Kilian ist eine deutsche Single Malt Destillerie in Unterfranken, die ab 2012 nach original schottischem Vorbild und unter Anleitung von Master Distiller David F. Hynes aus Irland aufgebaut wurde. Im Gedenken an den heiligen Kilian, der den Gerstenbrand im 8. Jahrhundert aus Irland nach W\u00fcrzburg brachte, verliehen sie ihrer Brennerei den[...]\" \/>\n<meta property=\"og:url\" content=\"https:\/\/www.dramfolks-whisky-auction.com\/en\/product\/st-kilian-signature-edition-one\/\" \/>\n<meta property=\"og:site_name\" content=\"Dramfolks Whisky Auction\" \/>\n<meta property=\"article:modified_time\" content=\"2023-07-03T19:39:20+00:00\" \/>\n<meta property=\"og:image\" content=\"https:\/\/www.dramfolks-whisky-auction.com\/wp-content\/uploads\/2023\/06\/st.kilian-christian-vorne-scaled.jpg\" \/>\n\t<meta property=\"og:image:width\" content=\"2560\" \/>\n\t<meta property=\"og:image:height\" content=\"2560\" \/>\n\t<meta property=\"og:image:type\" content=\"image\/jpeg\" \/>\n<meta name=\"twitter:card\" content=\"summary_large_image\" \/>\n<meta name=\"twitter:label1\" content=\"Est. reading time\" \/>\n\t<meta name=\"twitter:data1\" content=\"3 minutes\" \/>\n<script type=\"application\/ld+json\" class=\"yoast-schema-graph\">{\"@context\":\"https:\\\/\\\/schema.org\",\"@graph\":[{\"@type\":\"WebPage\",\"@id\":\"https:\\\/\\\/www.dramfolks-whisky-auction.com\\\/en\\\/product\\\/st-kilian-signature-edition-one\\\/\",\"url\":\"https:\\\/\\\/www.dramfolks-whisky-auction.com\\\/en\\\/product\\\/st-kilian-signature-edition-one\\\/\",\"name\":\"St. Kilian - Signature Edition One - Dramfolks Whisky Auction\",\"isPartOf\":{\"@id\":\"https:\\\/\\\/www.dramfolks-whisky-auction.com\\\/en\\\/#website\"},\"primaryImageOfPage\":{\"@id\":\"https:\\\/\\\/www.dramfolks-whisky-auction.com\\\/en\\\/product\\\/st-kilian-signature-edition-one\\\/#primaryimage\"},\"image\":{\"@id\":\"https:\\\/\\\/www.dramfolks-whisky-auction.com\\\/en\\\/product\\\/st-kilian-signature-edition-one\\\/#primaryimage\"},\"thumbnailUrl\":\"https:\\\/\\\/www.dramfolks-whisky-auction.com\\\/wp-content\\\/uploads\\\/2023\\\/06\\\/st.kilian-christian-vorne-scaled.jpg\",\"datePublished\":\"2023-06-22T14:15:28+00:00\",\"dateModified\":\"2023-07-03T19:39:20+00:00\",\"breadcrumb\":{\"@id\":\"https:\\\/\\\/www.dramfolks-whisky-auction.com\\\/en\\\/product\\\/st-kilian-signature-edition-one\\\/#breadcrumb\"},\"inLanguage\":\"en-US\",\"potentialAction\":[{\"@type\":\"ReadAction\",\"target\":[\"https:\\\/\\\/www.dramfolks-whisky-auction.com\\\/en\\\/product\\\/st-kilian-signature-edition-one\\\/\"]}]},{\"@type\":\"ImageObject\",\"inLanguage\":\"en-US\",\"@id\":\"https:\\\/\\\/www.dramfolks-whisky-auction.com\\\/en\\\/product\\\/st-kilian-signature-edition-one\\\/#primaryimage\",\"url\":\"https:\\\/\\\/www.dramfolks-whisky-auction.com\\\/wp-content\\\/uploads\\\/2023\\\/06\\\/st.kilian-christian-vorne-scaled.jpg\",\"contentUrl\":\"https:\\\/\\\/www.dramfolks-whisky-auction.com\\\/wp-content\\\/uploads\\\/2023\\\/06\\\/st.kilian-christian-vorne-scaled.jpg\",\"width\":2560,\"height\":2560},{\"@type\":\"BreadcrumbList\",\"@id\":\"https:\\\/\\\/www.dramfolks-whisky-auction.com\\\/en\\\/product\\\/st-kilian-signature-edition-one\\\/#breadcrumb\",\"itemListElement\":[{\"@type\":\"ListItem\",\"position\":1,\"name\":\"Startseite\",\"item\":\"https:\\\/\\\/www.dramfolks-whisky-auction.com\\\/en\\\/\"},{\"@type\":\"ListItem\",\"position\":2,\"name\":\"Shop\",\"item\":\"https:\\\/\\\/www.dramfolks-whisky-auction.com\\\/en\\\/shop\\\/\"},{\"@type\":\"ListItem\",\"position\":3,\"name\":\"St. Kilian &#8211; Signature Edition One\"}]},{\"@type\":\"WebSite\",\"@id\":\"https:\\\/\\\/www.dramfolks-whisky-auction.com\\\/en\\\/#website\",\"url\":\"https:\\\/\\\/www.dramfolks-whisky-auction.com\\\/en\\\/\",\"name\":\"Dramfolks Whisky Auction\",\"description\":\"\",\"potentialAction\":[{\"@type\":\"SearchAction\",\"target\":{\"@type\":\"EntryPoint\",\"urlTemplate\":\"https:\\\/\\\/www.dramfolks-whisky-auction.com\\\/en\\\/?s={search_term_string}\"},\"query-input\":{\"@type\":\"PropertyValueSpecification\",\"valueRequired\":true,\"valueName\":\"search_term_string\"}}],\"inLanguage\":\"en-US\"}]}<\/script>\n<!-- \/ Yoast SEO plugin. -->","yoast_head_json":{"title":"St. Kilian - Signature Edition One - Dramfolks Whisky Auction","robots":{"index":"index","follow":"follow","max-snippet":"max-snippet:-1","max-image-preview":"max-image-preview:large","max-video-preview":"max-video-preview:-1"},"canonical":"https:\/\/www.dramfolks-whisky-auction.com\/en\/product\/st-kilian-signature-edition-one\/","og_locale":"en_US","og_type":"article","og_title":"St. Kilian - Signature Edition One - Dramfolks Whisky Auction","og_description":"Destille: St. Kilian St. Kilian ist eine deutsche Single Malt Destillerie in Unterfranken, die ab 2012 nach original schottischem Vorbild und unter Anleitung von Master Distiller David F. Hynes aus Irland aufgebaut wurde. Im Gedenken an den heiligen Kilian, der den Gerstenbrand im 8. Jahrhundert aus Irland nach W\u00fcrzburg brachte, verliehen sie ihrer Brennerei den[...]","og_url":"https:\/\/www.dramfolks-whisky-auction.com\/en\/product\/st-kilian-signature-edition-one\/","og_site_name":"Dramfolks Whisky Auction","article_modified_time":"2023-07-03T19:39:20+00:00","og_image":[{"width":2560,"height":2560,"url":"https:\/\/www.dramfolks-whisky-auction.com\/wp-content\/uploads\/2023\/06\/st.kilian-christian-vorne-scaled.jpg","type":"image\/jpeg"}],"twitter_card":"summary_large_image","twitter_misc":{"Est. reading time":"3 minutes"},"schema":{"@context":"https:\/\/schema.org","@graph":[{"@type":"WebPage","@id":"https:\/\/www.dramfolks-whisky-auction.com\/en\/product\/st-kilian-signature-edition-one\/","url":"https:\/\/www.dramfolks-whisky-auction.com\/en\/product\/st-kilian-signature-edition-one\/","name":"St. Kilian - Signature Edition One - Dramfolks Whisky Auction","isPartOf":{"@id":"https:\/\/www.dramfolks-whisky-auction.com\/en\/#website"},"primaryImageOfPage":{"@id":"https:\/\/www.dramfolks-whisky-auction.com\/en\/product\/st-kilian-signature-edition-one\/#primaryimage"},"image":{"@id":"https:\/\/www.dramfolks-whisky-auction.com\/en\/product\/st-kilian-signature-edition-one\/#primaryimage"},"thumbnailUrl":"https:\/\/www.dramfolks-whisky-auction.com\/wp-content\/uploads\/2023\/06\/st.kilian-christian-vorne-scaled.jpg","datePublished":"2023-06-22T14:15:28+00:00","dateModified":"2023-07-03T19:39:20+00:00","breadcrumb":{"@id":"https:\/\/www.dramfolks-whisky-auction.com\/en\/product\/st-kilian-signature-edition-one\/#breadcrumb"},"inLanguage":"en-US","potentialAction":[{"@type":"ReadAction","target":["https:\/\/www.dramfolks-whisky-auction.com\/en\/product\/st-kilian-signature-edition-one\/"]}]},{"@type":"ImageObject","inLanguage":"en-US","@id":"https:\/\/www.dramfolks-whisky-auction.com\/en\/product\/st-kilian-signature-edition-one\/#primaryimage","url":"https:\/\/www.dramfolks-whisky-auction.com\/wp-content\/uploads\/2023\/06\/st.kilian-christian-vorne-scaled.jpg","contentUrl":"https:\/\/www.dramfolks-whisky-auction.com\/wp-content\/uploads\/2023\/06\/st.kilian-christian-vorne-scaled.jpg","width":2560,"height":2560},{"@type":"BreadcrumbList","@id":"https:\/\/www.dramfolks-whisky-auction.com\/en\/product\/st-kilian-signature-edition-one\/#breadcrumb","itemListElement":[{"@type":"ListItem","position":1,"name":"Startseite","item":"https:\/\/www.dramfolks-whisky-auction.com\/en\/"},{"@type":"ListItem","position":2,"name":"Shop","item":"https:\/\/www.dramfolks-whisky-auction.com\/en\/shop\/"},{"@type":"ListItem","position":3,"name":"St. Kilian &#8211; Signature Edition One"}]},{"@type":"WebSite","@id":"https:\/\/www.dramfolks-whisky-auction.com\/en\/#website","url":"https:\/\/www.dramfolks-whisky-auction.com\/en\/","name":"Dramfolks Whisky Auction","description":"","potentialAction":[{"@type":"SearchAction","target":{"@type":"EntryPoint","urlTemplate":"https:\/\/www.dramfolks-whisky-auction.com\/en\/?s={search_term_string}"},"query-input":{"@type":"PropertyValueSpecification","valueRequired":true,"valueName":"search_term_string"}}],"inLanguage":"en-US"}]}},"_links":{"self":[{"href":"https:\/\/www.dramfolks-whisky-auction.com\/en\/wp-json\/wp\/v2\/product\/3066","targetHints":{"allow":["GET"]}}],"collection":[{"href":"https:\/\/www.dramfolks-whisky-auction.com\/en\/wp-json\/wp\/v2\/product"}],"about":[{"href":"https:\/\/www.dramfolks-whisky-auction.com\/en\/wp-json\/wp\/v2\/types\/product"}],"replies":[{"embeddable":true,"href":"https:\/\/www.dramfolks-whisky-auction.com\/en\/wp-json\/wp\/v2\/comments?post=3066"}],"wp:featuredmedia":[{"embeddable":true,"href":"https:\/\/www.dramfolks-whisky-auction.com\/en\/wp-json\/wp\/v2\/media\/3067"}],"wp:attachment":[{"href":"https:\/\/www.dramfolks-whisky-auction.com\/en\/wp-json\/wp\/v2\/media?parent=3066"}],"wp:term":[{"taxonomy":"product_brand","embeddable":true,"href":"https:\/\/www.dramfolks-whisky-auction.com\/en\/wp-json\/wp\/v2\/product_brand?post=3066"},{"taxonomy":"product_cat","embeddable":true,"href":"https:\/\/www.dramfolks-whisky-auction.com\/en\/wp-json\/wp\/v2\/product_cat?post=3066"},{"taxonomy":"product_tag","embeddable":true,"href":"https:\/\/www.dramfolks-whisky-auction.com\/en\/wp-json\/wp\/v2\/product_tag?post=3066"}],"curies":[{"name":"wp","href":"https:\/\/api.w.org\/{rel}","templated":true}]}}