{"id":3016,"date":"2023-06-20T20:10:47","date_gmt":"2023-06-20T18:10:47","guid":{"rendered":"https:\/\/www.dramfolks-whisky-auction.com\/?post_type=product&#038;p=3016"},"modified":"2023-07-03T21:34:02","modified_gmt":"2023-07-03T19:34:02","slug":"feinbrennerei-simons-bavarian-single-malt-whisky-whisky-is-art-cask-3","status":"publish","type":"product","link":"https:\/\/www.dramfolks-whisky-auction.com\/en\/product\/feinbrennerei-simons-bavarian-single-malt-whisky-whisky-is-art-cask-3\/","title":{"rendered":"Feinbrennerei Simon&#8217;s &#8211; Bavarian Single Malt Whisky &#8220;Whisky is Art&#8221; Cask 3"},"content":{"rendered":"<p><strong>Destille: Feinbrennerei Simon&#8217;s<br \/>\n<\/strong><\/p>\n<p>Die Feinbrennerei Simons produziert auf handwerkliche Weise Bavarian Whiskey, Gin und andere Spirituosen nach den Geboten der Nachhaltigkeit. Die Brennerei im bayerischen Spessart wird in f\u00fcnfter Generation von Severin Simon gef\u00fchrt. Er erweiterte das Sortiment in den letzten Jahren und errang auf verschiedenen Wettbewerben hohe Pr\u00e4mierungen f\u00fcr seine neuen, modern ausgerichteten Spirituosen. Seit 1879 stellt Simons Br\u00e4nde und Lik\u00f6re her. Der Urgro\u00dfvater des heutigen Hausherrn Severin Simon erwarb das Brennrecht und gr\u00fcndete die heutige Brennerei. 100 Jahre sp\u00e4ter wurden die ersten Weinberge angelegt und der Grundstein f\u00fcr das heutige Weingut gelegt. Man f\u00e4hrt also zweigleisig auf dem Hofgut Simon im Spessart. 2012 kam extra f\u00fcr das Destillieren von Whiskey eine neue Destillier-Anlage mit Swan Neck in die Feinbrennerei Simons. Mit der Fassreifung ausschlie\u00dflich in F\u00e4ssern aus Spessart-Eiche l\u00e4sst sich der Brennmeister die n\u00f6tige Zeit.<\/p>\n<p><strong>Fun Fact:\u00a0<\/strong>Trotz aller Sortiments-Erweiterung ist die Fienbrennerei Simons eine Manufaktur f\u00fcr klassische Br\u00e4nde geblieben, die auch von der Fachpresse gelobt werden. Brennmeister Severin Simon legt h\u00f6chsten Wert auf Nachhaltigkeit, Qualit\u00e4t und Regionalit\u00e4t. So feuert er seine Destillen zum Beispiel mit Holz aus dem eigenen Wald. Simon verzichtet auch bewusst auf Steuerung oder Automatisierung. Denn nur der Rohstoff und die Kunst des Brennens sollen \u00fcber die Qualit\u00e4t der Br\u00e4nde entscheiden. Schon als Junge verbrachte er die kalten Wintertage auf dem Schoss des Gro\u00dfvaters in der Feinbrennerei, so dass er das urspr\u00fcngliche Handwerk beherrscht. In seiner Ausbildung zum Winzer und Techniker f\u00fcr Weinbau und Kellerwirtschaft entwickelte sich sein K\u00f6nnen weiter. Selbst der Whisky-Papst Jim Murray schreibt \u00fcber den Whisky: \u201eFascinating and very different&#8230; definitely worth buying\u201c.<\/p>\n<p><strong>Whisky\/Whiskey: Bavarian Single Malt Whisky &#8220;Whisky is Art&#8221; Cask 3<br \/>\n<\/strong><\/p>\n<p>Simon&#8217;s lie\u00df den Peated Single Malt in einem 100 l Tokajer-Fass f\u00fcr 50 Monate vollreifen. Es gibt daher nicht viele Flaschen der limitierten Abf\u00fcllung! Der Tokaijer tr\u00e4gt den Titel K\u00f6nigswein v\u00f6llig zurecht. Ein junger, wilder Whisky, ordentlich Torf, ordentlich Alkohol trotzdem Komplex.<\/p>\n<p><strong>Info Qualit\u00e4t der Flasche:<\/strong> Exzellent ohne Besch\u00e4digungen \/ <strong>F\u00fcllstand:<\/strong> Top shoulder<br \/>\n<strong>Info Qualit\u00e4t der Box:<\/strong> keine Box vorhanden<\/p>\n<p><strong>Wichtiger Hinweis: <\/strong>Die Bewertung der Flaschen und Boxen erfolgt nach \u201ebesten Wissen und Gewissen\u201c. dramfolks kann keine Gew\u00e4hrleistung f\u00fcr den Inhalt der Flaschen \u00fcbernehmen. Weitere Infos &amp; Hinweise finden Sie in unseren AGBs. Wir empfehlen Ihnen, vor der Abgabe von Geboten \u00fcber die Zoomfunktion eine Besichtigung \/ genaue Pr\u00fcfung des angebotenen Whiskys vorzunehmen. Bitte kontaktieren sie uns bei Fragen direkt unter info@dramfolks.com<\/p>\n","protected":false},"excerpt":{"rendered":"<p>Destille: Feinbrennerei Simon&#8217;s Die Feinbrennerei Simons produziert auf handwerkliche Weise Bavarian Whiskey, Gin und andere Spirituosen nach den Geboten der Nachhaltigkeit. Die Brennerei im bayerischen Spessart wird in f\u00fcnfter Generation von Severin Simon gef\u00fchrt. Er erweiterte das Sortiment in den letzten Jahren und errang auf verschiedenen Wettbewerben hohe Pr\u00e4mierungen f\u00fcr seine neuen, modern ausgerichteten Spirituosen.[&#8230;]\n","protected":false},"featured_media":3017,"comment_status":"closed","ping_status":"closed","template":"","meta":[],"product_brand":[],"product_cat":[413],"product_tag":[],"class_list":{"0":"post-3016","1":"product","2":"type-product","3":"status-publish","4":"has-post-thumbnail","6":"product_cat-no-5-special-auction","8":"first","9":"instock","10":"shipping-taxable","11":"purchasable","12":"product-type-auction"},"yoast_head":"<!-- This site is optimized with the Yoast SEO plugin v27.4 - https:\/\/yoast.com\/product\/yoast-seo-wordpress\/ -->\n<title>Feinbrennerei Simon&#039;s - Bavarian Single Malt Whisky &quot;Whisky is Art&quot; Cask 3 - Dramfolks Whisky Auction<\/title>\n<meta name=\"robots\" content=\"index, follow, max-snippet:-1, max-image-preview:large, max-video-preview:-1\" \/>\n<link rel=\"canonical\" href=\"https:\/\/www.dramfolks-whisky-auction.com\/en\/product\/feinbrennerei-simons-bavarian-single-malt-whisky-whisky-is-art-cask-3\/\" \/>\n<meta property=\"og:locale\" content=\"en_US\" \/>\n<meta property=\"og:type\" content=\"article\" \/>\n<meta property=\"og:title\" content=\"Feinbrennerei Simon&#039;s - Bavarian Single Malt Whisky &quot;Whisky is Art&quot; Cask 3 - Dramfolks Whisky Auction\" \/>\n<meta property=\"og:description\" content=\"Destille: Feinbrennerei Simon&#8217;s Die Feinbrennerei Simons produziert auf handwerkliche Weise Bavarian Whiskey, Gin und andere Spirituosen nach den Geboten der Nachhaltigkeit. Die Brennerei im bayerischen Spessart wird in f\u00fcnfter Generation von Severin Simon gef\u00fchrt. Er erweiterte das Sortiment in den letzten Jahren und errang auf verschiedenen Wettbewerben hohe Pr\u00e4mierungen f\u00fcr seine neuen, modern ausgerichteten Spirituosen.[...]\" \/>\n<meta property=\"og:url\" content=\"https:\/\/www.dramfolks-whisky-auction.com\/en\/product\/feinbrennerei-simons-bavarian-single-malt-whisky-whisky-is-art-cask-3\/\" \/>\n<meta property=\"og:site_name\" content=\"Dramfolks Whisky Auction\" \/>\n<meta property=\"article:modified_time\" content=\"2023-07-03T19:34:02+00:00\" \/>\n<meta property=\"og:image\" content=\"https:\/\/www.dramfolks-whisky-auction.com\/wp-content\/uploads\/2023\/06\/simons-peated-vorne-scaled.jpg\" \/>\n\t<meta property=\"og:image:width\" content=\"2560\" \/>\n\t<meta property=\"og:image:height\" content=\"2560\" \/>\n\t<meta property=\"og:image:type\" content=\"image\/jpeg\" \/>\n<meta name=\"twitter:card\" content=\"summary_large_image\" \/>\n<meta name=\"twitter:label1\" content=\"Est. reading time\" \/>\n\t<meta name=\"twitter:data1\" content=\"3 minutes\" \/>\n<script type=\"application\/ld+json\" class=\"yoast-schema-graph\">{\"@context\":\"https:\\\/\\\/schema.org\",\"@graph\":[{\"@type\":\"WebPage\",\"@id\":\"https:\\\/\\\/www.dramfolks-whisky-auction.com\\\/en\\\/product\\\/feinbrennerei-simons-bavarian-single-malt-whisky-whisky-is-art-cask-3\\\/\",\"url\":\"https:\\\/\\\/www.dramfolks-whisky-auction.com\\\/en\\\/product\\\/feinbrennerei-simons-bavarian-single-malt-whisky-whisky-is-art-cask-3\\\/\",\"name\":\"Feinbrennerei Simon's - Bavarian Single Malt Whisky \\\"Whisky is Art\\\" Cask 3 - Dramfolks Whisky Auction\",\"isPartOf\":{\"@id\":\"https:\\\/\\\/www.dramfolks-whisky-auction.com\\\/en\\\/#website\"},\"primaryImageOfPage\":{\"@id\":\"https:\\\/\\\/www.dramfolks-whisky-auction.com\\\/en\\\/product\\\/feinbrennerei-simons-bavarian-single-malt-whisky-whisky-is-art-cask-3\\\/#primaryimage\"},\"image\":{\"@id\":\"https:\\\/\\\/www.dramfolks-whisky-auction.com\\\/en\\\/product\\\/feinbrennerei-simons-bavarian-single-malt-whisky-whisky-is-art-cask-3\\\/#primaryimage\"},\"thumbnailUrl\":\"https:\\\/\\\/www.dramfolks-whisky-auction.com\\\/wp-content\\\/uploads\\\/2023\\\/06\\\/simons-peated-vorne-scaled.jpg\",\"datePublished\":\"2023-06-20T18:10:47+00:00\",\"dateModified\":\"2023-07-03T19:34:02+00:00\",\"breadcrumb\":{\"@id\":\"https:\\\/\\\/www.dramfolks-whisky-auction.com\\\/en\\\/product\\\/feinbrennerei-simons-bavarian-single-malt-whisky-whisky-is-art-cask-3\\\/#breadcrumb\"},\"inLanguage\":\"en-US\",\"potentialAction\":[{\"@type\":\"ReadAction\",\"target\":[\"https:\\\/\\\/www.dramfolks-whisky-auction.com\\\/en\\\/product\\\/feinbrennerei-simons-bavarian-single-malt-whisky-whisky-is-art-cask-3\\\/\"]}]},{\"@type\":\"ImageObject\",\"inLanguage\":\"en-US\",\"@id\":\"https:\\\/\\\/www.dramfolks-whisky-auction.com\\\/en\\\/product\\\/feinbrennerei-simons-bavarian-single-malt-whisky-whisky-is-art-cask-3\\\/#primaryimage\",\"url\":\"https:\\\/\\\/www.dramfolks-whisky-auction.com\\\/wp-content\\\/uploads\\\/2023\\\/06\\\/simons-peated-vorne-scaled.jpg\",\"contentUrl\":\"https:\\\/\\\/www.dramfolks-whisky-auction.com\\\/wp-content\\\/uploads\\\/2023\\\/06\\\/simons-peated-vorne-scaled.jpg\",\"width\":2560,\"height\":2560},{\"@type\":\"BreadcrumbList\",\"@id\":\"https:\\\/\\\/www.dramfolks-whisky-auction.com\\\/en\\\/product\\\/feinbrennerei-simons-bavarian-single-malt-whisky-whisky-is-art-cask-3\\\/#breadcrumb\",\"itemListElement\":[{\"@type\":\"ListItem\",\"position\":1,\"name\":\"Startseite\",\"item\":\"https:\\\/\\\/www.dramfolks-whisky-auction.com\\\/en\\\/\"},{\"@type\":\"ListItem\",\"position\":2,\"name\":\"Shop\",\"item\":\"https:\\\/\\\/www.dramfolks-whisky-auction.com\\\/en\\\/shop\\\/\"},{\"@type\":\"ListItem\",\"position\":3,\"name\":\"Feinbrennerei Simon&#8217;s &#8211; Bavarian Single Malt Whisky &#8222;Whisky is Art&#8220; Cask 3\"}]},{\"@type\":\"WebSite\",\"@id\":\"https:\\\/\\\/www.dramfolks-whisky-auction.com\\\/en\\\/#website\",\"url\":\"https:\\\/\\\/www.dramfolks-whisky-auction.com\\\/en\\\/\",\"name\":\"Dramfolks Whisky Auction\",\"description\":\"\",\"potentialAction\":[{\"@type\":\"SearchAction\",\"target\":{\"@type\":\"EntryPoint\",\"urlTemplate\":\"https:\\\/\\\/www.dramfolks-whisky-auction.com\\\/en\\\/?s={search_term_string}\"},\"query-input\":{\"@type\":\"PropertyValueSpecification\",\"valueRequired\":true,\"valueName\":\"search_term_string\"}}],\"inLanguage\":\"en-US\"}]}<\/script>\n<!-- \/ Yoast SEO plugin. -->","yoast_head_json":{"title":"Feinbrennerei Simon's - Bavarian Single Malt Whisky \"Whisky is Art\" Cask 3 - Dramfolks Whisky Auction","robots":{"index":"index","follow":"follow","max-snippet":"max-snippet:-1","max-image-preview":"max-image-preview:large","max-video-preview":"max-video-preview:-1"},"canonical":"https:\/\/www.dramfolks-whisky-auction.com\/en\/product\/feinbrennerei-simons-bavarian-single-malt-whisky-whisky-is-art-cask-3\/","og_locale":"en_US","og_type":"article","og_title":"Feinbrennerei Simon's - Bavarian Single Malt Whisky \"Whisky is Art\" Cask 3 - Dramfolks Whisky Auction","og_description":"Destille: Feinbrennerei Simon&#8217;s Die Feinbrennerei Simons produziert auf handwerkliche Weise Bavarian Whiskey, Gin und andere Spirituosen nach den Geboten der Nachhaltigkeit. Die Brennerei im bayerischen Spessart wird in f\u00fcnfter Generation von Severin Simon gef\u00fchrt. Er erweiterte das Sortiment in den letzten Jahren und errang auf verschiedenen Wettbewerben hohe Pr\u00e4mierungen f\u00fcr seine neuen, modern ausgerichteten Spirituosen.[...]","og_url":"https:\/\/www.dramfolks-whisky-auction.com\/en\/product\/feinbrennerei-simons-bavarian-single-malt-whisky-whisky-is-art-cask-3\/","og_site_name":"Dramfolks Whisky Auction","article_modified_time":"2023-07-03T19:34:02+00:00","og_image":[{"width":2560,"height":2560,"url":"https:\/\/www.dramfolks-whisky-auction.com\/wp-content\/uploads\/2023\/06\/simons-peated-vorne-scaled.jpg","type":"image\/jpeg"}],"twitter_card":"summary_large_image","twitter_misc":{"Est. reading time":"3 minutes"},"schema":{"@context":"https:\/\/schema.org","@graph":[{"@type":"WebPage","@id":"https:\/\/www.dramfolks-whisky-auction.com\/en\/product\/feinbrennerei-simons-bavarian-single-malt-whisky-whisky-is-art-cask-3\/","url":"https:\/\/www.dramfolks-whisky-auction.com\/en\/product\/feinbrennerei-simons-bavarian-single-malt-whisky-whisky-is-art-cask-3\/","name":"Feinbrennerei Simon's - Bavarian Single Malt Whisky \"Whisky is Art\" Cask 3 - Dramfolks Whisky Auction","isPartOf":{"@id":"https:\/\/www.dramfolks-whisky-auction.com\/en\/#website"},"primaryImageOfPage":{"@id":"https:\/\/www.dramfolks-whisky-auction.com\/en\/product\/feinbrennerei-simons-bavarian-single-malt-whisky-whisky-is-art-cask-3\/#primaryimage"},"image":{"@id":"https:\/\/www.dramfolks-whisky-auction.com\/en\/product\/feinbrennerei-simons-bavarian-single-malt-whisky-whisky-is-art-cask-3\/#primaryimage"},"thumbnailUrl":"https:\/\/www.dramfolks-whisky-auction.com\/wp-content\/uploads\/2023\/06\/simons-peated-vorne-scaled.jpg","datePublished":"2023-06-20T18:10:47+00:00","dateModified":"2023-07-03T19:34:02+00:00","breadcrumb":{"@id":"https:\/\/www.dramfolks-whisky-auction.com\/en\/product\/feinbrennerei-simons-bavarian-single-malt-whisky-whisky-is-art-cask-3\/#breadcrumb"},"inLanguage":"en-US","potentialAction":[{"@type":"ReadAction","target":["https:\/\/www.dramfolks-whisky-auction.com\/en\/product\/feinbrennerei-simons-bavarian-single-malt-whisky-whisky-is-art-cask-3\/"]}]},{"@type":"ImageObject","inLanguage":"en-US","@id":"https:\/\/www.dramfolks-whisky-auction.com\/en\/product\/feinbrennerei-simons-bavarian-single-malt-whisky-whisky-is-art-cask-3\/#primaryimage","url":"https:\/\/www.dramfolks-whisky-auction.com\/wp-content\/uploads\/2023\/06\/simons-peated-vorne-scaled.jpg","contentUrl":"https:\/\/www.dramfolks-whisky-auction.com\/wp-content\/uploads\/2023\/06\/simons-peated-vorne-scaled.jpg","width":2560,"height":2560},{"@type":"BreadcrumbList","@id":"https:\/\/www.dramfolks-whisky-auction.com\/en\/product\/feinbrennerei-simons-bavarian-single-malt-whisky-whisky-is-art-cask-3\/#breadcrumb","itemListElement":[{"@type":"ListItem","position":1,"name":"Startseite","item":"https:\/\/www.dramfolks-whisky-auction.com\/en\/"},{"@type":"ListItem","position":2,"name":"Shop","item":"https:\/\/www.dramfolks-whisky-auction.com\/en\/shop\/"},{"@type":"ListItem","position":3,"name":"Feinbrennerei Simon&#8217;s &#8211; Bavarian Single Malt Whisky &#8222;Whisky is Art&#8220; Cask 3"}]},{"@type":"WebSite","@id":"https:\/\/www.dramfolks-whisky-auction.com\/en\/#website","url":"https:\/\/www.dramfolks-whisky-auction.com\/en\/","name":"Dramfolks Whisky Auction","description":"","potentialAction":[{"@type":"SearchAction","target":{"@type":"EntryPoint","urlTemplate":"https:\/\/www.dramfolks-whisky-auction.com\/en\/?s={search_term_string}"},"query-input":{"@type":"PropertyValueSpecification","valueRequired":true,"valueName":"search_term_string"}}],"inLanguage":"en-US"}]}},"_links":{"self":[{"href":"https:\/\/www.dramfolks-whisky-auction.com\/en\/wp-json\/wp\/v2\/product\/3016","targetHints":{"allow":["GET"]}}],"collection":[{"href":"https:\/\/www.dramfolks-whisky-auction.com\/en\/wp-json\/wp\/v2\/product"}],"about":[{"href":"https:\/\/www.dramfolks-whisky-auction.com\/en\/wp-json\/wp\/v2\/types\/product"}],"replies":[{"embeddable":true,"href":"https:\/\/www.dramfolks-whisky-auction.com\/en\/wp-json\/wp\/v2\/comments?post=3016"}],"wp:featuredmedia":[{"embeddable":true,"href":"https:\/\/www.dramfolks-whisky-auction.com\/en\/wp-json\/wp\/v2\/media\/3017"}],"wp:attachment":[{"href":"https:\/\/www.dramfolks-whisky-auction.com\/en\/wp-json\/wp\/v2\/media?parent=3016"}],"wp:term":[{"taxonomy":"product_brand","embeddable":true,"href":"https:\/\/www.dramfolks-whisky-auction.com\/en\/wp-json\/wp\/v2\/product_brand?post=3016"},{"taxonomy":"product_cat","embeddable":true,"href":"https:\/\/www.dramfolks-whisky-auction.com\/en\/wp-json\/wp\/v2\/product_cat?post=3016"},{"taxonomy":"product_tag","embeddable":true,"href":"https:\/\/www.dramfolks-whisky-auction.com\/en\/wp-json\/wp\/v2\/product_tag?post=3016"}],"curies":[{"name":"wp","href":"https:\/\/api.w.org\/{rel}","templated":true}]}}