{"id":2968,"date":"2023-06-19T21:45:30","date_gmt":"2023-06-19T19:45:30","guid":{"rendered":"https:\/\/www.dramfolks-whisky-auction.com\/?post_type=product&#038;p=2968"},"modified":"2023-07-03T21:09:58","modified_gmt":"2023-07-03T19:09:58","slug":"pittermanns-destillerie-unchained-rye-whisky-virgin-oak-fass","status":"publish","type":"product","link":"https:\/\/www.dramfolks-whisky-auction.com\/en\/product\/pittermanns-destillerie-unchained-rye-whisky-virgin-oak-fass\/","title":{"rendered":"Pittermanns Destillerie &#8211; Unchained Rye Whisky (Virgin Oak Fass)"},"content":{"rendered":"<p><strong>Destille: Pittermanns Destillerie<br \/>\n<\/strong><\/p>\n<p>&#8230;&#8221;w\u00e4 mich nit kennt, d\u00e4 kennt K\u00f6lle nit&#8221; w\u00fcrden wir an dieser Stelle passend sagen! Pittermanns Destillerie aus K\u00f6ln (<a href=\"http:\/\/www.pittermanns.de\" target=\"_blank\" rel=\"noopener noreferrer\">www.pittermanns.de<\/a>) produziert seit Oktober 2019 K\u00f6lner Whisky. Mittlerweile gibt es in der Pittermanns Unchained-Kollektion eine gro\u00dfe Auswahl verschiedener Varianten: Malzig oder torfig und verschiedene Fasssorten. Sehr stolz ist das Team um Peter Esser darauf behaupten zu k\u00f6nnen, den ersten in K\u00f6ln hergestellten Whisky anbieten zu k\u00f6nnen. In der kleinen Destillerie in K\u00f6ln haben sie den Grundstein f\u00fcr K\u00f6lner Whisky gesetzt. Die erste Charge ihres Single Malt Whiskys war in kurzer Zeit ausverkauft. Die mittlerweile vierte Version ihres Single Malts ist seit Dezember 2021 in ihrem Online-Shop erh\u00e4ltlich. Neben Whisky brennen sie ebenfalls Gin, Genever und Lik\u00f6r per Hand und bieten einzigartige Tropfen, die es nicht an jeder Ecke zu kaufen gibt.<\/p>\n<p><strong>Fun Fact:\u00a0<\/strong>Pittermanns &amp; ein Affen-Logo&#8230; Der Affe Petermann war ein m\u00e4nnlicher, dressierter Schimpanse, welcher im Jahr 1985 aus dem K\u00f6lner Zoo fliehen konnte. Auf der Flucht wurde er zusammen mit seiner Dame Susi von der Polizei erschossen und gilt seitdem als K\u00f6lner Freiheitsfigur. Der Geist von Petermann lebt seit 2016 in den ausgefallenen und kreativen Craft Spirits von Pittermanns.<\/p>\n<p><strong>Whisky\/Whiskey: Unchained Rye Whisky (Virgin Oak Fass)<br \/>\n<\/strong><\/p>\n<p>Cask Strength mit 64,45% alc&#8230; ist das nicht herrlich? Eine Sonderabf\u00fcllung f\u00fcr unsere dramfolks auction No.5 und gereift in einem neuen, stark getoastetem 190l Fass aus europ\u00e4ischer Eiche. Dieser Rye Whisky wurde aus 90% Roggen und 10% Gerstenmalz gebrannt. Durch die Kombination mit dem Virgin Oak Fass treffen hier die w\u00fcrzigen Noten des Roggens auf charakteristische Noten der getoasteten Eiche. &#8220;Vanille und nussige<br \/>\nNoten, gepaart mit s\u00fc\u00dflichen Raucharomen&#8221; machen diesen Rye Whisky zu einem echten Geheimtipp in dieser Auction. Gebrannt 08\/2019, abgef\u00fcllt 06\/2023 und mit Chargen No.2312 gibt es diesen fantastischen Whisky nur hier in der dramfolks special auction zu ersteigern!!!!<\/p>\n<p><strong>Info Qualit\u00e4t der Flasche:<\/strong> Exzellent ohne Besch\u00e4digungen \/ <strong>F\u00fcllstand:<\/strong> Top shoulder<br \/>\n<strong>Info Qualit\u00e4t der Box:<\/strong> keine Box vorhanden<\/p>\n<p><strong>Wichtiger Hinweis: <\/strong>Die Bewertung der Flaschen und Boxen erfolgt nach \u201ebesten Wissen und Gewissen\u201c. dramfolks kann keine Gew\u00e4hrleistung f\u00fcr den Inhalt der Flaschen \u00fcbernehmen. Weitere Infos &amp; Hinweise finden Sie in unseren AGBs. Wir empfehlen Ihnen, vor der Abgabe von Geboten \u00fcber die Zoomfunktion eine Besichtigung \/ genaue Pr\u00fcfung des angebotenen Whiskys vorzunehmen. Bitte kontaktieren sie uns bei Fragen direkt unter info@dramfolks.com<\/p>\n","protected":false},"excerpt":{"rendered":"<p>Destille: Pittermanns Destillerie &#8230;&#8221;w\u00e4 mich nit kennt, d\u00e4 kennt K\u00f6lle nit&#8221; w\u00fcrden wir an dieser Stelle passend sagen! Pittermanns Destillerie aus K\u00f6ln (www.pittermanns.de) produziert seit Oktober 2019 K\u00f6lner Whisky. Mittlerweile gibt es in der Pittermanns Unchained-Kollektion eine gro\u00dfe Auswahl verschiedener Varianten: Malzig oder torfig und verschiedene Fasssorten. Sehr stolz ist das Team um Peter Esser[&#8230;]\n","protected":false},"featured_media":2969,"comment_status":"closed","ping_status":"closed","template":"","meta":[],"product_brand":[],"product_cat":[413],"product_tag":[],"class_list":{"0":"post-2968","1":"product","2":"type-product","3":"status-publish","4":"has-post-thumbnail","6":"product_cat-no-5-special-auction","8":"first","9":"instock","10":"shipping-taxable","11":"purchasable","12":"product-type-auction"},"yoast_head":"<!-- This site is optimized with the Yoast SEO plugin v27.4 - https:\/\/yoast.com\/product\/yoast-seo-wordpress\/ -->\n<title>Pittermanns Destillerie - Unchained Rye Whisky (Virgin Oak Fass) - Dramfolks Whisky Auction<\/title>\n<meta name=\"robots\" content=\"index, follow, max-snippet:-1, max-image-preview:large, max-video-preview:-1\" \/>\n<link rel=\"canonical\" href=\"https:\/\/www.dramfolks-whisky-auction.com\/en\/product\/pittermanns-destillerie-unchained-rye-whisky-virgin-oak-fass\/\" \/>\n<meta property=\"og:locale\" content=\"en_US\" \/>\n<meta property=\"og:type\" content=\"article\" \/>\n<meta property=\"og:title\" content=\"Pittermanns Destillerie - Unchained Rye Whisky (Virgin Oak Fass) - Dramfolks Whisky Auction\" \/>\n<meta property=\"og:description\" content=\"Destille: Pittermanns Destillerie &#8230;&#8221;w\u00e4 mich nit kennt, d\u00e4 kennt K\u00f6lle nit&#8221; w\u00fcrden wir an dieser Stelle passend sagen! Pittermanns Destillerie aus K\u00f6ln (www.pittermanns.de) produziert seit Oktober 2019 K\u00f6lner Whisky. Mittlerweile gibt es in der Pittermanns Unchained-Kollektion eine gro\u00dfe Auswahl verschiedener Varianten: Malzig oder torfig und verschiedene Fasssorten. Sehr stolz ist das Team um Peter Esser[...]\" \/>\n<meta property=\"og:url\" content=\"https:\/\/www.dramfolks-whisky-auction.com\/en\/product\/pittermanns-destillerie-unchained-rye-whisky-virgin-oak-fass\/\" \/>\n<meta property=\"og:site_name\" content=\"Dramfolks Whisky Auction\" \/>\n<meta property=\"article:modified_time\" content=\"2023-07-03T19:09:58+00:00\" \/>\n<meta property=\"og:image\" content=\"https:\/\/www.dramfolks-whisky-auction.com\/wp-content\/uploads\/2023\/06\/pittermanns3-vorne-scaled.jpg\" \/>\n\t<meta property=\"og:image:width\" content=\"2560\" \/>\n\t<meta property=\"og:image:height\" content=\"2560\" \/>\n\t<meta property=\"og:image:type\" content=\"image\/jpeg\" \/>\n<meta name=\"twitter:card\" content=\"summary_large_image\" \/>\n<meta name=\"twitter:label1\" content=\"Est. reading time\" \/>\n\t<meta name=\"twitter:data1\" content=\"3 minutes\" \/>\n<script type=\"application\/ld+json\" class=\"yoast-schema-graph\">{\"@context\":\"https:\\\/\\\/schema.org\",\"@graph\":[{\"@type\":\"WebPage\",\"@id\":\"https:\\\/\\\/www.dramfolks-whisky-auction.com\\\/en\\\/product\\\/pittermanns-destillerie-unchained-rye-whisky-virgin-oak-fass\\\/\",\"url\":\"https:\\\/\\\/www.dramfolks-whisky-auction.com\\\/en\\\/product\\\/pittermanns-destillerie-unchained-rye-whisky-virgin-oak-fass\\\/\",\"name\":\"Pittermanns Destillerie - Unchained Rye Whisky (Virgin Oak Fass) - Dramfolks Whisky Auction\",\"isPartOf\":{\"@id\":\"https:\\\/\\\/www.dramfolks-whisky-auction.com\\\/en\\\/#website\"},\"primaryImageOfPage\":{\"@id\":\"https:\\\/\\\/www.dramfolks-whisky-auction.com\\\/en\\\/product\\\/pittermanns-destillerie-unchained-rye-whisky-virgin-oak-fass\\\/#primaryimage\"},\"image\":{\"@id\":\"https:\\\/\\\/www.dramfolks-whisky-auction.com\\\/en\\\/product\\\/pittermanns-destillerie-unchained-rye-whisky-virgin-oak-fass\\\/#primaryimage\"},\"thumbnailUrl\":\"https:\\\/\\\/www.dramfolks-whisky-auction.com\\\/wp-content\\\/uploads\\\/2023\\\/06\\\/pittermanns3-vorne-scaled.jpg\",\"datePublished\":\"2023-06-19T19:45:30+00:00\",\"dateModified\":\"2023-07-03T19:09:58+00:00\",\"breadcrumb\":{\"@id\":\"https:\\\/\\\/www.dramfolks-whisky-auction.com\\\/en\\\/product\\\/pittermanns-destillerie-unchained-rye-whisky-virgin-oak-fass\\\/#breadcrumb\"},\"inLanguage\":\"en-US\",\"potentialAction\":[{\"@type\":\"ReadAction\",\"target\":[\"https:\\\/\\\/www.dramfolks-whisky-auction.com\\\/en\\\/product\\\/pittermanns-destillerie-unchained-rye-whisky-virgin-oak-fass\\\/\"]}]},{\"@type\":\"ImageObject\",\"inLanguage\":\"en-US\",\"@id\":\"https:\\\/\\\/www.dramfolks-whisky-auction.com\\\/en\\\/product\\\/pittermanns-destillerie-unchained-rye-whisky-virgin-oak-fass\\\/#primaryimage\",\"url\":\"https:\\\/\\\/www.dramfolks-whisky-auction.com\\\/wp-content\\\/uploads\\\/2023\\\/06\\\/pittermanns3-vorne-scaled.jpg\",\"contentUrl\":\"https:\\\/\\\/www.dramfolks-whisky-auction.com\\\/wp-content\\\/uploads\\\/2023\\\/06\\\/pittermanns3-vorne-scaled.jpg\",\"width\":2560,\"height\":2560},{\"@type\":\"BreadcrumbList\",\"@id\":\"https:\\\/\\\/www.dramfolks-whisky-auction.com\\\/en\\\/product\\\/pittermanns-destillerie-unchained-rye-whisky-virgin-oak-fass\\\/#breadcrumb\",\"itemListElement\":[{\"@type\":\"ListItem\",\"position\":1,\"name\":\"Startseite\",\"item\":\"https:\\\/\\\/www.dramfolks-whisky-auction.com\\\/en\\\/\"},{\"@type\":\"ListItem\",\"position\":2,\"name\":\"Shop\",\"item\":\"https:\\\/\\\/www.dramfolks-whisky-auction.com\\\/en\\\/shop\\\/\"},{\"@type\":\"ListItem\",\"position\":3,\"name\":\"Pittermanns Destillerie &#8211; Unchained Rye Whisky (Virgin Oak Fass)\"}]},{\"@type\":\"WebSite\",\"@id\":\"https:\\\/\\\/www.dramfolks-whisky-auction.com\\\/en\\\/#website\",\"url\":\"https:\\\/\\\/www.dramfolks-whisky-auction.com\\\/en\\\/\",\"name\":\"Dramfolks Whisky Auction\",\"description\":\"\",\"potentialAction\":[{\"@type\":\"SearchAction\",\"target\":{\"@type\":\"EntryPoint\",\"urlTemplate\":\"https:\\\/\\\/www.dramfolks-whisky-auction.com\\\/en\\\/?s={search_term_string}\"},\"query-input\":{\"@type\":\"PropertyValueSpecification\",\"valueRequired\":true,\"valueName\":\"search_term_string\"}}],\"inLanguage\":\"en-US\"}]}<\/script>\n<!-- \/ Yoast SEO plugin. -->","yoast_head_json":{"title":"Pittermanns Destillerie - Unchained Rye Whisky (Virgin Oak Fass) - Dramfolks Whisky Auction","robots":{"index":"index","follow":"follow","max-snippet":"max-snippet:-1","max-image-preview":"max-image-preview:large","max-video-preview":"max-video-preview:-1"},"canonical":"https:\/\/www.dramfolks-whisky-auction.com\/en\/product\/pittermanns-destillerie-unchained-rye-whisky-virgin-oak-fass\/","og_locale":"en_US","og_type":"article","og_title":"Pittermanns Destillerie - Unchained Rye Whisky (Virgin Oak Fass) - Dramfolks Whisky Auction","og_description":"Destille: Pittermanns Destillerie &#8230;&#8221;w\u00e4 mich nit kennt, d\u00e4 kennt K\u00f6lle nit&#8221; w\u00fcrden wir an dieser Stelle passend sagen! Pittermanns Destillerie aus K\u00f6ln (www.pittermanns.de) produziert seit Oktober 2019 K\u00f6lner Whisky. Mittlerweile gibt es in der Pittermanns Unchained-Kollektion eine gro\u00dfe Auswahl verschiedener Varianten: Malzig oder torfig und verschiedene Fasssorten. Sehr stolz ist das Team um Peter Esser[...]","og_url":"https:\/\/www.dramfolks-whisky-auction.com\/en\/product\/pittermanns-destillerie-unchained-rye-whisky-virgin-oak-fass\/","og_site_name":"Dramfolks Whisky Auction","article_modified_time":"2023-07-03T19:09:58+00:00","og_image":[{"width":2560,"height":2560,"url":"https:\/\/www.dramfolks-whisky-auction.com\/wp-content\/uploads\/2023\/06\/pittermanns3-vorne-scaled.jpg","type":"image\/jpeg"}],"twitter_card":"summary_large_image","twitter_misc":{"Est. reading time":"3 minutes"},"schema":{"@context":"https:\/\/schema.org","@graph":[{"@type":"WebPage","@id":"https:\/\/www.dramfolks-whisky-auction.com\/en\/product\/pittermanns-destillerie-unchained-rye-whisky-virgin-oak-fass\/","url":"https:\/\/www.dramfolks-whisky-auction.com\/en\/product\/pittermanns-destillerie-unchained-rye-whisky-virgin-oak-fass\/","name":"Pittermanns Destillerie - Unchained Rye Whisky (Virgin Oak Fass) - Dramfolks Whisky Auction","isPartOf":{"@id":"https:\/\/www.dramfolks-whisky-auction.com\/en\/#website"},"primaryImageOfPage":{"@id":"https:\/\/www.dramfolks-whisky-auction.com\/en\/product\/pittermanns-destillerie-unchained-rye-whisky-virgin-oak-fass\/#primaryimage"},"image":{"@id":"https:\/\/www.dramfolks-whisky-auction.com\/en\/product\/pittermanns-destillerie-unchained-rye-whisky-virgin-oak-fass\/#primaryimage"},"thumbnailUrl":"https:\/\/www.dramfolks-whisky-auction.com\/wp-content\/uploads\/2023\/06\/pittermanns3-vorne-scaled.jpg","datePublished":"2023-06-19T19:45:30+00:00","dateModified":"2023-07-03T19:09:58+00:00","breadcrumb":{"@id":"https:\/\/www.dramfolks-whisky-auction.com\/en\/product\/pittermanns-destillerie-unchained-rye-whisky-virgin-oak-fass\/#breadcrumb"},"inLanguage":"en-US","potentialAction":[{"@type":"ReadAction","target":["https:\/\/www.dramfolks-whisky-auction.com\/en\/product\/pittermanns-destillerie-unchained-rye-whisky-virgin-oak-fass\/"]}]},{"@type":"ImageObject","inLanguage":"en-US","@id":"https:\/\/www.dramfolks-whisky-auction.com\/en\/product\/pittermanns-destillerie-unchained-rye-whisky-virgin-oak-fass\/#primaryimage","url":"https:\/\/www.dramfolks-whisky-auction.com\/wp-content\/uploads\/2023\/06\/pittermanns3-vorne-scaled.jpg","contentUrl":"https:\/\/www.dramfolks-whisky-auction.com\/wp-content\/uploads\/2023\/06\/pittermanns3-vorne-scaled.jpg","width":2560,"height":2560},{"@type":"BreadcrumbList","@id":"https:\/\/www.dramfolks-whisky-auction.com\/en\/product\/pittermanns-destillerie-unchained-rye-whisky-virgin-oak-fass\/#breadcrumb","itemListElement":[{"@type":"ListItem","position":1,"name":"Startseite","item":"https:\/\/www.dramfolks-whisky-auction.com\/en\/"},{"@type":"ListItem","position":2,"name":"Shop","item":"https:\/\/www.dramfolks-whisky-auction.com\/en\/shop\/"},{"@type":"ListItem","position":3,"name":"Pittermanns Destillerie &#8211; Unchained Rye Whisky (Virgin Oak Fass)"}]},{"@type":"WebSite","@id":"https:\/\/www.dramfolks-whisky-auction.com\/en\/#website","url":"https:\/\/www.dramfolks-whisky-auction.com\/en\/","name":"Dramfolks Whisky Auction","description":"","potentialAction":[{"@type":"SearchAction","target":{"@type":"EntryPoint","urlTemplate":"https:\/\/www.dramfolks-whisky-auction.com\/en\/?s={search_term_string}"},"query-input":{"@type":"PropertyValueSpecification","valueRequired":true,"valueName":"search_term_string"}}],"inLanguage":"en-US"}]}},"_links":{"self":[{"href":"https:\/\/www.dramfolks-whisky-auction.com\/en\/wp-json\/wp\/v2\/product\/2968","targetHints":{"allow":["GET"]}}],"collection":[{"href":"https:\/\/www.dramfolks-whisky-auction.com\/en\/wp-json\/wp\/v2\/product"}],"about":[{"href":"https:\/\/www.dramfolks-whisky-auction.com\/en\/wp-json\/wp\/v2\/types\/product"}],"replies":[{"embeddable":true,"href":"https:\/\/www.dramfolks-whisky-auction.com\/en\/wp-json\/wp\/v2\/comments?post=2968"}],"wp:featuredmedia":[{"embeddable":true,"href":"https:\/\/www.dramfolks-whisky-auction.com\/en\/wp-json\/wp\/v2\/media\/2969"}],"wp:attachment":[{"href":"https:\/\/www.dramfolks-whisky-auction.com\/en\/wp-json\/wp\/v2\/media?parent=2968"}],"wp:term":[{"taxonomy":"product_brand","embeddable":true,"href":"https:\/\/www.dramfolks-whisky-auction.com\/en\/wp-json\/wp\/v2\/product_brand?post=2968"},{"taxonomy":"product_cat","embeddable":true,"href":"https:\/\/www.dramfolks-whisky-auction.com\/en\/wp-json\/wp\/v2\/product_cat?post=2968"},{"taxonomy":"product_tag","embeddable":true,"href":"https:\/\/www.dramfolks-whisky-auction.com\/en\/wp-json\/wp\/v2\/product_tag?post=2968"}],"curies":[{"name":"wp","href":"https:\/\/api.w.org\/{rel}","templated":true}]}}