{"id":2898670,"date":"2025-03-10T11:24:48","date_gmt":"2025-03-10T10:24:48","guid":{"rendered":"https:\/\/www.dramfolks-whisky-auction.com\/?post_type=product&#038;p=2898670"},"modified":"2025-03-25T19:01:58","modified_gmt":"2025-03-25T18:01:58","slug":"dailuaine-distillery-16yo-flora-fauna-series-4","status":"publish","type":"product","link":"https:\/\/www.dramfolks-whisky-auction.com\/en\/product\/dailuaine-distillery-16yo-flora-fauna-series-4\/","title":{"rendered":"Dailuaine Distillery &#8211; 16yo Flora &#038; Fauna Series"},"content":{"rendered":"<p><strong>Destille: Dailuaine Distillery<br \/>\n<\/strong>Der Name Dailuaine leitet sich vom g\u00e4lischen &#8220;An dail uaine&#8221; ab, was &#8220;gr\u00fcnes Tal&#8221; bedeutet. Gegr\u00fcndet wurde diese Brennerei im Jahr 1852 von William Mackenzie. Wenn man den idyllischen Standort der Brennerei im geschwungenen Tal des Flusses Spey bedenkt, ist die Wahl des Namens recht einleuchtend. Das Wasser f\u00fcr Dailuaine stammt vom Bailliemullich Burn, der an der Brennerei vorbei flie\u00dft. Single Malt Abf\u00fcllungen von der landschaftlich sch\u00f6n gelegenen Speyside-Brennerei Dailuaine gibt es nur wenige. Die Brennerei bringt nur eine Handvoll offizieller Abf\u00fcllungen \u00fcber die Flora &amp; Fauna-Serie und hin und wieder in der &#8220;Manager&#8217;s Drams&#8221;-Reihe heraus. Es gibt mittlerweile mehr unabh\u00e4ngige Abf\u00fcllungen, wobei Gordon &amp; MacPhail hier den wichtigsten Abf\u00fcller darstellt. Nur ca. zwei Prozent des produzierten Whiskys werden als Single Malt vermarktet, der Rest wird f\u00fcr den Blended Whisky Johnnie Walker verwendet. Seit Dailuaine 1987 von United Destillers (heute Diageo) \u00fcbernommen wurde, erh\u00f6hte die Brennerei ihren j\u00e4hrlichen Aussto\u00df von 2,75 Millionen Litern im Jahr 1991 auf heute 3,3 Millionen Liter. Im Jahr 2013 investierte Diageo 6 Millionen Pfund in eine hochmoderne Bioenergieanlage in der Brennerei.<\/p>\n<p><strong>Fun Fakt:\u00a0<\/strong>1889 wurde Dailuaine, damals eine der gr\u00f6\u00dften Destillen der Highlands, als erste Brennerei mit einem von Charles Doig entworfenen &#8220;Pagoden-Dach&#8221; ausgestattet. Viele andere Brennereien folgten diesem Beispiel, u.a. Aberlour, Ardbeg und Benriach. Dieses architektonische Juwel zielte darauf ab die bestehenden Standards f\u00fcr die Ableitung des Torfrauchs erheblich zu verbessern.<\/p>\n<p><strong>Whisky\/Whiskey: 16yo Flora &amp; Fauna Series<br \/>\n<\/strong>Der 16-j\u00e4hrige Dailuaine wurde von Diageo abgef\u00fcllt. Unter der Flora &amp; Fauna Serie f\u00fcllt der Eigent\u00fcmer ausgesuchte F\u00e4sser einiger Brennereien, jeweils einzeln als Single Malt ab. Die Flora &amp; Fauna Serie ist eine wahre Bereicherung der Whisky Szene! Gereift in ausgesuchten, trockenen Sherryf\u00e4ssern. Anders als bei normalen Sherrys, ist der Dailuaine 16 Jahre nicht s\u00fc\u00df, sondern eher trocken, fast wie ein Wein. Dennoch mild und weich im Geschmack mit langem Nachklang. Dieser Single Malt ist einer der \u00e4ltesten in der Flora &amp; Fauna Serie. Sein ausdrucksstarker Charakter macht den Whisky zu einem der begehrenswertesten in der gesamten Serie. W\u00fcrzige Noten stehen im Vordergrund und werdne durch feine Sherry-T\u00f6ne perfekt im Vordergrund.<\/p>\n<p><strong>Info Qualit\u00e4t der Flasche:<\/strong> Exzellent &#8211; ohne Besch\u00e4digungen \/ <strong>F\u00fcllstand:<\/strong> High fill<br \/>\n<strong>Info Qualit\u00e4t der Box: <\/strong>keine Box vorhanden<\/p>\n<p><strong>Wichtiger Hinweis:<\/strong> Die Bewertung der Flaschen und Boxen erfolgt nach \u201ebesten Wissen und Gewissen\u201c. dramfolks kann keine Gew\u00e4hrleistung f\u00fcr den Inhalt der Flaschen \u00fcbernehmen. Weitere Infos &amp; Hinweise finden Sie in unseren AGBs. Wir empfehlen Ihnen, vor der Abgabe von Geboten \u00fcber die Zoomfunktion eine Besichtigung \/ genaue Pr\u00fcfung des angebotenen Whiskys vorzunehmen. Bitte kontaktieren sie uns bei Fragen direkt unter info@dramfolks.com<\/p>\n","protected":false},"excerpt":{"rendered":"<p>Dies ist keine laufende Auktion! \u00dcber den \u201eJetzt Kaufen\u201c-Button direkt erwerben oder dein Gebot ist ein alternativer Preisvorschlag (Maximalgebot)!<\/p>\n","protected":false},"featured_media":1310929,"comment_status":"closed","ping_status":"closed","template":"","meta":[],"product_brand":[],"product_cat":[1099],"product_tag":[],"class_list":{"0":"post-2898670","1":"product","2":"type-product","3":"status-publish","4":"has-post-thumbnail","6":"product_cat-aam-sold-out","8":"first","9":"instock","10":"shipping-taxable","11":"purchasable","12":"product-type-auction"},"yoast_head":"<!-- This site is optimized with the Yoast SEO plugin v27.0 - https:\/\/yoast.com\/product\/yoast-seo-wordpress\/ -->\n<title>Dailuaine Distillery - 16yo Flora &amp; Fauna Series - Dramfolks Whisky Auction<\/title>\n<meta name=\"robots\" content=\"index, follow, max-snippet:-1, max-image-preview:large, max-video-preview:-1\" \/>\n<link rel=\"canonical\" href=\"https:\/\/www.dramfolks-whisky-auction.com\/en\/product\/dailuaine-distillery-16yo-flora-fauna-series-4\/\" \/>\n<meta property=\"og:locale\" content=\"en_US\" \/>\n<meta property=\"og:type\" content=\"article\" \/>\n<meta property=\"og:title\" content=\"Dailuaine Distillery - 16yo Flora &amp; Fauna Series - Dramfolks Whisky Auction\" \/>\n<meta property=\"og:description\" content=\"Dies ist keine laufende Auktion! \u00dcber den \u201eJetzt Kaufen\u201c-Button direkt erwerben oder dein Gebot ist ein alternativer Preisvorschlag (Maximalgebot)!\" \/>\n<meta property=\"og:url\" content=\"https:\/\/www.dramfolks-whisky-auction.com\/en\/product\/dailuaine-distillery-16yo-flora-fauna-series-4\/\" \/>\n<meta property=\"og:site_name\" content=\"Dramfolks Whisky Auction\" \/>\n<meta property=\"article:modified_time\" content=\"2025-03-25T18:01:58+00:00\" \/>\n<meta property=\"og:image\" content=\"https:\/\/www.dramfolks-whisky-auction.com\/wp-content\/uploads\/2024\/12\/Dailuaine-Flora-und-Fauna-vorne-scaled.jpg\" \/>\n\t<meta property=\"og:image:width\" content=\"2560\" \/>\n\t<meta property=\"og:image:height\" content=\"2560\" \/>\n\t<meta property=\"og:image:type\" content=\"image\/jpeg\" \/>\n<meta name=\"twitter:card\" content=\"summary_large_image\" \/>\n<meta name=\"twitter:label1\" content=\"Est. reading time\" \/>\n\t<meta name=\"twitter:data1\" content=\"3 minutes\" \/>\n<script type=\"application\/ld+json\" class=\"yoast-schema-graph\">{\"@context\":\"https:\/\/schema.org\",\"@graph\":[{\"@type\":\"WebPage\",\"@id\":\"https:\/\/www.dramfolks-whisky-auction.com\/en\/product\/dailuaine-distillery-16yo-flora-fauna-series-4\/\",\"url\":\"https:\/\/www.dramfolks-whisky-auction.com\/en\/product\/dailuaine-distillery-16yo-flora-fauna-series-4\/\",\"name\":\"Dailuaine Distillery - 16yo Flora & Fauna Series - Dramfolks Whisky Auction\",\"isPartOf\":{\"@id\":\"https:\/\/www.dramfolks-whisky-auction.com\/en\/#website\"},\"primaryImageOfPage\":{\"@id\":\"https:\/\/www.dramfolks-whisky-auction.com\/en\/product\/dailuaine-distillery-16yo-flora-fauna-series-4\/#primaryimage\"},\"image\":{\"@id\":\"https:\/\/www.dramfolks-whisky-auction.com\/en\/product\/dailuaine-distillery-16yo-flora-fauna-series-4\/#primaryimage\"},\"thumbnailUrl\":\"https:\/\/www.dramfolks-whisky-auction.com\/wp-content\/uploads\/2024\/12\/Dailuaine-Flora-und-Fauna-vorne-scaled.jpg\",\"datePublished\":\"2025-03-10T10:24:48+00:00\",\"dateModified\":\"2025-03-25T18:01:58+00:00\",\"breadcrumb\":{\"@id\":\"https:\/\/www.dramfolks-whisky-auction.com\/en\/product\/dailuaine-distillery-16yo-flora-fauna-series-4\/#breadcrumb\"},\"inLanguage\":\"en-US\",\"potentialAction\":[{\"@type\":\"ReadAction\",\"target\":[\"https:\/\/www.dramfolks-whisky-auction.com\/en\/product\/dailuaine-distillery-16yo-flora-fauna-series-4\/\"]}]},{\"@type\":\"ImageObject\",\"inLanguage\":\"en-US\",\"@id\":\"https:\/\/www.dramfolks-whisky-auction.com\/en\/product\/dailuaine-distillery-16yo-flora-fauna-series-4\/#primaryimage\",\"url\":\"https:\/\/www.dramfolks-whisky-auction.com\/wp-content\/uploads\/2024\/12\/Dailuaine-Flora-und-Fauna-vorne-scaled.jpg\",\"contentUrl\":\"https:\/\/www.dramfolks-whisky-auction.com\/wp-content\/uploads\/2024\/12\/Dailuaine-Flora-und-Fauna-vorne-scaled.jpg\",\"width\":2560,\"height\":2560},{\"@type\":\"BreadcrumbList\",\"@id\":\"https:\/\/www.dramfolks-whisky-auction.com\/en\/product\/dailuaine-distillery-16yo-flora-fauna-series-4\/#breadcrumb\",\"itemListElement\":[{\"@type\":\"ListItem\",\"position\":1,\"name\":\"Startseite\",\"item\":\"https:\/\/www.dramfolks-whisky-auction.com\/en\/\"},{\"@type\":\"ListItem\",\"position\":2,\"name\":\"Shop\",\"item\":\"https:\/\/www.dramfolks-whisky-auction.com\/en\/shop\/\"},{\"@type\":\"ListItem\",\"position\":3,\"name\":\"Dailuaine Distillery &#8211; 16yo Flora &#038; Fauna Series\"}]},{\"@type\":\"WebSite\",\"@id\":\"https:\/\/www.dramfolks-whisky-auction.com\/en\/#website\",\"url\":\"https:\/\/www.dramfolks-whisky-auction.com\/en\/\",\"name\":\"Dramfolks Whisky Auction\",\"description\":\"\",\"potentialAction\":[{\"@type\":\"SearchAction\",\"target\":{\"@type\":\"EntryPoint\",\"urlTemplate\":\"https:\/\/www.dramfolks-whisky-auction.com\/en\/?s={search_term_string}\"},\"query-input\":{\"@type\":\"PropertyValueSpecification\",\"valueRequired\":true,\"valueName\":\"search_term_string\"}}],\"inLanguage\":\"en-US\"}]}<\/script>\n<!-- \/ Yoast SEO plugin. -->","yoast_head_json":{"title":"Dailuaine Distillery - 16yo Flora & Fauna Series - Dramfolks Whisky Auction","robots":{"index":"index","follow":"follow","max-snippet":"max-snippet:-1","max-image-preview":"max-image-preview:large","max-video-preview":"max-video-preview:-1"},"canonical":"https:\/\/www.dramfolks-whisky-auction.com\/en\/product\/dailuaine-distillery-16yo-flora-fauna-series-4\/","og_locale":"en_US","og_type":"article","og_title":"Dailuaine Distillery - 16yo Flora & Fauna Series - Dramfolks Whisky Auction","og_description":"Dies ist keine laufende Auktion! \u00dcber den \u201eJetzt Kaufen\u201c-Button direkt erwerben oder dein Gebot ist ein alternativer Preisvorschlag (Maximalgebot)!","og_url":"https:\/\/www.dramfolks-whisky-auction.com\/en\/product\/dailuaine-distillery-16yo-flora-fauna-series-4\/","og_site_name":"Dramfolks Whisky Auction","article_modified_time":"2025-03-25T18:01:58+00:00","og_image":[{"width":2560,"height":2560,"url":"https:\/\/www.dramfolks-whisky-auction.com\/wp-content\/uploads\/2024\/12\/Dailuaine-Flora-und-Fauna-vorne-scaled.jpg","type":"image\/jpeg"}],"twitter_card":"summary_large_image","twitter_misc":{"Est. reading time":"3 minutes"},"schema":{"@context":"https:\/\/schema.org","@graph":[{"@type":"WebPage","@id":"https:\/\/www.dramfolks-whisky-auction.com\/en\/product\/dailuaine-distillery-16yo-flora-fauna-series-4\/","url":"https:\/\/www.dramfolks-whisky-auction.com\/en\/product\/dailuaine-distillery-16yo-flora-fauna-series-4\/","name":"Dailuaine Distillery - 16yo Flora & Fauna Series - Dramfolks Whisky Auction","isPartOf":{"@id":"https:\/\/www.dramfolks-whisky-auction.com\/en\/#website"},"primaryImageOfPage":{"@id":"https:\/\/www.dramfolks-whisky-auction.com\/en\/product\/dailuaine-distillery-16yo-flora-fauna-series-4\/#primaryimage"},"image":{"@id":"https:\/\/www.dramfolks-whisky-auction.com\/en\/product\/dailuaine-distillery-16yo-flora-fauna-series-4\/#primaryimage"},"thumbnailUrl":"https:\/\/www.dramfolks-whisky-auction.com\/wp-content\/uploads\/2024\/12\/Dailuaine-Flora-und-Fauna-vorne-scaled.jpg","datePublished":"2025-03-10T10:24:48+00:00","dateModified":"2025-03-25T18:01:58+00:00","breadcrumb":{"@id":"https:\/\/www.dramfolks-whisky-auction.com\/en\/product\/dailuaine-distillery-16yo-flora-fauna-series-4\/#breadcrumb"},"inLanguage":"en-US","potentialAction":[{"@type":"ReadAction","target":["https:\/\/www.dramfolks-whisky-auction.com\/en\/product\/dailuaine-distillery-16yo-flora-fauna-series-4\/"]}]},{"@type":"ImageObject","inLanguage":"en-US","@id":"https:\/\/www.dramfolks-whisky-auction.com\/en\/product\/dailuaine-distillery-16yo-flora-fauna-series-4\/#primaryimage","url":"https:\/\/www.dramfolks-whisky-auction.com\/wp-content\/uploads\/2024\/12\/Dailuaine-Flora-und-Fauna-vorne-scaled.jpg","contentUrl":"https:\/\/www.dramfolks-whisky-auction.com\/wp-content\/uploads\/2024\/12\/Dailuaine-Flora-und-Fauna-vorne-scaled.jpg","width":2560,"height":2560},{"@type":"BreadcrumbList","@id":"https:\/\/www.dramfolks-whisky-auction.com\/en\/product\/dailuaine-distillery-16yo-flora-fauna-series-4\/#breadcrumb","itemListElement":[{"@type":"ListItem","position":1,"name":"Startseite","item":"https:\/\/www.dramfolks-whisky-auction.com\/en\/"},{"@type":"ListItem","position":2,"name":"Shop","item":"https:\/\/www.dramfolks-whisky-auction.com\/en\/shop\/"},{"@type":"ListItem","position":3,"name":"Dailuaine Distillery &#8211; 16yo Flora &#038; Fauna Series"}]},{"@type":"WebSite","@id":"https:\/\/www.dramfolks-whisky-auction.com\/en\/#website","url":"https:\/\/www.dramfolks-whisky-auction.com\/en\/","name":"Dramfolks Whisky Auction","description":"","potentialAction":[{"@type":"SearchAction","target":{"@type":"EntryPoint","urlTemplate":"https:\/\/www.dramfolks-whisky-auction.com\/en\/?s={search_term_string}"},"query-input":{"@type":"PropertyValueSpecification","valueRequired":true,"valueName":"search_term_string"}}],"inLanguage":"en-US"}]}},"_links":{"self":[{"href":"https:\/\/www.dramfolks-whisky-auction.com\/en\/wp-json\/wp\/v2\/product\/2898670","targetHints":{"allow":["GET"]}}],"collection":[{"href":"https:\/\/www.dramfolks-whisky-auction.com\/en\/wp-json\/wp\/v2\/product"}],"about":[{"href":"https:\/\/www.dramfolks-whisky-auction.com\/en\/wp-json\/wp\/v2\/types\/product"}],"replies":[{"embeddable":true,"href":"https:\/\/www.dramfolks-whisky-auction.com\/en\/wp-json\/wp\/v2\/comments?post=2898670"}],"wp:featuredmedia":[{"embeddable":true,"href":"https:\/\/www.dramfolks-whisky-auction.com\/en\/wp-json\/wp\/v2\/media\/1310929"}],"wp:attachment":[{"href":"https:\/\/www.dramfolks-whisky-auction.com\/en\/wp-json\/wp\/v2\/media?parent=2898670"}],"wp:term":[{"taxonomy":"product_brand","embeddable":true,"href":"https:\/\/www.dramfolks-whisky-auction.com\/en\/wp-json\/wp\/v2\/product_brand?post=2898670"},{"taxonomy":"product_cat","embeddable":true,"href":"https:\/\/www.dramfolks-whisky-auction.com\/en\/wp-json\/wp\/v2\/product_cat?post=2898670"},{"taxonomy":"product_tag","embeddable":true,"href":"https:\/\/www.dramfolks-whisky-auction.com\/en\/wp-json\/wp\/v2\/product_tag?post=2898670"}],"curies":[{"name":"wp","href":"https:\/\/api.w.org\/{rel}","templated":true}]}}