{"id":2865,"date":"2023-06-15T21:04:44","date_gmt":"2023-06-15T19:04:44","guid":{"rendered":"https:\/\/www.dramfolks-whisky-auction.com\/?post_type=product&#038;p=2865"},"modified":"2023-09-04T20:51:07","modified_gmt":"2023-09-04T18:51:07","slug":"ostfriesenwhisky-cask-strength","status":"publish","type":"product","link":"https:\/\/www.dramfolks-whisky-auction.com\/en\/product\/ostfriesenwhisky-cask-strength\/","title":{"rendered":"Ostfriesenwhisky Cask Strength"},"content":{"rendered":"<p><strong>Destille:<\/strong> <strong>unbekannt<\/strong><br \/>\nDie Jungs von Friesenwhisky stehen hinter dem Ostfriesenwhisky. Gebrannt wird der Whisky in einer kleinen, unbekannten Brennerei aus Kentucky, USA. Meist wird er vier Jahre in stark getoasteten Barrels aus amerikanischer Wei\u00dfeiche vorgelagert. Die Transformation zum aromareichen Ostfriesenwhisky geschieht durch die Auswahl der besten F\u00e4sser mit einer unvergleichlichen Vorbef\u00fcllung. Die Aromen der einzelnen F\u00e4sser sind in ihrer Intensit\u00e4t und Auspr\u00e4gung leicht unterschiedlich. Abf\u00fcllungen mit spezifischer Fasslagerung werden als Sonderabf\u00fcllung gesondert gekennzeichnet. Der Whisky wird ausschlie\u00dflich in Handarbeit hergestellt und jede einzelne Flasche wird per Hand bei der wfbm Aurich Wittmund mit Fass- und Flaschennummer beschriftet.<\/p>\n<p><strong>Fun Fact No.1: <\/strong>Up de Boorden van v\u00f6le Combi, EDEKA un famila Markten stahn uns Buddels al langer&#8230; Hei\u00dft soviel, dass es den Ostfriesenwhisky im hohen Norden auch in ausgew\u00e4hlten Superm\u00e4rkten gibt. Aber nur da und wer schon einmal an der wundersch\u00f6nen Nordsee Urlaub gemacht hat, der hat vielleicht den ein oder anderen Ostfriesenwhisky dort schon einmal LIVE zu Gesicht bekommen&#8230;<\/p>\n<p><strong>Whisky\/Whiskey: Ostfriesenwhisky Cask Strength<br \/>\n<\/strong><\/p>\n<p>Ins Rennen schicken die Nordlichter den Ostfriesenwhisky einen Single Cask in Fassst\u00e4rke, abgef\u00fcllt in einem &#8220;Nadalie Elite \/ French Oak&#8221; Fass. Der &#8220;Cask Type&#8221; wird mit Callet &amp; Rum beschrieben und vom Cask No. 53. Nat\u00fcrlich ohne Farbstoff und mit stolzen 58,4 % Alk. vol. Limitiert auf nur 68 (!) Flaschen\ud83d\ude2e und so nicht im Handel zu kaufen!!!!!! Es handelt sich um die Flasche 40 von 68, abgef\u00fcllt per Hand von den Werkst\u00e4tten f\u00fcr behinderte Menschen Aurich\/WTM im M\u00e4rz 23. Die Farbe, ein kr\u00e4ftiger Bernstein Ton. Laut den Jungs von Friesenwhisky ist der erste Geruch &#8220;w\u00e4rmend und prickelnd. Malz, Eiche mit leichtem Raucharoma.&#8221; Au\u00dferdem soll &#8220;der prim\u00e4r s\u00fc\u00dfe Whisky w\u00e4rmend und leicht cremig im Mund&#8221; sein. &#8220;Rum, Karamell, Vanille, junges Holz, nussiger Kokosgeschmack&#8221; gesellen sich hinzu und im Abgang finden sich dann &#8220;eine leichte maritim Note mit etwas Rauch und anhaltender Rum-Karamell-Eiche W\u00fcrze&#8221; wieder.<\/p>\n<p><strong>Info Qualit\u00e4t der Flasche:<\/strong> Exzellent ohne Besch\u00e4digungen \/ <strong>F\u00fcllstand:<\/strong> Into neck<br \/>\n<strong>Info Qualit\u00e4t der Box:<\/strong> Exzellent &#8211; ohne Besch\u00e4digungen<\/p>\n<p><strong>Wichtiger Hinweis: <\/strong>Die Bewertung der Flaschen und Boxen erfolgt nach \u201ebesten Wissen und Gewissen\u201c. dramfolks kann keine Gew\u00e4hrleistung f\u00fcr den Inhalt der Flaschen \u00fcbernehmen. Weitere Infos &amp; Hinweise finden Sie in unseren AGBs. Wir empfehlen Ihnen, vor der Abgabe von Geboten \u00fcber die Zoomfunktion eine Besichtigung \/ genaue Pr\u00fcfung des angebotenen Whiskys vorzunehmen. Bitte kontaktieren sie uns bei Fragen direkt unter info@dramfolks.com<\/p>\n","protected":false},"excerpt":{"rendered":"<p>Destille: unbekannt Die Jungs von Friesenwhisky stehen hinter dem Ostfriesenwhisky. Gebrannt wird der Whisky in einer kleinen, unbekannten Brennerei aus Kentucky, USA. Meist wird er vier Jahre in stark getoasteten Barrels aus amerikanischer Wei\u00dfeiche vorgelagert. Die Transformation zum aromareichen Ostfriesenwhisky geschieht durch die Auswahl der besten F\u00e4sser mit einer unvergleichlichen Vorbef\u00fcllung. Die Aromen der einzelnen[&#8230;]\n","protected":false},"featured_media":2866,"comment_status":"closed","ping_status":"closed","template":"","meta":[],"product_brand":[],"product_cat":[413],"product_tag":[],"class_list":{"0":"post-2865","1":"product","2":"type-product","3":"status-publish","4":"has-post-thumbnail","6":"product_cat-no-5-special-auction","8":"first","9":"instock","10":"shipping-taxable","11":"purchasable","12":"product-type-auction"},"yoast_head":"<!-- This site is optimized with the Yoast SEO plugin v27.4 - https:\/\/yoast.com\/product\/yoast-seo-wordpress\/ -->\n<title>Ostfriesenwhisky Cask Strength - Dramfolks Whisky Auction<\/title>\n<meta name=\"robots\" content=\"index, follow, max-snippet:-1, max-image-preview:large, max-video-preview:-1\" \/>\n<link rel=\"canonical\" href=\"https:\/\/www.dramfolks-whisky-auction.com\/en\/product\/ostfriesenwhisky-cask-strength\/\" \/>\n<meta property=\"og:locale\" content=\"en_US\" \/>\n<meta property=\"og:type\" content=\"article\" \/>\n<meta property=\"og:title\" content=\"Ostfriesenwhisky Cask Strength - Dramfolks Whisky Auction\" \/>\n<meta property=\"og:description\" content=\"Destille: unbekannt Die Jungs von Friesenwhisky stehen hinter dem Ostfriesenwhisky. Gebrannt wird der Whisky in einer kleinen, unbekannten Brennerei aus Kentucky, USA. Meist wird er vier Jahre in stark getoasteten Barrels aus amerikanischer Wei\u00dfeiche vorgelagert. Die Transformation zum aromareichen Ostfriesenwhisky geschieht durch die Auswahl der besten F\u00e4sser mit einer unvergleichlichen Vorbef\u00fcllung. Die Aromen der einzelnen[...]\" \/>\n<meta property=\"og:url\" content=\"https:\/\/www.dramfolks-whisky-auction.com\/en\/product\/ostfriesenwhisky-cask-strength\/\" \/>\n<meta property=\"og:site_name\" content=\"Dramfolks Whisky Auction\" \/>\n<meta property=\"article:modified_time\" content=\"2023-09-04T18:51:07+00:00\" \/>\n<meta property=\"og:image\" content=\"https:\/\/www.dramfolks-whisky-auction.com\/wp-content\/uploads\/2023\/06\/friesenwhisky-vorne-scaled.jpg\" \/>\n\t<meta property=\"og:image:width\" content=\"2560\" \/>\n\t<meta property=\"og:image:height\" content=\"2560\" \/>\n\t<meta property=\"og:image:type\" content=\"image\/jpeg\" \/>\n<meta name=\"twitter:card\" content=\"summary_large_image\" \/>\n<meta name=\"twitter:label1\" content=\"Est. reading time\" \/>\n\t<meta name=\"twitter:data1\" content=\"3 minutes\" \/>\n<script type=\"application\/ld+json\" class=\"yoast-schema-graph\">{\"@context\":\"https:\\\/\\\/schema.org\",\"@graph\":[{\"@type\":\"WebPage\",\"@id\":\"https:\\\/\\\/www.dramfolks-whisky-auction.com\\\/en\\\/product\\\/ostfriesenwhisky-cask-strength\\\/\",\"url\":\"https:\\\/\\\/www.dramfolks-whisky-auction.com\\\/en\\\/product\\\/ostfriesenwhisky-cask-strength\\\/\",\"name\":\"Ostfriesenwhisky Cask Strength - Dramfolks Whisky Auction\",\"isPartOf\":{\"@id\":\"https:\\\/\\\/www.dramfolks-whisky-auction.com\\\/en\\\/#website\"},\"primaryImageOfPage\":{\"@id\":\"https:\\\/\\\/www.dramfolks-whisky-auction.com\\\/en\\\/product\\\/ostfriesenwhisky-cask-strength\\\/#primaryimage\"},\"image\":{\"@id\":\"https:\\\/\\\/www.dramfolks-whisky-auction.com\\\/en\\\/product\\\/ostfriesenwhisky-cask-strength\\\/#primaryimage\"},\"thumbnailUrl\":\"https:\\\/\\\/www.dramfolks-whisky-auction.com\\\/wp-content\\\/uploads\\\/2023\\\/06\\\/friesenwhisky-vorne-scaled.jpg\",\"datePublished\":\"2023-06-15T19:04:44+00:00\",\"dateModified\":\"2023-09-04T18:51:07+00:00\",\"breadcrumb\":{\"@id\":\"https:\\\/\\\/www.dramfolks-whisky-auction.com\\\/en\\\/product\\\/ostfriesenwhisky-cask-strength\\\/#breadcrumb\"},\"inLanguage\":\"en-US\",\"potentialAction\":[{\"@type\":\"ReadAction\",\"target\":[\"https:\\\/\\\/www.dramfolks-whisky-auction.com\\\/en\\\/product\\\/ostfriesenwhisky-cask-strength\\\/\"]}]},{\"@type\":\"ImageObject\",\"inLanguage\":\"en-US\",\"@id\":\"https:\\\/\\\/www.dramfolks-whisky-auction.com\\\/en\\\/product\\\/ostfriesenwhisky-cask-strength\\\/#primaryimage\",\"url\":\"https:\\\/\\\/www.dramfolks-whisky-auction.com\\\/wp-content\\\/uploads\\\/2023\\\/06\\\/friesenwhisky-vorne-scaled.jpg\",\"contentUrl\":\"https:\\\/\\\/www.dramfolks-whisky-auction.com\\\/wp-content\\\/uploads\\\/2023\\\/06\\\/friesenwhisky-vorne-scaled.jpg\",\"width\":2560,\"height\":2560},{\"@type\":\"BreadcrumbList\",\"@id\":\"https:\\\/\\\/www.dramfolks-whisky-auction.com\\\/en\\\/product\\\/ostfriesenwhisky-cask-strength\\\/#breadcrumb\",\"itemListElement\":[{\"@type\":\"ListItem\",\"position\":1,\"name\":\"Startseite\",\"item\":\"https:\\\/\\\/www.dramfolks-whisky-auction.com\\\/en\\\/\"},{\"@type\":\"ListItem\",\"position\":2,\"name\":\"Shop\",\"item\":\"https:\\\/\\\/www.dramfolks-whisky-auction.com\\\/en\\\/shop\\\/\"},{\"@type\":\"ListItem\",\"position\":3,\"name\":\"Ostfriesenwhisky Cask Strength\"}]},{\"@type\":\"WebSite\",\"@id\":\"https:\\\/\\\/www.dramfolks-whisky-auction.com\\\/en\\\/#website\",\"url\":\"https:\\\/\\\/www.dramfolks-whisky-auction.com\\\/en\\\/\",\"name\":\"Dramfolks Whisky Auction\",\"description\":\"\",\"potentialAction\":[{\"@type\":\"SearchAction\",\"target\":{\"@type\":\"EntryPoint\",\"urlTemplate\":\"https:\\\/\\\/www.dramfolks-whisky-auction.com\\\/en\\\/?s={search_term_string}\"},\"query-input\":{\"@type\":\"PropertyValueSpecification\",\"valueRequired\":true,\"valueName\":\"search_term_string\"}}],\"inLanguage\":\"en-US\"}]}<\/script>\n<!-- \/ Yoast SEO plugin. -->","yoast_head_json":{"title":"Ostfriesenwhisky Cask Strength - Dramfolks Whisky Auction","robots":{"index":"index","follow":"follow","max-snippet":"max-snippet:-1","max-image-preview":"max-image-preview:large","max-video-preview":"max-video-preview:-1"},"canonical":"https:\/\/www.dramfolks-whisky-auction.com\/en\/product\/ostfriesenwhisky-cask-strength\/","og_locale":"en_US","og_type":"article","og_title":"Ostfriesenwhisky Cask Strength - Dramfolks Whisky Auction","og_description":"Destille: unbekannt Die Jungs von Friesenwhisky stehen hinter dem Ostfriesenwhisky. Gebrannt wird der Whisky in einer kleinen, unbekannten Brennerei aus Kentucky, USA. Meist wird er vier Jahre in stark getoasteten Barrels aus amerikanischer Wei\u00dfeiche vorgelagert. Die Transformation zum aromareichen Ostfriesenwhisky geschieht durch die Auswahl der besten F\u00e4sser mit einer unvergleichlichen Vorbef\u00fcllung. Die Aromen der einzelnen[...]","og_url":"https:\/\/www.dramfolks-whisky-auction.com\/en\/product\/ostfriesenwhisky-cask-strength\/","og_site_name":"Dramfolks Whisky Auction","article_modified_time":"2023-09-04T18:51:07+00:00","og_image":[{"width":2560,"height":2560,"url":"https:\/\/www.dramfolks-whisky-auction.com\/wp-content\/uploads\/2023\/06\/friesenwhisky-vorne-scaled.jpg","type":"image\/jpeg"}],"twitter_card":"summary_large_image","twitter_misc":{"Est. reading time":"3 minutes"},"schema":{"@context":"https:\/\/schema.org","@graph":[{"@type":"WebPage","@id":"https:\/\/www.dramfolks-whisky-auction.com\/en\/product\/ostfriesenwhisky-cask-strength\/","url":"https:\/\/www.dramfolks-whisky-auction.com\/en\/product\/ostfriesenwhisky-cask-strength\/","name":"Ostfriesenwhisky Cask Strength - Dramfolks Whisky Auction","isPartOf":{"@id":"https:\/\/www.dramfolks-whisky-auction.com\/en\/#website"},"primaryImageOfPage":{"@id":"https:\/\/www.dramfolks-whisky-auction.com\/en\/product\/ostfriesenwhisky-cask-strength\/#primaryimage"},"image":{"@id":"https:\/\/www.dramfolks-whisky-auction.com\/en\/product\/ostfriesenwhisky-cask-strength\/#primaryimage"},"thumbnailUrl":"https:\/\/www.dramfolks-whisky-auction.com\/wp-content\/uploads\/2023\/06\/friesenwhisky-vorne-scaled.jpg","datePublished":"2023-06-15T19:04:44+00:00","dateModified":"2023-09-04T18:51:07+00:00","breadcrumb":{"@id":"https:\/\/www.dramfolks-whisky-auction.com\/en\/product\/ostfriesenwhisky-cask-strength\/#breadcrumb"},"inLanguage":"en-US","potentialAction":[{"@type":"ReadAction","target":["https:\/\/www.dramfolks-whisky-auction.com\/en\/product\/ostfriesenwhisky-cask-strength\/"]}]},{"@type":"ImageObject","inLanguage":"en-US","@id":"https:\/\/www.dramfolks-whisky-auction.com\/en\/product\/ostfriesenwhisky-cask-strength\/#primaryimage","url":"https:\/\/www.dramfolks-whisky-auction.com\/wp-content\/uploads\/2023\/06\/friesenwhisky-vorne-scaled.jpg","contentUrl":"https:\/\/www.dramfolks-whisky-auction.com\/wp-content\/uploads\/2023\/06\/friesenwhisky-vorne-scaled.jpg","width":2560,"height":2560},{"@type":"BreadcrumbList","@id":"https:\/\/www.dramfolks-whisky-auction.com\/en\/product\/ostfriesenwhisky-cask-strength\/#breadcrumb","itemListElement":[{"@type":"ListItem","position":1,"name":"Startseite","item":"https:\/\/www.dramfolks-whisky-auction.com\/en\/"},{"@type":"ListItem","position":2,"name":"Shop","item":"https:\/\/www.dramfolks-whisky-auction.com\/en\/shop\/"},{"@type":"ListItem","position":3,"name":"Ostfriesenwhisky Cask Strength"}]},{"@type":"WebSite","@id":"https:\/\/www.dramfolks-whisky-auction.com\/en\/#website","url":"https:\/\/www.dramfolks-whisky-auction.com\/en\/","name":"Dramfolks Whisky Auction","description":"","potentialAction":[{"@type":"SearchAction","target":{"@type":"EntryPoint","urlTemplate":"https:\/\/www.dramfolks-whisky-auction.com\/en\/?s={search_term_string}"},"query-input":{"@type":"PropertyValueSpecification","valueRequired":true,"valueName":"search_term_string"}}],"inLanguage":"en-US"}]}},"_links":{"self":[{"href":"https:\/\/www.dramfolks-whisky-auction.com\/en\/wp-json\/wp\/v2\/product\/2865","targetHints":{"allow":["GET"]}}],"collection":[{"href":"https:\/\/www.dramfolks-whisky-auction.com\/en\/wp-json\/wp\/v2\/product"}],"about":[{"href":"https:\/\/www.dramfolks-whisky-auction.com\/en\/wp-json\/wp\/v2\/types\/product"}],"replies":[{"embeddable":true,"href":"https:\/\/www.dramfolks-whisky-auction.com\/en\/wp-json\/wp\/v2\/comments?post=2865"}],"wp:featuredmedia":[{"embeddable":true,"href":"https:\/\/www.dramfolks-whisky-auction.com\/en\/wp-json\/wp\/v2\/media\/2866"}],"wp:attachment":[{"href":"https:\/\/www.dramfolks-whisky-auction.com\/en\/wp-json\/wp\/v2\/media?parent=2865"}],"wp:term":[{"taxonomy":"product_brand","embeddable":true,"href":"https:\/\/www.dramfolks-whisky-auction.com\/en\/wp-json\/wp\/v2\/product_brand?post=2865"},{"taxonomy":"product_cat","embeddable":true,"href":"https:\/\/www.dramfolks-whisky-auction.com\/en\/wp-json\/wp\/v2\/product_cat?post=2865"},{"taxonomy":"product_tag","embeddable":true,"href":"https:\/\/www.dramfolks-whisky-auction.com\/en\/wp-json\/wp\/v2\/product_tag?post=2865"}],"curies":[{"name":"wp","href":"https:\/\/api.w.org\/{rel}","templated":true}]}}