{"id":2816,"date":"2023-06-11T21:19:32","date_gmt":"2023-06-11T19:19:32","guid":{"rendered":"https:\/\/www.dramfolks-whisky-auction.com\/?post_type=product&#038;p=2816"},"modified":"2023-07-03T21:43:56","modified_gmt":"2023-07-03T19:43:56","slug":"finric-smoke-peat","status":"publish","type":"product","link":"https:\/\/www.dramfolks-whisky-auction.com\/en\/product\/finric-smoke-peat\/","title":{"rendered":"FINRIC &#8211; Smoke &#038; Peat"},"content":{"rendered":"<p><strong>Destille: FINRIC<br \/>\n<\/strong>Hinter dem Namen FINRIC steht der Whiskyliebhaber Alexander Fink. Keine Destillerie, sondern mehr ein individueller &#8220;Abf\u00fcller&#8221;&#8230; Alexander hat aus seiner wachsenden Leidenschaft zu Whisky den Whiskyblog &#8220;Whiskytasters&#8221; gemacht, in dem er seine Verkostungsnotizen und sein Whiskywissen vorstellt. Im Laufe der Zeit entwickelte er die Idee, einen eigenen Whisky auf den Markt zu bringen. Gesagt getan brachte er 2019 den FINRIC Blended Whisky auf den Markt. Nach weiteren 3 Jahren intensiver (Whisky)Arbeit folgte dann 2022 der zweite Whisky im jungen Portfolio&#8230; der FINRIC Smoke and Peat. FINRIC Whisky hat seinen Sitz im S\u00fcden Deutschlands, in Ulm.<\/p>\n<p><strong>Fun fact:<\/strong> Alexander Fink ist ein richtiges Multitalent&#8230; Mediengestalter, Blogger &#8220;Whiskytasters&#8221;, Gr\u00fcnder einer Grafikdesign-Agentur &#8220;afinkdesign&#8221; und einer eigenen Whiskymarke. Besonders toll ist sein Video zum Thema &#8220;dram&#8221; auf YouTube. Hier erkl\u00e4rt Alex wunderbar die Bedeutung und \u00dcbersetzung vom ersten Teil unserer Namens dramfolks \ud83d\ude09 Schaut es euch mal an bei YouTube&#8230; <a href=\"https:\/\/youtube.com\/shorts\/IQ7d4EHoTXo?feature=share\" target=\"_blank\" rel=\"noopener noreferrer\">https:\/\/youtube.com\/shorts\/IQ7d4EHoTXo?feature=share<\/a><\/p>\n<p><strong>Whisky\/Whiskey: Smoke &amp; Peat<\/strong><\/p>\n<p>Im Jahr 2022 erschien die Abf\u00fcllung der FINRIC Smoke and Peat. Diese zweite Abf\u00fcllung der Whiskymarke FINRIC vereint die au\u00dfergew\u00f6hnlichen und kantigen Aromen von Rauch und Torf mit einer intensiven Fruchtigkeit. Sie f\u00e4llt durch modernes Design, in gl\u00e4nzend wei\u00df lackierter 0,5 Liter Flasche auf. Der FINRIC Smoke and Peat ist ein sehr moderner, intensiver und harmonischer Blended Whisky. Er eignet sich ideal f\u00fcr Liebhaber torfiger und fruchtiger Whiskys. Die einzelnen Bestandteile des \u00fcberaus spannenden und ausbalancierten Blends mit einer gut eingebundenen Torfnote stammen aus verschiedensten schottischen Brennereien, deren Name ein Geheimnis bleibt.<\/p>\n<p><strong>Info Qualit\u00e4t der Flasche:<\/strong> Exzellent ohne Besch\u00e4digungen \/ <strong>F\u00fcllstand:<\/strong> &#8211;<br \/>\n<strong>Info Qualit\u00e4t der Box:<\/strong> keine Box vorhanden<\/p>\n<p><strong>Wichtiger Hinweis: <\/strong>Die Bewertung der Flaschen und Boxen erfolgt nach \u201ebesten Wissen und Gewissen\u201c. dramfolks kann keine Gew\u00e4hrleistung f\u00fcr den Inhalt der Flaschen \u00fcbernehmen. Weitere Infos &amp; Hinweise finden Sie in unseren AGBs. Wir empfehlen Ihnen, vor der Abgabe von Geboten \u00fcber die Zoomfunktion eine Besichtigung \/ genaue Pr\u00fcfung des angebotenen Whiskys vorzunehmen. Bitte kontaktieren sie uns bei Fragen direkt unter info@dramfolks.com<\/p>\n","protected":false},"excerpt":{"rendered":"<p>Destille: FINRIC Hinter dem Namen FINRIC steht der Whiskyliebhaber Alexander Fink. Keine Destillerie, sondern mehr ein individueller &#8220;Abf\u00fcller&#8221;&#8230; Alexander hat aus seiner wachsenden Leidenschaft zu Whisky den Whiskyblog &#8220;Whiskytasters&#8221; gemacht, in dem er seine Verkostungsnotizen und sein Whiskywissen vorstellt. Im Laufe der Zeit entwickelte er die Idee, einen eigenen Whisky auf den Markt zu bringen.[&#8230;]\n","protected":false},"featured_media":2817,"comment_status":"closed","ping_status":"closed","template":"","meta":[],"product_brand":[],"product_cat":[413],"product_tag":[],"class_list":{"0":"post-2816","1":"product","2":"type-product","3":"status-publish","4":"has-post-thumbnail","6":"product_cat-no-5-special-auction","8":"first","9":"instock","10":"shipping-taxable","11":"purchasable","12":"product-type-auction"},"yoast_head":"<!-- This site is optimized with the Yoast SEO plugin v27.4 - https:\/\/yoast.com\/product\/yoast-seo-wordpress\/ -->\n<title>FINRIC - Smoke &amp; Peat - Dramfolks Whisky Auction<\/title>\n<meta name=\"robots\" content=\"index, follow, max-snippet:-1, max-image-preview:large, max-video-preview:-1\" \/>\n<link rel=\"canonical\" href=\"https:\/\/www.dramfolks-whisky-auction.com\/en\/product\/finric-smoke-peat\/\" \/>\n<meta property=\"og:locale\" content=\"en_US\" \/>\n<meta property=\"og:type\" content=\"article\" \/>\n<meta property=\"og:title\" content=\"FINRIC - Smoke &amp; Peat - Dramfolks Whisky Auction\" \/>\n<meta property=\"og:description\" content=\"Destille: FINRIC Hinter dem Namen FINRIC steht der Whiskyliebhaber Alexander Fink. Keine Destillerie, sondern mehr ein individueller &#8220;Abf\u00fcller&#8221;&#8230; Alexander hat aus seiner wachsenden Leidenschaft zu Whisky den Whiskyblog &#8220;Whiskytasters&#8221; gemacht, in dem er seine Verkostungsnotizen und sein Whiskywissen vorstellt. Im Laufe der Zeit entwickelte er die Idee, einen eigenen Whisky auf den Markt zu bringen.[...]\" \/>\n<meta property=\"og:url\" content=\"https:\/\/www.dramfolks-whisky-auction.com\/en\/product\/finric-smoke-peat\/\" \/>\n<meta property=\"og:site_name\" content=\"Dramfolks Whisky Auction\" \/>\n<meta property=\"article:modified_time\" content=\"2023-07-03T19:43:56+00:00\" \/>\n<meta property=\"og:image\" content=\"https:\/\/www.dramfolks-whisky-auction.com\/wp-content\/uploads\/2023\/06\/fin-ric-smoke-vorne-scaled.jpg\" \/>\n\t<meta property=\"og:image:width\" content=\"2560\" \/>\n\t<meta property=\"og:image:height\" content=\"2560\" \/>\n\t<meta property=\"og:image:type\" content=\"image\/jpeg\" \/>\n<meta name=\"twitter:card\" content=\"summary_large_image\" \/>\n<meta name=\"twitter:label1\" content=\"Est. reading time\" \/>\n\t<meta name=\"twitter:data1\" content=\"2 minutes\" \/>\n<script type=\"application\/ld+json\" class=\"yoast-schema-graph\">{\"@context\":\"https:\\\/\\\/schema.org\",\"@graph\":[{\"@type\":\"WebPage\",\"@id\":\"https:\\\/\\\/www.dramfolks-whisky-auction.com\\\/en\\\/product\\\/finric-smoke-peat\\\/\",\"url\":\"https:\\\/\\\/www.dramfolks-whisky-auction.com\\\/en\\\/product\\\/finric-smoke-peat\\\/\",\"name\":\"FINRIC - Smoke & Peat - Dramfolks Whisky Auction\",\"isPartOf\":{\"@id\":\"https:\\\/\\\/www.dramfolks-whisky-auction.com\\\/en\\\/#website\"},\"primaryImageOfPage\":{\"@id\":\"https:\\\/\\\/www.dramfolks-whisky-auction.com\\\/en\\\/product\\\/finric-smoke-peat\\\/#primaryimage\"},\"image\":{\"@id\":\"https:\\\/\\\/www.dramfolks-whisky-auction.com\\\/en\\\/product\\\/finric-smoke-peat\\\/#primaryimage\"},\"thumbnailUrl\":\"https:\\\/\\\/www.dramfolks-whisky-auction.com\\\/wp-content\\\/uploads\\\/2023\\\/06\\\/fin-ric-smoke-vorne-scaled.jpg\",\"datePublished\":\"2023-06-11T19:19:32+00:00\",\"dateModified\":\"2023-07-03T19:43:56+00:00\",\"breadcrumb\":{\"@id\":\"https:\\\/\\\/www.dramfolks-whisky-auction.com\\\/en\\\/product\\\/finric-smoke-peat\\\/#breadcrumb\"},\"inLanguage\":\"en-US\",\"potentialAction\":[{\"@type\":\"ReadAction\",\"target\":[\"https:\\\/\\\/www.dramfolks-whisky-auction.com\\\/en\\\/product\\\/finric-smoke-peat\\\/\"]}]},{\"@type\":\"ImageObject\",\"inLanguage\":\"en-US\",\"@id\":\"https:\\\/\\\/www.dramfolks-whisky-auction.com\\\/en\\\/product\\\/finric-smoke-peat\\\/#primaryimage\",\"url\":\"https:\\\/\\\/www.dramfolks-whisky-auction.com\\\/wp-content\\\/uploads\\\/2023\\\/06\\\/fin-ric-smoke-vorne-scaled.jpg\",\"contentUrl\":\"https:\\\/\\\/www.dramfolks-whisky-auction.com\\\/wp-content\\\/uploads\\\/2023\\\/06\\\/fin-ric-smoke-vorne-scaled.jpg\",\"width\":2560,\"height\":2560},{\"@type\":\"BreadcrumbList\",\"@id\":\"https:\\\/\\\/www.dramfolks-whisky-auction.com\\\/en\\\/product\\\/finric-smoke-peat\\\/#breadcrumb\",\"itemListElement\":[{\"@type\":\"ListItem\",\"position\":1,\"name\":\"Startseite\",\"item\":\"https:\\\/\\\/www.dramfolks-whisky-auction.com\\\/en\\\/\"},{\"@type\":\"ListItem\",\"position\":2,\"name\":\"Shop\",\"item\":\"https:\\\/\\\/www.dramfolks-whisky-auction.com\\\/en\\\/shop\\\/\"},{\"@type\":\"ListItem\",\"position\":3,\"name\":\"FINRIC &#8211; Smoke &#038; Peat\"}]},{\"@type\":\"WebSite\",\"@id\":\"https:\\\/\\\/www.dramfolks-whisky-auction.com\\\/en\\\/#website\",\"url\":\"https:\\\/\\\/www.dramfolks-whisky-auction.com\\\/en\\\/\",\"name\":\"Dramfolks Whisky Auction\",\"description\":\"\",\"potentialAction\":[{\"@type\":\"SearchAction\",\"target\":{\"@type\":\"EntryPoint\",\"urlTemplate\":\"https:\\\/\\\/www.dramfolks-whisky-auction.com\\\/en\\\/?s={search_term_string}\"},\"query-input\":{\"@type\":\"PropertyValueSpecification\",\"valueRequired\":true,\"valueName\":\"search_term_string\"}}],\"inLanguage\":\"en-US\"}]}<\/script>\n<!-- \/ Yoast SEO plugin. -->","yoast_head_json":{"title":"FINRIC - Smoke & Peat - Dramfolks Whisky Auction","robots":{"index":"index","follow":"follow","max-snippet":"max-snippet:-1","max-image-preview":"max-image-preview:large","max-video-preview":"max-video-preview:-1"},"canonical":"https:\/\/www.dramfolks-whisky-auction.com\/en\/product\/finric-smoke-peat\/","og_locale":"en_US","og_type":"article","og_title":"FINRIC - Smoke & Peat - Dramfolks Whisky Auction","og_description":"Destille: FINRIC Hinter dem Namen FINRIC steht der Whiskyliebhaber Alexander Fink. Keine Destillerie, sondern mehr ein individueller &#8220;Abf\u00fcller&#8221;&#8230; Alexander hat aus seiner wachsenden Leidenschaft zu Whisky den Whiskyblog &#8220;Whiskytasters&#8221; gemacht, in dem er seine Verkostungsnotizen und sein Whiskywissen vorstellt. Im Laufe der Zeit entwickelte er die Idee, einen eigenen Whisky auf den Markt zu bringen.[...]","og_url":"https:\/\/www.dramfolks-whisky-auction.com\/en\/product\/finric-smoke-peat\/","og_site_name":"Dramfolks Whisky Auction","article_modified_time":"2023-07-03T19:43:56+00:00","og_image":[{"width":2560,"height":2560,"url":"https:\/\/www.dramfolks-whisky-auction.com\/wp-content\/uploads\/2023\/06\/fin-ric-smoke-vorne-scaled.jpg","type":"image\/jpeg"}],"twitter_card":"summary_large_image","twitter_misc":{"Est. reading time":"2 minutes"},"schema":{"@context":"https:\/\/schema.org","@graph":[{"@type":"WebPage","@id":"https:\/\/www.dramfolks-whisky-auction.com\/en\/product\/finric-smoke-peat\/","url":"https:\/\/www.dramfolks-whisky-auction.com\/en\/product\/finric-smoke-peat\/","name":"FINRIC - Smoke & Peat - Dramfolks Whisky Auction","isPartOf":{"@id":"https:\/\/www.dramfolks-whisky-auction.com\/en\/#website"},"primaryImageOfPage":{"@id":"https:\/\/www.dramfolks-whisky-auction.com\/en\/product\/finric-smoke-peat\/#primaryimage"},"image":{"@id":"https:\/\/www.dramfolks-whisky-auction.com\/en\/product\/finric-smoke-peat\/#primaryimage"},"thumbnailUrl":"https:\/\/www.dramfolks-whisky-auction.com\/wp-content\/uploads\/2023\/06\/fin-ric-smoke-vorne-scaled.jpg","datePublished":"2023-06-11T19:19:32+00:00","dateModified":"2023-07-03T19:43:56+00:00","breadcrumb":{"@id":"https:\/\/www.dramfolks-whisky-auction.com\/en\/product\/finric-smoke-peat\/#breadcrumb"},"inLanguage":"en-US","potentialAction":[{"@type":"ReadAction","target":["https:\/\/www.dramfolks-whisky-auction.com\/en\/product\/finric-smoke-peat\/"]}]},{"@type":"ImageObject","inLanguage":"en-US","@id":"https:\/\/www.dramfolks-whisky-auction.com\/en\/product\/finric-smoke-peat\/#primaryimage","url":"https:\/\/www.dramfolks-whisky-auction.com\/wp-content\/uploads\/2023\/06\/fin-ric-smoke-vorne-scaled.jpg","contentUrl":"https:\/\/www.dramfolks-whisky-auction.com\/wp-content\/uploads\/2023\/06\/fin-ric-smoke-vorne-scaled.jpg","width":2560,"height":2560},{"@type":"BreadcrumbList","@id":"https:\/\/www.dramfolks-whisky-auction.com\/en\/product\/finric-smoke-peat\/#breadcrumb","itemListElement":[{"@type":"ListItem","position":1,"name":"Startseite","item":"https:\/\/www.dramfolks-whisky-auction.com\/en\/"},{"@type":"ListItem","position":2,"name":"Shop","item":"https:\/\/www.dramfolks-whisky-auction.com\/en\/shop\/"},{"@type":"ListItem","position":3,"name":"FINRIC &#8211; Smoke &#038; Peat"}]},{"@type":"WebSite","@id":"https:\/\/www.dramfolks-whisky-auction.com\/en\/#website","url":"https:\/\/www.dramfolks-whisky-auction.com\/en\/","name":"Dramfolks Whisky Auction","description":"","potentialAction":[{"@type":"SearchAction","target":{"@type":"EntryPoint","urlTemplate":"https:\/\/www.dramfolks-whisky-auction.com\/en\/?s={search_term_string}"},"query-input":{"@type":"PropertyValueSpecification","valueRequired":true,"valueName":"search_term_string"}}],"inLanguage":"en-US"}]}},"_links":{"self":[{"href":"https:\/\/www.dramfolks-whisky-auction.com\/en\/wp-json\/wp\/v2\/product\/2816","targetHints":{"allow":["GET"]}}],"collection":[{"href":"https:\/\/www.dramfolks-whisky-auction.com\/en\/wp-json\/wp\/v2\/product"}],"about":[{"href":"https:\/\/www.dramfolks-whisky-auction.com\/en\/wp-json\/wp\/v2\/types\/product"}],"replies":[{"embeddable":true,"href":"https:\/\/www.dramfolks-whisky-auction.com\/en\/wp-json\/wp\/v2\/comments?post=2816"}],"wp:featuredmedia":[{"embeddable":true,"href":"https:\/\/www.dramfolks-whisky-auction.com\/en\/wp-json\/wp\/v2\/media\/2817"}],"wp:attachment":[{"href":"https:\/\/www.dramfolks-whisky-auction.com\/en\/wp-json\/wp\/v2\/media?parent=2816"}],"wp:term":[{"taxonomy":"product_brand","embeddable":true,"href":"https:\/\/www.dramfolks-whisky-auction.com\/en\/wp-json\/wp\/v2\/product_brand?post=2816"},{"taxonomy":"product_cat","embeddable":true,"href":"https:\/\/www.dramfolks-whisky-auction.com\/en\/wp-json\/wp\/v2\/product_cat?post=2816"},{"taxonomy":"product_tag","embeddable":true,"href":"https:\/\/www.dramfolks-whisky-auction.com\/en\/wp-json\/wp\/v2\/product_tag?post=2816"}],"curies":[{"name":"wp","href":"https:\/\/api.w.org\/{rel}","templated":true}]}}