{"id":2802,"date":"2023-06-11T20:50:05","date_gmt":"2023-06-11T18:50:05","guid":{"rendered":"https:\/\/www.dramfolks-whisky-auction.com\/?post_type=product&#038;p=2802"},"modified":"2023-07-03T21:48:46","modified_gmt":"2023-07-03T19:48:46","slug":"dresdner-whisky-manufaktur-hellinger-winzer-edition-nr-2","status":"publish","type":"product","link":"https:\/\/www.dramfolks-whisky-auction.com\/en\/product\/dresdner-whisky-manufaktur-hellinger-winzer-edition-nr-2\/","title":{"rendered":"Dresdner Whisky Manufaktur &#8211; Hellinger Winzer-Edition Nr. 2"},"content":{"rendered":"<p><strong>Destille: Dresdner Whisky Manufaktur<br \/>\n<\/strong>Im Jahre 2019 setzen Frank Leichsenring und Thomas Michalski ihre Idee vom eigenen Whisky in die Tat um. So wurde im Jan. 2019 dann die Dresdner Whisky Manufaktur gegr\u00fcndet und etwas sp\u00e4ter die Marke HELLINGER angemeldet. Im Fr\u00fchjahr 2020 folgten dann der Werbefachmann Uwe L\u00f6scher und der Kommunikationsspezialist Rainer Kern dem Ruf der Dresdner Whisky Manufaktur und schlossen sich dieser an. Heimat ist der Dresdner Alberthafen mit tollem Besucherzentrum im Innenbereich. Zentrum des Whiskyportfolios ist der Hellinger 42. Ganz nach schottischem Vorbild wird in der Manufaktur (durch s\u00e4chsische Pr\u00e4zision) der Whisky durch das s\u00e4chsische Handwerk und die Lagerung in Dresden zu etwas ganz Besonderem. Abgerundet wird das Whiskyangebot durch Sondereditionen (u.a. Dynamo Dresden Edition oder die S\u00c4CHSISCHE WINZEREDITION) und dem rauchig, mystischen SEHDICHF\u00dcR.<\/p>\n<p><strong>Fun fact:<\/strong> Whisky f\u00fcr Tatort Fans&#8230; Der Schauspieler Martin Brambach (Tatortkommissar im Dresdner Tatort Team) &#8220;ermittelt&#8221; seit April 2022 regelm\u00e4\u00dfig in der Dresdner Whisky Manufaktur. Hier ermittelt er aber nicht in seiner Rolle als Kommissariatsleiter Schnabel, sondern als Genie\u00dfer Martin Brambach. Zusammengebracht hat beide die Leidenschaft f\u00fcr guten Whisky und die Liebe zur Heimat. Die Heimat der Brennerei ist auch gleichzeitig die Heimat von Martin Brambach. Der geb\u00fcrtige Dresdner verbrachte hier seine ersten Kindheitsjahre. Wer mehr zu diesen intensiven Ermittlungen erfahren will kann sich die kurzen Videos vom Besuch auf der Homepage unter <a href=\"https:\/\/www.hellinger42.de\/allgemein\/tatort-brennerei-teil-7\/\" target=\"_blank\" rel=\"noopener noreferrer\">https:\/\/www.hellinger42.de\/allgemein\/tatort-brennerei-teil-7\/<\/a> anschauen.<strong><br \/>\n<\/strong><\/p>\n<p><strong>Whisky\/Whiskey: Hellinger Winzer-Edition Nr. 2<br \/>\n<\/strong>Mitten im Weingut Gro\u00dfe in Radebeul wurde vor Kurzem die Winzeredition Nr. 2 pr\u00e4sentiert.<br \/>\nInmitten der Weinberge der Oberl\u00f6\u00dfnitz, unterhalb des Spitzhauses in Radebeul, liegt das Weingut Ulf Gro\u00dfe, mit einer \u00fcber 300j\u00e4hrigen Geschichte. Zwei F\u00e4sser, ein Sp\u00e4tburgunder- und ein Zweigeltfass, dieses Weingutes bestimmen den Geschmack des Whiskys der zweiten Ausgabe der S\u00e4chsischen Winzeredition.<br \/>\nBeide Weinf\u00e4sser sind hervorragend geeignet f\u00fcr die Veredelung von Whisky. Die Komplexit\u00e4t beider Weine und die markanten Aromen geben dem darin liegenden HELLINGER 42 Single Malt Whisky eine ungew\u00f6hnliche Reife und Tiefe und verleihen dem Whisky seine au\u00dfergew\u00f6hnlich dunkelrote Farbe und fruchtige Note. Limitiert auf nur 800 Flaschen und abgef\u00fcllt mit 46% Alk. vol.<strong><br \/>\n<\/strong><\/p>\n<p><strong>Info Qualit\u00e4t der Flasche:<\/strong> Exzellent ohne Besch\u00e4digungen \/ <strong>F\u00fcllstand:<\/strong> Into neck<br \/>\n<strong>Info Qualit\u00e4t der Box:<\/strong> Exzellent ohne Besch\u00e4digungen<\/p>\n<p><strong>Wichtiger Hinweis: <\/strong>Die Bewertung der Flaschen und Boxen erfolgt nach \u201ebesten Wissen und Gewissen\u201c. dramfolks kann keine Gew\u00e4hrleistung f\u00fcr den Inhalt der Flaschen \u00fcbernehmen. Weitere Infos &amp; Hinweise finden Sie in unseren AGBs. Wir empfehlen Ihnen, vor der Abgabe von Geboten \u00fcber die Zoomfunktion eine Besichtigung \/ genaue Pr\u00fcfung des angebotenen Whiskys vorzunehmen. Bitte kontaktieren sie uns bei Fragen direkt unter info@dramfolks.com<\/p>\n","protected":false},"excerpt":{"rendered":"<p>Destille: Dresdner Whisky Manufaktur Im Jahre 2019 setzen Frank Leichsenring und Thomas Michalski ihre Idee vom eigenen Whisky in die Tat um. So wurde im Jan. 2019 dann die Dresdner Whisky Manufaktur gegr\u00fcndet und etwas sp\u00e4ter die Marke HELLINGER angemeldet. Im Fr\u00fchjahr 2020 folgten dann der Werbefachmann Uwe L\u00f6scher und der Kommunikationsspezialist Rainer Kern dem[&#8230;]\n","protected":false},"featured_media":2803,"comment_status":"closed","ping_status":"closed","template":"","meta":[],"product_brand":[],"product_cat":[413],"product_tag":[],"class_list":{"0":"post-2802","1":"product","2":"type-product","3":"status-publish","4":"has-post-thumbnail","6":"product_cat-no-5-special-auction","8":"first","9":"instock","10":"shipping-taxable","11":"purchasable","12":"product-type-auction"},"yoast_head":"<!-- This site is optimized with the Yoast SEO plugin v27.4 - https:\/\/yoast.com\/product\/yoast-seo-wordpress\/ -->\n<title>Dresdner Whisky Manufaktur - Hellinger Winzer-Edition Nr. 2 - Dramfolks Whisky Auction<\/title>\n<meta name=\"robots\" content=\"index, follow, max-snippet:-1, max-image-preview:large, max-video-preview:-1\" \/>\n<link rel=\"canonical\" href=\"https:\/\/www.dramfolks-whisky-auction.com\/en\/product\/dresdner-whisky-manufaktur-hellinger-winzer-edition-nr-2\/\" \/>\n<meta property=\"og:locale\" content=\"en_US\" \/>\n<meta property=\"og:type\" content=\"article\" \/>\n<meta property=\"og:title\" content=\"Dresdner Whisky Manufaktur - Hellinger Winzer-Edition Nr. 2 - Dramfolks Whisky Auction\" \/>\n<meta property=\"og:description\" content=\"Destille: Dresdner Whisky Manufaktur Im Jahre 2019 setzen Frank Leichsenring und Thomas Michalski ihre Idee vom eigenen Whisky in die Tat um. So wurde im Jan. 2019 dann die Dresdner Whisky Manufaktur gegr\u00fcndet und etwas sp\u00e4ter die Marke HELLINGER angemeldet. Im Fr\u00fchjahr 2020 folgten dann der Werbefachmann Uwe L\u00f6scher und der Kommunikationsspezialist Rainer Kern dem[...]\" \/>\n<meta property=\"og:url\" content=\"https:\/\/www.dramfolks-whisky-auction.com\/en\/product\/dresdner-whisky-manufaktur-hellinger-winzer-edition-nr-2\/\" \/>\n<meta property=\"og:site_name\" content=\"Dramfolks Whisky Auction\" \/>\n<meta property=\"article:modified_time\" content=\"2023-07-03T19:48:46+00:00\" \/>\n<meta property=\"og:image\" content=\"https:\/\/www.dramfolks-whisky-auction.com\/wp-content\/uploads\/2023\/06\/helling42-vorne-scaled.jpg\" \/>\n\t<meta property=\"og:image:width\" content=\"2560\" \/>\n\t<meta property=\"og:image:height\" content=\"2560\" \/>\n\t<meta property=\"og:image:type\" content=\"image\/jpeg\" \/>\n<meta name=\"twitter:card\" content=\"summary_large_image\" \/>\n<meta name=\"twitter:label1\" content=\"Est. reading time\" \/>\n\t<meta name=\"twitter:data1\" content=\"3 minutes\" \/>\n<script type=\"application\/ld+json\" class=\"yoast-schema-graph\">{\"@context\":\"https:\\\/\\\/schema.org\",\"@graph\":[{\"@type\":\"WebPage\",\"@id\":\"https:\\\/\\\/www.dramfolks-whisky-auction.com\\\/en\\\/product\\\/dresdner-whisky-manufaktur-hellinger-winzer-edition-nr-2\\\/\",\"url\":\"https:\\\/\\\/www.dramfolks-whisky-auction.com\\\/en\\\/product\\\/dresdner-whisky-manufaktur-hellinger-winzer-edition-nr-2\\\/\",\"name\":\"Dresdner Whisky Manufaktur - Hellinger Winzer-Edition Nr. 2 - Dramfolks Whisky Auction\",\"isPartOf\":{\"@id\":\"https:\\\/\\\/www.dramfolks-whisky-auction.com\\\/en\\\/#website\"},\"primaryImageOfPage\":{\"@id\":\"https:\\\/\\\/www.dramfolks-whisky-auction.com\\\/en\\\/product\\\/dresdner-whisky-manufaktur-hellinger-winzer-edition-nr-2\\\/#primaryimage\"},\"image\":{\"@id\":\"https:\\\/\\\/www.dramfolks-whisky-auction.com\\\/en\\\/product\\\/dresdner-whisky-manufaktur-hellinger-winzer-edition-nr-2\\\/#primaryimage\"},\"thumbnailUrl\":\"https:\\\/\\\/www.dramfolks-whisky-auction.com\\\/wp-content\\\/uploads\\\/2023\\\/06\\\/helling42-vorne-scaled.jpg\",\"datePublished\":\"2023-06-11T18:50:05+00:00\",\"dateModified\":\"2023-07-03T19:48:46+00:00\",\"breadcrumb\":{\"@id\":\"https:\\\/\\\/www.dramfolks-whisky-auction.com\\\/en\\\/product\\\/dresdner-whisky-manufaktur-hellinger-winzer-edition-nr-2\\\/#breadcrumb\"},\"inLanguage\":\"en-US\",\"potentialAction\":[{\"@type\":\"ReadAction\",\"target\":[\"https:\\\/\\\/www.dramfolks-whisky-auction.com\\\/en\\\/product\\\/dresdner-whisky-manufaktur-hellinger-winzer-edition-nr-2\\\/\"]}]},{\"@type\":\"ImageObject\",\"inLanguage\":\"en-US\",\"@id\":\"https:\\\/\\\/www.dramfolks-whisky-auction.com\\\/en\\\/product\\\/dresdner-whisky-manufaktur-hellinger-winzer-edition-nr-2\\\/#primaryimage\",\"url\":\"https:\\\/\\\/www.dramfolks-whisky-auction.com\\\/wp-content\\\/uploads\\\/2023\\\/06\\\/helling42-vorne-scaled.jpg\",\"contentUrl\":\"https:\\\/\\\/www.dramfolks-whisky-auction.com\\\/wp-content\\\/uploads\\\/2023\\\/06\\\/helling42-vorne-scaled.jpg\",\"width\":2560,\"height\":2560},{\"@type\":\"BreadcrumbList\",\"@id\":\"https:\\\/\\\/www.dramfolks-whisky-auction.com\\\/en\\\/product\\\/dresdner-whisky-manufaktur-hellinger-winzer-edition-nr-2\\\/#breadcrumb\",\"itemListElement\":[{\"@type\":\"ListItem\",\"position\":1,\"name\":\"Startseite\",\"item\":\"https:\\\/\\\/www.dramfolks-whisky-auction.com\\\/en\\\/\"},{\"@type\":\"ListItem\",\"position\":2,\"name\":\"Shop\",\"item\":\"https:\\\/\\\/www.dramfolks-whisky-auction.com\\\/en\\\/shop\\\/\"},{\"@type\":\"ListItem\",\"position\":3,\"name\":\"Dresdner Whisky Manufaktur &#8211; Hellinger Winzer-Edition Nr. 2\"}]},{\"@type\":\"WebSite\",\"@id\":\"https:\\\/\\\/www.dramfolks-whisky-auction.com\\\/en\\\/#website\",\"url\":\"https:\\\/\\\/www.dramfolks-whisky-auction.com\\\/en\\\/\",\"name\":\"Dramfolks Whisky Auction\",\"description\":\"\",\"potentialAction\":[{\"@type\":\"SearchAction\",\"target\":{\"@type\":\"EntryPoint\",\"urlTemplate\":\"https:\\\/\\\/www.dramfolks-whisky-auction.com\\\/en\\\/?s={search_term_string}\"},\"query-input\":{\"@type\":\"PropertyValueSpecification\",\"valueRequired\":true,\"valueName\":\"search_term_string\"}}],\"inLanguage\":\"en-US\"}]}<\/script>\n<!-- \/ Yoast SEO plugin. -->","yoast_head_json":{"title":"Dresdner Whisky Manufaktur - Hellinger Winzer-Edition Nr. 2 - Dramfolks Whisky Auction","robots":{"index":"index","follow":"follow","max-snippet":"max-snippet:-1","max-image-preview":"max-image-preview:large","max-video-preview":"max-video-preview:-1"},"canonical":"https:\/\/www.dramfolks-whisky-auction.com\/en\/product\/dresdner-whisky-manufaktur-hellinger-winzer-edition-nr-2\/","og_locale":"en_US","og_type":"article","og_title":"Dresdner Whisky Manufaktur - Hellinger Winzer-Edition Nr. 2 - Dramfolks Whisky Auction","og_description":"Destille: Dresdner Whisky Manufaktur Im Jahre 2019 setzen Frank Leichsenring und Thomas Michalski ihre Idee vom eigenen Whisky in die Tat um. So wurde im Jan. 2019 dann die Dresdner Whisky Manufaktur gegr\u00fcndet und etwas sp\u00e4ter die Marke HELLINGER angemeldet. Im Fr\u00fchjahr 2020 folgten dann der Werbefachmann Uwe L\u00f6scher und der Kommunikationsspezialist Rainer Kern dem[...]","og_url":"https:\/\/www.dramfolks-whisky-auction.com\/en\/product\/dresdner-whisky-manufaktur-hellinger-winzer-edition-nr-2\/","og_site_name":"Dramfolks Whisky Auction","article_modified_time":"2023-07-03T19:48:46+00:00","og_image":[{"width":2560,"height":2560,"url":"https:\/\/www.dramfolks-whisky-auction.com\/wp-content\/uploads\/2023\/06\/helling42-vorne-scaled.jpg","type":"image\/jpeg"}],"twitter_card":"summary_large_image","twitter_misc":{"Est. reading time":"3 minutes"},"schema":{"@context":"https:\/\/schema.org","@graph":[{"@type":"WebPage","@id":"https:\/\/www.dramfolks-whisky-auction.com\/en\/product\/dresdner-whisky-manufaktur-hellinger-winzer-edition-nr-2\/","url":"https:\/\/www.dramfolks-whisky-auction.com\/en\/product\/dresdner-whisky-manufaktur-hellinger-winzer-edition-nr-2\/","name":"Dresdner Whisky Manufaktur - Hellinger Winzer-Edition Nr. 2 - Dramfolks Whisky Auction","isPartOf":{"@id":"https:\/\/www.dramfolks-whisky-auction.com\/en\/#website"},"primaryImageOfPage":{"@id":"https:\/\/www.dramfolks-whisky-auction.com\/en\/product\/dresdner-whisky-manufaktur-hellinger-winzer-edition-nr-2\/#primaryimage"},"image":{"@id":"https:\/\/www.dramfolks-whisky-auction.com\/en\/product\/dresdner-whisky-manufaktur-hellinger-winzer-edition-nr-2\/#primaryimage"},"thumbnailUrl":"https:\/\/www.dramfolks-whisky-auction.com\/wp-content\/uploads\/2023\/06\/helling42-vorne-scaled.jpg","datePublished":"2023-06-11T18:50:05+00:00","dateModified":"2023-07-03T19:48:46+00:00","breadcrumb":{"@id":"https:\/\/www.dramfolks-whisky-auction.com\/en\/product\/dresdner-whisky-manufaktur-hellinger-winzer-edition-nr-2\/#breadcrumb"},"inLanguage":"en-US","potentialAction":[{"@type":"ReadAction","target":["https:\/\/www.dramfolks-whisky-auction.com\/en\/product\/dresdner-whisky-manufaktur-hellinger-winzer-edition-nr-2\/"]}]},{"@type":"ImageObject","inLanguage":"en-US","@id":"https:\/\/www.dramfolks-whisky-auction.com\/en\/product\/dresdner-whisky-manufaktur-hellinger-winzer-edition-nr-2\/#primaryimage","url":"https:\/\/www.dramfolks-whisky-auction.com\/wp-content\/uploads\/2023\/06\/helling42-vorne-scaled.jpg","contentUrl":"https:\/\/www.dramfolks-whisky-auction.com\/wp-content\/uploads\/2023\/06\/helling42-vorne-scaled.jpg","width":2560,"height":2560},{"@type":"BreadcrumbList","@id":"https:\/\/www.dramfolks-whisky-auction.com\/en\/product\/dresdner-whisky-manufaktur-hellinger-winzer-edition-nr-2\/#breadcrumb","itemListElement":[{"@type":"ListItem","position":1,"name":"Startseite","item":"https:\/\/www.dramfolks-whisky-auction.com\/en\/"},{"@type":"ListItem","position":2,"name":"Shop","item":"https:\/\/www.dramfolks-whisky-auction.com\/en\/shop\/"},{"@type":"ListItem","position":3,"name":"Dresdner Whisky Manufaktur &#8211; Hellinger Winzer-Edition Nr. 2"}]},{"@type":"WebSite","@id":"https:\/\/www.dramfolks-whisky-auction.com\/en\/#website","url":"https:\/\/www.dramfolks-whisky-auction.com\/en\/","name":"Dramfolks Whisky Auction","description":"","potentialAction":[{"@type":"SearchAction","target":{"@type":"EntryPoint","urlTemplate":"https:\/\/www.dramfolks-whisky-auction.com\/en\/?s={search_term_string}"},"query-input":{"@type":"PropertyValueSpecification","valueRequired":true,"valueName":"search_term_string"}}],"inLanguage":"en-US"}]}},"_links":{"self":[{"href":"https:\/\/www.dramfolks-whisky-auction.com\/en\/wp-json\/wp\/v2\/product\/2802","targetHints":{"allow":["GET"]}}],"collection":[{"href":"https:\/\/www.dramfolks-whisky-auction.com\/en\/wp-json\/wp\/v2\/product"}],"about":[{"href":"https:\/\/www.dramfolks-whisky-auction.com\/en\/wp-json\/wp\/v2\/types\/product"}],"replies":[{"embeddable":true,"href":"https:\/\/www.dramfolks-whisky-auction.com\/en\/wp-json\/wp\/v2\/comments?post=2802"}],"wp:featuredmedia":[{"embeddable":true,"href":"https:\/\/www.dramfolks-whisky-auction.com\/en\/wp-json\/wp\/v2\/media\/2803"}],"wp:attachment":[{"href":"https:\/\/www.dramfolks-whisky-auction.com\/en\/wp-json\/wp\/v2\/media?parent=2802"}],"wp:term":[{"taxonomy":"product_brand","embeddable":true,"href":"https:\/\/www.dramfolks-whisky-auction.com\/en\/wp-json\/wp\/v2\/product_brand?post=2802"},{"taxonomy":"product_cat","embeddable":true,"href":"https:\/\/www.dramfolks-whisky-auction.com\/en\/wp-json\/wp\/v2\/product_cat?post=2802"},{"taxonomy":"product_tag","embeddable":true,"href":"https:\/\/www.dramfolks-whisky-auction.com\/en\/wp-json\/wp\/v2\/product_tag?post=2802"}],"curies":[{"name":"wp","href":"https:\/\/api.w.org\/{rel}","templated":true}]}}