{"id":2571,"date":"2023-05-17T21:06:07","date_gmt":"2023-05-17T19:06:07","guid":{"rendered":"https:\/\/www.dramfolks-whisky-auction.com\/?post_type=product&#038;p=2571"},"modified":"2023-06-30T21:55:48","modified_gmt":"2023-06-30T19:55:48","slug":"hercynian-distilling-co-hammerschmiede-elsburn-rivesaltes-cask","status":"publish","type":"product","link":"https:\/\/www.dramfolks-whisky-auction.com\/en\/product\/hercynian-distilling-co-hammerschmiede-elsburn-rivesaltes-cask\/","title":{"rendered":"Hercynian Distilling Co. \/ Hammerschmiede &#8211; Elsburn Rivesaltes Cask"},"content":{"rendered":"<p><strong>Destille: Hercynian Distilling Co. \/ Hammerschmiede<br \/>\n<\/strong>Die Destillerie und Manufaktur Hammerschmiede wurde 1985 in der alten Hammerschmiede in Wieda bei Zorge (Niedersachsen) gegr\u00fcndet. Die alte Hammerschmiede, welche heute einen Teil der Whiskyf\u00e4sser beherbergt, wurde zwischen 1250 und 1270 von M\u00f6nchen und deren Gehilfen aus dem nahen Kloster Walkenried erbaut und geh\u00f6rte bis 1593 zu den Besitzt\u00fcmern des Klosters. 1895 wechselte die Hammerschmiede in den Besitz der Betreiberfamilie der heutigen Manufaktur. An diesem Ort begann auch die Geschichte des Harzer Single Malts mit den ersten Fassf\u00fcllungen im Jahr 2002. Seit 2007 ist der GlenEls\/ElsBurn im Malt Whisky Yearbook j\u00e4hrlich vertreten. Es folgten Mehrfach-Auszeichnungen in Gold bei den World Whisky Awards, Liquid Gold Awards und eine Platzierung unter den Top-20-Brennereien weltweit bei den 2019 World-Whisky-Awards. J\u00e4hrliches Produktionsvolumen: ca. 30.000 Liter.<\/p>\n<p><strong>Fun Fakt:<\/strong> 2019 &#8220;registrierte&#8221; man auch in Schottland, dass die Harzer einen super tollen Whisky brennen k\u00f6nnen. So gut, dass man die &#8220;kleine&#8221; Destille verklagte, weil sie im Namen das Wort &#8220;Glen&#8221; hatte. Da aber Glen ein &#8220;Kulturgut&#8221; der schottischen Whiskygesellschaft darstellt, untersagte man den Harzern mit Hilfe eines Urteils des Oberlandesgerichtes Hamburg den Namensbestandteil Glen. Dadurch erfolgte notgedrungen die Umbenennung in das heutige ElsBurn. Hat dem Erfolg und der Qualit\u00e4t des Harzer Whiskys aber absolut nicht geschadet!!!!<\/p>\n<p><strong>Whisky\/Whiskey: Elsburn Rivesaltes Cask<br \/>\n<\/strong><\/p>\n<p>F\u00fcr diesen Single Malt Whisky wurden ausschlie\u00dflich franz\u00f6sische Rivesaltes F\u00e4sser verwendet. Rivesaltes ist ein Weinbaugebiet, was sich in L&#8217;Occitanie (bis 2016 Languedoc-Roussillon) auf 10.000 Hektar in den Pyren\u00e4en erstreckt. Die Weine dieser Region werden aufgrund ihres \u00fcppigen und s\u00fc\u00df-fruchtigen Geschmacks als Dessertwein oder auch als Aperitif genutzt. Die F\u00e4sser in denen der Wein lagerte, geben diesem Single Malt Whisky geschmackliche Noten von Pflaumen, Rosinen und leicht nussige Akzente. Limitiert auf 1.484 Flaschen &#8211; eine echte Rarit\u00e4t aus dem Harz! Batch 001 &#8211; Bottle Code L2143.<\/p>\n<p><strong>Info Qualit\u00e4t der Flasche:<\/strong> Exzellent ohne Besch\u00e4digungen \/ <strong>F\u00fcllstand:<\/strong> Into neck<br \/>\n<strong>Info Qualit\u00e4t der Box:<\/strong> keine Box vorhanden<\/p>\n<p><strong>Wichtiger Hinweis: <\/strong>Die Bewertung der Flaschen und Boxen erfolgt nach \u201ebesten Wissen und Gewissen\u201c. dramfolks kann keine Gew\u00e4hrleistung f\u00fcr den Inhalt der Flaschen \u00fcbernehmen. Weitere Infos &amp; Hinweise finden Sie in unseren AGBs. Wir empfehlen Ihnen, vor der Abgabe von Geboten \u00fcber die Zoomfunktion eine Besichtigung \/ genaue Pr\u00fcfung des angebotenen Whiskys vorzunehmen. Bitte kontaktieren sie uns bei Fragen direkt unter info@dramfolks.com<\/p>\n","protected":false},"excerpt":{"rendered":"<p>Destille: Hercynian Distilling Co. \/ Hammerschmiede Die Destillerie und Manufaktur Hammerschmiede wurde 1985 in der alten Hammerschmiede in Wieda bei Zorge (Niedersachsen) gegr\u00fcndet. Die alte Hammerschmiede, welche heute einen Teil der Whiskyf\u00e4sser beherbergt, wurde zwischen 1250 und 1270 von M\u00f6nchen und deren Gehilfen aus dem nahen Kloster Walkenried erbaut und geh\u00f6rte bis 1593 zu den[&#8230;]\n","protected":false},"featured_media":2572,"comment_status":"closed","ping_status":"closed","template":"","meta":[],"product_brand":[],"product_cat":[369],"product_tag":[],"class_list":{"0":"post-2571","1":"product","2":"type-product","3":"status-publish","4":"has-post-thumbnail","6":"product_cat-no-4","8":"first","9":"instock","10":"shipping-taxable","11":"purchasable","12":"product-type-auction"},"yoast_head":"<!-- This site is optimized with the Yoast SEO plugin v27.4 - https:\/\/yoast.com\/product\/yoast-seo-wordpress\/ -->\n<title>Hercynian Distilling Co. \/ Hammerschmiede - Elsburn Rivesaltes Cask - Dramfolks Whisky Auction<\/title>\n<meta name=\"robots\" content=\"index, follow, max-snippet:-1, max-image-preview:large, max-video-preview:-1\" \/>\n<link rel=\"canonical\" href=\"https:\/\/www.dramfolks-whisky-auction.com\/en\/product\/hercynian-distilling-co-hammerschmiede-elsburn-rivesaltes-cask\/\" \/>\n<meta property=\"og:locale\" content=\"en_US\" \/>\n<meta property=\"og:type\" content=\"article\" \/>\n<meta property=\"og:title\" content=\"Hercynian Distilling Co. \/ Hammerschmiede - Elsburn Rivesaltes Cask - Dramfolks Whisky Auction\" \/>\n<meta property=\"og:description\" content=\"Destille: Hercynian Distilling Co. \/ Hammerschmiede Die Destillerie und Manufaktur Hammerschmiede wurde 1985 in der alten Hammerschmiede in Wieda bei Zorge (Niedersachsen) gegr\u00fcndet. Die alte Hammerschmiede, welche heute einen Teil der Whiskyf\u00e4sser beherbergt, wurde zwischen 1250 und 1270 von M\u00f6nchen und deren Gehilfen aus dem nahen Kloster Walkenried erbaut und geh\u00f6rte bis 1593 zu den[...]\" \/>\n<meta property=\"og:url\" content=\"https:\/\/www.dramfolks-whisky-auction.com\/en\/product\/hercynian-distilling-co-hammerschmiede-elsburn-rivesaltes-cask\/\" \/>\n<meta property=\"og:site_name\" content=\"Dramfolks Whisky Auction\" \/>\n<meta property=\"article:modified_time\" content=\"2023-06-30T19:55:48+00:00\" \/>\n<meta property=\"og:image\" content=\"https:\/\/www.dramfolks-whisky-auction.com\/wp-content\/uploads\/2023\/05\/Elsburn-Rivesaltes-vorne-scaled.jpg\" \/>\n\t<meta property=\"og:image:width\" content=\"2560\" \/>\n\t<meta property=\"og:image:height\" content=\"2560\" \/>\n\t<meta property=\"og:image:type\" content=\"image\/jpeg\" \/>\n<meta name=\"twitter:card\" content=\"summary_large_image\" \/>\n<meta name=\"twitter:label1\" content=\"Est. reading time\" \/>\n\t<meta name=\"twitter:data1\" content=\"3 minutes\" \/>\n<script type=\"application\/ld+json\" class=\"yoast-schema-graph\">{\"@context\":\"https:\\\/\\\/schema.org\",\"@graph\":[{\"@type\":\"WebPage\",\"@id\":\"https:\\\/\\\/www.dramfolks-whisky-auction.com\\\/en\\\/product\\\/hercynian-distilling-co-hammerschmiede-elsburn-rivesaltes-cask\\\/\",\"url\":\"https:\\\/\\\/www.dramfolks-whisky-auction.com\\\/en\\\/product\\\/hercynian-distilling-co-hammerschmiede-elsburn-rivesaltes-cask\\\/\",\"name\":\"Hercynian Distilling Co. \\\/ Hammerschmiede - Elsburn Rivesaltes Cask - Dramfolks Whisky Auction\",\"isPartOf\":{\"@id\":\"https:\\\/\\\/www.dramfolks-whisky-auction.com\\\/en\\\/#website\"},\"primaryImageOfPage\":{\"@id\":\"https:\\\/\\\/www.dramfolks-whisky-auction.com\\\/en\\\/product\\\/hercynian-distilling-co-hammerschmiede-elsburn-rivesaltes-cask\\\/#primaryimage\"},\"image\":{\"@id\":\"https:\\\/\\\/www.dramfolks-whisky-auction.com\\\/en\\\/product\\\/hercynian-distilling-co-hammerschmiede-elsburn-rivesaltes-cask\\\/#primaryimage\"},\"thumbnailUrl\":\"https:\\\/\\\/www.dramfolks-whisky-auction.com\\\/wp-content\\\/uploads\\\/2023\\\/05\\\/Elsburn-Rivesaltes-vorne-scaled.jpg\",\"datePublished\":\"2023-05-17T19:06:07+00:00\",\"dateModified\":\"2023-06-30T19:55:48+00:00\",\"breadcrumb\":{\"@id\":\"https:\\\/\\\/www.dramfolks-whisky-auction.com\\\/en\\\/product\\\/hercynian-distilling-co-hammerschmiede-elsburn-rivesaltes-cask\\\/#breadcrumb\"},\"inLanguage\":\"en-US\",\"potentialAction\":[{\"@type\":\"ReadAction\",\"target\":[\"https:\\\/\\\/www.dramfolks-whisky-auction.com\\\/en\\\/product\\\/hercynian-distilling-co-hammerschmiede-elsburn-rivesaltes-cask\\\/\"]}]},{\"@type\":\"ImageObject\",\"inLanguage\":\"en-US\",\"@id\":\"https:\\\/\\\/www.dramfolks-whisky-auction.com\\\/en\\\/product\\\/hercynian-distilling-co-hammerschmiede-elsburn-rivesaltes-cask\\\/#primaryimage\",\"url\":\"https:\\\/\\\/www.dramfolks-whisky-auction.com\\\/wp-content\\\/uploads\\\/2023\\\/05\\\/Elsburn-Rivesaltes-vorne-scaled.jpg\",\"contentUrl\":\"https:\\\/\\\/www.dramfolks-whisky-auction.com\\\/wp-content\\\/uploads\\\/2023\\\/05\\\/Elsburn-Rivesaltes-vorne-scaled.jpg\",\"width\":2560,\"height\":2560},{\"@type\":\"BreadcrumbList\",\"@id\":\"https:\\\/\\\/www.dramfolks-whisky-auction.com\\\/en\\\/product\\\/hercynian-distilling-co-hammerschmiede-elsburn-rivesaltes-cask\\\/#breadcrumb\",\"itemListElement\":[{\"@type\":\"ListItem\",\"position\":1,\"name\":\"Startseite\",\"item\":\"https:\\\/\\\/www.dramfolks-whisky-auction.com\\\/en\\\/\"},{\"@type\":\"ListItem\",\"position\":2,\"name\":\"Shop\",\"item\":\"https:\\\/\\\/www.dramfolks-whisky-auction.com\\\/en\\\/shop\\\/\"},{\"@type\":\"ListItem\",\"position\":3,\"name\":\"Hercynian Distilling Co. \\\/ Hammerschmiede &#8211; Elsburn Rivesaltes Cask\"}]},{\"@type\":\"WebSite\",\"@id\":\"https:\\\/\\\/www.dramfolks-whisky-auction.com\\\/en\\\/#website\",\"url\":\"https:\\\/\\\/www.dramfolks-whisky-auction.com\\\/en\\\/\",\"name\":\"Dramfolks Whisky Auction\",\"description\":\"\",\"potentialAction\":[{\"@type\":\"SearchAction\",\"target\":{\"@type\":\"EntryPoint\",\"urlTemplate\":\"https:\\\/\\\/www.dramfolks-whisky-auction.com\\\/en\\\/?s={search_term_string}\"},\"query-input\":{\"@type\":\"PropertyValueSpecification\",\"valueRequired\":true,\"valueName\":\"search_term_string\"}}],\"inLanguage\":\"en-US\"}]}<\/script>\n<!-- \/ Yoast SEO plugin. -->","yoast_head_json":{"title":"Hercynian Distilling Co. \/ Hammerschmiede - Elsburn Rivesaltes Cask - Dramfolks Whisky Auction","robots":{"index":"index","follow":"follow","max-snippet":"max-snippet:-1","max-image-preview":"max-image-preview:large","max-video-preview":"max-video-preview:-1"},"canonical":"https:\/\/www.dramfolks-whisky-auction.com\/en\/product\/hercynian-distilling-co-hammerschmiede-elsburn-rivesaltes-cask\/","og_locale":"en_US","og_type":"article","og_title":"Hercynian Distilling Co. \/ Hammerschmiede - Elsburn Rivesaltes Cask - Dramfolks Whisky Auction","og_description":"Destille: Hercynian Distilling Co. \/ Hammerschmiede Die Destillerie und Manufaktur Hammerschmiede wurde 1985 in der alten Hammerschmiede in Wieda bei Zorge (Niedersachsen) gegr\u00fcndet. Die alte Hammerschmiede, welche heute einen Teil der Whiskyf\u00e4sser beherbergt, wurde zwischen 1250 und 1270 von M\u00f6nchen und deren Gehilfen aus dem nahen Kloster Walkenried erbaut und geh\u00f6rte bis 1593 zu den[...]","og_url":"https:\/\/www.dramfolks-whisky-auction.com\/en\/product\/hercynian-distilling-co-hammerschmiede-elsburn-rivesaltes-cask\/","og_site_name":"Dramfolks Whisky Auction","article_modified_time":"2023-06-30T19:55:48+00:00","og_image":[{"width":2560,"height":2560,"url":"https:\/\/www.dramfolks-whisky-auction.com\/wp-content\/uploads\/2023\/05\/Elsburn-Rivesaltes-vorne-scaled.jpg","type":"image\/jpeg"}],"twitter_card":"summary_large_image","twitter_misc":{"Est. reading time":"3 minutes"},"schema":{"@context":"https:\/\/schema.org","@graph":[{"@type":"WebPage","@id":"https:\/\/www.dramfolks-whisky-auction.com\/en\/product\/hercynian-distilling-co-hammerschmiede-elsburn-rivesaltes-cask\/","url":"https:\/\/www.dramfolks-whisky-auction.com\/en\/product\/hercynian-distilling-co-hammerschmiede-elsburn-rivesaltes-cask\/","name":"Hercynian Distilling Co. \/ Hammerschmiede - Elsburn Rivesaltes Cask - Dramfolks Whisky Auction","isPartOf":{"@id":"https:\/\/www.dramfolks-whisky-auction.com\/en\/#website"},"primaryImageOfPage":{"@id":"https:\/\/www.dramfolks-whisky-auction.com\/en\/product\/hercynian-distilling-co-hammerschmiede-elsburn-rivesaltes-cask\/#primaryimage"},"image":{"@id":"https:\/\/www.dramfolks-whisky-auction.com\/en\/product\/hercynian-distilling-co-hammerschmiede-elsburn-rivesaltes-cask\/#primaryimage"},"thumbnailUrl":"https:\/\/www.dramfolks-whisky-auction.com\/wp-content\/uploads\/2023\/05\/Elsburn-Rivesaltes-vorne-scaled.jpg","datePublished":"2023-05-17T19:06:07+00:00","dateModified":"2023-06-30T19:55:48+00:00","breadcrumb":{"@id":"https:\/\/www.dramfolks-whisky-auction.com\/en\/product\/hercynian-distilling-co-hammerschmiede-elsburn-rivesaltes-cask\/#breadcrumb"},"inLanguage":"en-US","potentialAction":[{"@type":"ReadAction","target":["https:\/\/www.dramfolks-whisky-auction.com\/en\/product\/hercynian-distilling-co-hammerschmiede-elsburn-rivesaltes-cask\/"]}]},{"@type":"ImageObject","inLanguage":"en-US","@id":"https:\/\/www.dramfolks-whisky-auction.com\/en\/product\/hercynian-distilling-co-hammerschmiede-elsburn-rivesaltes-cask\/#primaryimage","url":"https:\/\/www.dramfolks-whisky-auction.com\/wp-content\/uploads\/2023\/05\/Elsburn-Rivesaltes-vorne-scaled.jpg","contentUrl":"https:\/\/www.dramfolks-whisky-auction.com\/wp-content\/uploads\/2023\/05\/Elsburn-Rivesaltes-vorne-scaled.jpg","width":2560,"height":2560},{"@type":"BreadcrumbList","@id":"https:\/\/www.dramfolks-whisky-auction.com\/en\/product\/hercynian-distilling-co-hammerschmiede-elsburn-rivesaltes-cask\/#breadcrumb","itemListElement":[{"@type":"ListItem","position":1,"name":"Startseite","item":"https:\/\/www.dramfolks-whisky-auction.com\/en\/"},{"@type":"ListItem","position":2,"name":"Shop","item":"https:\/\/www.dramfolks-whisky-auction.com\/en\/shop\/"},{"@type":"ListItem","position":3,"name":"Hercynian Distilling Co. \/ Hammerschmiede &#8211; Elsburn Rivesaltes Cask"}]},{"@type":"WebSite","@id":"https:\/\/www.dramfolks-whisky-auction.com\/en\/#website","url":"https:\/\/www.dramfolks-whisky-auction.com\/en\/","name":"Dramfolks Whisky Auction","description":"","potentialAction":[{"@type":"SearchAction","target":{"@type":"EntryPoint","urlTemplate":"https:\/\/www.dramfolks-whisky-auction.com\/en\/?s={search_term_string}"},"query-input":{"@type":"PropertyValueSpecification","valueRequired":true,"valueName":"search_term_string"}}],"inLanguage":"en-US"}]}},"_links":{"self":[{"href":"https:\/\/www.dramfolks-whisky-auction.com\/en\/wp-json\/wp\/v2\/product\/2571","targetHints":{"allow":["GET"]}}],"collection":[{"href":"https:\/\/www.dramfolks-whisky-auction.com\/en\/wp-json\/wp\/v2\/product"}],"about":[{"href":"https:\/\/www.dramfolks-whisky-auction.com\/en\/wp-json\/wp\/v2\/types\/product"}],"replies":[{"embeddable":true,"href":"https:\/\/www.dramfolks-whisky-auction.com\/en\/wp-json\/wp\/v2\/comments?post=2571"}],"wp:featuredmedia":[{"embeddable":true,"href":"https:\/\/www.dramfolks-whisky-auction.com\/en\/wp-json\/wp\/v2\/media\/2572"}],"wp:attachment":[{"href":"https:\/\/www.dramfolks-whisky-auction.com\/en\/wp-json\/wp\/v2\/media?parent=2571"}],"wp:term":[{"taxonomy":"product_brand","embeddable":true,"href":"https:\/\/www.dramfolks-whisky-auction.com\/en\/wp-json\/wp\/v2\/product_brand?post=2571"},{"taxonomy":"product_cat","embeddable":true,"href":"https:\/\/www.dramfolks-whisky-auction.com\/en\/wp-json\/wp\/v2\/product_cat?post=2571"},{"taxonomy":"product_tag","embeddable":true,"href":"https:\/\/www.dramfolks-whisky-auction.com\/en\/wp-json\/wp\/v2\/product_tag?post=2571"}],"curies":[{"name":"wp","href":"https:\/\/api.w.org\/{rel}","templated":true}]}}