{"id":2535,"date":"2023-05-17T20:09:51","date_gmt":"2023-05-17T18:09:51","guid":{"rendered":"https:\/\/www.dramfolks-whisky-auction.com\/?post_type=product&#038;p=2535"},"modified":"2023-05-28T20:00:29","modified_gmt":"2023-05-28T18:00:29","slug":"bains-cape-mountain-single-grain","status":"publish","type":"product","link":"https:\/\/www.dramfolks-whisky-auction.com\/en\/product\/bains-cape-mountain-single-grain\/","title":{"rendered":"Bain&#8217;s &#8211; Cape Mountain Single Grain"},"content":{"rendered":"<p><strong>Destille: Bain&#8217;s<br \/>\n<\/strong><\/p>\n<p>Im s\u00fcdafrikanischen Wellington in der Region Western Cape liegt die James Sedgwick Destillerie, in der seit 2009 mit dem \u201eBain\u2019s Single Grain Whisky\u201c S\u00fcdafrikas allererster Single Grain Whisky destilliert wird. Unter Brennmeister Andy Watts, einem ehemaligen Cricket-Spieler, der das Brennhandwerk in Schottland erlernt hat, mauserte sich die James Sedgwick Brennerei zu einer der weltweit innovativsten und erfolgreichsten Destillerien.<br \/>\nDer \u201eBain\u2019s Single Grain Whisky\u201c, benannt nach dem schottischen Ingenieur Andrew Geddes Bain, der 1853 den heute noch bedeutsamen Bainskloof Pass erbaute, wurde 2013 vom \u201eWorld Whisky Award\u201c als \u201eWorld\u2018s Best Grain Whisky\u201c, und 2016 mit der begehrten \u201eInternational Spirits Challenge Trophy\u201c ausgezeichnet.<\/p>\n<p><strong>Fun Fakt:\u00a0\u00a0<\/strong>Namensgebend war der britische Kapit\u00e4n James Sedgwick, der mit jungen 22 Jahren bereits seine erste Kommandatur auf einem Schiff der \u201eBritish East India Company\u201c erhalten hatte und sich 1850 in Kapstadt niederlie\u00df. Autor einiger technisch orientierter Publikationen f\u00fcr die internationale Seefahrt-Gemeinschaft, war er gleichzeitig ein geschickter Gesch\u00e4ftsmann, der 1859 mit der \u201eJ. Sedgwick &amp; Co.\u201c seinen Spirituosen- und Tabakhandel gr\u00fcndete. Nach dem Tode Sedgwicks 1872 f\u00fchrten seine beiden S\u00f6hne Charles und Alfred das Unternehmen fort. Sie waren es auch, die 1886 im nahegelegenen Wellington an den Ufern des Berg-Flusses die Destillerie aufbauten. Der Kapit\u00e4n und Vater d\u00fcrfte stolz sein&#8230;<\/p>\n<p><strong>Whisky\/Whiskey: Cape Mountain Single Grain<br \/>\n<\/strong><\/p>\n<p>Gebrannt wird der \u201eBain\u2019s Single Grain Whisky\u201c in Column Stills, Basis sind s\u00fcdafrikanischer Mais und Wasser, gefiltert durch 850 Millionen Jahre alten Sandstein. Anschlie\u00dfend folgt eine zweifache Reifung, deren erster Teil f\u00fcr zun\u00e4chst drei Jahre in First Fill Bourbon-F\u00e4ssern stattfindet, gefolgt von weiteren 18-30 Monaten in neuen First Fill Bourbon-F\u00e4ssern. Tief gelbgolden in der Farbe, begegnet er der Nase mit Vanille-Noten, begleitet von frischen gr\u00fcnen \u00c4pfeln, umgeben von w\u00fcrzigem Zimt und Mandeln.<br \/>\nDer Geschmack ist weich und cremig. Deutliche Vanille im Vordergrund, warmer Zimt, ein wenig Holz und frischer Ingwer. Darunter liegt heller Zuckersirup, Karamell und bitters\u00fc\u00dfes Getreide, die diesen Single Grain in einen langanhaltenden, zunehmend trockenen Abgang f\u00fchren.<\/p>\n<p><strong>Info Qualit\u00e4t der Flasche:<\/strong> Exzellent &#8211; ohne Besch\u00e4digungen \/ <strong>F\u00fcllstand: <\/strong>Into neck<br \/>\n<strong>Info Qualit\u00e4t der Box: <\/strong>Exzellent &#8211; ohne Besch\u00e4digungen<\/p>\n<p><strong>Wichtiger Hinweis:<\/strong> Die Bewertung der Flaschen und Boxen erfolgt nach \u201ebesten Wissen und Gewissen\u201c. dramfolks kann keine Gew\u00e4hrleistung f\u00fcr den Inhalt der Flaschen \u00fcbernehmen. Weitere Infos &amp; Hinweise finden Sie in unseren AGBs. Wir empfehlen Ihnen, vor der Abgabe von Geboten \u00fcber die Zoomfunktion eine Besichtigung \/ genaue Pr\u00fcfung des angebotenen Whiskys vorzunehmen. Bitte kontaktieren sie uns bei Fragen direkt unter info@dramfolks.com<\/p>\n","protected":false},"excerpt":{"rendered":"<p>Destille: Bain&#8217;s Im s\u00fcdafrikanischen Wellington in der Region Western Cape liegt die James Sedgwick Destillerie, in der seit 2009 mit dem \u201eBain\u2019s Single Grain Whisky\u201c S\u00fcdafrikas allererster Single Grain Whisky destilliert wird. Unter Brennmeister Andy Watts, einem ehemaligen Cricket-Spieler, der das Brennhandwerk in Schottland erlernt hat, mauserte sich die James Sedgwick Brennerei zu einer der[&#8230;]\n","protected":false},"featured_media":2536,"comment_status":"closed","ping_status":"closed","template":"","meta":[],"product_brand":[],"product_cat":[369],"product_tag":[],"class_list":{"0":"post-2535","1":"product","2":"type-product","3":"status-publish","4":"has-post-thumbnail","6":"product_cat-no-4","8":"first","9":"instock","10":"shipping-taxable","11":"purchasable","12":"product-type-auction"},"yoast_head":"<!-- This site is optimized with the Yoast SEO plugin v27.4 - https:\/\/yoast.com\/product\/yoast-seo-wordpress\/ -->\n<title>Bain&#039;s - Cape Mountain Single Grain - Dramfolks Whisky Auction<\/title>\n<meta name=\"robots\" content=\"index, follow, max-snippet:-1, max-image-preview:large, max-video-preview:-1\" \/>\n<link rel=\"canonical\" href=\"https:\/\/www.dramfolks-whisky-auction.com\/en\/product\/bains-cape-mountain-single-grain\/\" \/>\n<meta property=\"og:locale\" content=\"en_US\" \/>\n<meta property=\"og:type\" content=\"article\" \/>\n<meta property=\"og:title\" content=\"Bain&#039;s - Cape Mountain Single Grain - Dramfolks Whisky Auction\" \/>\n<meta property=\"og:description\" content=\"Destille: Bain&#8217;s Im s\u00fcdafrikanischen Wellington in der Region Western Cape liegt die James Sedgwick Destillerie, in der seit 2009 mit dem \u201eBain\u2019s Single Grain Whisky\u201c S\u00fcdafrikas allererster Single Grain Whisky destilliert wird. Unter Brennmeister Andy Watts, einem ehemaligen Cricket-Spieler, der das Brennhandwerk in Schottland erlernt hat, mauserte sich die James Sedgwick Brennerei zu einer der[...]\" \/>\n<meta property=\"og:url\" content=\"https:\/\/www.dramfolks-whisky-auction.com\/en\/product\/bains-cape-mountain-single-grain\/\" \/>\n<meta property=\"og:site_name\" content=\"Dramfolks Whisky Auction\" \/>\n<meta property=\"article:modified_time\" content=\"2023-05-28T18:00:29+00:00\" \/>\n<meta property=\"og:image\" content=\"https:\/\/www.dramfolks-whisky-auction.com\/wp-content\/uploads\/2023\/05\/bains-vorne-scaled.jpg\" \/>\n\t<meta property=\"og:image:width\" content=\"2560\" \/>\n\t<meta property=\"og:image:height\" content=\"2560\" \/>\n\t<meta property=\"og:image:type\" content=\"image\/jpeg\" \/>\n<meta name=\"twitter:card\" content=\"summary_large_image\" \/>\n<meta name=\"twitter:label1\" content=\"Est. reading time\" \/>\n\t<meta name=\"twitter:data1\" content=\"3 minutes\" \/>\n<script type=\"application\/ld+json\" class=\"yoast-schema-graph\">{\"@context\":\"https:\\\/\\\/schema.org\",\"@graph\":[{\"@type\":\"WebPage\",\"@id\":\"https:\\\/\\\/www.dramfolks-whisky-auction.com\\\/en\\\/product\\\/bains-cape-mountain-single-grain\\\/\",\"url\":\"https:\\\/\\\/www.dramfolks-whisky-auction.com\\\/en\\\/product\\\/bains-cape-mountain-single-grain\\\/\",\"name\":\"Bain's - Cape Mountain Single Grain - Dramfolks Whisky Auction\",\"isPartOf\":{\"@id\":\"https:\\\/\\\/www.dramfolks-whisky-auction.com\\\/en\\\/#website\"},\"primaryImageOfPage\":{\"@id\":\"https:\\\/\\\/www.dramfolks-whisky-auction.com\\\/en\\\/product\\\/bains-cape-mountain-single-grain\\\/#primaryimage\"},\"image\":{\"@id\":\"https:\\\/\\\/www.dramfolks-whisky-auction.com\\\/en\\\/product\\\/bains-cape-mountain-single-grain\\\/#primaryimage\"},\"thumbnailUrl\":\"https:\\\/\\\/www.dramfolks-whisky-auction.com\\\/wp-content\\\/uploads\\\/2023\\\/05\\\/bains-vorne-scaled.jpg\",\"datePublished\":\"2023-05-17T18:09:51+00:00\",\"dateModified\":\"2023-05-28T18:00:29+00:00\",\"breadcrumb\":{\"@id\":\"https:\\\/\\\/www.dramfolks-whisky-auction.com\\\/en\\\/product\\\/bains-cape-mountain-single-grain\\\/#breadcrumb\"},\"inLanguage\":\"en-US\",\"potentialAction\":[{\"@type\":\"ReadAction\",\"target\":[\"https:\\\/\\\/www.dramfolks-whisky-auction.com\\\/en\\\/product\\\/bains-cape-mountain-single-grain\\\/\"]}]},{\"@type\":\"ImageObject\",\"inLanguage\":\"en-US\",\"@id\":\"https:\\\/\\\/www.dramfolks-whisky-auction.com\\\/en\\\/product\\\/bains-cape-mountain-single-grain\\\/#primaryimage\",\"url\":\"https:\\\/\\\/www.dramfolks-whisky-auction.com\\\/wp-content\\\/uploads\\\/2023\\\/05\\\/bains-vorne-scaled.jpg\",\"contentUrl\":\"https:\\\/\\\/www.dramfolks-whisky-auction.com\\\/wp-content\\\/uploads\\\/2023\\\/05\\\/bains-vorne-scaled.jpg\",\"width\":2560,\"height\":2560},{\"@type\":\"BreadcrumbList\",\"@id\":\"https:\\\/\\\/www.dramfolks-whisky-auction.com\\\/en\\\/product\\\/bains-cape-mountain-single-grain\\\/#breadcrumb\",\"itemListElement\":[{\"@type\":\"ListItem\",\"position\":1,\"name\":\"Startseite\",\"item\":\"https:\\\/\\\/www.dramfolks-whisky-auction.com\\\/en\\\/\"},{\"@type\":\"ListItem\",\"position\":2,\"name\":\"Shop\",\"item\":\"https:\\\/\\\/www.dramfolks-whisky-auction.com\\\/en\\\/shop\\\/\"},{\"@type\":\"ListItem\",\"position\":3,\"name\":\"Bain&#8217;s &#8211; Cape Mountain Single Grain\"}]},{\"@type\":\"WebSite\",\"@id\":\"https:\\\/\\\/www.dramfolks-whisky-auction.com\\\/en\\\/#website\",\"url\":\"https:\\\/\\\/www.dramfolks-whisky-auction.com\\\/en\\\/\",\"name\":\"Dramfolks Whisky Auction\",\"description\":\"\",\"potentialAction\":[{\"@type\":\"SearchAction\",\"target\":{\"@type\":\"EntryPoint\",\"urlTemplate\":\"https:\\\/\\\/www.dramfolks-whisky-auction.com\\\/en\\\/?s={search_term_string}\"},\"query-input\":{\"@type\":\"PropertyValueSpecification\",\"valueRequired\":true,\"valueName\":\"search_term_string\"}}],\"inLanguage\":\"en-US\"}]}<\/script>\n<!-- \/ Yoast SEO plugin. -->","yoast_head_json":{"title":"Bain's - Cape Mountain Single Grain - Dramfolks Whisky Auction","robots":{"index":"index","follow":"follow","max-snippet":"max-snippet:-1","max-image-preview":"max-image-preview:large","max-video-preview":"max-video-preview:-1"},"canonical":"https:\/\/www.dramfolks-whisky-auction.com\/en\/product\/bains-cape-mountain-single-grain\/","og_locale":"en_US","og_type":"article","og_title":"Bain's - Cape Mountain Single Grain - Dramfolks Whisky Auction","og_description":"Destille: Bain&#8217;s Im s\u00fcdafrikanischen Wellington in der Region Western Cape liegt die James Sedgwick Destillerie, in der seit 2009 mit dem \u201eBain\u2019s Single Grain Whisky\u201c S\u00fcdafrikas allererster Single Grain Whisky destilliert wird. Unter Brennmeister Andy Watts, einem ehemaligen Cricket-Spieler, der das Brennhandwerk in Schottland erlernt hat, mauserte sich die James Sedgwick Brennerei zu einer der[...]","og_url":"https:\/\/www.dramfolks-whisky-auction.com\/en\/product\/bains-cape-mountain-single-grain\/","og_site_name":"Dramfolks Whisky Auction","article_modified_time":"2023-05-28T18:00:29+00:00","og_image":[{"width":2560,"height":2560,"url":"https:\/\/www.dramfolks-whisky-auction.com\/wp-content\/uploads\/2023\/05\/bains-vorne-scaled.jpg","type":"image\/jpeg"}],"twitter_card":"summary_large_image","twitter_misc":{"Est. reading time":"3 minutes"},"schema":{"@context":"https:\/\/schema.org","@graph":[{"@type":"WebPage","@id":"https:\/\/www.dramfolks-whisky-auction.com\/en\/product\/bains-cape-mountain-single-grain\/","url":"https:\/\/www.dramfolks-whisky-auction.com\/en\/product\/bains-cape-mountain-single-grain\/","name":"Bain's - Cape Mountain Single Grain - Dramfolks Whisky Auction","isPartOf":{"@id":"https:\/\/www.dramfolks-whisky-auction.com\/en\/#website"},"primaryImageOfPage":{"@id":"https:\/\/www.dramfolks-whisky-auction.com\/en\/product\/bains-cape-mountain-single-grain\/#primaryimage"},"image":{"@id":"https:\/\/www.dramfolks-whisky-auction.com\/en\/product\/bains-cape-mountain-single-grain\/#primaryimage"},"thumbnailUrl":"https:\/\/www.dramfolks-whisky-auction.com\/wp-content\/uploads\/2023\/05\/bains-vorne-scaled.jpg","datePublished":"2023-05-17T18:09:51+00:00","dateModified":"2023-05-28T18:00:29+00:00","breadcrumb":{"@id":"https:\/\/www.dramfolks-whisky-auction.com\/en\/product\/bains-cape-mountain-single-grain\/#breadcrumb"},"inLanguage":"en-US","potentialAction":[{"@type":"ReadAction","target":["https:\/\/www.dramfolks-whisky-auction.com\/en\/product\/bains-cape-mountain-single-grain\/"]}]},{"@type":"ImageObject","inLanguage":"en-US","@id":"https:\/\/www.dramfolks-whisky-auction.com\/en\/product\/bains-cape-mountain-single-grain\/#primaryimage","url":"https:\/\/www.dramfolks-whisky-auction.com\/wp-content\/uploads\/2023\/05\/bains-vorne-scaled.jpg","contentUrl":"https:\/\/www.dramfolks-whisky-auction.com\/wp-content\/uploads\/2023\/05\/bains-vorne-scaled.jpg","width":2560,"height":2560},{"@type":"BreadcrumbList","@id":"https:\/\/www.dramfolks-whisky-auction.com\/en\/product\/bains-cape-mountain-single-grain\/#breadcrumb","itemListElement":[{"@type":"ListItem","position":1,"name":"Startseite","item":"https:\/\/www.dramfolks-whisky-auction.com\/en\/"},{"@type":"ListItem","position":2,"name":"Shop","item":"https:\/\/www.dramfolks-whisky-auction.com\/en\/shop\/"},{"@type":"ListItem","position":3,"name":"Bain&#8217;s &#8211; Cape Mountain Single Grain"}]},{"@type":"WebSite","@id":"https:\/\/www.dramfolks-whisky-auction.com\/en\/#website","url":"https:\/\/www.dramfolks-whisky-auction.com\/en\/","name":"Dramfolks Whisky Auction","description":"","potentialAction":[{"@type":"SearchAction","target":{"@type":"EntryPoint","urlTemplate":"https:\/\/www.dramfolks-whisky-auction.com\/en\/?s={search_term_string}"},"query-input":{"@type":"PropertyValueSpecification","valueRequired":true,"valueName":"search_term_string"}}],"inLanguage":"en-US"}]}},"_links":{"self":[{"href":"https:\/\/www.dramfolks-whisky-auction.com\/en\/wp-json\/wp\/v2\/product\/2535","targetHints":{"allow":["GET"]}}],"collection":[{"href":"https:\/\/www.dramfolks-whisky-auction.com\/en\/wp-json\/wp\/v2\/product"}],"about":[{"href":"https:\/\/www.dramfolks-whisky-auction.com\/en\/wp-json\/wp\/v2\/types\/product"}],"replies":[{"embeddable":true,"href":"https:\/\/www.dramfolks-whisky-auction.com\/en\/wp-json\/wp\/v2\/comments?post=2535"}],"wp:featuredmedia":[{"embeddable":true,"href":"https:\/\/www.dramfolks-whisky-auction.com\/en\/wp-json\/wp\/v2\/media\/2536"}],"wp:attachment":[{"href":"https:\/\/www.dramfolks-whisky-auction.com\/en\/wp-json\/wp\/v2\/media?parent=2535"}],"wp:term":[{"taxonomy":"product_brand","embeddable":true,"href":"https:\/\/www.dramfolks-whisky-auction.com\/en\/wp-json\/wp\/v2\/product_brand?post=2535"},{"taxonomy":"product_cat","embeddable":true,"href":"https:\/\/www.dramfolks-whisky-auction.com\/en\/wp-json\/wp\/v2\/product_cat?post=2535"},{"taxonomy":"product_tag","embeddable":true,"href":"https:\/\/www.dramfolks-whisky-auction.com\/en\/wp-json\/wp\/v2\/product_tag?post=2535"}],"curies":[{"name":"wp","href":"https:\/\/api.w.org\/{rel}","templated":true}]}}