{"id":2419,"date":"2023-05-14T18:25:36","date_gmt":"2023-05-14T16:25:36","guid":{"rendered":"https:\/\/www.dramfolks-whisky-auction.com\/?post_type=product&#038;p=2419"},"modified":"2023-06-01T19:48:19","modified_gmt":"2023-06-01T17:48:19","slug":"linkwood-madeira-finish-barrique-cask-murray-mcdavid","status":"publish","type":"product","link":"https:\/\/www.dramfolks-whisky-auction.com\/en\/product\/linkwood-madeira-finish-barrique-cask-murray-mcdavid\/","title":{"rendered":"Linkwood &#8211; Madeira Finish Barrique Cask (Murray McDavid)"},"content":{"rendered":"<p><strong>Destille: Linkwood<br \/>\n<\/strong><\/p>\n<p>Linkwood befindet sich am Stadtrand von Elgin und wurde 1821 gegr\u00fcndet, nahm aber erst 1824 die Produktion auf. Der Besitzer Peter Brown war der Manager des Linkwood-Anwesens. Linkwood wurde 1874 von seinem Sohn William komplett umgebaut und existierte dann als unabh\u00e4ngige Destillateurfirma, die von einem in Elgin ans\u00e4ssigen Whisky-Broker gef\u00fchrt wurde, bis es 1932 in den DCL-Stall aufgenommen wurde. Seitdem wurde nicht durchg\u00e4ngig produziert, dennoch regelm\u00e4\u00dfig modernisiert und &#8220;finally&#8221; im Jahr 1972, als eine neue Destillerie gegen\u00fcber den alten Geb\u00e4uden gebaut. Im Jahr 2012 wurde das alte Geb\u00e4ude im Rahmen einer weiteren Modernisierung abgerissen. Diesmal wurden sechs neue Washbacks in einer neuen Destillerie installiert, zusammen mit zwei neuen Brennblasen. Linkwood geh\u00f6rte heute zum Diageo Konzern. Das Fassungsverm\u00f6gen liegt nun bei \u00fcber 5,5 Mio. Litern pro Jahr.<\/p>\n<p><strong>Fun Fakt:\u00a0 <\/strong>Nach einer vor\u00fcbergehenden Schlie\u00dfung zwischen 1941 und 1945 infolge von Gerstenmangel w\u00e4hrend des Zweiten Weltkriegs wurde die Brennerei 1945 unter Roderick Mackenzie, der die Brennerei bis 1963 leitete, wiederer\u00f6ffnet. Mackenzie glaubte, dass alle Dinge in der Destillerie zum Endprodukt beitrugen. Im Jahr 1962 entschied Scottish Malt Distillers, dass die Brennerei komplett renoviert werden musste. Mackenzie beaufsichtigte den Wiederaufbau der Destillerie in seinem letzten Jahr als General Manager. Die Brennerei wurde elektrifiziert und ersetzte die Dampfmaschine und das Wasserrad, die die Brennerei zuvor angetrieben hatten, und alle Brennblasen wurden durch exakte Nachbildungen der fr\u00fcheren Brennblasen ersetzt.<\/p>\n<p><strong>Whisky\/Whiskey: Madeira Finish Barrique Cask (Murray McDavid)<br \/>\n<\/strong><\/p>\n<p>Der Linkwood Madeira Cask Finish Murray McDavid wird in der Cask Craft Serie abgef\u00fcllt und reift in Barrique Casks bevor er in ehemaligen Madeira Weinf\u00e4ssern gefinished wird. Im Aroma sowie im Geschmack zeigen sich angenehme Noten von Milchschokolade, roten Johannisbeeren und Getreide.<\/p>\n<p><strong>Sidenote zum Abf\u00fcller:<\/strong> Murray McDavid wurde von den Londoner Weinh\u00e4ndlern Mark Reynier, Simon Coughlin und Gordon Wright (von der Springbank Distillery) gegr\u00fcndet. Sie erlangten schnell den Ruf, Whisky in interessanten F\u00e4ssern (wie Weinf\u00e4sser) zu reifen. Im Jahr 2000 machte sich das Murray McDavid-Team daran, die geschlossene Bruichladdich Distillery auf Islay wiederzuer\u00f6ffnen, die im Jahr 2012 an den Spirituosenriesen Remy Cointreau verkauft wurde. Heute befindet sich Murray McDavid im Besitz des schottischen Whisky-Brokers Aceo Ltd.<\/p>\n<p><strong>Info Qualit\u00e4t der Flasche:<\/strong> Exzellent &#8211; ohne Besch\u00e4digungen \/ <strong>F\u00fcllstand:<\/strong> High fill<br \/>\n<strong>Info Qualit\u00e4t der Box: <\/strong>keine Box vorhanden<\/p>\n<p><strong>Wichtiger Hinweis:<\/strong> Die Bewertung der Flaschen und Boxen erfolgt nach \u201ebesten Wissen und Gewissen\u201c. dramfolks kann keine Gew\u00e4hrleistung f\u00fcr den Inhalt der Flaschen \u00fcbernehmen. Weitere Infos &amp; Hinweise finden Sie in unseren AGBs. Wir empfehlen Ihnen, vor der Abgabe von Geboten \u00fcber die Zoomfunktion eine Besichtigung \/ genaue Pr\u00fcfung des angebotenen Whiskys vorzunehmen. Bitte kontaktieren sie uns bei Fragen direkt unter info@dramfolks.com<\/p>\n","protected":false},"excerpt":{"rendered":"<p>Destille: Linkwood Linkwood befindet sich am Stadtrand von Elgin und wurde 1821 gegr\u00fcndet, nahm aber erst 1824 die Produktion auf. Der Besitzer Peter Brown war der Manager des Linkwood-Anwesens. Linkwood wurde 1874 von seinem Sohn William komplett umgebaut und existierte dann als unabh\u00e4ngige Destillateurfirma, die von einem in Elgin ans\u00e4ssigen Whisky-Broker gef\u00fchrt wurde, bis es[&#8230;]\n","protected":false},"featured_media":2463,"comment_status":"closed","ping_status":"closed","template":"","meta":[],"product_brand":[],"product_cat":[369],"product_tag":[],"class_list":{"0":"post-2419","1":"product","2":"type-product","3":"status-publish","4":"has-post-thumbnail","6":"product_cat-no-4","8":"first","9":"instock","10":"shipping-taxable","11":"purchasable","12":"product-type-auction"},"yoast_head":"<!-- This site is optimized with the Yoast SEO plugin v27.4 - https:\/\/yoast.com\/product\/yoast-seo-wordpress\/ -->\n<title>Linkwood - Madeira Finish Barrique Cask (Murray McDavid) - Dramfolks Whisky Auction<\/title>\n<meta name=\"robots\" content=\"index, follow, max-snippet:-1, max-image-preview:large, max-video-preview:-1\" \/>\n<link rel=\"canonical\" href=\"https:\/\/www.dramfolks-whisky-auction.com\/en\/product\/linkwood-madeira-finish-barrique-cask-murray-mcdavid\/\" \/>\n<meta property=\"og:locale\" content=\"en_US\" \/>\n<meta property=\"og:type\" content=\"article\" \/>\n<meta property=\"og:title\" content=\"Linkwood - Madeira Finish Barrique Cask (Murray McDavid) - Dramfolks Whisky Auction\" \/>\n<meta property=\"og:description\" content=\"Destille: Linkwood Linkwood befindet sich am Stadtrand von Elgin und wurde 1821 gegr\u00fcndet, nahm aber erst 1824 die Produktion auf. Der Besitzer Peter Brown war der Manager des Linkwood-Anwesens. Linkwood wurde 1874 von seinem Sohn William komplett umgebaut und existierte dann als unabh\u00e4ngige Destillateurfirma, die von einem in Elgin ans\u00e4ssigen Whisky-Broker gef\u00fchrt wurde, bis es[...]\" \/>\n<meta property=\"og:url\" content=\"https:\/\/www.dramfolks-whisky-auction.com\/en\/product\/linkwood-madeira-finish-barrique-cask-murray-mcdavid\/\" \/>\n<meta property=\"og:site_name\" content=\"Dramfolks Whisky Auction\" \/>\n<meta property=\"article:modified_time\" content=\"2023-06-01T17:48:19+00:00\" \/>\n<meta property=\"og:image\" content=\"https:\/\/www.dramfolks-whisky-auction.com\/wp-content\/uploads\/2023\/05\/linkwood-murray-vorne-scaled.jpg\" \/>\n\t<meta property=\"og:image:width\" content=\"2560\" \/>\n\t<meta property=\"og:image:height\" content=\"2560\" \/>\n\t<meta property=\"og:image:type\" content=\"image\/jpeg\" \/>\n<meta name=\"twitter:card\" content=\"summary_large_image\" \/>\n<meta name=\"twitter:label1\" content=\"Est. reading time\" \/>\n\t<meta name=\"twitter:data1\" content=\"3 minutes\" \/>\n<script type=\"application\/ld+json\" class=\"yoast-schema-graph\">{\"@context\":\"https:\\\/\\\/schema.org\",\"@graph\":[{\"@type\":\"WebPage\",\"@id\":\"https:\\\/\\\/www.dramfolks-whisky-auction.com\\\/en\\\/product\\\/linkwood-madeira-finish-barrique-cask-murray-mcdavid\\\/\",\"url\":\"https:\\\/\\\/www.dramfolks-whisky-auction.com\\\/en\\\/product\\\/linkwood-madeira-finish-barrique-cask-murray-mcdavid\\\/\",\"name\":\"Linkwood - Madeira Finish Barrique Cask (Murray McDavid) - Dramfolks Whisky Auction\",\"isPartOf\":{\"@id\":\"https:\\\/\\\/www.dramfolks-whisky-auction.com\\\/en\\\/#website\"},\"primaryImageOfPage\":{\"@id\":\"https:\\\/\\\/www.dramfolks-whisky-auction.com\\\/en\\\/product\\\/linkwood-madeira-finish-barrique-cask-murray-mcdavid\\\/#primaryimage\"},\"image\":{\"@id\":\"https:\\\/\\\/www.dramfolks-whisky-auction.com\\\/en\\\/product\\\/linkwood-madeira-finish-barrique-cask-murray-mcdavid\\\/#primaryimage\"},\"thumbnailUrl\":\"https:\\\/\\\/www.dramfolks-whisky-auction.com\\\/wp-content\\\/uploads\\\/2023\\\/05\\\/linkwood-murray-vorne-scaled.jpg\",\"datePublished\":\"2023-05-14T16:25:36+00:00\",\"dateModified\":\"2023-06-01T17:48:19+00:00\",\"breadcrumb\":{\"@id\":\"https:\\\/\\\/www.dramfolks-whisky-auction.com\\\/en\\\/product\\\/linkwood-madeira-finish-barrique-cask-murray-mcdavid\\\/#breadcrumb\"},\"inLanguage\":\"en-US\",\"potentialAction\":[{\"@type\":\"ReadAction\",\"target\":[\"https:\\\/\\\/www.dramfolks-whisky-auction.com\\\/en\\\/product\\\/linkwood-madeira-finish-barrique-cask-murray-mcdavid\\\/\"]}]},{\"@type\":\"ImageObject\",\"inLanguage\":\"en-US\",\"@id\":\"https:\\\/\\\/www.dramfolks-whisky-auction.com\\\/en\\\/product\\\/linkwood-madeira-finish-barrique-cask-murray-mcdavid\\\/#primaryimage\",\"url\":\"https:\\\/\\\/www.dramfolks-whisky-auction.com\\\/wp-content\\\/uploads\\\/2023\\\/05\\\/linkwood-murray-vorne-scaled.jpg\",\"contentUrl\":\"https:\\\/\\\/www.dramfolks-whisky-auction.com\\\/wp-content\\\/uploads\\\/2023\\\/05\\\/linkwood-murray-vorne-scaled.jpg\",\"width\":2560,\"height\":2560},{\"@type\":\"BreadcrumbList\",\"@id\":\"https:\\\/\\\/www.dramfolks-whisky-auction.com\\\/en\\\/product\\\/linkwood-madeira-finish-barrique-cask-murray-mcdavid\\\/#breadcrumb\",\"itemListElement\":[{\"@type\":\"ListItem\",\"position\":1,\"name\":\"Startseite\",\"item\":\"https:\\\/\\\/www.dramfolks-whisky-auction.com\\\/en\\\/\"},{\"@type\":\"ListItem\",\"position\":2,\"name\":\"Shop\",\"item\":\"https:\\\/\\\/www.dramfolks-whisky-auction.com\\\/en\\\/shop\\\/\"},{\"@type\":\"ListItem\",\"position\":3,\"name\":\"Linkwood &#8211; Madeira Finish Barrique Cask (Murray McDavid)\"}]},{\"@type\":\"WebSite\",\"@id\":\"https:\\\/\\\/www.dramfolks-whisky-auction.com\\\/en\\\/#website\",\"url\":\"https:\\\/\\\/www.dramfolks-whisky-auction.com\\\/en\\\/\",\"name\":\"Dramfolks Whisky Auction\",\"description\":\"\",\"potentialAction\":[{\"@type\":\"SearchAction\",\"target\":{\"@type\":\"EntryPoint\",\"urlTemplate\":\"https:\\\/\\\/www.dramfolks-whisky-auction.com\\\/en\\\/?s={search_term_string}\"},\"query-input\":{\"@type\":\"PropertyValueSpecification\",\"valueRequired\":true,\"valueName\":\"search_term_string\"}}],\"inLanguage\":\"en-US\"}]}<\/script>\n<!-- \/ Yoast SEO plugin. -->","yoast_head_json":{"title":"Linkwood - Madeira Finish Barrique Cask (Murray McDavid) - Dramfolks Whisky Auction","robots":{"index":"index","follow":"follow","max-snippet":"max-snippet:-1","max-image-preview":"max-image-preview:large","max-video-preview":"max-video-preview:-1"},"canonical":"https:\/\/www.dramfolks-whisky-auction.com\/en\/product\/linkwood-madeira-finish-barrique-cask-murray-mcdavid\/","og_locale":"en_US","og_type":"article","og_title":"Linkwood - Madeira Finish Barrique Cask (Murray McDavid) - Dramfolks Whisky Auction","og_description":"Destille: Linkwood Linkwood befindet sich am Stadtrand von Elgin und wurde 1821 gegr\u00fcndet, nahm aber erst 1824 die Produktion auf. Der Besitzer Peter Brown war der Manager des Linkwood-Anwesens. Linkwood wurde 1874 von seinem Sohn William komplett umgebaut und existierte dann als unabh\u00e4ngige Destillateurfirma, die von einem in Elgin ans\u00e4ssigen Whisky-Broker gef\u00fchrt wurde, bis es[...]","og_url":"https:\/\/www.dramfolks-whisky-auction.com\/en\/product\/linkwood-madeira-finish-barrique-cask-murray-mcdavid\/","og_site_name":"Dramfolks Whisky Auction","article_modified_time":"2023-06-01T17:48:19+00:00","og_image":[{"width":2560,"height":2560,"url":"https:\/\/www.dramfolks-whisky-auction.com\/wp-content\/uploads\/2023\/05\/linkwood-murray-vorne-scaled.jpg","type":"image\/jpeg"}],"twitter_card":"summary_large_image","twitter_misc":{"Est. reading time":"3 minutes"},"schema":{"@context":"https:\/\/schema.org","@graph":[{"@type":"WebPage","@id":"https:\/\/www.dramfolks-whisky-auction.com\/en\/product\/linkwood-madeira-finish-barrique-cask-murray-mcdavid\/","url":"https:\/\/www.dramfolks-whisky-auction.com\/en\/product\/linkwood-madeira-finish-barrique-cask-murray-mcdavid\/","name":"Linkwood - Madeira Finish Barrique Cask (Murray McDavid) - Dramfolks Whisky Auction","isPartOf":{"@id":"https:\/\/www.dramfolks-whisky-auction.com\/en\/#website"},"primaryImageOfPage":{"@id":"https:\/\/www.dramfolks-whisky-auction.com\/en\/product\/linkwood-madeira-finish-barrique-cask-murray-mcdavid\/#primaryimage"},"image":{"@id":"https:\/\/www.dramfolks-whisky-auction.com\/en\/product\/linkwood-madeira-finish-barrique-cask-murray-mcdavid\/#primaryimage"},"thumbnailUrl":"https:\/\/www.dramfolks-whisky-auction.com\/wp-content\/uploads\/2023\/05\/linkwood-murray-vorne-scaled.jpg","datePublished":"2023-05-14T16:25:36+00:00","dateModified":"2023-06-01T17:48:19+00:00","breadcrumb":{"@id":"https:\/\/www.dramfolks-whisky-auction.com\/en\/product\/linkwood-madeira-finish-barrique-cask-murray-mcdavid\/#breadcrumb"},"inLanguage":"en-US","potentialAction":[{"@type":"ReadAction","target":["https:\/\/www.dramfolks-whisky-auction.com\/en\/product\/linkwood-madeira-finish-barrique-cask-murray-mcdavid\/"]}]},{"@type":"ImageObject","inLanguage":"en-US","@id":"https:\/\/www.dramfolks-whisky-auction.com\/en\/product\/linkwood-madeira-finish-barrique-cask-murray-mcdavid\/#primaryimage","url":"https:\/\/www.dramfolks-whisky-auction.com\/wp-content\/uploads\/2023\/05\/linkwood-murray-vorne-scaled.jpg","contentUrl":"https:\/\/www.dramfolks-whisky-auction.com\/wp-content\/uploads\/2023\/05\/linkwood-murray-vorne-scaled.jpg","width":2560,"height":2560},{"@type":"BreadcrumbList","@id":"https:\/\/www.dramfolks-whisky-auction.com\/en\/product\/linkwood-madeira-finish-barrique-cask-murray-mcdavid\/#breadcrumb","itemListElement":[{"@type":"ListItem","position":1,"name":"Startseite","item":"https:\/\/www.dramfolks-whisky-auction.com\/en\/"},{"@type":"ListItem","position":2,"name":"Shop","item":"https:\/\/www.dramfolks-whisky-auction.com\/en\/shop\/"},{"@type":"ListItem","position":3,"name":"Linkwood &#8211; Madeira Finish Barrique Cask (Murray McDavid)"}]},{"@type":"WebSite","@id":"https:\/\/www.dramfolks-whisky-auction.com\/en\/#website","url":"https:\/\/www.dramfolks-whisky-auction.com\/en\/","name":"Dramfolks Whisky Auction","description":"","potentialAction":[{"@type":"SearchAction","target":{"@type":"EntryPoint","urlTemplate":"https:\/\/www.dramfolks-whisky-auction.com\/en\/?s={search_term_string}"},"query-input":{"@type":"PropertyValueSpecification","valueRequired":true,"valueName":"search_term_string"}}],"inLanguage":"en-US"}]}},"_links":{"self":[{"href":"https:\/\/www.dramfolks-whisky-auction.com\/en\/wp-json\/wp\/v2\/product\/2419","targetHints":{"allow":["GET"]}}],"collection":[{"href":"https:\/\/www.dramfolks-whisky-auction.com\/en\/wp-json\/wp\/v2\/product"}],"about":[{"href":"https:\/\/www.dramfolks-whisky-auction.com\/en\/wp-json\/wp\/v2\/types\/product"}],"replies":[{"embeddable":true,"href":"https:\/\/www.dramfolks-whisky-auction.com\/en\/wp-json\/wp\/v2\/comments?post=2419"}],"wp:featuredmedia":[{"embeddable":true,"href":"https:\/\/www.dramfolks-whisky-auction.com\/en\/wp-json\/wp\/v2\/media\/2463"}],"wp:attachment":[{"href":"https:\/\/www.dramfolks-whisky-auction.com\/en\/wp-json\/wp\/v2\/media?parent=2419"}],"wp:term":[{"taxonomy":"product_brand","embeddable":true,"href":"https:\/\/www.dramfolks-whisky-auction.com\/en\/wp-json\/wp\/v2\/product_brand?post=2419"},{"taxonomy":"product_cat","embeddable":true,"href":"https:\/\/www.dramfolks-whisky-auction.com\/en\/wp-json\/wp\/v2\/product_cat?post=2419"},{"taxonomy":"product_tag","embeddable":true,"href":"https:\/\/www.dramfolks-whisky-auction.com\/en\/wp-json\/wp\/v2\/product_tag?post=2419"}],"curies":[{"name":"wp","href":"https:\/\/api.w.org\/{rel}","templated":true}]}}